{"id":270389,"date":"2025-04-29T06:50:46","date_gmt":"2025-04-29T04:50:46","guid":{"rendered":"https:\/\/shopatoa.com\/ro\/steves-lubrifiant-pentru-coapse-si-parti-intime-nuts-thighs-sports-lubricant-100-ml\/"},"modified":"2025-12-08T22:15:51","modified_gmt":"2025-12-08T21:15:51","slug":"steves-lubrifiant-pentru-coapse-si-parti-intime-nuts-thighs-sports-lubricant-100-ml","status":"publish","type":"product","link":"https:\/\/shopatoa.com\/ro\/steves-lubrifiant-pentru-coapse-si-parti-intime-nuts-thighs-sports-lubricant-100-ml\/","title":{"rendered":"Steve&#8217;s Lubrifiant pentru coapse \u0219i p\u0103r\u021bi intime (Nuts &amp; Thighs Sports Lubricant) 100 ml"},"content":{"rendered":"<p>Nuts &amp; Thighs Sports Lubrifiant pentru p\u0103r\u021bi intime este un produs care a fost special dezvoltat pentru nevoile nu numai ale b\u0103rba\u021bilor activi. Este destinat igienei de zi cu zi. Parfumul delicat v\u0103 va asigura un sentiment proasp\u0103t. Vaselina pentru p\u0103r\u021bile intime pentru b\u0103rba\u021bi a fost proiectat\u0103, testat\u0103 \u0219i fabricat\u0103 \u00een Republica Ceh\u0103.<\/p>\n","protected":false},"excerpt":{"rendered":"<p>Nuts &amp; Thighs Sports Lubrifiant pentru p\u0103r\u021bi intime este un produs care a fost special dezvoltat pentru nevoile nu numai ale b\u0103rba\u021bilor activi. Este destinat igienei de zi cu zi. Parfumul delicat v\u0103 va asigura un sentiment proasp\u0103t. Vaselina pentru p\u0103r\u021bile intime pentru b\u0103rba\u021bi a fost proiectat\u0103, testat\u0103 \u0219i fabricat\u0103 \u00een Republica Ceh\u0103.<\/p>\n","protected":false},"featured_media":270390,"comment_status":"closed","ping_status":"open","template":"","meta":{"_acf_changed":false,"_kadence_starter_templates_imported_post":false,"_kad_post_transparent":"","_kad_post_title":"","_kad_post_layout":"","_kad_post_sidebar_id":"","_kad_post_content_style":"","_kad_post_vertical_padding":"","_kad_post_feature":"","_kad_post_feature_position":"","_kad_post_header":false,"_kad_post_footer":false,"_kad_post_classname":""},"product_brand":[826],"product_cat":[246,724,723,611],"product_tag":[],"class_list":{"0":"post-270389","1":"product","2":"type-product","3":"status-publish","4":"has-post-thumbnail","6":"product_brand-steves","7":"product_cat-cosmetice","8":"product_cat-cosmetice-igienice-intime","9":"product_cat-igiena-intima","10":"product_cat-produse-cosmetice-pentru-corp","12":"first","13":"instock","14":"sale","15":"product-type-external","16":"entry","17":"content-bg","18":"loop-entry"},"acf":[],"yoast_head":"<!-- This site is optimized with the Yoast SEO plugin v27.4 - https:\/\/yoast.com\/product\/yoast-seo-wordpress\/ -->\n<title>Steve&#039;s Lubrifiant pentru coapse \u0219i p\u0103r\u021bi intime (Nuts &amp; Thighs Sports Lubricant) 100 ml - SHOPATOA.COM<\/title>\n<meta name=\"robots\" content=\"index, follow, max-snippet:-1, max-image-preview:large, max-video-preview:-1\" \/>\n<link rel=\"canonical\" href=\"https:\/\/shopatoa.com\/ro\/steves-lubrifiant-pentru-coapse-si-parti-intime-nuts-thighs-sports-lubricant-100-ml\/\" \/>\n<meta property=\"og:locale\" content=\"ro_RO\" \/>\n<meta property=\"og:type\" content=\"article\" \/>\n<meta property=\"og:title\" content=\"Steve&#039;s Lubrifiant pentru coapse \u0219i p\u0103r\u021bi intime (Nuts &amp; Thighs Sports Lubricant) 100 ml - SHOPATOA.COM\" \/>\n<meta property=\"og:description\" content=\"Nuts &amp; Thighs Sports Lubrifiant pentru p\u0103r\u021bi intime este un produs care a fost special dezvoltat pentru nevoile nu numai ale b\u0103rba\u021bilor activi. Este destinat igienei de zi cu zi. Parfumul delicat v\u0103 va asigura un sentiment proasp\u0103t. Vaselina pentru p\u0103r\u021bile intime pentru b\u0103rba\u021bi a fost proiectat\u0103, testat\u0103 \u0219i fabricat\u0103 \u00een Republica Ceh\u0103.\" \/>\n<meta property=\"og:url\" content=\"https:\/\/shopatoa.com\/ro\/steves-lubrifiant-pentru-coapse-si-parti-intime-nuts-thighs-sports-lubricant-100-ml\/\" \/>\n<meta property=\"og:site_name\" content=\"SHOPATOA\" \/>\n<meta property=\"article:modified_time\" content=\"2025-12-08T21:15:51+00:00\" \/>\n<meta property=\"og:image\" content=\"https:\/\/storage.googleapis.com\/cz-shopatoa-img\/ro\/a00520ff-unnamed-file.webp\" \/>\n\t<meta property=\"og:image:width\" content=\"800\" \/>\n\t<meta property=\"og:image:height\" content=\"800\" \/>\n\t<meta property=\"og:image:type\" content=\"image\/webp\" \/>\n<meta name=\"twitter:card\" content=\"summary_large_image\" \/>\n<script type=\"application\/ld+json\" class=\"yoast-schema-graph\">{\"@context\":\"https:\\\/\\\/schema.org\",\"@graph\":[{\"@type\":\"WebPage\",\"@id\":\"https:\\\/\\\/shopatoa.com\\\/ro\\\/steves-lubrifiant-pentru-coapse-si-parti-intime-nuts-thighs-sports-lubricant-100-ml\\\/\",\"url\":\"https:\\\/\\\/shopatoa.com\\\/ro\\\/steves-lubrifiant-pentru-coapse-si-parti-intime-nuts-thighs-sports-lubricant-100-ml\\\/\",\"name\":\"Steve's Lubrifiant pentru coapse \u0219i p\u0103r\u021bi intime (Nuts & Thighs Sports Lubricant) 100 ml - SHOPATOA.COM\",\"isPartOf\":{\"@id\":\"https:\\\/\\\/shopatoa.com\\\/ro\\\/#website\"},\"primaryImageOfPage\":{\"@id\":\"https:\\\/\\\/shopatoa.com\\\/ro\\\/steves-lubrifiant-pentru-coapse-si-parti-intime-nuts-thighs-sports-lubricant-100-ml\\\/#primaryimage\"},\"image\":{\"@id\":\"https:\\\/\\\/shopatoa.com\\\/ro\\\/steves-lubrifiant-pentru-coapse-si-parti-intime-nuts-thighs-sports-lubricant-100-ml\\\/#primaryimage\"},\"thumbnailUrl\":\"https:\\\/\\\/storage.googleapis.com\\\/cz-shopatoa-img\\\/ro\\\/a00520ff-unnamed-file.webp\",\"datePublished\":\"2025-04-29T04:50:46+00:00\",\"dateModified\":\"2025-12-08T21:15:51+00:00\",\"breadcrumb\":{\"@id\":\"https:\\\/\\\/shopatoa.com\\\/ro\\\/steves-lubrifiant-pentru-coapse-si-parti-intime-nuts-thighs-sports-lubricant-100-ml\\\/#breadcrumb\"},\"inLanguage\":\"ro-RO\",\"potentialAction\":[{\"@type\":\"ReadAction\",\"target\":[\"https:\\\/\\\/shopatoa.com\\\/ro\\\/steves-lubrifiant-pentru-coapse-si-parti-intime-nuts-thighs-sports-lubricant-100-ml\\\/\"]}]},{\"@type\":\"ImageObject\",\"inLanguage\":\"ro-RO\",\"@id\":\"https:\\\/\\\/shopatoa.com\\\/ro\\\/steves-lubrifiant-pentru-coapse-si-parti-intime-nuts-thighs-sports-lubricant-100-ml\\\/#primaryimage\",\"url\":\"https:\\\/\\\/storage.googleapis.com\\\/cz-shopatoa-img\\\/ro\\\/a00520ff-unnamed-file.webp\",\"contentUrl\":\"https:\\\/\\\/storage.googleapis.com\\\/cz-shopatoa-img\\\/ro\\\/a00520ff-unnamed-file.webp\",\"width\":800,\"height\":800},{\"@type\":\"BreadcrumbList\",\"@id\":\"https:\\\/\\\/shopatoa.com\\\/ro\\\/steves-lubrifiant-pentru-coapse-si-parti-intime-nuts-thighs-sports-lubricant-100-ml\\\/#breadcrumb\",\"itemListElement\":[{\"@type\":\"ListItem\",\"position\":1,\"name\":\"Dom\u016f\",\"item\":\"https:\\\/\\\/shopatoa.com\\\/ro\\\/\"},{\"@type\":\"ListItem\",\"position\":2,\"name\":\"Shop\",\"item\":\"https:\\\/\\\/shopatoa.com\\\/ro\\\/shop\\\/\"},{\"@type\":\"ListItem\",\"position\":3,\"name\":\"Cosmetice\",\"item\":\"https:\\\/\\\/shopatoa.com\\\/ro\\\/cosmetice\\\/\"},{\"@type\":\"ListItem\",\"position\":4,\"name\":\"Produse cosmetice pentru corp\",\"item\":\"https:\\\/\\\/shopatoa.com\\\/ro\\\/produse-cosmetice-pentru-corp\\\/\"},{\"@type\":\"ListItem\",\"position\":5,\"name\":\"Igiena intim\u0103\",\"item\":\"https:\\\/\\\/shopatoa.com\\\/ro\\\/igiena-intima\\\/\"},{\"@type\":\"ListItem\",\"position\":6,\"name\":\"Cosmetice igienice intime\",\"item\":\"https:\\\/\\\/shopatoa.com\\\/ro\\\/cosmetice-igienice-intime\\\/\"},{\"@type\":\"ListItem\",\"position\":7,\"name\":\"Steve&#8217;s Lubrifiant pentru coapse \u0219i p\u0103r\u021bi intime (Nuts &amp; Thighs Sports Lubricant) 100 ml\"}]},{\"@type\":\"WebSite\",\"@id\":\"https:\\\/\\\/shopatoa.com\\\/ro\\\/#website\",\"url\":\"https:\\\/\\\/shopatoa.com\\\/ro\\\/\",\"name\":\"SHOPATOA\",\"description\":\"\",\"publisher\":{\"@id\":\"https:\\\/\\\/shopatoa.com\\\/ro\\\/#organization\"},\"potentialAction\":[{\"@type\":\"SearchAction\",\"target\":{\"@type\":\"EntryPoint\",\"urlTemplate\":\"https:\\\/\\\/shopatoa.com\\\/ro\\\/?s={search_term_string}\"},\"query-input\":{\"@type\":\"PropertyValueSpecification\",\"valueRequired\":true,\"valueName\":\"search_term_string\"}}],\"inLanguage\":\"ro-RO\"},{\"@type\":\"Organization\",\"@id\":\"https:\\\/\\\/shopatoa.com\\\/ro\\\/#organization\",\"name\":\"SHOPATOA\",\"url\":\"https:\\\/\\\/shopatoa.com\\\/ro\\\/\",\"logo\":{\"@type\":\"ImageObject\",\"inLanguage\":\"ro-RO\",\"@id\":\"https:\\\/\\\/shopatoa.com\\\/ro\\\/#\\\/schema\\\/logo\\\/image\\\/\",\"url\":\"https:\\\/\\\/storage.googleapis.com\\\/cz-shopatoa-img\\\/ro\\\/b4dac915-shopatoa_logo.png\",\"contentUrl\":\"https:\\\/\\\/storage.googleapis.com\\\/cz-shopatoa-img\\\/ro\\\/b4dac915-shopatoa_logo.png\",\"width\":416,\"height\":63,\"caption\":\"SHOPATOA\"},\"image\":{\"@id\":\"https:\\\/\\\/shopatoa.com\\\/ro\\\/#\\\/schema\\\/logo\\\/image\\\/\"}}]}<\/script>\n<!-- \/ Yoast SEO plugin. -->","yoast_head_json":{"title":"Steve's Lubrifiant pentru coapse \u0219i p\u0103r\u021bi intime (Nuts & Thighs Sports Lubricant) 100 ml - SHOPATOA.COM","robots":{"index":"index","follow":"follow","max-snippet":"max-snippet:-1","max-image-preview":"max-image-preview:large","max-video-preview":"max-video-preview:-1"},"canonical":"https:\/\/shopatoa.com\/ro\/steves-lubrifiant-pentru-coapse-si-parti-intime-nuts-thighs-sports-lubricant-100-ml\/","og_locale":"ro_RO","og_type":"article","og_title":"Steve's Lubrifiant pentru coapse \u0219i p\u0103r\u021bi intime (Nuts & Thighs Sports Lubricant) 100 ml - SHOPATOA.COM","og_description":"Nuts &amp; Thighs Sports Lubrifiant pentru p\u0103r\u021bi intime este un produs care a fost special dezvoltat pentru nevoile nu numai ale b\u0103rba\u021bilor activi. Este destinat igienei de zi cu zi. Parfumul delicat v\u0103 va asigura un sentiment proasp\u0103t. Vaselina pentru p\u0103r\u021bile intime pentru b\u0103rba\u021bi a fost proiectat\u0103, testat\u0103 \u0219i fabricat\u0103 \u00een Republica Ceh\u0103.","og_url":"https:\/\/shopatoa.com\/ro\/steves-lubrifiant-pentru-coapse-si-parti-intime-nuts-thighs-sports-lubricant-100-ml\/","og_site_name":"SHOPATOA","article_modified_time":"2025-12-08T21:15:51+00:00","og_image":[{"width":800,"height":800,"url":"https:\/\/storage.googleapis.com\/cz-shopatoa-img\/ro\/a00520ff-unnamed-file.webp","type":"image\/webp"}],"twitter_card":"summary_large_image","schema":{"@context":"https:\/\/schema.org","@graph":[{"@type":"WebPage","@id":"https:\/\/shopatoa.com\/ro\/steves-lubrifiant-pentru-coapse-si-parti-intime-nuts-thighs-sports-lubricant-100-ml\/","url":"https:\/\/shopatoa.com\/ro\/steves-lubrifiant-pentru-coapse-si-parti-intime-nuts-thighs-sports-lubricant-100-ml\/","name":"Steve's Lubrifiant pentru coapse \u0219i p\u0103r\u021bi intime (Nuts & Thighs Sports Lubricant) 100 ml - SHOPATOA.COM","isPartOf":{"@id":"https:\/\/shopatoa.com\/ro\/#website"},"primaryImageOfPage":{"@id":"https:\/\/shopatoa.com\/ro\/steves-lubrifiant-pentru-coapse-si-parti-intime-nuts-thighs-sports-lubricant-100-ml\/#primaryimage"},"image":{"@id":"https:\/\/shopatoa.com\/ro\/steves-lubrifiant-pentru-coapse-si-parti-intime-nuts-thighs-sports-lubricant-100-ml\/#primaryimage"},"thumbnailUrl":"https:\/\/storage.googleapis.com\/cz-shopatoa-img\/ro\/a00520ff-unnamed-file.webp","datePublished":"2025-04-29T04:50:46+00:00","dateModified":"2025-12-08T21:15:51+00:00","breadcrumb":{"@id":"https:\/\/shopatoa.com\/ro\/steves-lubrifiant-pentru-coapse-si-parti-intime-nuts-thighs-sports-lubricant-100-ml\/#breadcrumb"},"inLanguage":"ro-RO","potentialAction":[{"@type":"ReadAction","target":["https:\/\/shopatoa.com\/ro\/steves-lubrifiant-pentru-coapse-si-parti-intime-nuts-thighs-sports-lubricant-100-ml\/"]}]},{"@type":"ImageObject","inLanguage":"ro-RO","@id":"https:\/\/shopatoa.com\/ro\/steves-lubrifiant-pentru-coapse-si-parti-intime-nuts-thighs-sports-lubricant-100-ml\/#primaryimage","url":"https:\/\/storage.googleapis.com\/cz-shopatoa-img\/ro\/a00520ff-unnamed-file.webp","contentUrl":"https:\/\/storage.googleapis.com\/cz-shopatoa-img\/ro\/a00520ff-unnamed-file.webp","width":800,"height":800},{"@type":"BreadcrumbList","@id":"https:\/\/shopatoa.com\/ro\/steves-lubrifiant-pentru-coapse-si-parti-intime-nuts-thighs-sports-lubricant-100-ml\/#breadcrumb","itemListElement":[{"@type":"ListItem","position":1,"name":"Dom\u016f","item":"https:\/\/shopatoa.com\/ro\/"},{"@type":"ListItem","position":2,"name":"Shop","item":"https:\/\/shopatoa.com\/ro\/shop\/"},{"@type":"ListItem","position":3,"name":"Cosmetice","item":"https:\/\/shopatoa.com\/ro\/cosmetice\/"},{"@type":"ListItem","position":4,"name":"Produse cosmetice pentru corp","item":"https:\/\/shopatoa.com\/ro\/produse-cosmetice-pentru-corp\/"},{"@type":"ListItem","position":5,"name":"Igiena intim\u0103","item":"https:\/\/shopatoa.com\/ro\/igiena-intima\/"},{"@type":"ListItem","position":6,"name":"Cosmetice igienice intime","item":"https:\/\/shopatoa.com\/ro\/cosmetice-igienice-intime\/"},{"@type":"ListItem","position":7,"name":"Steve&#8217;s Lubrifiant pentru coapse \u0219i p\u0103r\u021bi intime (Nuts &amp; Thighs Sports Lubricant) 100 ml"}]},{"@type":"WebSite","@id":"https:\/\/shopatoa.com\/ro\/#website","url":"https:\/\/shopatoa.com\/ro\/","name":"SHOPATOA","description":"","publisher":{"@id":"https:\/\/shopatoa.com\/ro\/#organization"},"potentialAction":[{"@type":"SearchAction","target":{"@type":"EntryPoint","urlTemplate":"https:\/\/shopatoa.com\/ro\/?s={search_term_string}"},"query-input":{"@type":"PropertyValueSpecification","valueRequired":true,"valueName":"search_term_string"}}],"inLanguage":"ro-RO"},{"@type":"Organization","@id":"https:\/\/shopatoa.com\/ro\/#organization","name":"SHOPATOA","url":"https:\/\/shopatoa.com\/ro\/","logo":{"@type":"ImageObject","inLanguage":"ro-RO","@id":"https:\/\/shopatoa.com\/ro\/#\/schema\/logo\/image\/","url":"https:\/\/storage.googleapis.com\/cz-shopatoa-img\/ro\/b4dac915-shopatoa_logo.png","contentUrl":"https:\/\/storage.googleapis.com\/cz-shopatoa-img\/ro\/b4dac915-shopatoa_logo.png","width":416,"height":63,"caption":"SHOPATOA"},"image":{"@id":"https:\/\/shopatoa.com\/ro\/#\/schema\/logo\/image\/"}}]}},"_links":{"self":[{"href":"https:\/\/shopatoa.com\/ro\/wp-json\/wp\/v2\/product\/270389","targetHints":{"allow":["GET"]}}],"collection":[{"href":"https:\/\/shopatoa.com\/ro\/wp-json\/wp\/v2\/product"}],"about":[{"href":"https:\/\/shopatoa.com\/ro\/wp-json\/wp\/v2\/types\/product"}],"replies":[{"embeddable":true,"href":"https:\/\/shopatoa.com\/ro\/wp-json\/wp\/v2\/comments?post=270389"}],"wp:featuredmedia":[{"embeddable":true,"href":"https:\/\/shopatoa.com\/ro\/wp-json\/wp\/v2\/media\/270390"}],"wp:attachment":[{"href":"https:\/\/shopatoa.com\/ro\/wp-json\/wp\/v2\/media?parent=270389"}],"wp:term":[{"taxonomy":"product_brand","embeddable":true,"href":"https:\/\/shopatoa.com\/ro\/wp-json\/wp\/v2\/product_brand?post=270389"},{"taxonomy":"product_cat","embeddable":true,"href":"https:\/\/shopatoa.com\/ro\/wp-json\/wp\/v2\/product_cat?post=270389"},{"taxonomy":"product_tag","embeddable":true,"href":"https:\/\/shopatoa.com\/ro\/wp-json\/wp\/v2\/product_tag?post=270389"}],"curies":[{"name":"wp","href":"https:\/\/api.w.org\/{rel}","templated":true}]}}