{"id":270412,"date":"2025-04-29T06:55:43","date_gmt":"2025-04-29T04:55:43","guid":{"rendered":"https:\/\/shopatoa.com\/ro\/naif-gel-de-curatare-pentru-copii-si-bebelusi-baby-kids-cleansing-wash-gel-500-ml\/"},"modified":"2025-12-08T22:14:57","modified_gmt":"2025-12-08T21:14:57","slug":"naif-gel-de-curatare-pentru-copii-si-bebelusi-baby-kids-cleansing-wash-gel-500-ml","status":"publish","type":"product","link":"https:\/\/shopatoa.com\/ro\/naif-gel-de-curatare-pentru-copii-si-bebelusi-baby-kids-cleansing-wash-gel-500-ml\/","title":{"rendered":"NA\u00cfF Gel de cur\u0103\u021bare pentru copii \u0219i bebelu\u0219i Baby &amp; Kids (Cleansing Wash Gel) 500 ml"},"content":{"rendered":"<p>Gelul natural de sp\u0103lat \u0219i cur\u0103\u021bare hidrateaz\u0103 \u0219i hr\u0103ne\u0219te pielea delicat\u0103 a copiilor \u0219i bebelu\u0219ilor, potrivit pentru baie \u0219i du\u0219. Pielea copiilor are propriul strat protector \u00eenc\u0103 de la na\u0219tere, un gel de sp\u0103lat foarte bl\u00e2nd f\u0103r\u0103 s\u0103pun ii protejeaz\u0103 moliciunea, are pH neutru \u0219i poate fi folosit \u0219i pe pielea foarte uscat\u0103 sau eczematos\u0103. Gelul a fost testat dermatologic si este realizat doar din ingrediente naturale, ingredientul principal este proteina de gr\u00e2u si extractul din semin\u021be de bumbac pentru o doz\u0103 mare de hidratare \u0219i nutri\u021bie, con\u021bine fibre de cocos deshidratate care creeaz\u0103 o spum\u0103 u\u0219oar\u0103, glicerin\u0103, acid citric (conserveaz\u0103), sare \u0219i parfum hipoalergenic. \u00cengrijirea nu con\u021bine uleiuri minerale, parabeni, PEG \u0219i agen\u021bi de spumare sintetici, SLS\/SLES, fenoxietanol, conservan\u021bi chimici, uleiuri esen\u021biale sau alte substan\u021be poten\u021bial nocive sau alergene.<\/p>\n","protected":false},"excerpt":{"rendered":"<p>Gelul natural de sp\u0103lat \u0219i cur\u0103\u021bare hidrateaz\u0103 \u0219i hr\u0103ne\u0219te pielea delicat\u0103 a copiilor \u0219i bebelu\u0219ilor, potrivit pentru baie \u0219i du\u0219. Pielea copiilor are propriul strat protector \u00eenc\u0103 de la na\u0219tere, un gel de sp\u0103lat foarte bl\u00e2nd f\u0103r\u0103 s\u0103pun ii protejeaz\u0103 moliciunea, are pH neutru \u0219i poate fi folosit \u0219i pe pielea foarte uscat\u0103 sau eczematos\u0103&#8230;.<\/p>\n","protected":false},"featured_media":270413,"comment_status":"closed","ping_status":"open","template":"","meta":{"_acf_changed":false,"_kadence_starter_templates_imported_post":false,"_kad_post_transparent":"","_kad_post_title":"","_kad_post_layout":"","_kad_post_sidebar_id":"","_kad_post_content_style":"","_kad_post_vertical_padding":"","_kad_post_feature":"","_kad_post_feature_position":"","_kad_post_header":false,"_kad_post_footer":false,"_kad_post_classname":""},"product_brand":[543],"product_cat":[246,641,611],"product_tag":[],"class_list":{"0":"post-270412","1":"product","2":"type-product","3":"status-publish","4":"has-post-thumbnail","6":"product_brand-naif","7":"product_cat-cosmetice","8":"product_cat-cosmetice-pentru-dus-si-baie","9":"product_cat-produse-cosmetice-pentru-corp","11":"first","12":"instock","13":"sale","14":"product-type-external","15":"entry","16":"content-bg","17":"loop-entry"},"acf":[],"yoast_head":"<!-- This site is optimized with the Yoast SEO plugin v27.4 - https:\/\/yoast.com\/product\/yoast-seo-wordpress\/ -->\n<title>NA\u00cfF Gel de cur\u0103\u021bare pentru copii \u0219i bebelu\u0219i Baby &amp; Kids (Cleansing Wash Gel) 500 ml - SHOPATOA.COM<\/title>\n<meta name=\"robots\" content=\"index, follow, max-snippet:-1, max-image-preview:large, max-video-preview:-1\" \/>\n<link rel=\"canonical\" href=\"https:\/\/shopatoa.com\/ro\/naif-gel-de-curatare-pentru-copii-si-bebelusi-baby-kids-cleansing-wash-gel-500-ml\/\" \/>\n<meta property=\"og:locale\" content=\"ro_RO\" \/>\n<meta property=\"og:type\" content=\"article\" \/>\n<meta property=\"og:title\" content=\"NA\u00cfF Gel de cur\u0103\u021bare pentru copii \u0219i bebelu\u0219i Baby &amp; Kids (Cleansing Wash Gel) 500 ml - SHOPATOA.COM\" \/>\n<meta property=\"og:description\" content=\"Gelul natural de sp\u0103lat \u0219i cur\u0103\u021bare hidrateaz\u0103 \u0219i hr\u0103ne\u0219te pielea delicat\u0103 a copiilor \u0219i bebelu\u0219ilor, potrivit pentru baie \u0219i du\u0219. Pielea copiilor are propriul strat protector \u00eenc\u0103 de la na\u0219tere, un gel de sp\u0103lat foarte bl\u00e2nd f\u0103r\u0103 s\u0103pun ii protejeaz\u0103 moliciunea, are pH neutru \u0219i poate fi folosit \u0219i pe pielea foarte uscat\u0103 sau eczematos\u0103....\" \/>\n<meta property=\"og:url\" content=\"https:\/\/shopatoa.com\/ro\/naif-gel-de-curatare-pentru-copii-si-bebelusi-baby-kids-cleansing-wash-gel-500-ml\/\" \/>\n<meta property=\"og:site_name\" content=\"SHOPATOA\" \/>\n<meta property=\"article:modified_time\" content=\"2025-12-08T21:14:57+00:00\" \/>\n<meta property=\"og:image\" content=\"https:\/\/storage.googleapis.com\/cz-shopatoa-img\/ro\/6ea26ffe-unnamed-file.webp\" \/>\n\t<meta property=\"og:image:width\" content=\"800\" \/>\n\t<meta property=\"og:image:height\" content=\"800\" \/>\n\t<meta property=\"og:image:type\" content=\"image\/webp\" \/>\n<meta name=\"twitter:card\" content=\"summary_large_image\" \/>\n<meta name=\"twitter:label1\" content=\"Timp estimat pentru citire\" \/>\n\t<meta name=\"twitter:data1\" content=\"1 minut\" \/>\n<script type=\"application\/ld+json\" class=\"yoast-schema-graph\">{\"@context\":\"https:\\\/\\\/schema.org\",\"@graph\":[{\"@type\":\"WebPage\",\"@id\":\"https:\\\/\\\/shopatoa.com\\\/ro\\\/naif-gel-de-curatare-pentru-copii-si-bebelusi-baby-kids-cleansing-wash-gel-500-ml\\\/\",\"url\":\"https:\\\/\\\/shopatoa.com\\\/ro\\\/naif-gel-de-curatare-pentru-copii-si-bebelusi-baby-kids-cleansing-wash-gel-500-ml\\\/\",\"name\":\"NA\u00cfF Gel de cur\u0103\u021bare pentru copii \u0219i bebelu\u0219i Baby & Kids (Cleansing Wash Gel) 500 ml - SHOPATOA.COM\",\"isPartOf\":{\"@id\":\"https:\\\/\\\/shopatoa.com\\\/ro\\\/#website\"},\"primaryImageOfPage\":{\"@id\":\"https:\\\/\\\/shopatoa.com\\\/ro\\\/naif-gel-de-curatare-pentru-copii-si-bebelusi-baby-kids-cleansing-wash-gel-500-ml\\\/#primaryimage\"},\"image\":{\"@id\":\"https:\\\/\\\/shopatoa.com\\\/ro\\\/naif-gel-de-curatare-pentru-copii-si-bebelusi-baby-kids-cleansing-wash-gel-500-ml\\\/#primaryimage\"},\"thumbnailUrl\":\"https:\\\/\\\/storage.googleapis.com\\\/cz-shopatoa-img\\\/ro\\\/6ea26ffe-unnamed-file.webp\",\"datePublished\":\"2025-04-29T04:55:43+00:00\",\"dateModified\":\"2025-12-08T21:14:57+00:00\",\"breadcrumb\":{\"@id\":\"https:\\\/\\\/shopatoa.com\\\/ro\\\/naif-gel-de-curatare-pentru-copii-si-bebelusi-baby-kids-cleansing-wash-gel-500-ml\\\/#breadcrumb\"},\"inLanguage\":\"ro-RO\",\"potentialAction\":[{\"@type\":\"ReadAction\",\"target\":[\"https:\\\/\\\/shopatoa.com\\\/ro\\\/naif-gel-de-curatare-pentru-copii-si-bebelusi-baby-kids-cleansing-wash-gel-500-ml\\\/\"]}]},{\"@type\":\"ImageObject\",\"inLanguage\":\"ro-RO\",\"@id\":\"https:\\\/\\\/shopatoa.com\\\/ro\\\/naif-gel-de-curatare-pentru-copii-si-bebelusi-baby-kids-cleansing-wash-gel-500-ml\\\/#primaryimage\",\"url\":\"https:\\\/\\\/storage.googleapis.com\\\/cz-shopatoa-img\\\/ro\\\/6ea26ffe-unnamed-file.webp\",\"contentUrl\":\"https:\\\/\\\/storage.googleapis.com\\\/cz-shopatoa-img\\\/ro\\\/6ea26ffe-unnamed-file.webp\",\"width\":800,\"height\":800},{\"@type\":\"BreadcrumbList\",\"@id\":\"https:\\\/\\\/shopatoa.com\\\/ro\\\/naif-gel-de-curatare-pentru-copii-si-bebelusi-baby-kids-cleansing-wash-gel-500-ml\\\/#breadcrumb\",\"itemListElement\":[{\"@type\":\"ListItem\",\"position\":1,\"name\":\"Dom\u016f\",\"item\":\"https:\\\/\\\/shopatoa.com\\\/ro\\\/\"},{\"@type\":\"ListItem\",\"position\":2,\"name\":\"Shop\",\"item\":\"https:\\\/\\\/shopatoa.com\\\/ro\\\/shop\\\/\"},{\"@type\":\"ListItem\",\"position\":3,\"name\":\"Cosmetice\",\"item\":\"https:\\\/\\\/shopatoa.com\\\/ro\\\/cosmetice\\\/\"},{\"@type\":\"ListItem\",\"position\":4,\"name\":\"Produse cosmetice pentru corp\",\"item\":\"https:\\\/\\\/shopatoa.com\\\/ro\\\/produse-cosmetice-pentru-corp\\\/\"},{\"@type\":\"ListItem\",\"position\":5,\"name\":\"Cosmetice pentru du\u0219 \u0219i baie\",\"item\":\"https:\\\/\\\/shopatoa.com\\\/ro\\\/cosmetice-pentru-dus-si-baie\\\/\"},{\"@type\":\"ListItem\",\"position\":6,\"name\":\"NA\u00cfF Gel de cur\u0103\u021bare pentru copii \u0219i bebelu\u0219i Baby &amp; Kids (Cleansing Wash Gel) 500 ml\"}]},{\"@type\":\"WebSite\",\"@id\":\"https:\\\/\\\/shopatoa.com\\\/ro\\\/#website\",\"url\":\"https:\\\/\\\/shopatoa.com\\\/ro\\\/\",\"name\":\"SHOPATOA\",\"description\":\"\",\"publisher\":{\"@id\":\"https:\\\/\\\/shopatoa.com\\\/ro\\\/#organization\"},\"potentialAction\":[{\"@type\":\"SearchAction\",\"target\":{\"@type\":\"EntryPoint\",\"urlTemplate\":\"https:\\\/\\\/shopatoa.com\\\/ro\\\/?s={search_term_string}\"},\"query-input\":{\"@type\":\"PropertyValueSpecification\",\"valueRequired\":true,\"valueName\":\"search_term_string\"}}],\"inLanguage\":\"ro-RO\"},{\"@type\":\"Organization\",\"@id\":\"https:\\\/\\\/shopatoa.com\\\/ro\\\/#organization\",\"name\":\"SHOPATOA\",\"url\":\"https:\\\/\\\/shopatoa.com\\\/ro\\\/\",\"logo\":{\"@type\":\"ImageObject\",\"inLanguage\":\"ro-RO\",\"@id\":\"https:\\\/\\\/shopatoa.com\\\/ro\\\/#\\\/schema\\\/logo\\\/image\\\/\",\"url\":\"https:\\\/\\\/storage.googleapis.com\\\/cz-shopatoa-img\\\/ro\\\/b4dac915-shopatoa_logo.png\",\"contentUrl\":\"https:\\\/\\\/storage.googleapis.com\\\/cz-shopatoa-img\\\/ro\\\/b4dac915-shopatoa_logo.png\",\"width\":416,\"height\":63,\"caption\":\"SHOPATOA\"},\"image\":{\"@id\":\"https:\\\/\\\/shopatoa.com\\\/ro\\\/#\\\/schema\\\/logo\\\/image\\\/\"}}]}<\/script>\n<!-- \/ Yoast SEO plugin. -->","yoast_head_json":{"title":"NA\u00cfF Gel de cur\u0103\u021bare pentru copii \u0219i bebelu\u0219i Baby & Kids (Cleansing Wash Gel) 500 ml - SHOPATOA.COM","robots":{"index":"index","follow":"follow","max-snippet":"max-snippet:-1","max-image-preview":"max-image-preview:large","max-video-preview":"max-video-preview:-1"},"canonical":"https:\/\/shopatoa.com\/ro\/naif-gel-de-curatare-pentru-copii-si-bebelusi-baby-kids-cleansing-wash-gel-500-ml\/","og_locale":"ro_RO","og_type":"article","og_title":"NA\u00cfF Gel de cur\u0103\u021bare pentru copii \u0219i bebelu\u0219i Baby & Kids (Cleansing Wash Gel) 500 ml - SHOPATOA.COM","og_description":"Gelul natural de sp\u0103lat \u0219i cur\u0103\u021bare hidrateaz\u0103 \u0219i hr\u0103ne\u0219te pielea delicat\u0103 a copiilor \u0219i bebelu\u0219ilor, potrivit pentru baie \u0219i du\u0219. Pielea copiilor are propriul strat protector \u00eenc\u0103 de la na\u0219tere, un gel de sp\u0103lat foarte bl\u00e2nd f\u0103r\u0103 s\u0103pun ii protejeaz\u0103 moliciunea, are pH neutru \u0219i poate fi folosit \u0219i pe pielea foarte uscat\u0103 sau eczematos\u0103....","og_url":"https:\/\/shopatoa.com\/ro\/naif-gel-de-curatare-pentru-copii-si-bebelusi-baby-kids-cleansing-wash-gel-500-ml\/","og_site_name":"SHOPATOA","article_modified_time":"2025-12-08T21:14:57+00:00","og_image":[{"width":800,"height":800,"url":"https:\/\/storage.googleapis.com\/cz-shopatoa-img\/ro\/6ea26ffe-unnamed-file.webp","type":"image\/webp"}],"twitter_card":"summary_large_image","twitter_misc":{"Timp estimat pentru citire":"1 minut"},"schema":{"@context":"https:\/\/schema.org","@graph":[{"@type":"WebPage","@id":"https:\/\/shopatoa.com\/ro\/naif-gel-de-curatare-pentru-copii-si-bebelusi-baby-kids-cleansing-wash-gel-500-ml\/","url":"https:\/\/shopatoa.com\/ro\/naif-gel-de-curatare-pentru-copii-si-bebelusi-baby-kids-cleansing-wash-gel-500-ml\/","name":"NA\u00cfF Gel de cur\u0103\u021bare pentru copii \u0219i bebelu\u0219i Baby & Kids (Cleansing Wash Gel) 500 ml - SHOPATOA.COM","isPartOf":{"@id":"https:\/\/shopatoa.com\/ro\/#website"},"primaryImageOfPage":{"@id":"https:\/\/shopatoa.com\/ro\/naif-gel-de-curatare-pentru-copii-si-bebelusi-baby-kids-cleansing-wash-gel-500-ml\/#primaryimage"},"image":{"@id":"https:\/\/shopatoa.com\/ro\/naif-gel-de-curatare-pentru-copii-si-bebelusi-baby-kids-cleansing-wash-gel-500-ml\/#primaryimage"},"thumbnailUrl":"https:\/\/storage.googleapis.com\/cz-shopatoa-img\/ro\/6ea26ffe-unnamed-file.webp","datePublished":"2025-04-29T04:55:43+00:00","dateModified":"2025-12-08T21:14:57+00:00","breadcrumb":{"@id":"https:\/\/shopatoa.com\/ro\/naif-gel-de-curatare-pentru-copii-si-bebelusi-baby-kids-cleansing-wash-gel-500-ml\/#breadcrumb"},"inLanguage":"ro-RO","potentialAction":[{"@type":"ReadAction","target":["https:\/\/shopatoa.com\/ro\/naif-gel-de-curatare-pentru-copii-si-bebelusi-baby-kids-cleansing-wash-gel-500-ml\/"]}]},{"@type":"ImageObject","inLanguage":"ro-RO","@id":"https:\/\/shopatoa.com\/ro\/naif-gel-de-curatare-pentru-copii-si-bebelusi-baby-kids-cleansing-wash-gel-500-ml\/#primaryimage","url":"https:\/\/storage.googleapis.com\/cz-shopatoa-img\/ro\/6ea26ffe-unnamed-file.webp","contentUrl":"https:\/\/storage.googleapis.com\/cz-shopatoa-img\/ro\/6ea26ffe-unnamed-file.webp","width":800,"height":800},{"@type":"BreadcrumbList","@id":"https:\/\/shopatoa.com\/ro\/naif-gel-de-curatare-pentru-copii-si-bebelusi-baby-kids-cleansing-wash-gel-500-ml\/#breadcrumb","itemListElement":[{"@type":"ListItem","position":1,"name":"Dom\u016f","item":"https:\/\/shopatoa.com\/ro\/"},{"@type":"ListItem","position":2,"name":"Shop","item":"https:\/\/shopatoa.com\/ro\/shop\/"},{"@type":"ListItem","position":3,"name":"Cosmetice","item":"https:\/\/shopatoa.com\/ro\/cosmetice\/"},{"@type":"ListItem","position":4,"name":"Produse cosmetice pentru corp","item":"https:\/\/shopatoa.com\/ro\/produse-cosmetice-pentru-corp\/"},{"@type":"ListItem","position":5,"name":"Cosmetice pentru du\u0219 \u0219i baie","item":"https:\/\/shopatoa.com\/ro\/cosmetice-pentru-dus-si-baie\/"},{"@type":"ListItem","position":6,"name":"NA\u00cfF Gel de cur\u0103\u021bare pentru copii \u0219i bebelu\u0219i Baby &amp; Kids (Cleansing Wash Gel) 500 ml"}]},{"@type":"WebSite","@id":"https:\/\/shopatoa.com\/ro\/#website","url":"https:\/\/shopatoa.com\/ro\/","name":"SHOPATOA","description":"","publisher":{"@id":"https:\/\/shopatoa.com\/ro\/#organization"},"potentialAction":[{"@type":"SearchAction","target":{"@type":"EntryPoint","urlTemplate":"https:\/\/shopatoa.com\/ro\/?s={search_term_string}"},"query-input":{"@type":"PropertyValueSpecification","valueRequired":true,"valueName":"search_term_string"}}],"inLanguage":"ro-RO"},{"@type":"Organization","@id":"https:\/\/shopatoa.com\/ro\/#organization","name":"SHOPATOA","url":"https:\/\/shopatoa.com\/ro\/","logo":{"@type":"ImageObject","inLanguage":"ro-RO","@id":"https:\/\/shopatoa.com\/ro\/#\/schema\/logo\/image\/","url":"https:\/\/storage.googleapis.com\/cz-shopatoa-img\/ro\/b4dac915-shopatoa_logo.png","contentUrl":"https:\/\/storage.googleapis.com\/cz-shopatoa-img\/ro\/b4dac915-shopatoa_logo.png","width":416,"height":63,"caption":"SHOPATOA"},"image":{"@id":"https:\/\/shopatoa.com\/ro\/#\/schema\/logo\/image\/"}}]}},"_links":{"self":[{"href":"https:\/\/shopatoa.com\/ro\/wp-json\/wp\/v2\/product\/270412","targetHints":{"allow":["GET"]}}],"collection":[{"href":"https:\/\/shopatoa.com\/ro\/wp-json\/wp\/v2\/product"}],"about":[{"href":"https:\/\/shopatoa.com\/ro\/wp-json\/wp\/v2\/types\/product"}],"replies":[{"embeddable":true,"href":"https:\/\/shopatoa.com\/ro\/wp-json\/wp\/v2\/comments?post=270412"}],"wp:featuredmedia":[{"embeddable":true,"href":"https:\/\/shopatoa.com\/ro\/wp-json\/wp\/v2\/media\/270413"}],"wp:attachment":[{"href":"https:\/\/shopatoa.com\/ro\/wp-json\/wp\/v2\/media?parent=270412"}],"wp:term":[{"taxonomy":"product_brand","embeddable":true,"href":"https:\/\/shopatoa.com\/ro\/wp-json\/wp\/v2\/product_brand?post=270412"},{"taxonomy":"product_cat","embeddable":true,"href":"https:\/\/shopatoa.com\/ro\/wp-json\/wp\/v2\/product_cat?post=270412"},{"taxonomy":"product_tag","embeddable":true,"href":"https:\/\/shopatoa.com\/ro\/wp-json\/wp\/v2\/product_tag?post=270412"}],"curies":[{"name":"wp","href":"https:\/\/api.w.org\/{rel}","templated":true}]}}