{"id":270416,"date":"2025-04-29T06:56:05","date_gmt":"2025-04-29T04:56:05","guid":{"rendered":"https:\/\/shopatoa.com\/ro\/naif-crema-pentru-rani-minore-fara-parfum-pentru-copii-si-bebelusi-baby-kids-diaper-cream-0-perfume-75-ml\/"},"modified":"2025-12-08T22:14:20","modified_gmt":"2025-12-08T21:14:20","slug":"naif-crema-pentru-rani-minore-fara-parfum-pentru-copii-si-bebelusi-baby-kids-diaper-cream-0-perfume-75-ml","status":"publish","type":"product","link":"https:\/\/shopatoa.com\/ro\/naif-crema-pentru-rani-minore-fara-parfum-pentru-copii-si-bebelusi-baby-kids-diaper-cream-0-perfume-75-ml\/","title":{"rendered":"NA\u00cfF Crem\u0103 pentru r\u0103ni minore f\u0103r\u0103 parfum pentru copii \u0219i bebelu\u0219i Baby &amp; Kids (Diaper Cream 0% Perfume) 75 ml"},"content":{"rendered":"<p>Crema natural\u0103 pentru bebelu\u0219i \u0219i pentru copii protejeaz\u0103 \u00eempotriva irita\u021biilor \u0219i ajut\u0103 la vindecarea fundului dureros al bebelu\u0219ului, calmeaz\u0103, reduce ro\u0219ea\u021ba \u0219i vindec\u0103 irita\u021biile cauzate de scutec. Crema con\u021bine ingrediente naturale precum vitamina E, mu\u0219e\u021bel \u0219i ulei natural din migdale dulci, avocado, floarea soarelui, nuci de macadamia \u0219i ulei din semin\u021be de bumbac. Aceste uleiuri naturale calmeaz\u0103 irita\u021biile, hr\u0103nesc \u0219i refac pielea. \u00cengrijirea vindec\u0103toare este f\u0103r\u0103 parfum, are o textur\u0103 mai dens\u0103 care creeaz\u0103 un strat protector pe piele, con\u021bine oxid de zinc pentru r\u0103cire, calmare \u0219i regenerare mai rapid\u0103. Crema poate fi folosit\u0103 local pe pielea iritat\u0103 de oriunde pe corp, sau la vindecarea focarelor de eczeme atopice, poate accelera vindecarea acneei, r\u0103ni mici sau arsuri, se \u00eentinde bine \u0219i nu las\u0103 efect lipicios. Este sigur de utilizat at\u00e2t cu scutece de p\u00e2nz\u0103, c\u00e2t \u0219i de unic\u0103 folosin\u021b\u0103. Crema este testat\u0103 dermatologic, nu con\u021bine uleiuri minerale, parabeni, PEG \u0219i agen\u021bi de spumare sintetici, SLS\/SLES, fenoxietanol, conservan\u021bi chimici, uleiuri esen\u021biale sau alte substan\u021be poten\u021bial nocive sau alergene.<\/p>\n","protected":false},"excerpt":{"rendered":"<p>Crema natural\u0103 pentru bebelu\u0219i \u0219i pentru copii protejeaz\u0103 \u00eempotriva irita\u021biilor \u0219i ajut\u0103 la vindecarea fundului dureros al bebelu\u0219ului, calmeaz\u0103, reduce ro\u0219ea\u021ba \u0219i vindec\u0103 irita\u021biile cauzate de scutec. Crema con\u021bine ingrediente naturale precum vitamina E, mu\u0219e\u021bel \u0219i ulei natural din migdale dulci, avocado, floarea soarelui, nuci de macadamia \u0219i ulei din semin\u021be de bumbac. Aceste uleiuri&#8230;<\/p>\n","protected":false},"featured_media":270417,"comment_status":"closed","ping_status":"open","template":"","meta":{"_acf_changed":false,"_kadence_starter_templates_imported_post":false,"_kad_post_transparent":"","_kad_post_title":"","_kad_post_layout":"","_kad_post_sidebar_id":"","_kad_post_content_style":"","_kad_post_vertical_padding":"","_kad_post_feature":"","_kad_post_feature_position":"","_kad_post_header":false,"_kad_post_footer":false,"_kad_post_classname":""},"product_brand":[543],"product_cat":[612,246,613,611],"product_tag":[],"class_list":{"0":"post-270416","1":"product","2":"type-product","3":"status-publish","4":"has-post-thumbnail","6":"product_brand-naif","7":"product_cat-cosmetica-pentru-ingrijirea-corpului","8":"product_cat-cosmetice","9":"product_cat-nutritia-si-hidratarea-pielii","10":"product_cat-produse-cosmetice-pentru-corp","12":"first","13":"instock","14":"sale","15":"product-type-external","16":"entry","17":"content-bg","18":"loop-entry"},"acf":[],"yoast_head":"<!-- This site is optimized with the Yoast SEO plugin v27.4 - https:\/\/yoast.com\/product\/yoast-seo-wordpress\/ -->\n<title>NA\u00cfF Crem\u0103 pentru r\u0103ni minore f\u0103r\u0103 parfum pentru copii \u0219i bebelu\u0219i Baby &amp; Kids (Diaper Cream 0% Perfume) 75 ml - SHOPATOA.COM<\/title>\n<meta name=\"robots\" content=\"index, follow, max-snippet:-1, max-image-preview:large, max-video-preview:-1\" \/>\n<link rel=\"canonical\" href=\"https:\/\/shopatoa.com\/ro\/naif-crema-pentru-rani-minore-fara-parfum-pentru-copii-si-bebelusi-baby-kids-diaper-cream-0-perfume-75-ml\/\" \/>\n<meta property=\"og:locale\" content=\"ro_RO\" \/>\n<meta property=\"og:type\" content=\"article\" \/>\n<meta property=\"og:title\" content=\"NA\u00cfF Crem\u0103 pentru r\u0103ni minore f\u0103r\u0103 parfum pentru copii \u0219i bebelu\u0219i Baby &amp; Kids (Diaper Cream 0% Perfume) 75 ml - SHOPATOA.COM\" \/>\n<meta property=\"og:description\" content=\"Crema natural\u0103 pentru bebelu\u0219i \u0219i pentru copii protejeaz\u0103 \u00eempotriva irita\u021biilor \u0219i ajut\u0103 la vindecarea fundului dureros al bebelu\u0219ului, calmeaz\u0103, reduce ro\u0219ea\u021ba \u0219i vindec\u0103 irita\u021biile cauzate de scutec. Crema con\u021bine ingrediente naturale precum vitamina E, mu\u0219e\u021bel \u0219i ulei natural din migdale dulci, avocado, floarea soarelui, nuci de macadamia \u0219i ulei din semin\u021be de bumbac. Aceste uleiuri...\" \/>\n<meta property=\"og:url\" content=\"https:\/\/shopatoa.com\/ro\/naif-crema-pentru-rani-minore-fara-parfum-pentru-copii-si-bebelusi-baby-kids-diaper-cream-0-perfume-75-ml\/\" \/>\n<meta property=\"og:site_name\" content=\"SHOPATOA\" \/>\n<meta property=\"article:modified_time\" content=\"2025-12-08T21:14:20+00:00\" \/>\n<meta property=\"og:image\" content=\"https:\/\/storage.googleapis.com\/cz-shopatoa-img\/ro\/2f723d08-unnamed-file.webp\" \/>\n\t<meta property=\"og:image:width\" content=\"800\" \/>\n\t<meta property=\"og:image:height\" content=\"800\" \/>\n\t<meta property=\"og:image:type\" content=\"image\/webp\" \/>\n<meta name=\"twitter:card\" content=\"summary_large_image\" \/>\n<meta name=\"twitter:label1\" content=\"Timp estimat pentru citire\" \/>\n\t<meta name=\"twitter:data1\" content=\"1 minut\" \/>\n<script type=\"application\/ld+json\" class=\"yoast-schema-graph\">{\"@context\":\"https:\\\/\\\/schema.org\",\"@graph\":[{\"@type\":\"WebPage\",\"@id\":\"https:\\\/\\\/shopatoa.com\\\/ro\\\/naif-crema-pentru-rani-minore-fara-parfum-pentru-copii-si-bebelusi-baby-kids-diaper-cream-0-perfume-75-ml\\\/\",\"url\":\"https:\\\/\\\/shopatoa.com\\\/ro\\\/naif-crema-pentru-rani-minore-fara-parfum-pentru-copii-si-bebelusi-baby-kids-diaper-cream-0-perfume-75-ml\\\/\",\"name\":\"NA\u00cfF Crem\u0103 pentru r\u0103ni minore f\u0103r\u0103 parfum pentru copii \u0219i bebelu\u0219i Baby & Kids (Diaper Cream 0% Perfume) 75 ml - SHOPATOA.COM\",\"isPartOf\":{\"@id\":\"https:\\\/\\\/shopatoa.com\\\/ro\\\/#website\"},\"primaryImageOfPage\":{\"@id\":\"https:\\\/\\\/shopatoa.com\\\/ro\\\/naif-crema-pentru-rani-minore-fara-parfum-pentru-copii-si-bebelusi-baby-kids-diaper-cream-0-perfume-75-ml\\\/#primaryimage\"},\"image\":{\"@id\":\"https:\\\/\\\/shopatoa.com\\\/ro\\\/naif-crema-pentru-rani-minore-fara-parfum-pentru-copii-si-bebelusi-baby-kids-diaper-cream-0-perfume-75-ml\\\/#primaryimage\"},\"thumbnailUrl\":\"https:\\\/\\\/storage.googleapis.com\\\/cz-shopatoa-img\\\/ro\\\/2f723d08-unnamed-file.webp\",\"datePublished\":\"2025-04-29T04:56:05+00:00\",\"dateModified\":\"2025-12-08T21:14:20+00:00\",\"breadcrumb\":{\"@id\":\"https:\\\/\\\/shopatoa.com\\\/ro\\\/naif-crema-pentru-rani-minore-fara-parfum-pentru-copii-si-bebelusi-baby-kids-diaper-cream-0-perfume-75-ml\\\/#breadcrumb\"},\"inLanguage\":\"ro-RO\",\"potentialAction\":[{\"@type\":\"ReadAction\",\"target\":[\"https:\\\/\\\/shopatoa.com\\\/ro\\\/naif-crema-pentru-rani-minore-fara-parfum-pentru-copii-si-bebelusi-baby-kids-diaper-cream-0-perfume-75-ml\\\/\"]}]},{\"@type\":\"ImageObject\",\"inLanguage\":\"ro-RO\",\"@id\":\"https:\\\/\\\/shopatoa.com\\\/ro\\\/naif-crema-pentru-rani-minore-fara-parfum-pentru-copii-si-bebelusi-baby-kids-diaper-cream-0-perfume-75-ml\\\/#primaryimage\",\"url\":\"https:\\\/\\\/storage.googleapis.com\\\/cz-shopatoa-img\\\/ro\\\/2f723d08-unnamed-file.webp\",\"contentUrl\":\"https:\\\/\\\/storage.googleapis.com\\\/cz-shopatoa-img\\\/ro\\\/2f723d08-unnamed-file.webp\",\"width\":800,\"height\":800},{\"@type\":\"BreadcrumbList\",\"@id\":\"https:\\\/\\\/shopatoa.com\\\/ro\\\/naif-crema-pentru-rani-minore-fara-parfum-pentru-copii-si-bebelusi-baby-kids-diaper-cream-0-perfume-75-ml\\\/#breadcrumb\",\"itemListElement\":[{\"@type\":\"ListItem\",\"position\":1,\"name\":\"Dom\u016f\",\"item\":\"https:\\\/\\\/shopatoa.com\\\/ro\\\/\"},{\"@type\":\"ListItem\",\"position\":2,\"name\":\"Shop\",\"item\":\"https:\\\/\\\/shopatoa.com\\\/ro\\\/shop\\\/\"},{\"@type\":\"ListItem\",\"position\":3,\"name\":\"Cosmetice\",\"item\":\"https:\\\/\\\/shopatoa.com\\\/ro\\\/cosmetice\\\/\"},{\"@type\":\"ListItem\",\"position\":4,\"name\":\"Produse cosmetice pentru corp\",\"item\":\"https:\\\/\\\/shopatoa.com\\\/ro\\\/produse-cosmetice-pentru-corp\\\/\"},{\"@type\":\"ListItem\",\"position\":5,\"name\":\"Cosmetica pentru \u00eengrijirea corpului\",\"item\":\"https:\\\/\\\/shopatoa.com\\\/ro\\\/cosmetica-pentru-ingrijirea-corpului\\\/\"},{\"@type\":\"ListItem\",\"position\":6,\"name\":\"Nutri\u021bia si hidratarea pielii\",\"item\":\"https:\\\/\\\/shopatoa.com\\\/ro\\\/nutritia-si-hidratarea-pielii\\\/\"},{\"@type\":\"ListItem\",\"position\":7,\"name\":\"NA\u00cfF Crem\u0103 pentru r\u0103ni minore f\u0103r\u0103 parfum pentru copii \u0219i bebelu\u0219i Baby &amp; Kids (Diaper Cream 0% Perfume) 75 ml\"}]},{\"@type\":\"WebSite\",\"@id\":\"https:\\\/\\\/shopatoa.com\\\/ro\\\/#website\",\"url\":\"https:\\\/\\\/shopatoa.com\\\/ro\\\/\",\"name\":\"SHOPATOA\",\"description\":\"\",\"publisher\":{\"@id\":\"https:\\\/\\\/shopatoa.com\\\/ro\\\/#organization\"},\"potentialAction\":[{\"@type\":\"SearchAction\",\"target\":{\"@type\":\"EntryPoint\",\"urlTemplate\":\"https:\\\/\\\/shopatoa.com\\\/ro\\\/?s={search_term_string}\"},\"query-input\":{\"@type\":\"PropertyValueSpecification\",\"valueRequired\":true,\"valueName\":\"search_term_string\"}}],\"inLanguage\":\"ro-RO\"},{\"@type\":\"Organization\",\"@id\":\"https:\\\/\\\/shopatoa.com\\\/ro\\\/#organization\",\"name\":\"SHOPATOA\",\"url\":\"https:\\\/\\\/shopatoa.com\\\/ro\\\/\",\"logo\":{\"@type\":\"ImageObject\",\"inLanguage\":\"ro-RO\",\"@id\":\"https:\\\/\\\/shopatoa.com\\\/ro\\\/#\\\/schema\\\/logo\\\/image\\\/\",\"url\":\"https:\\\/\\\/storage.googleapis.com\\\/cz-shopatoa-img\\\/ro\\\/b4dac915-shopatoa_logo.png\",\"contentUrl\":\"https:\\\/\\\/storage.googleapis.com\\\/cz-shopatoa-img\\\/ro\\\/b4dac915-shopatoa_logo.png\",\"width\":416,\"height\":63,\"caption\":\"SHOPATOA\"},\"image\":{\"@id\":\"https:\\\/\\\/shopatoa.com\\\/ro\\\/#\\\/schema\\\/logo\\\/image\\\/\"}}]}<\/script>\n<!-- \/ Yoast SEO plugin. -->","yoast_head_json":{"title":"NA\u00cfF Crem\u0103 pentru r\u0103ni minore f\u0103r\u0103 parfum pentru copii \u0219i bebelu\u0219i Baby & Kids (Diaper Cream 0% Perfume) 75 ml - SHOPATOA.COM","robots":{"index":"index","follow":"follow","max-snippet":"max-snippet:-1","max-image-preview":"max-image-preview:large","max-video-preview":"max-video-preview:-1"},"canonical":"https:\/\/shopatoa.com\/ro\/naif-crema-pentru-rani-minore-fara-parfum-pentru-copii-si-bebelusi-baby-kids-diaper-cream-0-perfume-75-ml\/","og_locale":"ro_RO","og_type":"article","og_title":"NA\u00cfF Crem\u0103 pentru r\u0103ni minore f\u0103r\u0103 parfum pentru copii \u0219i bebelu\u0219i Baby & Kids (Diaper Cream 0% Perfume) 75 ml - SHOPATOA.COM","og_description":"Crema natural\u0103 pentru bebelu\u0219i \u0219i pentru copii protejeaz\u0103 \u00eempotriva irita\u021biilor \u0219i ajut\u0103 la vindecarea fundului dureros al bebelu\u0219ului, calmeaz\u0103, reduce ro\u0219ea\u021ba \u0219i vindec\u0103 irita\u021biile cauzate de scutec. Crema con\u021bine ingrediente naturale precum vitamina E, mu\u0219e\u021bel \u0219i ulei natural din migdale dulci, avocado, floarea soarelui, nuci de macadamia \u0219i ulei din semin\u021be de bumbac. Aceste uleiuri...","og_url":"https:\/\/shopatoa.com\/ro\/naif-crema-pentru-rani-minore-fara-parfum-pentru-copii-si-bebelusi-baby-kids-diaper-cream-0-perfume-75-ml\/","og_site_name":"SHOPATOA","article_modified_time":"2025-12-08T21:14:20+00:00","og_image":[{"width":800,"height":800,"url":"https:\/\/storage.googleapis.com\/cz-shopatoa-img\/ro\/2f723d08-unnamed-file.webp","type":"image\/webp"}],"twitter_card":"summary_large_image","twitter_misc":{"Timp estimat pentru citire":"1 minut"},"schema":{"@context":"https:\/\/schema.org","@graph":[{"@type":"WebPage","@id":"https:\/\/shopatoa.com\/ro\/naif-crema-pentru-rani-minore-fara-parfum-pentru-copii-si-bebelusi-baby-kids-diaper-cream-0-perfume-75-ml\/","url":"https:\/\/shopatoa.com\/ro\/naif-crema-pentru-rani-minore-fara-parfum-pentru-copii-si-bebelusi-baby-kids-diaper-cream-0-perfume-75-ml\/","name":"NA\u00cfF Crem\u0103 pentru r\u0103ni minore f\u0103r\u0103 parfum pentru copii \u0219i bebelu\u0219i Baby & Kids (Diaper Cream 0% Perfume) 75 ml - SHOPATOA.COM","isPartOf":{"@id":"https:\/\/shopatoa.com\/ro\/#website"},"primaryImageOfPage":{"@id":"https:\/\/shopatoa.com\/ro\/naif-crema-pentru-rani-minore-fara-parfum-pentru-copii-si-bebelusi-baby-kids-diaper-cream-0-perfume-75-ml\/#primaryimage"},"image":{"@id":"https:\/\/shopatoa.com\/ro\/naif-crema-pentru-rani-minore-fara-parfum-pentru-copii-si-bebelusi-baby-kids-diaper-cream-0-perfume-75-ml\/#primaryimage"},"thumbnailUrl":"https:\/\/storage.googleapis.com\/cz-shopatoa-img\/ro\/2f723d08-unnamed-file.webp","datePublished":"2025-04-29T04:56:05+00:00","dateModified":"2025-12-08T21:14:20+00:00","breadcrumb":{"@id":"https:\/\/shopatoa.com\/ro\/naif-crema-pentru-rani-minore-fara-parfum-pentru-copii-si-bebelusi-baby-kids-diaper-cream-0-perfume-75-ml\/#breadcrumb"},"inLanguage":"ro-RO","potentialAction":[{"@type":"ReadAction","target":["https:\/\/shopatoa.com\/ro\/naif-crema-pentru-rani-minore-fara-parfum-pentru-copii-si-bebelusi-baby-kids-diaper-cream-0-perfume-75-ml\/"]}]},{"@type":"ImageObject","inLanguage":"ro-RO","@id":"https:\/\/shopatoa.com\/ro\/naif-crema-pentru-rani-minore-fara-parfum-pentru-copii-si-bebelusi-baby-kids-diaper-cream-0-perfume-75-ml\/#primaryimage","url":"https:\/\/storage.googleapis.com\/cz-shopatoa-img\/ro\/2f723d08-unnamed-file.webp","contentUrl":"https:\/\/storage.googleapis.com\/cz-shopatoa-img\/ro\/2f723d08-unnamed-file.webp","width":800,"height":800},{"@type":"BreadcrumbList","@id":"https:\/\/shopatoa.com\/ro\/naif-crema-pentru-rani-minore-fara-parfum-pentru-copii-si-bebelusi-baby-kids-diaper-cream-0-perfume-75-ml\/#breadcrumb","itemListElement":[{"@type":"ListItem","position":1,"name":"Dom\u016f","item":"https:\/\/shopatoa.com\/ro\/"},{"@type":"ListItem","position":2,"name":"Shop","item":"https:\/\/shopatoa.com\/ro\/shop\/"},{"@type":"ListItem","position":3,"name":"Cosmetice","item":"https:\/\/shopatoa.com\/ro\/cosmetice\/"},{"@type":"ListItem","position":4,"name":"Produse cosmetice pentru corp","item":"https:\/\/shopatoa.com\/ro\/produse-cosmetice-pentru-corp\/"},{"@type":"ListItem","position":5,"name":"Cosmetica pentru \u00eengrijirea corpului","item":"https:\/\/shopatoa.com\/ro\/cosmetica-pentru-ingrijirea-corpului\/"},{"@type":"ListItem","position":6,"name":"Nutri\u021bia si hidratarea pielii","item":"https:\/\/shopatoa.com\/ro\/nutritia-si-hidratarea-pielii\/"},{"@type":"ListItem","position":7,"name":"NA\u00cfF Crem\u0103 pentru r\u0103ni minore f\u0103r\u0103 parfum pentru copii \u0219i bebelu\u0219i Baby &amp; Kids (Diaper Cream 0% Perfume) 75 ml"}]},{"@type":"WebSite","@id":"https:\/\/shopatoa.com\/ro\/#website","url":"https:\/\/shopatoa.com\/ro\/","name":"SHOPATOA","description":"","publisher":{"@id":"https:\/\/shopatoa.com\/ro\/#organization"},"potentialAction":[{"@type":"SearchAction","target":{"@type":"EntryPoint","urlTemplate":"https:\/\/shopatoa.com\/ro\/?s={search_term_string}"},"query-input":{"@type":"PropertyValueSpecification","valueRequired":true,"valueName":"search_term_string"}}],"inLanguage":"ro-RO"},{"@type":"Organization","@id":"https:\/\/shopatoa.com\/ro\/#organization","name":"SHOPATOA","url":"https:\/\/shopatoa.com\/ro\/","logo":{"@type":"ImageObject","inLanguage":"ro-RO","@id":"https:\/\/shopatoa.com\/ro\/#\/schema\/logo\/image\/","url":"https:\/\/storage.googleapis.com\/cz-shopatoa-img\/ro\/b4dac915-shopatoa_logo.png","contentUrl":"https:\/\/storage.googleapis.com\/cz-shopatoa-img\/ro\/b4dac915-shopatoa_logo.png","width":416,"height":63,"caption":"SHOPATOA"},"image":{"@id":"https:\/\/shopatoa.com\/ro\/#\/schema\/logo\/image\/"}}]}},"_links":{"self":[{"href":"https:\/\/shopatoa.com\/ro\/wp-json\/wp\/v2\/product\/270416","targetHints":{"allow":["GET"]}}],"collection":[{"href":"https:\/\/shopatoa.com\/ro\/wp-json\/wp\/v2\/product"}],"about":[{"href":"https:\/\/shopatoa.com\/ro\/wp-json\/wp\/v2\/types\/product"}],"replies":[{"embeddable":true,"href":"https:\/\/shopatoa.com\/ro\/wp-json\/wp\/v2\/comments?post=270416"}],"wp:featuredmedia":[{"embeddable":true,"href":"https:\/\/shopatoa.com\/ro\/wp-json\/wp\/v2\/media\/270417"}],"wp:attachment":[{"href":"https:\/\/shopatoa.com\/ro\/wp-json\/wp\/v2\/media?parent=270416"}],"wp:term":[{"taxonomy":"product_brand","embeddable":true,"href":"https:\/\/shopatoa.com\/ro\/wp-json\/wp\/v2\/product_brand?post=270416"},{"taxonomy":"product_cat","embeddable":true,"href":"https:\/\/shopatoa.com\/ro\/wp-json\/wp\/v2\/product_cat?post=270416"},{"taxonomy":"product_tag","embeddable":true,"href":"https:\/\/shopatoa.com\/ro\/wp-json\/wp\/v2\/product_tag?post=270416"}],"curies":[{"name":"wp","href":"https:\/\/api.w.org\/{rel}","templated":true}]}}