{"id":270646,"date":"2025-04-29T07:46:09","date_gmt":"2025-04-29T05:46:09","guid":{"rendered":"https:\/\/shopatoa.com\/ro\/loccitane-en-provence-crema-pentru-picioare-cu-15-unt-de-shea-foot-cream-150-ml\/"},"modified":"2025-12-08T21:13:29","modified_gmt":"2025-12-08T20:13:29","slug":"loccitane-en-provence-crema-pentru-picioare-cu-15-unt-de-shea-foot-cream-150-ml","status":"publish","type":"product","link":"https:\/\/shopatoa.com\/ro\/loccitane-en-provence-crema-pentru-picioare-cu-15-unt-de-shea-foot-cream-150-ml\/","title":{"rendered":"L&#8217;Occitane en Provence Crem\u0103 pentru picioare cu 15% unt de shea (Foot Cream) 150 ml"},"content":{"rendered":"<p>Crema pentru picioare cu textura bogat\u0103 este \u00eembog\u0103\u021bit\u0103 cu unt de shea hidratant, ulei esen\u021bial de lavand\u0103 lini\u0219titor \u0219i extract de arnic\u0103 antiinflamator. Crema neteze\u0219te \u0219i catifeleaz\u0103 pielea \u0219i \u00een acela\u0219i timp amelioreaz\u0103 senza\u021bia de picioare obosite.<\/p>\n","protected":false},"excerpt":{"rendered":"<p>Crema pentru picioare cu textura bogat\u0103 este \u00eembog\u0103\u021bit\u0103 cu unt de shea hidratant, ulei esen\u021bial de lavand\u0103 lini\u0219titor \u0219i extract de arnic\u0103 antiinflamator. Crema neteze\u0219te \u0219i catifeleaz\u0103 pielea \u0219i \u00een acela\u0219i timp amelioreaz\u0103 senza\u021bia de picioare obosite.<\/p>\n","protected":false},"featured_media":270647,"comment_status":"closed","ping_status":"open","template":"","meta":{"_acf_changed":false,"_kadence_starter_templates_imported_post":false,"_kad_post_transparent":"","_kad_post_title":"","_kad_post_layout":"","_kad_post_sidebar_id":"","_kad_post_content_style":"","_kad_post_vertical_padding":"","_kad_post_feature":"","_kad_post_feature_position":"","_kad_post_header":false,"_kad_post_footer":false,"_kad_post_classname":""},"product_brand":[310],"product_cat":[246,851,611,730],"product_tag":[],"class_list":{"0":"post-270646","1":"product","2":"type-product","3":"status-publish","4":"has-post-thumbnail","6":"product_brand-loccitane-en-provence","7":"product_cat-cosmetice","8":"product_cat-cosmetice-pentru-picioare","9":"product_cat-produse-cosmetice-pentru-corp","10":"product_cat-produse-cosmetice-pentru-ingrijirea-picioarelor","12":"first","13":"instock","14":"product-type-external","15":"entry","16":"content-bg","17":"loop-entry"},"acf":[],"yoast_head":"<!-- This site is optimized with the Yoast SEO plugin v27.4 - https:\/\/yoast.com\/product\/yoast-seo-wordpress\/ -->\n<title>L&#039;Occitane en Provence Crem\u0103 pentru picioare cu 15% unt de shea (Foot Cream) 150 ml - SHOPATOA.COM<\/title>\n<meta name=\"robots\" content=\"index, follow, max-snippet:-1, max-image-preview:large, max-video-preview:-1\" \/>\n<link rel=\"canonical\" href=\"https:\/\/shopatoa.com\/ro\/loccitane-en-provence-crema-pentru-picioare-cu-15-unt-de-shea-foot-cream-150-ml\/\" \/>\n<meta property=\"og:locale\" content=\"ro_RO\" \/>\n<meta property=\"og:type\" content=\"article\" \/>\n<meta property=\"og:title\" content=\"L&#039;Occitane en Provence Crem\u0103 pentru picioare cu 15% unt de shea (Foot Cream) 150 ml - SHOPATOA.COM\" \/>\n<meta property=\"og:description\" content=\"Crema pentru picioare cu textura bogat\u0103 este \u00eembog\u0103\u021bit\u0103 cu unt de shea hidratant, ulei esen\u021bial de lavand\u0103 lini\u0219titor \u0219i extract de arnic\u0103 antiinflamator. Crema neteze\u0219te \u0219i catifeleaz\u0103 pielea \u0219i \u00een acela\u0219i timp amelioreaz\u0103 senza\u021bia de picioare obosite.\" \/>\n<meta property=\"og:url\" content=\"https:\/\/shopatoa.com\/ro\/loccitane-en-provence-crema-pentru-picioare-cu-15-unt-de-shea-foot-cream-150-ml\/\" \/>\n<meta property=\"og:site_name\" content=\"SHOPATOA\" \/>\n<meta property=\"article:modified_time\" content=\"2025-12-08T20:13:29+00:00\" \/>\n<meta property=\"og:image\" content=\"https:\/\/storage.googleapis.com\/cz-shopatoa-img\/ro\/15690cd0-unnamed-file.webp\" \/>\n\t<meta property=\"og:image:width\" content=\"800\" \/>\n\t<meta property=\"og:image:height\" content=\"800\" \/>\n\t<meta property=\"og:image:type\" content=\"image\/webp\" \/>\n<meta name=\"twitter:card\" content=\"summary_large_image\" \/>\n<script type=\"application\/ld+json\" class=\"yoast-schema-graph\">{\"@context\":\"https:\\\/\\\/schema.org\",\"@graph\":[{\"@type\":\"WebPage\",\"@id\":\"https:\\\/\\\/shopatoa.com\\\/ro\\\/loccitane-en-provence-crema-pentru-picioare-cu-15-unt-de-shea-foot-cream-150-ml\\\/\",\"url\":\"https:\\\/\\\/shopatoa.com\\\/ro\\\/loccitane-en-provence-crema-pentru-picioare-cu-15-unt-de-shea-foot-cream-150-ml\\\/\",\"name\":\"L'Occitane en Provence Crem\u0103 pentru picioare cu 15% unt de shea (Foot Cream) 150 ml - SHOPATOA.COM\",\"isPartOf\":{\"@id\":\"https:\\\/\\\/shopatoa.com\\\/ro\\\/#website\"},\"primaryImageOfPage\":{\"@id\":\"https:\\\/\\\/shopatoa.com\\\/ro\\\/loccitane-en-provence-crema-pentru-picioare-cu-15-unt-de-shea-foot-cream-150-ml\\\/#primaryimage\"},\"image\":{\"@id\":\"https:\\\/\\\/shopatoa.com\\\/ro\\\/loccitane-en-provence-crema-pentru-picioare-cu-15-unt-de-shea-foot-cream-150-ml\\\/#primaryimage\"},\"thumbnailUrl\":\"https:\\\/\\\/storage.googleapis.com\\\/cz-shopatoa-img\\\/ro\\\/15690cd0-unnamed-file.webp\",\"datePublished\":\"2025-04-29T05:46:09+00:00\",\"dateModified\":\"2025-12-08T20:13:29+00:00\",\"breadcrumb\":{\"@id\":\"https:\\\/\\\/shopatoa.com\\\/ro\\\/loccitane-en-provence-crema-pentru-picioare-cu-15-unt-de-shea-foot-cream-150-ml\\\/#breadcrumb\"},\"inLanguage\":\"ro-RO\",\"potentialAction\":[{\"@type\":\"ReadAction\",\"target\":[\"https:\\\/\\\/shopatoa.com\\\/ro\\\/loccitane-en-provence-crema-pentru-picioare-cu-15-unt-de-shea-foot-cream-150-ml\\\/\"]}]},{\"@type\":\"ImageObject\",\"inLanguage\":\"ro-RO\",\"@id\":\"https:\\\/\\\/shopatoa.com\\\/ro\\\/loccitane-en-provence-crema-pentru-picioare-cu-15-unt-de-shea-foot-cream-150-ml\\\/#primaryimage\",\"url\":\"https:\\\/\\\/storage.googleapis.com\\\/cz-shopatoa-img\\\/ro\\\/15690cd0-unnamed-file.webp\",\"contentUrl\":\"https:\\\/\\\/storage.googleapis.com\\\/cz-shopatoa-img\\\/ro\\\/15690cd0-unnamed-file.webp\",\"width\":800,\"height\":800},{\"@type\":\"BreadcrumbList\",\"@id\":\"https:\\\/\\\/shopatoa.com\\\/ro\\\/loccitane-en-provence-crema-pentru-picioare-cu-15-unt-de-shea-foot-cream-150-ml\\\/#breadcrumb\",\"itemListElement\":[{\"@type\":\"ListItem\",\"position\":1,\"name\":\"Dom\u016f\",\"item\":\"https:\\\/\\\/shopatoa.com\\\/ro\\\/\"},{\"@type\":\"ListItem\",\"position\":2,\"name\":\"Shop\",\"item\":\"https:\\\/\\\/shopatoa.com\\\/ro\\\/shop\\\/\"},{\"@type\":\"ListItem\",\"position\":3,\"name\":\"Cosmetice\",\"item\":\"https:\\\/\\\/shopatoa.com\\\/ro\\\/cosmetice\\\/\"},{\"@type\":\"ListItem\",\"position\":4,\"name\":\"Produse cosmetice pentru corp\",\"item\":\"https:\\\/\\\/shopatoa.com\\\/ro\\\/produse-cosmetice-pentru-corp\\\/\"},{\"@type\":\"ListItem\",\"position\":5,\"name\":\"Produse cosmetice pentru \u00eengrijirea picioarelor\",\"item\":\"https:\\\/\\\/shopatoa.com\\\/ro\\\/produse-cosmetice-pentru-ingrijirea-picioarelor\\\/\"},{\"@type\":\"ListItem\",\"position\":6,\"name\":\"Cosmetice pentru picioare\",\"item\":\"https:\\\/\\\/shopatoa.com\\\/ro\\\/cosmetice-pentru-picioare\\\/\"},{\"@type\":\"ListItem\",\"position\":7,\"name\":\"L&#8217;Occitane en Provence Crem\u0103 pentru picioare cu 15% unt de shea (Foot Cream) 150 ml\"}]},{\"@type\":\"WebSite\",\"@id\":\"https:\\\/\\\/shopatoa.com\\\/ro\\\/#website\",\"url\":\"https:\\\/\\\/shopatoa.com\\\/ro\\\/\",\"name\":\"SHOPATOA\",\"description\":\"\",\"publisher\":{\"@id\":\"https:\\\/\\\/shopatoa.com\\\/ro\\\/#organization\"},\"potentialAction\":[{\"@type\":\"SearchAction\",\"target\":{\"@type\":\"EntryPoint\",\"urlTemplate\":\"https:\\\/\\\/shopatoa.com\\\/ro\\\/?s={search_term_string}\"},\"query-input\":{\"@type\":\"PropertyValueSpecification\",\"valueRequired\":true,\"valueName\":\"search_term_string\"}}],\"inLanguage\":\"ro-RO\"},{\"@type\":\"Organization\",\"@id\":\"https:\\\/\\\/shopatoa.com\\\/ro\\\/#organization\",\"name\":\"SHOPATOA\",\"url\":\"https:\\\/\\\/shopatoa.com\\\/ro\\\/\",\"logo\":{\"@type\":\"ImageObject\",\"inLanguage\":\"ro-RO\",\"@id\":\"https:\\\/\\\/shopatoa.com\\\/ro\\\/#\\\/schema\\\/logo\\\/image\\\/\",\"url\":\"https:\\\/\\\/storage.googleapis.com\\\/cz-shopatoa-img\\\/ro\\\/b4dac915-shopatoa_logo.png\",\"contentUrl\":\"https:\\\/\\\/storage.googleapis.com\\\/cz-shopatoa-img\\\/ro\\\/b4dac915-shopatoa_logo.png\",\"width\":416,\"height\":63,\"caption\":\"SHOPATOA\"},\"image\":{\"@id\":\"https:\\\/\\\/shopatoa.com\\\/ro\\\/#\\\/schema\\\/logo\\\/image\\\/\"}}]}<\/script>\n<!-- \/ Yoast SEO plugin. -->","yoast_head_json":{"title":"L'Occitane en Provence Crem\u0103 pentru picioare cu 15% unt de shea (Foot Cream) 150 ml - SHOPATOA.COM","robots":{"index":"index","follow":"follow","max-snippet":"max-snippet:-1","max-image-preview":"max-image-preview:large","max-video-preview":"max-video-preview:-1"},"canonical":"https:\/\/shopatoa.com\/ro\/loccitane-en-provence-crema-pentru-picioare-cu-15-unt-de-shea-foot-cream-150-ml\/","og_locale":"ro_RO","og_type":"article","og_title":"L'Occitane en Provence Crem\u0103 pentru picioare cu 15% unt de shea (Foot Cream) 150 ml - SHOPATOA.COM","og_description":"Crema pentru picioare cu textura bogat\u0103 este \u00eembog\u0103\u021bit\u0103 cu unt de shea hidratant, ulei esen\u021bial de lavand\u0103 lini\u0219titor \u0219i extract de arnic\u0103 antiinflamator. Crema neteze\u0219te \u0219i catifeleaz\u0103 pielea \u0219i \u00een acela\u0219i timp amelioreaz\u0103 senza\u021bia de picioare obosite.","og_url":"https:\/\/shopatoa.com\/ro\/loccitane-en-provence-crema-pentru-picioare-cu-15-unt-de-shea-foot-cream-150-ml\/","og_site_name":"SHOPATOA","article_modified_time":"2025-12-08T20:13:29+00:00","og_image":[{"width":800,"height":800,"url":"https:\/\/storage.googleapis.com\/cz-shopatoa-img\/ro\/15690cd0-unnamed-file.webp","type":"image\/webp"}],"twitter_card":"summary_large_image","schema":{"@context":"https:\/\/schema.org","@graph":[{"@type":"WebPage","@id":"https:\/\/shopatoa.com\/ro\/loccitane-en-provence-crema-pentru-picioare-cu-15-unt-de-shea-foot-cream-150-ml\/","url":"https:\/\/shopatoa.com\/ro\/loccitane-en-provence-crema-pentru-picioare-cu-15-unt-de-shea-foot-cream-150-ml\/","name":"L'Occitane en Provence Crem\u0103 pentru picioare cu 15% unt de shea (Foot Cream) 150 ml - SHOPATOA.COM","isPartOf":{"@id":"https:\/\/shopatoa.com\/ro\/#website"},"primaryImageOfPage":{"@id":"https:\/\/shopatoa.com\/ro\/loccitane-en-provence-crema-pentru-picioare-cu-15-unt-de-shea-foot-cream-150-ml\/#primaryimage"},"image":{"@id":"https:\/\/shopatoa.com\/ro\/loccitane-en-provence-crema-pentru-picioare-cu-15-unt-de-shea-foot-cream-150-ml\/#primaryimage"},"thumbnailUrl":"https:\/\/storage.googleapis.com\/cz-shopatoa-img\/ro\/15690cd0-unnamed-file.webp","datePublished":"2025-04-29T05:46:09+00:00","dateModified":"2025-12-08T20:13:29+00:00","breadcrumb":{"@id":"https:\/\/shopatoa.com\/ro\/loccitane-en-provence-crema-pentru-picioare-cu-15-unt-de-shea-foot-cream-150-ml\/#breadcrumb"},"inLanguage":"ro-RO","potentialAction":[{"@type":"ReadAction","target":["https:\/\/shopatoa.com\/ro\/loccitane-en-provence-crema-pentru-picioare-cu-15-unt-de-shea-foot-cream-150-ml\/"]}]},{"@type":"ImageObject","inLanguage":"ro-RO","@id":"https:\/\/shopatoa.com\/ro\/loccitane-en-provence-crema-pentru-picioare-cu-15-unt-de-shea-foot-cream-150-ml\/#primaryimage","url":"https:\/\/storage.googleapis.com\/cz-shopatoa-img\/ro\/15690cd0-unnamed-file.webp","contentUrl":"https:\/\/storage.googleapis.com\/cz-shopatoa-img\/ro\/15690cd0-unnamed-file.webp","width":800,"height":800},{"@type":"BreadcrumbList","@id":"https:\/\/shopatoa.com\/ro\/loccitane-en-provence-crema-pentru-picioare-cu-15-unt-de-shea-foot-cream-150-ml\/#breadcrumb","itemListElement":[{"@type":"ListItem","position":1,"name":"Dom\u016f","item":"https:\/\/shopatoa.com\/ro\/"},{"@type":"ListItem","position":2,"name":"Shop","item":"https:\/\/shopatoa.com\/ro\/shop\/"},{"@type":"ListItem","position":3,"name":"Cosmetice","item":"https:\/\/shopatoa.com\/ro\/cosmetice\/"},{"@type":"ListItem","position":4,"name":"Produse cosmetice pentru corp","item":"https:\/\/shopatoa.com\/ro\/produse-cosmetice-pentru-corp\/"},{"@type":"ListItem","position":5,"name":"Produse cosmetice pentru \u00eengrijirea picioarelor","item":"https:\/\/shopatoa.com\/ro\/produse-cosmetice-pentru-ingrijirea-picioarelor\/"},{"@type":"ListItem","position":6,"name":"Cosmetice pentru picioare","item":"https:\/\/shopatoa.com\/ro\/cosmetice-pentru-picioare\/"},{"@type":"ListItem","position":7,"name":"L&#8217;Occitane en Provence Crem\u0103 pentru picioare cu 15% unt de shea (Foot Cream) 150 ml"}]},{"@type":"WebSite","@id":"https:\/\/shopatoa.com\/ro\/#website","url":"https:\/\/shopatoa.com\/ro\/","name":"SHOPATOA","description":"","publisher":{"@id":"https:\/\/shopatoa.com\/ro\/#organization"},"potentialAction":[{"@type":"SearchAction","target":{"@type":"EntryPoint","urlTemplate":"https:\/\/shopatoa.com\/ro\/?s={search_term_string}"},"query-input":{"@type":"PropertyValueSpecification","valueRequired":true,"valueName":"search_term_string"}}],"inLanguage":"ro-RO"},{"@type":"Organization","@id":"https:\/\/shopatoa.com\/ro\/#organization","name":"SHOPATOA","url":"https:\/\/shopatoa.com\/ro\/","logo":{"@type":"ImageObject","inLanguage":"ro-RO","@id":"https:\/\/shopatoa.com\/ro\/#\/schema\/logo\/image\/","url":"https:\/\/storage.googleapis.com\/cz-shopatoa-img\/ro\/b4dac915-shopatoa_logo.png","contentUrl":"https:\/\/storage.googleapis.com\/cz-shopatoa-img\/ro\/b4dac915-shopatoa_logo.png","width":416,"height":63,"caption":"SHOPATOA"},"image":{"@id":"https:\/\/shopatoa.com\/ro\/#\/schema\/logo\/image\/"}}]}},"_links":{"self":[{"href":"https:\/\/shopatoa.com\/ro\/wp-json\/wp\/v2\/product\/270646","targetHints":{"allow":["GET"]}}],"collection":[{"href":"https:\/\/shopatoa.com\/ro\/wp-json\/wp\/v2\/product"}],"about":[{"href":"https:\/\/shopatoa.com\/ro\/wp-json\/wp\/v2\/types\/product"}],"replies":[{"embeddable":true,"href":"https:\/\/shopatoa.com\/ro\/wp-json\/wp\/v2\/comments?post=270646"}],"wp:featuredmedia":[{"embeddable":true,"href":"https:\/\/shopatoa.com\/ro\/wp-json\/wp\/v2\/media\/270647"}],"wp:attachment":[{"href":"https:\/\/shopatoa.com\/ro\/wp-json\/wp\/v2\/media?parent=270646"}],"wp:term":[{"taxonomy":"product_brand","embeddable":true,"href":"https:\/\/shopatoa.com\/ro\/wp-json\/wp\/v2\/product_brand?post=270646"},{"taxonomy":"product_cat","embeddable":true,"href":"https:\/\/shopatoa.com\/ro\/wp-json\/wp\/v2\/product_cat?post=270646"},{"taxonomy":"product_tag","embeddable":true,"href":"https:\/\/shopatoa.com\/ro\/wp-json\/wp\/v2\/product_tag?post=270646"}],"curies":[{"name":"wp","href":"https:\/\/api.w.org\/{rel}","templated":true}]}}