{"id":270736,"date":"2025-04-29T08:05:35","date_gmt":"2025-04-29T06:05:35","guid":{"rendered":"https:\/\/shopatoa.com\/ro\/annemarie-borlind-machiaj-lichid-pentru-ten-matur-anti-aging-make-up-30-ml-honey\/"},"modified":"2025-12-08T20:52:56","modified_gmt":"2025-12-08T19:52:56","slug":"annemarie-borlind-machiaj-lichid-pentru-ten-matur-anti-aging-make-up-30-ml-honey","status":"publish","type":"product","link":"https:\/\/shopatoa.com\/ro\/annemarie-borlind-machiaj-lichid-pentru-ten-matur-anti-aging-make-up-30-ml-honey\/","title":{"rendered":"ANNEMARIE BORLIND Machiaj lichid pentru ten matur (Anti-aging Make-up) 30 ml Honey"},"content":{"rendered":"<p>Machiajul anti-aging ofer\u0103 o acoperire ridicat\u0103. Textura pl\u0103cut\u0103 este \u00eembog\u0103\u021bit\u0103 cu ingrediente naturale de \u00eenalt\u0103 calitate, datorit\u0103 c\u0103rora nu \u00eencarc\u0103 pielea. Creeaz\u0103 un efect mat \u0219i neted al pielii. Nu numai c\u0103 ofer\u0103 o acoperire perfect\u0103, dar lupt\u0103 \u0219i \u00eempotriva semnelor \u00eemb\u0103tr\u00e2nirii. Compozi\u021bia unic\u0103 \u00eent\u0103re\u0219te fibra de colagen din piele \u0219i ofer\u0103 mai mult\u0103 elasticitate contururilor fe\u021bei. Datorit\u0103 con\u021binutului de ulei de camelie \u0219i aloe vera, neteze\u0219te, hidrateaz\u0103 \u0219i catifeleaz\u0103 pielea. Machiajul este potrivit pentru toate tipurile de ten.<\/p>\n","protected":false},"excerpt":{"rendered":"<p>Machiajul anti-aging ofer\u0103 o acoperire ridicat\u0103. Textura pl\u0103cut\u0103 este \u00eembog\u0103\u021bit\u0103 cu ingrediente naturale de \u00eenalt\u0103 calitate, datorit\u0103 c\u0103rora nu \u00eencarc\u0103 pielea. Creeaz\u0103 un efect mat \u0219i neted al pielii. Nu numai c\u0103 ofer\u0103 o acoperire perfect\u0103, dar lupt\u0103 \u0219i \u00eempotriva semnelor \u00eemb\u0103tr\u00e2nirii. Compozi\u021bia unic\u0103 \u00eent\u0103re\u0219te fibra de colagen din piele \u0219i ofer\u0103 mai mult\u0103 elasticitate&#8230;<\/p>\n","protected":false},"featured_media":270737,"comment_status":"closed","ping_status":"open","template":"","meta":{"_acf_changed":false,"_kadence_starter_templates_imported_post":false,"_kad_post_transparent":"","_kad_post_title":"","_kad_post_layout":"","_kad_post_sidebar_id":"","_kad_post_content_style":"","_kad_post_vertical_padding":"","_kad_post_feature":"","_kad_post_feature_position":"","_kad_post_header":false,"_kad_post_footer":false,"_kad_post_classname":""},"product_brand":[112],"product_cat":[246,609,616,705],"product_tag":[],"class_list":{"0":"post-270736","1":"product","2":"type-product","3":"status-publish","4":"has-post-thumbnail","6":"product_brand-annemarie-borlind","7":"product_cat-cosmetice","8":"product_cat-cosmetice-decorative","9":"product_cat-machiaj-pentru-fata","10":"product_cat-make-ups","12":"first","13":"instock","14":"product-type-external","15":"entry","16":"content-bg","17":"loop-entry"},"acf":[],"yoast_head":"<!-- This site is optimized with the Yoast SEO plugin v27.3 - https:\/\/yoast.com\/product\/yoast-seo-wordpress\/ -->\n<title>ANNEMARIE BORLIND Machiaj lichid pentru ten matur (Anti-aging Make-up) 30 ml Honey - SHOPATOA.COM<\/title>\n<meta name=\"robots\" content=\"index, follow, max-snippet:-1, max-image-preview:large, max-video-preview:-1\" \/>\n<link rel=\"canonical\" href=\"https:\/\/shopatoa.com\/ro\/annemarie-borlind-machiaj-lichid-pentru-ten-matur-anti-aging-make-up-30-ml-honey\/\" \/>\n<meta property=\"og:locale\" content=\"ro_RO\" \/>\n<meta property=\"og:type\" content=\"article\" \/>\n<meta property=\"og:title\" content=\"ANNEMARIE BORLIND Machiaj lichid pentru ten matur (Anti-aging Make-up) 30 ml Honey - SHOPATOA.COM\" \/>\n<meta property=\"og:description\" content=\"Machiajul anti-aging ofer\u0103 o acoperire ridicat\u0103. Textura pl\u0103cut\u0103 este \u00eembog\u0103\u021bit\u0103 cu ingrediente naturale de \u00eenalt\u0103 calitate, datorit\u0103 c\u0103rora nu \u00eencarc\u0103 pielea. Creeaz\u0103 un efect mat \u0219i neted al pielii. Nu numai c\u0103 ofer\u0103 o acoperire perfect\u0103, dar lupt\u0103 \u0219i \u00eempotriva semnelor \u00eemb\u0103tr\u00e2nirii. Compozi\u021bia unic\u0103 \u00eent\u0103re\u0219te fibra de colagen din piele \u0219i ofer\u0103 mai mult\u0103 elasticitate...\" \/>\n<meta property=\"og:url\" content=\"https:\/\/shopatoa.com\/ro\/annemarie-borlind-machiaj-lichid-pentru-ten-matur-anti-aging-make-up-30-ml-honey\/\" \/>\n<meta property=\"og:site_name\" content=\"SHOPATOA\" \/>\n<meta property=\"article:modified_time\" content=\"2025-12-08T19:52:56+00:00\" \/>\n<meta property=\"og:image\" content=\"https:\/\/storage.googleapis.com\/cz-shopatoa-img\/ro\/a355ffc5-unnamed-file.webp\" \/>\n\t<meta property=\"og:image:width\" content=\"800\" \/>\n\t<meta property=\"og:image:height\" content=\"800\" \/>\n\t<meta property=\"og:image:type\" content=\"image\/webp\" \/>\n<meta name=\"twitter:card\" content=\"summary_large_image\" \/>\n<script type=\"application\/ld+json\" class=\"yoast-schema-graph\">{\"@context\":\"https:\\\/\\\/schema.org\",\"@graph\":[{\"@type\":\"WebPage\",\"@id\":\"https:\\\/\\\/shopatoa.com\\\/ro\\\/annemarie-borlind-machiaj-lichid-pentru-ten-matur-anti-aging-make-up-30-ml-honey\\\/\",\"url\":\"https:\\\/\\\/shopatoa.com\\\/ro\\\/annemarie-borlind-machiaj-lichid-pentru-ten-matur-anti-aging-make-up-30-ml-honey\\\/\",\"name\":\"ANNEMARIE BORLIND Machiaj lichid pentru ten matur (Anti-aging Make-up) 30 ml Honey - SHOPATOA.COM\",\"isPartOf\":{\"@id\":\"https:\\\/\\\/shopatoa.com\\\/ro\\\/#website\"},\"primaryImageOfPage\":{\"@id\":\"https:\\\/\\\/shopatoa.com\\\/ro\\\/annemarie-borlind-machiaj-lichid-pentru-ten-matur-anti-aging-make-up-30-ml-honey\\\/#primaryimage\"},\"image\":{\"@id\":\"https:\\\/\\\/shopatoa.com\\\/ro\\\/annemarie-borlind-machiaj-lichid-pentru-ten-matur-anti-aging-make-up-30-ml-honey\\\/#primaryimage\"},\"thumbnailUrl\":\"https:\\\/\\\/storage.googleapis.com\\\/cz-shopatoa-img\\\/ro\\\/a355ffc5-unnamed-file.webp\",\"datePublished\":\"2025-04-29T06:05:35+00:00\",\"dateModified\":\"2025-12-08T19:52:56+00:00\",\"breadcrumb\":{\"@id\":\"https:\\\/\\\/shopatoa.com\\\/ro\\\/annemarie-borlind-machiaj-lichid-pentru-ten-matur-anti-aging-make-up-30-ml-honey\\\/#breadcrumb\"},\"inLanguage\":\"ro-RO\",\"potentialAction\":[{\"@type\":\"ReadAction\",\"target\":[\"https:\\\/\\\/shopatoa.com\\\/ro\\\/annemarie-borlind-machiaj-lichid-pentru-ten-matur-anti-aging-make-up-30-ml-honey\\\/\"]}]},{\"@type\":\"ImageObject\",\"inLanguage\":\"ro-RO\",\"@id\":\"https:\\\/\\\/shopatoa.com\\\/ro\\\/annemarie-borlind-machiaj-lichid-pentru-ten-matur-anti-aging-make-up-30-ml-honey\\\/#primaryimage\",\"url\":\"https:\\\/\\\/storage.googleapis.com\\\/cz-shopatoa-img\\\/ro\\\/a355ffc5-unnamed-file.webp\",\"contentUrl\":\"https:\\\/\\\/storage.googleapis.com\\\/cz-shopatoa-img\\\/ro\\\/a355ffc5-unnamed-file.webp\",\"width\":800,\"height\":800},{\"@type\":\"BreadcrumbList\",\"@id\":\"https:\\\/\\\/shopatoa.com\\\/ro\\\/annemarie-borlind-machiaj-lichid-pentru-ten-matur-anti-aging-make-up-30-ml-honey\\\/#breadcrumb\",\"itemListElement\":[{\"@type\":\"ListItem\",\"position\":1,\"name\":\"Dom\u016f\",\"item\":\"https:\\\/\\\/shopatoa.com\\\/ro\\\/\"},{\"@type\":\"ListItem\",\"position\":2,\"name\":\"Shop\",\"item\":\"https:\\\/\\\/shopatoa.com\\\/ro\\\/shop\\\/\"},{\"@type\":\"ListItem\",\"position\":3,\"name\":\"Cosmetice\",\"item\":\"https:\\\/\\\/shopatoa.com\\\/ro\\\/cosmetice\\\/\"},{\"@type\":\"ListItem\",\"position\":4,\"name\":\"Cosmetice decorative\",\"item\":\"https:\\\/\\\/shopatoa.com\\\/ro\\\/cosmetice-decorative\\\/\"},{\"@type\":\"ListItem\",\"position\":5,\"name\":\"Machiaj pentru fa\u021ba\",\"item\":\"https:\\\/\\\/shopatoa.com\\\/ro\\\/machiaj-pentru-fata\\\/\"},{\"@type\":\"ListItem\",\"position\":6,\"name\":\"Make-ups\",\"item\":\"https:\\\/\\\/shopatoa.com\\\/ro\\\/make-ups\\\/\"},{\"@type\":\"ListItem\",\"position\":7,\"name\":\"ANNEMARIE BORLIND Machiaj lichid pentru ten matur (Anti-aging Make-up) 30 ml Honey\"}]},{\"@type\":\"WebSite\",\"@id\":\"https:\\\/\\\/shopatoa.com\\\/ro\\\/#website\",\"url\":\"https:\\\/\\\/shopatoa.com\\\/ro\\\/\",\"name\":\"SHOPATOA\",\"description\":\"\",\"publisher\":{\"@id\":\"https:\\\/\\\/shopatoa.com\\\/ro\\\/#organization\"},\"potentialAction\":[{\"@type\":\"SearchAction\",\"target\":{\"@type\":\"EntryPoint\",\"urlTemplate\":\"https:\\\/\\\/shopatoa.com\\\/ro\\\/?s={search_term_string}\"},\"query-input\":{\"@type\":\"PropertyValueSpecification\",\"valueRequired\":true,\"valueName\":\"search_term_string\"}}],\"inLanguage\":\"ro-RO\"},{\"@type\":\"Organization\",\"@id\":\"https:\\\/\\\/shopatoa.com\\\/ro\\\/#organization\",\"name\":\"SHOPATOA\",\"url\":\"https:\\\/\\\/shopatoa.com\\\/ro\\\/\",\"logo\":{\"@type\":\"ImageObject\",\"inLanguage\":\"ro-RO\",\"@id\":\"https:\\\/\\\/shopatoa.com\\\/ro\\\/#\\\/schema\\\/logo\\\/image\\\/\",\"url\":\"https:\\\/\\\/storage.googleapis.com\\\/cz-shopatoa-img\\\/ro\\\/b4dac915-shopatoa_logo.png\",\"contentUrl\":\"https:\\\/\\\/storage.googleapis.com\\\/cz-shopatoa-img\\\/ro\\\/b4dac915-shopatoa_logo.png\",\"width\":416,\"height\":63,\"caption\":\"SHOPATOA\"},\"image\":{\"@id\":\"https:\\\/\\\/shopatoa.com\\\/ro\\\/#\\\/schema\\\/logo\\\/image\\\/\"}}]}<\/script>\n<!-- \/ Yoast SEO plugin. -->","yoast_head_json":{"title":"ANNEMARIE BORLIND Machiaj lichid pentru ten matur (Anti-aging Make-up) 30 ml Honey - SHOPATOA.COM","robots":{"index":"index","follow":"follow","max-snippet":"max-snippet:-1","max-image-preview":"max-image-preview:large","max-video-preview":"max-video-preview:-1"},"canonical":"https:\/\/shopatoa.com\/ro\/annemarie-borlind-machiaj-lichid-pentru-ten-matur-anti-aging-make-up-30-ml-honey\/","og_locale":"ro_RO","og_type":"article","og_title":"ANNEMARIE BORLIND Machiaj lichid pentru ten matur (Anti-aging Make-up) 30 ml Honey - SHOPATOA.COM","og_description":"Machiajul anti-aging ofer\u0103 o acoperire ridicat\u0103. Textura pl\u0103cut\u0103 este \u00eembog\u0103\u021bit\u0103 cu ingrediente naturale de \u00eenalt\u0103 calitate, datorit\u0103 c\u0103rora nu \u00eencarc\u0103 pielea. Creeaz\u0103 un efect mat \u0219i neted al pielii. Nu numai c\u0103 ofer\u0103 o acoperire perfect\u0103, dar lupt\u0103 \u0219i \u00eempotriva semnelor \u00eemb\u0103tr\u00e2nirii. Compozi\u021bia unic\u0103 \u00eent\u0103re\u0219te fibra de colagen din piele \u0219i ofer\u0103 mai mult\u0103 elasticitate...","og_url":"https:\/\/shopatoa.com\/ro\/annemarie-borlind-machiaj-lichid-pentru-ten-matur-anti-aging-make-up-30-ml-honey\/","og_site_name":"SHOPATOA","article_modified_time":"2025-12-08T19:52:56+00:00","og_image":[{"width":800,"height":800,"url":"https:\/\/storage.googleapis.com\/cz-shopatoa-img\/ro\/a355ffc5-unnamed-file.webp","type":"image\/webp"}],"twitter_card":"summary_large_image","schema":{"@context":"https:\/\/schema.org","@graph":[{"@type":"WebPage","@id":"https:\/\/shopatoa.com\/ro\/annemarie-borlind-machiaj-lichid-pentru-ten-matur-anti-aging-make-up-30-ml-honey\/","url":"https:\/\/shopatoa.com\/ro\/annemarie-borlind-machiaj-lichid-pentru-ten-matur-anti-aging-make-up-30-ml-honey\/","name":"ANNEMARIE BORLIND Machiaj lichid pentru ten matur (Anti-aging Make-up) 30 ml Honey - SHOPATOA.COM","isPartOf":{"@id":"https:\/\/shopatoa.com\/ro\/#website"},"primaryImageOfPage":{"@id":"https:\/\/shopatoa.com\/ro\/annemarie-borlind-machiaj-lichid-pentru-ten-matur-anti-aging-make-up-30-ml-honey\/#primaryimage"},"image":{"@id":"https:\/\/shopatoa.com\/ro\/annemarie-borlind-machiaj-lichid-pentru-ten-matur-anti-aging-make-up-30-ml-honey\/#primaryimage"},"thumbnailUrl":"https:\/\/storage.googleapis.com\/cz-shopatoa-img\/ro\/a355ffc5-unnamed-file.webp","datePublished":"2025-04-29T06:05:35+00:00","dateModified":"2025-12-08T19:52:56+00:00","breadcrumb":{"@id":"https:\/\/shopatoa.com\/ro\/annemarie-borlind-machiaj-lichid-pentru-ten-matur-anti-aging-make-up-30-ml-honey\/#breadcrumb"},"inLanguage":"ro-RO","potentialAction":[{"@type":"ReadAction","target":["https:\/\/shopatoa.com\/ro\/annemarie-borlind-machiaj-lichid-pentru-ten-matur-anti-aging-make-up-30-ml-honey\/"]}]},{"@type":"ImageObject","inLanguage":"ro-RO","@id":"https:\/\/shopatoa.com\/ro\/annemarie-borlind-machiaj-lichid-pentru-ten-matur-anti-aging-make-up-30-ml-honey\/#primaryimage","url":"https:\/\/storage.googleapis.com\/cz-shopatoa-img\/ro\/a355ffc5-unnamed-file.webp","contentUrl":"https:\/\/storage.googleapis.com\/cz-shopatoa-img\/ro\/a355ffc5-unnamed-file.webp","width":800,"height":800},{"@type":"BreadcrumbList","@id":"https:\/\/shopatoa.com\/ro\/annemarie-borlind-machiaj-lichid-pentru-ten-matur-anti-aging-make-up-30-ml-honey\/#breadcrumb","itemListElement":[{"@type":"ListItem","position":1,"name":"Dom\u016f","item":"https:\/\/shopatoa.com\/ro\/"},{"@type":"ListItem","position":2,"name":"Shop","item":"https:\/\/shopatoa.com\/ro\/shop\/"},{"@type":"ListItem","position":3,"name":"Cosmetice","item":"https:\/\/shopatoa.com\/ro\/cosmetice\/"},{"@type":"ListItem","position":4,"name":"Cosmetice decorative","item":"https:\/\/shopatoa.com\/ro\/cosmetice-decorative\/"},{"@type":"ListItem","position":5,"name":"Machiaj pentru fa\u021ba","item":"https:\/\/shopatoa.com\/ro\/machiaj-pentru-fata\/"},{"@type":"ListItem","position":6,"name":"Make-ups","item":"https:\/\/shopatoa.com\/ro\/make-ups\/"},{"@type":"ListItem","position":7,"name":"ANNEMARIE BORLIND Machiaj lichid pentru ten matur (Anti-aging Make-up) 30 ml Honey"}]},{"@type":"WebSite","@id":"https:\/\/shopatoa.com\/ro\/#website","url":"https:\/\/shopatoa.com\/ro\/","name":"SHOPATOA","description":"","publisher":{"@id":"https:\/\/shopatoa.com\/ro\/#organization"},"potentialAction":[{"@type":"SearchAction","target":{"@type":"EntryPoint","urlTemplate":"https:\/\/shopatoa.com\/ro\/?s={search_term_string}"},"query-input":{"@type":"PropertyValueSpecification","valueRequired":true,"valueName":"search_term_string"}}],"inLanguage":"ro-RO"},{"@type":"Organization","@id":"https:\/\/shopatoa.com\/ro\/#organization","name":"SHOPATOA","url":"https:\/\/shopatoa.com\/ro\/","logo":{"@type":"ImageObject","inLanguage":"ro-RO","@id":"https:\/\/shopatoa.com\/ro\/#\/schema\/logo\/image\/","url":"https:\/\/storage.googleapis.com\/cz-shopatoa-img\/ro\/b4dac915-shopatoa_logo.png","contentUrl":"https:\/\/storage.googleapis.com\/cz-shopatoa-img\/ro\/b4dac915-shopatoa_logo.png","width":416,"height":63,"caption":"SHOPATOA"},"image":{"@id":"https:\/\/shopatoa.com\/ro\/#\/schema\/logo\/image\/"}}]}},"_links":{"self":[{"href":"https:\/\/shopatoa.com\/ro\/wp-json\/wp\/v2\/product\/270736","targetHints":{"allow":["GET"]}}],"collection":[{"href":"https:\/\/shopatoa.com\/ro\/wp-json\/wp\/v2\/product"}],"about":[{"href":"https:\/\/shopatoa.com\/ro\/wp-json\/wp\/v2\/types\/product"}],"replies":[{"embeddable":true,"href":"https:\/\/shopatoa.com\/ro\/wp-json\/wp\/v2\/comments?post=270736"}],"wp:featuredmedia":[{"embeddable":true,"href":"https:\/\/shopatoa.com\/ro\/wp-json\/wp\/v2\/media\/270737"}],"wp:attachment":[{"href":"https:\/\/shopatoa.com\/ro\/wp-json\/wp\/v2\/media?parent=270736"}],"wp:term":[{"taxonomy":"product_brand","embeddable":true,"href":"https:\/\/shopatoa.com\/ro\/wp-json\/wp\/v2\/product_brand?post=270736"},{"taxonomy":"product_cat","embeddable":true,"href":"https:\/\/shopatoa.com\/ro\/wp-json\/wp\/v2\/product_cat?post=270736"},{"taxonomy":"product_tag","embeddable":true,"href":"https:\/\/shopatoa.com\/ro\/wp-json\/wp\/v2\/product_tag?post=270736"}],"curies":[{"name":"wp","href":"https:\/\/api.w.org\/{rel}","templated":true}]}}