{"id":270889,"date":"2025-04-29T08:45:18","date_gmt":"2025-04-29T06:45:18","guid":{"rendered":"https:\/\/shopatoa.com\/ro\/a-derma-ulei-gel-pentru-masaj-epitheliale-a-h-massage-gel-oil-40-ml\/"},"modified":"2025-12-08T20:23:38","modified_gmt":"2025-12-08T19:23:38","slug":"a-derma-ulei-gel-pentru-masaj-epitheliale-a-h-massage-gel-oil-40-ml","status":"publish","type":"product","link":"https:\/\/shopatoa.com\/ro\/a-derma-ulei-gel-pentru-masaj-epitheliale-a-h-massage-gel-oil-40-ml\/","title":{"rendered":"A-DERMA Ulei gel pentru masaj Epitheliale A.H. (Massage Gel-Oil) 40 ml"},"content":{"rendered":"<p>Uleiul de gel pentru masaj este un produs special conceput pentru \u00eengrijirea cicatricilor \u0219i a vergeturilor. Datorit\u0103 texturii sale de gel patentat\u0103, este u\u0219or de aplicat \u0219i nu curge. Cu utilizarea regulat\u0103 de dou\u0103 ori pe zi, ajut\u0103 la \u00eembun\u0103t\u0103\u021birea aspectului cicatricilor \u0219i la reducerea vergeturilor. \u00cen timpul masajului, stimuleaz\u0103 microcircula\u021bia pielii, optimizeaz\u0103 hidratarea \u0219i amelioreaz\u0103 senza\u021biile de tensiune \u0219i m\u00e2nc\u0103rime.<\/p>\n","protected":false},"excerpt":{"rendered":"<p>Uleiul de gel pentru masaj este un produs special conceput pentru \u00eengrijirea cicatricilor \u0219i a vergeturilor. Datorit\u0103 texturii sale de gel patentat\u0103, este u\u0219or de aplicat \u0219i nu curge. Cu utilizarea regulat\u0103 de dou\u0103 ori pe zi, ajut\u0103 la \u00eembun\u0103t\u0103\u021birea aspectului cicatricilor \u0219i la reducerea vergeturilor. \u00cen timpul masajului, stimuleaz\u0103 microcircula\u021bia pielii, optimizeaz\u0103 hidratarea \u0219i&#8230;<\/p>\n","protected":false},"featured_media":270890,"comment_status":"closed","ping_status":"open","template":"","meta":{"_acf_changed":false,"_kadence_starter_templates_imported_post":false,"_kad_post_transparent":"","_kad_post_title":"","_kad_post_layout":"","_kad_post_sidebar_id":"","_kad_post_content_style":"","_kad_post_vertical_padding":"","_kad_post_feature":"","_kad_post_feature_position":"","_kad_post_header":false,"_kad_post_footer":false,"_kad_post_classname":""},"product_brand":[1010],"product_cat":[246,676,677,611],"product_tag":[],"class_list":{"0":"post-270889","1":"product","2":"type-product","3":"status-publish","4":"has-post-thumbnail","6":"product_brand-a-derma","7":"product_cat-cosmetice","8":"product_cat-dispozitive-si-preparate-pentru-masaj","9":"product_cat-preparate-de-masaj","10":"product_cat-produse-cosmetice-pentru-corp","12":"first","13":"instock","14":"sale","15":"product-type-external","16":"entry","17":"content-bg","18":"loop-entry"},"acf":[],"yoast_head":"<!-- This site is optimized with the Yoast SEO plugin v27.4 - https:\/\/yoast.com\/product\/yoast-seo-wordpress\/ -->\n<title>A-DERMA Ulei gel pentru masaj Epitheliale A.H. (Massage Gel-Oil) 40 ml - SHOPATOA.COM<\/title>\n<meta name=\"robots\" content=\"index, follow, max-snippet:-1, max-image-preview:large, max-video-preview:-1\" \/>\n<link rel=\"canonical\" href=\"https:\/\/shopatoa.com\/ro\/a-derma-ulei-gel-pentru-masaj-epitheliale-a-h-massage-gel-oil-40-ml\/\" \/>\n<meta property=\"og:locale\" content=\"ro_RO\" \/>\n<meta property=\"og:type\" content=\"article\" \/>\n<meta property=\"og:title\" content=\"A-DERMA Ulei gel pentru masaj Epitheliale A.H. (Massage Gel-Oil) 40 ml - SHOPATOA.COM\" \/>\n<meta property=\"og:description\" content=\"Uleiul de gel pentru masaj este un produs special conceput pentru \u00eengrijirea cicatricilor \u0219i a vergeturilor. Datorit\u0103 texturii sale de gel patentat\u0103, este u\u0219or de aplicat \u0219i nu curge. Cu utilizarea regulat\u0103 de dou\u0103 ori pe zi, ajut\u0103 la \u00eembun\u0103t\u0103\u021birea aspectului cicatricilor \u0219i la reducerea vergeturilor. \u00cen timpul masajului, stimuleaz\u0103 microcircula\u021bia pielii, optimizeaz\u0103 hidratarea \u0219i...\" \/>\n<meta property=\"og:url\" content=\"https:\/\/shopatoa.com\/ro\/a-derma-ulei-gel-pentru-masaj-epitheliale-a-h-massage-gel-oil-40-ml\/\" \/>\n<meta property=\"og:site_name\" content=\"SHOPATOA\" \/>\n<meta property=\"article:modified_time\" content=\"2025-12-08T19:23:38+00:00\" \/>\n<meta property=\"og:image\" content=\"https:\/\/storage.googleapis.com\/cz-shopatoa-img\/ro\/1923f51f-unnamed-file.webp\" \/>\n\t<meta property=\"og:image:width\" content=\"800\" \/>\n\t<meta property=\"og:image:height\" content=\"800\" \/>\n\t<meta property=\"og:image:type\" content=\"image\/webp\" \/>\n<meta name=\"twitter:card\" content=\"summary_large_image\" \/>\n<script type=\"application\/ld+json\" class=\"yoast-schema-graph\">{\"@context\":\"https:\\\/\\\/schema.org\",\"@graph\":[{\"@type\":\"WebPage\",\"@id\":\"https:\\\/\\\/shopatoa.com\\\/ro\\\/a-derma-ulei-gel-pentru-masaj-epitheliale-a-h-massage-gel-oil-40-ml\\\/\",\"url\":\"https:\\\/\\\/shopatoa.com\\\/ro\\\/a-derma-ulei-gel-pentru-masaj-epitheliale-a-h-massage-gel-oil-40-ml\\\/\",\"name\":\"A-DERMA Ulei gel pentru masaj Epitheliale A.H. (Massage Gel-Oil) 40 ml - SHOPATOA.COM\",\"isPartOf\":{\"@id\":\"https:\\\/\\\/shopatoa.com\\\/ro\\\/#website\"},\"primaryImageOfPage\":{\"@id\":\"https:\\\/\\\/shopatoa.com\\\/ro\\\/a-derma-ulei-gel-pentru-masaj-epitheliale-a-h-massage-gel-oil-40-ml\\\/#primaryimage\"},\"image\":{\"@id\":\"https:\\\/\\\/shopatoa.com\\\/ro\\\/a-derma-ulei-gel-pentru-masaj-epitheliale-a-h-massage-gel-oil-40-ml\\\/#primaryimage\"},\"thumbnailUrl\":\"https:\\\/\\\/storage.googleapis.com\\\/cz-shopatoa-img\\\/ro\\\/1923f51f-unnamed-file.webp\",\"datePublished\":\"2025-04-29T06:45:18+00:00\",\"dateModified\":\"2025-12-08T19:23:38+00:00\",\"breadcrumb\":{\"@id\":\"https:\\\/\\\/shopatoa.com\\\/ro\\\/a-derma-ulei-gel-pentru-masaj-epitheliale-a-h-massage-gel-oil-40-ml\\\/#breadcrumb\"},\"inLanguage\":\"ro-RO\",\"potentialAction\":[{\"@type\":\"ReadAction\",\"target\":[\"https:\\\/\\\/shopatoa.com\\\/ro\\\/a-derma-ulei-gel-pentru-masaj-epitheliale-a-h-massage-gel-oil-40-ml\\\/\"]}]},{\"@type\":\"ImageObject\",\"inLanguage\":\"ro-RO\",\"@id\":\"https:\\\/\\\/shopatoa.com\\\/ro\\\/a-derma-ulei-gel-pentru-masaj-epitheliale-a-h-massage-gel-oil-40-ml\\\/#primaryimage\",\"url\":\"https:\\\/\\\/storage.googleapis.com\\\/cz-shopatoa-img\\\/ro\\\/1923f51f-unnamed-file.webp\",\"contentUrl\":\"https:\\\/\\\/storage.googleapis.com\\\/cz-shopatoa-img\\\/ro\\\/1923f51f-unnamed-file.webp\",\"width\":800,\"height\":800},{\"@type\":\"BreadcrumbList\",\"@id\":\"https:\\\/\\\/shopatoa.com\\\/ro\\\/a-derma-ulei-gel-pentru-masaj-epitheliale-a-h-massage-gel-oil-40-ml\\\/#breadcrumb\",\"itemListElement\":[{\"@type\":\"ListItem\",\"position\":1,\"name\":\"Dom\u016f\",\"item\":\"https:\\\/\\\/shopatoa.com\\\/ro\\\/\"},{\"@type\":\"ListItem\",\"position\":2,\"name\":\"Shop\",\"item\":\"https:\\\/\\\/shopatoa.com\\\/ro\\\/shop\\\/\"},{\"@type\":\"ListItem\",\"position\":3,\"name\":\"Cosmetice\",\"item\":\"https:\\\/\\\/shopatoa.com\\\/ro\\\/cosmetice\\\/\"},{\"@type\":\"ListItem\",\"position\":4,\"name\":\"Produse cosmetice pentru corp\",\"item\":\"https:\\\/\\\/shopatoa.com\\\/ro\\\/produse-cosmetice-pentru-corp\\\/\"},{\"@type\":\"ListItem\",\"position\":5,\"name\":\"Dispozitive \u0219i preparate pentru masaj\",\"item\":\"https:\\\/\\\/shopatoa.com\\\/ro\\\/dispozitive-si-preparate-pentru-masaj\\\/\"},{\"@type\":\"ListItem\",\"position\":6,\"name\":\"Preparate de masaj\",\"item\":\"https:\\\/\\\/shopatoa.com\\\/ro\\\/preparate-de-masaj\\\/\"},{\"@type\":\"ListItem\",\"position\":7,\"name\":\"A-DERMA Ulei gel pentru masaj Epitheliale A.H. (Massage Gel-Oil) 40 ml\"}]},{\"@type\":\"WebSite\",\"@id\":\"https:\\\/\\\/shopatoa.com\\\/ro\\\/#website\",\"url\":\"https:\\\/\\\/shopatoa.com\\\/ro\\\/\",\"name\":\"SHOPATOA\",\"description\":\"\",\"publisher\":{\"@id\":\"https:\\\/\\\/shopatoa.com\\\/ro\\\/#organization\"},\"potentialAction\":[{\"@type\":\"SearchAction\",\"target\":{\"@type\":\"EntryPoint\",\"urlTemplate\":\"https:\\\/\\\/shopatoa.com\\\/ro\\\/?s={search_term_string}\"},\"query-input\":{\"@type\":\"PropertyValueSpecification\",\"valueRequired\":true,\"valueName\":\"search_term_string\"}}],\"inLanguage\":\"ro-RO\"},{\"@type\":\"Organization\",\"@id\":\"https:\\\/\\\/shopatoa.com\\\/ro\\\/#organization\",\"name\":\"SHOPATOA\",\"url\":\"https:\\\/\\\/shopatoa.com\\\/ro\\\/\",\"logo\":{\"@type\":\"ImageObject\",\"inLanguage\":\"ro-RO\",\"@id\":\"https:\\\/\\\/shopatoa.com\\\/ro\\\/#\\\/schema\\\/logo\\\/image\\\/\",\"url\":\"https:\\\/\\\/storage.googleapis.com\\\/cz-shopatoa-img\\\/ro\\\/b4dac915-shopatoa_logo.png\",\"contentUrl\":\"https:\\\/\\\/storage.googleapis.com\\\/cz-shopatoa-img\\\/ro\\\/b4dac915-shopatoa_logo.png\",\"width\":416,\"height\":63,\"caption\":\"SHOPATOA\"},\"image\":{\"@id\":\"https:\\\/\\\/shopatoa.com\\\/ro\\\/#\\\/schema\\\/logo\\\/image\\\/\"}}]}<\/script>\n<!-- \/ Yoast SEO plugin. -->","yoast_head_json":{"title":"A-DERMA Ulei gel pentru masaj Epitheliale A.H. (Massage Gel-Oil) 40 ml - SHOPATOA.COM","robots":{"index":"index","follow":"follow","max-snippet":"max-snippet:-1","max-image-preview":"max-image-preview:large","max-video-preview":"max-video-preview:-1"},"canonical":"https:\/\/shopatoa.com\/ro\/a-derma-ulei-gel-pentru-masaj-epitheliale-a-h-massage-gel-oil-40-ml\/","og_locale":"ro_RO","og_type":"article","og_title":"A-DERMA Ulei gel pentru masaj Epitheliale A.H. (Massage Gel-Oil) 40 ml - SHOPATOA.COM","og_description":"Uleiul de gel pentru masaj este un produs special conceput pentru \u00eengrijirea cicatricilor \u0219i a vergeturilor. Datorit\u0103 texturii sale de gel patentat\u0103, este u\u0219or de aplicat \u0219i nu curge. Cu utilizarea regulat\u0103 de dou\u0103 ori pe zi, ajut\u0103 la \u00eembun\u0103t\u0103\u021birea aspectului cicatricilor \u0219i la reducerea vergeturilor. \u00cen timpul masajului, stimuleaz\u0103 microcircula\u021bia pielii, optimizeaz\u0103 hidratarea \u0219i...","og_url":"https:\/\/shopatoa.com\/ro\/a-derma-ulei-gel-pentru-masaj-epitheliale-a-h-massage-gel-oil-40-ml\/","og_site_name":"SHOPATOA","article_modified_time":"2025-12-08T19:23:38+00:00","og_image":[{"width":800,"height":800,"url":"https:\/\/storage.googleapis.com\/cz-shopatoa-img\/ro\/1923f51f-unnamed-file.webp","type":"image\/webp"}],"twitter_card":"summary_large_image","schema":{"@context":"https:\/\/schema.org","@graph":[{"@type":"WebPage","@id":"https:\/\/shopatoa.com\/ro\/a-derma-ulei-gel-pentru-masaj-epitheliale-a-h-massage-gel-oil-40-ml\/","url":"https:\/\/shopatoa.com\/ro\/a-derma-ulei-gel-pentru-masaj-epitheliale-a-h-massage-gel-oil-40-ml\/","name":"A-DERMA Ulei gel pentru masaj Epitheliale A.H. (Massage Gel-Oil) 40 ml - SHOPATOA.COM","isPartOf":{"@id":"https:\/\/shopatoa.com\/ro\/#website"},"primaryImageOfPage":{"@id":"https:\/\/shopatoa.com\/ro\/a-derma-ulei-gel-pentru-masaj-epitheliale-a-h-massage-gel-oil-40-ml\/#primaryimage"},"image":{"@id":"https:\/\/shopatoa.com\/ro\/a-derma-ulei-gel-pentru-masaj-epitheliale-a-h-massage-gel-oil-40-ml\/#primaryimage"},"thumbnailUrl":"https:\/\/storage.googleapis.com\/cz-shopatoa-img\/ro\/1923f51f-unnamed-file.webp","datePublished":"2025-04-29T06:45:18+00:00","dateModified":"2025-12-08T19:23:38+00:00","breadcrumb":{"@id":"https:\/\/shopatoa.com\/ro\/a-derma-ulei-gel-pentru-masaj-epitheliale-a-h-massage-gel-oil-40-ml\/#breadcrumb"},"inLanguage":"ro-RO","potentialAction":[{"@type":"ReadAction","target":["https:\/\/shopatoa.com\/ro\/a-derma-ulei-gel-pentru-masaj-epitheliale-a-h-massage-gel-oil-40-ml\/"]}]},{"@type":"ImageObject","inLanguage":"ro-RO","@id":"https:\/\/shopatoa.com\/ro\/a-derma-ulei-gel-pentru-masaj-epitheliale-a-h-massage-gel-oil-40-ml\/#primaryimage","url":"https:\/\/storage.googleapis.com\/cz-shopatoa-img\/ro\/1923f51f-unnamed-file.webp","contentUrl":"https:\/\/storage.googleapis.com\/cz-shopatoa-img\/ro\/1923f51f-unnamed-file.webp","width":800,"height":800},{"@type":"BreadcrumbList","@id":"https:\/\/shopatoa.com\/ro\/a-derma-ulei-gel-pentru-masaj-epitheliale-a-h-massage-gel-oil-40-ml\/#breadcrumb","itemListElement":[{"@type":"ListItem","position":1,"name":"Dom\u016f","item":"https:\/\/shopatoa.com\/ro\/"},{"@type":"ListItem","position":2,"name":"Shop","item":"https:\/\/shopatoa.com\/ro\/shop\/"},{"@type":"ListItem","position":3,"name":"Cosmetice","item":"https:\/\/shopatoa.com\/ro\/cosmetice\/"},{"@type":"ListItem","position":4,"name":"Produse cosmetice pentru corp","item":"https:\/\/shopatoa.com\/ro\/produse-cosmetice-pentru-corp\/"},{"@type":"ListItem","position":5,"name":"Dispozitive \u0219i preparate pentru masaj","item":"https:\/\/shopatoa.com\/ro\/dispozitive-si-preparate-pentru-masaj\/"},{"@type":"ListItem","position":6,"name":"Preparate de masaj","item":"https:\/\/shopatoa.com\/ro\/preparate-de-masaj\/"},{"@type":"ListItem","position":7,"name":"A-DERMA Ulei gel pentru masaj Epitheliale A.H. (Massage Gel-Oil) 40 ml"}]},{"@type":"WebSite","@id":"https:\/\/shopatoa.com\/ro\/#website","url":"https:\/\/shopatoa.com\/ro\/","name":"SHOPATOA","description":"","publisher":{"@id":"https:\/\/shopatoa.com\/ro\/#organization"},"potentialAction":[{"@type":"SearchAction","target":{"@type":"EntryPoint","urlTemplate":"https:\/\/shopatoa.com\/ro\/?s={search_term_string}"},"query-input":{"@type":"PropertyValueSpecification","valueRequired":true,"valueName":"search_term_string"}}],"inLanguage":"ro-RO"},{"@type":"Organization","@id":"https:\/\/shopatoa.com\/ro\/#organization","name":"SHOPATOA","url":"https:\/\/shopatoa.com\/ro\/","logo":{"@type":"ImageObject","inLanguage":"ro-RO","@id":"https:\/\/shopatoa.com\/ro\/#\/schema\/logo\/image\/","url":"https:\/\/storage.googleapis.com\/cz-shopatoa-img\/ro\/b4dac915-shopatoa_logo.png","contentUrl":"https:\/\/storage.googleapis.com\/cz-shopatoa-img\/ro\/b4dac915-shopatoa_logo.png","width":416,"height":63,"caption":"SHOPATOA"},"image":{"@id":"https:\/\/shopatoa.com\/ro\/#\/schema\/logo\/image\/"}}]}},"_links":{"self":[{"href":"https:\/\/shopatoa.com\/ro\/wp-json\/wp\/v2\/product\/270889","targetHints":{"allow":["GET"]}}],"collection":[{"href":"https:\/\/shopatoa.com\/ro\/wp-json\/wp\/v2\/product"}],"about":[{"href":"https:\/\/shopatoa.com\/ro\/wp-json\/wp\/v2\/types\/product"}],"replies":[{"embeddable":true,"href":"https:\/\/shopatoa.com\/ro\/wp-json\/wp\/v2\/comments?post=270889"}],"wp:featuredmedia":[{"embeddable":true,"href":"https:\/\/shopatoa.com\/ro\/wp-json\/wp\/v2\/media\/270890"}],"wp:attachment":[{"href":"https:\/\/shopatoa.com\/ro\/wp-json\/wp\/v2\/media?parent=270889"}],"wp:term":[{"taxonomy":"product_brand","embeddable":true,"href":"https:\/\/shopatoa.com\/ro\/wp-json\/wp\/v2\/product_brand?post=270889"},{"taxonomy":"product_cat","embeddable":true,"href":"https:\/\/shopatoa.com\/ro\/wp-json\/wp\/v2\/product_cat?post=270889"},{"taxonomy":"product_tag","embeddable":true,"href":"https:\/\/shopatoa.com\/ro\/wp-json\/wp\/v2\/product_tag?post=270889"}],"curies":[{"name":"wp","href":"https:\/\/api.w.org\/{rel}","templated":true}]}}