{"id":270895,"date":"2025-04-29T08:45:50","date_gmt":"2025-04-29T06:45:50","guid":{"rendered":"https:\/\/shopatoa.com\/ro\/a-derma-fluid-solar-spf-50-protect-pocket-vey-high-protection-invisible-fluid-30-ml\/"},"modified":"2025-12-08T20:22:28","modified_gmt":"2025-12-08T19:22:28","slug":"a-derma-fluid-solar-spf-50-protect-pocket-vey-high-protection-invisible-fluid-30-ml","status":"publish","type":"product","link":"https:\/\/shopatoa.com\/ro\/a-derma-fluid-solar-spf-50-protect-pocket-vey-high-protection-invisible-fluid-30-ml\/","title":{"rendered":"A-DERMA Fluid solar SPF 50 Protect Pocket (Vey High Protection Invisible Fluid) 30 ml"},"content":{"rendered":"<p>Fluid solar care protejeaz\u0103 pielea sensibil\u0103 de efectele nocive ale soarelui \u0219i polu\u0103rii, \u00eent\u0103rind \u00een acela\u0219i timp bariera pielii. Datorit\u0103 formatului s\u0103u compact, se potrive\u0219te cu u\u0219urin\u021b\u0103 \u00een buzunar sau geant\u0103, f\u0103c\u00e2ndu-l \u00eenso\u021bitorul ideal pentru utilizare \u00een orice circumstan\u021be.<\/p>\n","protected":false},"excerpt":{"rendered":"<p>Fluid solar care protejeaz\u0103 pielea sensibil\u0103 de efectele nocive ale soarelui \u0219i polu\u0103rii, \u00eent\u0103rind \u00een acela\u0219i timp bariera pielii. Datorit\u0103 formatului s\u0103u compact, se potrive\u0219te cu u\u0219urin\u021b\u0103 \u00een buzunar sau geant\u0103, f\u0103c\u00e2ndu-l \u00eenso\u021bitorul ideal pentru utilizare \u00een orice circumstan\u021be.<\/p>\n","protected":false},"featured_media":270896,"comment_status":"closed","ping_status":"open","template":"","meta":{"_acf_changed":false,"_kadence_starter_templates_imported_post":false,"_kad_post_transparent":"","_kad_post_title":"","_kad_post_layout":"","_kad_post_sidebar_id":"","_kad_post_content_style":"","_kad_post_vertical_padding":"","_kad_post_feature":"","_kad_post_feature_position":"","_kad_post_header":false,"_kad_post_footer":false,"_kad_post_classname":""},"product_brand":[1010],"product_cat":[246,642,643],"product_tag":[],"class_list":{"0":"post-270895","1":"product","2":"type-product","3":"status-publish","4":"has-post-thumbnail","6":"product_brand-a-derma","7":"product_cat-cosmetice","8":"product_cat-cosmetice-de-protectie-solara","9":"product_cat-produse-pentru-bronzare","11":"first","12":"instock","13":"product-type-external","14":"entry","15":"content-bg","16":"loop-entry"},"acf":[],"yoast_head":"<!-- This site is optimized with the Yoast SEO plugin v27.3 - https:\/\/yoast.com\/product\/yoast-seo-wordpress\/ -->\n<title>A-DERMA Fluid solar SPF 50 Protect Pocket (Vey High Protection Invisible Fluid) 30 ml - SHOPATOA.COM<\/title>\n<meta name=\"robots\" content=\"index, follow, max-snippet:-1, max-image-preview:large, max-video-preview:-1\" \/>\n<link rel=\"canonical\" href=\"https:\/\/shopatoa.com\/ro\/a-derma-fluid-solar-spf-50-protect-pocket-vey-high-protection-invisible-fluid-30-ml\/\" \/>\n<meta property=\"og:locale\" content=\"ro_RO\" \/>\n<meta property=\"og:type\" content=\"article\" \/>\n<meta property=\"og:title\" content=\"A-DERMA Fluid solar SPF 50 Protect Pocket (Vey High Protection Invisible Fluid) 30 ml - SHOPATOA.COM\" \/>\n<meta property=\"og:description\" content=\"Fluid solar care protejeaz\u0103 pielea sensibil\u0103 de efectele nocive ale soarelui \u0219i polu\u0103rii, \u00eent\u0103rind \u00een acela\u0219i timp bariera pielii. Datorit\u0103 formatului s\u0103u compact, se potrive\u0219te cu u\u0219urin\u021b\u0103 \u00een buzunar sau geant\u0103, f\u0103c\u00e2ndu-l \u00eenso\u021bitorul ideal pentru utilizare \u00een orice circumstan\u021be.\" \/>\n<meta property=\"og:url\" content=\"https:\/\/shopatoa.com\/ro\/a-derma-fluid-solar-spf-50-protect-pocket-vey-high-protection-invisible-fluid-30-ml\/\" \/>\n<meta property=\"og:site_name\" content=\"SHOPATOA\" \/>\n<meta property=\"article:modified_time\" content=\"2025-12-08T19:22:28+00:00\" \/>\n<meta property=\"og:image\" content=\"https:\/\/storage.googleapis.com\/cz-shopatoa-img\/ro\/22499555-unnamed-file.webp\" \/>\n\t<meta property=\"og:image:width\" content=\"800\" \/>\n\t<meta property=\"og:image:height\" content=\"800\" \/>\n\t<meta property=\"og:image:type\" content=\"image\/webp\" \/>\n<meta name=\"twitter:card\" content=\"summary_large_image\" \/>\n<script type=\"application\/ld+json\" class=\"yoast-schema-graph\">{\"@context\":\"https:\\\/\\\/schema.org\",\"@graph\":[{\"@type\":\"WebPage\",\"@id\":\"https:\\\/\\\/shopatoa.com\\\/ro\\\/a-derma-fluid-solar-spf-50-protect-pocket-vey-high-protection-invisible-fluid-30-ml\\\/\",\"url\":\"https:\\\/\\\/shopatoa.com\\\/ro\\\/a-derma-fluid-solar-spf-50-protect-pocket-vey-high-protection-invisible-fluid-30-ml\\\/\",\"name\":\"A-DERMA Fluid solar SPF 50 Protect Pocket (Vey High Protection Invisible Fluid) 30 ml - SHOPATOA.COM\",\"isPartOf\":{\"@id\":\"https:\\\/\\\/shopatoa.com\\\/ro\\\/#website\"},\"primaryImageOfPage\":{\"@id\":\"https:\\\/\\\/shopatoa.com\\\/ro\\\/a-derma-fluid-solar-spf-50-protect-pocket-vey-high-protection-invisible-fluid-30-ml\\\/#primaryimage\"},\"image\":{\"@id\":\"https:\\\/\\\/shopatoa.com\\\/ro\\\/a-derma-fluid-solar-spf-50-protect-pocket-vey-high-protection-invisible-fluid-30-ml\\\/#primaryimage\"},\"thumbnailUrl\":\"https:\\\/\\\/storage.googleapis.com\\\/cz-shopatoa-img\\\/ro\\\/22499555-unnamed-file.webp\",\"datePublished\":\"2025-04-29T06:45:50+00:00\",\"dateModified\":\"2025-12-08T19:22:28+00:00\",\"breadcrumb\":{\"@id\":\"https:\\\/\\\/shopatoa.com\\\/ro\\\/a-derma-fluid-solar-spf-50-protect-pocket-vey-high-protection-invisible-fluid-30-ml\\\/#breadcrumb\"},\"inLanguage\":\"ro-RO\",\"potentialAction\":[{\"@type\":\"ReadAction\",\"target\":[\"https:\\\/\\\/shopatoa.com\\\/ro\\\/a-derma-fluid-solar-spf-50-protect-pocket-vey-high-protection-invisible-fluid-30-ml\\\/\"]}]},{\"@type\":\"ImageObject\",\"inLanguage\":\"ro-RO\",\"@id\":\"https:\\\/\\\/shopatoa.com\\\/ro\\\/a-derma-fluid-solar-spf-50-protect-pocket-vey-high-protection-invisible-fluid-30-ml\\\/#primaryimage\",\"url\":\"https:\\\/\\\/storage.googleapis.com\\\/cz-shopatoa-img\\\/ro\\\/22499555-unnamed-file.webp\",\"contentUrl\":\"https:\\\/\\\/storage.googleapis.com\\\/cz-shopatoa-img\\\/ro\\\/22499555-unnamed-file.webp\",\"width\":800,\"height\":800},{\"@type\":\"BreadcrumbList\",\"@id\":\"https:\\\/\\\/shopatoa.com\\\/ro\\\/a-derma-fluid-solar-spf-50-protect-pocket-vey-high-protection-invisible-fluid-30-ml\\\/#breadcrumb\",\"itemListElement\":[{\"@type\":\"ListItem\",\"position\":1,\"name\":\"Dom\u016f\",\"item\":\"https:\\\/\\\/shopatoa.com\\\/ro\\\/\"},{\"@type\":\"ListItem\",\"position\":2,\"name\":\"Shop\",\"item\":\"https:\\\/\\\/shopatoa.com\\\/ro\\\/shop\\\/\"},{\"@type\":\"ListItem\",\"position\":3,\"name\":\"Cosmetice\",\"item\":\"https:\\\/\\\/shopatoa.com\\\/ro\\\/cosmetice\\\/\"},{\"@type\":\"ListItem\",\"position\":4,\"name\":\"Cosmetice de protec\u021bie solar\u0103\",\"item\":\"https:\\\/\\\/shopatoa.com\\\/ro\\\/cosmetice-de-protectie-solara\\\/\"},{\"@type\":\"ListItem\",\"position\":5,\"name\":\"Produse pentru bronzare\",\"item\":\"https:\\\/\\\/shopatoa.com\\\/ro\\\/produse-pentru-bronzare\\\/\"},{\"@type\":\"ListItem\",\"position\":6,\"name\":\"A-DERMA Fluid solar SPF 50 Protect Pocket (Vey High Protection Invisible Fluid) 30 ml\"}]},{\"@type\":\"WebSite\",\"@id\":\"https:\\\/\\\/shopatoa.com\\\/ro\\\/#website\",\"url\":\"https:\\\/\\\/shopatoa.com\\\/ro\\\/\",\"name\":\"SHOPATOA\",\"description\":\"\",\"publisher\":{\"@id\":\"https:\\\/\\\/shopatoa.com\\\/ro\\\/#organization\"},\"potentialAction\":[{\"@type\":\"SearchAction\",\"target\":{\"@type\":\"EntryPoint\",\"urlTemplate\":\"https:\\\/\\\/shopatoa.com\\\/ro\\\/?s={search_term_string}\"},\"query-input\":{\"@type\":\"PropertyValueSpecification\",\"valueRequired\":true,\"valueName\":\"search_term_string\"}}],\"inLanguage\":\"ro-RO\"},{\"@type\":\"Organization\",\"@id\":\"https:\\\/\\\/shopatoa.com\\\/ro\\\/#organization\",\"name\":\"SHOPATOA\",\"url\":\"https:\\\/\\\/shopatoa.com\\\/ro\\\/\",\"logo\":{\"@type\":\"ImageObject\",\"inLanguage\":\"ro-RO\",\"@id\":\"https:\\\/\\\/shopatoa.com\\\/ro\\\/#\\\/schema\\\/logo\\\/image\\\/\",\"url\":\"https:\\\/\\\/storage.googleapis.com\\\/cz-shopatoa-img\\\/ro\\\/b4dac915-shopatoa_logo.png\",\"contentUrl\":\"https:\\\/\\\/storage.googleapis.com\\\/cz-shopatoa-img\\\/ro\\\/b4dac915-shopatoa_logo.png\",\"width\":416,\"height\":63,\"caption\":\"SHOPATOA\"},\"image\":{\"@id\":\"https:\\\/\\\/shopatoa.com\\\/ro\\\/#\\\/schema\\\/logo\\\/image\\\/\"}}]}<\/script>\n<!-- \/ Yoast SEO plugin. -->","yoast_head_json":{"title":"A-DERMA Fluid solar SPF 50 Protect Pocket (Vey High Protection Invisible Fluid) 30 ml - SHOPATOA.COM","robots":{"index":"index","follow":"follow","max-snippet":"max-snippet:-1","max-image-preview":"max-image-preview:large","max-video-preview":"max-video-preview:-1"},"canonical":"https:\/\/shopatoa.com\/ro\/a-derma-fluid-solar-spf-50-protect-pocket-vey-high-protection-invisible-fluid-30-ml\/","og_locale":"ro_RO","og_type":"article","og_title":"A-DERMA Fluid solar SPF 50 Protect Pocket (Vey High Protection Invisible Fluid) 30 ml - SHOPATOA.COM","og_description":"Fluid solar care protejeaz\u0103 pielea sensibil\u0103 de efectele nocive ale soarelui \u0219i polu\u0103rii, \u00eent\u0103rind \u00een acela\u0219i timp bariera pielii. Datorit\u0103 formatului s\u0103u compact, se potrive\u0219te cu u\u0219urin\u021b\u0103 \u00een buzunar sau geant\u0103, f\u0103c\u00e2ndu-l \u00eenso\u021bitorul ideal pentru utilizare \u00een orice circumstan\u021be.","og_url":"https:\/\/shopatoa.com\/ro\/a-derma-fluid-solar-spf-50-protect-pocket-vey-high-protection-invisible-fluid-30-ml\/","og_site_name":"SHOPATOA","article_modified_time":"2025-12-08T19:22:28+00:00","og_image":[{"width":800,"height":800,"url":"https:\/\/storage.googleapis.com\/cz-shopatoa-img\/ro\/22499555-unnamed-file.webp","type":"image\/webp"}],"twitter_card":"summary_large_image","schema":{"@context":"https:\/\/schema.org","@graph":[{"@type":"WebPage","@id":"https:\/\/shopatoa.com\/ro\/a-derma-fluid-solar-spf-50-protect-pocket-vey-high-protection-invisible-fluid-30-ml\/","url":"https:\/\/shopatoa.com\/ro\/a-derma-fluid-solar-spf-50-protect-pocket-vey-high-protection-invisible-fluid-30-ml\/","name":"A-DERMA Fluid solar SPF 50 Protect Pocket (Vey High Protection Invisible Fluid) 30 ml - SHOPATOA.COM","isPartOf":{"@id":"https:\/\/shopatoa.com\/ro\/#website"},"primaryImageOfPage":{"@id":"https:\/\/shopatoa.com\/ro\/a-derma-fluid-solar-spf-50-protect-pocket-vey-high-protection-invisible-fluid-30-ml\/#primaryimage"},"image":{"@id":"https:\/\/shopatoa.com\/ro\/a-derma-fluid-solar-spf-50-protect-pocket-vey-high-protection-invisible-fluid-30-ml\/#primaryimage"},"thumbnailUrl":"https:\/\/storage.googleapis.com\/cz-shopatoa-img\/ro\/22499555-unnamed-file.webp","datePublished":"2025-04-29T06:45:50+00:00","dateModified":"2025-12-08T19:22:28+00:00","breadcrumb":{"@id":"https:\/\/shopatoa.com\/ro\/a-derma-fluid-solar-spf-50-protect-pocket-vey-high-protection-invisible-fluid-30-ml\/#breadcrumb"},"inLanguage":"ro-RO","potentialAction":[{"@type":"ReadAction","target":["https:\/\/shopatoa.com\/ro\/a-derma-fluid-solar-spf-50-protect-pocket-vey-high-protection-invisible-fluid-30-ml\/"]}]},{"@type":"ImageObject","inLanguage":"ro-RO","@id":"https:\/\/shopatoa.com\/ro\/a-derma-fluid-solar-spf-50-protect-pocket-vey-high-protection-invisible-fluid-30-ml\/#primaryimage","url":"https:\/\/storage.googleapis.com\/cz-shopatoa-img\/ro\/22499555-unnamed-file.webp","contentUrl":"https:\/\/storage.googleapis.com\/cz-shopatoa-img\/ro\/22499555-unnamed-file.webp","width":800,"height":800},{"@type":"BreadcrumbList","@id":"https:\/\/shopatoa.com\/ro\/a-derma-fluid-solar-spf-50-protect-pocket-vey-high-protection-invisible-fluid-30-ml\/#breadcrumb","itemListElement":[{"@type":"ListItem","position":1,"name":"Dom\u016f","item":"https:\/\/shopatoa.com\/ro\/"},{"@type":"ListItem","position":2,"name":"Shop","item":"https:\/\/shopatoa.com\/ro\/shop\/"},{"@type":"ListItem","position":3,"name":"Cosmetice","item":"https:\/\/shopatoa.com\/ro\/cosmetice\/"},{"@type":"ListItem","position":4,"name":"Cosmetice de protec\u021bie solar\u0103","item":"https:\/\/shopatoa.com\/ro\/cosmetice-de-protectie-solara\/"},{"@type":"ListItem","position":5,"name":"Produse pentru bronzare","item":"https:\/\/shopatoa.com\/ro\/produse-pentru-bronzare\/"},{"@type":"ListItem","position":6,"name":"A-DERMA Fluid solar SPF 50 Protect Pocket (Vey High Protection Invisible Fluid) 30 ml"}]},{"@type":"WebSite","@id":"https:\/\/shopatoa.com\/ro\/#website","url":"https:\/\/shopatoa.com\/ro\/","name":"SHOPATOA","description":"","publisher":{"@id":"https:\/\/shopatoa.com\/ro\/#organization"},"potentialAction":[{"@type":"SearchAction","target":{"@type":"EntryPoint","urlTemplate":"https:\/\/shopatoa.com\/ro\/?s={search_term_string}"},"query-input":{"@type":"PropertyValueSpecification","valueRequired":true,"valueName":"search_term_string"}}],"inLanguage":"ro-RO"},{"@type":"Organization","@id":"https:\/\/shopatoa.com\/ro\/#organization","name":"SHOPATOA","url":"https:\/\/shopatoa.com\/ro\/","logo":{"@type":"ImageObject","inLanguage":"ro-RO","@id":"https:\/\/shopatoa.com\/ro\/#\/schema\/logo\/image\/","url":"https:\/\/storage.googleapis.com\/cz-shopatoa-img\/ro\/b4dac915-shopatoa_logo.png","contentUrl":"https:\/\/storage.googleapis.com\/cz-shopatoa-img\/ro\/b4dac915-shopatoa_logo.png","width":416,"height":63,"caption":"SHOPATOA"},"image":{"@id":"https:\/\/shopatoa.com\/ro\/#\/schema\/logo\/image\/"}}]}},"_links":{"self":[{"href":"https:\/\/shopatoa.com\/ro\/wp-json\/wp\/v2\/product\/270895","targetHints":{"allow":["GET"]}}],"collection":[{"href":"https:\/\/shopatoa.com\/ro\/wp-json\/wp\/v2\/product"}],"about":[{"href":"https:\/\/shopatoa.com\/ro\/wp-json\/wp\/v2\/types\/product"}],"replies":[{"embeddable":true,"href":"https:\/\/shopatoa.com\/ro\/wp-json\/wp\/v2\/comments?post=270895"}],"wp:featuredmedia":[{"embeddable":true,"href":"https:\/\/shopatoa.com\/ro\/wp-json\/wp\/v2\/media\/270896"}],"wp:attachment":[{"href":"https:\/\/shopatoa.com\/ro\/wp-json\/wp\/v2\/media?parent=270895"}],"wp:term":[{"taxonomy":"product_brand","embeddable":true,"href":"https:\/\/shopatoa.com\/ro\/wp-json\/wp\/v2\/product_brand?post=270895"},{"taxonomy":"product_cat","embeddable":true,"href":"https:\/\/shopatoa.com\/ro\/wp-json\/wp\/v2\/product_cat?post=270895"},{"taxonomy":"product_tag","embeddable":true,"href":"https:\/\/shopatoa.com\/ro\/wp-json\/wp\/v2\/product_tag?post=270895"}],"curies":[{"name":"wp","href":"https:\/\/api.w.org\/{rel}","templated":true}]}}