{"id":270913,"date":"2025-04-29T08:50:26","date_gmt":"2025-04-29T06:50:26","guid":{"rendered":"https:\/\/shopatoa.com\/ro\/elemis-balsam-incalzitor-de-masaj-warm-up-massage-balm-150-ml\/"},"modified":"2025-12-08T20:15:26","modified_gmt":"2025-12-08T19:15:26","slug":"elemis-balsam-incalzitor-de-masaj-warm-up-massage-balm-150-ml","status":"publish","type":"product","link":"https:\/\/shopatoa.com\/ro\/elemis-balsam-incalzitor-de-masaj-warm-up-massage-balm-150-ml\/","title":{"rendered":"Elemis Balsam \u00eenc\u0103lzitor de masaj (Warm-Up Massage Balm) 150 ml"},"content":{"rendered":"<p>Balsam \u00eenc\u0103lzitor care ofer\u0103 un confort lini\u0219titor corpului \u0219i induce o senza\u021bie de relaxare pentru mu\u0219chii obosi\u021bi \u0219i suprasolicita\u021bi. Aceast\u0103 formul\u0103 avansat\u0103 de \u00eenc\u0103lzire este \u00eembog\u0103\u021bit\u0103 cu ulei emolient de in, ulei de coac\u0103ze negre \u0219i ulei de semin\u021be negre. Las\u0103 pielea neted\u0103 \u0219i revitalizat\u0103 \u0219i este ideal\u0103 ca parte a \u00eengrijirii dup\u0103 efort fizic. Uleiurile naturale din ienup\u0103r, rozmarin, lavand\u0103, eucalipt \u0219i cimbru ofer\u0103 balsamului o arom\u0103 pl\u0103cut\u0103 \u0219i o experien\u021b\u0103 senzorial\u0103.<\/p>\n","protected":false},"excerpt":{"rendered":"<p>Balsam \u00eenc\u0103lzitor care ofer\u0103 un confort lini\u0219titor corpului \u0219i induce o senza\u021bie de relaxare pentru mu\u0219chii obosi\u021bi \u0219i suprasolicita\u021bi. Aceast\u0103 formul\u0103 avansat\u0103 de \u00eenc\u0103lzire este \u00eembog\u0103\u021bit\u0103 cu ulei emolient de in, ulei de coac\u0103ze negre \u0219i ulei de semin\u021be negre. Las\u0103 pielea neted\u0103 \u0219i revitalizat\u0103 \u0219i este ideal\u0103 ca parte a \u00eengrijirii dup\u0103 efort fizic&#8230;.<\/p>\n","protected":false},"featured_media":270914,"comment_status":"closed","ping_status":"open","template":"","meta":{"_acf_changed":false,"_kadence_starter_templates_imported_post":false,"_kad_post_transparent":"","_kad_post_title":"","_kad_post_layout":"","_kad_post_sidebar_id":"","_kad_post_content_style":"","_kad_post_vertical_padding":"","_kad_post_feature":"","_kad_post_feature_position":"","_kad_post_header":false,"_kad_post_footer":false,"_kad_post_classname":""},"product_brand":[299],"product_cat":[246,676,677,611],"product_tag":[],"class_list":{"0":"post-270913","1":"product","2":"type-product","3":"status-publish","4":"has-post-thumbnail","6":"product_brand-elemis","7":"product_cat-cosmetice","8":"product_cat-dispozitive-si-preparate-pentru-masaj","9":"product_cat-preparate-de-masaj","10":"product_cat-produse-cosmetice-pentru-corp","12":"first","13":"instock","14":"product-type-external","15":"entry","16":"content-bg","17":"loop-entry"},"acf":[],"yoast_head":"<!-- This site is optimized with the Yoast SEO plugin v27.4 - https:\/\/yoast.com\/product\/yoast-seo-wordpress\/ -->\n<title>Elemis Balsam \u00eenc\u0103lzitor de masaj (Warm-Up Massage Balm) 150 ml - SHOPATOA.COM<\/title>\n<meta name=\"robots\" content=\"index, follow, max-snippet:-1, max-image-preview:large, max-video-preview:-1\" \/>\n<link rel=\"canonical\" href=\"https:\/\/shopatoa.com\/ro\/elemis-balsam-incalzitor-de-masaj-warm-up-massage-balm-150-ml\/\" \/>\n<meta property=\"og:locale\" content=\"ro_RO\" \/>\n<meta property=\"og:type\" content=\"article\" \/>\n<meta property=\"og:title\" content=\"Elemis Balsam \u00eenc\u0103lzitor de masaj (Warm-Up Massage Balm) 150 ml - SHOPATOA.COM\" \/>\n<meta property=\"og:description\" content=\"Balsam \u00eenc\u0103lzitor care ofer\u0103 un confort lini\u0219titor corpului \u0219i induce o senza\u021bie de relaxare pentru mu\u0219chii obosi\u021bi \u0219i suprasolicita\u021bi. Aceast\u0103 formul\u0103 avansat\u0103 de \u00eenc\u0103lzire este \u00eembog\u0103\u021bit\u0103 cu ulei emolient de in, ulei de coac\u0103ze negre \u0219i ulei de semin\u021be negre. Las\u0103 pielea neted\u0103 \u0219i revitalizat\u0103 \u0219i este ideal\u0103 ca parte a \u00eengrijirii dup\u0103 efort fizic....\" \/>\n<meta property=\"og:url\" content=\"https:\/\/shopatoa.com\/ro\/elemis-balsam-incalzitor-de-masaj-warm-up-massage-balm-150-ml\/\" \/>\n<meta property=\"og:site_name\" content=\"SHOPATOA\" \/>\n<meta property=\"article:modified_time\" content=\"2025-12-08T19:15:26+00:00\" \/>\n<meta property=\"og:image\" content=\"https:\/\/storage.googleapis.com\/cz-shopatoa-img\/ro\/10dca270-unnamed-file.webp\" \/>\n\t<meta property=\"og:image:width\" content=\"800\" \/>\n\t<meta property=\"og:image:height\" content=\"800\" \/>\n\t<meta property=\"og:image:type\" content=\"image\/webp\" \/>\n<meta name=\"twitter:card\" content=\"summary_large_image\" \/>\n<script type=\"application\/ld+json\" class=\"yoast-schema-graph\">{\"@context\":\"https:\\\/\\\/schema.org\",\"@graph\":[{\"@type\":\"WebPage\",\"@id\":\"https:\\\/\\\/shopatoa.com\\\/ro\\\/elemis-balsam-incalzitor-de-masaj-warm-up-massage-balm-150-ml\\\/\",\"url\":\"https:\\\/\\\/shopatoa.com\\\/ro\\\/elemis-balsam-incalzitor-de-masaj-warm-up-massage-balm-150-ml\\\/\",\"name\":\"Elemis Balsam \u00eenc\u0103lzitor de masaj (Warm-Up Massage Balm) 150 ml - SHOPATOA.COM\",\"isPartOf\":{\"@id\":\"https:\\\/\\\/shopatoa.com\\\/ro\\\/#website\"},\"primaryImageOfPage\":{\"@id\":\"https:\\\/\\\/shopatoa.com\\\/ro\\\/elemis-balsam-incalzitor-de-masaj-warm-up-massage-balm-150-ml\\\/#primaryimage\"},\"image\":{\"@id\":\"https:\\\/\\\/shopatoa.com\\\/ro\\\/elemis-balsam-incalzitor-de-masaj-warm-up-massage-balm-150-ml\\\/#primaryimage\"},\"thumbnailUrl\":\"https:\\\/\\\/storage.googleapis.com\\\/cz-shopatoa-img\\\/ro\\\/10dca270-unnamed-file.webp\",\"datePublished\":\"2025-04-29T06:50:26+00:00\",\"dateModified\":\"2025-12-08T19:15:26+00:00\",\"breadcrumb\":{\"@id\":\"https:\\\/\\\/shopatoa.com\\\/ro\\\/elemis-balsam-incalzitor-de-masaj-warm-up-massage-balm-150-ml\\\/#breadcrumb\"},\"inLanguage\":\"ro-RO\",\"potentialAction\":[{\"@type\":\"ReadAction\",\"target\":[\"https:\\\/\\\/shopatoa.com\\\/ro\\\/elemis-balsam-incalzitor-de-masaj-warm-up-massage-balm-150-ml\\\/\"]}]},{\"@type\":\"ImageObject\",\"inLanguage\":\"ro-RO\",\"@id\":\"https:\\\/\\\/shopatoa.com\\\/ro\\\/elemis-balsam-incalzitor-de-masaj-warm-up-massage-balm-150-ml\\\/#primaryimage\",\"url\":\"https:\\\/\\\/storage.googleapis.com\\\/cz-shopatoa-img\\\/ro\\\/10dca270-unnamed-file.webp\",\"contentUrl\":\"https:\\\/\\\/storage.googleapis.com\\\/cz-shopatoa-img\\\/ro\\\/10dca270-unnamed-file.webp\",\"width\":800,\"height\":800},{\"@type\":\"BreadcrumbList\",\"@id\":\"https:\\\/\\\/shopatoa.com\\\/ro\\\/elemis-balsam-incalzitor-de-masaj-warm-up-massage-balm-150-ml\\\/#breadcrumb\",\"itemListElement\":[{\"@type\":\"ListItem\",\"position\":1,\"name\":\"Dom\u016f\",\"item\":\"https:\\\/\\\/shopatoa.com\\\/ro\\\/\"},{\"@type\":\"ListItem\",\"position\":2,\"name\":\"Shop\",\"item\":\"https:\\\/\\\/shopatoa.com\\\/ro\\\/shop\\\/\"},{\"@type\":\"ListItem\",\"position\":3,\"name\":\"Cosmetice\",\"item\":\"https:\\\/\\\/shopatoa.com\\\/ro\\\/cosmetice\\\/\"},{\"@type\":\"ListItem\",\"position\":4,\"name\":\"Produse cosmetice pentru corp\",\"item\":\"https:\\\/\\\/shopatoa.com\\\/ro\\\/produse-cosmetice-pentru-corp\\\/\"},{\"@type\":\"ListItem\",\"position\":5,\"name\":\"Dispozitive \u0219i preparate pentru masaj\",\"item\":\"https:\\\/\\\/shopatoa.com\\\/ro\\\/dispozitive-si-preparate-pentru-masaj\\\/\"},{\"@type\":\"ListItem\",\"position\":6,\"name\":\"Preparate de masaj\",\"item\":\"https:\\\/\\\/shopatoa.com\\\/ro\\\/preparate-de-masaj\\\/\"},{\"@type\":\"ListItem\",\"position\":7,\"name\":\"Elemis Balsam \u00eenc\u0103lzitor de masaj (Warm-Up Massage Balm) 150 ml\"}]},{\"@type\":\"WebSite\",\"@id\":\"https:\\\/\\\/shopatoa.com\\\/ro\\\/#website\",\"url\":\"https:\\\/\\\/shopatoa.com\\\/ro\\\/\",\"name\":\"SHOPATOA\",\"description\":\"\",\"publisher\":{\"@id\":\"https:\\\/\\\/shopatoa.com\\\/ro\\\/#organization\"},\"potentialAction\":[{\"@type\":\"SearchAction\",\"target\":{\"@type\":\"EntryPoint\",\"urlTemplate\":\"https:\\\/\\\/shopatoa.com\\\/ro\\\/?s={search_term_string}\"},\"query-input\":{\"@type\":\"PropertyValueSpecification\",\"valueRequired\":true,\"valueName\":\"search_term_string\"}}],\"inLanguage\":\"ro-RO\"},{\"@type\":\"Organization\",\"@id\":\"https:\\\/\\\/shopatoa.com\\\/ro\\\/#organization\",\"name\":\"SHOPATOA\",\"url\":\"https:\\\/\\\/shopatoa.com\\\/ro\\\/\",\"logo\":{\"@type\":\"ImageObject\",\"inLanguage\":\"ro-RO\",\"@id\":\"https:\\\/\\\/shopatoa.com\\\/ro\\\/#\\\/schema\\\/logo\\\/image\\\/\",\"url\":\"https:\\\/\\\/storage.googleapis.com\\\/cz-shopatoa-img\\\/ro\\\/b4dac915-shopatoa_logo.png\",\"contentUrl\":\"https:\\\/\\\/storage.googleapis.com\\\/cz-shopatoa-img\\\/ro\\\/b4dac915-shopatoa_logo.png\",\"width\":416,\"height\":63,\"caption\":\"SHOPATOA\"},\"image\":{\"@id\":\"https:\\\/\\\/shopatoa.com\\\/ro\\\/#\\\/schema\\\/logo\\\/image\\\/\"}}]}<\/script>\n<!-- \/ Yoast SEO plugin. -->","yoast_head_json":{"title":"Elemis Balsam \u00eenc\u0103lzitor de masaj (Warm-Up Massage Balm) 150 ml - SHOPATOA.COM","robots":{"index":"index","follow":"follow","max-snippet":"max-snippet:-1","max-image-preview":"max-image-preview:large","max-video-preview":"max-video-preview:-1"},"canonical":"https:\/\/shopatoa.com\/ro\/elemis-balsam-incalzitor-de-masaj-warm-up-massage-balm-150-ml\/","og_locale":"ro_RO","og_type":"article","og_title":"Elemis Balsam \u00eenc\u0103lzitor de masaj (Warm-Up Massage Balm) 150 ml - SHOPATOA.COM","og_description":"Balsam \u00eenc\u0103lzitor care ofer\u0103 un confort lini\u0219titor corpului \u0219i induce o senza\u021bie de relaxare pentru mu\u0219chii obosi\u021bi \u0219i suprasolicita\u021bi. Aceast\u0103 formul\u0103 avansat\u0103 de \u00eenc\u0103lzire este \u00eembog\u0103\u021bit\u0103 cu ulei emolient de in, ulei de coac\u0103ze negre \u0219i ulei de semin\u021be negre. Las\u0103 pielea neted\u0103 \u0219i revitalizat\u0103 \u0219i este ideal\u0103 ca parte a \u00eengrijirii dup\u0103 efort fizic....","og_url":"https:\/\/shopatoa.com\/ro\/elemis-balsam-incalzitor-de-masaj-warm-up-massage-balm-150-ml\/","og_site_name":"SHOPATOA","article_modified_time":"2025-12-08T19:15:26+00:00","og_image":[{"width":800,"height":800,"url":"https:\/\/storage.googleapis.com\/cz-shopatoa-img\/ro\/10dca270-unnamed-file.webp","type":"image\/webp"}],"twitter_card":"summary_large_image","schema":{"@context":"https:\/\/schema.org","@graph":[{"@type":"WebPage","@id":"https:\/\/shopatoa.com\/ro\/elemis-balsam-incalzitor-de-masaj-warm-up-massage-balm-150-ml\/","url":"https:\/\/shopatoa.com\/ro\/elemis-balsam-incalzitor-de-masaj-warm-up-massage-balm-150-ml\/","name":"Elemis Balsam \u00eenc\u0103lzitor de masaj (Warm-Up Massage Balm) 150 ml - SHOPATOA.COM","isPartOf":{"@id":"https:\/\/shopatoa.com\/ro\/#website"},"primaryImageOfPage":{"@id":"https:\/\/shopatoa.com\/ro\/elemis-balsam-incalzitor-de-masaj-warm-up-massage-balm-150-ml\/#primaryimage"},"image":{"@id":"https:\/\/shopatoa.com\/ro\/elemis-balsam-incalzitor-de-masaj-warm-up-massage-balm-150-ml\/#primaryimage"},"thumbnailUrl":"https:\/\/storage.googleapis.com\/cz-shopatoa-img\/ro\/10dca270-unnamed-file.webp","datePublished":"2025-04-29T06:50:26+00:00","dateModified":"2025-12-08T19:15:26+00:00","breadcrumb":{"@id":"https:\/\/shopatoa.com\/ro\/elemis-balsam-incalzitor-de-masaj-warm-up-massage-balm-150-ml\/#breadcrumb"},"inLanguage":"ro-RO","potentialAction":[{"@type":"ReadAction","target":["https:\/\/shopatoa.com\/ro\/elemis-balsam-incalzitor-de-masaj-warm-up-massage-balm-150-ml\/"]}]},{"@type":"ImageObject","inLanguage":"ro-RO","@id":"https:\/\/shopatoa.com\/ro\/elemis-balsam-incalzitor-de-masaj-warm-up-massage-balm-150-ml\/#primaryimage","url":"https:\/\/storage.googleapis.com\/cz-shopatoa-img\/ro\/10dca270-unnamed-file.webp","contentUrl":"https:\/\/storage.googleapis.com\/cz-shopatoa-img\/ro\/10dca270-unnamed-file.webp","width":800,"height":800},{"@type":"BreadcrumbList","@id":"https:\/\/shopatoa.com\/ro\/elemis-balsam-incalzitor-de-masaj-warm-up-massage-balm-150-ml\/#breadcrumb","itemListElement":[{"@type":"ListItem","position":1,"name":"Dom\u016f","item":"https:\/\/shopatoa.com\/ro\/"},{"@type":"ListItem","position":2,"name":"Shop","item":"https:\/\/shopatoa.com\/ro\/shop\/"},{"@type":"ListItem","position":3,"name":"Cosmetice","item":"https:\/\/shopatoa.com\/ro\/cosmetice\/"},{"@type":"ListItem","position":4,"name":"Produse cosmetice pentru corp","item":"https:\/\/shopatoa.com\/ro\/produse-cosmetice-pentru-corp\/"},{"@type":"ListItem","position":5,"name":"Dispozitive \u0219i preparate pentru masaj","item":"https:\/\/shopatoa.com\/ro\/dispozitive-si-preparate-pentru-masaj\/"},{"@type":"ListItem","position":6,"name":"Preparate de masaj","item":"https:\/\/shopatoa.com\/ro\/preparate-de-masaj\/"},{"@type":"ListItem","position":7,"name":"Elemis Balsam \u00eenc\u0103lzitor de masaj (Warm-Up Massage Balm) 150 ml"}]},{"@type":"WebSite","@id":"https:\/\/shopatoa.com\/ro\/#website","url":"https:\/\/shopatoa.com\/ro\/","name":"SHOPATOA","description":"","publisher":{"@id":"https:\/\/shopatoa.com\/ro\/#organization"},"potentialAction":[{"@type":"SearchAction","target":{"@type":"EntryPoint","urlTemplate":"https:\/\/shopatoa.com\/ro\/?s={search_term_string}"},"query-input":{"@type":"PropertyValueSpecification","valueRequired":true,"valueName":"search_term_string"}}],"inLanguage":"ro-RO"},{"@type":"Organization","@id":"https:\/\/shopatoa.com\/ro\/#organization","name":"SHOPATOA","url":"https:\/\/shopatoa.com\/ro\/","logo":{"@type":"ImageObject","inLanguage":"ro-RO","@id":"https:\/\/shopatoa.com\/ro\/#\/schema\/logo\/image\/","url":"https:\/\/storage.googleapis.com\/cz-shopatoa-img\/ro\/b4dac915-shopatoa_logo.png","contentUrl":"https:\/\/storage.googleapis.com\/cz-shopatoa-img\/ro\/b4dac915-shopatoa_logo.png","width":416,"height":63,"caption":"SHOPATOA"},"image":{"@id":"https:\/\/shopatoa.com\/ro\/#\/schema\/logo\/image\/"}}]}},"_links":{"self":[{"href":"https:\/\/shopatoa.com\/ro\/wp-json\/wp\/v2\/product\/270913","targetHints":{"allow":["GET"]}}],"collection":[{"href":"https:\/\/shopatoa.com\/ro\/wp-json\/wp\/v2\/product"}],"about":[{"href":"https:\/\/shopatoa.com\/ro\/wp-json\/wp\/v2\/types\/product"}],"replies":[{"embeddable":true,"href":"https:\/\/shopatoa.com\/ro\/wp-json\/wp\/v2\/comments?post=270913"}],"wp:featuredmedia":[{"embeddable":true,"href":"https:\/\/shopatoa.com\/ro\/wp-json\/wp\/v2\/media\/270914"}],"wp:attachment":[{"href":"https:\/\/shopatoa.com\/ro\/wp-json\/wp\/v2\/media?parent=270913"}],"wp:term":[{"taxonomy":"product_brand","embeddable":true,"href":"https:\/\/shopatoa.com\/ro\/wp-json\/wp\/v2\/product_brand?post=270913"},{"taxonomy":"product_cat","embeddable":true,"href":"https:\/\/shopatoa.com\/ro\/wp-json\/wp\/v2\/product_cat?post=270913"},{"taxonomy":"product_tag","embeddable":true,"href":"https:\/\/shopatoa.com\/ro\/wp-json\/wp\/v2\/product_tag?post=270913"}],"curies":[{"name":"wp","href":"https:\/\/api.w.org\/{rel}","templated":true}]}}