{"id":271006,"date":"2025-04-29T09:10:47","date_gmt":"2025-04-29T07:10:47","guid":{"rendered":"https:\/\/shopatoa.com\/ro\/naif-gel-si-sampon-2-in-1-pentru-copii-si-bebelusi-2v1-shampoo-and-body-wash-200-ml\/"},"modified":"2025-12-08T20:02:34","modified_gmt":"2025-12-08T19:02:34","slug":"naif-gel-si-sampon-2-in-1-pentru-copii-si-bebelusi-2v1-shampoo-and-body-wash-200-ml","status":"publish","type":"product","link":"https:\/\/shopatoa.com\/ro\/naif-gel-si-sampon-2-in-1-pentru-copii-si-bebelusi-2v1-shampoo-and-body-wash-200-ml\/","title":{"rendered":"NA\u00cfF Gel \u0219i \u0219ampon 2 in 1 pentru copii si bebelu\u0219i (2v1 Shampoo and Body Wash) 200 ml"},"content":{"rendered":"<p>Gelul \u0219i \u0219amponul 2 \u00een 1 pentru copii \u0219i bebelu\u0219i cur\u0103\u021b\u0103 delicat p\u0103rul \u0219i pielea micu\u021bilor dvs., f\u0103r\u0103 irita\u021bii. De asemenea, este o alegere ideal\u0103 pentru pielea foarte sensibil\u0103 sau eczematoas\u0103, deoarece nu con\u021bine parfum ad\u0103ugat. Ingredientele naturale hr\u0103nitoare previn uscarea. Dup\u0103 utilizare, firele de p\u0103r sunt moi \u0219i str\u0103lucitoare, iar pielea este hidratat\u0103. Nu deranjeaz\u0103 stratul protector natural al pielii \u0219i nu irit\u0103 ochii. Este ideal pentru utilizarea zilnic\u0103 \u0219i func\u021bioneaz\u0103 perfect at\u00e2t la du\u0219, c\u00e2t \u0219i \u00een cad\u0103. Nu con\u021bine substan\u021be poten\u021bial d\u0103un\u0103toare, cum ar fi uleiuri minerale, microplastice, siliconi sau SLS\/SLES. \u00cel pute\u021bi folosi de la na\u0219tere. Compozi\u021bia este 100% vegan\u0103 \u0219i testat\u0103 dermatologic. Ambalajul este realizat din plastic reciclat.<\/p>\n","protected":false},"excerpt":{"rendered":"<p>Gelul \u0219i \u0219amponul 2 \u00een 1 pentru copii \u0219i bebelu\u0219i cur\u0103\u021b\u0103 delicat p\u0103rul \u0219i pielea micu\u021bilor dvs., f\u0103r\u0103 irita\u021bii. De asemenea, este o alegere ideal\u0103 pentru pielea foarte sensibil\u0103 sau eczematoas\u0103, deoarece nu con\u021bine parfum ad\u0103ugat. Ingredientele naturale hr\u0103nitoare previn uscarea. Dup\u0103 utilizare, firele de p\u0103r sunt moi \u0219i str\u0103lucitoare, iar pielea este hidratat\u0103. Nu&#8230;<\/p>\n","protected":false},"featured_media":271007,"comment_status":"closed","ping_status":"open","template":"","meta":{"_acf_changed":false,"_kadence_starter_templates_imported_post":false,"_kad_post_transparent":"","_kad_post_title":"","_kad_post_layout":"","_kad_post_sidebar_id":"","_kad_post_content_style":"","_kad_post_vertical_padding":"","_kad_post_feature":"","_kad_post_feature_position":"","_kad_post_header":false,"_kad_post_footer":false,"_kad_post_classname":""},"product_brand":[543],"product_cat":[246,641,611],"product_tag":[],"class_list":{"0":"post-271006","1":"product","2":"type-product","3":"status-publish","4":"has-post-thumbnail","6":"product_brand-naif","7":"product_cat-cosmetice","8":"product_cat-cosmetice-pentru-dus-si-baie","9":"product_cat-produse-cosmetice-pentru-corp","11":"first","12":"instock","13":"product-type-external","14":"entry","15":"content-bg","16":"loop-entry"},"acf":[],"yoast_head":"<!-- This site is optimized with the Yoast SEO plugin v27.4 - https:\/\/yoast.com\/product\/yoast-seo-wordpress\/ -->\n<title>NA\u00cfF Gel \u0219i \u0219ampon 2 in 1 pentru copii si bebelu\u0219i (2v1 Shampoo and Body Wash) 200 ml - SHOPATOA.COM<\/title>\n<meta name=\"robots\" content=\"index, follow, max-snippet:-1, max-image-preview:large, max-video-preview:-1\" \/>\n<link rel=\"canonical\" href=\"https:\/\/shopatoa.com\/ro\/naif-gel-si-sampon-2-in-1-pentru-copii-si-bebelusi-2v1-shampoo-and-body-wash-200-ml\/\" \/>\n<meta property=\"og:locale\" content=\"ro_RO\" \/>\n<meta property=\"og:type\" content=\"article\" \/>\n<meta property=\"og:title\" content=\"NA\u00cfF Gel \u0219i \u0219ampon 2 in 1 pentru copii si bebelu\u0219i (2v1 Shampoo and Body Wash) 200 ml - SHOPATOA.COM\" \/>\n<meta property=\"og:description\" content=\"Gelul \u0219i \u0219amponul 2 \u00een 1 pentru copii \u0219i bebelu\u0219i cur\u0103\u021b\u0103 delicat p\u0103rul \u0219i pielea micu\u021bilor dvs., f\u0103r\u0103 irita\u021bii. De asemenea, este o alegere ideal\u0103 pentru pielea foarte sensibil\u0103 sau eczematoas\u0103, deoarece nu con\u021bine parfum ad\u0103ugat. Ingredientele naturale hr\u0103nitoare previn uscarea. Dup\u0103 utilizare, firele de p\u0103r sunt moi \u0219i str\u0103lucitoare, iar pielea este hidratat\u0103. Nu...\" \/>\n<meta property=\"og:url\" content=\"https:\/\/shopatoa.com\/ro\/naif-gel-si-sampon-2-in-1-pentru-copii-si-bebelusi-2v1-shampoo-and-body-wash-200-ml\/\" \/>\n<meta property=\"og:site_name\" content=\"SHOPATOA\" \/>\n<meta property=\"article:modified_time\" content=\"2025-12-08T19:02:34+00:00\" \/>\n<meta property=\"og:image\" content=\"https:\/\/storage.googleapis.com\/cz-shopatoa-img\/ro\/a43fbe29-unnamed-file.webp\" \/>\n\t<meta property=\"og:image:width\" content=\"800\" \/>\n\t<meta property=\"og:image:height\" content=\"800\" \/>\n\t<meta property=\"og:image:type\" content=\"image\/webp\" \/>\n<meta name=\"twitter:card\" content=\"summary_large_image\" \/>\n<meta name=\"twitter:label1\" content=\"Timp estimat pentru citire\" \/>\n\t<meta name=\"twitter:data1\" content=\"1 minut\" \/>\n<script type=\"application\/ld+json\" class=\"yoast-schema-graph\">{\"@context\":\"https:\\\/\\\/schema.org\",\"@graph\":[{\"@type\":\"WebPage\",\"@id\":\"https:\\\/\\\/shopatoa.com\\\/ro\\\/naif-gel-si-sampon-2-in-1-pentru-copii-si-bebelusi-2v1-shampoo-and-body-wash-200-ml\\\/\",\"url\":\"https:\\\/\\\/shopatoa.com\\\/ro\\\/naif-gel-si-sampon-2-in-1-pentru-copii-si-bebelusi-2v1-shampoo-and-body-wash-200-ml\\\/\",\"name\":\"NA\u00cfF Gel \u0219i \u0219ampon 2 in 1 pentru copii si bebelu\u0219i (2v1 Shampoo and Body Wash) 200 ml - SHOPATOA.COM\",\"isPartOf\":{\"@id\":\"https:\\\/\\\/shopatoa.com\\\/ro\\\/#website\"},\"primaryImageOfPage\":{\"@id\":\"https:\\\/\\\/shopatoa.com\\\/ro\\\/naif-gel-si-sampon-2-in-1-pentru-copii-si-bebelusi-2v1-shampoo-and-body-wash-200-ml\\\/#primaryimage\"},\"image\":{\"@id\":\"https:\\\/\\\/shopatoa.com\\\/ro\\\/naif-gel-si-sampon-2-in-1-pentru-copii-si-bebelusi-2v1-shampoo-and-body-wash-200-ml\\\/#primaryimage\"},\"thumbnailUrl\":\"https:\\\/\\\/storage.googleapis.com\\\/cz-shopatoa-img\\\/ro\\\/a43fbe29-unnamed-file.webp\",\"datePublished\":\"2025-04-29T07:10:47+00:00\",\"dateModified\":\"2025-12-08T19:02:34+00:00\",\"breadcrumb\":{\"@id\":\"https:\\\/\\\/shopatoa.com\\\/ro\\\/naif-gel-si-sampon-2-in-1-pentru-copii-si-bebelusi-2v1-shampoo-and-body-wash-200-ml\\\/#breadcrumb\"},\"inLanguage\":\"ro-RO\",\"potentialAction\":[{\"@type\":\"ReadAction\",\"target\":[\"https:\\\/\\\/shopatoa.com\\\/ro\\\/naif-gel-si-sampon-2-in-1-pentru-copii-si-bebelusi-2v1-shampoo-and-body-wash-200-ml\\\/\"]}]},{\"@type\":\"ImageObject\",\"inLanguage\":\"ro-RO\",\"@id\":\"https:\\\/\\\/shopatoa.com\\\/ro\\\/naif-gel-si-sampon-2-in-1-pentru-copii-si-bebelusi-2v1-shampoo-and-body-wash-200-ml\\\/#primaryimage\",\"url\":\"https:\\\/\\\/storage.googleapis.com\\\/cz-shopatoa-img\\\/ro\\\/a43fbe29-unnamed-file.webp\",\"contentUrl\":\"https:\\\/\\\/storage.googleapis.com\\\/cz-shopatoa-img\\\/ro\\\/a43fbe29-unnamed-file.webp\",\"width\":800,\"height\":800},{\"@type\":\"BreadcrumbList\",\"@id\":\"https:\\\/\\\/shopatoa.com\\\/ro\\\/naif-gel-si-sampon-2-in-1-pentru-copii-si-bebelusi-2v1-shampoo-and-body-wash-200-ml\\\/#breadcrumb\",\"itemListElement\":[{\"@type\":\"ListItem\",\"position\":1,\"name\":\"Dom\u016f\",\"item\":\"https:\\\/\\\/shopatoa.com\\\/ro\\\/\"},{\"@type\":\"ListItem\",\"position\":2,\"name\":\"Shop\",\"item\":\"https:\\\/\\\/shopatoa.com\\\/ro\\\/shop\\\/\"},{\"@type\":\"ListItem\",\"position\":3,\"name\":\"Cosmetice\",\"item\":\"https:\\\/\\\/shopatoa.com\\\/ro\\\/cosmetice\\\/\"},{\"@type\":\"ListItem\",\"position\":4,\"name\":\"Produse cosmetice pentru corp\",\"item\":\"https:\\\/\\\/shopatoa.com\\\/ro\\\/produse-cosmetice-pentru-corp\\\/\"},{\"@type\":\"ListItem\",\"position\":5,\"name\":\"Cosmetice pentru du\u0219 \u0219i baie\",\"item\":\"https:\\\/\\\/shopatoa.com\\\/ro\\\/cosmetice-pentru-dus-si-baie\\\/\"},{\"@type\":\"ListItem\",\"position\":6,\"name\":\"NA\u00cfF Gel \u0219i \u0219ampon 2 in 1 pentru copii si bebelu\u0219i (2v1 Shampoo and Body Wash) 200 ml\"}]},{\"@type\":\"WebSite\",\"@id\":\"https:\\\/\\\/shopatoa.com\\\/ro\\\/#website\",\"url\":\"https:\\\/\\\/shopatoa.com\\\/ro\\\/\",\"name\":\"SHOPATOA\",\"description\":\"\",\"publisher\":{\"@id\":\"https:\\\/\\\/shopatoa.com\\\/ro\\\/#organization\"},\"potentialAction\":[{\"@type\":\"SearchAction\",\"target\":{\"@type\":\"EntryPoint\",\"urlTemplate\":\"https:\\\/\\\/shopatoa.com\\\/ro\\\/?s={search_term_string}\"},\"query-input\":{\"@type\":\"PropertyValueSpecification\",\"valueRequired\":true,\"valueName\":\"search_term_string\"}}],\"inLanguage\":\"ro-RO\"},{\"@type\":\"Organization\",\"@id\":\"https:\\\/\\\/shopatoa.com\\\/ro\\\/#organization\",\"name\":\"SHOPATOA\",\"url\":\"https:\\\/\\\/shopatoa.com\\\/ro\\\/\",\"logo\":{\"@type\":\"ImageObject\",\"inLanguage\":\"ro-RO\",\"@id\":\"https:\\\/\\\/shopatoa.com\\\/ro\\\/#\\\/schema\\\/logo\\\/image\\\/\",\"url\":\"https:\\\/\\\/storage.googleapis.com\\\/cz-shopatoa-img\\\/ro\\\/b4dac915-shopatoa_logo.png\",\"contentUrl\":\"https:\\\/\\\/storage.googleapis.com\\\/cz-shopatoa-img\\\/ro\\\/b4dac915-shopatoa_logo.png\",\"width\":416,\"height\":63,\"caption\":\"SHOPATOA\"},\"image\":{\"@id\":\"https:\\\/\\\/shopatoa.com\\\/ro\\\/#\\\/schema\\\/logo\\\/image\\\/\"}}]}<\/script>\n<!-- \/ Yoast SEO plugin. -->","yoast_head_json":{"title":"NA\u00cfF Gel \u0219i \u0219ampon 2 in 1 pentru copii si bebelu\u0219i (2v1 Shampoo and Body Wash) 200 ml - SHOPATOA.COM","robots":{"index":"index","follow":"follow","max-snippet":"max-snippet:-1","max-image-preview":"max-image-preview:large","max-video-preview":"max-video-preview:-1"},"canonical":"https:\/\/shopatoa.com\/ro\/naif-gel-si-sampon-2-in-1-pentru-copii-si-bebelusi-2v1-shampoo-and-body-wash-200-ml\/","og_locale":"ro_RO","og_type":"article","og_title":"NA\u00cfF Gel \u0219i \u0219ampon 2 in 1 pentru copii si bebelu\u0219i (2v1 Shampoo and Body Wash) 200 ml - SHOPATOA.COM","og_description":"Gelul \u0219i \u0219amponul 2 \u00een 1 pentru copii \u0219i bebelu\u0219i cur\u0103\u021b\u0103 delicat p\u0103rul \u0219i pielea micu\u021bilor dvs., f\u0103r\u0103 irita\u021bii. De asemenea, este o alegere ideal\u0103 pentru pielea foarte sensibil\u0103 sau eczematoas\u0103, deoarece nu con\u021bine parfum ad\u0103ugat. Ingredientele naturale hr\u0103nitoare previn uscarea. Dup\u0103 utilizare, firele de p\u0103r sunt moi \u0219i str\u0103lucitoare, iar pielea este hidratat\u0103. Nu...","og_url":"https:\/\/shopatoa.com\/ro\/naif-gel-si-sampon-2-in-1-pentru-copii-si-bebelusi-2v1-shampoo-and-body-wash-200-ml\/","og_site_name":"SHOPATOA","article_modified_time":"2025-12-08T19:02:34+00:00","og_image":[{"width":800,"height":800,"url":"https:\/\/storage.googleapis.com\/cz-shopatoa-img\/ro\/a43fbe29-unnamed-file.webp","type":"image\/webp"}],"twitter_card":"summary_large_image","twitter_misc":{"Timp estimat pentru citire":"1 minut"},"schema":{"@context":"https:\/\/schema.org","@graph":[{"@type":"WebPage","@id":"https:\/\/shopatoa.com\/ro\/naif-gel-si-sampon-2-in-1-pentru-copii-si-bebelusi-2v1-shampoo-and-body-wash-200-ml\/","url":"https:\/\/shopatoa.com\/ro\/naif-gel-si-sampon-2-in-1-pentru-copii-si-bebelusi-2v1-shampoo-and-body-wash-200-ml\/","name":"NA\u00cfF Gel \u0219i \u0219ampon 2 in 1 pentru copii si bebelu\u0219i (2v1 Shampoo and Body Wash) 200 ml - SHOPATOA.COM","isPartOf":{"@id":"https:\/\/shopatoa.com\/ro\/#website"},"primaryImageOfPage":{"@id":"https:\/\/shopatoa.com\/ro\/naif-gel-si-sampon-2-in-1-pentru-copii-si-bebelusi-2v1-shampoo-and-body-wash-200-ml\/#primaryimage"},"image":{"@id":"https:\/\/shopatoa.com\/ro\/naif-gel-si-sampon-2-in-1-pentru-copii-si-bebelusi-2v1-shampoo-and-body-wash-200-ml\/#primaryimage"},"thumbnailUrl":"https:\/\/storage.googleapis.com\/cz-shopatoa-img\/ro\/a43fbe29-unnamed-file.webp","datePublished":"2025-04-29T07:10:47+00:00","dateModified":"2025-12-08T19:02:34+00:00","breadcrumb":{"@id":"https:\/\/shopatoa.com\/ro\/naif-gel-si-sampon-2-in-1-pentru-copii-si-bebelusi-2v1-shampoo-and-body-wash-200-ml\/#breadcrumb"},"inLanguage":"ro-RO","potentialAction":[{"@type":"ReadAction","target":["https:\/\/shopatoa.com\/ro\/naif-gel-si-sampon-2-in-1-pentru-copii-si-bebelusi-2v1-shampoo-and-body-wash-200-ml\/"]}]},{"@type":"ImageObject","inLanguage":"ro-RO","@id":"https:\/\/shopatoa.com\/ro\/naif-gel-si-sampon-2-in-1-pentru-copii-si-bebelusi-2v1-shampoo-and-body-wash-200-ml\/#primaryimage","url":"https:\/\/storage.googleapis.com\/cz-shopatoa-img\/ro\/a43fbe29-unnamed-file.webp","contentUrl":"https:\/\/storage.googleapis.com\/cz-shopatoa-img\/ro\/a43fbe29-unnamed-file.webp","width":800,"height":800},{"@type":"BreadcrumbList","@id":"https:\/\/shopatoa.com\/ro\/naif-gel-si-sampon-2-in-1-pentru-copii-si-bebelusi-2v1-shampoo-and-body-wash-200-ml\/#breadcrumb","itemListElement":[{"@type":"ListItem","position":1,"name":"Dom\u016f","item":"https:\/\/shopatoa.com\/ro\/"},{"@type":"ListItem","position":2,"name":"Shop","item":"https:\/\/shopatoa.com\/ro\/shop\/"},{"@type":"ListItem","position":3,"name":"Cosmetice","item":"https:\/\/shopatoa.com\/ro\/cosmetice\/"},{"@type":"ListItem","position":4,"name":"Produse cosmetice pentru corp","item":"https:\/\/shopatoa.com\/ro\/produse-cosmetice-pentru-corp\/"},{"@type":"ListItem","position":5,"name":"Cosmetice pentru du\u0219 \u0219i baie","item":"https:\/\/shopatoa.com\/ro\/cosmetice-pentru-dus-si-baie\/"},{"@type":"ListItem","position":6,"name":"NA\u00cfF Gel \u0219i \u0219ampon 2 in 1 pentru copii si bebelu\u0219i (2v1 Shampoo and Body Wash) 200 ml"}]},{"@type":"WebSite","@id":"https:\/\/shopatoa.com\/ro\/#website","url":"https:\/\/shopatoa.com\/ro\/","name":"SHOPATOA","description":"","publisher":{"@id":"https:\/\/shopatoa.com\/ro\/#organization"},"potentialAction":[{"@type":"SearchAction","target":{"@type":"EntryPoint","urlTemplate":"https:\/\/shopatoa.com\/ro\/?s={search_term_string}"},"query-input":{"@type":"PropertyValueSpecification","valueRequired":true,"valueName":"search_term_string"}}],"inLanguage":"ro-RO"},{"@type":"Organization","@id":"https:\/\/shopatoa.com\/ro\/#organization","name":"SHOPATOA","url":"https:\/\/shopatoa.com\/ro\/","logo":{"@type":"ImageObject","inLanguage":"ro-RO","@id":"https:\/\/shopatoa.com\/ro\/#\/schema\/logo\/image\/","url":"https:\/\/storage.googleapis.com\/cz-shopatoa-img\/ro\/b4dac915-shopatoa_logo.png","contentUrl":"https:\/\/storage.googleapis.com\/cz-shopatoa-img\/ro\/b4dac915-shopatoa_logo.png","width":416,"height":63,"caption":"SHOPATOA"},"image":{"@id":"https:\/\/shopatoa.com\/ro\/#\/schema\/logo\/image\/"}}]}},"_links":{"self":[{"href":"https:\/\/shopatoa.com\/ro\/wp-json\/wp\/v2\/product\/271006","targetHints":{"allow":["GET"]}}],"collection":[{"href":"https:\/\/shopatoa.com\/ro\/wp-json\/wp\/v2\/product"}],"about":[{"href":"https:\/\/shopatoa.com\/ro\/wp-json\/wp\/v2\/types\/product"}],"replies":[{"embeddable":true,"href":"https:\/\/shopatoa.com\/ro\/wp-json\/wp\/v2\/comments?post=271006"}],"wp:featuredmedia":[{"embeddable":true,"href":"https:\/\/shopatoa.com\/ro\/wp-json\/wp\/v2\/media\/271007"}],"wp:attachment":[{"href":"https:\/\/shopatoa.com\/ro\/wp-json\/wp\/v2\/media?parent=271006"}],"wp:term":[{"taxonomy":"product_brand","embeddable":true,"href":"https:\/\/shopatoa.com\/ro\/wp-json\/wp\/v2\/product_brand?post=271006"},{"taxonomy":"product_cat","embeddable":true,"href":"https:\/\/shopatoa.com\/ro\/wp-json\/wp\/v2\/product_cat?post=271006"},{"taxonomy":"product_tag","embeddable":true,"href":"https:\/\/shopatoa.com\/ro\/wp-json\/wp\/v2\/product_tag?post=271006"}],"curies":[{"name":"wp","href":"https:\/\/api.w.org\/{rel}","templated":true}]}}