{"id":271070,"date":"2025-04-29T09:25:16","date_gmt":"2025-04-29T07:25:16","guid":{"rendered":"https:\/\/shopatoa.com\/ro\/rituals-calendar-advent-classic-advent-calendar\/"},"modified":"2025-11-05T10:42:57","modified_gmt":"2025-11-05T09:42:57","slug":"rituals-calendar-advent-classic-advent-calendar","status":"publish","type":"product","link":"https:\/\/shopatoa.com\/ro\/rituals-calendar-advent-classic-advent-calendar\/","title":{"rendered":"Rituals Calendar Advent Classic Advent Calendar"},"content":{"rendered":"<p>Bucura\u021bi-v\u0103 de atmosfera de Cr\u0103ciun cu un calendar clasic de advent care v\u0103 transport\u0103 \u00een atmosfera magic\u0103 din Amsterdam. Calendarul con\u021bine: Ap\u0103 micelar\u0103 The Ritual of Namaste (Micellar Water) 30 ml Masc\u0103 facial\u0103 (Wonder Mask) 10 g Masc\u0103 de p\u0103r Elixir Collection (Keratin Recovery Hair Mask) 20 ml Gel de du\u0219 Amsterdam Collection (Foaming Shower Gel) 50 ml Spray pentru p\u0103r \u0219i corp The Ritual of Mehr (Hair &amp; Body Mist) 20 ml Crem\u0103 de corp The Ritual of Jing (Body Cream) 70 ml Peeling de corp The Ritual of Karma (Mild Body Scrub Paste) 70 ml \u0218ampon \u0219i spum\u0103 de corp The Ritual of Mehr (Shampoo &amp; Body Bar) 10 g Masc\u0103 de noapte pentru corp The Ritual of Karma (Overnight Body Mask) 40 ml \u0218ampon de p\u0103r The Ritual of Ayurveda (Shampoo) 70 ml Balsam de p\u0103r The Ritual of Ayurveda (Conditioner) 70 ml Spum\u0103 de corp The Ritual of Hammam (Body Lotion Mousse) 30 ml Crem\u0103 de m\u00e2ini The Ritual of Karma (Instant Care Hand Lotion) 50 ml Gel de du\u0219 The Alchemy Collection (Foaming Shower Gel) 50 ml Balsam de m\u00e2ini The Ritual Of Sakura (Kitchen Hand Balm) 85 ml M\u0103nu\u0219\u0103 de exfoliere The Ritual of Ayurveda (Scrub Glove) 1 buc S\u0103pun de m\u00e2ini The Ritual of Sakura (Hand Wash) 110 ml \u0218erve\u021bele demachiante The Ritual of Namaste (Miracle Wipes) Balsam de lux pentru rufe Laundry Deluxe (Softener &amp; Scent Booster) 75 ml Lum\u00e2nare parfumat\u0103 Sweet Jasmine 25 g Lum\u00e2nare parfumat\u0103 Suede Vanilla 25 g Lum\u00e2nare parfumat\u0103 Smooth Violet 25 g Lum\u00e2nare parfumat\u0103 Wild Fig 25 g Br\u0103\u021bar\u0103 (Bracelet Advent) 1 buc<\/p>\n","protected":false},"excerpt":{"rendered":"<p>Bucura\u021bi-v\u0103 de atmosfera de Cr\u0103ciun cu un calendar clasic de advent care v\u0103 transport\u0103 \u00een atmosfera magic\u0103 din Amsterdam. Calendarul con\u021bine: Ap\u0103 micelar\u0103 The Ritual of Namaste (Micellar Water) 30 ml Masc\u0103 facial\u0103 (Wonder Mask) 10 g Masc\u0103 de p\u0103r Elixir Collection (Keratin Recovery Hair Mask) 20 ml Gel de du\u0219 Amsterdam Collection (Foaming Shower&#8230;<\/p>\n","protected":false},"featured_media":271071,"comment_status":"closed","ping_status":"open","template":"","meta":{"_acf_changed":false,"_kadence_starter_templates_imported_post":false,"_kad_post_transparent":"","_kad_post_title":"","_kad_post_layout":"","_kad_post_sidebar_id":"","_kad_post_content_style":"","_kad_post_vertical_padding":"","_kad_post_feature":"","_kad_post_feature_position":"","_kad_post_header":false,"_kad_post_footer":false,"_kad_post_classname":""},"product_brand":[187],"product_cat":[246,660,634,706,633],"product_tag":[],"class_list":{"0":"post-271070","1":"product","2":"type-product","3":"status-publish","4":"has-post-thumbnail","6":"product_brand-rituals","7":"product_cat-cosmetice","8":"product_cat-curatarea-demachierea-fetei","9":"product_cat-produse-cosmetice-de-ingrijire-a-pielii","10":"product_cat-produse-cosmetice-pentru-curatare","11":"product_cat-produse-cosmetice-pentru-piele","13":"first","14":"instock","15":"product-type-external","16":"entry","17":"content-bg","18":"loop-entry"},"acf":[],"yoast_head":"<!-- This site is optimized with the Yoast SEO plugin v27.3 - https:\/\/yoast.com\/product\/yoast-seo-wordpress\/ -->\n<title>Rituals Calendar Advent Classic Advent Calendar - SHOPATOA.COM<\/title>\n<meta name=\"robots\" content=\"index, follow, max-snippet:-1, max-image-preview:large, max-video-preview:-1\" \/>\n<link rel=\"canonical\" href=\"https:\/\/shopatoa.com\/ro\/rituals-calendar-advent-classic-advent-calendar\/\" \/>\n<meta property=\"og:locale\" content=\"ro_RO\" \/>\n<meta property=\"og:type\" content=\"article\" \/>\n<meta property=\"og:title\" content=\"Rituals Calendar Advent Classic Advent Calendar - SHOPATOA.COM\" \/>\n<meta property=\"og:description\" content=\"Bucura\u021bi-v\u0103 de atmosfera de Cr\u0103ciun cu un calendar clasic de advent care v\u0103 transport\u0103 \u00een atmosfera magic\u0103 din Amsterdam. Calendarul con\u021bine: Ap\u0103 micelar\u0103 The Ritual of Namaste (Micellar Water) 30 ml Masc\u0103 facial\u0103 (Wonder Mask) 10 g Masc\u0103 de p\u0103r Elixir Collection (Keratin Recovery Hair Mask) 20 ml Gel de du\u0219 Amsterdam Collection (Foaming Shower...\" \/>\n<meta property=\"og:url\" content=\"https:\/\/shopatoa.com\/ro\/rituals-calendar-advent-classic-advent-calendar\/\" \/>\n<meta property=\"og:site_name\" content=\"SHOPATOA\" \/>\n<meta property=\"article:modified_time\" content=\"2025-11-05T09:42:57+00:00\" \/>\n<meta property=\"og:image\" content=\"https:\/\/storage.googleapis.com\/cz-shopatoa-img\/ro\/fa021f8c-unnamed-file.webp\" \/>\n\t<meta property=\"og:image:width\" content=\"800\" \/>\n\t<meta property=\"og:image:height\" content=\"800\" \/>\n\t<meta property=\"og:image:type\" content=\"image\/webp\" \/>\n<meta name=\"twitter:card\" content=\"summary_large_image\" \/>\n<meta name=\"twitter:label1\" content=\"Timp estimat pentru citire\" \/>\n\t<meta name=\"twitter:data1\" content=\"1 minut\" \/>\n<script type=\"application\/ld+json\" class=\"yoast-schema-graph\">{\"@context\":\"https:\\\/\\\/schema.org\",\"@graph\":[{\"@type\":\"WebPage\",\"@id\":\"https:\\\/\\\/shopatoa.com\\\/ro\\\/rituals-calendar-advent-classic-advent-calendar\\\/\",\"url\":\"https:\\\/\\\/shopatoa.com\\\/ro\\\/rituals-calendar-advent-classic-advent-calendar\\\/\",\"name\":\"Rituals Calendar Advent Classic Advent Calendar - SHOPATOA.COM\",\"isPartOf\":{\"@id\":\"https:\\\/\\\/shopatoa.com\\\/ro\\\/#website\"},\"primaryImageOfPage\":{\"@id\":\"https:\\\/\\\/shopatoa.com\\\/ro\\\/rituals-calendar-advent-classic-advent-calendar\\\/#primaryimage\"},\"image\":{\"@id\":\"https:\\\/\\\/shopatoa.com\\\/ro\\\/rituals-calendar-advent-classic-advent-calendar\\\/#primaryimage\"},\"thumbnailUrl\":\"https:\\\/\\\/storage.googleapis.com\\\/cz-shopatoa-img\\\/ro\\\/fa021f8c-unnamed-file.webp\",\"datePublished\":\"2025-04-29T07:25:16+00:00\",\"dateModified\":\"2025-11-05T09:42:57+00:00\",\"breadcrumb\":{\"@id\":\"https:\\\/\\\/shopatoa.com\\\/ro\\\/rituals-calendar-advent-classic-advent-calendar\\\/#breadcrumb\"},\"inLanguage\":\"ro-RO\",\"potentialAction\":[{\"@type\":\"ReadAction\",\"target\":[\"https:\\\/\\\/shopatoa.com\\\/ro\\\/rituals-calendar-advent-classic-advent-calendar\\\/\"]}]},{\"@type\":\"ImageObject\",\"inLanguage\":\"ro-RO\",\"@id\":\"https:\\\/\\\/shopatoa.com\\\/ro\\\/rituals-calendar-advent-classic-advent-calendar\\\/#primaryimage\",\"url\":\"https:\\\/\\\/storage.googleapis.com\\\/cz-shopatoa-img\\\/ro\\\/fa021f8c-unnamed-file.webp\",\"contentUrl\":\"https:\\\/\\\/storage.googleapis.com\\\/cz-shopatoa-img\\\/ro\\\/fa021f8c-unnamed-file.webp\",\"width\":800,\"height\":800},{\"@type\":\"BreadcrumbList\",\"@id\":\"https:\\\/\\\/shopatoa.com\\\/ro\\\/rituals-calendar-advent-classic-advent-calendar\\\/#breadcrumb\",\"itemListElement\":[{\"@type\":\"ListItem\",\"position\":1,\"name\":\"Dom\u016f\",\"item\":\"https:\\\/\\\/shopatoa.com\\\/ro\\\/\"},{\"@type\":\"ListItem\",\"position\":2,\"name\":\"Shop\",\"item\":\"https:\\\/\\\/shopatoa.com\\\/ro\\\/shop\\\/\"},{\"@type\":\"ListItem\",\"position\":3,\"name\":\"Cosmetice\",\"item\":\"https:\\\/\\\/shopatoa.com\\\/ro\\\/cosmetice\\\/\"},{\"@type\":\"ListItem\",\"position\":4,\"name\":\"Produse cosmetice pentru piele\",\"item\":\"https:\\\/\\\/shopatoa.com\\\/ro\\\/produse-cosmetice-pentru-piele\\\/\"},{\"@type\":\"ListItem\",\"position\":5,\"name\":\"Produse cosmetice de \u00eengrijire a pielii\",\"item\":\"https:\\\/\\\/shopatoa.com\\\/ro\\\/produse-cosmetice-de-ingrijire-a-pielii\\\/\"},{\"@type\":\"ListItem\",\"position\":6,\"name\":\"Cur\u0103\u021barea, demachierea fe\u021bei\",\"item\":\"https:\\\/\\\/shopatoa.com\\\/ro\\\/curatarea-demachierea-fetei\\\/\"},{\"@type\":\"ListItem\",\"position\":7,\"name\":\"Produse cosmetice pentru cur\u0103\u021bare\",\"item\":\"https:\\\/\\\/shopatoa.com\\\/ro\\\/produse-cosmetice-pentru-curatare\\\/\"},{\"@type\":\"ListItem\",\"position\":8,\"name\":\"Rituals Calendar Advent Classic Advent Calendar\"}]},{\"@type\":\"WebSite\",\"@id\":\"https:\\\/\\\/shopatoa.com\\\/ro\\\/#website\",\"url\":\"https:\\\/\\\/shopatoa.com\\\/ro\\\/\",\"name\":\"SHOPATOA\",\"description\":\"\",\"publisher\":{\"@id\":\"https:\\\/\\\/shopatoa.com\\\/ro\\\/#organization\"},\"potentialAction\":[{\"@type\":\"SearchAction\",\"target\":{\"@type\":\"EntryPoint\",\"urlTemplate\":\"https:\\\/\\\/shopatoa.com\\\/ro\\\/?s={search_term_string}\"},\"query-input\":{\"@type\":\"PropertyValueSpecification\",\"valueRequired\":true,\"valueName\":\"search_term_string\"}}],\"inLanguage\":\"ro-RO\"},{\"@type\":\"Organization\",\"@id\":\"https:\\\/\\\/shopatoa.com\\\/ro\\\/#organization\",\"name\":\"SHOPATOA\",\"url\":\"https:\\\/\\\/shopatoa.com\\\/ro\\\/\",\"logo\":{\"@type\":\"ImageObject\",\"inLanguage\":\"ro-RO\",\"@id\":\"https:\\\/\\\/shopatoa.com\\\/ro\\\/#\\\/schema\\\/logo\\\/image\\\/\",\"url\":\"https:\\\/\\\/storage.googleapis.com\\\/cz-shopatoa-img\\\/ro\\\/b4dac915-shopatoa_logo.png\",\"contentUrl\":\"https:\\\/\\\/storage.googleapis.com\\\/cz-shopatoa-img\\\/ro\\\/b4dac915-shopatoa_logo.png\",\"width\":416,\"height\":63,\"caption\":\"SHOPATOA\"},\"image\":{\"@id\":\"https:\\\/\\\/shopatoa.com\\\/ro\\\/#\\\/schema\\\/logo\\\/image\\\/\"}}]}<\/script>\n<!-- \/ Yoast SEO plugin. -->","yoast_head_json":{"title":"Rituals Calendar Advent Classic Advent Calendar - SHOPATOA.COM","robots":{"index":"index","follow":"follow","max-snippet":"max-snippet:-1","max-image-preview":"max-image-preview:large","max-video-preview":"max-video-preview:-1"},"canonical":"https:\/\/shopatoa.com\/ro\/rituals-calendar-advent-classic-advent-calendar\/","og_locale":"ro_RO","og_type":"article","og_title":"Rituals Calendar Advent Classic Advent Calendar - SHOPATOA.COM","og_description":"Bucura\u021bi-v\u0103 de atmosfera de Cr\u0103ciun cu un calendar clasic de advent care v\u0103 transport\u0103 \u00een atmosfera magic\u0103 din Amsterdam. Calendarul con\u021bine: Ap\u0103 micelar\u0103 The Ritual of Namaste (Micellar Water) 30 ml Masc\u0103 facial\u0103 (Wonder Mask) 10 g Masc\u0103 de p\u0103r Elixir Collection (Keratin Recovery Hair Mask) 20 ml Gel de du\u0219 Amsterdam Collection (Foaming Shower...","og_url":"https:\/\/shopatoa.com\/ro\/rituals-calendar-advent-classic-advent-calendar\/","og_site_name":"SHOPATOA","article_modified_time":"2025-11-05T09:42:57+00:00","og_image":[{"width":800,"height":800,"url":"https:\/\/storage.googleapis.com\/cz-shopatoa-img\/ro\/fa021f8c-unnamed-file.webp","type":"image\/webp"}],"twitter_card":"summary_large_image","twitter_misc":{"Timp estimat pentru citire":"1 minut"},"schema":{"@context":"https:\/\/schema.org","@graph":[{"@type":"WebPage","@id":"https:\/\/shopatoa.com\/ro\/rituals-calendar-advent-classic-advent-calendar\/","url":"https:\/\/shopatoa.com\/ro\/rituals-calendar-advent-classic-advent-calendar\/","name":"Rituals Calendar Advent Classic Advent Calendar - SHOPATOA.COM","isPartOf":{"@id":"https:\/\/shopatoa.com\/ro\/#website"},"primaryImageOfPage":{"@id":"https:\/\/shopatoa.com\/ro\/rituals-calendar-advent-classic-advent-calendar\/#primaryimage"},"image":{"@id":"https:\/\/shopatoa.com\/ro\/rituals-calendar-advent-classic-advent-calendar\/#primaryimage"},"thumbnailUrl":"https:\/\/storage.googleapis.com\/cz-shopatoa-img\/ro\/fa021f8c-unnamed-file.webp","datePublished":"2025-04-29T07:25:16+00:00","dateModified":"2025-11-05T09:42:57+00:00","breadcrumb":{"@id":"https:\/\/shopatoa.com\/ro\/rituals-calendar-advent-classic-advent-calendar\/#breadcrumb"},"inLanguage":"ro-RO","potentialAction":[{"@type":"ReadAction","target":["https:\/\/shopatoa.com\/ro\/rituals-calendar-advent-classic-advent-calendar\/"]}]},{"@type":"ImageObject","inLanguage":"ro-RO","@id":"https:\/\/shopatoa.com\/ro\/rituals-calendar-advent-classic-advent-calendar\/#primaryimage","url":"https:\/\/storage.googleapis.com\/cz-shopatoa-img\/ro\/fa021f8c-unnamed-file.webp","contentUrl":"https:\/\/storage.googleapis.com\/cz-shopatoa-img\/ro\/fa021f8c-unnamed-file.webp","width":800,"height":800},{"@type":"BreadcrumbList","@id":"https:\/\/shopatoa.com\/ro\/rituals-calendar-advent-classic-advent-calendar\/#breadcrumb","itemListElement":[{"@type":"ListItem","position":1,"name":"Dom\u016f","item":"https:\/\/shopatoa.com\/ro\/"},{"@type":"ListItem","position":2,"name":"Shop","item":"https:\/\/shopatoa.com\/ro\/shop\/"},{"@type":"ListItem","position":3,"name":"Cosmetice","item":"https:\/\/shopatoa.com\/ro\/cosmetice\/"},{"@type":"ListItem","position":4,"name":"Produse cosmetice pentru piele","item":"https:\/\/shopatoa.com\/ro\/produse-cosmetice-pentru-piele\/"},{"@type":"ListItem","position":5,"name":"Produse cosmetice de \u00eengrijire a pielii","item":"https:\/\/shopatoa.com\/ro\/produse-cosmetice-de-ingrijire-a-pielii\/"},{"@type":"ListItem","position":6,"name":"Cur\u0103\u021barea, demachierea fe\u021bei","item":"https:\/\/shopatoa.com\/ro\/curatarea-demachierea-fetei\/"},{"@type":"ListItem","position":7,"name":"Produse cosmetice pentru cur\u0103\u021bare","item":"https:\/\/shopatoa.com\/ro\/produse-cosmetice-pentru-curatare\/"},{"@type":"ListItem","position":8,"name":"Rituals Calendar Advent Classic Advent Calendar"}]},{"@type":"WebSite","@id":"https:\/\/shopatoa.com\/ro\/#website","url":"https:\/\/shopatoa.com\/ro\/","name":"SHOPATOA","description":"","publisher":{"@id":"https:\/\/shopatoa.com\/ro\/#organization"},"potentialAction":[{"@type":"SearchAction","target":{"@type":"EntryPoint","urlTemplate":"https:\/\/shopatoa.com\/ro\/?s={search_term_string}"},"query-input":{"@type":"PropertyValueSpecification","valueRequired":true,"valueName":"search_term_string"}}],"inLanguage":"ro-RO"},{"@type":"Organization","@id":"https:\/\/shopatoa.com\/ro\/#organization","name":"SHOPATOA","url":"https:\/\/shopatoa.com\/ro\/","logo":{"@type":"ImageObject","inLanguage":"ro-RO","@id":"https:\/\/shopatoa.com\/ro\/#\/schema\/logo\/image\/","url":"https:\/\/storage.googleapis.com\/cz-shopatoa-img\/ro\/b4dac915-shopatoa_logo.png","contentUrl":"https:\/\/storage.googleapis.com\/cz-shopatoa-img\/ro\/b4dac915-shopatoa_logo.png","width":416,"height":63,"caption":"SHOPATOA"},"image":{"@id":"https:\/\/shopatoa.com\/ro\/#\/schema\/logo\/image\/"}}]}},"_links":{"self":[{"href":"https:\/\/shopatoa.com\/ro\/wp-json\/wp\/v2\/product\/271070","targetHints":{"allow":["GET"]}}],"collection":[{"href":"https:\/\/shopatoa.com\/ro\/wp-json\/wp\/v2\/product"}],"about":[{"href":"https:\/\/shopatoa.com\/ro\/wp-json\/wp\/v2\/types\/product"}],"replies":[{"embeddable":true,"href":"https:\/\/shopatoa.com\/ro\/wp-json\/wp\/v2\/comments?post=271070"}],"wp:featuredmedia":[{"embeddable":true,"href":"https:\/\/shopatoa.com\/ro\/wp-json\/wp\/v2\/media\/271071"}],"wp:attachment":[{"href":"https:\/\/shopatoa.com\/ro\/wp-json\/wp\/v2\/media?parent=271070"}],"wp:term":[{"taxonomy":"product_brand","embeddable":true,"href":"https:\/\/shopatoa.com\/ro\/wp-json\/wp\/v2\/product_brand?post=271070"},{"taxonomy":"product_cat","embeddable":true,"href":"https:\/\/shopatoa.com\/ro\/wp-json\/wp\/v2\/product_cat?post=271070"},{"taxonomy":"product_tag","embeddable":true,"href":"https:\/\/shopatoa.com\/ro\/wp-json\/wp\/v2\/product_tag?post=271070"}],"curies":[{"name":"wp","href":"https:\/\/api.w.org\/{rel}","templated":true}]}}