{"id":271096,"date":"2025-04-29T09:30:26","date_gmt":"2025-04-29T07:30:26","guid":{"rendered":"https:\/\/shopatoa.com\/ro\/gillette-capete-de-rezerva-fusion-manual-14-buc\/"},"modified":"2025-12-08T19:44:09","modified_gmt":"2025-12-08T18:44:09","slug":"gillette-capete-de-rezerva-fusion-manual-14-buc","status":"publish","type":"product","link":"https:\/\/shopatoa.com\/ro\/gillette-capete-de-rezerva-fusion-manual-14-buc\/","title":{"rendered":"Gillette Capete de rezerv\u0103 Fusion Manual 14 buc"},"content":{"rendered":"<p>Capetele de b\u0103rbierit de rezerv\u0103 Gillette Fusion5 sunt echipate cu 5 lame ascu\u021bite care asigur\u0103 un b\u0103rbierit fin \u0219i confortabil. Banda hidratant\u0103 care se activeaz\u0103 la contactul cu apa, \u00eembun\u0103t\u0103\u021be\u0219te alunecarea \u0219i ajut\u0103 la prevenirea irita\u021biilor pielii. Fiecare cap de b\u0103rbierit este proiectat s\u0103 reziste p\u00e2n\u0103 la o lun\u0103 de utilizare, oferind un beneficiu de lung\u0103 durat\u0103 \u0219i un b\u0103rbierit f\u0103r\u0103 griji.<\/p>\n","protected":false},"excerpt":{"rendered":"<p>Capetele de b\u0103rbierit de rezerv\u0103 Gillette Fusion5 sunt echipate cu 5 lame ascu\u021bite care asigur\u0103 un b\u0103rbierit fin \u0219i confortabil. Banda hidratant\u0103 care se activeaz\u0103 la contactul cu apa, \u00eembun\u0103t\u0103\u021be\u0219te alunecarea \u0219i ajut\u0103 la prevenirea irita\u021biilor pielii. Fiecare cap de b\u0103rbierit este proiectat s\u0103 reziste p\u00e2n\u0103 la o lun\u0103 de utilizare, oferind un beneficiu de&#8230;<\/p>\n","protected":false},"featured_media":271097,"comment_status":"closed","ping_status":"open","template":"","meta":{"_acf_changed":false,"_kadence_starter_templates_imported_post":false,"_kad_post_transparent":"","_kad_post_title":"","_kad_post_layout":"","_kad_post_sidebar_id":"","_kad_post_content_style":"","_kad_post_vertical_padding":"","_kad_post_feature":"","_kad_post_feature_position":"","_kad_post_header":false,"_kad_post_footer":false,"_kad_post_classname":""},"product_brand":[184],"product_cat":[670,671,246],"product_tag":[],"class_list":{"0":"post-271096","1":"product","2":"type-product","3":"status-publish","4":"has-post-thumbnail","6":"product_brand-gillette","7":"product_cat-barber-shop","8":"product_cat-barber-shop-barbierit","9":"product_cat-cosmetice","11":"first","12":"instock","13":"sale","14":"product-type-external","15":"entry","16":"content-bg","17":"loop-entry"},"acf":[],"yoast_head":"<!-- This site is optimized with the Yoast SEO plugin v27.4 - https:\/\/yoast.com\/product\/yoast-seo-wordpress\/ -->\n<title>Gillette Capete de rezerv\u0103 Fusion Manual 14 buc - SHOPATOA.COM<\/title>\n<meta name=\"robots\" content=\"index, follow, max-snippet:-1, max-image-preview:large, max-video-preview:-1\" \/>\n<link rel=\"canonical\" href=\"https:\/\/shopatoa.com\/ro\/gillette-capete-de-rezerva-fusion-manual-14-buc\/\" \/>\n<meta property=\"og:locale\" content=\"ro_RO\" \/>\n<meta property=\"og:type\" content=\"article\" \/>\n<meta property=\"og:title\" content=\"Gillette Capete de rezerv\u0103 Fusion Manual 14 buc - SHOPATOA.COM\" \/>\n<meta property=\"og:description\" content=\"Capetele de b\u0103rbierit de rezerv\u0103 Gillette Fusion5 sunt echipate cu 5 lame ascu\u021bite care asigur\u0103 un b\u0103rbierit fin \u0219i confortabil. Banda hidratant\u0103 care se activeaz\u0103 la contactul cu apa, \u00eembun\u0103t\u0103\u021be\u0219te alunecarea \u0219i ajut\u0103 la prevenirea irita\u021biilor pielii. Fiecare cap de b\u0103rbierit este proiectat s\u0103 reziste p\u00e2n\u0103 la o lun\u0103 de utilizare, oferind un beneficiu de...\" \/>\n<meta property=\"og:url\" content=\"https:\/\/shopatoa.com\/ro\/gillette-capete-de-rezerva-fusion-manual-14-buc\/\" \/>\n<meta property=\"og:site_name\" content=\"SHOPATOA\" \/>\n<meta property=\"article:modified_time\" content=\"2025-12-08T18:44:09+00:00\" \/>\n<meta property=\"og:image\" content=\"https:\/\/storage.googleapis.com\/cz-shopatoa-img\/ro\/f085b87f-unnamed-file.webp\" \/>\n\t<meta property=\"og:image:width\" content=\"800\" \/>\n\t<meta property=\"og:image:height\" content=\"800\" \/>\n\t<meta property=\"og:image:type\" content=\"image\/webp\" \/>\n<meta name=\"twitter:card\" content=\"summary_large_image\" \/>\n<script type=\"application\/ld+json\" class=\"yoast-schema-graph\">{\"@context\":\"https:\\\/\\\/schema.org\",\"@graph\":[{\"@type\":\"WebPage\",\"@id\":\"https:\\\/\\\/shopatoa.com\\\/ro\\\/gillette-capete-de-rezerva-fusion-manual-14-buc\\\/\",\"url\":\"https:\\\/\\\/shopatoa.com\\\/ro\\\/gillette-capete-de-rezerva-fusion-manual-14-buc\\\/\",\"name\":\"Gillette Capete de rezerv\u0103 Fusion Manual 14 buc - SHOPATOA.COM\",\"isPartOf\":{\"@id\":\"https:\\\/\\\/shopatoa.com\\\/ro\\\/#website\"},\"primaryImageOfPage\":{\"@id\":\"https:\\\/\\\/shopatoa.com\\\/ro\\\/gillette-capete-de-rezerva-fusion-manual-14-buc\\\/#primaryimage\"},\"image\":{\"@id\":\"https:\\\/\\\/shopatoa.com\\\/ro\\\/gillette-capete-de-rezerva-fusion-manual-14-buc\\\/#primaryimage\"},\"thumbnailUrl\":\"https:\\\/\\\/storage.googleapis.com\\\/cz-shopatoa-img\\\/ro\\\/f085b87f-unnamed-file.webp\",\"datePublished\":\"2025-04-29T07:30:26+00:00\",\"dateModified\":\"2025-12-08T18:44:09+00:00\",\"breadcrumb\":{\"@id\":\"https:\\\/\\\/shopatoa.com\\\/ro\\\/gillette-capete-de-rezerva-fusion-manual-14-buc\\\/#breadcrumb\"},\"inLanguage\":\"ro-RO\",\"potentialAction\":[{\"@type\":\"ReadAction\",\"target\":[\"https:\\\/\\\/shopatoa.com\\\/ro\\\/gillette-capete-de-rezerva-fusion-manual-14-buc\\\/\"]}]},{\"@type\":\"ImageObject\",\"inLanguage\":\"ro-RO\",\"@id\":\"https:\\\/\\\/shopatoa.com\\\/ro\\\/gillette-capete-de-rezerva-fusion-manual-14-buc\\\/#primaryimage\",\"url\":\"https:\\\/\\\/storage.googleapis.com\\\/cz-shopatoa-img\\\/ro\\\/f085b87f-unnamed-file.webp\",\"contentUrl\":\"https:\\\/\\\/storage.googleapis.com\\\/cz-shopatoa-img\\\/ro\\\/f085b87f-unnamed-file.webp\",\"width\":800,\"height\":800},{\"@type\":\"BreadcrumbList\",\"@id\":\"https:\\\/\\\/shopatoa.com\\\/ro\\\/gillette-capete-de-rezerva-fusion-manual-14-buc\\\/#breadcrumb\",\"itemListElement\":[{\"@type\":\"ListItem\",\"position\":1,\"name\":\"Dom\u016f\",\"item\":\"https:\\\/\\\/shopatoa.com\\\/ro\\\/\"},{\"@type\":\"ListItem\",\"position\":2,\"name\":\"Shop\",\"item\":\"https:\\\/\\\/shopatoa.com\\\/ro\\\/shop\\\/\"},{\"@type\":\"ListItem\",\"position\":3,\"name\":\"Cosmetice\",\"item\":\"https:\\\/\\\/shopatoa.com\\\/ro\\\/cosmetice\\\/\"},{\"@type\":\"ListItem\",\"position\":4,\"name\":\"Barber Shop\",\"item\":\"https:\\\/\\\/shopatoa.com\\\/ro\\\/barber-shop\\\/\"},{\"@type\":\"ListItem\",\"position\":5,\"name\":\"Barber Shop \u2013 b\u0103rbierit\",\"item\":\"https:\\\/\\\/shopatoa.com\\\/ro\\\/barber-shop-barbierit\\\/\"},{\"@type\":\"ListItem\",\"position\":6,\"name\":\"Gillette Capete de rezerv\u0103 Fusion Manual 14 buc\"}]},{\"@type\":\"WebSite\",\"@id\":\"https:\\\/\\\/shopatoa.com\\\/ro\\\/#website\",\"url\":\"https:\\\/\\\/shopatoa.com\\\/ro\\\/\",\"name\":\"SHOPATOA\",\"description\":\"\",\"publisher\":{\"@id\":\"https:\\\/\\\/shopatoa.com\\\/ro\\\/#organization\"},\"potentialAction\":[{\"@type\":\"SearchAction\",\"target\":{\"@type\":\"EntryPoint\",\"urlTemplate\":\"https:\\\/\\\/shopatoa.com\\\/ro\\\/?s={search_term_string}\"},\"query-input\":{\"@type\":\"PropertyValueSpecification\",\"valueRequired\":true,\"valueName\":\"search_term_string\"}}],\"inLanguage\":\"ro-RO\"},{\"@type\":\"Organization\",\"@id\":\"https:\\\/\\\/shopatoa.com\\\/ro\\\/#organization\",\"name\":\"SHOPATOA\",\"url\":\"https:\\\/\\\/shopatoa.com\\\/ro\\\/\",\"logo\":{\"@type\":\"ImageObject\",\"inLanguage\":\"ro-RO\",\"@id\":\"https:\\\/\\\/shopatoa.com\\\/ro\\\/#\\\/schema\\\/logo\\\/image\\\/\",\"url\":\"https:\\\/\\\/storage.googleapis.com\\\/cz-shopatoa-img\\\/ro\\\/b4dac915-shopatoa_logo.png\",\"contentUrl\":\"https:\\\/\\\/storage.googleapis.com\\\/cz-shopatoa-img\\\/ro\\\/b4dac915-shopatoa_logo.png\",\"width\":416,\"height\":63,\"caption\":\"SHOPATOA\"},\"image\":{\"@id\":\"https:\\\/\\\/shopatoa.com\\\/ro\\\/#\\\/schema\\\/logo\\\/image\\\/\"}}]}<\/script>\n<!-- \/ Yoast SEO plugin. -->","yoast_head_json":{"title":"Gillette Capete de rezerv\u0103 Fusion Manual 14 buc - SHOPATOA.COM","robots":{"index":"index","follow":"follow","max-snippet":"max-snippet:-1","max-image-preview":"max-image-preview:large","max-video-preview":"max-video-preview:-1"},"canonical":"https:\/\/shopatoa.com\/ro\/gillette-capete-de-rezerva-fusion-manual-14-buc\/","og_locale":"ro_RO","og_type":"article","og_title":"Gillette Capete de rezerv\u0103 Fusion Manual 14 buc - SHOPATOA.COM","og_description":"Capetele de b\u0103rbierit de rezerv\u0103 Gillette Fusion5 sunt echipate cu 5 lame ascu\u021bite care asigur\u0103 un b\u0103rbierit fin \u0219i confortabil. Banda hidratant\u0103 care se activeaz\u0103 la contactul cu apa, \u00eembun\u0103t\u0103\u021be\u0219te alunecarea \u0219i ajut\u0103 la prevenirea irita\u021biilor pielii. Fiecare cap de b\u0103rbierit este proiectat s\u0103 reziste p\u00e2n\u0103 la o lun\u0103 de utilizare, oferind un beneficiu de...","og_url":"https:\/\/shopatoa.com\/ro\/gillette-capete-de-rezerva-fusion-manual-14-buc\/","og_site_name":"SHOPATOA","article_modified_time":"2025-12-08T18:44:09+00:00","og_image":[{"width":800,"height":800,"url":"https:\/\/storage.googleapis.com\/cz-shopatoa-img\/ro\/f085b87f-unnamed-file.webp","type":"image\/webp"}],"twitter_card":"summary_large_image","schema":{"@context":"https:\/\/schema.org","@graph":[{"@type":"WebPage","@id":"https:\/\/shopatoa.com\/ro\/gillette-capete-de-rezerva-fusion-manual-14-buc\/","url":"https:\/\/shopatoa.com\/ro\/gillette-capete-de-rezerva-fusion-manual-14-buc\/","name":"Gillette Capete de rezerv\u0103 Fusion Manual 14 buc - SHOPATOA.COM","isPartOf":{"@id":"https:\/\/shopatoa.com\/ro\/#website"},"primaryImageOfPage":{"@id":"https:\/\/shopatoa.com\/ro\/gillette-capete-de-rezerva-fusion-manual-14-buc\/#primaryimage"},"image":{"@id":"https:\/\/shopatoa.com\/ro\/gillette-capete-de-rezerva-fusion-manual-14-buc\/#primaryimage"},"thumbnailUrl":"https:\/\/storage.googleapis.com\/cz-shopatoa-img\/ro\/f085b87f-unnamed-file.webp","datePublished":"2025-04-29T07:30:26+00:00","dateModified":"2025-12-08T18:44:09+00:00","breadcrumb":{"@id":"https:\/\/shopatoa.com\/ro\/gillette-capete-de-rezerva-fusion-manual-14-buc\/#breadcrumb"},"inLanguage":"ro-RO","potentialAction":[{"@type":"ReadAction","target":["https:\/\/shopatoa.com\/ro\/gillette-capete-de-rezerva-fusion-manual-14-buc\/"]}]},{"@type":"ImageObject","inLanguage":"ro-RO","@id":"https:\/\/shopatoa.com\/ro\/gillette-capete-de-rezerva-fusion-manual-14-buc\/#primaryimage","url":"https:\/\/storage.googleapis.com\/cz-shopatoa-img\/ro\/f085b87f-unnamed-file.webp","contentUrl":"https:\/\/storage.googleapis.com\/cz-shopatoa-img\/ro\/f085b87f-unnamed-file.webp","width":800,"height":800},{"@type":"BreadcrumbList","@id":"https:\/\/shopatoa.com\/ro\/gillette-capete-de-rezerva-fusion-manual-14-buc\/#breadcrumb","itemListElement":[{"@type":"ListItem","position":1,"name":"Dom\u016f","item":"https:\/\/shopatoa.com\/ro\/"},{"@type":"ListItem","position":2,"name":"Shop","item":"https:\/\/shopatoa.com\/ro\/shop\/"},{"@type":"ListItem","position":3,"name":"Cosmetice","item":"https:\/\/shopatoa.com\/ro\/cosmetice\/"},{"@type":"ListItem","position":4,"name":"Barber Shop","item":"https:\/\/shopatoa.com\/ro\/barber-shop\/"},{"@type":"ListItem","position":5,"name":"Barber Shop \u2013 b\u0103rbierit","item":"https:\/\/shopatoa.com\/ro\/barber-shop-barbierit\/"},{"@type":"ListItem","position":6,"name":"Gillette Capete de rezerv\u0103 Fusion Manual 14 buc"}]},{"@type":"WebSite","@id":"https:\/\/shopatoa.com\/ro\/#website","url":"https:\/\/shopatoa.com\/ro\/","name":"SHOPATOA","description":"","publisher":{"@id":"https:\/\/shopatoa.com\/ro\/#organization"},"potentialAction":[{"@type":"SearchAction","target":{"@type":"EntryPoint","urlTemplate":"https:\/\/shopatoa.com\/ro\/?s={search_term_string}"},"query-input":{"@type":"PropertyValueSpecification","valueRequired":true,"valueName":"search_term_string"}}],"inLanguage":"ro-RO"},{"@type":"Organization","@id":"https:\/\/shopatoa.com\/ro\/#organization","name":"SHOPATOA","url":"https:\/\/shopatoa.com\/ro\/","logo":{"@type":"ImageObject","inLanguage":"ro-RO","@id":"https:\/\/shopatoa.com\/ro\/#\/schema\/logo\/image\/","url":"https:\/\/storage.googleapis.com\/cz-shopatoa-img\/ro\/b4dac915-shopatoa_logo.png","contentUrl":"https:\/\/storage.googleapis.com\/cz-shopatoa-img\/ro\/b4dac915-shopatoa_logo.png","width":416,"height":63,"caption":"SHOPATOA"},"image":{"@id":"https:\/\/shopatoa.com\/ro\/#\/schema\/logo\/image\/"}}]}},"_links":{"self":[{"href":"https:\/\/shopatoa.com\/ro\/wp-json\/wp\/v2\/product\/271096","targetHints":{"allow":["GET"]}}],"collection":[{"href":"https:\/\/shopatoa.com\/ro\/wp-json\/wp\/v2\/product"}],"about":[{"href":"https:\/\/shopatoa.com\/ro\/wp-json\/wp\/v2\/types\/product"}],"replies":[{"embeddable":true,"href":"https:\/\/shopatoa.com\/ro\/wp-json\/wp\/v2\/comments?post=271096"}],"wp:featuredmedia":[{"embeddable":true,"href":"https:\/\/shopatoa.com\/ro\/wp-json\/wp\/v2\/media\/271097"}],"wp:attachment":[{"href":"https:\/\/shopatoa.com\/ro\/wp-json\/wp\/v2\/media?parent=271096"}],"wp:term":[{"taxonomy":"product_brand","embeddable":true,"href":"https:\/\/shopatoa.com\/ro\/wp-json\/wp\/v2\/product_brand?post=271096"},{"taxonomy":"product_cat","embeddable":true,"href":"https:\/\/shopatoa.com\/ro\/wp-json\/wp\/v2\/product_cat?post=271096"},{"taxonomy":"product_tag","embeddable":true,"href":"https:\/\/shopatoa.com\/ro\/wp-json\/wp\/v2\/product_tag?post=271096"}],"curies":[{"name":"wp","href":"https:\/\/api.w.org\/{rel}","templated":true}]}}