{"id":271216,"date":"2025-04-29T09:55:05","date_gmt":"2025-04-29T07:55:05","guid":{"rendered":"https:\/\/shopatoa.com\/ro\/billie-eilish-eilish-spray-de-corp-236-ml\/"},"modified":"2025-12-08T19:24:46","modified_gmt":"2025-12-08T18:24:46","slug":"billie-eilish-eilish-spray-de-corp-236-ml","status":"publish","type":"product","link":"https:\/\/shopatoa.com\/ro\/billie-eilish-eilish-spray-de-corp-236-ml\/","title":{"rendered":"Billie Eilish Eilish &#8211; Spray de corp 236 ml"},"content":{"rendered":"<p>Eilish Spray de corp de Billie Eilish ofer\u0103 un parfum feminin captivant, care v\u0103 va cuceri prin caracterul s\u0103u extrem de delicat \u0219i autenticitatea neclintit\u0103. Dulcea\u021ba mandarinelor \u0219i a fructelor de p\u0103dure ro\u0219ii este accentuat\u0103 de note \u00een\u0103l\u021b\u0103toare de zah\u0103r la \u00eenceputul parfumului. Notele gurmande de cacao \u0219i vanilie domin\u0103 inima carismatic\u0103, care este completat\u0103 de note picante \u0219i de senzualitatea trandafirului. Baza este o interac\u021biune perfect\u0103 de acorduri lemnoase cu aroma dulce a boabelor de tonka, a chihlimbarului \u0219i a moscului, care va l\u0103sa o urm\u0103 puternic\u0103 \u0219i magnetic atr\u0103g\u0103toare pe pielea dumneavoastr\u0103. Parfumul are o compozi\u021bie vegan\u0103. Eilish este primul parfum al c\u00e2nt\u0103re\u021bei americane de renume mondial, care a spus despre acest parfum: \u201e Mi-am dorit ca acesta s\u0103 fie ca o \u00eembr\u0103\u021bi\u0219are cald\u0103. Este parfumul pe care l-am c\u0103utat de ani \u0219i ani \u0219i ani. Este parfumul meu cel mai preferat din lume. \u201c Parfumul a fost lansat pe pia\u021b\u0103 \u00een anul 2021 \u0219i a fost creat de Steve DeMercado.<\/p>\n","protected":false},"excerpt":{"rendered":"<p>Eilish Spray de corp de Billie Eilish ofer\u0103 un parfum feminin captivant, care v\u0103 va cuceri prin caracterul s\u0103u extrem de delicat \u0219i autenticitatea neclintit\u0103. Dulcea\u021ba mandarinelor \u0219i a fructelor de p\u0103dure ro\u0219ii este accentuat\u0103 de note \u00een\u0103l\u021b\u0103toare de zah\u0103r la \u00eenceputul parfumului. Notele gurmande de cacao \u0219i vanilie domin\u0103 inima carismatic\u0103, care este completat\u0103&#8230;<\/p>\n","protected":false},"featured_media":271217,"comment_status":"closed","ping_status":"open","template":"","meta":{"_acf_changed":false,"_kadence_starter_templates_imported_post":false,"_kad_post_transparent":"","_kad_post_title":"","_kad_post_layout":"","_kad_post_sidebar_id":"","_kad_post_content_style":"","_kad_post_vertical_padding":"","_kad_post_feature":"","_kad_post_feature_position":"","_kad_post_header":false,"_kad_post_footer":false,"_kad_post_classname":""},"product_brand":[1061],"product_cat":[614,682],"product_tag":[],"class_list":{"0":"post-271216","1":"product","2":"type-product","3":"status-publish","4":"has-post-thumbnail","6":"product_brand-billie-eilish","7":"product_cat-parfumuri","8":"product_cat-spray-uri-de-corp","10":"first","11":"instock","12":"sale","13":"product-type-external","14":"entry","15":"content-bg","16":"loop-entry"},"acf":[],"yoast_head":"<!-- This site is optimized with the Yoast SEO plugin v27.4 - https:\/\/yoast.com\/product\/yoast-seo-wordpress\/ -->\n<title>Billie Eilish Eilish - Spray de corp 236 ml - SHOPATOA.COM<\/title>\n<meta name=\"robots\" content=\"index, follow, max-snippet:-1, max-image-preview:large, max-video-preview:-1\" \/>\n<link rel=\"canonical\" href=\"https:\/\/shopatoa.com\/ro\/billie-eilish-eilish-spray-de-corp-236-ml\/\" \/>\n<meta property=\"og:locale\" content=\"ro_RO\" \/>\n<meta property=\"og:type\" content=\"article\" \/>\n<meta property=\"og:title\" content=\"Billie Eilish Eilish - Spray de corp 236 ml - SHOPATOA.COM\" \/>\n<meta property=\"og:description\" content=\"Eilish Spray de corp de Billie Eilish ofer\u0103 un parfum feminin captivant, care v\u0103 va cuceri prin caracterul s\u0103u extrem de delicat \u0219i autenticitatea neclintit\u0103. Dulcea\u021ba mandarinelor \u0219i a fructelor de p\u0103dure ro\u0219ii este accentuat\u0103 de note \u00een\u0103l\u021b\u0103toare de zah\u0103r la \u00eenceputul parfumului. Notele gurmande de cacao \u0219i vanilie domin\u0103 inima carismatic\u0103, care este completat\u0103...\" \/>\n<meta property=\"og:url\" content=\"https:\/\/shopatoa.com\/ro\/billie-eilish-eilish-spray-de-corp-236-ml\/\" \/>\n<meta property=\"og:site_name\" content=\"SHOPATOA\" \/>\n<meta property=\"article:modified_time\" content=\"2025-12-08T18:24:46+00:00\" \/>\n<meta property=\"og:image\" content=\"https:\/\/storage.googleapis.com\/cz-shopatoa-img\/ro\/e9475ae8-unnamed-file.webp\" \/>\n\t<meta property=\"og:image:width\" content=\"800\" \/>\n\t<meta property=\"og:image:height\" content=\"800\" \/>\n\t<meta property=\"og:image:type\" content=\"image\/webp\" \/>\n<meta name=\"twitter:card\" content=\"summary_large_image\" \/>\n<meta name=\"twitter:label1\" content=\"Timp estimat pentru citire\" \/>\n\t<meta name=\"twitter:data1\" content=\"1 minut\" \/>\n<script type=\"application\/ld+json\" class=\"yoast-schema-graph\">{\"@context\":\"https:\\\/\\\/schema.org\",\"@graph\":[{\"@type\":\"WebPage\",\"@id\":\"https:\\\/\\\/shopatoa.com\\\/ro\\\/billie-eilish-eilish-spray-de-corp-236-ml\\\/\",\"url\":\"https:\\\/\\\/shopatoa.com\\\/ro\\\/billie-eilish-eilish-spray-de-corp-236-ml\\\/\",\"name\":\"Billie Eilish Eilish - Spray de corp 236 ml - SHOPATOA.COM\",\"isPartOf\":{\"@id\":\"https:\\\/\\\/shopatoa.com\\\/ro\\\/#website\"},\"primaryImageOfPage\":{\"@id\":\"https:\\\/\\\/shopatoa.com\\\/ro\\\/billie-eilish-eilish-spray-de-corp-236-ml\\\/#primaryimage\"},\"image\":{\"@id\":\"https:\\\/\\\/shopatoa.com\\\/ro\\\/billie-eilish-eilish-spray-de-corp-236-ml\\\/#primaryimage\"},\"thumbnailUrl\":\"https:\\\/\\\/storage.googleapis.com\\\/cz-shopatoa-img\\\/ro\\\/e9475ae8-unnamed-file.webp\",\"datePublished\":\"2025-04-29T07:55:05+00:00\",\"dateModified\":\"2025-12-08T18:24:46+00:00\",\"breadcrumb\":{\"@id\":\"https:\\\/\\\/shopatoa.com\\\/ro\\\/billie-eilish-eilish-spray-de-corp-236-ml\\\/#breadcrumb\"},\"inLanguage\":\"ro-RO\",\"potentialAction\":[{\"@type\":\"ReadAction\",\"target\":[\"https:\\\/\\\/shopatoa.com\\\/ro\\\/billie-eilish-eilish-spray-de-corp-236-ml\\\/\"]}]},{\"@type\":\"ImageObject\",\"inLanguage\":\"ro-RO\",\"@id\":\"https:\\\/\\\/shopatoa.com\\\/ro\\\/billie-eilish-eilish-spray-de-corp-236-ml\\\/#primaryimage\",\"url\":\"https:\\\/\\\/storage.googleapis.com\\\/cz-shopatoa-img\\\/ro\\\/e9475ae8-unnamed-file.webp\",\"contentUrl\":\"https:\\\/\\\/storage.googleapis.com\\\/cz-shopatoa-img\\\/ro\\\/e9475ae8-unnamed-file.webp\",\"width\":800,\"height\":800},{\"@type\":\"BreadcrumbList\",\"@id\":\"https:\\\/\\\/shopatoa.com\\\/ro\\\/billie-eilish-eilish-spray-de-corp-236-ml\\\/#breadcrumb\",\"itemListElement\":[{\"@type\":\"ListItem\",\"position\":1,\"name\":\"Dom\u016f\",\"item\":\"https:\\\/\\\/shopatoa.com\\\/ro\\\/\"},{\"@type\":\"ListItem\",\"position\":2,\"name\":\"Shop\",\"item\":\"https:\\\/\\\/shopatoa.com\\\/ro\\\/shop\\\/\"},{\"@type\":\"ListItem\",\"position\":3,\"name\":\"Parfumuri\",\"item\":\"https:\\\/\\\/shopatoa.com\\\/ro\\\/parfumuri\\\/\"},{\"@type\":\"ListItem\",\"position\":4,\"name\":\"Spray-uri de corp\",\"item\":\"https:\\\/\\\/shopatoa.com\\\/ro\\\/spray-uri-de-corp\\\/\"},{\"@type\":\"ListItem\",\"position\":5,\"name\":\"Billie Eilish Eilish &#8211; Spray de corp 236 ml\"}]},{\"@type\":\"WebSite\",\"@id\":\"https:\\\/\\\/shopatoa.com\\\/ro\\\/#website\",\"url\":\"https:\\\/\\\/shopatoa.com\\\/ro\\\/\",\"name\":\"SHOPATOA\",\"description\":\"\",\"publisher\":{\"@id\":\"https:\\\/\\\/shopatoa.com\\\/ro\\\/#organization\"},\"potentialAction\":[{\"@type\":\"SearchAction\",\"target\":{\"@type\":\"EntryPoint\",\"urlTemplate\":\"https:\\\/\\\/shopatoa.com\\\/ro\\\/?s={search_term_string}\"},\"query-input\":{\"@type\":\"PropertyValueSpecification\",\"valueRequired\":true,\"valueName\":\"search_term_string\"}}],\"inLanguage\":\"ro-RO\"},{\"@type\":\"Organization\",\"@id\":\"https:\\\/\\\/shopatoa.com\\\/ro\\\/#organization\",\"name\":\"SHOPATOA\",\"url\":\"https:\\\/\\\/shopatoa.com\\\/ro\\\/\",\"logo\":{\"@type\":\"ImageObject\",\"inLanguage\":\"ro-RO\",\"@id\":\"https:\\\/\\\/shopatoa.com\\\/ro\\\/#\\\/schema\\\/logo\\\/image\\\/\",\"url\":\"https:\\\/\\\/storage.googleapis.com\\\/cz-shopatoa-img\\\/ro\\\/b4dac915-shopatoa_logo.png\",\"contentUrl\":\"https:\\\/\\\/storage.googleapis.com\\\/cz-shopatoa-img\\\/ro\\\/b4dac915-shopatoa_logo.png\",\"width\":416,\"height\":63,\"caption\":\"SHOPATOA\"},\"image\":{\"@id\":\"https:\\\/\\\/shopatoa.com\\\/ro\\\/#\\\/schema\\\/logo\\\/image\\\/\"}}]}<\/script>\n<!-- \/ Yoast SEO plugin. -->","yoast_head_json":{"title":"Billie Eilish Eilish - Spray de corp 236 ml - SHOPATOA.COM","robots":{"index":"index","follow":"follow","max-snippet":"max-snippet:-1","max-image-preview":"max-image-preview:large","max-video-preview":"max-video-preview:-1"},"canonical":"https:\/\/shopatoa.com\/ro\/billie-eilish-eilish-spray-de-corp-236-ml\/","og_locale":"ro_RO","og_type":"article","og_title":"Billie Eilish Eilish - Spray de corp 236 ml - SHOPATOA.COM","og_description":"Eilish Spray de corp de Billie Eilish ofer\u0103 un parfum feminin captivant, care v\u0103 va cuceri prin caracterul s\u0103u extrem de delicat \u0219i autenticitatea neclintit\u0103. Dulcea\u021ba mandarinelor \u0219i a fructelor de p\u0103dure ro\u0219ii este accentuat\u0103 de note \u00een\u0103l\u021b\u0103toare de zah\u0103r la \u00eenceputul parfumului. Notele gurmande de cacao \u0219i vanilie domin\u0103 inima carismatic\u0103, care este completat\u0103...","og_url":"https:\/\/shopatoa.com\/ro\/billie-eilish-eilish-spray-de-corp-236-ml\/","og_site_name":"SHOPATOA","article_modified_time":"2025-12-08T18:24:46+00:00","og_image":[{"width":800,"height":800,"url":"https:\/\/storage.googleapis.com\/cz-shopatoa-img\/ro\/e9475ae8-unnamed-file.webp","type":"image\/webp"}],"twitter_card":"summary_large_image","twitter_misc":{"Timp estimat pentru citire":"1 minut"},"schema":{"@context":"https:\/\/schema.org","@graph":[{"@type":"WebPage","@id":"https:\/\/shopatoa.com\/ro\/billie-eilish-eilish-spray-de-corp-236-ml\/","url":"https:\/\/shopatoa.com\/ro\/billie-eilish-eilish-spray-de-corp-236-ml\/","name":"Billie Eilish Eilish - Spray de corp 236 ml - SHOPATOA.COM","isPartOf":{"@id":"https:\/\/shopatoa.com\/ro\/#website"},"primaryImageOfPage":{"@id":"https:\/\/shopatoa.com\/ro\/billie-eilish-eilish-spray-de-corp-236-ml\/#primaryimage"},"image":{"@id":"https:\/\/shopatoa.com\/ro\/billie-eilish-eilish-spray-de-corp-236-ml\/#primaryimage"},"thumbnailUrl":"https:\/\/storage.googleapis.com\/cz-shopatoa-img\/ro\/e9475ae8-unnamed-file.webp","datePublished":"2025-04-29T07:55:05+00:00","dateModified":"2025-12-08T18:24:46+00:00","breadcrumb":{"@id":"https:\/\/shopatoa.com\/ro\/billie-eilish-eilish-spray-de-corp-236-ml\/#breadcrumb"},"inLanguage":"ro-RO","potentialAction":[{"@type":"ReadAction","target":["https:\/\/shopatoa.com\/ro\/billie-eilish-eilish-spray-de-corp-236-ml\/"]}]},{"@type":"ImageObject","inLanguage":"ro-RO","@id":"https:\/\/shopatoa.com\/ro\/billie-eilish-eilish-spray-de-corp-236-ml\/#primaryimage","url":"https:\/\/storage.googleapis.com\/cz-shopatoa-img\/ro\/e9475ae8-unnamed-file.webp","contentUrl":"https:\/\/storage.googleapis.com\/cz-shopatoa-img\/ro\/e9475ae8-unnamed-file.webp","width":800,"height":800},{"@type":"BreadcrumbList","@id":"https:\/\/shopatoa.com\/ro\/billie-eilish-eilish-spray-de-corp-236-ml\/#breadcrumb","itemListElement":[{"@type":"ListItem","position":1,"name":"Dom\u016f","item":"https:\/\/shopatoa.com\/ro\/"},{"@type":"ListItem","position":2,"name":"Shop","item":"https:\/\/shopatoa.com\/ro\/shop\/"},{"@type":"ListItem","position":3,"name":"Parfumuri","item":"https:\/\/shopatoa.com\/ro\/parfumuri\/"},{"@type":"ListItem","position":4,"name":"Spray-uri de corp","item":"https:\/\/shopatoa.com\/ro\/spray-uri-de-corp\/"},{"@type":"ListItem","position":5,"name":"Billie Eilish Eilish &#8211; Spray de corp 236 ml"}]},{"@type":"WebSite","@id":"https:\/\/shopatoa.com\/ro\/#website","url":"https:\/\/shopatoa.com\/ro\/","name":"SHOPATOA","description":"","publisher":{"@id":"https:\/\/shopatoa.com\/ro\/#organization"},"potentialAction":[{"@type":"SearchAction","target":{"@type":"EntryPoint","urlTemplate":"https:\/\/shopatoa.com\/ro\/?s={search_term_string}"},"query-input":{"@type":"PropertyValueSpecification","valueRequired":true,"valueName":"search_term_string"}}],"inLanguage":"ro-RO"},{"@type":"Organization","@id":"https:\/\/shopatoa.com\/ro\/#organization","name":"SHOPATOA","url":"https:\/\/shopatoa.com\/ro\/","logo":{"@type":"ImageObject","inLanguage":"ro-RO","@id":"https:\/\/shopatoa.com\/ro\/#\/schema\/logo\/image\/","url":"https:\/\/storage.googleapis.com\/cz-shopatoa-img\/ro\/b4dac915-shopatoa_logo.png","contentUrl":"https:\/\/storage.googleapis.com\/cz-shopatoa-img\/ro\/b4dac915-shopatoa_logo.png","width":416,"height":63,"caption":"SHOPATOA"},"image":{"@id":"https:\/\/shopatoa.com\/ro\/#\/schema\/logo\/image\/"}}]}},"_links":{"self":[{"href":"https:\/\/shopatoa.com\/ro\/wp-json\/wp\/v2\/product\/271216","targetHints":{"allow":["GET"]}}],"collection":[{"href":"https:\/\/shopatoa.com\/ro\/wp-json\/wp\/v2\/product"}],"about":[{"href":"https:\/\/shopatoa.com\/ro\/wp-json\/wp\/v2\/types\/product"}],"replies":[{"embeddable":true,"href":"https:\/\/shopatoa.com\/ro\/wp-json\/wp\/v2\/comments?post=271216"}],"wp:featuredmedia":[{"embeddable":true,"href":"https:\/\/shopatoa.com\/ro\/wp-json\/wp\/v2\/media\/271217"}],"wp:attachment":[{"href":"https:\/\/shopatoa.com\/ro\/wp-json\/wp\/v2\/media?parent=271216"}],"wp:term":[{"taxonomy":"product_brand","embeddable":true,"href":"https:\/\/shopatoa.com\/ro\/wp-json\/wp\/v2\/product_brand?post=271216"},{"taxonomy":"product_cat","embeddable":true,"href":"https:\/\/shopatoa.com\/ro\/wp-json\/wp\/v2\/product_cat?post=271216"},{"taxonomy":"product_tag","embeddable":true,"href":"https:\/\/shopatoa.com\/ro\/wp-json\/wp\/v2\/product_tag?post=271216"}],"curies":[{"name":"wp","href":"https:\/\/api.w.org\/{rel}","templated":true}]}}