{"id":271306,"date":"2025-04-29T10:11:14","date_gmt":"2025-04-29T08:11:14","guid":{"rendered":"https:\/\/shopatoa.com\/ro\/loreal-paris-rimel-de-alungire-pentru-volum-3d-false-lash-oversized-eye-mascara-89-ml-black\/"},"modified":"2025-12-08T19:05:32","modified_gmt":"2025-12-08T18:05:32","slug":"loreal-paris-rimel-de-alungire-pentru-volum-3d-false-lash-oversized-eye-mascara-89-ml-black","status":"publish","type":"product","link":"https:\/\/shopatoa.com\/ro\/loreal-paris-rimel-de-alungire-pentru-volum-3d-false-lash-oversized-eye-mascara-89-ml-black\/","title":{"rendered":"L&#8217;Or\u00e9al Paris Rimel de alungire pentru volum 3D False Lash Oversized Eye (Mascara) 8,9 ml Black"},"content":{"rendered":"<p>Rimel de alungire \u0219i volum cu efect de gene artificiale, ridic\u0103 \u0219i onduleaz\u0103 semnificativ fiecare gean\u0103 \u0219i ofer\u0103 un volum 3D dramatic. Datorit\u0103 periei cu form\u0103 special\u0103, genele sunt frumos separate, eviden\u021biate \u0219i ridicate. Rezultatul sunt gene vizibil definite, alungite si ondulate cu volum maxim.<\/p>\n","protected":false},"excerpt":{"rendered":"<p>Rimel de alungire \u0219i volum cu efect de gene artificiale, ridic\u0103 \u0219i onduleaz\u0103 semnificativ fiecare gean\u0103 \u0219i ofer\u0103 un volum 3D dramatic. Datorit\u0103 periei cu form\u0103 special\u0103, genele sunt frumos separate, eviden\u021biate \u0219i ridicate. Rezultatul sunt gene vizibil definite, alungite si ondulate cu volum maxim.<\/p>\n","protected":false},"featured_media":271307,"comment_status":"closed","ping_status":"open","template":"","meta":{"_acf_changed":false,"_kadence_starter_templates_imported_post":false,"_kad_post_transparent":"","_kad_post_title":"","_kad_post_layout":"","_kad_post_sidebar_id":"","_kad_post_content_style":"","_kad_post_vertical_padding":"","_kad_post_feature":"","_kad_post_feature_position":"","_kad_post_header":false,"_kad_post_footer":false,"_kad_post_classname":""},"product_brand":[384],"product_cat":[246,609,631,632],"product_tag":[],"class_list":{"0":"post-271306","1":"product","2":"type-product","3":"status-publish","4":"has-post-thumbnail","6":"product_brand-loreal-paris","7":"product_cat-cosmetice","8":"product_cat-cosmetice-decorative","9":"product_cat-machiaj-pentru-ochi","10":"product_cat-rimele","12":"first","13":"instock","14":"sale","15":"product-type-external","16":"entry","17":"content-bg","18":"loop-entry"},"acf":[],"yoast_head":"<!-- This site is optimized with the Yoast SEO plugin v27.3 - https:\/\/yoast.com\/product\/yoast-seo-wordpress\/ -->\n<title>L&#039;Or\u00e9al Paris Rimel de alungire pentru volum 3D False Lash Oversized Eye (Mascara) 8,9 ml Black - SHOPATOA.COM<\/title>\n<meta name=\"robots\" content=\"index, follow, max-snippet:-1, max-image-preview:large, max-video-preview:-1\" \/>\n<link rel=\"canonical\" href=\"https:\/\/shopatoa.com\/ro\/loreal-paris-rimel-de-alungire-pentru-volum-3d-false-lash-oversized-eye-mascara-89-ml-black\/\" \/>\n<meta property=\"og:locale\" content=\"ro_RO\" \/>\n<meta property=\"og:type\" content=\"article\" \/>\n<meta property=\"og:title\" content=\"L&#039;Or\u00e9al Paris Rimel de alungire pentru volum 3D False Lash Oversized Eye (Mascara) 8,9 ml Black - SHOPATOA.COM\" \/>\n<meta property=\"og:description\" content=\"Rimel de alungire \u0219i volum cu efect de gene artificiale, ridic\u0103 \u0219i onduleaz\u0103 semnificativ fiecare gean\u0103 \u0219i ofer\u0103 un volum 3D dramatic. Datorit\u0103 periei cu form\u0103 special\u0103, genele sunt frumos separate, eviden\u021biate \u0219i ridicate. Rezultatul sunt gene vizibil definite, alungite si ondulate cu volum maxim.\" \/>\n<meta property=\"og:url\" content=\"https:\/\/shopatoa.com\/ro\/loreal-paris-rimel-de-alungire-pentru-volum-3d-false-lash-oversized-eye-mascara-89-ml-black\/\" \/>\n<meta property=\"og:site_name\" content=\"SHOPATOA\" \/>\n<meta property=\"article:modified_time\" content=\"2025-12-08T18:05:32+00:00\" \/>\n<meta property=\"og:image\" content=\"https:\/\/storage.googleapis.com\/cz-shopatoa-img\/ro\/577307a1-unnamed-file.webp\" \/>\n\t<meta property=\"og:image:width\" content=\"800\" \/>\n\t<meta property=\"og:image:height\" content=\"800\" \/>\n\t<meta property=\"og:image:type\" content=\"image\/webp\" \/>\n<meta name=\"twitter:card\" content=\"summary_large_image\" \/>\n<script type=\"application\/ld+json\" class=\"yoast-schema-graph\">{\"@context\":\"https:\\\/\\\/schema.org\",\"@graph\":[{\"@type\":\"WebPage\",\"@id\":\"https:\\\/\\\/shopatoa.com\\\/ro\\\/loreal-paris-rimel-de-alungire-pentru-volum-3d-false-lash-oversized-eye-mascara-89-ml-black\\\/\",\"url\":\"https:\\\/\\\/shopatoa.com\\\/ro\\\/loreal-paris-rimel-de-alungire-pentru-volum-3d-false-lash-oversized-eye-mascara-89-ml-black\\\/\",\"name\":\"L'Or\u00e9al Paris Rimel de alungire pentru volum 3D False Lash Oversized Eye (Mascara) 8,9 ml Black - SHOPATOA.COM\",\"isPartOf\":{\"@id\":\"https:\\\/\\\/shopatoa.com\\\/ro\\\/#website\"},\"primaryImageOfPage\":{\"@id\":\"https:\\\/\\\/shopatoa.com\\\/ro\\\/loreal-paris-rimel-de-alungire-pentru-volum-3d-false-lash-oversized-eye-mascara-89-ml-black\\\/#primaryimage\"},\"image\":{\"@id\":\"https:\\\/\\\/shopatoa.com\\\/ro\\\/loreal-paris-rimel-de-alungire-pentru-volum-3d-false-lash-oversized-eye-mascara-89-ml-black\\\/#primaryimage\"},\"thumbnailUrl\":\"https:\\\/\\\/storage.googleapis.com\\\/cz-shopatoa-img\\\/ro\\\/577307a1-unnamed-file.webp\",\"datePublished\":\"2025-04-29T08:11:14+00:00\",\"dateModified\":\"2025-12-08T18:05:32+00:00\",\"breadcrumb\":{\"@id\":\"https:\\\/\\\/shopatoa.com\\\/ro\\\/loreal-paris-rimel-de-alungire-pentru-volum-3d-false-lash-oversized-eye-mascara-89-ml-black\\\/#breadcrumb\"},\"inLanguage\":\"ro-RO\",\"potentialAction\":[{\"@type\":\"ReadAction\",\"target\":[\"https:\\\/\\\/shopatoa.com\\\/ro\\\/loreal-paris-rimel-de-alungire-pentru-volum-3d-false-lash-oversized-eye-mascara-89-ml-black\\\/\"]}]},{\"@type\":\"ImageObject\",\"inLanguage\":\"ro-RO\",\"@id\":\"https:\\\/\\\/shopatoa.com\\\/ro\\\/loreal-paris-rimel-de-alungire-pentru-volum-3d-false-lash-oversized-eye-mascara-89-ml-black\\\/#primaryimage\",\"url\":\"https:\\\/\\\/storage.googleapis.com\\\/cz-shopatoa-img\\\/ro\\\/577307a1-unnamed-file.webp\",\"contentUrl\":\"https:\\\/\\\/storage.googleapis.com\\\/cz-shopatoa-img\\\/ro\\\/577307a1-unnamed-file.webp\",\"width\":800,\"height\":800},{\"@type\":\"BreadcrumbList\",\"@id\":\"https:\\\/\\\/shopatoa.com\\\/ro\\\/loreal-paris-rimel-de-alungire-pentru-volum-3d-false-lash-oversized-eye-mascara-89-ml-black\\\/#breadcrumb\",\"itemListElement\":[{\"@type\":\"ListItem\",\"position\":1,\"name\":\"Dom\u016f\",\"item\":\"https:\\\/\\\/shopatoa.com\\\/ro\\\/\"},{\"@type\":\"ListItem\",\"position\":2,\"name\":\"Shop\",\"item\":\"https:\\\/\\\/shopatoa.com\\\/ro\\\/shop\\\/\"},{\"@type\":\"ListItem\",\"position\":3,\"name\":\"Cosmetice\",\"item\":\"https:\\\/\\\/shopatoa.com\\\/ro\\\/cosmetice\\\/\"},{\"@type\":\"ListItem\",\"position\":4,\"name\":\"Cosmetice decorative\",\"item\":\"https:\\\/\\\/shopatoa.com\\\/ro\\\/cosmetice-decorative\\\/\"},{\"@type\":\"ListItem\",\"position\":5,\"name\":\"Machiaj pentru ochi\",\"item\":\"https:\\\/\\\/shopatoa.com\\\/ro\\\/machiaj-pentru-ochi\\\/\"},{\"@type\":\"ListItem\",\"position\":6,\"name\":\"Rimele\",\"item\":\"https:\\\/\\\/shopatoa.com\\\/ro\\\/rimele\\\/\"},{\"@type\":\"ListItem\",\"position\":7,\"name\":\"L&#8217;Or\u00e9al Paris Rimel de alungire pentru volum 3D False Lash Oversized Eye (Mascara) 8,9 ml Black\"}]},{\"@type\":\"WebSite\",\"@id\":\"https:\\\/\\\/shopatoa.com\\\/ro\\\/#website\",\"url\":\"https:\\\/\\\/shopatoa.com\\\/ro\\\/\",\"name\":\"SHOPATOA\",\"description\":\"\",\"publisher\":{\"@id\":\"https:\\\/\\\/shopatoa.com\\\/ro\\\/#organization\"},\"potentialAction\":[{\"@type\":\"SearchAction\",\"target\":{\"@type\":\"EntryPoint\",\"urlTemplate\":\"https:\\\/\\\/shopatoa.com\\\/ro\\\/?s={search_term_string}\"},\"query-input\":{\"@type\":\"PropertyValueSpecification\",\"valueRequired\":true,\"valueName\":\"search_term_string\"}}],\"inLanguage\":\"ro-RO\"},{\"@type\":\"Organization\",\"@id\":\"https:\\\/\\\/shopatoa.com\\\/ro\\\/#organization\",\"name\":\"SHOPATOA\",\"url\":\"https:\\\/\\\/shopatoa.com\\\/ro\\\/\",\"logo\":{\"@type\":\"ImageObject\",\"inLanguage\":\"ro-RO\",\"@id\":\"https:\\\/\\\/shopatoa.com\\\/ro\\\/#\\\/schema\\\/logo\\\/image\\\/\",\"url\":\"https:\\\/\\\/storage.googleapis.com\\\/cz-shopatoa-img\\\/ro\\\/b4dac915-shopatoa_logo.png\",\"contentUrl\":\"https:\\\/\\\/storage.googleapis.com\\\/cz-shopatoa-img\\\/ro\\\/b4dac915-shopatoa_logo.png\",\"width\":416,\"height\":63,\"caption\":\"SHOPATOA\"},\"image\":{\"@id\":\"https:\\\/\\\/shopatoa.com\\\/ro\\\/#\\\/schema\\\/logo\\\/image\\\/\"}}]}<\/script>\n<!-- \/ Yoast SEO plugin. -->","yoast_head_json":{"title":"L'Or\u00e9al Paris Rimel de alungire pentru volum 3D False Lash Oversized Eye (Mascara) 8,9 ml Black - SHOPATOA.COM","robots":{"index":"index","follow":"follow","max-snippet":"max-snippet:-1","max-image-preview":"max-image-preview:large","max-video-preview":"max-video-preview:-1"},"canonical":"https:\/\/shopatoa.com\/ro\/loreal-paris-rimel-de-alungire-pentru-volum-3d-false-lash-oversized-eye-mascara-89-ml-black\/","og_locale":"ro_RO","og_type":"article","og_title":"L'Or\u00e9al Paris Rimel de alungire pentru volum 3D False Lash Oversized Eye (Mascara) 8,9 ml Black - SHOPATOA.COM","og_description":"Rimel de alungire \u0219i volum cu efect de gene artificiale, ridic\u0103 \u0219i onduleaz\u0103 semnificativ fiecare gean\u0103 \u0219i ofer\u0103 un volum 3D dramatic. Datorit\u0103 periei cu form\u0103 special\u0103, genele sunt frumos separate, eviden\u021biate \u0219i ridicate. Rezultatul sunt gene vizibil definite, alungite si ondulate cu volum maxim.","og_url":"https:\/\/shopatoa.com\/ro\/loreal-paris-rimel-de-alungire-pentru-volum-3d-false-lash-oversized-eye-mascara-89-ml-black\/","og_site_name":"SHOPATOA","article_modified_time":"2025-12-08T18:05:32+00:00","og_image":[{"width":800,"height":800,"url":"https:\/\/storage.googleapis.com\/cz-shopatoa-img\/ro\/577307a1-unnamed-file.webp","type":"image\/webp"}],"twitter_card":"summary_large_image","schema":{"@context":"https:\/\/schema.org","@graph":[{"@type":"WebPage","@id":"https:\/\/shopatoa.com\/ro\/loreal-paris-rimel-de-alungire-pentru-volum-3d-false-lash-oversized-eye-mascara-89-ml-black\/","url":"https:\/\/shopatoa.com\/ro\/loreal-paris-rimel-de-alungire-pentru-volum-3d-false-lash-oversized-eye-mascara-89-ml-black\/","name":"L'Or\u00e9al Paris Rimel de alungire pentru volum 3D False Lash Oversized Eye (Mascara) 8,9 ml Black - SHOPATOA.COM","isPartOf":{"@id":"https:\/\/shopatoa.com\/ro\/#website"},"primaryImageOfPage":{"@id":"https:\/\/shopatoa.com\/ro\/loreal-paris-rimel-de-alungire-pentru-volum-3d-false-lash-oversized-eye-mascara-89-ml-black\/#primaryimage"},"image":{"@id":"https:\/\/shopatoa.com\/ro\/loreal-paris-rimel-de-alungire-pentru-volum-3d-false-lash-oversized-eye-mascara-89-ml-black\/#primaryimage"},"thumbnailUrl":"https:\/\/storage.googleapis.com\/cz-shopatoa-img\/ro\/577307a1-unnamed-file.webp","datePublished":"2025-04-29T08:11:14+00:00","dateModified":"2025-12-08T18:05:32+00:00","breadcrumb":{"@id":"https:\/\/shopatoa.com\/ro\/loreal-paris-rimel-de-alungire-pentru-volum-3d-false-lash-oversized-eye-mascara-89-ml-black\/#breadcrumb"},"inLanguage":"ro-RO","potentialAction":[{"@type":"ReadAction","target":["https:\/\/shopatoa.com\/ro\/loreal-paris-rimel-de-alungire-pentru-volum-3d-false-lash-oversized-eye-mascara-89-ml-black\/"]}]},{"@type":"ImageObject","inLanguage":"ro-RO","@id":"https:\/\/shopatoa.com\/ro\/loreal-paris-rimel-de-alungire-pentru-volum-3d-false-lash-oversized-eye-mascara-89-ml-black\/#primaryimage","url":"https:\/\/storage.googleapis.com\/cz-shopatoa-img\/ro\/577307a1-unnamed-file.webp","contentUrl":"https:\/\/storage.googleapis.com\/cz-shopatoa-img\/ro\/577307a1-unnamed-file.webp","width":800,"height":800},{"@type":"BreadcrumbList","@id":"https:\/\/shopatoa.com\/ro\/loreal-paris-rimel-de-alungire-pentru-volum-3d-false-lash-oversized-eye-mascara-89-ml-black\/#breadcrumb","itemListElement":[{"@type":"ListItem","position":1,"name":"Dom\u016f","item":"https:\/\/shopatoa.com\/ro\/"},{"@type":"ListItem","position":2,"name":"Shop","item":"https:\/\/shopatoa.com\/ro\/shop\/"},{"@type":"ListItem","position":3,"name":"Cosmetice","item":"https:\/\/shopatoa.com\/ro\/cosmetice\/"},{"@type":"ListItem","position":4,"name":"Cosmetice decorative","item":"https:\/\/shopatoa.com\/ro\/cosmetice-decorative\/"},{"@type":"ListItem","position":5,"name":"Machiaj pentru ochi","item":"https:\/\/shopatoa.com\/ro\/machiaj-pentru-ochi\/"},{"@type":"ListItem","position":6,"name":"Rimele","item":"https:\/\/shopatoa.com\/ro\/rimele\/"},{"@type":"ListItem","position":7,"name":"L&#8217;Or\u00e9al Paris Rimel de alungire pentru volum 3D False Lash Oversized Eye (Mascara) 8,9 ml Black"}]},{"@type":"WebSite","@id":"https:\/\/shopatoa.com\/ro\/#website","url":"https:\/\/shopatoa.com\/ro\/","name":"SHOPATOA","description":"","publisher":{"@id":"https:\/\/shopatoa.com\/ro\/#organization"},"potentialAction":[{"@type":"SearchAction","target":{"@type":"EntryPoint","urlTemplate":"https:\/\/shopatoa.com\/ro\/?s={search_term_string}"},"query-input":{"@type":"PropertyValueSpecification","valueRequired":true,"valueName":"search_term_string"}}],"inLanguage":"ro-RO"},{"@type":"Organization","@id":"https:\/\/shopatoa.com\/ro\/#organization","name":"SHOPATOA","url":"https:\/\/shopatoa.com\/ro\/","logo":{"@type":"ImageObject","inLanguage":"ro-RO","@id":"https:\/\/shopatoa.com\/ro\/#\/schema\/logo\/image\/","url":"https:\/\/storage.googleapis.com\/cz-shopatoa-img\/ro\/b4dac915-shopatoa_logo.png","contentUrl":"https:\/\/storage.googleapis.com\/cz-shopatoa-img\/ro\/b4dac915-shopatoa_logo.png","width":416,"height":63,"caption":"SHOPATOA"},"image":{"@id":"https:\/\/shopatoa.com\/ro\/#\/schema\/logo\/image\/"}}]}},"_links":{"self":[{"href":"https:\/\/shopatoa.com\/ro\/wp-json\/wp\/v2\/product\/271306","targetHints":{"allow":["GET"]}}],"collection":[{"href":"https:\/\/shopatoa.com\/ro\/wp-json\/wp\/v2\/product"}],"about":[{"href":"https:\/\/shopatoa.com\/ro\/wp-json\/wp\/v2\/types\/product"}],"replies":[{"embeddable":true,"href":"https:\/\/shopatoa.com\/ro\/wp-json\/wp\/v2\/comments?post=271306"}],"wp:featuredmedia":[{"embeddable":true,"href":"https:\/\/shopatoa.com\/ro\/wp-json\/wp\/v2\/media\/271307"}],"wp:attachment":[{"href":"https:\/\/shopatoa.com\/ro\/wp-json\/wp\/v2\/media?parent=271306"}],"wp:term":[{"taxonomy":"product_brand","embeddable":true,"href":"https:\/\/shopatoa.com\/ro\/wp-json\/wp\/v2\/product_brand?post=271306"},{"taxonomy":"product_cat","embeddable":true,"href":"https:\/\/shopatoa.com\/ro\/wp-json\/wp\/v2\/product_cat?post=271306"},{"taxonomy":"product_tag","embeddable":true,"href":"https:\/\/shopatoa.com\/ro\/wp-json\/wp\/v2\/product_tag?post=271306"}],"curies":[{"name":"wp","href":"https:\/\/api.w.org\/{rel}","templated":true}]}}