{"id":271358,"date":"2025-04-29T10:21:15","date_gmt":"2025-04-29T08:21:15","guid":{"rendered":"https:\/\/shopatoa.com\/ro\/bruno-banani-womans-best-edt-tester-50-ml\/"},"modified":"2025-09-30T07:27:22","modified_gmt":"2025-09-30T05:27:22","slug":"bruno-banani-womans-best-edt-tester-50-ml","status":"publish","type":"product","link":"https:\/\/shopatoa.com\/ro\/bruno-banani-womans-best-edt-tester-50-ml\/","title":{"rendered":"Bruno Banani Woman\u00b4s Best &#8211; EDT &#8211; TESTER 50 ml"},"content":{"rendered":"<p>Woman&#8217;s Best de la Bruno Banani este o ap\u0103 de toalet\u0103 pentru femei, plin\u0103 de note fructate suculente. La \u00eenceput, combina\u021bia de grapefruit, portocal\u0103 \u0219i piersic\u0103 dulce v\u0103 va \u00eemprosp\u0103ta. Inima parfumului str\u0103luce\u0219te cu rodie, sorbet de pere \u0219i trandafir delicat. Baza aduce un amestec cald de lemn de santal, boabe de tonka \u0219i delicioas\u0103 panna cotta cu fructe de p\u0103dure. Woman&#8217;s Best este ca un desert dulce c\u0103ruia nicio femeie nu \u00eei poate rezista &#8211; seduc\u0103tor, juc\u0103u\u0219 \u0219i incredibil de tentant.<\/p>\n","protected":false},"excerpt":{"rendered":"<p>Woman&#8217;s Best de la Bruno Banani este o ap\u0103 de toalet\u0103 pentru femei, plin\u0103 de note fructate suculente. La \u00eenceput, combina\u021bia de grapefruit, portocal\u0103 \u0219i piersic\u0103 dulce v\u0103 va \u00eemprosp\u0103ta. Inima parfumului str\u0103luce\u0219te cu rodie, sorbet de pere \u0219i trandafir delicat. Baza aduce un amestec cald de lemn de santal, boabe de tonka \u0219i delicioas\u0103&#8230;<\/p>\n","protected":false},"featured_media":271359,"comment_status":"closed","ping_status":"open","template":"","meta":{"_acf_changed":false,"_kadence_starter_templates_imported_post":false,"_kad_post_transparent":"","_kad_post_title":"","_kad_post_layout":"","_kad_post_sidebar_id":"","_kad_post_content_style":"","_kad_post_vertical_padding":"","_kad_post_feature":"","_kad_post_feature_position":"","_kad_post_header":false,"_kad_post_footer":false,"_kad_post_classname":""},"product_brand":[83],"product_cat":[614,701],"product_tag":[],"class_list":{"0":"post-271358","1":"product","2":"type-product","3":"status-publish","4":"has-post-thumbnail","6":"product_brand-bruno-banani","7":"product_cat-parfumuri","8":"product_cat-testere","10":"first","11":"instock","12":"product-type-external","13":"entry","14":"content-bg","15":"loop-entry"},"acf":[],"yoast_head":"<!-- This site is optimized with the Yoast SEO plugin v27.3 - https:\/\/yoast.com\/product\/yoast-seo-wordpress\/ -->\n<title>Bruno Banani Woman\u00b4s Best - EDT - TESTER 50 ml - SHOPATOA.COM<\/title>\n<meta name=\"robots\" content=\"index, follow, max-snippet:-1, max-image-preview:large, max-video-preview:-1\" \/>\n<link rel=\"canonical\" href=\"https:\/\/shopatoa.com\/ro\/bruno-banani-womans-best-edt-tester-50-ml\/\" \/>\n<meta property=\"og:locale\" content=\"ro_RO\" \/>\n<meta property=\"og:type\" content=\"article\" \/>\n<meta property=\"og:title\" content=\"Bruno Banani Woman\u00b4s Best - EDT - TESTER 50 ml - SHOPATOA.COM\" \/>\n<meta property=\"og:description\" content=\"Woman&#8217;s Best de la Bruno Banani este o ap\u0103 de toalet\u0103 pentru femei, plin\u0103 de note fructate suculente. La \u00eenceput, combina\u021bia de grapefruit, portocal\u0103 \u0219i piersic\u0103 dulce v\u0103 va \u00eemprosp\u0103ta. Inima parfumului str\u0103luce\u0219te cu rodie, sorbet de pere \u0219i trandafir delicat. Baza aduce un amestec cald de lemn de santal, boabe de tonka \u0219i delicioas\u0103...\" \/>\n<meta property=\"og:url\" content=\"https:\/\/shopatoa.com\/ro\/bruno-banani-womans-best-edt-tester-50-ml\/\" \/>\n<meta property=\"og:site_name\" content=\"SHOPATOA\" \/>\n<meta property=\"article:modified_time\" content=\"2025-09-30T05:27:22+00:00\" \/>\n<meta property=\"og:image\" content=\"https:\/\/storage.googleapis.com\/cz-shopatoa-img\/ro\/66c4137d-unnamed-file.webp\" \/>\n\t<meta property=\"og:image:width\" content=\"800\" \/>\n\t<meta property=\"og:image:height\" content=\"800\" \/>\n\t<meta property=\"og:image:type\" content=\"image\/webp\" \/>\n<meta name=\"twitter:card\" content=\"summary_large_image\" \/>\n<script type=\"application\/ld+json\" class=\"yoast-schema-graph\">{\"@context\":\"https:\\\/\\\/schema.org\",\"@graph\":[{\"@type\":\"WebPage\",\"@id\":\"https:\\\/\\\/shopatoa.com\\\/ro\\\/bruno-banani-womans-best-edt-tester-50-ml\\\/\",\"url\":\"https:\\\/\\\/shopatoa.com\\\/ro\\\/bruno-banani-womans-best-edt-tester-50-ml\\\/\",\"name\":\"Bruno Banani Woman\u00b4s Best - EDT - TESTER 50 ml - SHOPATOA.COM\",\"isPartOf\":{\"@id\":\"https:\\\/\\\/shopatoa.com\\\/ro\\\/#website\"},\"primaryImageOfPage\":{\"@id\":\"https:\\\/\\\/shopatoa.com\\\/ro\\\/bruno-banani-womans-best-edt-tester-50-ml\\\/#primaryimage\"},\"image\":{\"@id\":\"https:\\\/\\\/shopatoa.com\\\/ro\\\/bruno-banani-womans-best-edt-tester-50-ml\\\/#primaryimage\"},\"thumbnailUrl\":\"https:\\\/\\\/storage.googleapis.com\\\/cz-shopatoa-img\\\/ro\\\/66c4137d-unnamed-file.webp\",\"datePublished\":\"2025-04-29T08:21:15+00:00\",\"dateModified\":\"2025-09-30T05:27:22+00:00\",\"breadcrumb\":{\"@id\":\"https:\\\/\\\/shopatoa.com\\\/ro\\\/bruno-banani-womans-best-edt-tester-50-ml\\\/#breadcrumb\"},\"inLanguage\":\"ro-RO\",\"potentialAction\":[{\"@type\":\"ReadAction\",\"target\":[\"https:\\\/\\\/shopatoa.com\\\/ro\\\/bruno-banani-womans-best-edt-tester-50-ml\\\/\"]}]},{\"@type\":\"ImageObject\",\"inLanguage\":\"ro-RO\",\"@id\":\"https:\\\/\\\/shopatoa.com\\\/ro\\\/bruno-banani-womans-best-edt-tester-50-ml\\\/#primaryimage\",\"url\":\"https:\\\/\\\/storage.googleapis.com\\\/cz-shopatoa-img\\\/ro\\\/66c4137d-unnamed-file.webp\",\"contentUrl\":\"https:\\\/\\\/storage.googleapis.com\\\/cz-shopatoa-img\\\/ro\\\/66c4137d-unnamed-file.webp\",\"width\":800,\"height\":800},{\"@type\":\"BreadcrumbList\",\"@id\":\"https:\\\/\\\/shopatoa.com\\\/ro\\\/bruno-banani-womans-best-edt-tester-50-ml\\\/#breadcrumb\",\"itemListElement\":[{\"@type\":\"ListItem\",\"position\":1,\"name\":\"Dom\u016f\",\"item\":\"https:\\\/\\\/shopatoa.com\\\/ro\\\/\"},{\"@type\":\"ListItem\",\"position\":2,\"name\":\"Shop\",\"item\":\"https:\\\/\\\/shopatoa.com\\\/ro\\\/shop\\\/\"},{\"@type\":\"ListItem\",\"position\":3,\"name\":\"Parfumuri\",\"item\":\"https:\\\/\\\/shopatoa.com\\\/ro\\\/parfumuri\\\/\"},{\"@type\":\"ListItem\",\"position\":4,\"name\":\"Testere\",\"item\":\"https:\\\/\\\/shopatoa.com\\\/ro\\\/testere\\\/\"},{\"@type\":\"ListItem\",\"position\":5,\"name\":\"Bruno Banani Woman\u00b4s Best &#8211; EDT &#8211; TESTER 50 ml\"}]},{\"@type\":\"WebSite\",\"@id\":\"https:\\\/\\\/shopatoa.com\\\/ro\\\/#website\",\"url\":\"https:\\\/\\\/shopatoa.com\\\/ro\\\/\",\"name\":\"SHOPATOA\",\"description\":\"\",\"publisher\":{\"@id\":\"https:\\\/\\\/shopatoa.com\\\/ro\\\/#organization\"},\"potentialAction\":[{\"@type\":\"SearchAction\",\"target\":{\"@type\":\"EntryPoint\",\"urlTemplate\":\"https:\\\/\\\/shopatoa.com\\\/ro\\\/?s={search_term_string}\"},\"query-input\":{\"@type\":\"PropertyValueSpecification\",\"valueRequired\":true,\"valueName\":\"search_term_string\"}}],\"inLanguage\":\"ro-RO\"},{\"@type\":\"Organization\",\"@id\":\"https:\\\/\\\/shopatoa.com\\\/ro\\\/#organization\",\"name\":\"SHOPATOA\",\"url\":\"https:\\\/\\\/shopatoa.com\\\/ro\\\/\",\"logo\":{\"@type\":\"ImageObject\",\"inLanguage\":\"ro-RO\",\"@id\":\"https:\\\/\\\/shopatoa.com\\\/ro\\\/#\\\/schema\\\/logo\\\/image\\\/\",\"url\":\"https:\\\/\\\/storage.googleapis.com\\\/cz-shopatoa-img\\\/ro\\\/b4dac915-shopatoa_logo.png\",\"contentUrl\":\"https:\\\/\\\/storage.googleapis.com\\\/cz-shopatoa-img\\\/ro\\\/b4dac915-shopatoa_logo.png\",\"width\":416,\"height\":63,\"caption\":\"SHOPATOA\"},\"image\":{\"@id\":\"https:\\\/\\\/shopatoa.com\\\/ro\\\/#\\\/schema\\\/logo\\\/image\\\/\"}}]}<\/script>\n<!-- \/ Yoast SEO plugin. -->","yoast_head_json":{"title":"Bruno Banani Woman\u00b4s Best - EDT - TESTER 50 ml - SHOPATOA.COM","robots":{"index":"index","follow":"follow","max-snippet":"max-snippet:-1","max-image-preview":"max-image-preview:large","max-video-preview":"max-video-preview:-1"},"canonical":"https:\/\/shopatoa.com\/ro\/bruno-banani-womans-best-edt-tester-50-ml\/","og_locale":"ro_RO","og_type":"article","og_title":"Bruno Banani Woman\u00b4s Best - EDT - TESTER 50 ml - SHOPATOA.COM","og_description":"Woman&#8217;s Best de la Bruno Banani este o ap\u0103 de toalet\u0103 pentru femei, plin\u0103 de note fructate suculente. La \u00eenceput, combina\u021bia de grapefruit, portocal\u0103 \u0219i piersic\u0103 dulce v\u0103 va \u00eemprosp\u0103ta. Inima parfumului str\u0103luce\u0219te cu rodie, sorbet de pere \u0219i trandafir delicat. Baza aduce un amestec cald de lemn de santal, boabe de tonka \u0219i delicioas\u0103...","og_url":"https:\/\/shopatoa.com\/ro\/bruno-banani-womans-best-edt-tester-50-ml\/","og_site_name":"SHOPATOA","article_modified_time":"2025-09-30T05:27:22+00:00","og_image":[{"width":800,"height":800,"url":"https:\/\/storage.googleapis.com\/cz-shopatoa-img\/ro\/66c4137d-unnamed-file.webp","type":"image\/webp"}],"twitter_card":"summary_large_image","schema":{"@context":"https:\/\/schema.org","@graph":[{"@type":"WebPage","@id":"https:\/\/shopatoa.com\/ro\/bruno-banani-womans-best-edt-tester-50-ml\/","url":"https:\/\/shopatoa.com\/ro\/bruno-banani-womans-best-edt-tester-50-ml\/","name":"Bruno Banani Woman\u00b4s Best - EDT - TESTER 50 ml - SHOPATOA.COM","isPartOf":{"@id":"https:\/\/shopatoa.com\/ro\/#website"},"primaryImageOfPage":{"@id":"https:\/\/shopatoa.com\/ro\/bruno-banani-womans-best-edt-tester-50-ml\/#primaryimage"},"image":{"@id":"https:\/\/shopatoa.com\/ro\/bruno-banani-womans-best-edt-tester-50-ml\/#primaryimage"},"thumbnailUrl":"https:\/\/storage.googleapis.com\/cz-shopatoa-img\/ro\/66c4137d-unnamed-file.webp","datePublished":"2025-04-29T08:21:15+00:00","dateModified":"2025-09-30T05:27:22+00:00","breadcrumb":{"@id":"https:\/\/shopatoa.com\/ro\/bruno-banani-womans-best-edt-tester-50-ml\/#breadcrumb"},"inLanguage":"ro-RO","potentialAction":[{"@type":"ReadAction","target":["https:\/\/shopatoa.com\/ro\/bruno-banani-womans-best-edt-tester-50-ml\/"]}]},{"@type":"ImageObject","inLanguage":"ro-RO","@id":"https:\/\/shopatoa.com\/ro\/bruno-banani-womans-best-edt-tester-50-ml\/#primaryimage","url":"https:\/\/storage.googleapis.com\/cz-shopatoa-img\/ro\/66c4137d-unnamed-file.webp","contentUrl":"https:\/\/storage.googleapis.com\/cz-shopatoa-img\/ro\/66c4137d-unnamed-file.webp","width":800,"height":800},{"@type":"BreadcrumbList","@id":"https:\/\/shopatoa.com\/ro\/bruno-banani-womans-best-edt-tester-50-ml\/#breadcrumb","itemListElement":[{"@type":"ListItem","position":1,"name":"Dom\u016f","item":"https:\/\/shopatoa.com\/ro\/"},{"@type":"ListItem","position":2,"name":"Shop","item":"https:\/\/shopatoa.com\/ro\/shop\/"},{"@type":"ListItem","position":3,"name":"Parfumuri","item":"https:\/\/shopatoa.com\/ro\/parfumuri\/"},{"@type":"ListItem","position":4,"name":"Testere","item":"https:\/\/shopatoa.com\/ro\/testere\/"},{"@type":"ListItem","position":5,"name":"Bruno Banani Woman\u00b4s Best &#8211; EDT &#8211; TESTER 50 ml"}]},{"@type":"WebSite","@id":"https:\/\/shopatoa.com\/ro\/#website","url":"https:\/\/shopatoa.com\/ro\/","name":"SHOPATOA","description":"","publisher":{"@id":"https:\/\/shopatoa.com\/ro\/#organization"},"potentialAction":[{"@type":"SearchAction","target":{"@type":"EntryPoint","urlTemplate":"https:\/\/shopatoa.com\/ro\/?s={search_term_string}"},"query-input":{"@type":"PropertyValueSpecification","valueRequired":true,"valueName":"search_term_string"}}],"inLanguage":"ro-RO"},{"@type":"Organization","@id":"https:\/\/shopatoa.com\/ro\/#organization","name":"SHOPATOA","url":"https:\/\/shopatoa.com\/ro\/","logo":{"@type":"ImageObject","inLanguage":"ro-RO","@id":"https:\/\/shopatoa.com\/ro\/#\/schema\/logo\/image\/","url":"https:\/\/storage.googleapis.com\/cz-shopatoa-img\/ro\/b4dac915-shopatoa_logo.png","contentUrl":"https:\/\/storage.googleapis.com\/cz-shopatoa-img\/ro\/b4dac915-shopatoa_logo.png","width":416,"height":63,"caption":"SHOPATOA"},"image":{"@id":"https:\/\/shopatoa.com\/ro\/#\/schema\/logo\/image\/"}}]}},"_links":{"self":[{"href":"https:\/\/shopatoa.com\/ro\/wp-json\/wp\/v2\/product\/271358","targetHints":{"allow":["GET"]}}],"collection":[{"href":"https:\/\/shopatoa.com\/ro\/wp-json\/wp\/v2\/product"}],"about":[{"href":"https:\/\/shopatoa.com\/ro\/wp-json\/wp\/v2\/types\/product"}],"replies":[{"embeddable":true,"href":"https:\/\/shopatoa.com\/ro\/wp-json\/wp\/v2\/comments?post=271358"}],"wp:featuredmedia":[{"embeddable":true,"href":"https:\/\/shopatoa.com\/ro\/wp-json\/wp\/v2\/media\/271359"}],"wp:attachment":[{"href":"https:\/\/shopatoa.com\/ro\/wp-json\/wp\/v2\/media?parent=271358"}],"wp:term":[{"taxonomy":"product_brand","embeddable":true,"href":"https:\/\/shopatoa.com\/ro\/wp-json\/wp\/v2\/product_brand?post=271358"},{"taxonomy":"product_cat","embeddable":true,"href":"https:\/\/shopatoa.com\/ro\/wp-json\/wp\/v2\/product_cat?post=271358"},{"taxonomy":"product_tag","embeddable":true,"href":"https:\/\/shopatoa.com\/ro\/wp-json\/wp\/v2\/product_tag?post=271358"}],"curies":[{"name":"wp","href":"https:\/\/api.w.org\/{rel}","templated":true}]}}