{"id":271455,"date":"2025-04-29T10:41:08","date_gmt":"2025-04-29T08:41:08","guid":{"rendered":"https:\/\/shopatoa.com\/ro\/philips-cana-filtranta-automata-awp2980whs-micro-x-clean-softening-capacitate-de-filtrare-de-3-l\/"},"modified":"2025-09-30T04:27:16","modified_gmt":"2025-09-30T02:27:16","slug":"philips-cana-filtranta-automata-awp2980whs-micro-x-clean-softening-capacitate-de-filtrare-de-3-l","status":"publish","type":"product","link":"https:\/\/shopatoa.com\/ro\/philips-cana-filtranta-automata-awp2980whs-micro-x-clean-softening-capacitate-de-filtrare-de-3-l\/","title":{"rendered":"Philips Can\u0103 filtrant\u0103 automat\u0103 AWP2980WHS Micro X-Clean Softening+ capacitate de filtrare de 3 l"},"content":{"rendered":"<p>Filtrul de ap\u0103 instant Philips Micro X-Clean filtreaz\u0103 cu ajutorul fibrelor foarte poroase din c\u0103rbune activ. Prin reducerea con\u021binutului de clor, plumb, pesticide \u0219i micro-plastice, transform\u0103 apa de la robinet \u00een ap\u0103 curat\u0103 \u0219i gustoas\u0103. Se poate re\u00eencarc\u0103 folosind USB tip C. Dup\u0103 fiecare \u00eenc\u0103rcare complet\u0103, bateria \u021bine p\u00e2n\u0103 la 1 lun\u0103. Monitorul de filtru bazat pe utilizare are un sistem de alert\u0103 de \u00eenlocuire a filtrului dublu bazat pe volumul real de filtrare \u0219i timpul de utilizare. Filtrul are func\u021bie de dedurizare a apei \u0219i \u00eendep\u0103rteaz\u0103 calcarul.<\/p>\n","protected":false},"excerpt":{"rendered":"<p>Filtrul de ap\u0103 instant Philips Micro X-Clean filtreaz\u0103 cu ajutorul fibrelor foarte poroase din c\u0103rbune activ. Prin reducerea con\u021binutului de clor, plumb, pesticide \u0219i micro-plastice, transform\u0103 apa de la robinet \u00een ap\u0103 curat\u0103 \u0219i gustoas\u0103. Se poate re\u00eencarc\u0103 folosind USB tip C. Dup\u0103 fiecare \u00eenc\u0103rcare complet\u0103, bateria \u021bine p\u00e2n\u0103 la 1 lun\u0103. Monitorul de filtru&#8230;<\/p>\n","protected":false},"featured_media":271456,"comment_status":"closed","ping_status":"open","template":"","meta":{"_acf_changed":false,"_kadence_starter_templates_imported_post":false,"_kad_post_transparent":"","_kad_post_title":"","_kad_post_layout":"","_kad_post_sidebar_id":"","_kad_post_content_style":"","_kad_post_vertical_padding":"","_kad_post_feature":"","_kad_post_feature_position":"","_kad_post_header":false,"_kad_post_footer":false,"_kad_post_classname":""},"product_brand":[495],"product_cat":[733,353],"product_tag":[],"class_list":{"0":"post-271455","1":"product","2":"type-product","3":"status-publish","4":"has-post-thumbnail","6":"product_brand-philips","7":"product_cat-aparate-si-ajutoare-de-sanatate","8":"product_cat-sanatate","10":"first","11":"instock","12":"product-type-external","13":"entry","14":"content-bg","15":"loop-entry"},"acf":[],"yoast_head":"<!-- This site is optimized with the Yoast SEO plugin v27.4 - https:\/\/yoast.com\/product\/yoast-seo-wordpress\/ -->\n<title>Philips Can\u0103 filtrant\u0103 automat\u0103 AWP2980WHS Micro X-Clean Softening+ capacitate de filtrare de 3 l - SHOPATOA.COM<\/title>\n<meta name=\"robots\" content=\"index, follow, max-snippet:-1, max-image-preview:large, max-video-preview:-1\" \/>\n<link rel=\"canonical\" href=\"https:\/\/shopatoa.com\/ro\/philips-cana-filtranta-automata-awp2980whs-micro-x-clean-softening-capacitate-de-filtrare-de-3-l\/\" \/>\n<meta property=\"og:locale\" content=\"ro_RO\" \/>\n<meta property=\"og:type\" content=\"article\" \/>\n<meta property=\"og:title\" content=\"Philips Can\u0103 filtrant\u0103 automat\u0103 AWP2980WHS Micro X-Clean Softening+ capacitate de filtrare de 3 l - SHOPATOA.COM\" \/>\n<meta property=\"og:description\" content=\"Filtrul de ap\u0103 instant Philips Micro X-Clean filtreaz\u0103 cu ajutorul fibrelor foarte poroase din c\u0103rbune activ. Prin reducerea con\u021binutului de clor, plumb, pesticide \u0219i micro-plastice, transform\u0103 apa de la robinet \u00een ap\u0103 curat\u0103 \u0219i gustoas\u0103. Se poate re\u00eencarc\u0103 folosind USB tip C. Dup\u0103 fiecare \u00eenc\u0103rcare complet\u0103, bateria \u021bine p\u00e2n\u0103 la 1 lun\u0103. Monitorul de filtru...\" \/>\n<meta property=\"og:url\" content=\"https:\/\/shopatoa.com\/ro\/philips-cana-filtranta-automata-awp2980whs-micro-x-clean-softening-capacitate-de-filtrare-de-3-l\/\" \/>\n<meta property=\"og:site_name\" content=\"SHOPATOA\" \/>\n<meta property=\"article:modified_time\" content=\"2025-09-30T02:27:16+00:00\" \/>\n<meta property=\"og:image\" content=\"https:\/\/storage.googleapis.com\/cz-shopatoa-img\/ro\/4aef88b6-unnamed-file.webp\" \/>\n\t<meta property=\"og:image:width\" content=\"800\" \/>\n\t<meta property=\"og:image:height\" content=\"800\" \/>\n\t<meta property=\"og:image:type\" content=\"image\/webp\" \/>\n<meta name=\"twitter:card\" content=\"summary_large_image\" \/>\n<script type=\"application\/ld+json\" class=\"yoast-schema-graph\">{\"@context\":\"https:\\\/\\\/schema.org\",\"@graph\":[{\"@type\":\"WebPage\",\"@id\":\"https:\\\/\\\/shopatoa.com\\\/ro\\\/philips-cana-filtranta-automata-awp2980whs-micro-x-clean-softening-capacitate-de-filtrare-de-3-l\\\/\",\"url\":\"https:\\\/\\\/shopatoa.com\\\/ro\\\/philips-cana-filtranta-automata-awp2980whs-micro-x-clean-softening-capacitate-de-filtrare-de-3-l\\\/\",\"name\":\"Philips Can\u0103 filtrant\u0103 automat\u0103 AWP2980WHS Micro X-Clean Softening+ capacitate de filtrare de 3 l - SHOPATOA.COM\",\"isPartOf\":{\"@id\":\"https:\\\/\\\/shopatoa.com\\\/ro\\\/#website\"},\"primaryImageOfPage\":{\"@id\":\"https:\\\/\\\/shopatoa.com\\\/ro\\\/philips-cana-filtranta-automata-awp2980whs-micro-x-clean-softening-capacitate-de-filtrare-de-3-l\\\/#primaryimage\"},\"image\":{\"@id\":\"https:\\\/\\\/shopatoa.com\\\/ro\\\/philips-cana-filtranta-automata-awp2980whs-micro-x-clean-softening-capacitate-de-filtrare-de-3-l\\\/#primaryimage\"},\"thumbnailUrl\":\"https:\\\/\\\/storage.googleapis.com\\\/cz-shopatoa-img\\\/ro\\\/4aef88b6-unnamed-file.webp\",\"datePublished\":\"2025-04-29T08:41:08+00:00\",\"dateModified\":\"2025-09-30T02:27:16+00:00\",\"breadcrumb\":{\"@id\":\"https:\\\/\\\/shopatoa.com\\\/ro\\\/philips-cana-filtranta-automata-awp2980whs-micro-x-clean-softening-capacitate-de-filtrare-de-3-l\\\/#breadcrumb\"},\"inLanguage\":\"ro-RO\",\"potentialAction\":[{\"@type\":\"ReadAction\",\"target\":[\"https:\\\/\\\/shopatoa.com\\\/ro\\\/philips-cana-filtranta-automata-awp2980whs-micro-x-clean-softening-capacitate-de-filtrare-de-3-l\\\/\"]}]},{\"@type\":\"ImageObject\",\"inLanguage\":\"ro-RO\",\"@id\":\"https:\\\/\\\/shopatoa.com\\\/ro\\\/philips-cana-filtranta-automata-awp2980whs-micro-x-clean-softening-capacitate-de-filtrare-de-3-l\\\/#primaryimage\",\"url\":\"https:\\\/\\\/storage.googleapis.com\\\/cz-shopatoa-img\\\/ro\\\/4aef88b6-unnamed-file.webp\",\"contentUrl\":\"https:\\\/\\\/storage.googleapis.com\\\/cz-shopatoa-img\\\/ro\\\/4aef88b6-unnamed-file.webp\",\"width\":800,\"height\":800},{\"@type\":\"BreadcrumbList\",\"@id\":\"https:\\\/\\\/shopatoa.com\\\/ro\\\/philips-cana-filtranta-automata-awp2980whs-micro-x-clean-softening-capacitate-de-filtrare-de-3-l\\\/#breadcrumb\",\"itemListElement\":[{\"@type\":\"ListItem\",\"position\":1,\"name\":\"Dom\u016f\",\"item\":\"https:\\\/\\\/shopatoa.com\\\/ro\\\/\"},{\"@type\":\"ListItem\",\"position\":2,\"name\":\"Shop\",\"item\":\"https:\\\/\\\/shopatoa.com\\\/ro\\\/shop\\\/\"},{\"@type\":\"ListItem\",\"position\":3,\"name\":\"S\u0103n\u0103tate\",\"item\":\"https:\\\/\\\/shopatoa.com\\\/ro\\\/sanatate\\\/\"},{\"@type\":\"ListItem\",\"position\":4,\"name\":\"Aparate \u0219i ajutoare de s\u0103n\u0103tate\",\"item\":\"https:\\\/\\\/shopatoa.com\\\/ro\\\/aparate-si-ajutoare-de-sanatate\\\/\"},{\"@type\":\"ListItem\",\"position\":5,\"name\":\"Philips Can\u0103 filtrant\u0103 automat\u0103 AWP2980WHS Micro X-Clean Softening+ capacitate de filtrare de 3 l\"}]},{\"@type\":\"WebSite\",\"@id\":\"https:\\\/\\\/shopatoa.com\\\/ro\\\/#website\",\"url\":\"https:\\\/\\\/shopatoa.com\\\/ro\\\/\",\"name\":\"SHOPATOA\",\"description\":\"\",\"publisher\":{\"@id\":\"https:\\\/\\\/shopatoa.com\\\/ro\\\/#organization\"},\"potentialAction\":[{\"@type\":\"SearchAction\",\"target\":{\"@type\":\"EntryPoint\",\"urlTemplate\":\"https:\\\/\\\/shopatoa.com\\\/ro\\\/?s={search_term_string}\"},\"query-input\":{\"@type\":\"PropertyValueSpecification\",\"valueRequired\":true,\"valueName\":\"search_term_string\"}}],\"inLanguage\":\"ro-RO\"},{\"@type\":\"Organization\",\"@id\":\"https:\\\/\\\/shopatoa.com\\\/ro\\\/#organization\",\"name\":\"SHOPATOA\",\"url\":\"https:\\\/\\\/shopatoa.com\\\/ro\\\/\",\"logo\":{\"@type\":\"ImageObject\",\"inLanguage\":\"ro-RO\",\"@id\":\"https:\\\/\\\/shopatoa.com\\\/ro\\\/#\\\/schema\\\/logo\\\/image\\\/\",\"url\":\"https:\\\/\\\/storage.googleapis.com\\\/cz-shopatoa-img\\\/ro\\\/b4dac915-shopatoa_logo.png\",\"contentUrl\":\"https:\\\/\\\/storage.googleapis.com\\\/cz-shopatoa-img\\\/ro\\\/b4dac915-shopatoa_logo.png\",\"width\":416,\"height\":63,\"caption\":\"SHOPATOA\"},\"image\":{\"@id\":\"https:\\\/\\\/shopatoa.com\\\/ro\\\/#\\\/schema\\\/logo\\\/image\\\/\"}}]}<\/script>\n<!-- \/ Yoast SEO plugin. -->","yoast_head_json":{"title":"Philips Can\u0103 filtrant\u0103 automat\u0103 AWP2980WHS Micro X-Clean Softening+ capacitate de filtrare de 3 l - SHOPATOA.COM","robots":{"index":"index","follow":"follow","max-snippet":"max-snippet:-1","max-image-preview":"max-image-preview:large","max-video-preview":"max-video-preview:-1"},"canonical":"https:\/\/shopatoa.com\/ro\/philips-cana-filtranta-automata-awp2980whs-micro-x-clean-softening-capacitate-de-filtrare-de-3-l\/","og_locale":"ro_RO","og_type":"article","og_title":"Philips Can\u0103 filtrant\u0103 automat\u0103 AWP2980WHS Micro X-Clean Softening+ capacitate de filtrare de 3 l - SHOPATOA.COM","og_description":"Filtrul de ap\u0103 instant Philips Micro X-Clean filtreaz\u0103 cu ajutorul fibrelor foarte poroase din c\u0103rbune activ. Prin reducerea con\u021binutului de clor, plumb, pesticide \u0219i micro-plastice, transform\u0103 apa de la robinet \u00een ap\u0103 curat\u0103 \u0219i gustoas\u0103. Se poate re\u00eencarc\u0103 folosind USB tip C. Dup\u0103 fiecare \u00eenc\u0103rcare complet\u0103, bateria \u021bine p\u00e2n\u0103 la 1 lun\u0103. Monitorul de filtru...","og_url":"https:\/\/shopatoa.com\/ro\/philips-cana-filtranta-automata-awp2980whs-micro-x-clean-softening-capacitate-de-filtrare-de-3-l\/","og_site_name":"SHOPATOA","article_modified_time":"2025-09-30T02:27:16+00:00","og_image":[{"width":800,"height":800,"url":"https:\/\/storage.googleapis.com\/cz-shopatoa-img\/ro\/4aef88b6-unnamed-file.webp","type":"image\/webp"}],"twitter_card":"summary_large_image","schema":{"@context":"https:\/\/schema.org","@graph":[{"@type":"WebPage","@id":"https:\/\/shopatoa.com\/ro\/philips-cana-filtranta-automata-awp2980whs-micro-x-clean-softening-capacitate-de-filtrare-de-3-l\/","url":"https:\/\/shopatoa.com\/ro\/philips-cana-filtranta-automata-awp2980whs-micro-x-clean-softening-capacitate-de-filtrare-de-3-l\/","name":"Philips Can\u0103 filtrant\u0103 automat\u0103 AWP2980WHS Micro X-Clean Softening+ capacitate de filtrare de 3 l - SHOPATOA.COM","isPartOf":{"@id":"https:\/\/shopatoa.com\/ro\/#website"},"primaryImageOfPage":{"@id":"https:\/\/shopatoa.com\/ro\/philips-cana-filtranta-automata-awp2980whs-micro-x-clean-softening-capacitate-de-filtrare-de-3-l\/#primaryimage"},"image":{"@id":"https:\/\/shopatoa.com\/ro\/philips-cana-filtranta-automata-awp2980whs-micro-x-clean-softening-capacitate-de-filtrare-de-3-l\/#primaryimage"},"thumbnailUrl":"https:\/\/storage.googleapis.com\/cz-shopatoa-img\/ro\/4aef88b6-unnamed-file.webp","datePublished":"2025-04-29T08:41:08+00:00","dateModified":"2025-09-30T02:27:16+00:00","breadcrumb":{"@id":"https:\/\/shopatoa.com\/ro\/philips-cana-filtranta-automata-awp2980whs-micro-x-clean-softening-capacitate-de-filtrare-de-3-l\/#breadcrumb"},"inLanguage":"ro-RO","potentialAction":[{"@type":"ReadAction","target":["https:\/\/shopatoa.com\/ro\/philips-cana-filtranta-automata-awp2980whs-micro-x-clean-softening-capacitate-de-filtrare-de-3-l\/"]}]},{"@type":"ImageObject","inLanguage":"ro-RO","@id":"https:\/\/shopatoa.com\/ro\/philips-cana-filtranta-automata-awp2980whs-micro-x-clean-softening-capacitate-de-filtrare-de-3-l\/#primaryimage","url":"https:\/\/storage.googleapis.com\/cz-shopatoa-img\/ro\/4aef88b6-unnamed-file.webp","contentUrl":"https:\/\/storage.googleapis.com\/cz-shopatoa-img\/ro\/4aef88b6-unnamed-file.webp","width":800,"height":800},{"@type":"BreadcrumbList","@id":"https:\/\/shopatoa.com\/ro\/philips-cana-filtranta-automata-awp2980whs-micro-x-clean-softening-capacitate-de-filtrare-de-3-l\/#breadcrumb","itemListElement":[{"@type":"ListItem","position":1,"name":"Dom\u016f","item":"https:\/\/shopatoa.com\/ro\/"},{"@type":"ListItem","position":2,"name":"Shop","item":"https:\/\/shopatoa.com\/ro\/shop\/"},{"@type":"ListItem","position":3,"name":"S\u0103n\u0103tate","item":"https:\/\/shopatoa.com\/ro\/sanatate\/"},{"@type":"ListItem","position":4,"name":"Aparate \u0219i ajutoare de s\u0103n\u0103tate","item":"https:\/\/shopatoa.com\/ro\/aparate-si-ajutoare-de-sanatate\/"},{"@type":"ListItem","position":5,"name":"Philips Can\u0103 filtrant\u0103 automat\u0103 AWP2980WHS Micro X-Clean Softening+ capacitate de filtrare de 3 l"}]},{"@type":"WebSite","@id":"https:\/\/shopatoa.com\/ro\/#website","url":"https:\/\/shopatoa.com\/ro\/","name":"SHOPATOA","description":"","publisher":{"@id":"https:\/\/shopatoa.com\/ro\/#organization"},"potentialAction":[{"@type":"SearchAction","target":{"@type":"EntryPoint","urlTemplate":"https:\/\/shopatoa.com\/ro\/?s={search_term_string}"},"query-input":{"@type":"PropertyValueSpecification","valueRequired":true,"valueName":"search_term_string"}}],"inLanguage":"ro-RO"},{"@type":"Organization","@id":"https:\/\/shopatoa.com\/ro\/#organization","name":"SHOPATOA","url":"https:\/\/shopatoa.com\/ro\/","logo":{"@type":"ImageObject","inLanguage":"ro-RO","@id":"https:\/\/shopatoa.com\/ro\/#\/schema\/logo\/image\/","url":"https:\/\/storage.googleapis.com\/cz-shopatoa-img\/ro\/b4dac915-shopatoa_logo.png","contentUrl":"https:\/\/storage.googleapis.com\/cz-shopatoa-img\/ro\/b4dac915-shopatoa_logo.png","width":416,"height":63,"caption":"SHOPATOA"},"image":{"@id":"https:\/\/shopatoa.com\/ro\/#\/schema\/logo\/image\/"}}]}},"_links":{"self":[{"href":"https:\/\/shopatoa.com\/ro\/wp-json\/wp\/v2\/product\/271455","targetHints":{"allow":["GET"]}}],"collection":[{"href":"https:\/\/shopatoa.com\/ro\/wp-json\/wp\/v2\/product"}],"about":[{"href":"https:\/\/shopatoa.com\/ro\/wp-json\/wp\/v2\/types\/product"}],"replies":[{"embeddable":true,"href":"https:\/\/shopatoa.com\/ro\/wp-json\/wp\/v2\/comments?post=271455"}],"wp:featuredmedia":[{"embeddable":true,"href":"https:\/\/shopatoa.com\/ro\/wp-json\/wp\/v2\/media\/271456"}],"wp:attachment":[{"href":"https:\/\/shopatoa.com\/ro\/wp-json\/wp\/v2\/media?parent=271455"}],"wp:term":[{"taxonomy":"product_brand","embeddable":true,"href":"https:\/\/shopatoa.com\/ro\/wp-json\/wp\/v2\/product_brand?post=271455"},{"taxonomy":"product_cat","embeddable":true,"href":"https:\/\/shopatoa.com\/ro\/wp-json\/wp\/v2\/product_cat?post=271455"},{"taxonomy":"product_tag","embeddable":true,"href":"https:\/\/shopatoa.com\/ro\/wp-json\/wp\/v2\/product_tag?post=271455"}],"curies":[{"name":"wp","href":"https:\/\/api.w.org\/{rel}","templated":true}]}}