{"id":271928,"date":"2025-04-29T12:30:50","date_gmt":"2025-04-29T10:30:50","guid":{"rendered":"https:\/\/shopatoa.com\/ro\/rexaline-fluid-pentru-luminozitatea-pielii-spf-50-crystal-bright-fluid-30-ml\/"},"modified":"2025-12-08T17:24:20","modified_gmt":"2025-12-08T16:24:20","slug":"rexaline-fluid-pentru-luminozitatea-pielii-spf-50-crystal-bright-fluid-30-ml","status":"publish","type":"product","link":"https:\/\/shopatoa.com\/ro\/rexaline-fluid-pentru-luminozitatea-pielii-spf-50-crystal-bright-fluid-30-ml\/","title":{"rendered":"Rexaline Fluid pentru luminozitatea pielii SPF 50+ Crystal Bright (Fluid) 30 ml"},"content":{"rendered":"<p>P\u0103stra\u021bi-v\u0103 pielea s\u0103n\u0103toas\u0103 \u0219i str\u0103lucitoare. Fluidul ac\u021bioneaz\u0103 ca un scut \u00eempotriva polu\u0103rii \u0219i a razelor solare. Acest fluid de str\u0103lucire ofer\u0103 un grad ridicat de protec\u021bie at\u00e2t \u00eempotriva radia\u021biilor UVA, c\u00e2t \u0219i a celor UVB. In comparatie cremele de protec\u021bie obi\u0219nuite, este \u00eembog\u0103\u021bit\u0103 cu substan\u021be active, care matifiaz\u0103 pielea \u0219i o protejeaz\u0103 de poluare \u0219i influente externe, irita\u021bii \u0219i deshidratare. Pielea este neted\u0103 \u0219i reflect\u0103 lumina f\u0103r\u0103 a fi str\u0103lucitoare. Con\u021bine un polimer de zah\u0103r, care protejeaz\u0103 pielea de poluare \u0219i in acela\u0219i timp regenereaz\u0103 \u0219i calmeaz\u0103 pielea. Mirosul u\u0219or \u0219i proasp\u0103t al florii de lotus combin\u0103 armonios notele de mosc alb, iasomie, trandafir, iarb\u0103 proasp\u0103t t\u0103iat\u0103 \u0219i piersici.<\/p>\n","protected":false},"excerpt":{"rendered":"<p>P\u0103stra\u021bi-v\u0103 pielea s\u0103n\u0103toas\u0103 \u0219i str\u0103lucitoare. Fluidul ac\u021bioneaz\u0103 ca un scut \u00eempotriva polu\u0103rii \u0219i a razelor solare. Acest fluid de str\u0103lucire ofer\u0103 un grad ridicat de protec\u021bie at\u00e2t \u00eempotriva radia\u021biilor UVA, c\u00e2t \u0219i a celor UVB. In comparatie cremele de protec\u021bie obi\u0219nuite, este \u00eembog\u0103\u021bit\u0103 cu substan\u021be active, care matifiaz\u0103 pielea \u0219i o protejeaz\u0103 de poluare \u0219i&#8230;<\/p>\n","protected":false},"featured_media":271929,"comment_status":"closed","ping_status":"open","template":"","meta":{"_acf_changed":false,"_kadence_starter_templates_imported_post":false,"_kad_post_transparent":"","_kad_post_title":"","_kad_post_layout":"","_kad_post_sidebar_id":"","_kad_post_content_style":"","_kad_post_vertical_padding":"","_kad_post_feature":"","_kad_post_feature_position":"","_kad_post_header":false,"_kad_post_footer":false,"_kad_post_classname":""},"product_brand":[962],"product_cat":[246,635,634,633],"product_tag":[],"class_list":{"0":"post-271928","1":"product","2":"type-product","3":"status-publish","4":"has-post-thumbnail","6":"product_brand-rexaline","7":"product_cat-cosmetice","8":"product_cat-hidratarea-si-nutritia-pielii","9":"product_cat-produse-cosmetice-de-ingrijire-a-pielii","10":"product_cat-produse-cosmetice-pentru-piele","12":"first","13":"instock","14":"sale","15":"product-type-external","16":"entry","17":"content-bg","18":"loop-entry"},"acf":[],"yoast_head":"<!-- This site is optimized with the Yoast SEO plugin v27.3 - https:\/\/yoast.com\/product\/yoast-seo-wordpress\/ -->\n<title>Rexaline Fluid pentru luminozitatea pielii SPF 50+ Crystal Bright (Fluid) 30 ml - SHOPATOA.COM<\/title>\n<meta name=\"robots\" content=\"index, follow, max-snippet:-1, max-image-preview:large, max-video-preview:-1\" \/>\n<link rel=\"canonical\" href=\"https:\/\/shopatoa.com\/ro\/rexaline-fluid-pentru-luminozitatea-pielii-spf-50-crystal-bright-fluid-30-ml\/\" \/>\n<meta property=\"og:locale\" content=\"ro_RO\" \/>\n<meta property=\"og:type\" content=\"article\" \/>\n<meta property=\"og:title\" content=\"Rexaline Fluid pentru luminozitatea pielii SPF 50+ Crystal Bright (Fluid) 30 ml - SHOPATOA.COM\" \/>\n<meta property=\"og:description\" content=\"P\u0103stra\u021bi-v\u0103 pielea s\u0103n\u0103toas\u0103 \u0219i str\u0103lucitoare. Fluidul ac\u021bioneaz\u0103 ca un scut \u00eempotriva polu\u0103rii \u0219i a razelor solare. Acest fluid de str\u0103lucire ofer\u0103 un grad ridicat de protec\u021bie at\u00e2t \u00eempotriva radia\u021biilor UVA, c\u00e2t \u0219i a celor UVB. In comparatie cremele de protec\u021bie obi\u0219nuite, este \u00eembog\u0103\u021bit\u0103 cu substan\u021be active, care matifiaz\u0103 pielea \u0219i o protejeaz\u0103 de poluare \u0219i...\" \/>\n<meta property=\"og:url\" content=\"https:\/\/shopatoa.com\/ro\/rexaline-fluid-pentru-luminozitatea-pielii-spf-50-crystal-bright-fluid-30-ml\/\" \/>\n<meta property=\"og:site_name\" content=\"SHOPATOA\" \/>\n<meta property=\"article:modified_time\" content=\"2025-12-08T16:24:20+00:00\" \/>\n<meta property=\"og:image\" content=\"https:\/\/storage.googleapis.com\/cz-shopatoa-img\/ro\/afbd7f52-unnamed-file.webp\" \/>\n\t<meta property=\"og:image:width\" content=\"800\" \/>\n\t<meta property=\"og:image:height\" content=\"800\" \/>\n\t<meta property=\"og:image:type\" content=\"image\/webp\" \/>\n<meta name=\"twitter:card\" content=\"summary_large_image\" \/>\n<meta name=\"twitter:label1\" content=\"Timp estimat pentru citire\" \/>\n\t<meta name=\"twitter:data1\" content=\"1 minut\" \/>\n<script type=\"application\/ld+json\" class=\"yoast-schema-graph\">{\"@context\":\"https:\\\/\\\/schema.org\",\"@graph\":[{\"@type\":\"WebPage\",\"@id\":\"https:\\\/\\\/shopatoa.com\\\/ro\\\/rexaline-fluid-pentru-luminozitatea-pielii-spf-50-crystal-bright-fluid-30-ml\\\/\",\"url\":\"https:\\\/\\\/shopatoa.com\\\/ro\\\/rexaline-fluid-pentru-luminozitatea-pielii-spf-50-crystal-bright-fluid-30-ml\\\/\",\"name\":\"Rexaline Fluid pentru luminozitatea pielii SPF 50+ Crystal Bright (Fluid) 30 ml - SHOPATOA.COM\",\"isPartOf\":{\"@id\":\"https:\\\/\\\/shopatoa.com\\\/ro\\\/#website\"},\"primaryImageOfPage\":{\"@id\":\"https:\\\/\\\/shopatoa.com\\\/ro\\\/rexaline-fluid-pentru-luminozitatea-pielii-spf-50-crystal-bright-fluid-30-ml\\\/#primaryimage\"},\"image\":{\"@id\":\"https:\\\/\\\/shopatoa.com\\\/ro\\\/rexaline-fluid-pentru-luminozitatea-pielii-spf-50-crystal-bright-fluid-30-ml\\\/#primaryimage\"},\"thumbnailUrl\":\"https:\\\/\\\/storage.googleapis.com\\\/cz-shopatoa-img\\\/ro\\\/afbd7f52-unnamed-file.webp\",\"datePublished\":\"2025-04-29T10:30:50+00:00\",\"dateModified\":\"2025-12-08T16:24:20+00:00\",\"breadcrumb\":{\"@id\":\"https:\\\/\\\/shopatoa.com\\\/ro\\\/rexaline-fluid-pentru-luminozitatea-pielii-spf-50-crystal-bright-fluid-30-ml\\\/#breadcrumb\"},\"inLanguage\":\"ro-RO\",\"potentialAction\":[{\"@type\":\"ReadAction\",\"target\":[\"https:\\\/\\\/shopatoa.com\\\/ro\\\/rexaline-fluid-pentru-luminozitatea-pielii-spf-50-crystal-bright-fluid-30-ml\\\/\"]}]},{\"@type\":\"ImageObject\",\"inLanguage\":\"ro-RO\",\"@id\":\"https:\\\/\\\/shopatoa.com\\\/ro\\\/rexaline-fluid-pentru-luminozitatea-pielii-spf-50-crystal-bright-fluid-30-ml\\\/#primaryimage\",\"url\":\"https:\\\/\\\/storage.googleapis.com\\\/cz-shopatoa-img\\\/ro\\\/afbd7f52-unnamed-file.webp\",\"contentUrl\":\"https:\\\/\\\/storage.googleapis.com\\\/cz-shopatoa-img\\\/ro\\\/afbd7f52-unnamed-file.webp\",\"width\":800,\"height\":800},{\"@type\":\"BreadcrumbList\",\"@id\":\"https:\\\/\\\/shopatoa.com\\\/ro\\\/rexaline-fluid-pentru-luminozitatea-pielii-spf-50-crystal-bright-fluid-30-ml\\\/#breadcrumb\",\"itemListElement\":[{\"@type\":\"ListItem\",\"position\":1,\"name\":\"Dom\u016f\",\"item\":\"https:\\\/\\\/shopatoa.com\\\/ro\\\/\"},{\"@type\":\"ListItem\",\"position\":2,\"name\":\"Shop\",\"item\":\"https:\\\/\\\/shopatoa.com\\\/ro\\\/shop\\\/\"},{\"@type\":\"ListItem\",\"position\":3,\"name\":\"Cosmetice\",\"item\":\"https:\\\/\\\/shopatoa.com\\\/ro\\\/cosmetice\\\/\"},{\"@type\":\"ListItem\",\"position\":4,\"name\":\"Produse cosmetice pentru piele\",\"item\":\"https:\\\/\\\/shopatoa.com\\\/ro\\\/produse-cosmetice-pentru-piele\\\/\"},{\"@type\":\"ListItem\",\"position\":5,\"name\":\"Produse cosmetice de \u00eengrijire a pielii\",\"item\":\"https:\\\/\\\/shopatoa.com\\\/ro\\\/produse-cosmetice-de-ingrijire-a-pielii\\\/\"},{\"@type\":\"ListItem\",\"position\":6,\"name\":\"Hidratarea \u0219i nutri\u021bia pielii\",\"item\":\"https:\\\/\\\/shopatoa.com\\\/ro\\\/hidratarea-si-nutritia-pielii\\\/\"},{\"@type\":\"ListItem\",\"position\":7,\"name\":\"Rexaline Fluid pentru luminozitatea pielii SPF 50+ Crystal Bright (Fluid) 30 ml\"}]},{\"@type\":\"WebSite\",\"@id\":\"https:\\\/\\\/shopatoa.com\\\/ro\\\/#website\",\"url\":\"https:\\\/\\\/shopatoa.com\\\/ro\\\/\",\"name\":\"SHOPATOA\",\"description\":\"\",\"publisher\":{\"@id\":\"https:\\\/\\\/shopatoa.com\\\/ro\\\/#organization\"},\"potentialAction\":[{\"@type\":\"SearchAction\",\"target\":{\"@type\":\"EntryPoint\",\"urlTemplate\":\"https:\\\/\\\/shopatoa.com\\\/ro\\\/?s={search_term_string}\"},\"query-input\":{\"@type\":\"PropertyValueSpecification\",\"valueRequired\":true,\"valueName\":\"search_term_string\"}}],\"inLanguage\":\"ro-RO\"},{\"@type\":\"Organization\",\"@id\":\"https:\\\/\\\/shopatoa.com\\\/ro\\\/#organization\",\"name\":\"SHOPATOA\",\"url\":\"https:\\\/\\\/shopatoa.com\\\/ro\\\/\",\"logo\":{\"@type\":\"ImageObject\",\"inLanguage\":\"ro-RO\",\"@id\":\"https:\\\/\\\/shopatoa.com\\\/ro\\\/#\\\/schema\\\/logo\\\/image\\\/\",\"url\":\"https:\\\/\\\/storage.googleapis.com\\\/cz-shopatoa-img\\\/ro\\\/b4dac915-shopatoa_logo.png\",\"contentUrl\":\"https:\\\/\\\/storage.googleapis.com\\\/cz-shopatoa-img\\\/ro\\\/b4dac915-shopatoa_logo.png\",\"width\":416,\"height\":63,\"caption\":\"SHOPATOA\"},\"image\":{\"@id\":\"https:\\\/\\\/shopatoa.com\\\/ro\\\/#\\\/schema\\\/logo\\\/image\\\/\"}}]}<\/script>\n<!-- \/ Yoast SEO plugin. -->","yoast_head_json":{"title":"Rexaline Fluid pentru luminozitatea pielii SPF 50+ Crystal Bright (Fluid) 30 ml - SHOPATOA.COM","robots":{"index":"index","follow":"follow","max-snippet":"max-snippet:-1","max-image-preview":"max-image-preview:large","max-video-preview":"max-video-preview:-1"},"canonical":"https:\/\/shopatoa.com\/ro\/rexaline-fluid-pentru-luminozitatea-pielii-spf-50-crystal-bright-fluid-30-ml\/","og_locale":"ro_RO","og_type":"article","og_title":"Rexaline Fluid pentru luminozitatea pielii SPF 50+ Crystal Bright (Fluid) 30 ml - SHOPATOA.COM","og_description":"P\u0103stra\u021bi-v\u0103 pielea s\u0103n\u0103toas\u0103 \u0219i str\u0103lucitoare. Fluidul ac\u021bioneaz\u0103 ca un scut \u00eempotriva polu\u0103rii \u0219i a razelor solare. Acest fluid de str\u0103lucire ofer\u0103 un grad ridicat de protec\u021bie at\u00e2t \u00eempotriva radia\u021biilor UVA, c\u00e2t \u0219i a celor UVB. In comparatie cremele de protec\u021bie obi\u0219nuite, este \u00eembog\u0103\u021bit\u0103 cu substan\u021be active, care matifiaz\u0103 pielea \u0219i o protejeaz\u0103 de poluare \u0219i...","og_url":"https:\/\/shopatoa.com\/ro\/rexaline-fluid-pentru-luminozitatea-pielii-spf-50-crystal-bright-fluid-30-ml\/","og_site_name":"SHOPATOA","article_modified_time":"2025-12-08T16:24:20+00:00","og_image":[{"width":800,"height":800,"url":"https:\/\/storage.googleapis.com\/cz-shopatoa-img\/ro\/afbd7f52-unnamed-file.webp","type":"image\/webp"}],"twitter_card":"summary_large_image","twitter_misc":{"Timp estimat pentru citire":"1 minut"},"schema":{"@context":"https:\/\/schema.org","@graph":[{"@type":"WebPage","@id":"https:\/\/shopatoa.com\/ro\/rexaline-fluid-pentru-luminozitatea-pielii-spf-50-crystal-bright-fluid-30-ml\/","url":"https:\/\/shopatoa.com\/ro\/rexaline-fluid-pentru-luminozitatea-pielii-spf-50-crystal-bright-fluid-30-ml\/","name":"Rexaline Fluid pentru luminozitatea pielii SPF 50+ Crystal Bright (Fluid) 30 ml - SHOPATOA.COM","isPartOf":{"@id":"https:\/\/shopatoa.com\/ro\/#website"},"primaryImageOfPage":{"@id":"https:\/\/shopatoa.com\/ro\/rexaline-fluid-pentru-luminozitatea-pielii-spf-50-crystal-bright-fluid-30-ml\/#primaryimage"},"image":{"@id":"https:\/\/shopatoa.com\/ro\/rexaline-fluid-pentru-luminozitatea-pielii-spf-50-crystal-bright-fluid-30-ml\/#primaryimage"},"thumbnailUrl":"https:\/\/storage.googleapis.com\/cz-shopatoa-img\/ro\/afbd7f52-unnamed-file.webp","datePublished":"2025-04-29T10:30:50+00:00","dateModified":"2025-12-08T16:24:20+00:00","breadcrumb":{"@id":"https:\/\/shopatoa.com\/ro\/rexaline-fluid-pentru-luminozitatea-pielii-spf-50-crystal-bright-fluid-30-ml\/#breadcrumb"},"inLanguage":"ro-RO","potentialAction":[{"@type":"ReadAction","target":["https:\/\/shopatoa.com\/ro\/rexaline-fluid-pentru-luminozitatea-pielii-spf-50-crystal-bright-fluid-30-ml\/"]}]},{"@type":"ImageObject","inLanguage":"ro-RO","@id":"https:\/\/shopatoa.com\/ro\/rexaline-fluid-pentru-luminozitatea-pielii-spf-50-crystal-bright-fluid-30-ml\/#primaryimage","url":"https:\/\/storage.googleapis.com\/cz-shopatoa-img\/ro\/afbd7f52-unnamed-file.webp","contentUrl":"https:\/\/storage.googleapis.com\/cz-shopatoa-img\/ro\/afbd7f52-unnamed-file.webp","width":800,"height":800},{"@type":"BreadcrumbList","@id":"https:\/\/shopatoa.com\/ro\/rexaline-fluid-pentru-luminozitatea-pielii-spf-50-crystal-bright-fluid-30-ml\/#breadcrumb","itemListElement":[{"@type":"ListItem","position":1,"name":"Dom\u016f","item":"https:\/\/shopatoa.com\/ro\/"},{"@type":"ListItem","position":2,"name":"Shop","item":"https:\/\/shopatoa.com\/ro\/shop\/"},{"@type":"ListItem","position":3,"name":"Cosmetice","item":"https:\/\/shopatoa.com\/ro\/cosmetice\/"},{"@type":"ListItem","position":4,"name":"Produse cosmetice pentru piele","item":"https:\/\/shopatoa.com\/ro\/produse-cosmetice-pentru-piele\/"},{"@type":"ListItem","position":5,"name":"Produse cosmetice de \u00eengrijire a pielii","item":"https:\/\/shopatoa.com\/ro\/produse-cosmetice-de-ingrijire-a-pielii\/"},{"@type":"ListItem","position":6,"name":"Hidratarea \u0219i nutri\u021bia pielii","item":"https:\/\/shopatoa.com\/ro\/hidratarea-si-nutritia-pielii\/"},{"@type":"ListItem","position":7,"name":"Rexaline Fluid pentru luminozitatea pielii SPF 50+ Crystal Bright (Fluid) 30 ml"}]},{"@type":"WebSite","@id":"https:\/\/shopatoa.com\/ro\/#website","url":"https:\/\/shopatoa.com\/ro\/","name":"SHOPATOA","description":"","publisher":{"@id":"https:\/\/shopatoa.com\/ro\/#organization"},"potentialAction":[{"@type":"SearchAction","target":{"@type":"EntryPoint","urlTemplate":"https:\/\/shopatoa.com\/ro\/?s={search_term_string}"},"query-input":{"@type":"PropertyValueSpecification","valueRequired":true,"valueName":"search_term_string"}}],"inLanguage":"ro-RO"},{"@type":"Organization","@id":"https:\/\/shopatoa.com\/ro\/#organization","name":"SHOPATOA","url":"https:\/\/shopatoa.com\/ro\/","logo":{"@type":"ImageObject","inLanguage":"ro-RO","@id":"https:\/\/shopatoa.com\/ro\/#\/schema\/logo\/image\/","url":"https:\/\/storage.googleapis.com\/cz-shopatoa-img\/ro\/b4dac915-shopatoa_logo.png","contentUrl":"https:\/\/storage.googleapis.com\/cz-shopatoa-img\/ro\/b4dac915-shopatoa_logo.png","width":416,"height":63,"caption":"SHOPATOA"},"image":{"@id":"https:\/\/shopatoa.com\/ro\/#\/schema\/logo\/image\/"}}]}},"_links":{"self":[{"href":"https:\/\/shopatoa.com\/ro\/wp-json\/wp\/v2\/product\/271928","targetHints":{"allow":["GET"]}}],"collection":[{"href":"https:\/\/shopatoa.com\/ro\/wp-json\/wp\/v2\/product"}],"about":[{"href":"https:\/\/shopatoa.com\/ro\/wp-json\/wp\/v2\/types\/product"}],"replies":[{"embeddable":true,"href":"https:\/\/shopatoa.com\/ro\/wp-json\/wp\/v2\/comments?post=271928"}],"wp:featuredmedia":[{"embeddable":true,"href":"https:\/\/shopatoa.com\/ro\/wp-json\/wp\/v2\/media\/271929"}],"wp:attachment":[{"href":"https:\/\/shopatoa.com\/ro\/wp-json\/wp\/v2\/media?parent=271928"}],"wp:term":[{"taxonomy":"product_brand","embeddable":true,"href":"https:\/\/shopatoa.com\/ro\/wp-json\/wp\/v2\/product_brand?post=271928"},{"taxonomy":"product_cat","embeddable":true,"href":"https:\/\/shopatoa.com\/ro\/wp-json\/wp\/v2\/product_cat?post=271928"},{"taxonomy":"product_tag","embeddable":true,"href":"https:\/\/shopatoa.com\/ro\/wp-json\/wp\/v2\/product_tag?post=271928"}],"curies":[{"name":"wp","href":"https:\/\/api.w.org\/{rel}","templated":true}]}}