{"id":271955,"date":"2025-04-29T12:36:30","date_gmt":"2025-04-29T10:36:30","guid":{"rendered":"https:\/\/shopatoa.com\/ro\/foreo-periuta-de-dinti-sonica-din-silicon-issa-3-black\/"},"modified":"2025-09-30T01:41:10","modified_gmt":"2025-09-29T23:41:10","slug":"foreo-periuta-de-dinti-sonica-din-silicon-issa-3-black","status":"publish","type":"product","link":"https:\/\/shopatoa.com\/ro\/foreo-periuta-de-dinti-sonica-din-silicon-issa-3-black\/","title":{"rendered":"Foreo Periu\u021b\u0103 de din\u021bi sonic\u0103 din silicon ISSA 3 Black"},"content":{"rendered":"<p>Ai grij\u0103 de gura ta cu periu\u021ba de din\u021bi sonic\u0103 FOREO ISSA 3, care este conceput\u0103 pentru a oferi \u00eengrijire complet\u0103 pentru din\u021bi, gingii, obraji \u0219i limb\u0103. Peria este realizat\u0103 din silicon medical neporos \u0219i este complet impermeabil\u0103. Datorit\u0103 designului s\u0103u inteligent suedez, are o autonomie de p\u00e2n\u0103 la 365 de zile la o singur\u0103 \u00eenc\u0103rcare. Capul de perie sub\u021bire din l\u00e2n\u0103 hibrid\u0103 este echipat cu peri rezisten\u021bi la bacterii care lupt\u0103 eficient \u00eempotriva pl\u0103cii dentare, fiind \u00een acela\u0219i timp prietenos cu gingiile. Proeminen\u021bele din silicon de pe partea din spate ofer\u0103 o cur\u0103\u021bare \u021bintit\u0103 a fe\u021bei \u0219i a limbii.<\/p>\n","protected":false},"excerpt":{"rendered":"<p>Ai grij\u0103 de gura ta cu periu\u021ba de din\u021bi sonic\u0103 FOREO ISSA 3, care este conceput\u0103 pentru a oferi \u00eengrijire complet\u0103 pentru din\u021bi, gingii, obraji \u0219i limb\u0103. Peria este realizat\u0103 din silicon medical neporos \u0219i este complet impermeabil\u0103. Datorit\u0103 designului s\u0103u inteligent suedez, are o autonomie de p\u00e2n\u0103 la 365 de zile la o singur\u0103&#8230;<\/p>\n","protected":false},"featured_media":271956,"comment_status":"closed","ping_status":"open","template":"","meta":{"_acf_changed":false,"_kadence_starter_templates_imported_post":false,"_kad_post_transparent":"","_kad_post_title":"","_kad_post_layout":"","_kad_post_sidebar_id":"","_kad_post_content_style":"","_kad_post_vertical_padding":"","_kad_post_feature":"","_kad_post_feature_position":"","_kad_post_header":false,"_kad_post_footer":false,"_kad_post_classname":""},"product_brand":[289],"product_cat":[246,709,761],"product_tag":[],"class_list":{"0":"post-271955","1":"product","2":"type-product","3":"status-publish","4":"has-post-thumbnail","6":"product_brand-foreo","7":"product_cat-cosmetice","8":"product_cat-ingrijirea-dentara","9":"product_cat-periute-de-dinti-sonice","11":"first","12":"instock","13":"sale","14":"product-type-external","15":"entry","16":"content-bg","17":"loop-entry"},"acf":[],"yoast_head":"<!-- This site is optimized with the Yoast SEO plugin v27.4 - https:\/\/yoast.com\/product\/yoast-seo-wordpress\/ -->\n<title>Foreo Periu\u021b\u0103 de din\u021bi sonic\u0103 din silicon ISSA 3 Black - SHOPATOA.COM<\/title>\n<meta name=\"robots\" content=\"index, follow, max-snippet:-1, max-image-preview:large, max-video-preview:-1\" \/>\n<link rel=\"canonical\" href=\"https:\/\/shopatoa.com\/ro\/foreo-periuta-de-dinti-sonica-din-silicon-issa-3-black\/\" \/>\n<meta property=\"og:locale\" content=\"ro_RO\" \/>\n<meta property=\"og:type\" content=\"article\" \/>\n<meta property=\"og:title\" content=\"Foreo Periu\u021b\u0103 de din\u021bi sonic\u0103 din silicon ISSA 3 Black - SHOPATOA.COM\" \/>\n<meta property=\"og:description\" content=\"Ai grij\u0103 de gura ta cu periu\u021ba de din\u021bi sonic\u0103 FOREO ISSA 3, care este conceput\u0103 pentru a oferi \u00eengrijire complet\u0103 pentru din\u021bi, gingii, obraji \u0219i limb\u0103. Peria este realizat\u0103 din silicon medical neporos \u0219i este complet impermeabil\u0103. Datorit\u0103 designului s\u0103u inteligent suedez, are o autonomie de p\u00e2n\u0103 la 365 de zile la o singur\u0103...\" \/>\n<meta property=\"og:url\" content=\"https:\/\/shopatoa.com\/ro\/foreo-periuta-de-dinti-sonica-din-silicon-issa-3-black\/\" \/>\n<meta property=\"og:site_name\" content=\"SHOPATOA\" \/>\n<meta property=\"article:modified_time\" content=\"2025-09-29T23:41:10+00:00\" \/>\n<meta property=\"og:image\" content=\"https:\/\/storage.googleapis.com\/cz-shopatoa-img\/ro\/d9f38c11-unnamed-file.webp\" \/>\n\t<meta property=\"og:image:width\" content=\"800\" \/>\n\t<meta property=\"og:image:height\" content=\"800\" \/>\n\t<meta property=\"og:image:type\" content=\"image\/webp\" \/>\n<meta name=\"twitter:card\" content=\"summary_large_image\" \/>\n<meta name=\"twitter:label1\" content=\"Timp estimat pentru citire\" \/>\n\t<meta name=\"twitter:data1\" content=\"1 minut\" \/>\n<script type=\"application\/ld+json\" class=\"yoast-schema-graph\">{\"@context\":\"https:\\\/\\\/schema.org\",\"@graph\":[{\"@type\":\"WebPage\",\"@id\":\"https:\\\/\\\/shopatoa.com\\\/ro\\\/foreo-periuta-de-dinti-sonica-din-silicon-issa-3-black\\\/\",\"url\":\"https:\\\/\\\/shopatoa.com\\\/ro\\\/foreo-periuta-de-dinti-sonica-din-silicon-issa-3-black\\\/\",\"name\":\"Foreo Periu\u021b\u0103 de din\u021bi sonic\u0103 din silicon ISSA 3 Black - SHOPATOA.COM\",\"isPartOf\":{\"@id\":\"https:\\\/\\\/shopatoa.com\\\/ro\\\/#website\"},\"primaryImageOfPage\":{\"@id\":\"https:\\\/\\\/shopatoa.com\\\/ro\\\/foreo-periuta-de-dinti-sonica-din-silicon-issa-3-black\\\/#primaryimage\"},\"image\":{\"@id\":\"https:\\\/\\\/shopatoa.com\\\/ro\\\/foreo-periuta-de-dinti-sonica-din-silicon-issa-3-black\\\/#primaryimage\"},\"thumbnailUrl\":\"https:\\\/\\\/storage.googleapis.com\\\/cz-shopatoa-img\\\/ro\\\/d9f38c11-unnamed-file.webp\",\"datePublished\":\"2025-04-29T10:36:30+00:00\",\"dateModified\":\"2025-09-29T23:41:10+00:00\",\"breadcrumb\":{\"@id\":\"https:\\\/\\\/shopatoa.com\\\/ro\\\/foreo-periuta-de-dinti-sonica-din-silicon-issa-3-black\\\/#breadcrumb\"},\"inLanguage\":\"ro-RO\",\"potentialAction\":[{\"@type\":\"ReadAction\",\"target\":[\"https:\\\/\\\/shopatoa.com\\\/ro\\\/foreo-periuta-de-dinti-sonica-din-silicon-issa-3-black\\\/\"]}]},{\"@type\":\"ImageObject\",\"inLanguage\":\"ro-RO\",\"@id\":\"https:\\\/\\\/shopatoa.com\\\/ro\\\/foreo-periuta-de-dinti-sonica-din-silicon-issa-3-black\\\/#primaryimage\",\"url\":\"https:\\\/\\\/storage.googleapis.com\\\/cz-shopatoa-img\\\/ro\\\/d9f38c11-unnamed-file.webp\",\"contentUrl\":\"https:\\\/\\\/storage.googleapis.com\\\/cz-shopatoa-img\\\/ro\\\/d9f38c11-unnamed-file.webp\",\"width\":800,\"height\":800},{\"@type\":\"BreadcrumbList\",\"@id\":\"https:\\\/\\\/shopatoa.com\\\/ro\\\/foreo-periuta-de-dinti-sonica-din-silicon-issa-3-black\\\/#breadcrumb\",\"itemListElement\":[{\"@type\":\"ListItem\",\"position\":1,\"name\":\"Dom\u016f\",\"item\":\"https:\\\/\\\/shopatoa.com\\\/ro\\\/\"},{\"@type\":\"ListItem\",\"position\":2,\"name\":\"Shop\",\"item\":\"https:\\\/\\\/shopatoa.com\\\/ro\\\/shop\\\/\"},{\"@type\":\"ListItem\",\"position\":3,\"name\":\"Cosmetice\",\"item\":\"https:\\\/\\\/shopatoa.com\\\/ro\\\/cosmetice\\\/\"},{\"@type\":\"ListItem\",\"position\":4,\"name\":\"\u00cengrijirea dentar\u0103\",\"item\":\"https:\\\/\\\/shopatoa.com\\\/ro\\\/ingrijirea-dentara\\\/\"},{\"@type\":\"ListItem\",\"position\":5,\"name\":\"Periu\u021be de din\u021bi sonice\",\"item\":\"https:\\\/\\\/shopatoa.com\\\/ro\\\/periute-de-dinti-sonice\\\/\"},{\"@type\":\"ListItem\",\"position\":6,\"name\":\"Foreo Periu\u021b\u0103 de din\u021bi sonic\u0103 din silicon ISSA 3 Black\"}]},{\"@type\":\"WebSite\",\"@id\":\"https:\\\/\\\/shopatoa.com\\\/ro\\\/#website\",\"url\":\"https:\\\/\\\/shopatoa.com\\\/ro\\\/\",\"name\":\"SHOPATOA\",\"description\":\"\",\"publisher\":{\"@id\":\"https:\\\/\\\/shopatoa.com\\\/ro\\\/#organization\"},\"potentialAction\":[{\"@type\":\"SearchAction\",\"target\":{\"@type\":\"EntryPoint\",\"urlTemplate\":\"https:\\\/\\\/shopatoa.com\\\/ro\\\/?s={search_term_string}\"},\"query-input\":{\"@type\":\"PropertyValueSpecification\",\"valueRequired\":true,\"valueName\":\"search_term_string\"}}],\"inLanguage\":\"ro-RO\"},{\"@type\":\"Organization\",\"@id\":\"https:\\\/\\\/shopatoa.com\\\/ro\\\/#organization\",\"name\":\"SHOPATOA\",\"url\":\"https:\\\/\\\/shopatoa.com\\\/ro\\\/\",\"logo\":{\"@type\":\"ImageObject\",\"inLanguage\":\"ro-RO\",\"@id\":\"https:\\\/\\\/shopatoa.com\\\/ro\\\/#\\\/schema\\\/logo\\\/image\\\/\",\"url\":\"https:\\\/\\\/storage.googleapis.com\\\/cz-shopatoa-img\\\/ro\\\/b4dac915-shopatoa_logo.png\",\"contentUrl\":\"https:\\\/\\\/storage.googleapis.com\\\/cz-shopatoa-img\\\/ro\\\/b4dac915-shopatoa_logo.png\",\"width\":416,\"height\":63,\"caption\":\"SHOPATOA\"},\"image\":{\"@id\":\"https:\\\/\\\/shopatoa.com\\\/ro\\\/#\\\/schema\\\/logo\\\/image\\\/\"}}]}<\/script>\n<!-- \/ Yoast SEO plugin. -->","yoast_head_json":{"title":"Foreo Periu\u021b\u0103 de din\u021bi sonic\u0103 din silicon ISSA 3 Black - SHOPATOA.COM","robots":{"index":"index","follow":"follow","max-snippet":"max-snippet:-1","max-image-preview":"max-image-preview:large","max-video-preview":"max-video-preview:-1"},"canonical":"https:\/\/shopatoa.com\/ro\/foreo-periuta-de-dinti-sonica-din-silicon-issa-3-black\/","og_locale":"ro_RO","og_type":"article","og_title":"Foreo Periu\u021b\u0103 de din\u021bi sonic\u0103 din silicon ISSA 3 Black - SHOPATOA.COM","og_description":"Ai grij\u0103 de gura ta cu periu\u021ba de din\u021bi sonic\u0103 FOREO ISSA 3, care este conceput\u0103 pentru a oferi \u00eengrijire complet\u0103 pentru din\u021bi, gingii, obraji \u0219i limb\u0103. Peria este realizat\u0103 din silicon medical neporos \u0219i este complet impermeabil\u0103. Datorit\u0103 designului s\u0103u inteligent suedez, are o autonomie de p\u00e2n\u0103 la 365 de zile la o singur\u0103...","og_url":"https:\/\/shopatoa.com\/ro\/foreo-periuta-de-dinti-sonica-din-silicon-issa-3-black\/","og_site_name":"SHOPATOA","article_modified_time":"2025-09-29T23:41:10+00:00","og_image":[{"width":800,"height":800,"url":"https:\/\/storage.googleapis.com\/cz-shopatoa-img\/ro\/d9f38c11-unnamed-file.webp","type":"image\/webp"}],"twitter_card":"summary_large_image","twitter_misc":{"Timp estimat pentru citire":"1 minut"},"schema":{"@context":"https:\/\/schema.org","@graph":[{"@type":"WebPage","@id":"https:\/\/shopatoa.com\/ro\/foreo-periuta-de-dinti-sonica-din-silicon-issa-3-black\/","url":"https:\/\/shopatoa.com\/ro\/foreo-periuta-de-dinti-sonica-din-silicon-issa-3-black\/","name":"Foreo Periu\u021b\u0103 de din\u021bi sonic\u0103 din silicon ISSA 3 Black - SHOPATOA.COM","isPartOf":{"@id":"https:\/\/shopatoa.com\/ro\/#website"},"primaryImageOfPage":{"@id":"https:\/\/shopatoa.com\/ro\/foreo-periuta-de-dinti-sonica-din-silicon-issa-3-black\/#primaryimage"},"image":{"@id":"https:\/\/shopatoa.com\/ro\/foreo-periuta-de-dinti-sonica-din-silicon-issa-3-black\/#primaryimage"},"thumbnailUrl":"https:\/\/storage.googleapis.com\/cz-shopatoa-img\/ro\/d9f38c11-unnamed-file.webp","datePublished":"2025-04-29T10:36:30+00:00","dateModified":"2025-09-29T23:41:10+00:00","breadcrumb":{"@id":"https:\/\/shopatoa.com\/ro\/foreo-periuta-de-dinti-sonica-din-silicon-issa-3-black\/#breadcrumb"},"inLanguage":"ro-RO","potentialAction":[{"@type":"ReadAction","target":["https:\/\/shopatoa.com\/ro\/foreo-periuta-de-dinti-sonica-din-silicon-issa-3-black\/"]}]},{"@type":"ImageObject","inLanguage":"ro-RO","@id":"https:\/\/shopatoa.com\/ro\/foreo-periuta-de-dinti-sonica-din-silicon-issa-3-black\/#primaryimage","url":"https:\/\/storage.googleapis.com\/cz-shopatoa-img\/ro\/d9f38c11-unnamed-file.webp","contentUrl":"https:\/\/storage.googleapis.com\/cz-shopatoa-img\/ro\/d9f38c11-unnamed-file.webp","width":800,"height":800},{"@type":"BreadcrumbList","@id":"https:\/\/shopatoa.com\/ro\/foreo-periuta-de-dinti-sonica-din-silicon-issa-3-black\/#breadcrumb","itemListElement":[{"@type":"ListItem","position":1,"name":"Dom\u016f","item":"https:\/\/shopatoa.com\/ro\/"},{"@type":"ListItem","position":2,"name":"Shop","item":"https:\/\/shopatoa.com\/ro\/shop\/"},{"@type":"ListItem","position":3,"name":"Cosmetice","item":"https:\/\/shopatoa.com\/ro\/cosmetice\/"},{"@type":"ListItem","position":4,"name":"\u00cengrijirea dentar\u0103","item":"https:\/\/shopatoa.com\/ro\/ingrijirea-dentara\/"},{"@type":"ListItem","position":5,"name":"Periu\u021be de din\u021bi sonice","item":"https:\/\/shopatoa.com\/ro\/periute-de-dinti-sonice\/"},{"@type":"ListItem","position":6,"name":"Foreo Periu\u021b\u0103 de din\u021bi sonic\u0103 din silicon ISSA 3 Black"}]},{"@type":"WebSite","@id":"https:\/\/shopatoa.com\/ro\/#website","url":"https:\/\/shopatoa.com\/ro\/","name":"SHOPATOA","description":"","publisher":{"@id":"https:\/\/shopatoa.com\/ro\/#organization"},"potentialAction":[{"@type":"SearchAction","target":{"@type":"EntryPoint","urlTemplate":"https:\/\/shopatoa.com\/ro\/?s={search_term_string}"},"query-input":{"@type":"PropertyValueSpecification","valueRequired":true,"valueName":"search_term_string"}}],"inLanguage":"ro-RO"},{"@type":"Organization","@id":"https:\/\/shopatoa.com\/ro\/#organization","name":"SHOPATOA","url":"https:\/\/shopatoa.com\/ro\/","logo":{"@type":"ImageObject","inLanguage":"ro-RO","@id":"https:\/\/shopatoa.com\/ro\/#\/schema\/logo\/image\/","url":"https:\/\/storage.googleapis.com\/cz-shopatoa-img\/ro\/b4dac915-shopatoa_logo.png","contentUrl":"https:\/\/storage.googleapis.com\/cz-shopatoa-img\/ro\/b4dac915-shopatoa_logo.png","width":416,"height":63,"caption":"SHOPATOA"},"image":{"@id":"https:\/\/shopatoa.com\/ro\/#\/schema\/logo\/image\/"}}]}},"_links":{"self":[{"href":"https:\/\/shopatoa.com\/ro\/wp-json\/wp\/v2\/product\/271955","targetHints":{"allow":["GET"]}}],"collection":[{"href":"https:\/\/shopatoa.com\/ro\/wp-json\/wp\/v2\/product"}],"about":[{"href":"https:\/\/shopatoa.com\/ro\/wp-json\/wp\/v2\/types\/product"}],"replies":[{"embeddable":true,"href":"https:\/\/shopatoa.com\/ro\/wp-json\/wp\/v2\/comments?post=271955"}],"wp:featuredmedia":[{"embeddable":true,"href":"https:\/\/shopatoa.com\/ro\/wp-json\/wp\/v2\/media\/271956"}],"wp:attachment":[{"href":"https:\/\/shopatoa.com\/ro\/wp-json\/wp\/v2\/media?parent=271955"}],"wp:term":[{"taxonomy":"product_brand","embeddable":true,"href":"https:\/\/shopatoa.com\/ro\/wp-json\/wp\/v2\/product_brand?post=271955"},{"taxonomy":"product_cat","embeddable":true,"href":"https:\/\/shopatoa.com\/ro\/wp-json\/wp\/v2\/product_cat?post=271955"},{"taxonomy":"product_tag","embeddable":true,"href":"https:\/\/shopatoa.com\/ro\/wp-json\/wp\/v2\/product_tag?post=271955"}],"curies":[{"name":"wp","href":"https:\/\/api.w.org\/{rel}","templated":true}]}}