{"id":272029,"date":"2025-04-29T12:55:25","date_gmt":"2025-04-29T10:55:25","guid":{"rendered":"https:\/\/shopatoa.com\/ro\/madara-corector-iluminatorthe-concealer-4-ml-15-vanilla\/"},"modified":"2025-12-10T12:15:24","modified_gmt":"2025-12-10T11:15:24","slug":"madara-corector-iluminatorthe-concealer-4-ml-15-vanilla","status":"publish","type":"product","link":"https:\/\/shopatoa.com\/ro\/madara-corector-iluminatorthe-concealer-4-ml-15-vanilla\/","title":{"rendered":"M\u00c1DARA Corector iluminator(The Concealer) 4 ml 15 Vanilla"},"content":{"rendered":"<p>Corectorul str\u0103lucitor \u0219i hidratant acoper\u0103 cearc\u0103nele, ro\u0219ea\u021ba, porii dilata\u021bi \u0219i alte imperfec\u021biuni, dar lumineaz\u0103 \u0219i \u00een mod natural zona ochilor. Textura sa fin\u0103 nu \u00eengreuneaz\u0103 pielea \u0219i se \u00eembin\u0103 perfect cu pielea.<\/p>\n","protected":false},"excerpt":{"rendered":"<p>Corectorul str\u0103lucitor \u0219i hidratant acoper\u0103 cearc\u0103nele, ro\u0219ea\u021ba, porii dilata\u021bi \u0219i alte imperfec\u021biuni, dar lumineaz\u0103 \u0219i \u00een mod natural zona ochilor. Textura sa fin\u0103 nu \u00eengreuneaz\u0103 pielea \u0219i se \u00eembin\u0103 perfect cu pielea.<\/p>\n","protected":false},"featured_media":341529,"comment_status":"closed","ping_status":"open","template":"","meta":{"_acf_changed":false,"_kadence_starter_templates_imported_post":false,"_kad_post_transparent":"","_kad_post_title":"","_kad_post_layout":"","_kad_post_sidebar_id":"","_kad_post_content_style":"","_kad_post_vertical_padding":"","_kad_post_feature":"","_kad_post_feature_position":"","_kad_post_header":false,"_kad_post_footer":false,"_kad_post_classname":""},"product_brand":[454],"product_cat":[704,246,609,616],"product_tag":[],"class_list":{"0":"post-272029","1":"product","2":"type-product","3":"status-publish","4":"has-post-thumbnail","6":"product_brand-madara","7":"product_cat-corector-pentru-zona-fetei-si-a-ochilor","8":"product_cat-cosmetice","9":"product_cat-cosmetice-decorative","10":"product_cat-machiaj-pentru-fata","12":"first","13":"instock","14":"sale","15":"product-type-external","16":"entry","17":"content-bg","18":"loop-entry"},"acf":[],"yoast_head":"<!-- This site is optimized with the Yoast SEO plugin v27.3 - https:\/\/yoast.com\/product\/yoast-seo-wordpress\/ -->\n<title>M\u00c1DARA Corector iluminator(The Concealer) 4 ml 15 Vanilla - SHOPATOA.COM<\/title>\n<meta name=\"robots\" content=\"index, follow, max-snippet:-1, max-image-preview:large, max-video-preview:-1\" \/>\n<link rel=\"canonical\" href=\"https:\/\/shopatoa.com\/ro\/madara-corector-iluminatorthe-concealer-4-ml-15-vanilla\/\" \/>\n<meta property=\"og:locale\" content=\"ro_RO\" \/>\n<meta property=\"og:type\" content=\"article\" \/>\n<meta property=\"og:title\" content=\"M\u00c1DARA Corector iluminator(The Concealer) 4 ml 15 Vanilla - SHOPATOA.COM\" \/>\n<meta property=\"og:description\" content=\"Corectorul str\u0103lucitor \u0219i hidratant acoper\u0103 cearc\u0103nele, ro\u0219ea\u021ba, porii dilata\u021bi \u0219i alte imperfec\u021biuni, dar lumineaz\u0103 \u0219i \u00een mod natural zona ochilor. Textura sa fin\u0103 nu \u00eengreuneaz\u0103 pielea \u0219i se \u00eembin\u0103 perfect cu pielea.\" \/>\n<meta property=\"og:url\" content=\"https:\/\/shopatoa.com\/ro\/madara-corector-iluminatorthe-concealer-4-ml-15-vanilla\/\" \/>\n<meta property=\"og:site_name\" content=\"SHOPATOA\" \/>\n<meta property=\"article:modified_time\" content=\"2025-12-10T11:15:24+00:00\" \/>\n<meta property=\"og:image\" content=\"https:\/\/storage.googleapis.com\/cz-shopatoa-img\/ro\/728ca255-unnamed-file.webp\" \/>\n\t<meta property=\"og:image:width\" content=\"800\" \/>\n\t<meta property=\"og:image:height\" content=\"800\" \/>\n\t<meta property=\"og:image:type\" content=\"image\/webp\" \/>\n<meta name=\"twitter:card\" content=\"summary_large_image\" \/>\n<script type=\"application\/ld+json\" class=\"yoast-schema-graph\">{\"@context\":\"https:\\\/\\\/schema.org\",\"@graph\":[{\"@type\":\"WebPage\",\"@id\":\"https:\\\/\\\/shopatoa.com\\\/ro\\\/madara-corector-iluminatorthe-concealer-4-ml-15-vanilla\\\/\",\"url\":\"https:\\\/\\\/shopatoa.com\\\/ro\\\/madara-corector-iluminatorthe-concealer-4-ml-15-vanilla\\\/\",\"name\":\"M\u00c1DARA Corector iluminator(The Concealer) 4 ml 15 Vanilla - SHOPATOA.COM\",\"isPartOf\":{\"@id\":\"https:\\\/\\\/shopatoa.com\\\/ro\\\/#website\"},\"primaryImageOfPage\":{\"@id\":\"https:\\\/\\\/shopatoa.com\\\/ro\\\/madara-corector-iluminatorthe-concealer-4-ml-15-vanilla\\\/#primaryimage\"},\"image\":{\"@id\":\"https:\\\/\\\/shopatoa.com\\\/ro\\\/madara-corector-iluminatorthe-concealer-4-ml-15-vanilla\\\/#primaryimage\"},\"thumbnailUrl\":\"https:\\\/\\\/storage.googleapis.com\\\/cz-shopatoa-img\\\/ro\\\/728ca255-unnamed-file.webp\",\"datePublished\":\"2025-04-29T10:55:25+00:00\",\"dateModified\":\"2025-12-10T11:15:24+00:00\",\"breadcrumb\":{\"@id\":\"https:\\\/\\\/shopatoa.com\\\/ro\\\/madara-corector-iluminatorthe-concealer-4-ml-15-vanilla\\\/#breadcrumb\"},\"inLanguage\":\"ro-RO\",\"potentialAction\":[{\"@type\":\"ReadAction\",\"target\":[\"https:\\\/\\\/shopatoa.com\\\/ro\\\/madara-corector-iluminatorthe-concealer-4-ml-15-vanilla\\\/\"]}]},{\"@type\":\"ImageObject\",\"inLanguage\":\"ro-RO\",\"@id\":\"https:\\\/\\\/shopatoa.com\\\/ro\\\/madara-corector-iluminatorthe-concealer-4-ml-15-vanilla\\\/#primaryimage\",\"url\":\"https:\\\/\\\/storage.googleapis.com\\\/cz-shopatoa-img\\\/ro\\\/728ca255-unnamed-file.webp\",\"contentUrl\":\"https:\\\/\\\/storage.googleapis.com\\\/cz-shopatoa-img\\\/ro\\\/728ca255-unnamed-file.webp\",\"width\":800,\"height\":800},{\"@type\":\"BreadcrumbList\",\"@id\":\"https:\\\/\\\/shopatoa.com\\\/ro\\\/madara-corector-iluminatorthe-concealer-4-ml-15-vanilla\\\/#breadcrumb\",\"itemListElement\":[{\"@type\":\"ListItem\",\"position\":1,\"name\":\"Dom\u016f\",\"item\":\"https:\\\/\\\/shopatoa.com\\\/ro\\\/\"},{\"@type\":\"ListItem\",\"position\":2,\"name\":\"Shop\",\"item\":\"https:\\\/\\\/shopatoa.com\\\/ro\\\/shop\\\/\"},{\"@type\":\"ListItem\",\"position\":3,\"name\":\"Cosmetice\",\"item\":\"https:\\\/\\\/shopatoa.com\\\/ro\\\/cosmetice\\\/\"},{\"@type\":\"ListItem\",\"position\":4,\"name\":\"Cosmetice decorative\",\"item\":\"https:\\\/\\\/shopatoa.com\\\/ro\\\/cosmetice-decorative\\\/\"},{\"@type\":\"ListItem\",\"position\":5,\"name\":\"Machiaj pentru fa\u021ba\",\"item\":\"https:\\\/\\\/shopatoa.com\\\/ro\\\/machiaj-pentru-fata\\\/\"},{\"@type\":\"ListItem\",\"position\":6,\"name\":\"Corector pentru zona fe\u021bei \u0219i a ochilor\",\"item\":\"https:\\\/\\\/shopatoa.com\\\/ro\\\/corector-pentru-zona-fetei-si-a-ochilor\\\/\"},{\"@type\":\"ListItem\",\"position\":7,\"name\":\"M\u00c1DARA Corector iluminator(The Concealer) 4 ml 15 Vanilla\"}]},{\"@type\":\"WebSite\",\"@id\":\"https:\\\/\\\/shopatoa.com\\\/ro\\\/#website\",\"url\":\"https:\\\/\\\/shopatoa.com\\\/ro\\\/\",\"name\":\"SHOPATOA\",\"description\":\"\",\"publisher\":{\"@id\":\"https:\\\/\\\/shopatoa.com\\\/ro\\\/#organization\"},\"potentialAction\":[{\"@type\":\"SearchAction\",\"target\":{\"@type\":\"EntryPoint\",\"urlTemplate\":\"https:\\\/\\\/shopatoa.com\\\/ro\\\/?s={search_term_string}\"},\"query-input\":{\"@type\":\"PropertyValueSpecification\",\"valueRequired\":true,\"valueName\":\"search_term_string\"}}],\"inLanguage\":\"ro-RO\"},{\"@type\":\"Organization\",\"@id\":\"https:\\\/\\\/shopatoa.com\\\/ro\\\/#organization\",\"name\":\"SHOPATOA\",\"url\":\"https:\\\/\\\/shopatoa.com\\\/ro\\\/\",\"logo\":{\"@type\":\"ImageObject\",\"inLanguage\":\"ro-RO\",\"@id\":\"https:\\\/\\\/shopatoa.com\\\/ro\\\/#\\\/schema\\\/logo\\\/image\\\/\",\"url\":\"https:\\\/\\\/storage.googleapis.com\\\/cz-shopatoa-img\\\/ro\\\/b4dac915-shopatoa_logo.png\",\"contentUrl\":\"https:\\\/\\\/storage.googleapis.com\\\/cz-shopatoa-img\\\/ro\\\/b4dac915-shopatoa_logo.png\",\"width\":416,\"height\":63,\"caption\":\"SHOPATOA\"},\"image\":{\"@id\":\"https:\\\/\\\/shopatoa.com\\\/ro\\\/#\\\/schema\\\/logo\\\/image\\\/\"}}]}<\/script>\n<!-- \/ Yoast SEO plugin. -->","yoast_head_json":{"title":"M\u00c1DARA Corector iluminator(The Concealer) 4 ml 15 Vanilla - SHOPATOA.COM","robots":{"index":"index","follow":"follow","max-snippet":"max-snippet:-1","max-image-preview":"max-image-preview:large","max-video-preview":"max-video-preview:-1"},"canonical":"https:\/\/shopatoa.com\/ro\/madara-corector-iluminatorthe-concealer-4-ml-15-vanilla\/","og_locale":"ro_RO","og_type":"article","og_title":"M\u00c1DARA Corector iluminator(The Concealer) 4 ml 15 Vanilla - SHOPATOA.COM","og_description":"Corectorul str\u0103lucitor \u0219i hidratant acoper\u0103 cearc\u0103nele, ro\u0219ea\u021ba, porii dilata\u021bi \u0219i alte imperfec\u021biuni, dar lumineaz\u0103 \u0219i \u00een mod natural zona ochilor. Textura sa fin\u0103 nu \u00eengreuneaz\u0103 pielea \u0219i se \u00eembin\u0103 perfect cu pielea.","og_url":"https:\/\/shopatoa.com\/ro\/madara-corector-iluminatorthe-concealer-4-ml-15-vanilla\/","og_site_name":"SHOPATOA","article_modified_time":"2025-12-10T11:15:24+00:00","og_image":[{"width":800,"height":800,"url":"https:\/\/storage.googleapis.com\/cz-shopatoa-img\/ro\/728ca255-unnamed-file.webp","type":"image\/webp"}],"twitter_card":"summary_large_image","schema":{"@context":"https:\/\/schema.org","@graph":[{"@type":"WebPage","@id":"https:\/\/shopatoa.com\/ro\/madara-corector-iluminatorthe-concealer-4-ml-15-vanilla\/","url":"https:\/\/shopatoa.com\/ro\/madara-corector-iluminatorthe-concealer-4-ml-15-vanilla\/","name":"M\u00c1DARA Corector iluminator(The Concealer) 4 ml 15 Vanilla - SHOPATOA.COM","isPartOf":{"@id":"https:\/\/shopatoa.com\/ro\/#website"},"primaryImageOfPage":{"@id":"https:\/\/shopatoa.com\/ro\/madara-corector-iluminatorthe-concealer-4-ml-15-vanilla\/#primaryimage"},"image":{"@id":"https:\/\/shopatoa.com\/ro\/madara-corector-iluminatorthe-concealer-4-ml-15-vanilla\/#primaryimage"},"thumbnailUrl":"https:\/\/storage.googleapis.com\/cz-shopatoa-img\/ro\/728ca255-unnamed-file.webp","datePublished":"2025-04-29T10:55:25+00:00","dateModified":"2025-12-10T11:15:24+00:00","breadcrumb":{"@id":"https:\/\/shopatoa.com\/ro\/madara-corector-iluminatorthe-concealer-4-ml-15-vanilla\/#breadcrumb"},"inLanguage":"ro-RO","potentialAction":[{"@type":"ReadAction","target":["https:\/\/shopatoa.com\/ro\/madara-corector-iluminatorthe-concealer-4-ml-15-vanilla\/"]}]},{"@type":"ImageObject","inLanguage":"ro-RO","@id":"https:\/\/shopatoa.com\/ro\/madara-corector-iluminatorthe-concealer-4-ml-15-vanilla\/#primaryimage","url":"https:\/\/storage.googleapis.com\/cz-shopatoa-img\/ro\/728ca255-unnamed-file.webp","contentUrl":"https:\/\/storage.googleapis.com\/cz-shopatoa-img\/ro\/728ca255-unnamed-file.webp","width":800,"height":800},{"@type":"BreadcrumbList","@id":"https:\/\/shopatoa.com\/ro\/madara-corector-iluminatorthe-concealer-4-ml-15-vanilla\/#breadcrumb","itemListElement":[{"@type":"ListItem","position":1,"name":"Dom\u016f","item":"https:\/\/shopatoa.com\/ro\/"},{"@type":"ListItem","position":2,"name":"Shop","item":"https:\/\/shopatoa.com\/ro\/shop\/"},{"@type":"ListItem","position":3,"name":"Cosmetice","item":"https:\/\/shopatoa.com\/ro\/cosmetice\/"},{"@type":"ListItem","position":4,"name":"Cosmetice decorative","item":"https:\/\/shopatoa.com\/ro\/cosmetice-decorative\/"},{"@type":"ListItem","position":5,"name":"Machiaj pentru fa\u021ba","item":"https:\/\/shopatoa.com\/ro\/machiaj-pentru-fata\/"},{"@type":"ListItem","position":6,"name":"Corector pentru zona fe\u021bei \u0219i a ochilor","item":"https:\/\/shopatoa.com\/ro\/corector-pentru-zona-fetei-si-a-ochilor\/"},{"@type":"ListItem","position":7,"name":"M\u00c1DARA Corector iluminator(The Concealer) 4 ml 15 Vanilla"}]},{"@type":"WebSite","@id":"https:\/\/shopatoa.com\/ro\/#website","url":"https:\/\/shopatoa.com\/ro\/","name":"SHOPATOA","description":"","publisher":{"@id":"https:\/\/shopatoa.com\/ro\/#organization"},"potentialAction":[{"@type":"SearchAction","target":{"@type":"EntryPoint","urlTemplate":"https:\/\/shopatoa.com\/ro\/?s={search_term_string}"},"query-input":{"@type":"PropertyValueSpecification","valueRequired":true,"valueName":"search_term_string"}}],"inLanguage":"ro-RO"},{"@type":"Organization","@id":"https:\/\/shopatoa.com\/ro\/#organization","name":"SHOPATOA","url":"https:\/\/shopatoa.com\/ro\/","logo":{"@type":"ImageObject","inLanguage":"ro-RO","@id":"https:\/\/shopatoa.com\/ro\/#\/schema\/logo\/image\/","url":"https:\/\/storage.googleapis.com\/cz-shopatoa-img\/ro\/b4dac915-shopatoa_logo.png","contentUrl":"https:\/\/storage.googleapis.com\/cz-shopatoa-img\/ro\/b4dac915-shopatoa_logo.png","width":416,"height":63,"caption":"SHOPATOA"},"image":{"@id":"https:\/\/shopatoa.com\/ro\/#\/schema\/logo\/image\/"}}]}},"_links":{"self":[{"href":"https:\/\/shopatoa.com\/ro\/wp-json\/wp\/v2\/product\/272029","targetHints":{"allow":["GET"]}}],"collection":[{"href":"https:\/\/shopatoa.com\/ro\/wp-json\/wp\/v2\/product"}],"about":[{"href":"https:\/\/shopatoa.com\/ro\/wp-json\/wp\/v2\/types\/product"}],"replies":[{"embeddable":true,"href":"https:\/\/shopatoa.com\/ro\/wp-json\/wp\/v2\/comments?post=272029"}],"wp:featuredmedia":[{"embeddable":true,"href":"https:\/\/shopatoa.com\/ro\/wp-json\/wp\/v2\/media\/341529"}],"wp:attachment":[{"href":"https:\/\/shopatoa.com\/ro\/wp-json\/wp\/v2\/media?parent=272029"}],"wp:term":[{"taxonomy":"product_brand","embeddable":true,"href":"https:\/\/shopatoa.com\/ro\/wp-json\/wp\/v2\/product_brand?post=272029"},{"taxonomy":"product_cat","embeddable":true,"href":"https:\/\/shopatoa.com\/ro\/wp-json\/wp\/v2\/product_cat?post=272029"},{"taxonomy":"product_tag","embeddable":true,"href":"https:\/\/shopatoa.com\/ro\/wp-json\/wp\/v2\/product_tag?post=272029"}],"curies":[{"name":"wp","href":"https:\/\/api.w.org\/{rel}","templated":true}]}}