{"id":272399,"date":"2025-04-29T14:16:46","date_gmt":"2025-04-29T12:16:46","guid":{"rendered":"https:\/\/shopatoa.com\/ro\/silkn-dispozitiv-electric-pentru-bataturi-cu-aspirare-cu-vid-freshpedi-mint\/"},"modified":"2025-12-08T16:04:04","modified_gmt":"2025-12-08T15:04:04","slug":"silkn-dispozitiv-electric-pentru-bataturi-cu-aspirare-cu-vid-freshpedi-mint","status":"publish","type":"product","link":"https:\/\/shopatoa.com\/ro\/silkn-dispozitiv-electric-pentru-bataturi-cu-aspirare-cu-vid-freshpedi-mint\/","title":{"rendered":"Silk&#8217;n Dispozitiv electric pentru b\u0103t\u0103turi cu aspirare cu vid FreshPedi Mint"},"content":{"rendered":"<p>Silk&#8217;n FreshPedi este echipat cu 3 discuri de \u0219lefuit rotative diferite (fine, medii \u0219i grosiere), astfel \u00eenc\u00e2t s\u0103 pute\u021bi alege care este cel mai potrivit pentru picioarele dvs. Dispozitivul v\u0103 permite s\u0103 \u00eendep\u0103rta\u021bi \u00een siguran\u021b\u0103 \u0219i eficient pielea aspr\u0103 \u0219i caloas\u0103 de pe picioare. In plus, sistemul de vacuum incorporat asigura aspirarea celulelor moarte ale pielii \u0219i \u00eempiedic\u0103 ca acestea s\u0103 se a\u0219eze pe podea sau s\u0103 se pulverizeze prin camer\u0103. Silk&#8217;n FreshPedi are 2 set\u0103ri de vitez\u0103, joas\u0103 \u0219i mare, pe care le pute\u021bi monitoriza pe ecranul LCD \u00eencorporat. Cu p\u00e2n\u0103 la 1.900 rpm la setarea de vitez\u0103 mic\u0103 \u0219i p\u00e2n\u0103 la 2.200 rpm la setarea de mare vitez\u0103, acest dispozitiv asigur\u0103 \u00eendep\u0103rtarea rapid\u0103, u\u0219oar\u0103 \u0219i complet\u0103 a calusurilor \u0219i pielii tari. Dispozitivul de \u00eendep\u0103rtare a calusului este u\u0219or de utilizat datorit\u0103 designului s\u0103u ergonomic \u0219i elegant. Dispozitivul este complet re\u00eenc\u0103rcabil, a\u0219a c\u0103 nu trebuie s\u0103 v\u0103 face\u021bi griji cu privire la \u00eenlocuirea bateriilor sau la diminuarea capacit\u0103\u021bii bateriei dup\u0103 fiecare utilizare. Dup\u0103 o \u00eenc\u0103rcare complet\u0103, pute\u021bi aprecia p\u00e2n\u0103 la 120 de minute de utilizare. V\u0103 pute\u021bi \u00eenc\u0103rca dispozitivul FreshPedi printr-un computer sau o priz\u0103 de perete folosind cablul USB inclus.<\/p>\n","protected":false},"excerpt":{"rendered":"<p>Silk&#8217;n FreshPedi este echipat cu 3 discuri de \u0219lefuit rotative diferite (fine, medii \u0219i grosiere), astfel \u00eenc\u00e2t s\u0103 pute\u021bi alege care este cel mai potrivit pentru picioarele dvs. Dispozitivul v\u0103 permite s\u0103 \u00eendep\u0103rta\u021bi \u00een siguran\u021b\u0103 \u0219i eficient pielea aspr\u0103 \u0219i caloas\u0103 de pe picioare. In plus, sistemul de vacuum incorporat asigura aspirarea celulelor moarte ale&#8230;<\/p>\n","protected":false},"featured_media":272400,"comment_status":"closed","ping_status":"open","template":"","meta":{"_acf_changed":false,"_kadence_starter_templates_imported_post":false,"_kad_post_transparent":"","_kad_post_title":"","_kad_post_layout":"","_kad_post_sidebar_id":"","_kad_post_content_style":"","_kad_post_vertical_padding":"","_kad_post_feature":"","_kad_post_feature_position":"","_kad_post_header":false,"_kad_post_footer":false,"_kad_post_classname":""},"product_brand":[959],"product_cat":[246,757,611],"product_tag":[],"class_list":{"0":"post-272399","1":"product","2":"type-product","3":"status-publish","4":"has-post-thumbnail","6":"product_brand-silkn","7":"product_cat-cosmetice","8":"product_cat-dispozitive-cosmetice-corpul","9":"product_cat-produse-cosmetice-pentru-corp","11":"first","12":"instock","13":"sale","14":"product-type-external","15":"entry","16":"content-bg","17":"loop-entry"},"acf":[],"yoast_head":"<!-- This site is optimized with the Yoast SEO plugin v27.4 - https:\/\/yoast.com\/product\/yoast-seo-wordpress\/ -->\n<title>Silk&#039;n Dispozitiv electric pentru b\u0103t\u0103turi cu aspirare cu vid FreshPedi Mint - SHOPATOA.COM<\/title>\n<meta name=\"robots\" content=\"index, follow, max-snippet:-1, max-image-preview:large, max-video-preview:-1\" \/>\n<link rel=\"canonical\" href=\"https:\/\/shopatoa.com\/ro\/silkn-dispozitiv-electric-pentru-bataturi-cu-aspirare-cu-vid-freshpedi-mint\/\" \/>\n<meta property=\"og:locale\" content=\"ro_RO\" \/>\n<meta property=\"og:type\" content=\"article\" \/>\n<meta property=\"og:title\" content=\"Silk&#039;n Dispozitiv electric pentru b\u0103t\u0103turi cu aspirare cu vid FreshPedi Mint - SHOPATOA.COM\" \/>\n<meta property=\"og:description\" content=\"Silk&#8217;n FreshPedi este echipat cu 3 discuri de \u0219lefuit rotative diferite (fine, medii \u0219i grosiere), astfel \u00eenc\u00e2t s\u0103 pute\u021bi alege care este cel mai potrivit pentru picioarele dvs. Dispozitivul v\u0103 permite s\u0103 \u00eendep\u0103rta\u021bi \u00een siguran\u021b\u0103 \u0219i eficient pielea aspr\u0103 \u0219i caloas\u0103 de pe picioare. In plus, sistemul de vacuum incorporat asigura aspirarea celulelor moarte ale...\" \/>\n<meta property=\"og:url\" content=\"https:\/\/shopatoa.com\/ro\/silkn-dispozitiv-electric-pentru-bataturi-cu-aspirare-cu-vid-freshpedi-mint\/\" \/>\n<meta property=\"og:site_name\" content=\"SHOPATOA\" \/>\n<meta property=\"article:modified_time\" content=\"2025-12-08T15:04:04+00:00\" \/>\n<meta property=\"og:image\" content=\"https:\/\/storage.googleapis.com\/cz-shopatoa-img\/ro\/14cdcc68-unnamed-file.webp\" \/>\n\t<meta property=\"og:image:width\" content=\"800\" \/>\n\t<meta property=\"og:image:height\" content=\"800\" \/>\n\t<meta property=\"og:image:type\" content=\"image\/webp\" \/>\n<meta name=\"twitter:card\" content=\"summary_large_image\" \/>\n<meta name=\"twitter:label1\" content=\"Timp estimat pentru citire\" \/>\n\t<meta name=\"twitter:data1\" content=\"1 minut\" \/>\n<script type=\"application\/ld+json\" class=\"yoast-schema-graph\">{\"@context\":\"https:\\\/\\\/schema.org\",\"@graph\":[{\"@type\":\"WebPage\",\"@id\":\"https:\\\/\\\/shopatoa.com\\\/ro\\\/silkn-dispozitiv-electric-pentru-bataturi-cu-aspirare-cu-vid-freshpedi-mint\\\/\",\"url\":\"https:\\\/\\\/shopatoa.com\\\/ro\\\/silkn-dispozitiv-electric-pentru-bataturi-cu-aspirare-cu-vid-freshpedi-mint\\\/\",\"name\":\"Silk'n Dispozitiv electric pentru b\u0103t\u0103turi cu aspirare cu vid FreshPedi Mint - SHOPATOA.COM\",\"isPartOf\":{\"@id\":\"https:\\\/\\\/shopatoa.com\\\/ro\\\/#website\"},\"primaryImageOfPage\":{\"@id\":\"https:\\\/\\\/shopatoa.com\\\/ro\\\/silkn-dispozitiv-electric-pentru-bataturi-cu-aspirare-cu-vid-freshpedi-mint\\\/#primaryimage\"},\"image\":{\"@id\":\"https:\\\/\\\/shopatoa.com\\\/ro\\\/silkn-dispozitiv-electric-pentru-bataturi-cu-aspirare-cu-vid-freshpedi-mint\\\/#primaryimage\"},\"thumbnailUrl\":\"https:\\\/\\\/storage.googleapis.com\\\/cz-shopatoa-img\\\/ro\\\/14cdcc68-unnamed-file.webp\",\"datePublished\":\"2025-04-29T12:16:46+00:00\",\"dateModified\":\"2025-12-08T15:04:04+00:00\",\"breadcrumb\":{\"@id\":\"https:\\\/\\\/shopatoa.com\\\/ro\\\/silkn-dispozitiv-electric-pentru-bataturi-cu-aspirare-cu-vid-freshpedi-mint\\\/#breadcrumb\"},\"inLanguage\":\"ro-RO\",\"potentialAction\":[{\"@type\":\"ReadAction\",\"target\":[\"https:\\\/\\\/shopatoa.com\\\/ro\\\/silkn-dispozitiv-electric-pentru-bataturi-cu-aspirare-cu-vid-freshpedi-mint\\\/\"]}]},{\"@type\":\"ImageObject\",\"inLanguage\":\"ro-RO\",\"@id\":\"https:\\\/\\\/shopatoa.com\\\/ro\\\/silkn-dispozitiv-electric-pentru-bataturi-cu-aspirare-cu-vid-freshpedi-mint\\\/#primaryimage\",\"url\":\"https:\\\/\\\/storage.googleapis.com\\\/cz-shopatoa-img\\\/ro\\\/14cdcc68-unnamed-file.webp\",\"contentUrl\":\"https:\\\/\\\/storage.googleapis.com\\\/cz-shopatoa-img\\\/ro\\\/14cdcc68-unnamed-file.webp\",\"width\":800,\"height\":800},{\"@type\":\"BreadcrumbList\",\"@id\":\"https:\\\/\\\/shopatoa.com\\\/ro\\\/silkn-dispozitiv-electric-pentru-bataturi-cu-aspirare-cu-vid-freshpedi-mint\\\/#breadcrumb\",\"itemListElement\":[{\"@type\":\"ListItem\",\"position\":1,\"name\":\"Dom\u016f\",\"item\":\"https:\\\/\\\/shopatoa.com\\\/ro\\\/\"},{\"@type\":\"ListItem\",\"position\":2,\"name\":\"Shop\",\"item\":\"https:\\\/\\\/shopatoa.com\\\/ro\\\/shop\\\/\"},{\"@type\":\"ListItem\",\"position\":3,\"name\":\"Cosmetice\",\"item\":\"https:\\\/\\\/shopatoa.com\\\/ro\\\/cosmetice\\\/\"},{\"@type\":\"ListItem\",\"position\":4,\"name\":\"Produse cosmetice pentru corp\",\"item\":\"https:\\\/\\\/shopatoa.com\\\/ro\\\/produse-cosmetice-pentru-corp\\\/\"},{\"@type\":\"ListItem\",\"position\":5,\"name\":\"Dispozitive cosmetice corpul\",\"item\":\"https:\\\/\\\/shopatoa.com\\\/ro\\\/dispozitive-cosmetice-corpul\\\/\"},{\"@type\":\"ListItem\",\"position\":6,\"name\":\"Silk&#8217;n Dispozitiv electric pentru b\u0103t\u0103turi cu aspirare cu vid FreshPedi Mint\"}]},{\"@type\":\"WebSite\",\"@id\":\"https:\\\/\\\/shopatoa.com\\\/ro\\\/#website\",\"url\":\"https:\\\/\\\/shopatoa.com\\\/ro\\\/\",\"name\":\"SHOPATOA\",\"description\":\"\",\"publisher\":{\"@id\":\"https:\\\/\\\/shopatoa.com\\\/ro\\\/#organization\"},\"potentialAction\":[{\"@type\":\"SearchAction\",\"target\":{\"@type\":\"EntryPoint\",\"urlTemplate\":\"https:\\\/\\\/shopatoa.com\\\/ro\\\/?s={search_term_string}\"},\"query-input\":{\"@type\":\"PropertyValueSpecification\",\"valueRequired\":true,\"valueName\":\"search_term_string\"}}],\"inLanguage\":\"ro-RO\"},{\"@type\":\"Organization\",\"@id\":\"https:\\\/\\\/shopatoa.com\\\/ro\\\/#organization\",\"name\":\"SHOPATOA\",\"url\":\"https:\\\/\\\/shopatoa.com\\\/ro\\\/\",\"logo\":{\"@type\":\"ImageObject\",\"inLanguage\":\"ro-RO\",\"@id\":\"https:\\\/\\\/shopatoa.com\\\/ro\\\/#\\\/schema\\\/logo\\\/image\\\/\",\"url\":\"https:\\\/\\\/storage.googleapis.com\\\/cz-shopatoa-img\\\/ro\\\/b4dac915-shopatoa_logo.png\",\"contentUrl\":\"https:\\\/\\\/storage.googleapis.com\\\/cz-shopatoa-img\\\/ro\\\/b4dac915-shopatoa_logo.png\",\"width\":416,\"height\":63,\"caption\":\"SHOPATOA\"},\"image\":{\"@id\":\"https:\\\/\\\/shopatoa.com\\\/ro\\\/#\\\/schema\\\/logo\\\/image\\\/\"}}]}<\/script>\n<!-- \/ Yoast SEO plugin. -->","yoast_head_json":{"title":"Silk'n Dispozitiv electric pentru b\u0103t\u0103turi cu aspirare cu vid FreshPedi Mint - SHOPATOA.COM","robots":{"index":"index","follow":"follow","max-snippet":"max-snippet:-1","max-image-preview":"max-image-preview:large","max-video-preview":"max-video-preview:-1"},"canonical":"https:\/\/shopatoa.com\/ro\/silkn-dispozitiv-electric-pentru-bataturi-cu-aspirare-cu-vid-freshpedi-mint\/","og_locale":"ro_RO","og_type":"article","og_title":"Silk'n Dispozitiv electric pentru b\u0103t\u0103turi cu aspirare cu vid FreshPedi Mint - SHOPATOA.COM","og_description":"Silk&#8217;n FreshPedi este echipat cu 3 discuri de \u0219lefuit rotative diferite (fine, medii \u0219i grosiere), astfel \u00eenc\u00e2t s\u0103 pute\u021bi alege care este cel mai potrivit pentru picioarele dvs. Dispozitivul v\u0103 permite s\u0103 \u00eendep\u0103rta\u021bi \u00een siguran\u021b\u0103 \u0219i eficient pielea aspr\u0103 \u0219i caloas\u0103 de pe picioare. In plus, sistemul de vacuum incorporat asigura aspirarea celulelor moarte ale...","og_url":"https:\/\/shopatoa.com\/ro\/silkn-dispozitiv-electric-pentru-bataturi-cu-aspirare-cu-vid-freshpedi-mint\/","og_site_name":"SHOPATOA","article_modified_time":"2025-12-08T15:04:04+00:00","og_image":[{"width":800,"height":800,"url":"https:\/\/storage.googleapis.com\/cz-shopatoa-img\/ro\/14cdcc68-unnamed-file.webp","type":"image\/webp"}],"twitter_card":"summary_large_image","twitter_misc":{"Timp estimat pentru citire":"1 minut"},"schema":{"@context":"https:\/\/schema.org","@graph":[{"@type":"WebPage","@id":"https:\/\/shopatoa.com\/ro\/silkn-dispozitiv-electric-pentru-bataturi-cu-aspirare-cu-vid-freshpedi-mint\/","url":"https:\/\/shopatoa.com\/ro\/silkn-dispozitiv-electric-pentru-bataturi-cu-aspirare-cu-vid-freshpedi-mint\/","name":"Silk'n Dispozitiv electric pentru b\u0103t\u0103turi cu aspirare cu vid FreshPedi Mint - SHOPATOA.COM","isPartOf":{"@id":"https:\/\/shopatoa.com\/ro\/#website"},"primaryImageOfPage":{"@id":"https:\/\/shopatoa.com\/ro\/silkn-dispozitiv-electric-pentru-bataturi-cu-aspirare-cu-vid-freshpedi-mint\/#primaryimage"},"image":{"@id":"https:\/\/shopatoa.com\/ro\/silkn-dispozitiv-electric-pentru-bataturi-cu-aspirare-cu-vid-freshpedi-mint\/#primaryimage"},"thumbnailUrl":"https:\/\/storage.googleapis.com\/cz-shopatoa-img\/ro\/14cdcc68-unnamed-file.webp","datePublished":"2025-04-29T12:16:46+00:00","dateModified":"2025-12-08T15:04:04+00:00","breadcrumb":{"@id":"https:\/\/shopatoa.com\/ro\/silkn-dispozitiv-electric-pentru-bataturi-cu-aspirare-cu-vid-freshpedi-mint\/#breadcrumb"},"inLanguage":"ro-RO","potentialAction":[{"@type":"ReadAction","target":["https:\/\/shopatoa.com\/ro\/silkn-dispozitiv-electric-pentru-bataturi-cu-aspirare-cu-vid-freshpedi-mint\/"]}]},{"@type":"ImageObject","inLanguage":"ro-RO","@id":"https:\/\/shopatoa.com\/ro\/silkn-dispozitiv-electric-pentru-bataturi-cu-aspirare-cu-vid-freshpedi-mint\/#primaryimage","url":"https:\/\/storage.googleapis.com\/cz-shopatoa-img\/ro\/14cdcc68-unnamed-file.webp","contentUrl":"https:\/\/storage.googleapis.com\/cz-shopatoa-img\/ro\/14cdcc68-unnamed-file.webp","width":800,"height":800},{"@type":"BreadcrumbList","@id":"https:\/\/shopatoa.com\/ro\/silkn-dispozitiv-electric-pentru-bataturi-cu-aspirare-cu-vid-freshpedi-mint\/#breadcrumb","itemListElement":[{"@type":"ListItem","position":1,"name":"Dom\u016f","item":"https:\/\/shopatoa.com\/ro\/"},{"@type":"ListItem","position":2,"name":"Shop","item":"https:\/\/shopatoa.com\/ro\/shop\/"},{"@type":"ListItem","position":3,"name":"Cosmetice","item":"https:\/\/shopatoa.com\/ro\/cosmetice\/"},{"@type":"ListItem","position":4,"name":"Produse cosmetice pentru corp","item":"https:\/\/shopatoa.com\/ro\/produse-cosmetice-pentru-corp\/"},{"@type":"ListItem","position":5,"name":"Dispozitive cosmetice corpul","item":"https:\/\/shopatoa.com\/ro\/dispozitive-cosmetice-corpul\/"},{"@type":"ListItem","position":6,"name":"Silk&#8217;n Dispozitiv electric pentru b\u0103t\u0103turi cu aspirare cu vid FreshPedi Mint"}]},{"@type":"WebSite","@id":"https:\/\/shopatoa.com\/ro\/#website","url":"https:\/\/shopatoa.com\/ro\/","name":"SHOPATOA","description":"","publisher":{"@id":"https:\/\/shopatoa.com\/ro\/#organization"},"potentialAction":[{"@type":"SearchAction","target":{"@type":"EntryPoint","urlTemplate":"https:\/\/shopatoa.com\/ro\/?s={search_term_string}"},"query-input":{"@type":"PropertyValueSpecification","valueRequired":true,"valueName":"search_term_string"}}],"inLanguage":"ro-RO"},{"@type":"Organization","@id":"https:\/\/shopatoa.com\/ro\/#organization","name":"SHOPATOA","url":"https:\/\/shopatoa.com\/ro\/","logo":{"@type":"ImageObject","inLanguage":"ro-RO","@id":"https:\/\/shopatoa.com\/ro\/#\/schema\/logo\/image\/","url":"https:\/\/storage.googleapis.com\/cz-shopatoa-img\/ro\/b4dac915-shopatoa_logo.png","contentUrl":"https:\/\/storage.googleapis.com\/cz-shopatoa-img\/ro\/b4dac915-shopatoa_logo.png","width":416,"height":63,"caption":"SHOPATOA"},"image":{"@id":"https:\/\/shopatoa.com\/ro\/#\/schema\/logo\/image\/"}}]}},"_links":{"self":[{"href":"https:\/\/shopatoa.com\/ro\/wp-json\/wp\/v2\/product\/272399","targetHints":{"allow":["GET"]}}],"collection":[{"href":"https:\/\/shopatoa.com\/ro\/wp-json\/wp\/v2\/product"}],"about":[{"href":"https:\/\/shopatoa.com\/ro\/wp-json\/wp\/v2\/types\/product"}],"replies":[{"embeddable":true,"href":"https:\/\/shopatoa.com\/ro\/wp-json\/wp\/v2\/comments?post=272399"}],"wp:featuredmedia":[{"embeddable":true,"href":"https:\/\/shopatoa.com\/ro\/wp-json\/wp\/v2\/media\/272400"}],"wp:attachment":[{"href":"https:\/\/shopatoa.com\/ro\/wp-json\/wp\/v2\/media?parent=272399"}],"wp:term":[{"taxonomy":"product_brand","embeddable":true,"href":"https:\/\/shopatoa.com\/ro\/wp-json\/wp\/v2\/product_brand?post=272399"},{"taxonomy":"product_cat","embeddable":true,"href":"https:\/\/shopatoa.com\/ro\/wp-json\/wp\/v2\/product_cat?post=272399"},{"taxonomy":"product_tag","embeddable":true,"href":"https:\/\/shopatoa.com\/ro\/wp-json\/wp\/v2\/product_tag?post=272399"}],"curies":[{"name":"wp","href":"https:\/\/api.w.org\/{rel}","templated":true}]}}