{"id":272448,"date":"2025-04-29T14:27:02","date_gmt":"2025-04-29T12:27:02","guid":{"rendered":"https:\/\/shopatoa.com\/ro\/madara-crema-contra-celulitei-shape-caffeine-mate-cellulite-cream-150-ml\/"},"modified":"2025-12-08T15:52:58","modified_gmt":"2025-12-08T14:52:58","slug":"madara-crema-contra-celulitei-shape-caffeine-mate-cellulite-cream-150-ml","status":"publish","type":"product","link":"https:\/\/shopatoa.com\/ro\/madara-crema-contra-celulitei-shape-caffeine-mate-cellulite-cream-150-ml\/","title":{"rendered":"M\u00c1DARA Crema contra celulitei Shape (Caffeine-Mat\u00e9 Cellulite Cream) 150 ml"},"content":{"rendered":"<p>Face\u021bi sport? Sl\u0103bi\u021bi? V\u0103 \u00eent\u0103ri\u021bi? V\u0103 sim\u021bi\u021bi bine? Ofer\u0103 tuturor curbelor dvs. \u00eengrijire iubitoare cu aceast\u0103 crem\u0103 de corp natural\u0103 certificat\u0103 care hidrateaz\u0103 \u0219i tonific\u0103 pielea. Apoi va ar\u0103ta mai ferm \u0219i mai fin. Acest preparat este \u00eembog\u0103\u021bit cu extracte stimulatoare de cafein\u0103 \u0219i castan de cal, spirulin\u0103 \u0219i ceai mate. Activeaz\u0103 circula\u021bia s\u00e2ngelui \u00een \u0219olduri, coapse, abdomen \u0219i bra\u021be; ve\u021bi ob\u021bine rezultate grozave datorit\u0103 acestuia. Structura m\u0103t\u0103soas\u0103, u\u0219or de \u00eentins, a produsului v\u0103 \u00eenv\u0103luie pielea \u00eentr-o umiditate r\u0103coritoare \u0219i v\u0103 ofer\u0103 un confort de lung\u0103 durat\u0103. Testat dermatologic, Din 99% origine natural\u0103, din 27% organic.<\/p>\n","protected":false},"excerpt":{"rendered":"<p>Face\u021bi sport? Sl\u0103bi\u021bi? V\u0103 \u00eent\u0103ri\u021bi? V\u0103 sim\u021bi\u021bi bine? Ofer\u0103 tuturor curbelor dvs. \u00eengrijire iubitoare cu aceast\u0103 crem\u0103 de corp natural\u0103 certificat\u0103 care hidrateaz\u0103 \u0219i tonific\u0103 pielea. Apoi va ar\u0103ta mai ferm \u0219i mai fin. Acest preparat este \u00eembog\u0103\u021bit cu extracte stimulatoare de cafein\u0103 \u0219i castan de cal, spirulin\u0103 \u0219i ceai mate. Activeaz\u0103 circula\u021bia s\u00e2ngelui \u00een&#8230;<\/p>\n","protected":false},"featured_media":272449,"comment_status":"closed","ping_status":"open","template":"","meta":{"_acf_changed":false,"_kadence_starter_templates_imported_post":false,"_kad_post_transparent":"","_kad_post_title":"","_kad_post_layout":"","_kad_post_sidebar_id":"","_kad_post_content_style":"","_kad_post_vertical_padding":"","_kad_post_feature":"","_kad_post_feature_position":"","_kad_post_header":false,"_kad_post_footer":false,"_kad_post_classname":""},"product_brand":[454],"product_cat":[612,246,691,611],"product_tag":[],"class_list":{"0":"post-272448","1":"product","2":"type-product","3":"status-publish","4":"has-post-thumbnail","6":"product_brand-madara","7":"product_cat-cosmetica-pentru-ingrijirea-corpului","8":"product_cat-cosmetice","9":"product_cat-cosmetice-impotriva-celulitei-si-vergeturilor","10":"product_cat-produse-cosmetice-pentru-corp","12":"first","13":"instock","14":"product-type-external","15":"entry","16":"content-bg","17":"loop-entry"},"acf":[],"yoast_head":"<!-- This site is optimized with the Yoast SEO plugin v27.4 - https:\/\/yoast.com\/product\/yoast-seo-wordpress\/ -->\n<title>M\u00c1DARA Crema contra celulitei Shape (Caffeine-Mat\u00e9 Cellulite Cream) 150 ml - SHOPATOA.COM<\/title>\n<meta name=\"robots\" content=\"index, follow, max-snippet:-1, max-image-preview:large, max-video-preview:-1\" \/>\n<link rel=\"canonical\" href=\"https:\/\/shopatoa.com\/ro\/madara-crema-contra-celulitei-shape-caffeine-mate-cellulite-cream-150-ml\/\" \/>\n<meta property=\"og:locale\" content=\"ro_RO\" \/>\n<meta property=\"og:type\" content=\"article\" \/>\n<meta property=\"og:title\" content=\"M\u00c1DARA Crema contra celulitei Shape (Caffeine-Mat\u00e9 Cellulite Cream) 150 ml - SHOPATOA.COM\" \/>\n<meta property=\"og:description\" content=\"Face\u021bi sport? Sl\u0103bi\u021bi? V\u0103 \u00eent\u0103ri\u021bi? V\u0103 sim\u021bi\u021bi bine? Ofer\u0103 tuturor curbelor dvs. \u00eengrijire iubitoare cu aceast\u0103 crem\u0103 de corp natural\u0103 certificat\u0103 care hidrateaz\u0103 \u0219i tonific\u0103 pielea. Apoi va ar\u0103ta mai ferm \u0219i mai fin. Acest preparat este \u00eembog\u0103\u021bit cu extracte stimulatoare de cafein\u0103 \u0219i castan de cal, spirulin\u0103 \u0219i ceai mate. Activeaz\u0103 circula\u021bia s\u00e2ngelui \u00een...\" \/>\n<meta property=\"og:url\" content=\"https:\/\/shopatoa.com\/ro\/madara-crema-contra-celulitei-shape-caffeine-mate-cellulite-cream-150-ml\/\" \/>\n<meta property=\"og:site_name\" content=\"SHOPATOA\" \/>\n<meta property=\"article:modified_time\" content=\"2025-12-08T14:52:58+00:00\" \/>\n<meta property=\"og:image\" content=\"https:\/\/storage.googleapis.com\/cz-shopatoa-img\/ro\/4a4085dd-unnamed-file.webp\" \/>\n\t<meta property=\"og:image:width\" content=\"800\" \/>\n\t<meta property=\"og:image:height\" content=\"800\" \/>\n\t<meta property=\"og:image:type\" content=\"image\/webp\" \/>\n<meta name=\"twitter:card\" content=\"summary_large_image\" \/>\n<meta name=\"twitter:label1\" content=\"Timp estimat pentru citire\" \/>\n\t<meta name=\"twitter:data1\" content=\"1 minut\" \/>\n<script type=\"application\/ld+json\" class=\"yoast-schema-graph\">{\"@context\":\"https:\\\/\\\/schema.org\",\"@graph\":[{\"@type\":\"WebPage\",\"@id\":\"https:\\\/\\\/shopatoa.com\\\/ro\\\/madara-crema-contra-celulitei-shape-caffeine-mate-cellulite-cream-150-ml\\\/\",\"url\":\"https:\\\/\\\/shopatoa.com\\\/ro\\\/madara-crema-contra-celulitei-shape-caffeine-mate-cellulite-cream-150-ml\\\/\",\"name\":\"M\u00c1DARA Crema contra celulitei Shape (Caffeine-Mat\u00e9 Cellulite Cream) 150 ml - SHOPATOA.COM\",\"isPartOf\":{\"@id\":\"https:\\\/\\\/shopatoa.com\\\/ro\\\/#website\"},\"primaryImageOfPage\":{\"@id\":\"https:\\\/\\\/shopatoa.com\\\/ro\\\/madara-crema-contra-celulitei-shape-caffeine-mate-cellulite-cream-150-ml\\\/#primaryimage\"},\"image\":{\"@id\":\"https:\\\/\\\/shopatoa.com\\\/ro\\\/madara-crema-contra-celulitei-shape-caffeine-mate-cellulite-cream-150-ml\\\/#primaryimage\"},\"thumbnailUrl\":\"https:\\\/\\\/storage.googleapis.com\\\/cz-shopatoa-img\\\/ro\\\/4a4085dd-unnamed-file.webp\",\"datePublished\":\"2025-04-29T12:27:02+00:00\",\"dateModified\":\"2025-12-08T14:52:58+00:00\",\"breadcrumb\":{\"@id\":\"https:\\\/\\\/shopatoa.com\\\/ro\\\/madara-crema-contra-celulitei-shape-caffeine-mate-cellulite-cream-150-ml\\\/#breadcrumb\"},\"inLanguage\":\"ro-RO\",\"potentialAction\":[{\"@type\":\"ReadAction\",\"target\":[\"https:\\\/\\\/shopatoa.com\\\/ro\\\/madara-crema-contra-celulitei-shape-caffeine-mate-cellulite-cream-150-ml\\\/\"]}]},{\"@type\":\"ImageObject\",\"inLanguage\":\"ro-RO\",\"@id\":\"https:\\\/\\\/shopatoa.com\\\/ro\\\/madara-crema-contra-celulitei-shape-caffeine-mate-cellulite-cream-150-ml\\\/#primaryimage\",\"url\":\"https:\\\/\\\/storage.googleapis.com\\\/cz-shopatoa-img\\\/ro\\\/4a4085dd-unnamed-file.webp\",\"contentUrl\":\"https:\\\/\\\/storage.googleapis.com\\\/cz-shopatoa-img\\\/ro\\\/4a4085dd-unnamed-file.webp\",\"width\":800,\"height\":800},{\"@type\":\"BreadcrumbList\",\"@id\":\"https:\\\/\\\/shopatoa.com\\\/ro\\\/madara-crema-contra-celulitei-shape-caffeine-mate-cellulite-cream-150-ml\\\/#breadcrumb\",\"itemListElement\":[{\"@type\":\"ListItem\",\"position\":1,\"name\":\"Dom\u016f\",\"item\":\"https:\\\/\\\/shopatoa.com\\\/ro\\\/\"},{\"@type\":\"ListItem\",\"position\":2,\"name\":\"Shop\",\"item\":\"https:\\\/\\\/shopatoa.com\\\/ro\\\/shop\\\/\"},{\"@type\":\"ListItem\",\"position\":3,\"name\":\"Cosmetice\",\"item\":\"https:\\\/\\\/shopatoa.com\\\/ro\\\/cosmetice\\\/\"},{\"@type\":\"ListItem\",\"position\":4,\"name\":\"Produse cosmetice pentru corp\",\"item\":\"https:\\\/\\\/shopatoa.com\\\/ro\\\/produse-cosmetice-pentru-corp\\\/\"},{\"@type\":\"ListItem\",\"position\":5,\"name\":\"Cosmetica pentru \u00eengrijirea corpului\",\"item\":\"https:\\\/\\\/shopatoa.com\\\/ro\\\/cosmetica-pentru-ingrijirea-corpului\\\/\"},{\"@type\":\"ListItem\",\"position\":6,\"name\":\"Cosmetice \u00eempotriva celulitei \u0219i vergeturilor\",\"item\":\"https:\\\/\\\/shopatoa.com\\\/ro\\\/cosmetice-impotriva-celulitei-si-vergeturilor\\\/\"},{\"@type\":\"ListItem\",\"position\":7,\"name\":\"M\u00c1DARA Crema contra celulitei Shape (Caffeine-Mat\u00e9 Cellulite Cream) 150 ml\"}]},{\"@type\":\"WebSite\",\"@id\":\"https:\\\/\\\/shopatoa.com\\\/ro\\\/#website\",\"url\":\"https:\\\/\\\/shopatoa.com\\\/ro\\\/\",\"name\":\"SHOPATOA\",\"description\":\"\",\"publisher\":{\"@id\":\"https:\\\/\\\/shopatoa.com\\\/ro\\\/#organization\"},\"potentialAction\":[{\"@type\":\"SearchAction\",\"target\":{\"@type\":\"EntryPoint\",\"urlTemplate\":\"https:\\\/\\\/shopatoa.com\\\/ro\\\/?s={search_term_string}\"},\"query-input\":{\"@type\":\"PropertyValueSpecification\",\"valueRequired\":true,\"valueName\":\"search_term_string\"}}],\"inLanguage\":\"ro-RO\"},{\"@type\":\"Organization\",\"@id\":\"https:\\\/\\\/shopatoa.com\\\/ro\\\/#organization\",\"name\":\"SHOPATOA\",\"url\":\"https:\\\/\\\/shopatoa.com\\\/ro\\\/\",\"logo\":{\"@type\":\"ImageObject\",\"inLanguage\":\"ro-RO\",\"@id\":\"https:\\\/\\\/shopatoa.com\\\/ro\\\/#\\\/schema\\\/logo\\\/image\\\/\",\"url\":\"https:\\\/\\\/storage.googleapis.com\\\/cz-shopatoa-img\\\/ro\\\/b4dac915-shopatoa_logo.png\",\"contentUrl\":\"https:\\\/\\\/storage.googleapis.com\\\/cz-shopatoa-img\\\/ro\\\/b4dac915-shopatoa_logo.png\",\"width\":416,\"height\":63,\"caption\":\"SHOPATOA\"},\"image\":{\"@id\":\"https:\\\/\\\/shopatoa.com\\\/ro\\\/#\\\/schema\\\/logo\\\/image\\\/\"}}]}<\/script>\n<!-- \/ Yoast SEO plugin. -->","yoast_head_json":{"title":"M\u00c1DARA Crema contra celulitei Shape (Caffeine-Mat\u00e9 Cellulite Cream) 150 ml - SHOPATOA.COM","robots":{"index":"index","follow":"follow","max-snippet":"max-snippet:-1","max-image-preview":"max-image-preview:large","max-video-preview":"max-video-preview:-1"},"canonical":"https:\/\/shopatoa.com\/ro\/madara-crema-contra-celulitei-shape-caffeine-mate-cellulite-cream-150-ml\/","og_locale":"ro_RO","og_type":"article","og_title":"M\u00c1DARA Crema contra celulitei Shape (Caffeine-Mat\u00e9 Cellulite Cream) 150 ml - SHOPATOA.COM","og_description":"Face\u021bi sport? Sl\u0103bi\u021bi? V\u0103 \u00eent\u0103ri\u021bi? V\u0103 sim\u021bi\u021bi bine? Ofer\u0103 tuturor curbelor dvs. \u00eengrijire iubitoare cu aceast\u0103 crem\u0103 de corp natural\u0103 certificat\u0103 care hidrateaz\u0103 \u0219i tonific\u0103 pielea. Apoi va ar\u0103ta mai ferm \u0219i mai fin. Acest preparat este \u00eembog\u0103\u021bit cu extracte stimulatoare de cafein\u0103 \u0219i castan de cal, spirulin\u0103 \u0219i ceai mate. Activeaz\u0103 circula\u021bia s\u00e2ngelui \u00een...","og_url":"https:\/\/shopatoa.com\/ro\/madara-crema-contra-celulitei-shape-caffeine-mate-cellulite-cream-150-ml\/","og_site_name":"SHOPATOA","article_modified_time":"2025-12-08T14:52:58+00:00","og_image":[{"width":800,"height":800,"url":"https:\/\/storage.googleapis.com\/cz-shopatoa-img\/ro\/4a4085dd-unnamed-file.webp","type":"image\/webp"}],"twitter_card":"summary_large_image","twitter_misc":{"Timp estimat pentru citire":"1 minut"},"schema":{"@context":"https:\/\/schema.org","@graph":[{"@type":"WebPage","@id":"https:\/\/shopatoa.com\/ro\/madara-crema-contra-celulitei-shape-caffeine-mate-cellulite-cream-150-ml\/","url":"https:\/\/shopatoa.com\/ro\/madara-crema-contra-celulitei-shape-caffeine-mate-cellulite-cream-150-ml\/","name":"M\u00c1DARA Crema contra celulitei Shape (Caffeine-Mat\u00e9 Cellulite Cream) 150 ml - SHOPATOA.COM","isPartOf":{"@id":"https:\/\/shopatoa.com\/ro\/#website"},"primaryImageOfPage":{"@id":"https:\/\/shopatoa.com\/ro\/madara-crema-contra-celulitei-shape-caffeine-mate-cellulite-cream-150-ml\/#primaryimage"},"image":{"@id":"https:\/\/shopatoa.com\/ro\/madara-crema-contra-celulitei-shape-caffeine-mate-cellulite-cream-150-ml\/#primaryimage"},"thumbnailUrl":"https:\/\/storage.googleapis.com\/cz-shopatoa-img\/ro\/4a4085dd-unnamed-file.webp","datePublished":"2025-04-29T12:27:02+00:00","dateModified":"2025-12-08T14:52:58+00:00","breadcrumb":{"@id":"https:\/\/shopatoa.com\/ro\/madara-crema-contra-celulitei-shape-caffeine-mate-cellulite-cream-150-ml\/#breadcrumb"},"inLanguage":"ro-RO","potentialAction":[{"@type":"ReadAction","target":["https:\/\/shopatoa.com\/ro\/madara-crema-contra-celulitei-shape-caffeine-mate-cellulite-cream-150-ml\/"]}]},{"@type":"ImageObject","inLanguage":"ro-RO","@id":"https:\/\/shopatoa.com\/ro\/madara-crema-contra-celulitei-shape-caffeine-mate-cellulite-cream-150-ml\/#primaryimage","url":"https:\/\/storage.googleapis.com\/cz-shopatoa-img\/ro\/4a4085dd-unnamed-file.webp","contentUrl":"https:\/\/storage.googleapis.com\/cz-shopatoa-img\/ro\/4a4085dd-unnamed-file.webp","width":800,"height":800},{"@type":"BreadcrumbList","@id":"https:\/\/shopatoa.com\/ro\/madara-crema-contra-celulitei-shape-caffeine-mate-cellulite-cream-150-ml\/#breadcrumb","itemListElement":[{"@type":"ListItem","position":1,"name":"Dom\u016f","item":"https:\/\/shopatoa.com\/ro\/"},{"@type":"ListItem","position":2,"name":"Shop","item":"https:\/\/shopatoa.com\/ro\/shop\/"},{"@type":"ListItem","position":3,"name":"Cosmetice","item":"https:\/\/shopatoa.com\/ro\/cosmetice\/"},{"@type":"ListItem","position":4,"name":"Produse cosmetice pentru corp","item":"https:\/\/shopatoa.com\/ro\/produse-cosmetice-pentru-corp\/"},{"@type":"ListItem","position":5,"name":"Cosmetica pentru \u00eengrijirea corpului","item":"https:\/\/shopatoa.com\/ro\/cosmetica-pentru-ingrijirea-corpului\/"},{"@type":"ListItem","position":6,"name":"Cosmetice \u00eempotriva celulitei \u0219i vergeturilor","item":"https:\/\/shopatoa.com\/ro\/cosmetice-impotriva-celulitei-si-vergeturilor\/"},{"@type":"ListItem","position":7,"name":"M\u00c1DARA Crema contra celulitei Shape (Caffeine-Mat\u00e9 Cellulite Cream) 150 ml"}]},{"@type":"WebSite","@id":"https:\/\/shopatoa.com\/ro\/#website","url":"https:\/\/shopatoa.com\/ro\/","name":"SHOPATOA","description":"","publisher":{"@id":"https:\/\/shopatoa.com\/ro\/#organization"},"potentialAction":[{"@type":"SearchAction","target":{"@type":"EntryPoint","urlTemplate":"https:\/\/shopatoa.com\/ro\/?s={search_term_string}"},"query-input":{"@type":"PropertyValueSpecification","valueRequired":true,"valueName":"search_term_string"}}],"inLanguage":"ro-RO"},{"@type":"Organization","@id":"https:\/\/shopatoa.com\/ro\/#organization","name":"SHOPATOA","url":"https:\/\/shopatoa.com\/ro\/","logo":{"@type":"ImageObject","inLanguage":"ro-RO","@id":"https:\/\/shopatoa.com\/ro\/#\/schema\/logo\/image\/","url":"https:\/\/storage.googleapis.com\/cz-shopatoa-img\/ro\/b4dac915-shopatoa_logo.png","contentUrl":"https:\/\/storage.googleapis.com\/cz-shopatoa-img\/ro\/b4dac915-shopatoa_logo.png","width":416,"height":63,"caption":"SHOPATOA"},"image":{"@id":"https:\/\/shopatoa.com\/ro\/#\/schema\/logo\/image\/"}}]}},"_links":{"self":[{"href":"https:\/\/shopatoa.com\/ro\/wp-json\/wp\/v2\/product\/272448","targetHints":{"allow":["GET"]}}],"collection":[{"href":"https:\/\/shopatoa.com\/ro\/wp-json\/wp\/v2\/product"}],"about":[{"href":"https:\/\/shopatoa.com\/ro\/wp-json\/wp\/v2\/types\/product"}],"replies":[{"embeddable":true,"href":"https:\/\/shopatoa.com\/ro\/wp-json\/wp\/v2\/comments?post=272448"}],"wp:featuredmedia":[{"embeddable":true,"href":"https:\/\/shopatoa.com\/ro\/wp-json\/wp\/v2\/media\/272449"}],"wp:attachment":[{"href":"https:\/\/shopatoa.com\/ro\/wp-json\/wp\/v2\/media?parent=272448"}],"wp:term":[{"taxonomy":"product_brand","embeddable":true,"href":"https:\/\/shopatoa.com\/ro\/wp-json\/wp\/v2\/product_brand?post=272448"},{"taxonomy":"product_cat","embeddable":true,"href":"https:\/\/shopatoa.com\/ro\/wp-json\/wp\/v2\/product_cat?post=272448"},{"taxonomy":"product_tag","embeddable":true,"href":"https:\/\/shopatoa.com\/ro\/wp-json\/wp\/v2\/product_tag?post=272448"}],"curies":[{"name":"wp","href":"https:\/\/api.w.org\/{rel}","templated":true}]}}