{"id":272450,"date":"2025-04-29T14:30:07","date_gmt":"2025-04-29T12:30:07","guid":{"rendered":"https:\/\/shopatoa.com\/ro\/madara-ceata-de-par-silk-micro-keratin-healthy-hair-mist-90-ml\/"},"modified":"2025-12-10T12:05:46","modified_gmt":"2025-12-10T11:05:46","slug":"madara-ceata-de-par-silk-micro-keratin-healthy-hair-mist-90-ml","status":"publish","type":"product","link":"https:\/\/shopatoa.com\/ro\/madara-ceata-de-par-silk-micro-keratin-healthy-hair-mist-90-ml\/","title":{"rendered":"M\u00c1DARA Cea\u021b\u0103 de p\u0103r Silk (Micro-Keratin Healthy Hair Mist) 90 ml"},"content":{"rendered":"<p>Trezi\u021bi-v\u0103 adev\u0103ratul poten\u021bial al p\u0103rului cu acest spray de microkeratin\u0103 natural\u0103 certificat pentru a ajuta la repararea \u0219uvi\u021belor deteriorate \u0219i pentru a reduce ruperea \u0219i v\u00e2rfurile despicate. Este \u00eembog\u0103\u021bit\u0103 cu keratin\u0103 hidrolizat\u0103, acid lactic \u0219i extract de alge marine. Ingredientele sale r\u0103m\u00e2n \u00een p\u0103r \u0219i \u00eenconjoar\u0103 fiecare fibr\u0103, \u00eent\u0103rind, netezind \u0219i descurc\u00e2nd p\u0103rul sensibil \u0219i deteriorat. P\u0103rul va fi mai m\u0103t\u0103sos, mai flexibil \u0219i mai radiant, \u00een acela\u0219i timp va fi mai bine protejat \u00eempotriva tratamentului termic \u0219i a influen\u021bei mediului.<\/p>\n","protected":false},"excerpt":{"rendered":"<p>Trezi\u021bi-v\u0103 adev\u0103ratul poten\u021bial al p\u0103rului cu acest spray de microkeratin\u0103 natural\u0103 certificat pentru a ajuta la repararea \u0219uvi\u021belor deteriorate \u0219i pentru a reduce ruperea \u0219i v\u00e2rfurile despicate. Este \u00eembog\u0103\u021bit\u0103 cu keratin\u0103 hidrolizat\u0103, acid lactic \u0219i extract de alge marine. Ingredientele sale r\u0103m\u00e2n \u00een p\u0103r \u0219i \u00eenconjoar\u0103 fiecare fibr\u0103, \u00eent\u0103rind, netezind \u0219i descurc\u00e2nd p\u0103rul sensibil \u0219i&#8230;<\/p>\n","protected":false},"featured_media":341543,"comment_status":"closed","ping_status":"open","template":"","meta":{"_acf_changed":false,"_kadence_starter_templates_imported_post":false,"_kad_post_transparent":"","_kad_post_title":"","_kad_post_layout":"","_kad_post_sidebar_id":"","_kad_post_content_style":"","_kad_post_vertical_padding":"","_kad_post_feature":"","_kad_post_feature_position":"","_kad_post_header":false,"_kad_post_footer":false,"_kad_post_classname":""},"product_brand":[454],"product_cat":[246,696,623],"product_tag":[],"class_list":{"0":"post-272450","1":"product","2":"type-product","3":"status-publish","4":"has-post-thumbnail","6":"product_brand-madara","7":"product_cat-cosmetice","8":"product_cat-ingrijirea-parului-fara-clatire","9":"product_cat-produse-cosmetice-pentru-par","11":"first","12":"instock","13":"sale","14":"product-type-external","15":"entry","16":"content-bg","17":"loop-entry"},"acf":[],"yoast_head":"<!-- This site is optimized with the Yoast SEO plugin v27.4 - https:\/\/yoast.com\/product\/yoast-seo-wordpress\/ -->\n<title>M\u00c1DARA Cea\u021b\u0103 de p\u0103r Silk (Micro-Keratin Healthy Hair Mist) 90 ml - SHOPATOA.COM<\/title>\n<meta name=\"robots\" content=\"index, follow, max-snippet:-1, max-image-preview:large, max-video-preview:-1\" \/>\n<link rel=\"canonical\" href=\"https:\/\/shopatoa.com\/ro\/madara-ceata-de-par-silk-micro-keratin-healthy-hair-mist-90-ml\/\" \/>\n<meta property=\"og:locale\" content=\"ro_RO\" \/>\n<meta property=\"og:type\" content=\"article\" \/>\n<meta property=\"og:title\" content=\"M\u00c1DARA Cea\u021b\u0103 de p\u0103r Silk (Micro-Keratin Healthy Hair Mist) 90 ml - SHOPATOA.COM\" \/>\n<meta property=\"og:description\" content=\"Trezi\u021bi-v\u0103 adev\u0103ratul poten\u021bial al p\u0103rului cu acest spray de microkeratin\u0103 natural\u0103 certificat pentru a ajuta la repararea \u0219uvi\u021belor deteriorate \u0219i pentru a reduce ruperea \u0219i v\u00e2rfurile despicate. Este \u00eembog\u0103\u021bit\u0103 cu keratin\u0103 hidrolizat\u0103, acid lactic \u0219i extract de alge marine. Ingredientele sale r\u0103m\u00e2n \u00een p\u0103r \u0219i \u00eenconjoar\u0103 fiecare fibr\u0103, \u00eent\u0103rind, netezind \u0219i descurc\u00e2nd p\u0103rul sensibil \u0219i...\" \/>\n<meta property=\"og:url\" content=\"https:\/\/shopatoa.com\/ro\/madara-ceata-de-par-silk-micro-keratin-healthy-hair-mist-90-ml\/\" \/>\n<meta property=\"og:site_name\" content=\"SHOPATOA\" \/>\n<meta property=\"article:modified_time\" content=\"2025-12-10T11:05:46+00:00\" \/>\n<meta property=\"og:image\" content=\"https:\/\/storage.googleapis.com\/cz-shopatoa-img\/ro\/a0500d06-unnamed-file.webp\" \/>\n\t<meta property=\"og:image:width\" content=\"800\" \/>\n\t<meta property=\"og:image:height\" content=\"800\" \/>\n\t<meta property=\"og:image:type\" content=\"image\/webp\" \/>\n<meta name=\"twitter:card\" content=\"summary_large_image\" \/>\n<script type=\"application\/ld+json\" class=\"yoast-schema-graph\">{\"@context\":\"https:\\\/\\\/schema.org\",\"@graph\":[{\"@type\":\"WebPage\",\"@id\":\"https:\\\/\\\/shopatoa.com\\\/ro\\\/madara-ceata-de-par-silk-micro-keratin-healthy-hair-mist-90-ml\\\/\",\"url\":\"https:\\\/\\\/shopatoa.com\\\/ro\\\/madara-ceata-de-par-silk-micro-keratin-healthy-hair-mist-90-ml\\\/\",\"name\":\"M\u00c1DARA Cea\u021b\u0103 de p\u0103r Silk (Micro-Keratin Healthy Hair Mist) 90 ml - SHOPATOA.COM\",\"isPartOf\":{\"@id\":\"https:\\\/\\\/shopatoa.com\\\/ro\\\/#website\"},\"primaryImageOfPage\":{\"@id\":\"https:\\\/\\\/shopatoa.com\\\/ro\\\/madara-ceata-de-par-silk-micro-keratin-healthy-hair-mist-90-ml\\\/#primaryimage\"},\"image\":{\"@id\":\"https:\\\/\\\/shopatoa.com\\\/ro\\\/madara-ceata-de-par-silk-micro-keratin-healthy-hair-mist-90-ml\\\/#primaryimage\"},\"thumbnailUrl\":\"https:\\\/\\\/storage.googleapis.com\\\/cz-shopatoa-img\\\/ro\\\/a0500d06-unnamed-file.webp\",\"datePublished\":\"2025-04-29T12:30:07+00:00\",\"dateModified\":\"2025-12-10T11:05:46+00:00\",\"breadcrumb\":{\"@id\":\"https:\\\/\\\/shopatoa.com\\\/ro\\\/madara-ceata-de-par-silk-micro-keratin-healthy-hair-mist-90-ml\\\/#breadcrumb\"},\"inLanguage\":\"ro-RO\",\"potentialAction\":[{\"@type\":\"ReadAction\",\"target\":[\"https:\\\/\\\/shopatoa.com\\\/ro\\\/madara-ceata-de-par-silk-micro-keratin-healthy-hair-mist-90-ml\\\/\"]}]},{\"@type\":\"ImageObject\",\"inLanguage\":\"ro-RO\",\"@id\":\"https:\\\/\\\/shopatoa.com\\\/ro\\\/madara-ceata-de-par-silk-micro-keratin-healthy-hair-mist-90-ml\\\/#primaryimage\",\"url\":\"https:\\\/\\\/storage.googleapis.com\\\/cz-shopatoa-img\\\/ro\\\/a0500d06-unnamed-file.webp\",\"contentUrl\":\"https:\\\/\\\/storage.googleapis.com\\\/cz-shopatoa-img\\\/ro\\\/a0500d06-unnamed-file.webp\",\"width\":800,\"height\":800},{\"@type\":\"BreadcrumbList\",\"@id\":\"https:\\\/\\\/shopatoa.com\\\/ro\\\/madara-ceata-de-par-silk-micro-keratin-healthy-hair-mist-90-ml\\\/#breadcrumb\",\"itemListElement\":[{\"@type\":\"ListItem\",\"position\":1,\"name\":\"Dom\u016f\",\"item\":\"https:\\\/\\\/shopatoa.com\\\/ro\\\/\"},{\"@type\":\"ListItem\",\"position\":2,\"name\":\"Shop\",\"item\":\"https:\\\/\\\/shopatoa.com\\\/ro\\\/shop\\\/\"},{\"@type\":\"ListItem\",\"position\":3,\"name\":\"Cosmetice\",\"item\":\"https:\\\/\\\/shopatoa.com\\\/ro\\\/cosmetice\\\/\"},{\"@type\":\"ListItem\",\"position\":4,\"name\":\"Produse cosmetice pentru p\u0103r\",\"item\":\"https:\\\/\\\/shopatoa.com\\\/ro\\\/produse-cosmetice-pentru-par\\\/\"},{\"@type\":\"ListItem\",\"position\":5,\"name\":\"\u00cengrijirea p\u0103rului f\u0103r\u0103 cl\u0103tire\",\"item\":\"https:\\\/\\\/shopatoa.com\\\/ro\\\/ingrijirea-parului-fara-clatire\\\/\"},{\"@type\":\"ListItem\",\"position\":6,\"name\":\"M\u00c1DARA Cea\u021b\u0103 de p\u0103r Silk (Micro-Keratin Healthy Hair Mist) 90 ml\"}]},{\"@type\":\"WebSite\",\"@id\":\"https:\\\/\\\/shopatoa.com\\\/ro\\\/#website\",\"url\":\"https:\\\/\\\/shopatoa.com\\\/ro\\\/\",\"name\":\"SHOPATOA\",\"description\":\"\",\"publisher\":{\"@id\":\"https:\\\/\\\/shopatoa.com\\\/ro\\\/#organization\"},\"potentialAction\":[{\"@type\":\"SearchAction\",\"target\":{\"@type\":\"EntryPoint\",\"urlTemplate\":\"https:\\\/\\\/shopatoa.com\\\/ro\\\/?s={search_term_string}\"},\"query-input\":{\"@type\":\"PropertyValueSpecification\",\"valueRequired\":true,\"valueName\":\"search_term_string\"}}],\"inLanguage\":\"ro-RO\"},{\"@type\":\"Organization\",\"@id\":\"https:\\\/\\\/shopatoa.com\\\/ro\\\/#organization\",\"name\":\"SHOPATOA\",\"url\":\"https:\\\/\\\/shopatoa.com\\\/ro\\\/\",\"logo\":{\"@type\":\"ImageObject\",\"inLanguage\":\"ro-RO\",\"@id\":\"https:\\\/\\\/shopatoa.com\\\/ro\\\/#\\\/schema\\\/logo\\\/image\\\/\",\"url\":\"https:\\\/\\\/storage.googleapis.com\\\/cz-shopatoa-img\\\/ro\\\/b4dac915-shopatoa_logo.png\",\"contentUrl\":\"https:\\\/\\\/storage.googleapis.com\\\/cz-shopatoa-img\\\/ro\\\/b4dac915-shopatoa_logo.png\",\"width\":416,\"height\":63,\"caption\":\"SHOPATOA\"},\"image\":{\"@id\":\"https:\\\/\\\/shopatoa.com\\\/ro\\\/#\\\/schema\\\/logo\\\/image\\\/\"}}]}<\/script>\n<!-- \/ Yoast SEO plugin. -->","yoast_head_json":{"title":"M\u00c1DARA Cea\u021b\u0103 de p\u0103r Silk (Micro-Keratin Healthy Hair Mist) 90 ml - SHOPATOA.COM","robots":{"index":"index","follow":"follow","max-snippet":"max-snippet:-1","max-image-preview":"max-image-preview:large","max-video-preview":"max-video-preview:-1"},"canonical":"https:\/\/shopatoa.com\/ro\/madara-ceata-de-par-silk-micro-keratin-healthy-hair-mist-90-ml\/","og_locale":"ro_RO","og_type":"article","og_title":"M\u00c1DARA Cea\u021b\u0103 de p\u0103r Silk (Micro-Keratin Healthy Hair Mist) 90 ml - SHOPATOA.COM","og_description":"Trezi\u021bi-v\u0103 adev\u0103ratul poten\u021bial al p\u0103rului cu acest spray de microkeratin\u0103 natural\u0103 certificat pentru a ajuta la repararea \u0219uvi\u021belor deteriorate \u0219i pentru a reduce ruperea \u0219i v\u00e2rfurile despicate. Este \u00eembog\u0103\u021bit\u0103 cu keratin\u0103 hidrolizat\u0103, acid lactic \u0219i extract de alge marine. Ingredientele sale r\u0103m\u00e2n \u00een p\u0103r \u0219i \u00eenconjoar\u0103 fiecare fibr\u0103, \u00eent\u0103rind, netezind \u0219i descurc\u00e2nd p\u0103rul sensibil \u0219i...","og_url":"https:\/\/shopatoa.com\/ro\/madara-ceata-de-par-silk-micro-keratin-healthy-hair-mist-90-ml\/","og_site_name":"SHOPATOA","article_modified_time":"2025-12-10T11:05:46+00:00","og_image":[{"width":800,"height":800,"url":"https:\/\/storage.googleapis.com\/cz-shopatoa-img\/ro\/a0500d06-unnamed-file.webp","type":"image\/webp"}],"twitter_card":"summary_large_image","schema":{"@context":"https:\/\/schema.org","@graph":[{"@type":"WebPage","@id":"https:\/\/shopatoa.com\/ro\/madara-ceata-de-par-silk-micro-keratin-healthy-hair-mist-90-ml\/","url":"https:\/\/shopatoa.com\/ro\/madara-ceata-de-par-silk-micro-keratin-healthy-hair-mist-90-ml\/","name":"M\u00c1DARA Cea\u021b\u0103 de p\u0103r Silk (Micro-Keratin Healthy Hair Mist) 90 ml - SHOPATOA.COM","isPartOf":{"@id":"https:\/\/shopatoa.com\/ro\/#website"},"primaryImageOfPage":{"@id":"https:\/\/shopatoa.com\/ro\/madara-ceata-de-par-silk-micro-keratin-healthy-hair-mist-90-ml\/#primaryimage"},"image":{"@id":"https:\/\/shopatoa.com\/ro\/madara-ceata-de-par-silk-micro-keratin-healthy-hair-mist-90-ml\/#primaryimage"},"thumbnailUrl":"https:\/\/storage.googleapis.com\/cz-shopatoa-img\/ro\/a0500d06-unnamed-file.webp","datePublished":"2025-04-29T12:30:07+00:00","dateModified":"2025-12-10T11:05:46+00:00","breadcrumb":{"@id":"https:\/\/shopatoa.com\/ro\/madara-ceata-de-par-silk-micro-keratin-healthy-hair-mist-90-ml\/#breadcrumb"},"inLanguage":"ro-RO","potentialAction":[{"@type":"ReadAction","target":["https:\/\/shopatoa.com\/ro\/madara-ceata-de-par-silk-micro-keratin-healthy-hair-mist-90-ml\/"]}]},{"@type":"ImageObject","inLanguage":"ro-RO","@id":"https:\/\/shopatoa.com\/ro\/madara-ceata-de-par-silk-micro-keratin-healthy-hair-mist-90-ml\/#primaryimage","url":"https:\/\/storage.googleapis.com\/cz-shopatoa-img\/ro\/a0500d06-unnamed-file.webp","contentUrl":"https:\/\/storage.googleapis.com\/cz-shopatoa-img\/ro\/a0500d06-unnamed-file.webp","width":800,"height":800},{"@type":"BreadcrumbList","@id":"https:\/\/shopatoa.com\/ro\/madara-ceata-de-par-silk-micro-keratin-healthy-hair-mist-90-ml\/#breadcrumb","itemListElement":[{"@type":"ListItem","position":1,"name":"Dom\u016f","item":"https:\/\/shopatoa.com\/ro\/"},{"@type":"ListItem","position":2,"name":"Shop","item":"https:\/\/shopatoa.com\/ro\/shop\/"},{"@type":"ListItem","position":3,"name":"Cosmetice","item":"https:\/\/shopatoa.com\/ro\/cosmetice\/"},{"@type":"ListItem","position":4,"name":"Produse cosmetice pentru p\u0103r","item":"https:\/\/shopatoa.com\/ro\/produse-cosmetice-pentru-par\/"},{"@type":"ListItem","position":5,"name":"\u00cengrijirea p\u0103rului f\u0103r\u0103 cl\u0103tire","item":"https:\/\/shopatoa.com\/ro\/ingrijirea-parului-fara-clatire\/"},{"@type":"ListItem","position":6,"name":"M\u00c1DARA Cea\u021b\u0103 de p\u0103r Silk (Micro-Keratin Healthy Hair Mist) 90 ml"}]},{"@type":"WebSite","@id":"https:\/\/shopatoa.com\/ro\/#website","url":"https:\/\/shopatoa.com\/ro\/","name":"SHOPATOA","description":"","publisher":{"@id":"https:\/\/shopatoa.com\/ro\/#organization"},"potentialAction":[{"@type":"SearchAction","target":{"@type":"EntryPoint","urlTemplate":"https:\/\/shopatoa.com\/ro\/?s={search_term_string}"},"query-input":{"@type":"PropertyValueSpecification","valueRequired":true,"valueName":"search_term_string"}}],"inLanguage":"ro-RO"},{"@type":"Organization","@id":"https:\/\/shopatoa.com\/ro\/#organization","name":"SHOPATOA","url":"https:\/\/shopatoa.com\/ro\/","logo":{"@type":"ImageObject","inLanguage":"ro-RO","@id":"https:\/\/shopatoa.com\/ro\/#\/schema\/logo\/image\/","url":"https:\/\/storage.googleapis.com\/cz-shopatoa-img\/ro\/b4dac915-shopatoa_logo.png","contentUrl":"https:\/\/storage.googleapis.com\/cz-shopatoa-img\/ro\/b4dac915-shopatoa_logo.png","width":416,"height":63,"caption":"SHOPATOA"},"image":{"@id":"https:\/\/shopatoa.com\/ro\/#\/schema\/logo\/image\/"}}]}},"_links":{"self":[{"href":"https:\/\/shopatoa.com\/ro\/wp-json\/wp\/v2\/product\/272450","targetHints":{"allow":["GET"]}}],"collection":[{"href":"https:\/\/shopatoa.com\/ro\/wp-json\/wp\/v2\/product"}],"about":[{"href":"https:\/\/shopatoa.com\/ro\/wp-json\/wp\/v2\/types\/product"}],"replies":[{"embeddable":true,"href":"https:\/\/shopatoa.com\/ro\/wp-json\/wp\/v2\/comments?post=272450"}],"wp:featuredmedia":[{"embeddable":true,"href":"https:\/\/shopatoa.com\/ro\/wp-json\/wp\/v2\/media\/341543"}],"wp:attachment":[{"href":"https:\/\/shopatoa.com\/ro\/wp-json\/wp\/v2\/media?parent=272450"}],"wp:term":[{"taxonomy":"product_brand","embeddable":true,"href":"https:\/\/shopatoa.com\/ro\/wp-json\/wp\/v2\/product_brand?post=272450"},{"taxonomy":"product_cat","embeddable":true,"href":"https:\/\/shopatoa.com\/ro\/wp-json\/wp\/v2\/product_cat?post=272450"},{"taxonomy":"product_tag","embeddable":true,"href":"https:\/\/shopatoa.com\/ro\/wp-json\/wp\/v2\/product_tag?post=272450"}],"curies":[{"name":"wp","href":"https:\/\/api.w.org\/{rel}","templated":true}]}}