{"id":272504,"date":"2025-04-29T14:41:24","date_gmt":"2025-04-29T12:41:24","guid":{"rendered":"https:\/\/shopatoa.com\/ro\/oral-b-dus-oral-aquacare-4-pro-expert\/"},"modified":"2025-12-08T15:43:25","modified_gmt":"2025-12-08T14:43:25","slug":"oral-b-dus-oral-aquacare-4-pro-expert","status":"publish","type":"product","link":"https:\/\/shopatoa.com\/ro\/oral-b-dus-oral-aquacare-4-pro-expert\/","title":{"rendered":"Oral B Du\u0219 oral Aquacare 4 Pro Expert"},"content":{"rendered":"<p>Cur\u0103\u021ba\u021bi u\u0219or spa\u021biile interdentare cu du\u0219ul oral f\u0103r\u0103 fir Oral-B AquaCare cu tehnologie Oxyjet pentru \u00eengrijirea r\u0103coritoare a gingiilor. Du\u0219 bucal electric cu tehnologie Oxyjet, setare de pulsa\u021bii pentru cur\u0103\u021bare precis\u0103, debit liniar sau rotativ de ap\u0103. Acesta va avea grij\u0103 de din\u021bi \u0219i, \u00een acela\u0219i timp, va \u00eendep\u0103rta resturile de m\u00e2ncare din spa\u021biile interdentare, \u00cembun\u0103t\u0103\u021be\u0219te \u00eengrijirea gingiilor Mod On-Demand, pe care \u00eel pute\u021bi utiliza pentru a controla intensitatea fluxului de ap\u0103 Recipientul de ap\u0103 este situat direct \u00een spatele m\u00e2nerului.<\/p>\n","protected":false},"excerpt":{"rendered":"<p>Cur\u0103\u021ba\u021bi u\u0219or spa\u021biile interdentare cu du\u0219ul oral f\u0103r\u0103 fir Oral-B AquaCare cu tehnologie Oxyjet pentru \u00eengrijirea r\u0103coritoare a gingiilor. Du\u0219 bucal electric cu tehnologie Oxyjet, setare de pulsa\u021bii pentru cur\u0103\u021bare precis\u0103, debit liniar sau rotativ de ap\u0103. Acesta va avea grij\u0103 de din\u021bi \u0219i, \u00een acela\u0219i timp, va \u00eendep\u0103rta resturile de m\u00e2ncare din spa\u021biile interdentare,&#8230;<\/p>\n","protected":false},"featured_media":272505,"comment_status":"closed","ping_status":"open","template":"","meta":{"_acf_changed":false,"_kadence_starter_templates_imported_post":false,"_kad_post_transparent":"","_kad_post_title":"","_kad_post_layout":"","_kad_post_sidebar_id":"","_kad_post_content_style":"","_kad_post_vertical_padding":"","_kad_post_feature":"","_kad_post_feature_position":"","_kad_post_header":false,"_kad_post_footer":false,"_kad_post_classname":""},"product_brand":[290],"product_cat":[246,709,865],"product_tag":[],"class_list":{"0":"post-272504","1":"product","2":"type-product","3":"status-publish","4":"has-post-thumbnail","6":"product_brand-oral-b","7":"product_cat-cosmetice","8":"product_cat-ingrijirea-dentara","9":"product_cat-ingrijirea-interdentala","11":"first","12":"instock","13":"sale","14":"product-type-external","15":"entry","16":"content-bg","17":"loop-entry"},"acf":[],"yoast_head":"<!-- This site is optimized with the Yoast SEO plugin v27.4 - https:\/\/yoast.com\/product\/yoast-seo-wordpress\/ -->\n<title>Oral B Du\u0219 oral Aquacare 4 Pro Expert - SHOPATOA.COM<\/title>\n<meta name=\"robots\" content=\"index, follow, max-snippet:-1, max-image-preview:large, max-video-preview:-1\" \/>\n<link rel=\"canonical\" href=\"https:\/\/shopatoa.com\/ro\/oral-b-dus-oral-aquacare-4-pro-expert\/\" \/>\n<meta property=\"og:locale\" content=\"ro_RO\" \/>\n<meta property=\"og:type\" content=\"article\" \/>\n<meta property=\"og:title\" content=\"Oral B Du\u0219 oral Aquacare 4 Pro Expert - SHOPATOA.COM\" \/>\n<meta property=\"og:description\" content=\"Cur\u0103\u021ba\u021bi u\u0219or spa\u021biile interdentare cu du\u0219ul oral f\u0103r\u0103 fir Oral-B AquaCare cu tehnologie Oxyjet pentru \u00eengrijirea r\u0103coritoare a gingiilor. Du\u0219 bucal electric cu tehnologie Oxyjet, setare de pulsa\u021bii pentru cur\u0103\u021bare precis\u0103, debit liniar sau rotativ de ap\u0103. Acesta va avea grij\u0103 de din\u021bi \u0219i, \u00een acela\u0219i timp, va \u00eendep\u0103rta resturile de m\u00e2ncare din spa\u021biile interdentare,...\" \/>\n<meta property=\"og:url\" content=\"https:\/\/shopatoa.com\/ro\/oral-b-dus-oral-aquacare-4-pro-expert\/\" \/>\n<meta property=\"og:site_name\" content=\"SHOPATOA\" \/>\n<meta property=\"article:modified_time\" content=\"2025-12-08T14:43:25+00:00\" \/>\n<meta property=\"og:image\" content=\"https:\/\/storage.googleapis.com\/cz-shopatoa-img\/ro\/5df4ba9f-unnamed-file.webp\" \/>\n\t<meta property=\"og:image:width\" content=\"800\" \/>\n\t<meta property=\"og:image:height\" content=\"800\" \/>\n\t<meta property=\"og:image:type\" content=\"image\/webp\" \/>\n<meta name=\"twitter:card\" content=\"summary_large_image\" \/>\n<meta name=\"twitter:label1\" content=\"Timp estimat pentru citire\" \/>\n\t<meta name=\"twitter:data1\" content=\"1 minut\" \/>\n<script type=\"application\/ld+json\" class=\"yoast-schema-graph\">{\"@context\":\"https:\\\/\\\/schema.org\",\"@graph\":[{\"@type\":\"WebPage\",\"@id\":\"https:\\\/\\\/shopatoa.com\\\/ro\\\/oral-b-dus-oral-aquacare-4-pro-expert\\\/\",\"url\":\"https:\\\/\\\/shopatoa.com\\\/ro\\\/oral-b-dus-oral-aquacare-4-pro-expert\\\/\",\"name\":\"Oral B Du\u0219 oral Aquacare 4 Pro Expert - SHOPATOA.COM\",\"isPartOf\":{\"@id\":\"https:\\\/\\\/shopatoa.com\\\/ro\\\/#website\"},\"primaryImageOfPage\":{\"@id\":\"https:\\\/\\\/shopatoa.com\\\/ro\\\/oral-b-dus-oral-aquacare-4-pro-expert\\\/#primaryimage\"},\"image\":{\"@id\":\"https:\\\/\\\/shopatoa.com\\\/ro\\\/oral-b-dus-oral-aquacare-4-pro-expert\\\/#primaryimage\"},\"thumbnailUrl\":\"https:\\\/\\\/storage.googleapis.com\\\/cz-shopatoa-img\\\/ro\\\/5df4ba9f-unnamed-file.webp\",\"datePublished\":\"2025-04-29T12:41:24+00:00\",\"dateModified\":\"2025-12-08T14:43:25+00:00\",\"breadcrumb\":{\"@id\":\"https:\\\/\\\/shopatoa.com\\\/ro\\\/oral-b-dus-oral-aquacare-4-pro-expert\\\/#breadcrumb\"},\"inLanguage\":\"ro-RO\",\"potentialAction\":[{\"@type\":\"ReadAction\",\"target\":[\"https:\\\/\\\/shopatoa.com\\\/ro\\\/oral-b-dus-oral-aquacare-4-pro-expert\\\/\"]}]},{\"@type\":\"ImageObject\",\"inLanguage\":\"ro-RO\",\"@id\":\"https:\\\/\\\/shopatoa.com\\\/ro\\\/oral-b-dus-oral-aquacare-4-pro-expert\\\/#primaryimage\",\"url\":\"https:\\\/\\\/storage.googleapis.com\\\/cz-shopatoa-img\\\/ro\\\/5df4ba9f-unnamed-file.webp\",\"contentUrl\":\"https:\\\/\\\/storage.googleapis.com\\\/cz-shopatoa-img\\\/ro\\\/5df4ba9f-unnamed-file.webp\",\"width\":800,\"height\":800},{\"@type\":\"BreadcrumbList\",\"@id\":\"https:\\\/\\\/shopatoa.com\\\/ro\\\/oral-b-dus-oral-aquacare-4-pro-expert\\\/#breadcrumb\",\"itemListElement\":[{\"@type\":\"ListItem\",\"position\":1,\"name\":\"Dom\u016f\",\"item\":\"https:\\\/\\\/shopatoa.com\\\/ro\\\/\"},{\"@type\":\"ListItem\",\"position\":2,\"name\":\"Shop\",\"item\":\"https:\\\/\\\/shopatoa.com\\\/ro\\\/shop\\\/\"},{\"@type\":\"ListItem\",\"position\":3,\"name\":\"Cosmetice\",\"item\":\"https:\\\/\\\/shopatoa.com\\\/ro\\\/cosmetice\\\/\"},{\"@type\":\"ListItem\",\"position\":4,\"name\":\"\u00cengrijirea dentar\u0103\",\"item\":\"https:\\\/\\\/shopatoa.com\\\/ro\\\/ingrijirea-dentara\\\/\"},{\"@type\":\"ListItem\",\"position\":5,\"name\":\"\u00cengrijirea interdental\u0103\",\"item\":\"https:\\\/\\\/shopatoa.com\\\/ro\\\/ingrijirea-interdentala\\\/\"},{\"@type\":\"ListItem\",\"position\":6,\"name\":\"Oral B Du\u0219 oral Aquacare 4 Pro Expert\"}]},{\"@type\":\"WebSite\",\"@id\":\"https:\\\/\\\/shopatoa.com\\\/ro\\\/#website\",\"url\":\"https:\\\/\\\/shopatoa.com\\\/ro\\\/\",\"name\":\"SHOPATOA\",\"description\":\"\",\"publisher\":{\"@id\":\"https:\\\/\\\/shopatoa.com\\\/ro\\\/#organization\"},\"potentialAction\":[{\"@type\":\"SearchAction\",\"target\":{\"@type\":\"EntryPoint\",\"urlTemplate\":\"https:\\\/\\\/shopatoa.com\\\/ro\\\/?s={search_term_string}\"},\"query-input\":{\"@type\":\"PropertyValueSpecification\",\"valueRequired\":true,\"valueName\":\"search_term_string\"}}],\"inLanguage\":\"ro-RO\"},{\"@type\":\"Organization\",\"@id\":\"https:\\\/\\\/shopatoa.com\\\/ro\\\/#organization\",\"name\":\"SHOPATOA\",\"url\":\"https:\\\/\\\/shopatoa.com\\\/ro\\\/\",\"logo\":{\"@type\":\"ImageObject\",\"inLanguage\":\"ro-RO\",\"@id\":\"https:\\\/\\\/shopatoa.com\\\/ro\\\/#\\\/schema\\\/logo\\\/image\\\/\",\"url\":\"https:\\\/\\\/storage.googleapis.com\\\/cz-shopatoa-img\\\/ro\\\/b4dac915-shopatoa_logo.png\",\"contentUrl\":\"https:\\\/\\\/storage.googleapis.com\\\/cz-shopatoa-img\\\/ro\\\/b4dac915-shopatoa_logo.png\",\"width\":416,\"height\":63,\"caption\":\"SHOPATOA\"},\"image\":{\"@id\":\"https:\\\/\\\/shopatoa.com\\\/ro\\\/#\\\/schema\\\/logo\\\/image\\\/\"}}]}<\/script>\n<!-- \/ Yoast SEO plugin. -->","yoast_head_json":{"title":"Oral B Du\u0219 oral Aquacare 4 Pro Expert - SHOPATOA.COM","robots":{"index":"index","follow":"follow","max-snippet":"max-snippet:-1","max-image-preview":"max-image-preview:large","max-video-preview":"max-video-preview:-1"},"canonical":"https:\/\/shopatoa.com\/ro\/oral-b-dus-oral-aquacare-4-pro-expert\/","og_locale":"ro_RO","og_type":"article","og_title":"Oral B Du\u0219 oral Aquacare 4 Pro Expert - SHOPATOA.COM","og_description":"Cur\u0103\u021ba\u021bi u\u0219or spa\u021biile interdentare cu du\u0219ul oral f\u0103r\u0103 fir Oral-B AquaCare cu tehnologie Oxyjet pentru \u00eengrijirea r\u0103coritoare a gingiilor. Du\u0219 bucal electric cu tehnologie Oxyjet, setare de pulsa\u021bii pentru cur\u0103\u021bare precis\u0103, debit liniar sau rotativ de ap\u0103. Acesta va avea grij\u0103 de din\u021bi \u0219i, \u00een acela\u0219i timp, va \u00eendep\u0103rta resturile de m\u00e2ncare din spa\u021biile interdentare,...","og_url":"https:\/\/shopatoa.com\/ro\/oral-b-dus-oral-aquacare-4-pro-expert\/","og_site_name":"SHOPATOA","article_modified_time":"2025-12-08T14:43:25+00:00","og_image":[{"width":800,"height":800,"url":"https:\/\/storage.googleapis.com\/cz-shopatoa-img\/ro\/5df4ba9f-unnamed-file.webp","type":"image\/webp"}],"twitter_card":"summary_large_image","twitter_misc":{"Timp estimat pentru citire":"1 minut"},"schema":{"@context":"https:\/\/schema.org","@graph":[{"@type":"WebPage","@id":"https:\/\/shopatoa.com\/ro\/oral-b-dus-oral-aquacare-4-pro-expert\/","url":"https:\/\/shopatoa.com\/ro\/oral-b-dus-oral-aquacare-4-pro-expert\/","name":"Oral B Du\u0219 oral Aquacare 4 Pro Expert - SHOPATOA.COM","isPartOf":{"@id":"https:\/\/shopatoa.com\/ro\/#website"},"primaryImageOfPage":{"@id":"https:\/\/shopatoa.com\/ro\/oral-b-dus-oral-aquacare-4-pro-expert\/#primaryimage"},"image":{"@id":"https:\/\/shopatoa.com\/ro\/oral-b-dus-oral-aquacare-4-pro-expert\/#primaryimage"},"thumbnailUrl":"https:\/\/storage.googleapis.com\/cz-shopatoa-img\/ro\/5df4ba9f-unnamed-file.webp","datePublished":"2025-04-29T12:41:24+00:00","dateModified":"2025-12-08T14:43:25+00:00","breadcrumb":{"@id":"https:\/\/shopatoa.com\/ro\/oral-b-dus-oral-aquacare-4-pro-expert\/#breadcrumb"},"inLanguage":"ro-RO","potentialAction":[{"@type":"ReadAction","target":["https:\/\/shopatoa.com\/ro\/oral-b-dus-oral-aquacare-4-pro-expert\/"]}]},{"@type":"ImageObject","inLanguage":"ro-RO","@id":"https:\/\/shopatoa.com\/ro\/oral-b-dus-oral-aquacare-4-pro-expert\/#primaryimage","url":"https:\/\/storage.googleapis.com\/cz-shopatoa-img\/ro\/5df4ba9f-unnamed-file.webp","contentUrl":"https:\/\/storage.googleapis.com\/cz-shopatoa-img\/ro\/5df4ba9f-unnamed-file.webp","width":800,"height":800},{"@type":"BreadcrumbList","@id":"https:\/\/shopatoa.com\/ro\/oral-b-dus-oral-aquacare-4-pro-expert\/#breadcrumb","itemListElement":[{"@type":"ListItem","position":1,"name":"Dom\u016f","item":"https:\/\/shopatoa.com\/ro\/"},{"@type":"ListItem","position":2,"name":"Shop","item":"https:\/\/shopatoa.com\/ro\/shop\/"},{"@type":"ListItem","position":3,"name":"Cosmetice","item":"https:\/\/shopatoa.com\/ro\/cosmetice\/"},{"@type":"ListItem","position":4,"name":"\u00cengrijirea dentar\u0103","item":"https:\/\/shopatoa.com\/ro\/ingrijirea-dentara\/"},{"@type":"ListItem","position":5,"name":"\u00cengrijirea interdental\u0103","item":"https:\/\/shopatoa.com\/ro\/ingrijirea-interdentala\/"},{"@type":"ListItem","position":6,"name":"Oral B Du\u0219 oral Aquacare 4 Pro Expert"}]},{"@type":"WebSite","@id":"https:\/\/shopatoa.com\/ro\/#website","url":"https:\/\/shopatoa.com\/ro\/","name":"SHOPATOA","description":"","publisher":{"@id":"https:\/\/shopatoa.com\/ro\/#organization"},"potentialAction":[{"@type":"SearchAction","target":{"@type":"EntryPoint","urlTemplate":"https:\/\/shopatoa.com\/ro\/?s={search_term_string}"},"query-input":{"@type":"PropertyValueSpecification","valueRequired":true,"valueName":"search_term_string"}}],"inLanguage":"ro-RO"},{"@type":"Organization","@id":"https:\/\/shopatoa.com\/ro\/#organization","name":"SHOPATOA","url":"https:\/\/shopatoa.com\/ro\/","logo":{"@type":"ImageObject","inLanguage":"ro-RO","@id":"https:\/\/shopatoa.com\/ro\/#\/schema\/logo\/image\/","url":"https:\/\/storage.googleapis.com\/cz-shopatoa-img\/ro\/b4dac915-shopatoa_logo.png","contentUrl":"https:\/\/storage.googleapis.com\/cz-shopatoa-img\/ro\/b4dac915-shopatoa_logo.png","width":416,"height":63,"caption":"SHOPATOA"},"image":{"@id":"https:\/\/shopatoa.com\/ro\/#\/schema\/logo\/image\/"}}]}},"_links":{"self":[{"href":"https:\/\/shopatoa.com\/ro\/wp-json\/wp\/v2\/product\/272504","targetHints":{"allow":["GET"]}}],"collection":[{"href":"https:\/\/shopatoa.com\/ro\/wp-json\/wp\/v2\/product"}],"about":[{"href":"https:\/\/shopatoa.com\/ro\/wp-json\/wp\/v2\/types\/product"}],"replies":[{"embeddable":true,"href":"https:\/\/shopatoa.com\/ro\/wp-json\/wp\/v2\/comments?post=272504"}],"wp:featuredmedia":[{"embeddable":true,"href":"https:\/\/shopatoa.com\/ro\/wp-json\/wp\/v2\/media\/272505"}],"wp:attachment":[{"href":"https:\/\/shopatoa.com\/ro\/wp-json\/wp\/v2\/media?parent=272504"}],"wp:term":[{"taxonomy":"product_brand","embeddable":true,"href":"https:\/\/shopatoa.com\/ro\/wp-json\/wp\/v2\/product_brand?post=272504"},{"taxonomy":"product_cat","embeddable":true,"href":"https:\/\/shopatoa.com\/ro\/wp-json\/wp\/v2\/product_cat?post=272504"},{"taxonomy":"product_tag","embeddable":true,"href":"https:\/\/shopatoa.com\/ro\/wp-json\/wp\/v2\/product_tag?post=272504"}],"curies":[{"name":"wp","href":"https:\/\/api.w.org\/{rel}","templated":true}]}}