{"id":272510,"date":"2025-04-29T14:41:51","date_gmt":"2025-04-29T12:41:51","guid":{"rendered":"https:\/\/shopatoa.com\/ro\/braun-aparat-de-tuns-multifunctional-mgk-7460-black\/"},"modified":"2025-10-28T15:14:31","modified_gmt":"2025-10-28T14:14:31","slug":"braun-aparat-de-tuns-multifunctional-mgk-7460-black","status":"publish","type":"product","link":"https:\/\/shopatoa.com\/ro\/braun-aparat-de-tuns-multifunctional-mgk-7460-black\/","title":{"rendered":"Braun Aparat de tuns multifunc\u021bional MGK 7460 Black"},"content":{"rendered":"<p>\u00cengriji\u021bi-v\u0103 din cap p\u00e2n\u0103 \u00een picioare cu aparatul de tuns multifunc\u021bional. Aparat de tuns 100% rezistent la ap\u0103 pentru barb\u0103, p\u0103r, detalii \u0219i \u00eengrijirea corpului. Cu o lam\u0103 metalic\u0103 extrem de ascu\u021bit\u0103 \u0219i 100 de minute de func\u021bionare f\u0103r\u0103 fir. Tehnologia AutoSense se adapteaz\u0103 la densitatea b\u0103rbii \u0219i p\u0103rului dvs. \u0219i asigur\u0103 rezultate incredibile indiferent de tipul, lungimea sau densitatea acestora.<\/p>\n","protected":false},"excerpt":{"rendered":"<p>\u00cengriji\u021bi-v\u0103 din cap p\u00e2n\u0103 \u00een picioare cu aparatul de tuns multifunc\u021bional. Aparat de tuns 100% rezistent la ap\u0103 pentru barb\u0103, p\u0103r, detalii \u0219i \u00eengrijirea corpului. Cu o lam\u0103 metalic\u0103 extrem de ascu\u021bit\u0103 \u0219i 100 de minute de func\u021bionare f\u0103r\u0103 fir. Tehnologia AutoSense se adapteaz\u0103 la densitatea b\u0103rbii \u0219i p\u0103rului dvs. \u0219i asigur\u0103 rezultate incredibile indiferent&#8230;<\/p>\n","protected":false},"featured_media":272511,"comment_status":"closed","ping_status":"open","template":"","meta":{"_acf_changed":false,"_kadence_starter_templates_imported_post":false,"_kad_post_transparent":"","_kad_post_title":"","_kad_post_layout":"","_kad_post_sidebar_id":"","_kad_post_content_style":"","_kad_post_vertical_padding":"","_kad_post_feature":"","_kad_post_feature_position":"","_kad_post_header":false,"_kad_post_footer":false,"_kad_post_classname":""},"product_brand":[502],"product_cat":[763,246,623,624],"product_tag":[],"class_list":{"0":"post-272510","1":"product","2":"type-product","3":"status-publish","4":"has-post-thumbnail","6":"product_brand-braun","7":"product_cat-aparate-de-tuns","8":"product_cat-cosmetice","9":"product_cat-produse-cosmetice-pentru-par","10":"product_cat-produse-aparate-si-accesorii-pentru-par","12":"first","13":"instock","14":"product-type-external","15":"entry","16":"content-bg","17":"loop-entry"},"acf":[],"yoast_head":"<!-- This site is optimized with the Yoast SEO plugin v27.4 - https:\/\/yoast.com\/product\/yoast-seo-wordpress\/ -->\n<title>Braun Aparat de tuns multifunc\u021bional MGK 7460 Black - SHOPATOA.COM<\/title>\n<meta name=\"robots\" content=\"index, follow, max-snippet:-1, max-image-preview:large, max-video-preview:-1\" \/>\n<link rel=\"canonical\" href=\"https:\/\/shopatoa.com\/ro\/braun-aparat-de-tuns-multifunctional-mgk-7460-black\/\" \/>\n<meta property=\"og:locale\" content=\"ro_RO\" \/>\n<meta property=\"og:type\" content=\"article\" \/>\n<meta property=\"og:title\" content=\"Braun Aparat de tuns multifunc\u021bional MGK 7460 Black - SHOPATOA.COM\" \/>\n<meta property=\"og:description\" content=\"\u00cengriji\u021bi-v\u0103 din cap p\u00e2n\u0103 \u00een picioare cu aparatul de tuns multifunc\u021bional. Aparat de tuns 100% rezistent la ap\u0103 pentru barb\u0103, p\u0103r, detalii \u0219i \u00eengrijirea corpului. Cu o lam\u0103 metalic\u0103 extrem de ascu\u021bit\u0103 \u0219i 100 de minute de func\u021bionare f\u0103r\u0103 fir. Tehnologia AutoSense se adapteaz\u0103 la densitatea b\u0103rbii \u0219i p\u0103rului dvs. \u0219i asigur\u0103 rezultate incredibile indiferent...\" \/>\n<meta property=\"og:url\" content=\"https:\/\/shopatoa.com\/ro\/braun-aparat-de-tuns-multifunctional-mgk-7460-black\/\" \/>\n<meta property=\"og:site_name\" content=\"SHOPATOA\" \/>\n<meta property=\"article:modified_time\" content=\"2025-10-28T14:14:31+00:00\" \/>\n<meta property=\"og:image\" content=\"https:\/\/storage.googleapis.com\/cz-shopatoa-img\/ro\/e9e6515b-unnamed-file.webp\" \/>\n\t<meta property=\"og:image:width\" content=\"800\" \/>\n\t<meta property=\"og:image:height\" content=\"800\" \/>\n\t<meta property=\"og:image:type\" content=\"image\/webp\" \/>\n<meta name=\"twitter:card\" content=\"summary_large_image\" \/>\n<script type=\"application\/ld+json\" class=\"yoast-schema-graph\">{\"@context\":\"https:\\\/\\\/schema.org\",\"@graph\":[{\"@type\":\"WebPage\",\"@id\":\"https:\\\/\\\/shopatoa.com\\\/ro\\\/braun-aparat-de-tuns-multifunctional-mgk-7460-black\\\/\",\"url\":\"https:\\\/\\\/shopatoa.com\\\/ro\\\/braun-aparat-de-tuns-multifunctional-mgk-7460-black\\\/\",\"name\":\"Braun Aparat de tuns multifunc\u021bional MGK 7460 Black - SHOPATOA.COM\",\"isPartOf\":{\"@id\":\"https:\\\/\\\/shopatoa.com\\\/ro\\\/#website\"},\"primaryImageOfPage\":{\"@id\":\"https:\\\/\\\/shopatoa.com\\\/ro\\\/braun-aparat-de-tuns-multifunctional-mgk-7460-black\\\/#primaryimage\"},\"image\":{\"@id\":\"https:\\\/\\\/shopatoa.com\\\/ro\\\/braun-aparat-de-tuns-multifunctional-mgk-7460-black\\\/#primaryimage\"},\"thumbnailUrl\":\"https:\\\/\\\/storage.googleapis.com\\\/cz-shopatoa-img\\\/ro\\\/e9e6515b-unnamed-file.webp\",\"datePublished\":\"2025-04-29T12:41:51+00:00\",\"dateModified\":\"2025-10-28T14:14:31+00:00\",\"breadcrumb\":{\"@id\":\"https:\\\/\\\/shopatoa.com\\\/ro\\\/braun-aparat-de-tuns-multifunctional-mgk-7460-black\\\/#breadcrumb\"},\"inLanguage\":\"ro-RO\",\"potentialAction\":[{\"@type\":\"ReadAction\",\"target\":[\"https:\\\/\\\/shopatoa.com\\\/ro\\\/braun-aparat-de-tuns-multifunctional-mgk-7460-black\\\/\"]}]},{\"@type\":\"ImageObject\",\"inLanguage\":\"ro-RO\",\"@id\":\"https:\\\/\\\/shopatoa.com\\\/ro\\\/braun-aparat-de-tuns-multifunctional-mgk-7460-black\\\/#primaryimage\",\"url\":\"https:\\\/\\\/storage.googleapis.com\\\/cz-shopatoa-img\\\/ro\\\/e9e6515b-unnamed-file.webp\",\"contentUrl\":\"https:\\\/\\\/storage.googleapis.com\\\/cz-shopatoa-img\\\/ro\\\/e9e6515b-unnamed-file.webp\",\"width\":800,\"height\":800},{\"@type\":\"BreadcrumbList\",\"@id\":\"https:\\\/\\\/shopatoa.com\\\/ro\\\/braun-aparat-de-tuns-multifunctional-mgk-7460-black\\\/#breadcrumb\",\"itemListElement\":[{\"@type\":\"ListItem\",\"position\":1,\"name\":\"Dom\u016f\",\"item\":\"https:\\\/\\\/shopatoa.com\\\/ro\\\/\"},{\"@type\":\"ListItem\",\"position\":2,\"name\":\"Shop\",\"item\":\"https:\\\/\\\/shopatoa.com\\\/ro\\\/shop\\\/\"},{\"@type\":\"ListItem\",\"position\":3,\"name\":\"Cosmetice\",\"item\":\"https:\\\/\\\/shopatoa.com\\\/ro\\\/cosmetice\\\/\"},{\"@type\":\"ListItem\",\"position\":4,\"name\":\"Produse cosmetice pentru p\u0103r\",\"item\":\"https:\\\/\\\/shopatoa.com\\\/ro\\\/produse-cosmetice-pentru-par\\\/\"},{\"@type\":\"ListItem\",\"position\":5,\"name\":\"Produse, aparate \u0219i accesorii pentru p\u0103r\",\"item\":\"https:\\\/\\\/shopatoa.com\\\/ro\\\/produse-aparate-si-accesorii-pentru-par\\\/\"},{\"@type\":\"ListItem\",\"position\":6,\"name\":\"Aparate de tuns\",\"item\":\"https:\\\/\\\/shopatoa.com\\\/ro\\\/aparate-de-tuns\\\/\"},{\"@type\":\"ListItem\",\"position\":7,\"name\":\"Braun Aparat de tuns multifunc\u021bional MGK 7460 Black\"}]},{\"@type\":\"WebSite\",\"@id\":\"https:\\\/\\\/shopatoa.com\\\/ro\\\/#website\",\"url\":\"https:\\\/\\\/shopatoa.com\\\/ro\\\/\",\"name\":\"SHOPATOA\",\"description\":\"\",\"publisher\":{\"@id\":\"https:\\\/\\\/shopatoa.com\\\/ro\\\/#organization\"},\"potentialAction\":[{\"@type\":\"SearchAction\",\"target\":{\"@type\":\"EntryPoint\",\"urlTemplate\":\"https:\\\/\\\/shopatoa.com\\\/ro\\\/?s={search_term_string}\"},\"query-input\":{\"@type\":\"PropertyValueSpecification\",\"valueRequired\":true,\"valueName\":\"search_term_string\"}}],\"inLanguage\":\"ro-RO\"},{\"@type\":\"Organization\",\"@id\":\"https:\\\/\\\/shopatoa.com\\\/ro\\\/#organization\",\"name\":\"SHOPATOA\",\"url\":\"https:\\\/\\\/shopatoa.com\\\/ro\\\/\",\"logo\":{\"@type\":\"ImageObject\",\"inLanguage\":\"ro-RO\",\"@id\":\"https:\\\/\\\/shopatoa.com\\\/ro\\\/#\\\/schema\\\/logo\\\/image\\\/\",\"url\":\"https:\\\/\\\/storage.googleapis.com\\\/cz-shopatoa-img\\\/ro\\\/b4dac915-shopatoa_logo.png\",\"contentUrl\":\"https:\\\/\\\/storage.googleapis.com\\\/cz-shopatoa-img\\\/ro\\\/b4dac915-shopatoa_logo.png\",\"width\":416,\"height\":63,\"caption\":\"SHOPATOA\"},\"image\":{\"@id\":\"https:\\\/\\\/shopatoa.com\\\/ro\\\/#\\\/schema\\\/logo\\\/image\\\/\"}}]}<\/script>\n<!-- \/ Yoast SEO plugin. -->","yoast_head_json":{"title":"Braun Aparat de tuns multifunc\u021bional MGK 7460 Black - SHOPATOA.COM","robots":{"index":"index","follow":"follow","max-snippet":"max-snippet:-1","max-image-preview":"max-image-preview:large","max-video-preview":"max-video-preview:-1"},"canonical":"https:\/\/shopatoa.com\/ro\/braun-aparat-de-tuns-multifunctional-mgk-7460-black\/","og_locale":"ro_RO","og_type":"article","og_title":"Braun Aparat de tuns multifunc\u021bional MGK 7460 Black - SHOPATOA.COM","og_description":"\u00cengriji\u021bi-v\u0103 din cap p\u00e2n\u0103 \u00een picioare cu aparatul de tuns multifunc\u021bional. Aparat de tuns 100% rezistent la ap\u0103 pentru barb\u0103, p\u0103r, detalii \u0219i \u00eengrijirea corpului. Cu o lam\u0103 metalic\u0103 extrem de ascu\u021bit\u0103 \u0219i 100 de minute de func\u021bionare f\u0103r\u0103 fir. Tehnologia AutoSense se adapteaz\u0103 la densitatea b\u0103rbii \u0219i p\u0103rului dvs. \u0219i asigur\u0103 rezultate incredibile indiferent...","og_url":"https:\/\/shopatoa.com\/ro\/braun-aparat-de-tuns-multifunctional-mgk-7460-black\/","og_site_name":"SHOPATOA","article_modified_time":"2025-10-28T14:14:31+00:00","og_image":[{"width":800,"height":800,"url":"https:\/\/storage.googleapis.com\/cz-shopatoa-img\/ro\/e9e6515b-unnamed-file.webp","type":"image\/webp"}],"twitter_card":"summary_large_image","schema":{"@context":"https:\/\/schema.org","@graph":[{"@type":"WebPage","@id":"https:\/\/shopatoa.com\/ro\/braun-aparat-de-tuns-multifunctional-mgk-7460-black\/","url":"https:\/\/shopatoa.com\/ro\/braun-aparat-de-tuns-multifunctional-mgk-7460-black\/","name":"Braun Aparat de tuns multifunc\u021bional MGK 7460 Black - SHOPATOA.COM","isPartOf":{"@id":"https:\/\/shopatoa.com\/ro\/#website"},"primaryImageOfPage":{"@id":"https:\/\/shopatoa.com\/ro\/braun-aparat-de-tuns-multifunctional-mgk-7460-black\/#primaryimage"},"image":{"@id":"https:\/\/shopatoa.com\/ro\/braun-aparat-de-tuns-multifunctional-mgk-7460-black\/#primaryimage"},"thumbnailUrl":"https:\/\/storage.googleapis.com\/cz-shopatoa-img\/ro\/e9e6515b-unnamed-file.webp","datePublished":"2025-04-29T12:41:51+00:00","dateModified":"2025-10-28T14:14:31+00:00","breadcrumb":{"@id":"https:\/\/shopatoa.com\/ro\/braun-aparat-de-tuns-multifunctional-mgk-7460-black\/#breadcrumb"},"inLanguage":"ro-RO","potentialAction":[{"@type":"ReadAction","target":["https:\/\/shopatoa.com\/ro\/braun-aparat-de-tuns-multifunctional-mgk-7460-black\/"]}]},{"@type":"ImageObject","inLanguage":"ro-RO","@id":"https:\/\/shopatoa.com\/ro\/braun-aparat-de-tuns-multifunctional-mgk-7460-black\/#primaryimage","url":"https:\/\/storage.googleapis.com\/cz-shopatoa-img\/ro\/e9e6515b-unnamed-file.webp","contentUrl":"https:\/\/storage.googleapis.com\/cz-shopatoa-img\/ro\/e9e6515b-unnamed-file.webp","width":800,"height":800},{"@type":"BreadcrumbList","@id":"https:\/\/shopatoa.com\/ro\/braun-aparat-de-tuns-multifunctional-mgk-7460-black\/#breadcrumb","itemListElement":[{"@type":"ListItem","position":1,"name":"Dom\u016f","item":"https:\/\/shopatoa.com\/ro\/"},{"@type":"ListItem","position":2,"name":"Shop","item":"https:\/\/shopatoa.com\/ro\/shop\/"},{"@type":"ListItem","position":3,"name":"Cosmetice","item":"https:\/\/shopatoa.com\/ro\/cosmetice\/"},{"@type":"ListItem","position":4,"name":"Produse cosmetice pentru p\u0103r","item":"https:\/\/shopatoa.com\/ro\/produse-cosmetice-pentru-par\/"},{"@type":"ListItem","position":5,"name":"Produse, aparate \u0219i accesorii pentru p\u0103r","item":"https:\/\/shopatoa.com\/ro\/produse-aparate-si-accesorii-pentru-par\/"},{"@type":"ListItem","position":6,"name":"Aparate de tuns","item":"https:\/\/shopatoa.com\/ro\/aparate-de-tuns\/"},{"@type":"ListItem","position":7,"name":"Braun Aparat de tuns multifunc\u021bional MGK 7460 Black"}]},{"@type":"WebSite","@id":"https:\/\/shopatoa.com\/ro\/#website","url":"https:\/\/shopatoa.com\/ro\/","name":"SHOPATOA","description":"","publisher":{"@id":"https:\/\/shopatoa.com\/ro\/#organization"},"potentialAction":[{"@type":"SearchAction","target":{"@type":"EntryPoint","urlTemplate":"https:\/\/shopatoa.com\/ro\/?s={search_term_string}"},"query-input":{"@type":"PropertyValueSpecification","valueRequired":true,"valueName":"search_term_string"}}],"inLanguage":"ro-RO"},{"@type":"Organization","@id":"https:\/\/shopatoa.com\/ro\/#organization","name":"SHOPATOA","url":"https:\/\/shopatoa.com\/ro\/","logo":{"@type":"ImageObject","inLanguage":"ro-RO","@id":"https:\/\/shopatoa.com\/ro\/#\/schema\/logo\/image\/","url":"https:\/\/storage.googleapis.com\/cz-shopatoa-img\/ro\/b4dac915-shopatoa_logo.png","contentUrl":"https:\/\/storage.googleapis.com\/cz-shopatoa-img\/ro\/b4dac915-shopatoa_logo.png","width":416,"height":63,"caption":"SHOPATOA"},"image":{"@id":"https:\/\/shopatoa.com\/ro\/#\/schema\/logo\/image\/"}}]}},"_links":{"self":[{"href":"https:\/\/shopatoa.com\/ro\/wp-json\/wp\/v2\/product\/272510","targetHints":{"allow":["GET"]}}],"collection":[{"href":"https:\/\/shopatoa.com\/ro\/wp-json\/wp\/v2\/product"}],"about":[{"href":"https:\/\/shopatoa.com\/ro\/wp-json\/wp\/v2\/types\/product"}],"replies":[{"embeddable":true,"href":"https:\/\/shopatoa.com\/ro\/wp-json\/wp\/v2\/comments?post=272510"}],"wp:featuredmedia":[{"embeddable":true,"href":"https:\/\/shopatoa.com\/ro\/wp-json\/wp\/v2\/media\/272511"}],"wp:attachment":[{"href":"https:\/\/shopatoa.com\/ro\/wp-json\/wp\/v2\/media?parent=272510"}],"wp:term":[{"taxonomy":"product_brand","embeddable":true,"href":"https:\/\/shopatoa.com\/ro\/wp-json\/wp\/v2\/product_brand?post=272510"},{"taxonomy":"product_cat","embeddable":true,"href":"https:\/\/shopatoa.com\/ro\/wp-json\/wp\/v2\/product_cat?post=272510"},{"taxonomy":"product_tag","embeddable":true,"href":"https:\/\/shopatoa.com\/ro\/wp-json\/wp\/v2\/product_tag?post=272510"}],"curies":[{"name":"wp","href":"https:\/\/api.w.org\/{rel}","templated":true}]}}