{"id":272514,"date":"2025-04-29T14:45:06","date_gmt":"2025-04-29T12:45:06","guid":{"rendered":"https:\/\/shopatoa.com\/ro\/braun-aparat-de-tuns-pentru-barba-si-par-5420-black\/"},"modified":"2025-10-13T11:43:29","modified_gmt":"2025-10-13T09:43:29","slug":"braun-aparat-de-tuns-pentru-barba-si-par-5420-black","status":"publish","type":"product","link":"https:\/\/shopatoa.com\/ro\/braun-aparat-de-tuns-pentru-barba-si-par-5420-black\/","title":{"rendered":"Braun Aparat de tuns pentru barb\u0103 \u0219i p\u0103r 5420 Black"},"content":{"rendered":"<p>Cu aparatul de tuns barba \u0219i p\u0103rul Braun Series 5, pute\u021bi ob\u021bine rezultate acas\u0103, ca la frizerie. Precis la fiecare mi\u0219care cu lame excep\u021bional de ascu\u021bite care asigur\u0103 un b\u0103rbierit uniform pe toate b\u0103rbile. Indicator rotativ de precizie cu 40 de set\u0103ri de lungime. Ofer\u0103 100 de minute de func\u021bionare f\u0103r\u0103 fir.<\/p>\n","protected":false},"excerpt":{"rendered":"<p>Cu aparatul de tuns barba \u0219i p\u0103rul Braun Series 5, pute\u021bi ob\u021bine rezultate acas\u0103, ca la frizerie. Precis la fiecare mi\u0219care cu lame excep\u021bional de ascu\u021bite care asigur\u0103 un b\u0103rbierit uniform pe toate b\u0103rbile. Indicator rotativ de precizie cu 40 de set\u0103ri de lungime. Ofer\u0103 100 de minute de func\u021bionare f\u0103r\u0103 fir.<\/p>\n","protected":false},"featured_media":272515,"comment_status":"closed","ping_status":"open","template":"","meta":{"_acf_changed":false,"_kadence_starter_templates_imported_post":false,"_kad_post_transparent":"","_kad_post_title":"","_kad_post_layout":"","_kad_post_sidebar_id":"","_kad_post_content_style":"","_kad_post_vertical_padding":"","_kad_post_feature":"","_kad_post_feature_position":"","_kad_post_header":false,"_kad_post_footer":false,"_kad_post_classname":""},"product_brand":[502],"product_cat":[763,246,623,624],"product_tag":[],"class_list":{"0":"post-272514","1":"product","2":"type-product","3":"status-publish","4":"has-post-thumbnail","6":"product_brand-braun","7":"product_cat-aparate-de-tuns","8":"product_cat-cosmetice","9":"product_cat-produse-cosmetice-pentru-par","10":"product_cat-produse-aparate-si-accesorii-pentru-par","12":"first","13":"instock","14":"product-type-external","15":"entry","16":"content-bg","17":"loop-entry"},"acf":[],"yoast_head":"<!-- This site is optimized with the Yoast SEO plugin v27.4 - https:\/\/yoast.com\/product\/yoast-seo-wordpress\/ -->\n<title>Braun Aparat de tuns pentru barb\u0103 \u0219i p\u0103r 5420 Black - SHOPATOA.COM<\/title>\n<meta name=\"robots\" content=\"index, follow, max-snippet:-1, max-image-preview:large, max-video-preview:-1\" \/>\n<link rel=\"canonical\" href=\"https:\/\/shopatoa.com\/ro\/braun-aparat-de-tuns-pentru-barba-si-par-5420-black\/\" \/>\n<meta property=\"og:locale\" content=\"ro_RO\" \/>\n<meta property=\"og:type\" content=\"article\" \/>\n<meta property=\"og:title\" content=\"Braun Aparat de tuns pentru barb\u0103 \u0219i p\u0103r 5420 Black - SHOPATOA.COM\" \/>\n<meta property=\"og:description\" content=\"Cu aparatul de tuns barba \u0219i p\u0103rul Braun Series 5, pute\u021bi ob\u021bine rezultate acas\u0103, ca la frizerie. Precis la fiecare mi\u0219care cu lame excep\u021bional de ascu\u021bite care asigur\u0103 un b\u0103rbierit uniform pe toate b\u0103rbile. Indicator rotativ de precizie cu 40 de set\u0103ri de lungime. Ofer\u0103 100 de minute de func\u021bionare f\u0103r\u0103 fir.\" \/>\n<meta property=\"og:url\" content=\"https:\/\/shopatoa.com\/ro\/braun-aparat-de-tuns-pentru-barba-si-par-5420-black\/\" \/>\n<meta property=\"og:site_name\" content=\"SHOPATOA\" \/>\n<meta property=\"article:modified_time\" content=\"2025-10-13T09:43:29+00:00\" \/>\n<meta property=\"og:image\" content=\"https:\/\/storage.googleapis.com\/cz-shopatoa-img\/ro\/0ee05071-unnamed-file.webp\" \/>\n\t<meta property=\"og:image:width\" content=\"800\" \/>\n\t<meta property=\"og:image:height\" content=\"800\" \/>\n\t<meta property=\"og:image:type\" content=\"image\/webp\" \/>\n<meta name=\"twitter:card\" content=\"summary_large_image\" \/>\n<script type=\"application\/ld+json\" class=\"yoast-schema-graph\">{\"@context\":\"https:\\\/\\\/schema.org\",\"@graph\":[{\"@type\":\"WebPage\",\"@id\":\"https:\\\/\\\/shopatoa.com\\\/ro\\\/braun-aparat-de-tuns-pentru-barba-si-par-5420-black\\\/\",\"url\":\"https:\\\/\\\/shopatoa.com\\\/ro\\\/braun-aparat-de-tuns-pentru-barba-si-par-5420-black\\\/\",\"name\":\"Braun Aparat de tuns pentru barb\u0103 \u0219i p\u0103r 5420 Black - SHOPATOA.COM\",\"isPartOf\":{\"@id\":\"https:\\\/\\\/shopatoa.com\\\/ro\\\/#website\"},\"primaryImageOfPage\":{\"@id\":\"https:\\\/\\\/shopatoa.com\\\/ro\\\/braun-aparat-de-tuns-pentru-barba-si-par-5420-black\\\/#primaryimage\"},\"image\":{\"@id\":\"https:\\\/\\\/shopatoa.com\\\/ro\\\/braun-aparat-de-tuns-pentru-barba-si-par-5420-black\\\/#primaryimage\"},\"thumbnailUrl\":\"https:\\\/\\\/storage.googleapis.com\\\/cz-shopatoa-img\\\/ro\\\/0ee05071-unnamed-file.webp\",\"datePublished\":\"2025-04-29T12:45:06+00:00\",\"dateModified\":\"2025-10-13T09:43:29+00:00\",\"breadcrumb\":{\"@id\":\"https:\\\/\\\/shopatoa.com\\\/ro\\\/braun-aparat-de-tuns-pentru-barba-si-par-5420-black\\\/#breadcrumb\"},\"inLanguage\":\"ro-RO\",\"potentialAction\":[{\"@type\":\"ReadAction\",\"target\":[\"https:\\\/\\\/shopatoa.com\\\/ro\\\/braun-aparat-de-tuns-pentru-barba-si-par-5420-black\\\/\"]}]},{\"@type\":\"ImageObject\",\"inLanguage\":\"ro-RO\",\"@id\":\"https:\\\/\\\/shopatoa.com\\\/ro\\\/braun-aparat-de-tuns-pentru-barba-si-par-5420-black\\\/#primaryimage\",\"url\":\"https:\\\/\\\/storage.googleapis.com\\\/cz-shopatoa-img\\\/ro\\\/0ee05071-unnamed-file.webp\",\"contentUrl\":\"https:\\\/\\\/storage.googleapis.com\\\/cz-shopatoa-img\\\/ro\\\/0ee05071-unnamed-file.webp\",\"width\":800,\"height\":800},{\"@type\":\"BreadcrumbList\",\"@id\":\"https:\\\/\\\/shopatoa.com\\\/ro\\\/braun-aparat-de-tuns-pentru-barba-si-par-5420-black\\\/#breadcrumb\",\"itemListElement\":[{\"@type\":\"ListItem\",\"position\":1,\"name\":\"Dom\u016f\",\"item\":\"https:\\\/\\\/shopatoa.com\\\/ro\\\/\"},{\"@type\":\"ListItem\",\"position\":2,\"name\":\"Shop\",\"item\":\"https:\\\/\\\/shopatoa.com\\\/ro\\\/shop\\\/\"},{\"@type\":\"ListItem\",\"position\":3,\"name\":\"Cosmetice\",\"item\":\"https:\\\/\\\/shopatoa.com\\\/ro\\\/cosmetice\\\/\"},{\"@type\":\"ListItem\",\"position\":4,\"name\":\"Produse cosmetice pentru p\u0103r\",\"item\":\"https:\\\/\\\/shopatoa.com\\\/ro\\\/produse-cosmetice-pentru-par\\\/\"},{\"@type\":\"ListItem\",\"position\":5,\"name\":\"Produse, aparate \u0219i accesorii pentru p\u0103r\",\"item\":\"https:\\\/\\\/shopatoa.com\\\/ro\\\/produse-aparate-si-accesorii-pentru-par\\\/\"},{\"@type\":\"ListItem\",\"position\":6,\"name\":\"Aparate de tuns\",\"item\":\"https:\\\/\\\/shopatoa.com\\\/ro\\\/aparate-de-tuns\\\/\"},{\"@type\":\"ListItem\",\"position\":7,\"name\":\"Braun Aparat de tuns pentru barb\u0103 \u0219i p\u0103r 5420 Black\"}]},{\"@type\":\"WebSite\",\"@id\":\"https:\\\/\\\/shopatoa.com\\\/ro\\\/#website\",\"url\":\"https:\\\/\\\/shopatoa.com\\\/ro\\\/\",\"name\":\"SHOPATOA\",\"description\":\"\",\"publisher\":{\"@id\":\"https:\\\/\\\/shopatoa.com\\\/ro\\\/#organization\"},\"potentialAction\":[{\"@type\":\"SearchAction\",\"target\":{\"@type\":\"EntryPoint\",\"urlTemplate\":\"https:\\\/\\\/shopatoa.com\\\/ro\\\/?s={search_term_string}\"},\"query-input\":{\"@type\":\"PropertyValueSpecification\",\"valueRequired\":true,\"valueName\":\"search_term_string\"}}],\"inLanguage\":\"ro-RO\"},{\"@type\":\"Organization\",\"@id\":\"https:\\\/\\\/shopatoa.com\\\/ro\\\/#organization\",\"name\":\"SHOPATOA\",\"url\":\"https:\\\/\\\/shopatoa.com\\\/ro\\\/\",\"logo\":{\"@type\":\"ImageObject\",\"inLanguage\":\"ro-RO\",\"@id\":\"https:\\\/\\\/shopatoa.com\\\/ro\\\/#\\\/schema\\\/logo\\\/image\\\/\",\"url\":\"https:\\\/\\\/storage.googleapis.com\\\/cz-shopatoa-img\\\/ro\\\/b4dac915-shopatoa_logo.png\",\"contentUrl\":\"https:\\\/\\\/storage.googleapis.com\\\/cz-shopatoa-img\\\/ro\\\/b4dac915-shopatoa_logo.png\",\"width\":416,\"height\":63,\"caption\":\"SHOPATOA\"},\"image\":{\"@id\":\"https:\\\/\\\/shopatoa.com\\\/ro\\\/#\\\/schema\\\/logo\\\/image\\\/\"}}]}<\/script>\n<!-- \/ Yoast SEO plugin. -->","yoast_head_json":{"title":"Braun Aparat de tuns pentru barb\u0103 \u0219i p\u0103r 5420 Black - SHOPATOA.COM","robots":{"index":"index","follow":"follow","max-snippet":"max-snippet:-1","max-image-preview":"max-image-preview:large","max-video-preview":"max-video-preview:-1"},"canonical":"https:\/\/shopatoa.com\/ro\/braun-aparat-de-tuns-pentru-barba-si-par-5420-black\/","og_locale":"ro_RO","og_type":"article","og_title":"Braun Aparat de tuns pentru barb\u0103 \u0219i p\u0103r 5420 Black - SHOPATOA.COM","og_description":"Cu aparatul de tuns barba \u0219i p\u0103rul Braun Series 5, pute\u021bi ob\u021bine rezultate acas\u0103, ca la frizerie. Precis la fiecare mi\u0219care cu lame excep\u021bional de ascu\u021bite care asigur\u0103 un b\u0103rbierit uniform pe toate b\u0103rbile. Indicator rotativ de precizie cu 40 de set\u0103ri de lungime. Ofer\u0103 100 de minute de func\u021bionare f\u0103r\u0103 fir.","og_url":"https:\/\/shopatoa.com\/ro\/braun-aparat-de-tuns-pentru-barba-si-par-5420-black\/","og_site_name":"SHOPATOA","article_modified_time":"2025-10-13T09:43:29+00:00","og_image":[{"width":800,"height":800,"url":"https:\/\/storage.googleapis.com\/cz-shopatoa-img\/ro\/0ee05071-unnamed-file.webp","type":"image\/webp"}],"twitter_card":"summary_large_image","schema":{"@context":"https:\/\/schema.org","@graph":[{"@type":"WebPage","@id":"https:\/\/shopatoa.com\/ro\/braun-aparat-de-tuns-pentru-barba-si-par-5420-black\/","url":"https:\/\/shopatoa.com\/ro\/braun-aparat-de-tuns-pentru-barba-si-par-5420-black\/","name":"Braun Aparat de tuns pentru barb\u0103 \u0219i p\u0103r 5420 Black - SHOPATOA.COM","isPartOf":{"@id":"https:\/\/shopatoa.com\/ro\/#website"},"primaryImageOfPage":{"@id":"https:\/\/shopatoa.com\/ro\/braun-aparat-de-tuns-pentru-barba-si-par-5420-black\/#primaryimage"},"image":{"@id":"https:\/\/shopatoa.com\/ro\/braun-aparat-de-tuns-pentru-barba-si-par-5420-black\/#primaryimage"},"thumbnailUrl":"https:\/\/storage.googleapis.com\/cz-shopatoa-img\/ro\/0ee05071-unnamed-file.webp","datePublished":"2025-04-29T12:45:06+00:00","dateModified":"2025-10-13T09:43:29+00:00","breadcrumb":{"@id":"https:\/\/shopatoa.com\/ro\/braun-aparat-de-tuns-pentru-barba-si-par-5420-black\/#breadcrumb"},"inLanguage":"ro-RO","potentialAction":[{"@type":"ReadAction","target":["https:\/\/shopatoa.com\/ro\/braun-aparat-de-tuns-pentru-barba-si-par-5420-black\/"]}]},{"@type":"ImageObject","inLanguage":"ro-RO","@id":"https:\/\/shopatoa.com\/ro\/braun-aparat-de-tuns-pentru-barba-si-par-5420-black\/#primaryimage","url":"https:\/\/storage.googleapis.com\/cz-shopatoa-img\/ro\/0ee05071-unnamed-file.webp","contentUrl":"https:\/\/storage.googleapis.com\/cz-shopatoa-img\/ro\/0ee05071-unnamed-file.webp","width":800,"height":800},{"@type":"BreadcrumbList","@id":"https:\/\/shopatoa.com\/ro\/braun-aparat-de-tuns-pentru-barba-si-par-5420-black\/#breadcrumb","itemListElement":[{"@type":"ListItem","position":1,"name":"Dom\u016f","item":"https:\/\/shopatoa.com\/ro\/"},{"@type":"ListItem","position":2,"name":"Shop","item":"https:\/\/shopatoa.com\/ro\/shop\/"},{"@type":"ListItem","position":3,"name":"Cosmetice","item":"https:\/\/shopatoa.com\/ro\/cosmetice\/"},{"@type":"ListItem","position":4,"name":"Produse cosmetice pentru p\u0103r","item":"https:\/\/shopatoa.com\/ro\/produse-cosmetice-pentru-par\/"},{"@type":"ListItem","position":5,"name":"Produse, aparate \u0219i accesorii pentru p\u0103r","item":"https:\/\/shopatoa.com\/ro\/produse-aparate-si-accesorii-pentru-par\/"},{"@type":"ListItem","position":6,"name":"Aparate de tuns","item":"https:\/\/shopatoa.com\/ro\/aparate-de-tuns\/"},{"@type":"ListItem","position":7,"name":"Braun Aparat de tuns pentru barb\u0103 \u0219i p\u0103r 5420 Black"}]},{"@type":"WebSite","@id":"https:\/\/shopatoa.com\/ro\/#website","url":"https:\/\/shopatoa.com\/ro\/","name":"SHOPATOA","description":"","publisher":{"@id":"https:\/\/shopatoa.com\/ro\/#organization"},"potentialAction":[{"@type":"SearchAction","target":{"@type":"EntryPoint","urlTemplate":"https:\/\/shopatoa.com\/ro\/?s={search_term_string}"},"query-input":{"@type":"PropertyValueSpecification","valueRequired":true,"valueName":"search_term_string"}}],"inLanguage":"ro-RO"},{"@type":"Organization","@id":"https:\/\/shopatoa.com\/ro\/#organization","name":"SHOPATOA","url":"https:\/\/shopatoa.com\/ro\/","logo":{"@type":"ImageObject","inLanguage":"ro-RO","@id":"https:\/\/shopatoa.com\/ro\/#\/schema\/logo\/image\/","url":"https:\/\/storage.googleapis.com\/cz-shopatoa-img\/ro\/b4dac915-shopatoa_logo.png","contentUrl":"https:\/\/storage.googleapis.com\/cz-shopatoa-img\/ro\/b4dac915-shopatoa_logo.png","width":416,"height":63,"caption":"SHOPATOA"},"image":{"@id":"https:\/\/shopatoa.com\/ro\/#\/schema\/logo\/image\/"}}]}},"_links":{"self":[{"href":"https:\/\/shopatoa.com\/ro\/wp-json\/wp\/v2\/product\/272514","targetHints":{"allow":["GET"]}}],"collection":[{"href":"https:\/\/shopatoa.com\/ro\/wp-json\/wp\/v2\/product"}],"about":[{"href":"https:\/\/shopatoa.com\/ro\/wp-json\/wp\/v2\/types\/product"}],"replies":[{"embeddable":true,"href":"https:\/\/shopatoa.com\/ro\/wp-json\/wp\/v2\/comments?post=272514"}],"wp:featuredmedia":[{"embeddable":true,"href":"https:\/\/shopatoa.com\/ro\/wp-json\/wp\/v2\/media\/272515"}],"wp:attachment":[{"href":"https:\/\/shopatoa.com\/ro\/wp-json\/wp\/v2\/media?parent=272514"}],"wp:term":[{"taxonomy":"product_brand","embeddable":true,"href":"https:\/\/shopatoa.com\/ro\/wp-json\/wp\/v2\/product_brand?post=272514"},{"taxonomy":"product_cat","embeddable":true,"href":"https:\/\/shopatoa.com\/ro\/wp-json\/wp\/v2\/product_cat?post=272514"},{"taxonomy":"product_tag","embeddable":true,"href":"https:\/\/shopatoa.com\/ro\/wp-json\/wp\/v2\/product_tag?post=272514"}],"curies":[{"name":"wp","href":"https:\/\/api.w.org\/{rel}","templated":true}]}}