{"id":272737,"date":"2025-04-29T15:31:11","date_gmt":"2025-04-29T13:31:11","guid":{"rendered":"https:\/\/shopatoa.com\/ro\/jean-p-gaultier-divine-edp-30-ml\/"},"modified":"2025-12-08T15:13:35","modified_gmt":"2025-12-08T14:13:35","slug":"jean-p-gaultier-divine-edp-30-ml","status":"publish","type":"product","link":"https:\/\/shopatoa.com\/ro\/jean-p-gaultier-divine-edp-30-ml\/","title":{"rendered":"Jean P. Gaultier Divine &#8211; EDP 30 ml"},"content":{"rendered":"<p>Parfumul Divine de la marca Jean Paul Gaultier este o esen\u021b\u0103 floral\u0103 \u0219i dulce, cu o tent\u0103 seduc\u0103toare, creat\u0103 pentru femeile excep\u021bionale. Divine \u00ee\u0219i exprim\u0103 povestea despre for\u021ba feminit\u0103\u021bii \u0219i aduce un omagiu libert\u0103\u021bii \u0219i frumuse\u021bii inconfundabile a sufletului feminin. Trezi\u021bi zei\u021ba interioar\u0103, \u00eembr\u0103\u021bi\u0219\u00e2nd-o cu iubire \u0219i s\u0103rb\u0103tori\u021bi caracteristicile unice pe care le ave\u021bi. Bine a\u021bi venit \u00een universul Gaultier, unde fiecare femeie \u00ee\u0219i g\u0103se\u0219te propria str\u0103lucire \u00een divinitatea sa, \u00ee\u0219i exprim\u0103 libertatea \u0219i independen\u021ba, p\u0103str\u00e2nd mereu autenticitatea sa! Flaconul iconic \u00een form\u0103 de tors feminin, este decorat cu un corset aurit, reprezent\u00e2nd simbolul eliber\u0103rii femeilor. Elegan\u021ba, \u00eencrederea \u00een sine \u0219i feminitatea sunt magistral redate prin acordurile sclipitoare de bergamot \u0219i fructe de p\u0103dure ro\u0219ii, \u00eenso\u021bite de molecula de calipsone &#8211; a c\u0103rei arom\u0103 ozonic\u0103 aminte\u0219te de briza s\u0103rat\u0103 a m\u0103rii, completat\u0103 perfect de nuan\u021bele r\u0103coritoare de pepene verde. Inima exotic\u0103 dezv\u0103luie frumuse\u021bea ylang-ylang-ului, \u00eenso\u021bit\u0103 de iasomie \u0219i crin, l\u0103s\u00e2nd o impresie de senzualitate m\u0103rea\u021b\u0103. Seduc\u021bia este amplificat\u0103 de prezen\u021ba notelor de baz\u0103 de mosc, paciuli dulce \u0219i de o bezea pufoas\u0103 \u0219i dulce. Parfumul a fost lansat pe pia\u021b\u0103 \u00een anul 2023, iar creatorul s\u0103u este Quentin Bisch. Actri\u021ba american\u0103 Yara Shahidi a devenit ca imagine a acestui parfum. Sticla de 100 ml \u0219i 50 ml poate fi reumplut\u0103 datorit\u0103 rezervei v\u00e2ndute separat.<\/p>\n","protected":false},"excerpt":{"rendered":"<p>Parfumul Divine de la marca Jean Paul Gaultier este o esen\u021b\u0103 floral\u0103 \u0219i dulce, cu o tent\u0103 seduc\u0103toare, creat\u0103 pentru femeile excep\u021bionale. Divine \u00ee\u0219i exprim\u0103 povestea despre for\u021ba feminit\u0103\u021bii \u0219i aduce un omagiu libert\u0103\u021bii \u0219i frumuse\u021bii inconfundabile a sufletului feminin. Trezi\u021bi zei\u021ba interioar\u0103, \u00eembr\u0103\u021bi\u0219\u00e2nd-o cu iubire \u0219i s\u0103rb\u0103tori\u021bi caracteristicile unice pe care le ave\u021bi. Bine&#8230;<\/p>\n","protected":false},"featured_media":272738,"comment_status":"closed","ping_status":"open","template":"","meta":{"_acf_changed":false,"_kadence_starter_templates_imported_post":false,"_kad_post_transparent":"","_kad_post_title":"","_kad_post_layout":"","_kad_post_sidebar_id":"","_kad_post_content_style":"","_kad_post_vertical_padding":"","_kad_post_feature":"","_kad_post_feature_position":"","_kad_post_header":false,"_kad_post_footer":false,"_kad_post_classname":""},"product_brand":[357],"product_cat":[619,614],"product_tag":[],"class_list":{"0":"post-272737","1":"product","2":"type-product","3":"status-publish","4":"has-post-thumbnail","6":"product_brand-jean-p-gaultier","7":"product_cat-ape-de-parfum-edp","8":"product_cat-parfumuri","10":"first","11":"instock","12":"sale","13":"product-type-external","14":"entry","15":"content-bg","16":"loop-entry"},"acf":[],"yoast_head":"<!-- This site is optimized with the Yoast SEO plugin v27.3 - https:\/\/yoast.com\/product\/yoast-seo-wordpress\/ -->\n<title>Jean P. Gaultier Divine - EDP 30 ml - SHOPATOA.COM<\/title>\n<meta name=\"robots\" content=\"index, follow, max-snippet:-1, max-image-preview:large, max-video-preview:-1\" \/>\n<link rel=\"canonical\" href=\"https:\/\/shopatoa.com\/ro\/jean-p-gaultier-divine-edp-30-ml\/\" \/>\n<meta property=\"og:locale\" content=\"ro_RO\" \/>\n<meta property=\"og:type\" content=\"article\" \/>\n<meta property=\"og:title\" content=\"Jean P. Gaultier Divine - EDP 30 ml - SHOPATOA.COM\" \/>\n<meta property=\"og:description\" content=\"Parfumul Divine de la marca Jean Paul Gaultier este o esen\u021b\u0103 floral\u0103 \u0219i dulce, cu o tent\u0103 seduc\u0103toare, creat\u0103 pentru femeile excep\u021bionale. Divine \u00ee\u0219i exprim\u0103 povestea despre for\u021ba feminit\u0103\u021bii \u0219i aduce un omagiu libert\u0103\u021bii \u0219i frumuse\u021bii inconfundabile a sufletului feminin. Trezi\u021bi zei\u021ba interioar\u0103, \u00eembr\u0103\u021bi\u0219\u00e2nd-o cu iubire \u0219i s\u0103rb\u0103tori\u021bi caracteristicile unice pe care le ave\u021bi. Bine...\" \/>\n<meta property=\"og:url\" content=\"https:\/\/shopatoa.com\/ro\/jean-p-gaultier-divine-edp-30-ml\/\" \/>\n<meta property=\"og:site_name\" content=\"SHOPATOA\" \/>\n<meta property=\"article:modified_time\" content=\"2025-12-08T14:13:35+00:00\" \/>\n<meta property=\"og:image\" content=\"https:\/\/storage.googleapis.com\/cz-shopatoa-img\/ro\/10a8e4bc-unnamed-file.webp\" \/>\n\t<meta property=\"og:image:width\" content=\"800\" \/>\n\t<meta property=\"og:image:height\" content=\"800\" \/>\n\t<meta property=\"og:image:type\" content=\"image\/webp\" \/>\n<meta name=\"twitter:card\" content=\"summary_large_image\" \/>\n<meta name=\"twitter:label1\" content=\"Timp estimat pentru citire\" \/>\n\t<meta name=\"twitter:data1\" content=\"1 minut\" \/>\n<script type=\"application\/ld+json\" class=\"yoast-schema-graph\">{\"@context\":\"https:\\\/\\\/schema.org\",\"@graph\":[{\"@type\":\"WebPage\",\"@id\":\"https:\\\/\\\/shopatoa.com\\\/ro\\\/jean-p-gaultier-divine-edp-30-ml\\\/\",\"url\":\"https:\\\/\\\/shopatoa.com\\\/ro\\\/jean-p-gaultier-divine-edp-30-ml\\\/\",\"name\":\"Jean P. Gaultier Divine - EDP 30 ml - SHOPATOA.COM\",\"isPartOf\":{\"@id\":\"https:\\\/\\\/shopatoa.com\\\/ro\\\/#website\"},\"primaryImageOfPage\":{\"@id\":\"https:\\\/\\\/shopatoa.com\\\/ro\\\/jean-p-gaultier-divine-edp-30-ml\\\/#primaryimage\"},\"image\":{\"@id\":\"https:\\\/\\\/shopatoa.com\\\/ro\\\/jean-p-gaultier-divine-edp-30-ml\\\/#primaryimage\"},\"thumbnailUrl\":\"https:\\\/\\\/storage.googleapis.com\\\/cz-shopatoa-img\\\/ro\\\/10a8e4bc-unnamed-file.webp\",\"datePublished\":\"2025-04-29T13:31:11+00:00\",\"dateModified\":\"2025-12-08T14:13:35+00:00\",\"breadcrumb\":{\"@id\":\"https:\\\/\\\/shopatoa.com\\\/ro\\\/jean-p-gaultier-divine-edp-30-ml\\\/#breadcrumb\"},\"inLanguage\":\"ro-RO\",\"potentialAction\":[{\"@type\":\"ReadAction\",\"target\":[\"https:\\\/\\\/shopatoa.com\\\/ro\\\/jean-p-gaultier-divine-edp-30-ml\\\/\"]}]},{\"@type\":\"ImageObject\",\"inLanguage\":\"ro-RO\",\"@id\":\"https:\\\/\\\/shopatoa.com\\\/ro\\\/jean-p-gaultier-divine-edp-30-ml\\\/#primaryimage\",\"url\":\"https:\\\/\\\/storage.googleapis.com\\\/cz-shopatoa-img\\\/ro\\\/10a8e4bc-unnamed-file.webp\",\"contentUrl\":\"https:\\\/\\\/storage.googleapis.com\\\/cz-shopatoa-img\\\/ro\\\/10a8e4bc-unnamed-file.webp\",\"width\":800,\"height\":800},{\"@type\":\"BreadcrumbList\",\"@id\":\"https:\\\/\\\/shopatoa.com\\\/ro\\\/jean-p-gaultier-divine-edp-30-ml\\\/#breadcrumb\",\"itemListElement\":[{\"@type\":\"ListItem\",\"position\":1,\"name\":\"Dom\u016f\",\"item\":\"https:\\\/\\\/shopatoa.com\\\/ro\\\/\"},{\"@type\":\"ListItem\",\"position\":2,\"name\":\"Shop\",\"item\":\"https:\\\/\\\/shopatoa.com\\\/ro\\\/shop\\\/\"},{\"@type\":\"ListItem\",\"position\":3,\"name\":\"Parfumuri\",\"item\":\"https:\\\/\\\/shopatoa.com\\\/ro\\\/parfumuri\\\/\"},{\"@type\":\"ListItem\",\"position\":4,\"name\":\"Ape de parfum (EDP)\",\"item\":\"https:\\\/\\\/shopatoa.com\\\/ro\\\/ape-de-parfum-edp\\\/\"},{\"@type\":\"ListItem\",\"position\":5,\"name\":\"Jean P. Gaultier Divine &#8211; EDP 30 ml\"}]},{\"@type\":\"WebSite\",\"@id\":\"https:\\\/\\\/shopatoa.com\\\/ro\\\/#website\",\"url\":\"https:\\\/\\\/shopatoa.com\\\/ro\\\/\",\"name\":\"SHOPATOA\",\"description\":\"\",\"publisher\":{\"@id\":\"https:\\\/\\\/shopatoa.com\\\/ro\\\/#organization\"},\"potentialAction\":[{\"@type\":\"SearchAction\",\"target\":{\"@type\":\"EntryPoint\",\"urlTemplate\":\"https:\\\/\\\/shopatoa.com\\\/ro\\\/?s={search_term_string}\"},\"query-input\":{\"@type\":\"PropertyValueSpecification\",\"valueRequired\":true,\"valueName\":\"search_term_string\"}}],\"inLanguage\":\"ro-RO\"},{\"@type\":\"Organization\",\"@id\":\"https:\\\/\\\/shopatoa.com\\\/ro\\\/#organization\",\"name\":\"SHOPATOA\",\"url\":\"https:\\\/\\\/shopatoa.com\\\/ro\\\/\",\"logo\":{\"@type\":\"ImageObject\",\"inLanguage\":\"ro-RO\",\"@id\":\"https:\\\/\\\/shopatoa.com\\\/ro\\\/#\\\/schema\\\/logo\\\/image\\\/\",\"url\":\"https:\\\/\\\/storage.googleapis.com\\\/cz-shopatoa-img\\\/ro\\\/b4dac915-shopatoa_logo.png\",\"contentUrl\":\"https:\\\/\\\/storage.googleapis.com\\\/cz-shopatoa-img\\\/ro\\\/b4dac915-shopatoa_logo.png\",\"width\":416,\"height\":63,\"caption\":\"SHOPATOA\"},\"image\":{\"@id\":\"https:\\\/\\\/shopatoa.com\\\/ro\\\/#\\\/schema\\\/logo\\\/image\\\/\"}}]}<\/script>\n<!-- \/ Yoast SEO plugin. -->","yoast_head_json":{"title":"Jean P. Gaultier Divine - EDP 30 ml - SHOPATOA.COM","robots":{"index":"index","follow":"follow","max-snippet":"max-snippet:-1","max-image-preview":"max-image-preview:large","max-video-preview":"max-video-preview:-1"},"canonical":"https:\/\/shopatoa.com\/ro\/jean-p-gaultier-divine-edp-30-ml\/","og_locale":"ro_RO","og_type":"article","og_title":"Jean P. Gaultier Divine - EDP 30 ml - SHOPATOA.COM","og_description":"Parfumul Divine de la marca Jean Paul Gaultier este o esen\u021b\u0103 floral\u0103 \u0219i dulce, cu o tent\u0103 seduc\u0103toare, creat\u0103 pentru femeile excep\u021bionale. Divine \u00ee\u0219i exprim\u0103 povestea despre for\u021ba feminit\u0103\u021bii \u0219i aduce un omagiu libert\u0103\u021bii \u0219i frumuse\u021bii inconfundabile a sufletului feminin. Trezi\u021bi zei\u021ba interioar\u0103, \u00eembr\u0103\u021bi\u0219\u00e2nd-o cu iubire \u0219i s\u0103rb\u0103tori\u021bi caracteristicile unice pe care le ave\u021bi. Bine...","og_url":"https:\/\/shopatoa.com\/ro\/jean-p-gaultier-divine-edp-30-ml\/","og_site_name":"SHOPATOA","article_modified_time":"2025-12-08T14:13:35+00:00","og_image":[{"width":800,"height":800,"url":"https:\/\/storage.googleapis.com\/cz-shopatoa-img\/ro\/10a8e4bc-unnamed-file.webp","type":"image\/webp"}],"twitter_card":"summary_large_image","twitter_misc":{"Timp estimat pentru citire":"1 minut"},"schema":{"@context":"https:\/\/schema.org","@graph":[{"@type":"WebPage","@id":"https:\/\/shopatoa.com\/ro\/jean-p-gaultier-divine-edp-30-ml\/","url":"https:\/\/shopatoa.com\/ro\/jean-p-gaultier-divine-edp-30-ml\/","name":"Jean P. Gaultier Divine - EDP 30 ml - SHOPATOA.COM","isPartOf":{"@id":"https:\/\/shopatoa.com\/ro\/#website"},"primaryImageOfPage":{"@id":"https:\/\/shopatoa.com\/ro\/jean-p-gaultier-divine-edp-30-ml\/#primaryimage"},"image":{"@id":"https:\/\/shopatoa.com\/ro\/jean-p-gaultier-divine-edp-30-ml\/#primaryimage"},"thumbnailUrl":"https:\/\/storage.googleapis.com\/cz-shopatoa-img\/ro\/10a8e4bc-unnamed-file.webp","datePublished":"2025-04-29T13:31:11+00:00","dateModified":"2025-12-08T14:13:35+00:00","breadcrumb":{"@id":"https:\/\/shopatoa.com\/ro\/jean-p-gaultier-divine-edp-30-ml\/#breadcrumb"},"inLanguage":"ro-RO","potentialAction":[{"@type":"ReadAction","target":["https:\/\/shopatoa.com\/ro\/jean-p-gaultier-divine-edp-30-ml\/"]}]},{"@type":"ImageObject","inLanguage":"ro-RO","@id":"https:\/\/shopatoa.com\/ro\/jean-p-gaultier-divine-edp-30-ml\/#primaryimage","url":"https:\/\/storage.googleapis.com\/cz-shopatoa-img\/ro\/10a8e4bc-unnamed-file.webp","contentUrl":"https:\/\/storage.googleapis.com\/cz-shopatoa-img\/ro\/10a8e4bc-unnamed-file.webp","width":800,"height":800},{"@type":"BreadcrumbList","@id":"https:\/\/shopatoa.com\/ro\/jean-p-gaultier-divine-edp-30-ml\/#breadcrumb","itemListElement":[{"@type":"ListItem","position":1,"name":"Dom\u016f","item":"https:\/\/shopatoa.com\/ro\/"},{"@type":"ListItem","position":2,"name":"Shop","item":"https:\/\/shopatoa.com\/ro\/shop\/"},{"@type":"ListItem","position":3,"name":"Parfumuri","item":"https:\/\/shopatoa.com\/ro\/parfumuri\/"},{"@type":"ListItem","position":4,"name":"Ape de parfum (EDP)","item":"https:\/\/shopatoa.com\/ro\/ape-de-parfum-edp\/"},{"@type":"ListItem","position":5,"name":"Jean P. Gaultier Divine &#8211; EDP 30 ml"}]},{"@type":"WebSite","@id":"https:\/\/shopatoa.com\/ro\/#website","url":"https:\/\/shopatoa.com\/ro\/","name":"SHOPATOA","description":"","publisher":{"@id":"https:\/\/shopatoa.com\/ro\/#organization"},"potentialAction":[{"@type":"SearchAction","target":{"@type":"EntryPoint","urlTemplate":"https:\/\/shopatoa.com\/ro\/?s={search_term_string}"},"query-input":{"@type":"PropertyValueSpecification","valueRequired":true,"valueName":"search_term_string"}}],"inLanguage":"ro-RO"},{"@type":"Organization","@id":"https:\/\/shopatoa.com\/ro\/#organization","name":"SHOPATOA","url":"https:\/\/shopatoa.com\/ro\/","logo":{"@type":"ImageObject","inLanguage":"ro-RO","@id":"https:\/\/shopatoa.com\/ro\/#\/schema\/logo\/image\/","url":"https:\/\/storage.googleapis.com\/cz-shopatoa-img\/ro\/b4dac915-shopatoa_logo.png","contentUrl":"https:\/\/storage.googleapis.com\/cz-shopatoa-img\/ro\/b4dac915-shopatoa_logo.png","width":416,"height":63,"caption":"SHOPATOA"},"image":{"@id":"https:\/\/shopatoa.com\/ro\/#\/schema\/logo\/image\/"}}]}},"_links":{"self":[{"href":"https:\/\/shopatoa.com\/ro\/wp-json\/wp\/v2\/product\/272737","targetHints":{"allow":["GET"]}}],"collection":[{"href":"https:\/\/shopatoa.com\/ro\/wp-json\/wp\/v2\/product"}],"about":[{"href":"https:\/\/shopatoa.com\/ro\/wp-json\/wp\/v2\/types\/product"}],"replies":[{"embeddable":true,"href":"https:\/\/shopatoa.com\/ro\/wp-json\/wp\/v2\/comments?post=272737"}],"wp:featuredmedia":[{"embeddable":true,"href":"https:\/\/shopatoa.com\/ro\/wp-json\/wp\/v2\/media\/272738"}],"wp:attachment":[{"href":"https:\/\/shopatoa.com\/ro\/wp-json\/wp\/v2\/media?parent=272737"}],"wp:term":[{"taxonomy":"product_brand","embeddable":true,"href":"https:\/\/shopatoa.com\/ro\/wp-json\/wp\/v2\/product_brand?post=272737"},{"taxonomy":"product_cat","embeddable":true,"href":"https:\/\/shopatoa.com\/ro\/wp-json\/wp\/v2\/product_cat?post=272737"},{"taxonomy":"product_tag","embeddable":true,"href":"https:\/\/shopatoa.com\/ro\/wp-json\/wp\/v2\/product_tag?post=272737"}],"curies":[{"name":"wp","href":"https:\/\/api.w.org\/{rel}","templated":true}]}}