{"id":272811,"date":"2025-04-29T15:46:53","date_gmt":"2025-04-29T13:46:53","guid":{"rendered":"https:\/\/shopatoa.com\/ro\/nuxe-calendar-advent-beauty-countdown\/"},"modified":"2025-09-26T10:35:28","modified_gmt":"2025-09-26T08:35:28","slug":"nuxe-calendar-advent-beauty-countdown","status":"publish","type":"product","link":"https:\/\/shopatoa.com\/ro\/nuxe-calendar-advent-beauty-countdown\/","title":{"rendered":"Nuxe Calendar Advent Beauty Countdown"},"content":{"rendered":"<p>Vre\u021bi s\u0103 ad\u0103uga\u021bi pu\u021bin\u0103 magie vie\u021bii dvs. \u0219i s\u0103 v\u0103 bucura\u021bi de un mic cadou \u00een fiecare zi? Calendarul de Advent Nuxe con\u021bine 24 de produse emblematice ale acestui brand \u0219i v\u0103 va face timpul p\u00e2n\u0103 la Cr\u0103ciun mai pl\u0103cut. Calendarul con\u021bine: Gel de cur\u0103\u021bare exfoliant Aquabella (Purifying Micro-Exfoliating Gel) 15 ml Crem\u0103 hidratant\u0103 pentru piele normal\u0103 Cr\u00e8me fra\u00eeche de beaut\u00e9\u00ae (Moisturising Plumping Cream) 15 ml Crem\u0103 hidratant\u0103, lapte demachiant \u0219i masc\u0103 de fa\u021b\u0103 Cr\u00e8me fra\u00eeche de beaut\u00e9\u00ae (Hydrating Cream 48h 3-in-1) 15 ml Crem\u0103 multicorectoare de zi pentru pielea normal\u0103 p\u00e2n\u0103 la mixt\u0103 Cr\u00e8me Prodigieuse\u00ae Boost (Multi-Correction Cream-Gel) 15 ml Gel de du\u0219 Prodigieux N\u00e9roli (Relaxing Scented Shower Gel) 30 ml Crem\u0103 ulei hr\u0103nitor pentru piele uscat\u0103 Nuxuriance Gold (Nutri-Fortifying Cream-Oil) 15 ml Crem\u0103 de fermitate pentru ten normal p\u00e2n\u0103 la mixt Merveillance Lift (Firming Powdery Cream) 15 ml Crem\u0103 de fermitate pentru piele de noapte Merveillance Lift (Concentrated Night Cream) 15 ml Balsam calmant pentru pielea sensibil\u0103 \u0219i uscat\u0103 Reve de Miel (Ultra Comforting Face Balm) 15 ml Gel de cur\u0103\u021bare \u0219i demachiere Reve de Miel (Facial Cleansing and Make-Up Removing Gel) 15 ml Gel de du\u0219 emolient pentru corp \u0219i fa\u021b\u0103 Reve de Miel (Face and Body Ultra-Rich Cleansing Gel) 30 ml Crema hr\u0103nitoare pentru m\u00e2ini si unghii Reve de Miel (Hand and Nail Cream) 15 ml Stick hidratant pentru buze Reve de Miel (Lip Moisturizing Stick) 4 g Peeling corporal revitalizant Reve de Th\u00e9 (Revitalising Granular Scrub) 30 g Ulei de du\u0219 Prodigieux (Shower Oil) 30 ml Lo\u021biune de corp parfumata Prodigieux\u00ae (Scented Sublimating Body Lotion) 30 ml Ulei uscat multifunc\u021bional Huile Prodigieuse (Multi-Purpose Dry Oil) 10 ml Ulei uscat multifunc\u021bional pentru piele foarte uscat\u0103 Huile Prodigieuse Riche (Multi-Purpose Nourishing Oil) 10 ml Ulei multifunc\u021bional uscat pentru fa\u021b\u0103, corp \u0219i p\u0103r cu arom\u0103 floral\u0103 Huile Prodigieuse Florale (Multi-Purpose Dry Oil) 10 ml Ulei uscat multifunc\u021bional cu sclipici Huile Prodigieuse SAU 10 ml Gel de du\u0219 delicat Prodigieux Floral (Scented Shower Gel) 30 ml Ap\u0103 de parfum pentru femei Prodigieux (Prodigieux Le Parfum) 1,2 ml Ap\u0103 de parfum Prodigieux Floral (Le Parfum) 1,2 ml Ap\u0103 micelar\u0103 calmant\u0103 Very Rose (3-in1 Soothing Micellar Water) 50 ml<\/p>\n","protected":false},"excerpt":{"rendered":"<p>Vre\u021bi s\u0103 ad\u0103uga\u021bi pu\u021bin\u0103 magie vie\u021bii dvs. \u0219i s\u0103 v\u0103 bucura\u021bi de un mic cadou \u00een fiecare zi? Calendarul de Advent Nuxe con\u021bine 24 de produse emblematice ale acestui brand \u0219i v\u0103 va face timpul p\u00e2n\u0103 la Cr\u0103ciun mai pl\u0103cut. Calendarul con\u021bine: Gel de cur\u0103\u021bare exfoliant Aquabella (Purifying Micro-Exfoliating Gel) 15 ml Crem\u0103 hidratant\u0103 pentru&#8230;<\/p>\n","protected":false},"featured_media":272812,"comment_status":"closed","ping_status":"open","template":"","meta":{"_acf_changed":false,"_kadence_starter_templates_imported_post":false,"_kad_post_transparent":"","_kad_post_title":"","_kad_post_layout":"","_kad_post_sidebar_id":"","_kad_post_content_style":"","_kad_post_vertical_padding":"","_kad_post_feature":"","_kad_post_feature_position":"","_kad_post_header":false,"_kad_post_footer":false,"_kad_post_classname":""},"product_brand":[423],"product_cat":[246,660,634,706,633],"product_tag":[],"class_list":{"0":"post-272811","1":"product","2":"type-product","3":"status-publish","4":"has-post-thumbnail","6":"product_brand-nuxe","7":"product_cat-cosmetice","8":"product_cat-curatarea-demachierea-fetei","9":"product_cat-produse-cosmetice-de-ingrijire-a-pielii","10":"product_cat-produse-cosmetice-pentru-curatare","11":"product_cat-produse-cosmetice-pentru-piele","13":"first","14":"instock","15":"product-type-external","16":"entry","17":"content-bg","18":"loop-entry"},"acf":[],"yoast_head":"<!-- This site is optimized with the Yoast SEO plugin v27.3 - https:\/\/yoast.com\/product\/yoast-seo-wordpress\/ -->\n<title>Nuxe Calendar Advent Beauty Countdown - SHOPATOA.COM<\/title>\n<meta name=\"robots\" content=\"index, follow, max-snippet:-1, max-image-preview:large, max-video-preview:-1\" \/>\n<link rel=\"canonical\" href=\"https:\/\/shopatoa.com\/ro\/nuxe-calendar-advent-beauty-countdown\/\" \/>\n<meta property=\"og:locale\" content=\"ro_RO\" \/>\n<meta property=\"og:type\" content=\"article\" \/>\n<meta property=\"og:title\" content=\"Nuxe Calendar Advent Beauty Countdown - SHOPATOA.COM\" \/>\n<meta property=\"og:description\" content=\"Vre\u021bi s\u0103 ad\u0103uga\u021bi pu\u021bin\u0103 magie vie\u021bii dvs. \u0219i s\u0103 v\u0103 bucura\u021bi de un mic cadou \u00een fiecare zi? Calendarul de Advent Nuxe con\u021bine 24 de produse emblematice ale acestui brand \u0219i v\u0103 va face timpul p\u00e2n\u0103 la Cr\u0103ciun mai pl\u0103cut. Calendarul con\u021bine: Gel de cur\u0103\u021bare exfoliant Aquabella (Purifying Micro-Exfoliating Gel) 15 ml Crem\u0103 hidratant\u0103 pentru...\" \/>\n<meta property=\"og:url\" content=\"https:\/\/shopatoa.com\/ro\/nuxe-calendar-advent-beauty-countdown\/\" \/>\n<meta property=\"og:site_name\" content=\"SHOPATOA\" \/>\n<meta property=\"article:modified_time\" content=\"2025-09-26T08:35:28+00:00\" \/>\n<meta property=\"og:image\" content=\"https:\/\/storage.googleapis.com\/cz-shopatoa-img\/ro\/9429de53-unnamed-file.webp\" \/>\n\t<meta property=\"og:image:width\" content=\"800\" \/>\n\t<meta property=\"og:image:height\" content=\"800\" \/>\n\t<meta property=\"og:image:type\" content=\"image\/webp\" \/>\n<meta name=\"twitter:card\" content=\"summary_large_image\" \/>\n<meta name=\"twitter:label1\" content=\"Timp estimat pentru citire\" \/>\n\t<meta name=\"twitter:data1\" content=\"2 minute\" \/>\n<script type=\"application\/ld+json\" class=\"yoast-schema-graph\">{\"@context\":\"https:\\\/\\\/schema.org\",\"@graph\":[{\"@type\":\"WebPage\",\"@id\":\"https:\\\/\\\/shopatoa.com\\\/ro\\\/nuxe-calendar-advent-beauty-countdown\\\/\",\"url\":\"https:\\\/\\\/shopatoa.com\\\/ro\\\/nuxe-calendar-advent-beauty-countdown\\\/\",\"name\":\"Nuxe Calendar Advent Beauty Countdown - SHOPATOA.COM\",\"isPartOf\":{\"@id\":\"https:\\\/\\\/shopatoa.com\\\/ro\\\/#website\"},\"primaryImageOfPage\":{\"@id\":\"https:\\\/\\\/shopatoa.com\\\/ro\\\/nuxe-calendar-advent-beauty-countdown\\\/#primaryimage\"},\"image\":{\"@id\":\"https:\\\/\\\/shopatoa.com\\\/ro\\\/nuxe-calendar-advent-beauty-countdown\\\/#primaryimage\"},\"thumbnailUrl\":\"https:\\\/\\\/storage.googleapis.com\\\/cz-shopatoa-img\\\/ro\\\/9429de53-unnamed-file.webp\",\"datePublished\":\"2025-04-29T13:46:53+00:00\",\"dateModified\":\"2025-09-26T08:35:28+00:00\",\"breadcrumb\":{\"@id\":\"https:\\\/\\\/shopatoa.com\\\/ro\\\/nuxe-calendar-advent-beauty-countdown\\\/#breadcrumb\"},\"inLanguage\":\"ro-RO\",\"potentialAction\":[{\"@type\":\"ReadAction\",\"target\":[\"https:\\\/\\\/shopatoa.com\\\/ro\\\/nuxe-calendar-advent-beauty-countdown\\\/\"]}]},{\"@type\":\"ImageObject\",\"inLanguage\":\"ro-RO\",\"@id\":\"https:\\\/\\\/shopatoa.com\\\/ro\\\/nuxe-calendar-advent-beauty-countdown\\\/#primaryimage\",\"url\":\"https:\\\/\\\/storage.googleapis.com\\\/cz-shopatoa-img\\\/ro\\\/9429de53-unnamed-file.webp\",\"contentUrl\":\"https:\\\/\\\/storage.googleapis.com\\\/cz-shopatoa-img\\\/ro\\\/9429de53-unnamed-file.webp\",\"width\":800,\"height\":800},{\"@type\":\"BreadcrumbList\",\"@id\":\"https:\\\/\\\/shopatoa.com\\\/ro\\\/nuxe-calendar-advent-beauty-countdown\\\/#breadcrumb\",\"itemListElement\":[{\"@type\":\"ListItem\",\"position\":1,\"name\":\"Dom\u016f\",\"item\":\"https:\\\/\\\/shopatoa.com\\\/ro\\\/\"},{\"@type\":\"ListItem\",\"position\":2,\"name\":\"Shop\",\"item\":\"https:\\\/\\\/shopatoa.com\\\/ro\\\/shop\\\/\"},{\"@type\":\"ListItem\",\"position\":3,\"name\":\"Cosmetice\",\"item\":\"https:\\\/\\\/shopatoa.com\\\/ro\\\/cosmetice\\\/\"},{\"@type\":\"ListItem\",\"position\":4,\"name\":\"Produse cosmetice pentru piele\",\"item\":\"https:\\\/\\\/shopatoa.com\\\/ro\\\/produse-cosmetice-pentru-piele\\\/\"},{\"@type\":\"ListItem\",\"position\":5,\"name\":\"Produse cosmetice de \u00eengrijire a pielii\",\"item\":\"https:\\\/\\\/shopatoa.com\\\/ro\\\/produse-cosmetice-de-ingrijire-a-pielii\\\/\"},{\"@type\":\"ListItem\",\"position\":6,\"name\":\"Cur\u0103\u021barea, demachierea fe\u021bei\",\"item\":\"https:\\\/\\\/shopatoa.com\\\/ro\\\/curatarea-demachierea-fetei\\\/\"},{\"@type\":\"ListItem\",\"position\":7,\"name\":\"Produse cosmetice pentru cur\u0103\u021bare\",\"item\":\"https:\\\/\\\/shopatoa.com\\\/ro\\\/produse-cosmetice-pentru-curatare\\\/\"},{\"@type\":\"ListItem\",\"position\":8,\"name\":\"Nuxe Calendar Advent Beauty Countdown\"}]},{\"@type\":\"WebSite\",\"@id\":\"https:\\\/\\\/shopatoa.com\\\/ro\\\/#website\",\"url\":\"https:\\\/\\\/shopatoa.com\\\/ro\\\/\",\"name\":\"SHOPATOA\",\"description\":\"\",\"publisher\":{\"@id\":\"https:\\\/\\\/shopatoa.com\\\/ro\\\/#organization\"},\"potentialAction\":[{\"@type\":\"SearchAction\",\"target\":{\"@type\":\"EntryPoint\",\"urlTemplate\":\"https:\\\/\\\/shopatoa.com\\\/ro\\\/?s={search_term_string}\"},\"query-input\":{\"@type\":\"PropertyValueSpecification\",\"valueRequired\":true,\"valueName\":\"search_term_string\"}}],\"inLanguage\":\"ro-RO\"},{\"@type\":\"Organization\",\"@id\":\"https:\\\/\\\/shopatoa.com\\\/ro\\\/#organization\",\"name\":\"SHOPATOA\",\"url\":\"https:\\\/\\\/shopatoa.com\\\/ro\\\/\",\"logo\":{\"@type\":\"ImageObject\",\"inLanguage\":\"ro-RO\",\"@id\":\"https:\\\/\\\/shopatoa.com\\\/ro\\\/#\\\/schema\\\/logo\\\/image\\\/\",\"url\":\"https:\\\/\\\/storage.googleapis.com\\\/cz-shopatoa-img\\\/ro\\\/b4dac915-shopatoa_logo.png\",\"contentUrl\":\"https:\\\/\\\/storage.googleapis.com\\\/cz-shopatoa-img\\\/ro\\\/b4dac915-shopatoa_logo.png\",\"width\":416,\"height\":63,\"caption\":\"SHOPATOA\"},\"image\":{\"@id\":\"https:\\\/\\\/shopatoa.com\\\/ro\\\/#\\\/schema\\\/logo\\\/image\\\/\"}}]}<\/script>\n<!-- \/ Yoast SEO plugin. -->","yoast_head_json":{"title":"Nuxe Calendar Advent Beauty Countdown - SHOPATOA.COM","robots":{"index":"index","follow":"follow","max-snippet":"max-snippet:-1","max-image-preview":"max-image-preview:large","max-video-preview":"max-video-preview:-1"},"canonical":"https:\/\/shopatoa.com\/ro\/nuxe-calendar-advent-beauty-countdown\/","og_locale":"ro_RO","og_type":"article","og_title":"Nuxe Calendar Advent Beauty Countdown - SHOPATOA.COM","og_description":"Vre\u021bi s\u0103 ad\u0103uga\u021bi pu\u021bin\u0103 magie vie\u021bii dvs. \u0219i s\u0103 v\u0103 bucura\u021bi de un mic cadou \u00een fiecare zi? Calendarul de Advent Nuxe con\u021bine 24 de produse emblematice ale acestui brand \u0219i v\u0103 va face timpul p\u00e2n\u0103 la Cr\u0103ciun mai pl\u0103cut. Calendarul con\u021bine: Gel de cur\u0103\u021bare exfoliant Aquabella (Purifying Micro-Exfoliating Gel) 15 ml Crem\u0103 hidratant\u0103 pentru...","og_url":"https:\/\/shopatoa.com\/ro\/nuxe-calendar-advent-beauty-countdown\/","og_site_name":"SHOPATOA","article_modified_time":"2025-09-26T08:35:28+00:00","og_image":[{"width":800,"height":800,"url":"https:\/\/storage.googleapis.com\/cz-shopatoa-img\/ro\/9429de53-unnamed-file.webp","type":"image\/webp"}],"twitter_card":"summary_large_image","twitter_misc":{"Timp estimat pentru citire":"2 minute"},"schema":{"@context":"https:\/\/schema.org","@graph":[{"@type":"WebPage","@id":"https:\/\/shopatoa.com\/ro\/nuxe-calendar-advent-beauty-countdown\/","url":"https:\/\/shopatoa.com\/ro\/nuxe-calendar-advent-beauty-countdown\/","name":"Nuxe Calendar Advent Beauty Countdown - SHOPATOA.COM","isPartOf":{"@id":"https:\/\/shopatoa.com\/ro\/#website"},"primaryImageOfPage":{"@id":"https:\/\/shopatoa.com\/ro\/nuxe-calendar-advent-beauty-countdown\/#primaryimage"},"image":{"@id":"https:\/\/shopatoa.com\/ro\/nuxe-calendar-advent-beauty-countdown\/#primaryimage"},"thumbnailUrl":"https:\/\/storage.googleapis.com\/cz-shopatoa-img\/ro\/9429de53-unnamed-file.webp","datePublished":"2025-04-29T13:46:53+00:00","dateModified":"2025-09-26T08:35:28+00:00","breadcrumb":{"@id":"https:\/\/shopatoa.com\/ro\/nuxe-calendar-advent-beauty-countdown\/#breadcrumb"},"inLanguage":"ro-RO","potentialAction":[{"@type":"ReadAction","target":["https:\/\/shopatoa.com\/ro\/nuxe-calendar-advent-beauty-countdown\/"]}]},{"@type":"ImageObject","inLanguage":"ro-RO","@id":"https:\/\/shopatoa.com\/ro\/nuxe-calendar-advent-beauty-countdown\/#primaryimage","url":"https:\/\/storage.googleapis.com\/cz-shopatoa-img\/ro\/9429de53-unnamed-file.webp","contentUrl":"https:\/\/storage.googleapis.com\/cz-shopatoa-img\/ro\/9429de53-unnamed-file.webp","width":800,"height":800},{"@type":"BreadcrumbList","@id":"https:\/\/shopatoa.com\/ro\/nuxe-calendar-advent-beauty-countdown\/#breadcrumb","itemListElement":[{"@type":"ListItem","position":1,"name":"Dom\u016f","item":"https:\/\/shopatoa.com\/ro\/"},{"@type":"ListItem","position":2,"name":"Shop","item":"https:\/\/shopatoa.com\/ro\/shop\/"},{"@type":"ListItem","position":3,"name":"Cosmetice","item":"https:\/\/shopatoa.com\/ro\/cosmetice\/"},{"@type":"ListItem","position":4,"name":"Produse cosmetice pentru piele","item":"https:\/\/shopatoa.com\/ro\/produse-cosmetice-pentru-piele\/"},{"@type":"ListItem","position":5,"name":"Produse cosmetice de \u00eengrijire a pielii","item":"https:\/\/shopatoa.com\/ro\/produse-cosmetice-de-ingrijire-a-pielii\/"},{"@type":"ListItem","position":6,"name":"Cur\u0103\u021barea, demachierea fe\u021bei","item":"https:\/\/shopatoa.com\/ro\/curatarea-demachierea-fetei\/"},{"@type":"ListItem","position":7,"name":"Produse cosmetice pentru cur\u0103\u021bare","item":"https:\/\/shopatoa.com\/ro\/produse-cosmetice-pentru-curatare\/"},{"@type":"ListItem","position":8,"name":"Nuxe Calendar Advent Beauty Countdown"}]},{"@type":"WebSite","@id":"https:\/\/shopatoa.com\/ro\/#website","url":"https:\/\/shopatoa.com\/ro\/","name":"SHOPATOA","description":"","publisher":{"@id":"https:\/\/shopatoa.com\/ro\/#organization"},"potentialAction":[{"@type":"SearchAction","target":{"@type":"EntryPoint","urlTemplate":"https:\/\/shopatoa.com\/ro\/?s={search_term_string}"},"query-input":{"@type":"PropertyValueSpecification","valueRequired":true,"valueName":"search_term_string"}}],"inLanguage":"ro-RO"},{"@type":"Organization","@id":"https:\/\/shopatoa.com\/ro\/#organization","name":"SHOPATOA","url":"https:\/\/shopatoa.com\/ro\/","logo":{"@type":"ImageObject","inLanguage":"ro-RO","@id":"https:\/\/shopatoa.com\/ro\/#\/schema\/logo\/image\/","url":"https:\/\/storage.googleapis.com\/cz-shopatoa-img\/ro\/b4dac915-shopatoa_logo.png","contentUrl":"https:\/\/storage.googleapis.com\/cz-shopatoa-img\/ro\/b4dac915-shopatoa_logo.png","width":416,"height":63,"caption":"SHOPATOA"},"image":{"@id":"https:\/\/shopatoa.com\/ro\/#\/schema\/logo\/image\/"}}]}},"_links":{"self":[{"href":"https:\/\/shopatoa.com\/ro\/wp-json\/wp\/v2\/product\/272811","targetHints":{"allow":["GET"]}}],"collection":[{"href":"https:\/\/shopatoa.com\/ro\/wp-json\/wp\/v2\/product"}],"about":[{"href":"https:\/\/shopatoa.com\/ro\/wp-json\/wp\/v2\/types\/product"}],"replies":[{"embeddable":true,"href":"https:\/\/shopatoa.com\/ro\/wp-json\/wp\/v2\/comments?post=272811"}],"wp:featuredmedia":[{"embeddable":true,"href":"https:\/\/shopatoa.com\/ro\/wp-json\/wp\/v2\/media\/272812"}],"wp:attachment":[{"href":"https:\/\/shopatoa.com\/ro\/wp-json\/wp\/v2\/media?parent=272811"}],"wp:term":[{"taxonomy":"product_brand","embeddable":true,"href":"https:\/\/shopatoa.com\/ro\/wp-json\/wp\/v2\/product_brand?post=272811"},{"taxonomy":"product_cat","embeddable":true,"href":"https:\/\/shopatoa.com\/ro\/wp-json\/wp\/v2\/product_cat?post=272811"},{"taxonomy":"product_tag","embeddable":true,"href":"https:\/\/shopatoa.com\/ro\/wp-json\/wp\/v2\/product_tag?post=272811"}],"curies":[{"name":"wp","href":"https:\/\/api.w.org\/{rel}","templated":true}]}}