{"id":273007,"date":"2025-04-29T16:30:25","date_gmt":"2025-04-29T14:30:25","guid":{"rendered":"https:\/\/shopatoa.com\/ro\/naif-spuma-de-baie-relaxanta-baby-kids-relaxing-bath-foam-500-ml\/"},"modified":"2025-12-08T14:23:44","modified_gmt":"2025-12-08T13:23:44","slug":"naif-spuma-de-baie-relaxanta-baby-kids-relaxing-bath-foam-500-ml","status":"publish","type":"product","link":"https:\/\/shopatoa.com\/ro\/naif-spuma-de-baie-relaxanta-baby-kids-relaxing-bath-foam-500-ml\/","title":{"rendered":"NA\u00cfF Spum\u0103 de baie relaxant\u0103 Baby &amp; Kids (Relaxing Bath Foam) 500 ml"},"content":{"rendered":"<p>Spum\u0103 de baie natural\u0103 relaxant\u0103 pentru copii \u0219i bebelu\u0219i. Un ritual lini\u0219titor de sear\u0103 care ofer\u0103 relaxare \u0219i spa\u021biu pentru o baie distractiv\u0103. \u00cengrijirea de relaxare este potrivit\u0103 \u0219i pentru copiii cu piele uscat\u0103 sau eczematoas\u0103. Spuma este realizat\u0103 din ingrediente naturale, nuc\u0103 de cocos, care reac\u021bioneaz\u0103 cu glucoza, semin\u021bele de bumbac \u0219i extractul de gr\u00e2u, este testat\u0103 dermatologic \u0219i are un miros pl\u0103cut (parfumul con\u021binut nu provoac\u0103 alergii). Spuma de baie relaxant\u0103 creeaz\u0103 bule fine, nu con\u021bine s\u0103pun sau substan\u021be chimice nocive, nu con\u021bine uleiuri minerale, parabeni, PEG \u0219i agen\u021bi de spumare sintetici, SLS\/SLES, fenoxietanol, conservan\u021bi chimici, uleiuri esen\u021biale sau alte substan\u021be poten\u021bial d\u0103un\u0103toare sau alergene.<\/p>\n","protected":false},"excerpt":{"rendered":"<p>Spum\u0103 de baie natural\u0103 relaxant\u0103 pentru copii \u0219i bebelu\u0219i. Un ritual lini\u0219titor de sear\u0103 care ofer\u0103 relaxare \u0219i spa\u021biu pentru o baie distractiv\u0103. \u00cengrijirea de relaxare este potrivit\u0103 \u0219i pentru copiii cu piele uscat\u0103 sau eczematoas\u0103. Spuma este realizat\u0103 din ingrediente naturale, nuc\u0103 de cocos, care reac\u021bioneaz\u0103 cu glucoza, semin\u021bele de bumbac \u0219i extractul de&#8230;<\/p>\n","protected":false},"featured_media":273008,"comment_status":"closed","ping_status":"open","template":"","meta":{"_acf_changed":false,"_kadence_starter_templates_imported_post":false,"_kad_post_transparent":"","_kad_post_title":"","_kad_post_layout":"","_kad_post_sidebar_id":"","_kad_post_content_style":"","_kad_post_vertical_padding":"","_kad_post_feature":"","_kad_post_feature_position":"","_kad_post_header":false,"_kad_post_footer":false,"_kad_post_classname":""},"product_brand":[543],"product_cat":[246,641,611],"product_tag":[],"class_list":{"0":"post-273007","1":"product","2":"type-product","3":"status-publish","4":"has-post-thumbnail","6":"product_brand-naif","7":"product_cat-cosmetice","8":"product_cat-cosmetice-pentru-dus-si-baie","9":"product_cat-produse-cosmetice-pentru-corp","11":"first","12":"instock","13":"sale","14":"product-type-external","15":"entry","16":"content-bg","17":"loop-entry"},"acf":[],"yoast_head":"<!-- This site is optimized with the Yoast SEO plugin v27.4 - https:\/\/yoast.com\/product\/yoast-seo-wordpress\/ -->\n<title>NA\u00cfF Spum\u0103 de baie relaxant\u0103 Baby &amp; Kids (Relaxing Bath Foam) 500 ml - SHOPATOA.COM<\/title>\n<meta name=\"robots\" content=\"index, follow, max-snippet:-1, max-image-preview:large, max-video-preview:-1\" \/>\n<link rel=\"canonical\" href=\"https:\/\/shopatoa.com\/ro\/naif-spuma-de-baie-relaxanta-baby-kids-relaxing-bath-foam-500-ml\/\" \/>\n<meta property=\"og:locale\" content=\"ro_RO\" \/>\n<meta property=\"og:type\" content=\"article\" \/>\n<meta property=\"og:title\" content=\"NA\u00cfF Spum\u0103 de baie relaxant\u0103 Baby &amp; Kids (Relaxing Bath Foam) 500 ml - SHOPATOA.COM\" \/>\n<meta property=\"og:description\" content=\"Spum\u0103 de baie natural\u0103 relaxant\u0103 pentru copii \u0219i bebelu\u0219i. Un ritual lini\u0219titor de sear\u0103 care ofer\u0103 relaxare \u0219i spa\u021biu pentru o baie distractiv\u0103. \u00cengrijirea de relaxare este potrivit\u0103 \u0219i pentru copiii cu piele uscat\u0103 sau eczematoas\u0103. Spuma este realizat\u0103 din ingrediente naturale, nuc\u0103 de cocos, care reac\u021bioneaz\u0103 cu glucoza, semin\u021bele de bumbac \u0219i extractul de...\" \/>\n<meta property=\"og:url\" content=\"https:\/\/shopatoa.com\/ro\/naif-spuma-de-baie-relaxanta-baby-kids-relaxing-bath-foam-500-ml\/\" \/>\n<meta property=\"og:site_name\" content=\"SHOPATOA\" \/>\n<meta property=\"article:modified_time\" content=\"2025-12-08T13:23:44+00:00\" \/>\n<meta property=\"og:image\" content=\"https:\/\/storage.googleapis.com\/cz-shopatoa-img\/ro\/983dbd1d-unnamed-file.webp\" \/>\n\t<meta property=\"og:image:width\" content=\"800\" \/>\n\t<meta property=\"og:image:height\" content=\"800\" \/>\n\t<meta property=\"og:image:type\" content=\"image\/webp\" \/>\n<meta name=\"twitter:card\" content=\"summary_large_image\" \/>\n<meta name=\"twitter:label1\" content=\"Timp estimat pentru citire\" \/>\n\t<meta name=\"twitter:data1\" content=\"1 minut\" \/>\n<script type=\"application\/ld+json\" class=\"yoast-schema-graph\">{\"@context\":\"https:\\\/\\\/schema.org\",\"@graph\":[{\"@type\":\"WebPage\",\"@id\":\"https:\\\/\\\/shopatoa.com\\\/ro\\\/naif-spuma-de-baie-relaxanta-baby-kids-relaxing-bath-foam-500-ml\\\/\",\"url\":\"https:\\\/\\\/shopatoa.com\\\/ro\\\/naif-spuma-de-baie-relaxanta-baby-kids-relaxing-bath-foam-500-ml\\\/\",\"name\":\"NA\u00cfF Spum\u0103 de baie relaxant\u0103 Baby & Kids (Relaxing Bath Foam) 500 ml - SHOPATOA.COM\",\"isPartOf\":{\"@id\":\"https:\\\/\\\/shopatoa.com\\\/ro\\\/#website\"},\"primaryImageOfPage\":{\"@id\":\"https:\\\/\\\/shopatoa.com\\\/ro\\\/naif-spuma-de-baie-relaxanta-baby-kids-relaxing-bath-foam-500-ml\\\/#primaryimage\"},\"image\":{\"@id\":\"https:\\\/\\\/shopatoa.com\\\/ro\\\/naif-spuma-de-baie-relaxanta-baby-kids-relaxing-bath-foam-500-ml\\\/#primaryimage\"},\"thumbnailUrl\":\"https:\\\/\\\/storage.googleapis.com\\\/cz-shopatoa-img\\\/ro\\\/983dbd1d-unnamed-file.webp\",\"datePublished\":\"2025-04-29T14:30:25+00:00\",\"dateModified\":\"2025-12-08T13:23:44+00:00\",\"breadcrumb\":{\"@id\":\"https:\\\/\\\/shopatoa.com\\\/ro\\\/naif-spuma-de-baie-relaxanta-baby-kids-relaxing-bath-foam-500-ml\\\/#breadcrumb\"},\"inLanguage\":\"ro-RO\",\"potentialAction\":[{\"@type\":\"ReadAction\",\"target\":[\"https:\\\/\\\/shopatoa.com\\\/ro\\\/naif-spuma-de-baie-relaxanta-baby-kids-relaxing-bath-foam-500-ml\\\/\"]}]},{\"@type\":\"ImageObject\",\"inLanguage\":\"ro-RO\",\"@id\":\"https:\\\/\\\/shopatoa.com\\\/ro\\\/naif-spuma-de-baie-relaxanta-baby-kids-relaxing-bath-foam-500-ml\\\/#primaryimage\",\"url\":\"https:\\\/\\\/storage.googleapis.com\\\/cz-shopatoa-img\\\/ro\\\/983dbd1d-unnamed-file.webp\",\"contentUrl\":\"https:\\\/\\\/storage.googleapis.com\\\/cz-shopatoa-img\\\/ro\\\/983dbd1d-unnamed-file.webp\",\"width\":800,\"height\":800},{\"@type\":\"BreadcrumbList\",\"@id\":\"https:\\\/\\\/shopatoa.com\\\/ro\\\/naif-spuma-de-baie-relaxanta-baby-kids-relaxing-bath-foam-500-ml\\\/#breadcrumb\",\"itemListElement\":[{\"@type\":\"ListItem\",\"position\":1,\"name\":\"Dom\u016f\",\"item\":\"https:\\\/\\\/shopatoa.com\\\/ro\\\/\"},{\"@type\":\"ListItem\",\"position\":2,\"name\":\"Shop\",\"item\":\"https:\\\/\\\/shopatoa.com\\\/ro\\\/shop\\\/\"},{\"@type\":\"ListItem\",\"position\":3,\"name\":\"Cosmetice\",\"item\":\"https:\\\/\\\/shopatoa.com\\\/ro\\\/cosmetice\\\/\"},{\"@type\":\"ListItem\",\"position\":4,\"name\":\"Produse cosmetice pentru corp\",\"item\":\"https:\\\/\\\/shopatoa.com\\\/ro\\\/produse-cosmetice-pentru-corp\\\/\"},{\"@type\":\"ListItem\",\"position\":5,\"name\":\"Cosmetice pentru du\u0219 \u0219i baie\",\"item\":\"https:\\\/\\\/shopatoa.com\\\/ro\\\/cosmetice-pentru-dus-si-baie\\\/\"},{\"@type\":\"ListItem\",\"position\":6,\"name\":\"NA\u00cfF Spum\u0103 de baie relaxant\u0103 Baby &amp; Kids (Relaxing Bath Foam) 500 ml\"}]},{\"@type\":\"WebSite\",\"@id\":\"https:\\\/\\\/shopatoa.com\\\/ro\\\/#website\",\"url\":\"https:\\\/\\\/shopatoa.com\\\/ro\\\/\",\"name\":\"SHOPATOA\",\"description\":\"\",\"publisher\":{\"@id\":\"https:\\\/\\\/shopatoa.com\\\/ro\\\/#organization\"},\"potentialAction\":[{\"@type\":\"SearchAction\",\"target\":{\"@type\":\"EntryPoint\",\"urlTemplate\":\"https:\\\/\\\/shopatoa.com\\\/ro\\\/?s={search_term_string}\"},\"query-input\":{\"@type\":\"PropertyValueSpecification\",\"valueRequired\":true,\"valueName\":\"search_term_string\"}}],\"inLanguage\":\"ro-RO\"},{\"@type\":\"Organization\",\"@id\":\"https:\\\/\\\/shopatoa.com\\\/ro\\\/#organization\",\"name\":\"SHOPATOA\",\"url\":\"https:\\\/\\\/shopatoa.com\\\/ro\\\/\",\"logo\":{\"@type\":\"ImageObject\",\"inLanguage\":\"ro-RO\",\"@id\":\"https:\\\/\\\/shopatoa.com\\\/ro\\\/#\\\/schema\\\/logo\\\/image\\\/\",\"url\":\"https:\\\/\\\/storage.googleapis.com\\\/cz-shopatoa-img\\\/ro\\\/b4dac915-shopatoa_logo.png\",\"contentUrl\":\"https:\\\/\\\/storage.googleapis.com\\\/cz-shopatoa-img\\\/ro\\\/b4dac915-shopatoa_logo.png\",\"width\":416,\"height\":63,\"caption\":\"SHOPATOA\"},\"image\":{\"@id\":\"https:\\\/\\\/shopatoa.com\\\/ro\\\/#\\\/schema\\\/logo\\\/image\\\/\"}}]}<\/script>\n<!-- \/ Yoast SEO plugin. -->","yoast_head_json":{"title":"NA\u00cfF Spum\u0103 de baie relaxant\u0103 Baby & Kids (Relaxing Bath Foam) 500 ml - SHOPATOA.COM","robots":{"index":"index","follow":"follow","max-snippet":"max-snippet:-1","max-image-preview":"max-image-preview:large","max-video-preview":"max-video-preview:-1"},"canonical":"https:\/\/shopatoa.com\/ro\/naif-spuma-de-baie-relaxanta-baby-kids-relaxing-bath-foam-500-ml\/","og_locale":"ro_RO","og_type":"article","og_title":"NA\u00cfF Spum\u0103 de baie relaxant\u0103 Baby & Kids (Relaxing Bath Foam) 500 ml - SHOPATOA.COM","og_description":"Spum\u0103 de baie natural\u0103 relaxant\u0103 pentru copii \u0219i bebelu\u0219i. Un ritual lini\u0219titor de sear\u0103 care ofer\u0103 relaxare \u0219i spa\u021biu pentru o baie distractiv\u0103. \u00cengrijirea de relaxare este potrivit\u0103 \u0219i pentru copiii cu piele uscat\u0103 sau eczematoas\u0103. Spuma este realizat\u0103 din ingrediente naturale, nuc\u0103 de cocos, care reac\u021bioneaz\u0103 cu glucoza, semin\u021bele de bumbac \u0219i extractul de...","og_url":"https:\/\/shopatoa.com\/ro\/naif-spuma-de-baie-relaxanta-baby-kids-relaxing-bath-foam-500-ml\/","og_site_name":"SHOPATOA","article_modified_time":"2025-12-08T13:23:44+00:00","og_image":[{"width":800,"height":800,"url":"https:\/\/storage.googleapis.com\/cz-shopatoa-img\/ro\/983dbd1d-unnamed-file.webp","type":"image\/webp"}],"twitter_card":"summary_large_image","twitter_misc":{"Timp estimat pentru citire":"1 minut"},"schema":{"@context":"https:\/\/schema.org","@graph":[{"@type":"WebPage","@id":"https:\/\/shopatoa.com\/ro\/naif-spuma-de-baie-relaxanta-baby-kids-relaxing-bath-foam-500-ml\/","url":"https:\/\/shopatoa.com\/ro\/naif-spuma-de-baie-relaxanta-baby-kids-relaxing-bath-foam-500-ml\/","name":"NA\u00cfF Spum\u0103 de baie relaxant\u0103 Baby & Kids (Relaxing Bath Foam) 500 ml - SHOPATOA.COM","isPartOf":{"@id":"https:\/\/shopatoa.com\/ro\/#website"},"primaryImageOfPage":{"@id":"https:\/\/shopatoa.com\/ro\/naif-spuma-de-baie-relaxanta-baby-kids-relaxing-bath-foam-500-ml\/#primaryimage"},"image":{"@id":"https:\/\/shopatoa.com\/ro\/naif-spuma-de-baie-relaxanta-baby-kids-relaxing-bath-foam-500-ml\/#primaryimage"},"thumbnailUrl":"https:\/\/storage.googleapis.com\/cz-shopatoa-img\/ro\/983dbd1d-unnamed-file.webp","datePublished":"2025-04-29T14:30:25+00:00","dateModified":"2025-12-08T13:23:44+00:00","breadcrumb":{"@id":"https:\/\/shopatoa.com\/ro\/naif-spuma-de-baie-relaxanta-baby-kids-relaxing-bath-foam-500-ml\/#breadcrumb"},"inLanguage":"ro-RO","potentialAction":[{"@type":"ReadAction","target":["https:\/\/shopatoa.com\/ro\/naif-spuma-de-baie-relaxanta-baby-kids-relaxing-bath-foam-500-ml\/"]}]},{"@type":"ImageObject","inLanguage":"ro-RO","@id":"https:\/\/shopatoa.com\/ro\/naif-spuma-de-baie-relaxanta-baby-kids-relaxing-bath-foam-500-ml\/#primaryimage","url":"https:\/\/storage.googleapis.com\/cz-shopatoa-img\/ro\/983dbd1d-unnamed-file.webp","contentUrl":"https:\/\/storage.googleapis.com\/cz-shopatoa-img\/ro\/983dbd1d-unnamed-file.webp","width":800,"height":800},{"@type":"BreadcrumbList","@id":"https:\/\/shopatoa.com\/ro\/naif-spuma-de-baie-relaxanta-baby-kids-relaxing-bath-foam-500-ml\/#breadcrumb","itemListElement":[{"@type":"ListItem","position":1,"name":"Dom\u016f","item":"https:\/\/shopatoa.com\/ro\/"},{"@type":"ListItem","position":2,"name":"Shop","item":"https:\/\/shopatoa.com\/ro\/shop\/"},{"@type":"ListItem","position":3,"name":"Cosmetice","item":"https:\/\/shopatoa.com\/ro\/cosmetice\/"},{"@type":"ListItem","position":4,"name":"Produse cosmetice pentru corp","item":"https:\/\/shopatoa.com\/ro\/produse-cosmetice-pentru-corp\/"},{"@type":"ListItem","position":5,"name":"Cosmetice pentru du\u0219 \u0219i baie","item":"https:\/\/shopatoa.com\/ro\/cosmetice-pentru-dus-si-baie\/"},{"@type":"ListItem","position":6,"name":"NA\u00cfF Spum\u0103 de baie relaxant\u0103 Baby &amp; Kids (Relaxing Bath Foam) 500 ml"}]},{"@type":"WebSite","@id":"https:\/\/shopatoa.com\/ro\/#website","url":"https:\/\/shopatoa.com\/ro\/","name":"SHOPATOA","description":"","publisher":{"@id":"https:\/\/shopatoa.com\/ro\/#organization"},"potentialAction":[{"@type":"SearchAction","target":{"@type":"EntryPoint","urlTemplate":"https:\/\/shopatoa.com\/ro\/?s={search_term_string}"},"query-input":{"@type":"PropertyValueSpecification","valueRequired":true,"valueName":"search_term_string"}}],"inLanguage":"ro-RO"},{"@type":"Organization","@id":"https:\/\/shopatoa.com\/ro\/#organization","name":"SHOPATOA","url":"https:\/\/shopatoa.com\/ro\/","logo":{"@type":"ImageObject","inLanguage":"ro-RO","@id":"https:\/\/shopatoa.com\/ro\/#\/schema\/logo\/image\/","url":"https:\/\/storage.googleapis.com\/cz-shopatoa-img\/ro\/b4dac915-shopatoa_logo.png","contentUrl":"https:\/\/storage.googleapis.com\/cz-shopatoa-img\/ro\/b4dac915-shopatoa_logo.png","width":416,"height":63,"caption":"SHOPATOA"},"image":{"@id":"https:\/\/shopatoa.com\/ro\/#\/schema\/logo\/image\/"}}]}},"_links":{"self":[{"href":"https:\/\/shopatoa.com\/ro\/wp-json\/wp\/v2\/product\/273007","targetHints":{"allow":["GET"]}}],"collection":[{"href":"https:\/\/shopatoa.com\/ro\/wp-json\/wp\/v2\/product"}],"about":[{"href":"https:\/\/shopatoa.com\/ro\/wp-json\/wp\/v2\/types\/product"}],"replies":[{"embeddable":true,"href":"https:\/\/shopatoa.com\/ro\/wp-json\/wp\/v2\/comments?post=273007"}],"wp:featuredmedia":[{"embeddable":true,"href":"https:\/\/shopatoa.com\/ro\/wp-json\/wp\/v2\/media\/273008"}],"wp:attachment":[{"href":"https:\/\/shopatoa.com\/ro\/wp-json\/wp\/v2\/media?parent=273007"}],"wp:term":[{"taxonomy":"product_brand","embeddable":true,"href":"https:\/\/shopatoa.com\/ro\/wp-json\/wp\/v2\/product_brand?post=273007"},{"taxonomy":"product_cat","embeddable":true,"href":"https:\/\/shopatoa.com\/ro\/wp-json\/wp\/v2\/product_cat?post=273007"},{"taxonomy":"product_tag","embeddable":true,"href":"https:\/\/shopatoa.com\/ro\/wp-json\/wp\/v2\/product_tag?post=273007"}],"curies":[{"name":"wp","href":"https:\/\/api.w.org\/{rel}","templated":true}]}}