{"id":273020,"date":"2025-04-29T16:31:32","date_gmt":"2025-04-29T14:31:32","guid":{"rendered":"https:\/\/shopatoa.com\/ro\/village-candle-lumanare-parfumata-in-sticla-lady-bug-389-g\/"},"modified":"2025-09-29T06:50:56","modified_gmt":"2025-09-29T04:50:56","slug":"village-candle-lumanare-parfumata-in-sticla-lady-bug-389-g","status":"publish","type":"product","link":"https:\/\/shopatoa.com\/ro\/village-candle-lumanare-parfumata-in-sticla-lady-bug-389-g\/","title":{"rendered":"Village Candle Lum\u00e2nare parfumat\u0103 \u00een sticl\u0103 Lady Bug 389 g"},"content":{"rendered":"<p>Buburuze dr\u0103gu\u021be, simbol al fericirii, zboar\u0103 printre florile colorate ale gr\u0103dinii verzi \u0219i luxuriante fermecate, plin\u0103 de violete \u0219i ciorchini de iasomie parfumat\u0103 m\u0103rginind p\u0103durile \u00een care cresc zmeura s\u0103lbatic\u0103, umpl\u00e2nd aerul cu un parfum dulce \u0219i \u00eemb\u0103t\u0103tor. Lum\u00e2nare decorativ\u0103 parfumat\u0103 \u00eentr-un vas de sticl\u0103 cu capac \u0219i dou\u0103 fitiluri. Cum s\u0103 asigura\u021bi o flac\u0103r\u0103 suficient\u0103 a lum\u00e2n\u0103rii: principala cauz\u0103 a unei fl\u0103c\u0103ri mici este nivelul sc\u0103zut de oxigen din interiorul lum\u00e2n\u0103rii. Prin urmare, este posibil ca lum\u00e2narea s\u0103 nu ard\u0103 corect. Asigura\u021bi-v\u0103 c\u0103 ceara se \u00eenc\u0103lze\u0219te \u00eentotdeauna p\u00e2n\u0103 la margini. Nu elimina\u021bi ceara \u0219i nu t\u0103ia\u021bi fitilurile. Dac\u0103 aceast\u0103 recomandare este respectat\u0103 o perioad\u0103 suficient de lung\u0103, nivelul de oxigen va reveni treptat \u0219i flac\u0103ra va arde din nou puternic.<\/p>\n","protected":false},"excerpt":{"rendered":"<p>Buburuze dr\u0103gu\u021be, simbol al fericirii, zboar\u0103 printre florile colorate ale gr\u0103dinii verzi \u0219i luxuriante fermecate, plin\u0103 de violete \u0219i ciorchini de iasomie parfumat\u0103 m\u0103rginind p\u0103durile \u00een care cresc zmeura s\u0103lbatic\u0103, umpl\u00e2nd aerul cu un parfum dulce \u0219i \u00eemb\u0103t\u0103tor. Lum\u00e2nare decorativ\u0103 parfumat\u0103 \u00eentr-un vas de sticl\u0103 cu capac \u0219i dou\u0103 fitiluri. Cum s\u0103 asigura\u021bi o flac\u0103r\u0103&#8230;<\/p>\n","protected":false},"featured_media":273021,"comment_status":"closed","ping_status":"open","template":"","meta":{"_acf_changed":false,"_kadence_starter_templates_imported_post":false,"_kad_post_transparent":"","_kad_post_title":"","_kad_post_layout":"","_kad_post_sidebar_id":"","_kad_post_content_style":"","_kad_post_vertical_padding":"","_kad_post_feature":"","_kad_post_feature_position":"","_kad_post_header":false,"_kad_post_footer":false,"_kad_post_classname":""},"product_brand":[843],"product_cat":[246,655,654,760],"product_tag":[],"class_list":{"0":"post-273020","1":"product","2":"type-product","3":"status-publish","4":"has-post-thumbnail","6":"product_brand-village-candle","7":"product_cat-cosmetice","8":"product_cat-lumanari-parfumate","9":"product_cat-lumanari-parfumate-si-arome","10":"product_cat-lumanari-parfumate-spoilerul","12":"first","13":"instock","14":"product-type-external","15":"entry","16":"content-bg","17":"loop-entry"},"acf":[],"yoast_head":"<!-- This site is optimized with the Yoast SEO plugin v27.4 - https:\/\/yoast.com\/product\/yoast-seo-wordpress\/ -->\n<title>Village Candle Lum\u00e2nare parfumat\u0103 \u00een sticl\u0103 Lady Bug 389 g - SHOPATOA.COM<\/title>\n<meta name=\"robots\" content=\"index, follow, max-snippet:-1, max-image-preview:large, max-video-preview:-1\" \/>\n<link rel=\"canonical\" href=\"https:\/\/shopatoa.com\/ro\/village-candle-lumanare-parfumata-in-sticla-lady-bug-389-g\/\" \/>\n<meta property=\"og:locale\" content=\"ro_RO\" \/>\n<meta property=\"og:type\" content=\"article\" \/>\n<meta property=\"og:title\" content=\"Village Candle Lum\u00e2nare parfumat\u0103 \u00een sticl\u0103 Lady Bug 389 g - SHOPATOA.COM\" \/>\n<meta property=\"og:description\" content=\"Buburuze dr\u0103gu\u021be, simbol al fericirii, zboar\u0103 printre florile colorate ale gr\u0103dinii verzi \u0219i luxuriante fermecate, plin\u0103 de violete \u0219i ciorchini de iasomie parfumat\u0103 m\u0103rginind p\u0103durile \u00een care cresc zmeura s\u0103lbatic\u0103, umpl\u00e2nd aerul cu un parfum dulce \u0219i \u00eemb\u0103t\u0103tor. Lum\u00e2nare decorativ\u0103 parfumat\u0103 \u00eentr-un vas de sticl\u0103 cu capac \u0219i dou\u0103 fitiluri. Cum s\u0103 asigura\u021bi o flac\u0103r\u0103...\" \/>\n<meta property=\"og:url\" content=\"https:\/\/shopatoa.com\/ro\/village-candle-lumanare-parfumata-in-sticla-lady-bug-389-g\/\" \/>\n<meta property=\"og:site_name\" content=\"SHOPATOA\" \/>\n<meta property=\"article:modified_time\" content=\"2025-09-29T04:50:56+00:00\" \/>\n<meta property=\"og:image\" content=\"https:\/\/storage.googleapis.com\/cz-shopatoa-img\/ro\/f0398182-unnamed-file.webp\" \/>\n\t<meta property=\"og:image:width\" content=\"800\" \/>\n\t<meta property=\"og:image:height\" content=\"800\" \/>\n\t<meta property=\"og:image:type\" content=\"image\/webp\" \/>\n<meta name=\"twitter:card\" content=\"summary_large_image\" \/>\n<meta name=\"twitter:label1\" content=\"Timp estimat pentru citire\" \/>\n\t<meta name=\"twitter:data1\" content=\"1 minut\" \/>\n<script type=\"application\/ld+json\" class=\"yoast-schema-graph\">{\"@context\":\"https:\\\/\\\/schema.org\",\"@graph\":[{\"@type\":\"WebPage\",\"@id\":\"https:\\\/\\\/shopatoa.com\\\/ro\\\/village-candle-lumanare-parfumata-in-sticla-lady-bug-389-g\\\/\",\"url\":\"https:\\\/\\\/shopatoa.com\\\/ro\\\/village-candle-lumanare-parfumata-in-sticla-lady-bug-389-g\\\/\",\"name\":\"Village Candle Lum\u00e2nare parfumat\u0103 \u00een sticl\u0103 Lady Bug 389 g - SHOPATOA.COM\",\"isPartOf\":{\"@id\":\"https:\\\/\\\/shopatoa.com\\\/ro\\\/#website\"},\"primaryImageOfPage\":{\"@id\":\"https:\\\/\\\/shopatoa.com\\\/ro\\\/village-candle-lumanare-parfumata-in-sticla-lady-bug-389-g\\\/#primaryimage\"},\"image\":{\"@id\":\"https:\\\/\\\/shopatoa.com\\\/ro\\\/village-candle-lumanare-parfumata-in-sticla-lady-bug-389-g\\\/#primaryimage\"},\"thumbnailUrl\":\"https:\\\/\\\/storage.googleapis.com\\\/cz-shopatoa-img\\\/ro\\\/f0398182-unnamed-file.webp\",\"datePublished\":\"2025-04-29T14:31:32+00:00\",\"dateModified\":\"2025-09-29T04:50:56+00:00\",\"breadcrumb\":{\"@id\":\"https:\\\/\\\/shopatoa.com\\\/ro\\\/village-candle-lumanare-parfumata-in-sticla-lady-bug-389-g\\\/#breadcrumb\"},\"inLanguage\":\"ro-RO\",\"potentialAction\":[{\"@type\":\"ReadAction\",\"target\":[\"https:\\\/\\\/shopatoa.com\\\/ro\\\/village-candle-lumanare-parfumata-in-sticla-lady-bug-389-g\\\/\"]}]},{\"@type\":\"ImageObject\",\"inLanguage\":\"ro-RO\",\"@id\":\"https:\\\/\\\/shopatoa.com\\\/ro\\\/village-candle-lumanare-parfumata-in-sticla-lady-bug-389-g\\\/#primaryimage\",\"url\":\"https:\\\/\\\/storage.googleapis.com\\\/cz-shopatoa-img\\\/ro\\\/f0398182-unnamed-file.webp\",\"contentUrl\":\"https:\\\/\\\/storage.googleapis.com\\\/cz-shopatoa-img\\\/ro\\\/f0398182-unnamed-file.webp\",\"width\":800,\"height\":800},{\"@type\":\"BreadcrumbList\",\"@id\":\"https:\\\/\\\/shopatoa.com\\\/ro\\\/village-candle-lumanare-parfumata-in-sticla-lady-bug-389-g\\\/#breadcrumb\",\"itemListElement\":[{\"@type\":\"ListItem\",\"position\":1,\"name\":\"Dom\u016f\",\"item\":\"https:\\\/\\\/shopatoa.com\\\/ro\\\/\"},{\"@type\":\"ListItem\",\"position\":2,\"name\":\"Shop\",\"item\":\"https:\\\/\\\/shopatoa.com\\\/ro\\\/shop\\\/\"},{\"@type\":\"ListItem\",\"position\":3,\"name\":\"Cosmetice\",\"item\":\"https:\\\/\\\/shopatoa.com\\\/ro\\\/cosmetice\\\/\"},{\"@type\":\"ListItem\",\"position\":4,\"name\":\"Lum\u00e2n\u0103ri parfumate \u0219i arome\",\"item\":\"https:\\\/\\\/shopatoa.com\\\/ro\\\/lumanari-parfumate-si-arome\\\/\"},{\"@type\":\"ListItem\",\"position\":5,\"name\":\"Lum\u00e2n\u0103ri parfumate\",\"item\":\"https:\\\/\\\/shopatoa.com\\\/ro\\\/lumanari-parfumate\\\/\"},{\"@type\":\"ListItem\",\"position\":6,\"name\":\"Lumanari parfumate Spoilerul\",\"item\":\"https:\\\/\\\/shopatoa.com\\\/ro\\\/lumanari-parfumate-spoilerul\\\/\"},{\"@type\":\"ListItem\",\"position\":7,\"name\":\"Village Candle Lum\u00e2nare parfumat\u0103 \u00een sticl\u0103 Lady Bug 389 g\"}]},{\"@type\":\"WebSite\",\"@id\":\"https:\\\/\\\/shopatoa.com\\\/ro\\\/#website\",\"url\":\"https:\\\/\\\/shopatoa.com\\\/ro\\\/\",\"name\":\"SHOPATOA\",\"description\":\"\",\"publisher\":{\"@id\":\"https:\\\/\\\/shopatoa.com\\\/ro\\\/#organization\"},\"potentialAction\":[{\"@type\":\"SearchAction\",\"target\":{\"@type\":\"EntryPoint\",\"urlTemplate\":\"https:\\\/\\\/shopatoa.com\\\/ro\\\/?s={search_term_string}\"},\"query-input\":{\"@type\":\"PropertyValueSpecification\",\"valueRequired\":true,\"valueName\":\"search_term_string\"}}],\"inLanguage\":\"ro-RO\"},{\"@type\":\"Organization\",\"@id\":\"https:\\\/\\\/shopatoa.com\\\/ro\\\/#organization\",\"name\":\"SHOPATOA\",\"url\":\"https:\\\/\\\/shopatoa.com\\\/ro\\\/\",\"logo\":{\"@type\":\"ImageObject\",\"inLanguage\":\"ro-RO\",\"@id\":\"https:\\\/\\\/shopatoa.com\\\/ro\\\/#\\\/schema\\\/logo\\\/image\\\/\",\"url\":\"https:\\\/\\\/storage.googleapis.com\\\/cz-shopatoa-img\\\/ro\\\/b4dac915-shopatoa_logo.png\",\"contentUrl\":\"https:\\\/\\\/storage.googleapis.com\\\/cz-shopatoa-img\\\/ro\\\/b4dac915-shopatoa_logo.png\",\"width\":416,\"height\":63,\"caption\":\"SHOPATOA\"},\"image\":{\"@id\":\"https:\\\/\\\/shopatoa.com\\\/ro\\\/#\\\/schema\\\/logo\\\/image\\\/\"}}]}<\/script>\n<!-- \/ Yoast SEO plugin. -->","yoast_head_json":{"title":"Village Candle Lum\u00e2nare parfumat\u0103 \u00een sticl\u0103 Lady Bug 389 g - SHOPATOA.COM","robots":{"index":"index","follow":"follow","max-snippet":"max-snippet:-1","max-image-preview":"max-image-preview:large","max-video-preview":"max-video-preview:-1"},"canonical":"https:\/\/shopatoa.com\/ro\/village-candle-lumanare-parfumata-in-sticla-lady-bug-389-g\/","og_locale":"ro_RO","og_type":"article","og_title":"Village Candle Lum\u00e2nare parfumat\u0103 \u00een sticl\u0103 Lady Bug 389 g - SHOPATOA.COM","og_description":"Buburuze dr\u0103gu\u021be, simbol al fericirii, zboar\u0103 printre florile colorate ale gr\u0103dinii verzi \u0219i luxuriante fermecate, plin\u0103 de violete \u0219i ciorchini de iasomie parfumat\u0103 m\u0103rginind p\u0103durile \u00een care cresc zmeura s\u0103lbatic\u0103, umpl\u00e2nd aerul cu un parfum dulce \u0219i \u00eemb\u0103t\u0103tor. Lum\u00e2nare decorativ\u0103 parfumat\u0103 \u00eentr-un vas de sticl\u0103 cu capac \u0219i dou\u0103 fitiluri. Cum s\u0103 asigura\u021bi o flac\u0103r\u0103...","og_url":"https:\/\/shopatoa.com\/ro\/village-candle-lumanare-parfumata-in-sticla-lady-bug-389-g\/","og_site_name":"SHOPATOA","article_modified_time":"2025-09-29T04:50:56+00:00","og_image":[{"width":800,"height":800,"url":"https:\/\/storage.googleapis.com\/cz-shopatoa-img\/ro\/f0398182-unnamed-file.webp","type":"image\/webp"}],"twitter_card":"summary_large_image","twitter_misc":{"Timp estimat pentru citire":"1 minut"},"schema":{"@context":"https:\/\/schema.org","@graph":[{"@type":"WebPage","@id":"https:\/\/shopatoa.com\/ro\/village-candle-lumanare-parfumata-in-sticla-lady-bug-389-g\/","url":"https:\/\/shopatoa.com\/ro\/village-candle-lumanare-parfumata-in-sticla-lady-bug-389-g\/","name":"Village Candle Lum\u00e2nare parfumat\u0103 \u00een sticl\u0103 Lady Bug 389 g - SHOPATOA.COM","isPartOf":{"@id":"https:\/\/shopatoa.com\/ro\/#website"},"primaryImageOfPage":{"@id":"https:\/\/shopatoa.com\/ro\/village-candle-lumanare-parfumata-in-sticla-lady-bug-389-g\/#primaryimage"},"image":{"@id":"https:\/\/shopatoa.com\/ro\/village-candle-lumanare-parfumata-in-sticla-lady-bug-389-g\/#primaryimage"},"thumbnailUrl":"https:\/\/storage.googleapis.com\/cz-shopatoa-img\/ro\/f0398182-unnamed-file.webp","datePublished":"2025-04-29T14:31:32+00:00","dateModified":"2025-09-29T04:50:56+00:00","breadcrumb":{"@id":"https:\/\/shopatoa.com\/ro\/village-candle-lumanare-parfumata-in-sticla-lady-bug-389-g\/#breadcrumb"},"inLanguage":"ro-RO","potentialAction":[{"@type":"ReadAction","target":["https:\/\/shopatoa.com\/ro\/village-candle-lumanare-parfumata-in-sticla-lady-bug-389-g\/"]}]},{"@type":"ImageObject","inLanguage":"ro-RO","@id":"https:\/\/shopatoa.com\/ro\/village-candle-lumanare-parfumata-in-sticla-lady-bug-389-g\/#primaryimage","url":"https:\/\/storage.googleapis.com\/cz-shopatoa-img\/ro\/f0398182-unnamed-file.webp","contentUrl":"https:\/\/storage.googleapis.com\/cz-shopatoa-img\/ro\/f0398182-unnamed-file.webp","width":800,"height":800},{"@type":"BreadcrumbList","@id":"https:\/\/shopatoa.com\/ro\/village-candle-lumanare-parfumata-in-sticla-lady-bug-389-g\/#breadcrumb","itemListElement":[{"@type":"ListItem","position":1,"name":"Dom\u016f","item":"https:\/\/shopatoa.com\/ro\/"},{"@type":"ListItem","position":2,"name":"Shop","item":"https:\/\/shopatoa.com\/ro\/shop\/"},{"@type":"ListItem","position":3,"name":"Cosmetice","item":"https:\/\/shopatoa.com\/ro\/cosmetice\/"},{"@type":"ListItem","position":4,"name":"Lum\u00e2n\u0103ri parfumate \u0219i arome","item":"https:\/\/shopatoa.com\/ro\/lumanari-parfumate-si-arome\/"},{"@type":"ListItem","position":5,"name":"Lum\u00e2n\u0103ri parfumate","item":"https:\/\/shopatoa.com\/ro\/lumanari-parfumate\/"},{"@type":"ListItem","position":6,"name":"Lumanari parfumate Spoilerul","item":"https:\/\/shopatoa.com\/ro\/lumanari-parfumate-spoilerul\/"},{"@type":"ListItem","position":7,"name":"Village Candle Lum\u00e2nare parfumat\u0103 \u00een sticl\u0103 Lady Bug 389 g"}]},{"@type":"WebSite","@id":"https:\/\/shopatoa.com\/ro\/#website","url":"https:\/\/shopatoa.com\/ro\/","name":"SHOPATOA","description":"","publisher":{"@id":"https:\/\/shopatoa.com\/ro\/#organization"},"potentialAction":[{"@type":"SearchAction","target":{"@type":"EntryPoint","urlTemplate":"https:\/\/shopatoa.com\/ro\/?s={search_term_string}"},"query-input":{"@type":"PropertyValueSpecification","valueRequired":true,"valueName":"search_term_string"}}],"inLanguage":"ro-RO"},{"@type":"Organization","@id":"https:\/\/shopatoa.com\/ro\/#organization","name":"SHOPATOA","url":"https:\/\/shopatoa.com\/ro\/","logo":{"@type":"ImageObject","inLanguage":"ro-RO","@id":"https:\/\/shopatoa.com\/ro\/#\/schema\/logo\/image\/","url":"https:\/\/storage.googleapis.com\/cz-shopatoa-img\/ro\/b4dac915-shopatoa_logo.png","contentUrl":"https:\/\/storage.googleapis.com\/cz-shopatoa-img\/ro\/b4dac915-shopatoa_logo.png","width":416,"height":63,"caption":"SHOPATOA"},"image":{"@id":"https:\/\/shopatoa.com\/ro\/#\/schema\/logo\/image\/"}}]}},"_links":{"self":[{"href":"https:\/\/shopatoa.com\/ro\/wp-json\/wp\/v2\/product\/273020","targetHints":{"allow":["GET"]}}],"collection":[{"href":"https:\/\/shopatoa.com\/ro\/wp-json\/wp\/v2\/product"}],"about":[{"href":"https:\/\/shopatoa.com\/ro\/wp-json\/wp\/v2\/types\/product"}],"replies":[{"embeddable":true,"href":"https:\/\/shopatoa.com\/ro\/wp-json\/wp\/v2\/comments?post=273020"}],"wp:featuredmedia":[{"embeddable":true,"href":"https:\/\/shopatoa.com\/ro\/wp-json\/wp\/v2\/media\/273021"}],"wp:attachment":[{"href":"https:\/\/shopatoa.com\/ro\/wp-json\/wp\/v2\/media?parent=273020"}],"wp:term":[{"taxonomy":"product_brand","embeddable":true,"href":"https:\/\/shopatoa.com\/ro\/wp-json\/wp\/v2\/product_brand?post=273020"},{"taxonomy":"product_cat","embeddable":true,"href":"https:\/\/shopatoa.com\/ro\/wp-json\/wp\/v2\/product_cat?post=273020"},{"taxonomy":"product_tag","embeddable":true,"href":"https:\/\/shopatoa.com\/ro\/wp-json\/wp\/v2\/product_tag?post=273020"}],"curies":[{"name":"wp","href":"https:\/\/api.w.org\/{rel}","templated":true}]}}