{"id":273028,"date":"2025-04-29T16:35:04","date_gmt":"2025-04-29T14:35:04","guid":{"rendered":"https:\/\/shopatoa.com\/ro\/invisibobble-elastic-de-par-power-rose-and-ice-3-buc\/"},"modified":"2025-12-08T14:16:52","modified_gmt":"2025-12-08T13:16:52","slug":"invisibobble-elastic-de-par-power-rose-and-ice-3-buc","status":"publish","type":"product","link":"https:\/\/shopatoa.com\/ro\/invisibobble-elastic-de-par-power-rose-and-ice-3-buc\/","title":{"rendered":"Invisibobble Elastic de p\u0103r Power Rose and Ice 3 buc"},"content":{"rendered":"<p>Elasticul rezistent Invisibobble\u00ae Power este special conceput pentru p\u0103rul dens \u0219i neascult\u0103tor sau pentru persoanele cu un stil de via\u021b\u0103 activ. Datorit\u0103 formei sale unice \u00een spiral\u0103, \u021bine coafura sub control \u0219i, \u00een acela\u0219i timp, ofer\u0103 un confort pe care un elastic obi\u0219nuit nu \u00eel poate oferi. Deoarece nu absoarbe ap\u0103, poate fi \u00eendep\u0103rtat chiar \u0219i de pe p\u0103rul ud f\u0103r\u0103 a miro\u0219i, ruptur\u0103 sau alte deterior\u0103ri dureroase ale p\u0103rului.<\/p>\n","protected":false},"excerpt":{"rendered":"<p>Elasticul rezistent Invisibobble\u00ae Power este special conceput pentru p\u0103rul dens \u0219i neascult\u0103tor sau pentru persoanele cu un stil de via\u021b\u0103 activ. Datorit\u0103 formei sale unice \u00een spiral\u0103, \u021bine coafura sub control \u0219i, \u00een acela\u0219i timp, ofer\u0103 un confort pe care un elastic obi\u0219nuit nu \u00eel poate oferi. Deoarece nu absoarbe ap\u0103, poate fi \u00eendep\u0103rtat chiar&#8230;<\/p>\n","protected":false},"featured_media":273029,"comment_status":"closed","ping_status":"open","template":"","meta":{"_acf_changed":false,"_kadence_starter_templates_imported_post":false,"_kad_post_transparent":"","_kad_post_title":"","_kad_post_layout":"","_kad_post_sidebar_id":"","_kad_post_content_style":"","_kad_post_vertical_padding":"","_kad_post_feature":"","_kad_post_feature_position":"","_kad_post_header":false,"_kad_post_footer":false,"_kad_post_classname":""},"product_brand":[35],"product_cat":[625,246,623,624],"product_tag":[],"class_list":{"0":"post-273028","1":"product","2":"type-product","3":"status-publish","4":"has-post-thumbnail","6":"product_brand-invisibobble","7":"product_cat-accesorii-pentru-par-elastice-agrafe-cleme-benzi-pentru-cap","8":"product_cat-cosmetice","9":"product_cat-produse-cosmetice-pentru-par","10":"product_cat-produse-aparate-si-accesorii-pentru-par","12":"first","13":"instock","14":"product-type-external","15":"entry","16":"content-bg","17":"loop-entry"},"acf":[],"yoast_head":"<!-- This site is optimized with the Yoast SEO plugin v27.3 - https:\/\/yoast.com\/product\/yoast-seo-wordpress\/ -->\n<title>Invisibobble Elastic de p\u0103r Power Rose and Ice 3 buc - SHOPATOA.COM<\/title>\n<meta name=\"robots\" content=\"index, follow, max-snippet:-1, max-image-preview:large, max-video-preview:-1\" \/>\n<link rel=\"canonical\" href=\"https:\/\/shopatoa.com\/ro\/invisibobble-elastic-de-par-power-rose-and-ice-3-buc\/\" \/>\n<meta property=\"og:locale\" content=\"ro_RO\" \/>\n<meta property=\"og:type\" content=\"article\" \/>\n<meta property=\"og:title\" content=\"Invisibobble Elastic de p\u0103r Power Rose and Ice 3 buc - SHOPATOA.COM\" \/>\n<meta property=\"og:description\" content=\"Elasticul rezistent Invisibobble\u00ae Power este special conceput pentru p\u0103rul dens \u0219i neascult\u0103tor sau pentru persoanele cu un stil de via\u021b\u0103 activ. Datorit\u0103 formei sale unice \u00een spiral\u0103, \u021bine coafura sub control \u0219i, \u00een acela\u0219i timp, ofer\u0103 un confort pe care un elastic obi\u0219nuit nu \u00eel poate oferi. Deoarece nu absoarbe ap\u0103, poate fi \u00eendep\u0103rtat chiar...\" \/>\n<meta property=\"og:url\" content=\"https:\/\/shopatoa.com\/ro\/invisibobble-elastic-de-par-power-rose-and-ice-3-buc\/\" \/>\n<meta property=\"og:site_name\" content=\"SHOPATOA\" \/>\n<meta property=\"article:modified_time\" content=\"2025-12-08T13:16:52+00:00\" \/>\n<meta property=\"og:image\" content=\"https:\/\/storage.googleapis.com\/cz-shopatoa-img\/ro\/b8576404-unnamed-file.webp\" \/>\n\t<meta property=\"og:image:width\" content=\"800\" \/>\n\t<meta property=\"og:image:height\" content=\"800\" \/>\n\t<meta property=\"og:image:type\" content=\"image\/webp\" \/>\n<meta name=\"twitter:card\" content=\"summary_large_image\" \/>\n<script type=\"application\/ld+json\" class=\"yoast-schema-graph\">{\"@context\":\"https:\\\/\\\/schema.org\",\"@graph\":[{\"@type\":\"WebPage\",\"@id\":\"https:\\\/\\\/shopatoa.com\\\/ro\\\/invisibobble-elastic-de-par-power-rose-and-ice-3-buc\\\/\",\"url\":\"https:\\\/\\\/shopatoa.com\\\/ro\\\/invisibobble-elastic-de-par-power-rose-and-ice-3-buc\\\/\",\"name\":\"Invisibobble Elastic de p\u0103r Power Rose and Ice 3 buc - SHOPATOA.COM\",\"isPartOf\":{\"@id\":\"https:\\\/\\\/shopatoa.com\\\/ro\\\/#website\"},\"primaryImageOfPage\":{\"@id\":\"https:\\\/\\\/shopatoa.com\\\/ro\\\/invisibobble-elastic-de-par-power-rose-and-ice-3-buc\\\/#primaryimage\"},\"image\":{\"@id\":\"https:\\\/\\\/shopatoa.com\\\/ro\\\/invisibobble-elastic-de-par-power-rose-and-ice-3-buc\\\/#primaryimage\"},\"thumbnailUrl\":\"https:\\\/\\\/storage.googleapis.com\\\/cz-shopatoa-img\\\/ro\\\/b8576404-unnamed-file.webp\",\"datePublished\":\"2025-04-29T14:35:04+00:00\",\"dateModified\":\"2025-12-08T13:16:52+00:00\",\"breadcrumb\":{\"@id\":\"https:\\\/\\\/shopatoa.com\\\/ro\\\/invisibobble-elastic-de-par-power-rose-and-ice-3-buc\\\/#breadcrumb\"},\"inLanguage\":\"ro-RO\",\"potentialAction\":[{\"@type\":\"ReadAction\",\"target\":[\"https:\\\/\\\/shopatoa.com\\\/ro\\\/invisibobble-elastic-de-par-power-rose-and-ice-3-buc\\\/\"]}]},{\"@type\":\"ImageObject\",\"inLanguage\":\"ro-RO\",\"@id\":\"https:\\\/\\\/shopatoa.com\\\/ro\\\/invisibobble-elastic-de-par-power-rose-and-ice-3-buc\\\/#primaryimage\",\"url\":\"https:\\\/\\\/storage.googleapis.com\\\/cz-shopatoa-img\\\/ro\\\/b8576404-unnamed-file.webp\",\"contentUrl\":\"https:\\\/\\\/storage.googleapis.com\\\/cz-shopatoa-img\\\/ro\\\/b8576404-unnamed-file.webp\",\"width\":800,\"height\":800},{\"@type\":\"BreadcrumbList\",\"@id\":\"https:\\\/\\\/shopatoa.com\\\/ro\\\/invisibobble-elastic-de-par-power-rose-and-ice-3-buc\\\/#breadcrumb\",\"itemListElement\":[{\"@type\":\"ListItem\",\"position\":1,\"name\":\"Dom\u016f\",\"item\":\"https:\\\/\\\/shopatoa.com\\\/ro\\\/\"},{\"@type\":\"ListItem\",\"position\":2,\"name\":\"Shop\",\"item\":\"https:\\\/\\\/shopatoa.com\\\/ro\\\/shop\\\/\"},{\"@type\":\"ListItem\",\"position\":3,\"name\":\"Cosmetice\",\"item\":\"https:\\\/\\\/shopatoa.com\\\/ro\\\/cosmetice\\\/\"},{\"@type\":\"ListItem\",\"position\":4,\"name\":\"Produse cosmetice pentru p\u0103r\",\"item\":\"https:\\\/\\\/shopatoa.com\\\/ro\\\/produse-cosmetice-pentru-par\\\/\"},{\"@type\":\"ListItem\",\"position\":5,\"name\":\"Produse, aparate \u0219i accesorii pentru p\u0103r\",\"item\":\"https:\\\/\\\/shopatoa.com\\\/ro\\\/produse-aparate-si-accesorii-pentru-par\\\/\"},{\"@type\":\"ListItem\",\"position\":6,\"name\":\"Accesorii pentru p\u0103r - elastice, agrafe, cleme, benzi pentru cap\",\"item\":\"https:\\\/\\\/shopatoa.com\\\/ro\\\/accesorii-pentru-par-elastice-agrafe-cleme-benzi-pentru-cap\\\/\"},{\"@type\":\"ListItem\",\"position\":7,\"name\":\"Invisibobble Elastic de p\u0103r Power Rose and Ice 3 buc\"}]},{\"@type\":\"WebSite\",\"@id\":\"https:\\\/\\\/shopatoa.com\\\/ro\\\/#website\",\"url\":\"https:\\\/\\\/shopatoa.com\\\/ro\\\/\",\"name\":\"SHOPATOA\",\"description\":\"\",\"publisher\":{\"@id\":\"https:\\\/\\\/shopatoa.com\\\/ro\\\/#organization\"},\"potentialAction\":[{\"@type\":\"SearchAction\",\"target\":{\"@type\":\"EntryPoint\",\"urlTemplate\":\"https:\\\/\\\/shopatoa.com\\\/ro\\\/?s={search_term_string}\"},\"query-input\":{\"@type\":\"PropertyValueSpecification\",\"valueRequired\":true,\"valueName\":\"search_term_string\"}}],\"inLanguage\":\"ro-RO\"},{\"@type\":\"Organization\",\"@id\":\"https:\\\/\\\/shopatoa.com\\\/ro\\\/#organization\",\"name\":\"SHOPATOA\",\"url\":\"https:\\\/\\\/shopatoa.com\\\/ro\\\/\",\"logo\":{\"@type\":\"ImageObject\",\"inLanguage\":\"ro-RO\",\"@id\":\"https:\\\/\\\/shopatoa.com\\\/ro\\\/#\\\/schema\\\/logo\\\/image\\\/\",\"url\":\"https:\\\/\\\/storage.googleapis.com\\\/cz-shopatoa-img\\\/ro\\\/b4dac915-shopatoa_logo.png\",\"contentUrl\":\"https:\\\/\\\/storage.googleapis.com\\\/cz-shopatoa-img\\\/ro\\\/b4dac915-shopatoa_logo.png\",\"width\":416,\"height\":63,\"caption\":\"SHOPATOA\"},\"image\":{\"@id\":\"https:\\\/\\\/shopatoa.com\\\/ro\\\/#\\\/schema\\\/logo\\\/image\\\/\"}}]}<\/script>\n<!-- \/ Yoast SEO plugin. -->","yoast_head_json":{"title":"Invisibobble Elastic de p\u0103r Power Rose and Ice 3 buc - SHOPATOA.COM","robots":{"index":"index","follow":"follow","max-snippet":"max-snippet:-1","max-image-preview":"max-image-preview:large","max-video-preview":"max-video-preview:-1"},"canonical":"https:\/\/shopatoa.com\/ro\/invisibobble-elastic-de-par-power-rose-and-ice-3-buc\/","og_locale":"ro_RO","og_type":"article","og_title":"Invisibobble Elastic de p\u0103r Power Rose and Ice 3 buc - SHOPATOA.COM","og_description":"Elasticul rezistent Invisibobble\u00ae Power este special conceput pentru p\u0103rul dens \u0219i neascult\u0103tor sau pentru persoanele cu un stil de via\u021b\u0103 activ. Datorit\u0103 formei sale unice \u00een spiral\u0103, \u021bine coafura sub control \u0219i, \u00een acela\u0219i timp, ofer\u0103 un confort pe care un elastic obi\u0219nuit nu \u00eel poate oferi. Deoarece nu absoarbe ap\u0103, poate fi \u00eendep\u0103rtat chiar...","og_url":"https:\/\/shopatoa.com\/ro\/invisibobble-elastic-de-par-power-rose-and-ice-3-buc\/","og_site_name":"SHOPATOA","article_modified_time":"2025-12-08T13:16:52+00:00","og_image":[{"width":800,"height":800,"url":"https:\/\/storage.googleapis.com\/cz-shopatoa-img\/ro\/b8576404-unnamed-file.webp","type":"image\/webp"}],"twitter_card":"summary_large_image","schema":{"@context":"https:\/\/schema.org","@graph":[{"@type":"WebPage","@id":"https:\/\/shopatoa.com\/ro\/invisibobble-elastic-de-par-power-rose-and-ice-3-buc\/","url":"https:\/\/shopatoa.com\/ro\/invisibobble-elastic-de-par-power-rose-and-ice-3-buc\/","name":"Invisibobble Elastic de p\u0103r Power Rose and Ice 3 buc - SHOPATOA.COM","isPartOf":{"@id":"https:\/\/shopatoa.com\/ro\/#website"},"primaryImageOfPage":{"@id":"https:\/\/shopatoa.com\/ro\/invisibobble-elastic-de-par-power-rose-and-ice-3-buc\/#primaryimage"},"image":{"@id":"https:\/\/shopatoa.com\/ro\/invisibobble-elastic-de-par-power-rose-and-ice-3-buc\/#primaryimage"},"thumbnailUrl":"https:\/\/storage.googleapis.com\/cz-shopatoa-img\/ro\/b8576404-unnamed-file.webp","datePublished":"2025-04-29T14:35:04+00:00","dateModified":"2025-12-08T13:16:52+00:00","breadcrumb":{"@id":"https:\/\/shopatoa.com\/ro\/invisibobble-elastic-de-par-power-rose-and-ice-3-buc\/#breadcrumb"},"inLanguage":"ro-RO","potentialAction":[{"@type":"ReadAction","target":["https:\/\/shopatoa.com\/ro\/invisibobble-elastic-de-par-power-rose-and-ice-3-buc\/"]}]},{"@type":"ImageObject","inLanguage":"ro-RO","@id":"https:\/\/shopatoa.com\/ro\/invisibobble-elastic-de-par-power-rose-and-ice-3-buc\/#primaryimage","url":"https:\/\/storage.googleapis.com\/cz-shopatoa-img\/ro\/b8576404-unnamed-file.webp","contentUrl":"https:\/\/storage.googleapis.com\/cz-shopatoa-img\/ro\/b8576404-unnamed-file.webp","width":800,"height":800},{"@type":"BreadcrumbList","@id":"https:\/\/shopatoa.com\/ro\/invisibobble-elastic-de-par-power-rose-and-ice-3-buc\/#breadcrumb","itemListElement":[{"@type":"ListItem","position":1,"name":"Dom\u016f","item":"https:\/\/shopatoa.com\/ro\/"},{"@type":"ListItem","position":2,"name":"Shop","item":"https:\/\/shopatoa.com\/ro\/shop\/"},{"@type":"ListItem","position":3,"name":"Cosmetice","item":"https:\/\/shopatoa.com\/ro\/cosmetice\/"},{"@type":"ListItem","position":4,"name":"Produse cosmetice pentru p\u0103r","item":"https:\/\/shopatoa.com\/ro\/produse-cosmetice-pentru-par\/"},{"@type":"ListItem","position":5,"name":"Produse, aparate \u0219i accesorii pentru p\u0103r","item":"https:\/\/shopatoa.com\/ro\/produse-aparate-si-accesorii-pentru-par\/"},{"@type":"ListItem","position":6,"name":"Accesorii pentru p\u0103r - elastice, agrafe, cleme, benzi pentru cap","item":"https:\/\/shopatoa.com\/ro\/accesorii-pentru-par-elastice-agrafe-cleme-benzi-pentru-cap\/"},{"@type":"ListItem","position":7,"name":"Invisibobble Elastic de p\u0103r Power Rose and Ice 3 buc"}]},{"@type":"WebSite","@id":"https:\/\/shopatoa.com\/ro\/#website","url":"https:\/\/shopatoa.com\/ro\/","name":"SHOPATOA","description":"","publisher":{"@id":"https:\/\/shopatoa.com\/ro\/#organization"},"potentialAction":[{"@type":"SearchAction","target":{"@type":"EntryPoint","urlTemplate":"https:\/\/shopatoa.com\/ro\/?s={search_term_string}"},"query-input":{"@type":"PropertyValueSpecification","valueRequired":true,"valueName":"search_term_string"}}],"inLanguage":"ro-RO"},{"@type":"Organization","@id":"https:\/\/shopatoa.com\/ro\/#organization","name":"SHOPATOA","url":"https:\/\/shopatoa.com\/ro\/","logo":{"@type":"ImageObject","inLanguage":"ro-RO","@id":"https:\/\/shopatoa.com\/ro\/#\/schema\/logo\/image\/","url":"https:\/\/storage.googleapis.com\/cz-shopatoa-img\/ro\/b4dac915-shopatoa_logo.png","contentUrl":"https:\/\/storage.googleapis.com\/cz-shopatoa-img\/ro\/b4dac915-shopatoa_logo.png","width":416,"height":63,"caption":"SHOPATOA"},"image":{"@id":"https:\/\/shopatoa.com\/ro\/#\/schema\/logo\/image\/"}}]}},"_links":{"self":[{"href":"https:\/\/shopatoa.com\/ro\/wp-json\/wp\/v2\/product\/273028","targetHints":{"allow":["GET"]}}],"collection":[{"href":"https:\/\/shopatoa.com\/ro\/wp-json\/wp\/v2\/product"}],"about":[{"href":"https:\/\/shopatoa.com\/ro\/wp-json\/wp\/v2\/types\/product"}],"replies":[{"embeddable":true,"href":"https:\/\/shopatoa.com\/ro\/wp-json\/wp\/v2\/comments?post=273028"}],"wp:featuredmedia":[{"embeddable":true,"href":"https:\/\/shopatoa.com\/ro\/wp-json\/wp\/v2\/media\/273029"}],"wp:attachment":[{"href":"https:\/\/shopatoa.com\/ro\/wp-json\/wp\/v2\/media?parent=273028"}],"wp:term":[{"taxonomy":"product_brand","embeddable":true,"href":"https:\/\/shopatoa.com\/ro\/wp-json\/wp\/v2\/product_brand?post=273028"},{"taxonomy":"product_cat","embeddable":true,"href":"https:\/\/shopatoa.com\/ro\/wp-json\/wp\/v2\/product_cat?post=273028"},{"taxonomy":"product_tag","embeddable":true,"href":"https:\/\/shopatoa.com\/ro\/wp-json\/wp\/v2\/product_tag?post=273028"}],"curies":[{"name":"wp","href":"https:\/\/api.w.org\/{rel}","templated":true}]}}