{"id":273148,"date":"2025-04-29T16:56:46","date_gmt":"2025-04-29T14:56:46","guid":{"rendered":"https:\/\/shopatoa.com\/ro\/kenzo-kenzo-power-edt-75-ml\/"},"modified":"2025-12-08T13:54:27","modified_gmt":"2025-12-08T12:54:27","slug":"kenzo-kenzo-power-edt-75-ml","status":"publish","type":"product","link":"https:\/\/shopatoa.com\/ro\/kenzo-kenzo-power-edt-75-ml\/","title":{"rendered":"Kenzo Kenzo Power &#8211; EDT 75 ml"},"content":{"rendered":"<p>Parfumul str\u0103lucitor pentru b\u0103rba\u021bi Kenzo Power, adaptat la popularul parfum pentru femei Kenzo Flower, este destinat s\u0103 fie omologul masculin al celui mai bine v\u00e2ndut parfum Kenzo. Sticla elegant\u0103 evoc\u0103 energie \u0219i subliniaz\u0103 puritatea parfumului floral-lemnos, cu nuan\u021be picante. Acest parfum exprim\u0103 puterea, \u00eencrederea \u0219i vitalitatea unui b\u0103rbat. Apa de toalet\u0103 se deschide cu acorduri picante de coriandru \u0219i cardamom, care p\u0103trund \u00een pic\u0103turile r\u0103coritoare de bergamot\u0103. Inima apar\u021bine acordurilor florale tradi\u021bionale, a c\u0103ror intensitate este sporit\u0103 de balsam de toluen \u0219i acorduri de r\u0103\u0219in\u0103 lemnoas\u0103 de labdanum \u0219i cedru. Kenzo Power difer\u0103 de parfumurile tradi\u021bionale pentru b\u0103rba\u021bi \u0219i ofer\u0103 un parfum unic \u0219i modern. Parfumul Kenzo Power este potrivit pentru b\u0103rba\u021bii care doresc s\u0103 poarte un parfum cu un caracter distinctiv care, \u00een acela\u0219i timp, le sus\u021bine puterea \u0219i \u00eencrederea \u00een sine. Creatorul parfumului Kenzo Power este Olivier Polge, iar parfumul a fost lansat \u00een 2008.<\/p>\n","protected":false},"excerpt":{"rendered":"<p>Parfumul str\u0103lucitor pentru b\u0103rba\u021bi Kenzo Power, adaptat la popularul parfum pentru femei Kenzo Flower, este destinat s\u0103 fie omologul masculin al celui mai bine v\u00e2ndut parfum Kenzo. Sticla elegant\u0103 evoc\u0103 energie \u0219i subliniaz\u0103 puritatea parfumului floral-lemnos, cu nuan\u021be picante. Acest parfum exprim\u0103 puterea, \u00eencrederea \u0219i vitalitatea unui b\u0103rbat. Apa de toalet\u0103 se deschide cu acorduri&#8230;<\/p>\n","protected":false},"featured_media":273149,"comment_status":"closed","ping_status":"open","template":"","meta":{"_acf_changed":false,"_kadence_starter_templates_imported_post":false,"_kad_post_transparent":"","_kad_post_title":"","_kad_post_layout":"","_kad_post_sidebar_id":"","_kad_post_content_style":"","_kad_post_vertical_padding":"","_kad_post_feature":"","_kad_post_feature_position":"","_kad_post_header":false,"_kad_post_footer":false,"_kad_post_classname":""},"product_brand":[401],"product_cat":[615,614],"product_tag":[],"class_list":{"0":"post-273148","1":"product","2":"type-product","3":"status-publish","4":"has-post-thumbnail","6":"product_brand-kenzo","7":"product_cat-ape-de-toaleta-edt","8":"product_cat-parfumuri","10":"first","11":"instock","12":"sale","13":"product-type-external","14":"entry","15":"content-bg","16":"loop-entry"},"acf":[],"yoast_head":"<!-- This site is optimized with the Yoast SEO plugin v27.4 - https:\/\/yoast.com\/product\/yoast-seo-wordpress\/ -->\n<title>Kenzo Kenzo Power - EDT 75 ml - SHOPATOA.COM<\/title>\n<meta name=\"robots\" content=\"index, follow, max-snippet:-1, max-image-preview:large, max-video-preview:-1\" \/>\n<link rel=\"canonical\" href=\"https:\/\/shopatoa.com\/ro\/kenzo-kenzo-power-edt-75-ml\/\" \/>\n<meta property=\"og:locale\" content=\"ro_RO\" \/>\n<meta property=\"og:type\" content=\"article\" \/>\n<meta property=\"og:title\" content=\"Kenzo Kenzo Power - EDT 75 ml - SHOPATOA.COM\" \/>\n<meta property=\"og:description\" content=\"Parfumul str\u0103lucitor pentru b\u0103rba\u021bi Kenzo Power, adaptat la popularul parfum pentru femei Kenzo Flower, este destinat s\u0103 fie omologul masculin al celui mai bine v\u00e2ndut parfum Kenzo. Sticla elegant\u0103 evoc\u0103 energie \u0219i subliniaz\u0103 puritatea parfumului floral-lemnos, cu nuan\u021be picante. Acest parfum exprim\u0103 puterea, \u00eencrederea \u0219i vitalitatea unui b\u0103rbat. Apa de toalet\u0103 se deschide cu acorduri...\" \/>\n<meta property=\"og:url\" content=\"https:\/\/shopatoa.com\/ro\/kenzo-kenzo-power-edt-75-ml\/\" \/>\n<meta property=\"og:site_name\" content=\"SHOPATOA\" \/>\n<meta property=\"article:modified_time\" content=\"2025-12-08T12:54:27+00:00\" \/>\n<meta property=\"og:image\" content=\"https:\/\/storage.googleapis.com\/cz-shopatoa-img\/ro\/9ddbe04f-unnamed-file.webp\" \/>\n\t<meta property=\"og:image:width\" content=\"800\" \/>\n\t<meta property=\"og:image:height\" content=\"800\" \/>\n\t<meta property=\"og:image:type\" content=\"image\/webp\" \/>\n<meta name=\"twitter:card\" content=\"summary_large_image\" \/>\n<meta name=\"twitter:label1\" content=\"Timp estimat pentru citire\" \/>\n\t<meta name=\"twitter:data1\" content=\"1 minut\" \/>\n<script type=\"application\/ld+json\" class=\"yoast-schema-graph\">{\"@context\":\"https:\\\/\\\/schema.org\",\"@graph\":[{\"@type\":\"WebPage\",\"@id\":\"https:\\\/\\\/shopatoa.com\\\/ro\\\/kenzo-kenzo-power-edt-75-ml\\\/\",\"url\":\"https:\\\/\\\/shopatoa.com\\\/ro\\\/kenzo-kenzo-power-edt-75-ml\\\/\",\"name\":\"Kenzo Kenzo Power - EDT 75 ml - SHOPATOA.COM\",\"isPartOf\":{\"@id\":\"https:\\\/\\\/shopatoa.com\\\/ro\\\/#website\"},\"primaryImageOfPage\":{\"@id\":\"https:\\\/\\\/shopatoa.com\\\/ro\\\/kenzo-kenzo-power-edt-75-ml\\\/#primaryimage\"},\"image\":{\"@id\":\"https:\\\/\\\/shopatoa.com\\\/ro\\\/kenzo-kenzo-power-edt-75-ml\\\/#primaryimage\"},\"thumbnailUrl\":\"https:\\\/\\\/storage.googleapis.com\\\/cz-shopatoa-img\\\/ro\\\/9ddbe04f-unnamed-file.webp\",\"datePublished\":\"2025-04-29T14:56:46+00:00\",\"dateModified\":\"2025-12-08T12:54:27+00:00\",\"breadcrumb\":{\"@id\":\"https:\\\/\\\/shopatoa.com\\\/ro\\\/kenzo-kenzo-power-edt-75-ml\\\/#breadcrumb\"},\"inLanguage\":\"ro-RO\",\"potentialAction\":[{\"@type\":\"ReadAction\",\"target\":[\"https:\\\/\\\/shopatoa.com\\\/ro\\\/kenzo-kenzo-power-edt-75-ml\\\/\"]}]},{\"@type\":\"ImageObject\",\"inLanguage\":\"ro-RO\",\"@id\":\"https:\\\/\\\/shopatoa.com\\\/ro\\\/kenzo-kenzo-power-edt-75-ml\\\/#primaryimage\",\"url\":\"https:\\\/\\\/storage.googleapis.com\\\/cz-shopatoa-img\\\/ro\\\/9ddbe04f-unnamed-file.webp\",\"contentUrl\":\"https:\\\/\\\/storage.googleapis.com\\\/cz-shopatoa-img\\\/ro\\\/9ddbe04f-unnamed-file.webp\",\"width\":800,\"height\":800},{\"@type\":\"BreadcrumbList\",\"@id\":\"https:\\\/\\\/shopatoa.com\\\/ro\\\/kenzo-kenzo-power-edt-75-ml\\\/#breadcrumb\",\"itemListElement\":[{\"@type\":\"ListItem\",\"position\":1,\"name\":\"Dom\u016f\",\"item\":\"https:\\\/\\\/shopatoa.com\\\/ro\\\/\"},{\"@type\":\"ListItem\",\"position\":2,\"name\":\"Shop\",\"item\":\"https:\\\/\\\/shopatoa.com\\\/ro\\\/shop\\\/\"},{\"@type\":\"ListItem\",\"position\":3,\"name\":\"Parfumuri\",\"item\":\"https:\\\/\\\/shopatoa.com\\\/ro\\\/parfumuri\\\/\"},{\"@type\":\"ListItem\",\"position\":4,\"name\":\"Ape de toalet\u0103 (EDT)\",\"item\":\"https:\\\/\\\/shopatoa.com\\\/ro\\\/ape-de-toaleta-edt\\\/\"},{\"@type\":\"ListItem\",\"position\":5,\"name\":\"Kenzo Kenzo Power &#8211; EDT 75 ml\"}]},{\"@type\":\"WebSite\",\"@id\":\"https:\\\/\\\/shopatoa.com\\\/ro\\\/#website\",\"url\":\"https:\\\/\\\/shopatoa.com\\\/ro\\\/\",\"name\":\"SHOPATOA\",\"description\":\"\",\"publisher\":{\"@id\":\"https:\\\/\\\/shopatoa.com\\\/ro\\\/#organization\"},\"potentialAction\":[{\"@type\":\"SearchAction\",\"target\":{\"@type\":\"EntryPoint\",\"urlTemplate\":\"https:\\\/\\\/shopatoa.com\\\/ro\\\/?s={search_term_string}\"},\"query-input\":{\"@type\":\"PropertyValueSpecification\",\"valueRequired\":true,\"valueName\":\"search_term_string\"}}],\"inLanguage\":\"ro-RO\"},{\"@type\":\"Organization\",\"@id\":\"https:\\\/\\\/shopatoa.com\\\/ro\\\/#organization\",\"name\":\"SHOPATOA\",\"url\":\"https:\\\/\\\/shopatoa.com\\\/ro\\\/\",\"logo\":{\"@type\":\"ImageObject\",\"inLanguage\":\"ro-RO\",\"@id\":\"https:\\\/\\\/shopatoa.com\\\/ro\\\/#\\\/schema\\\/logo\\\/image\\\/\",\"url\":\"https:\\\/\\\/storage.googleapis.com\\\/cz-shopatoa-img\\\/ro\\\/b4dac915-shopatoa_logo.png\",\"contentUrl\":\"https:\\\/\\\/storage.googleapis.com\\\/cz-shopatoa-img\\\/ro\\\/b4dac915-shopatoa_logo.png\",\"width\":416,\"height\":63,\"caption\":\"SHOPATOA\"},\"image\":{\"@id\":\"https:\\\/\\\/shopatoa.com\\\/ro\\\/#\\\/schema\\\/logo\\\/image\\\/\"}}]}<\/script>\n<!-- \/ Yoast SEO plugin. -->","yoast_head_json":{"title":"Kenzo Kenzo Power - EDT 75 ml - SHOPATOA.COM","robots":{"index":"index","follow":"follow","max-snippet":"max-snippet:-1","max-image-preview":"max-image-preview:large","max-video-preview":"max-video-preview:-1"},"canonical":"https:\/\/shopatoa.com\/ro\/kenzo-kenzo-power-edt-75-ml\/","og_locale":"ro_RO","og_type":"article","og_title":"Kenzo Kenzo Power - EDT 75 ml - SHOPATOA.COM","og_description":"Parfumul str\u0103lucitor pentru b\u0103rba\u021bi Kenzo Power, adaptat la popularul parfum pentru femei Kenzo Flower, este destinat s\u0103 fie omologul masculin al celui mai bine v\u00e2ndut parfum Kenzo. Sticla elegant\u0103 evoc\u0103 energie \u0219i subliniaz\u0103 puritatea parfumului floral-lemnos, cu nuan\u021be picante. Acest parfum exprim\u0103 puterea, \u00eencrederea \u0219i vitalitatea unui b\u0103rbat. Apa de toalet\u0103 se deschide cu acorduri...","og_url":"https:\/\/shopatoa.com\/ro\/kenzo-kenzo-power-edt-75-ml\/","og_site_name":"SHOPATOA","article_modified_time":"2025-12-08T12:54:27+00:00","og_image":[{"width":800,"height":800,"url":"https:\/\/storage.googleapis.com\/cz-shopatoa-img\/ro\/9ddbe04f-unnamed-file.webp","type":"image\/webp"}],"twitter_card":"summary_large_image","twitter_misc":{"Timp estimat pentru citire":"1 minut"},"schema":{"@context":"https:\/\/schema.org","@graph":[{"@type":"WebPage","@id":"https:\/\/shopatoa.com\/ro\/kenzo-kenzo-power-edt-75-ml\/","url":"https:\/\/shopatoa.com\/ro\/kenzo-kenzo-power-edt-75-ml\/","name":"Kenzo Kenzo Power - EDT 75 ml - SHOPATOA.COM","isPartOf":{"@id":"https:\/\/shopatoa.com\/ro\/#website"},"primaryImageOfPage":{"@id":"https:\/\/shopatoa.com\/ro\/kenzo-kenzo-power-edt-75-ml\/#primaryimage"},"image":{"@id":"https:\/\/shopatoa.com\/ro\/kenzo-kenzo-power-edt-75-ml\/#primaryimage"},"thumbnailUrl":"https:\/\/storage.googleapis.com\/cz-shopatoa-img\/ro\/9ddbe04f-unnamed-file.webp","datePublished":"2025-04-29T14:56:46+00:00","dateModified":"2025-12-08T12:54:27+00:00","breadcrumb":{"@id":"https:\/\/shopatoa.com\/ro\/kenzo-kenzo-power-edt-75-ml\/#breadcrumb"},"inLanguage":"ro-RO","potentialAction":[{"@type":"ReadAction","target":["https:\/\/shopatoa.com\/ro\/kenzo-kenzo-power-edt-75-ml\/"]}]},{"@type":"ImageObject","inLanguage":"ro-RO","@id":"https:\/\/shopatoa.com\/ro\/kenzo-kenzo-power-edt-75-ml\/#primaryimage","url":"https:\/\/storage.googleapis.com\/cz-shopatoa-img\/ro\/9ddbe04f-unnamed-file.webp","contentUrl":"https:\/\/storage.googleapis.com\/cz-shopatoa-img\/ro\/9ddbe04f-unnamed-file.webp","width":800,"height":800},{"@type":"BreadcrumbList","@id":"https:\/\/shopatoa.com\/ro\/kenzo-kenzo-power-edt-75-ml\/#breadcrumb","itemListElement":[{"@type":"ListItem","position":1,"name":"Dom\u016f","item":"https:\/\/shopatoa.com\/ro\/"},{"@type":"ListItem","position":2,"name":"Shop","item":"https:\/\/shopatoa.com\/ro\/shop\/"},{"@type":"ListItem","position":3,"name":"Parfumuri","item":"https:\/\/shopatoa.com\/ro\/parfumuri\/"},{"@type":"ListItem","position":4,"name":"Ape de toalet\u0103 (EDT)","item":"https:\/\/shopatoa.com\/ro\/ape-de-toaleta-edt\/"},{"@type":"ListItem","position":5,"name":"Kenzo Kenzo Power &#8211; EDT 75 ml"}]},{"@type":"WebSite","@id":"https:\/\/shopatoa.com\/ro\/#website","url":"https:\/\/shopatoa.com\/ro\/","name":"SHOPATOA","description":"","publisher":{"@id":"https:\/\/shopatoa.com\/ro\/#organization"},"potentialAction":[{"@type":"SearchAction","target":{"@type":"EntryPoint","urlTemplate":"https:\/\/shopatoa.com\/ro\/?s={search_term_string}"},"query-input":{"@type":"PropertyValueSpecification","valueRequired":true,"valueName":"search_term_string"}}],"inLanguage":"ro-RO"},{"@type":"Organization","@id":"https:\/\/shopatoa.com\/ro\/#organization","name":"SHOPATOA","url":"https:\/\/shopatoa.com\/ro\/","logo":{"@type":"ImageObject","inLanguage":"ro-RO","@id":"https:\/\/shopatoa.com\/ro\/#\/schema\/logo\/image\/","url":"https:\/\/storage.googleapis.com\/cz-shopatoa-img\/ro\/b4dac915-shopatoa_logo.png","contentUrl":"https:\/\/storage.googleapis.com\/cz-shopatoa-img\/ro\/b4dac915-shopatoa_logo.png","width":416,"height":63,"caption":"SHOPATOA"},"image":{"@id":"https:\/\/shopatoa.com\/ro\/#\/schema\/logo\/image\/"}}]}},"_links":{"self":[{"href":"https:\/\/shopatoa.com\/ro\/wp-json\/wp\/v2\/product\/273148","targetHints":{"allow":["GET"]}}],"collection":[{"href":"https:\/\/shopatoa.com\/ro\/wp-json\/wp\/v2\/product"}],"about":[{"href":"https:\/\/shopatoa.com\/ro\/wp-json\/wp\/v2\/types\/product"}],"replies":[{"embeddable":true,"href":"https:\/\/shopatoa.com\/ro\/wp-json\/wp\/v2\/comments?post=273148"}],"wp:featuredmedia":[{"embeddable":true,"href":"https:\/\/shopatoa.com\/ro\/wp-json\/wp\/v2\/media\/273149"}],"wp:attachment":[{"href":"https:\/\/shopatoa.com\/ro\/wp-json\/wp\/v2\/media?parent=273148"}],"wp:term":[{"taxonomy":"product_brand","embeddable":true,"href":"https:\/\/shopatoa.com\/ro\/wp-json\/wp\/v2\/product_brand?post=273148"},{"taxonomy":"product_cat","embeddable":true,"href":"https:\/\/shopatoa.com\/ro\/wp-json\/wp\/v2\/product_cat?post=273148"},{"taxonomy":"product_tag","embeddable":true,"href":"https:\/\/shopatoa.com\/ro\/wp-json\/wp\/v2\/product_tag?post=273148"}],"curies":[{"name":"wp","href":"https:\/\/api.w.org\/{rel}","templated":true}]}}