{"id":273234,"date":"2025-04-29T17:15:44","date_gmt":"2025-04-29T15:15:44","guid":{"rendered":"https:\/\/shopatoa.com\/ro\/angry-beards-pieptene-pentru-barba-combat-comb\/"},"modified":"2025-12-08T13:42:31","modified_gmt":"2025-12-08T12:42:31","slug":"angry-beards-pieptene-pentru-barba-combat-comb","status":"publish","type":"product","link":"https:\/\/shopatoa.com\/ro\/angry-beards-pieptene-pentru-barba-combat-comb\/","title":{"rendered":"Angry Beards Pieptene pentru barb\u0103 Combat Comb"},"content":{"rendered":"<p>Un b\u0103rbat trebuie s\u0103 lupte pentru o barb\u0103 perfect\u0103. Cu pieptenele Combat pute\u021bi preveni \u00eenc\u00e2lcirea b\u0103rbii \u0219i p\u0103rului. Designul este proiectat pentru utilizarea rapid\u0103 \u00een orice situa\u021bie. Din\u021bii indestructibili de carbon antistatic vor piept\u0103na totul. PROPRIET\u0102\u021aI CHEIE Pieptene versatil pentru barb\u0103 \u0219i p\u0103r Construc\u021bie de carbon de calitate Tratament antistatic mat Design tactic cu un ochi pentru deget Fabricat cu m\u00e2ndrie \u00een Republica Ceh\u0103<\/p>\n","protected":false},"excerpt":{"rendered":"<p>Un b\u0103rbat trebuie s\u0103 lupte pentru o barb\u0103 perfect\u0103. Cu pieptenele Combat pute\u021bi preveni \u00eenc\u00e2lcirea b\u0103rbii \u0219i p\u0103rului. Designul este proiectat pentru utilizarea rapid\u0103 \u00een orice situa\u021bie. Din\u021bii indestructibili de carbon antistatic vor piept\u0103na totul. PROPRIET\u0102\u021aI CHEIE Pieptene versatil pentru barb\u0103 \u0219i p\u0103r Construc\u021bie de carbon de calitate Tratament antistatic mat Design tactic cu un&#8230;<\/p>\n","protected":false},"featured_media":273235,"comment_status":"closed","ping_status":"open","template":"","meta":{"_acf_changed":false,"_kadence_starter_templates_imported_post":false,"_kad_post_transparent":"","_kad_post_title":"","_kad_post_layout":"","_kad_post_sidebar_id":"","_kad_post_content_style":"","_kad_post_vertical_padding":"","_kad_post_feature":"","_kad_post_feature_position":"","_kad_post_header":false,"_kad_post_footer":false,"_kad_post_classname":""},"product_brand":[1037],"product_cat":[670,721,246],"product_tag":[],"class_list":{"0":"post-273234","1":"product","2":"type-product","3":"status-publish","4":"has-post-thumbnail","6":"product_brand-angry-beards","7":"product_cat-barber-shop","8":"product_cat-barber-shop-ingrijirea-barbilor","9":"product_cat-cosmetice","11":"first","12":"instock","13":"sale","14":"product-type-external","15":"entry","16":"content-bg","17":"loop-entry"},"acf":[],"yoast_head":"<!-- This site is optimized with the Yoast SEO plugin v27.4 - https:\/\/yoast.com\/product\/yoast-seo-wordpress\/ -->\n<title>Angry Beards Pieptene pentru barb\u0103 Combat Comb - SHOPATOA.COM<\/title>\n<meta name=\"robots\" content=\"index, follow, max-snippet:-1, max-image-preview:large, max-video-preview:-1\" \/>\n<link rel=\"canonical\" href=\"https:\/\/shopatoa.com\/ro\/angry-beards-pieptene-pentru-barba-combat-comb\/\" \/>\n<meta property=\"og:locale\" content=\"ro_RO\" \/>\n<meta property=\"og:type\" content=\"article\" \/>\n<meta property=\"og:title\" content=\"Angry Beards Pieptene pentru barb\u0103 Combat Comb - SHOPATOA.COM\" \/>\n<meta property=\"og:description\" content=\"Un b\u0103rbat trebuie s\u0103 lupte pentru o barb\u0103 perfect\u0103. Cu pieptenele Combat pute\u021bi preveni \u00eenc\u00e2lcirea b\u0103rbii \u0219i p\u0103rului. Designul este proiectat pentru utilizarea rapid\u0103 \u00een orice situa\u021bie. Din\u021bii indestructibili de carbon antistatic vor piept\u0103na totul. PROPRIET\u0102\u021aI CHEIE Pieptene versatil pentru barb\u0103 \u0219i p\u0103r Construc\u021bie de carbon de calitate Tratament antistatic mat Design tactic cu un...\" \/>\n<meta property=\"og:url\" content=\"https:\/\/shopatoa.com\/ro\/angry-beards-pieptene-pentru-barba-combat-comb\/\" \/>\n<meta property=\"og:site_name\" content=\"SHOPATOA\" \/>\n<meta property=\"article:modified_time\" content=\"2025-12-08T12:42:31+00:00\" \/>\n<meta property=\"og:image\" content=\"https:\/\/storage.googleapis.com\/cz-shopatoa-img\/ro\/fa408baa-unnamed-file.webp\" \/>\n\t<meta property=\"og:image:width\" content=\"800\" \/>\n\t<meta property=\"og:image:height\" content=\"800\" \/>\n\t<meta property=\"og:image:type\" content=\"image\/webp\" \/>\n<meta name=\"twitter:card\" content=\"summary_large_image\" \/>\n<script type=\"application\/ld+json\" class=\"yoast-schema-graph\">{\"@context\":\"https:\\\/\\\/schema.org\",\"@graph\":[{\"@type\":\"WebPage\",\"@id\":\"https:\\\/\\\/shopatoa.com\\\/ro\\\/angry-beards-pieptene-pentru-barba-combat-comb\\\/\",\"url\":\"https:\\\/\\\/shopatoa.com\\\/ro\\\/angry-beards-pieptene-pentru-barba-combat-comb\\\/\",\"name\":\"Angry Beards Pieptene pentru barb\u0103 Combat Comb - SHOPATOA.COM\",\"isPartOf\":{\"@id\":\"https:\\\/\\\/shopatoa.com\\\/ro\\\/#website\"},\"primaryImageOfPage\":{\"@id\":\"https:\\\/\\\/shopatoa.com\\\/ro\\\/angry-beards-pieptene-pentru-barba-combat-comb\\\/#primaryimage\"},\"image\":{\"@id\":\"https:\\\/\\\/shopatoa.com\\\/ro\\\/angry-beards-pieptene-pentru-barba-combat-comb\\\/#primaryimage\"},\"thumbnailUrl\":\"https:\\\/\\\/storage.googleapis.com\\\/cz-shopatoa-img\\\/ro\\\/fa408baa-unnamed-file.webp\",\"datePublished\":\"2025-04-29T15:15:44+00:00\",\"dateModified\":\"2025-12-08T12:42:31+00:00\",\"breadcrumb\":{\"@id\":\"https:\\\/\\\/shopatoa.com\\\/ro\\\/angry-beards-pieptene-pentru-barba-combat-comb\\\/#breadcrumb\"},\"inLanguage\":\"ro-RO\",\"potentialAction\":[{\"@type\":\"ReadAction\",\"target\":[\"https:\\\/\\\/shopatoa.com\\\/ro\\\/angry-beards-pieptene-pentru-barba-combat-comb\\\/\"]}]},{\"@type\":\"ImageObject\",\"inLanguage\":\"ro-RO\",\"@id\":\"https:\\\/\\\/shopatoa.com\\\/ro\\\/angry-beards-pieptene-pentru-barba-combat-comb\\\/#primaryimage\",\"url\":\"https:\\\/\\\/storage.googleapis.com\\\/cz-shopatoa-img\\\/ro\\\/fa408baa-unnamed-file.webp\",\"contentUrl\":\"https:\\\/\\\/storage.googleapis.com\\\/cz-shopatoa-img\\\/ro\\\/fa408baa-unnamed-file.webp\",\"width\":800,\"height\":800},{\"@type\":\"BreadcrumbList\",\"@id\":\"https:\\\/\\\/shopatoa.com\\\/ro\\\/angry-beards-pieptene-pentru-barba-combat-comb\\\/#breadcrumb\",\"itemListElement\":[{\"@type\":\"ListItem\",\"position\":1,\"name\":\"Dom\u016f\",\"item\":\"https:\\\/\\\/shopatoa.com\\\/ro\\\/\"},{\"@type\":\"ListItem\",\"position\":2,\"name\":\"Shop\",\"item\":\"https:\\\/\\\/shopatoa.com\\\/ro\\\/shop\\\/\"},{\"@type\":\"ListItem\",\"position\":3,\"name\":\"Cosmetice\",\"item\":\"https:\\\/\\\/shopatoa.com\\\/ro\\\/cosmetice\\\/\"},{\"@type\":\"ListItem\",\"position\":4,\"name\":\"Barber Shop\",\"item\":\"https:\\\/\\\/shopatoa.com\\\/ro\\\/barber-shop\\\/\"},{\"@type\":\"ListItem\",\"position\":5,\"name\":\"Barber Shop \u2013 ingrijirea barbilor\",\"item\":\"https:\\\/\\\/shopatoa.com\\\/ro\\\/barber-shop-ingrijirea-barbilor\\\/\"},{\"@type\":\"ListItem\",\"position\":6,\"name\":\"Angry Beards Pieptene pentru barb\u0103 Combat Comb\"}]},{\"@type\":\"WebSite\",\"@id\":\"https:\\\/\\\/shopatoa.com\\\/ro\\\/#website\",\"url\":\"https:\\\/\\\/shopatoa.com\\\/ro\\\/\",\"name\":\"SHOPATOA\",\"description\":\"\",\"publisher\":{\"@id\":\"https:\\\/\\\/shopatoa.com\\\/ro\\\/#organization\"},\"potentialAction\":[{\"@type\":\"SearchAction\",\"target\":{\"@type\":\"EntryPoint\",\"urlTemplate\":\"https:\\\/\\\/shopatoa.com\\\/ro\\\/?s={search_term_string}\"},\"query-input\":{\"@type\":\"PropertyValueSpecification\",\"valueRequired\":true,\"valueName\":\"search_term_string\"}}],\"inLanguage\":\"ro-RO\"},{\"@type\":\"Organization\",\"@id\":\"https:\\\/\\\/shopatoa.com\\\/ro\\\/#organization\",\"name\":\"SHOPATOA\",\"url\":\"https:\\\/\\\/shopatoa.com\\\/ro\\\/\",\"logo\":{\"@type\":\"ImageObject\",\"inLanguage\":\"ro-RO\",\"@id\":\"https:\\\/\\\/shopatoa.com\\\/ro\\\/#\\\/schema\\\/logo\\\/image\\\/\",\"url\":\"https:\\\/\\\/storage.googleapis.com\\\/cz-shopatoa-img\\\/ro\\\/b4dac915-shopatoa_logo.png\",\"contentUrl\":\"https:\\\/\\\/storage.googleapis.com\\\/cz-shopatoa-img\\\/ro\\\/b4dac915-shopatoa_logo.png\",\"width\":416,\"height\":63,\"caption\":\"SHOPATOA\"},\"image\":{\"@id\":\"https:\\\/\\\/shopatoa.com\\\/ro\\\/#\\\/schema\\\/logo\\\/image\\\/\"}}]}<\/script>\n<!-- \/ Yoast SEO plugin. -->","yoast_head_json":{"title":"Angry Beards Pieptene pentru barb\u0103 Combat Comb - SHOPATOA.COM","robots":{"index":"index","follow":"follow","max-snippet":"max-snippet:-1","max-image-preview":"max-image-preview:large","max-video-preview":"max-video-preview:-1"},"canonical":"https:\/\/shopatoa.com\/ro\/angry-beards-pieptene-pentru-barba-combat-comb\/","og_locale":"ro_RO","og_type":"article","og_title":"Angry Beards Pieptene pentru barb\u0103 Combat Comb - SHOPATOA.COM","og_description":"Un b\u0103rbat trebuie s\u0103 lupte pentru o barb\u0103 perfect\u0103. Cu pieptenele Combat pute\u021bi preveni \u00eenc\u00e2lcirea b\u0103rbii \u0219i p\u0103rului. Designul este proiectat pentru utilizarea rapid\u0103 \u00een orice situa\u021bie. Din\u021bii indestructibili de carbon antistatic vor piept\u0103na totul. PROPRIET\u0102\u021aI CHEIE Pieptene versatil pentru barb\u0103 \u0219i p\u0103r Construc\u021bie de carbon de calitate Tratament antistatic mat Design tactic cu un...","og_url":"https:\/\/shopatoa.com\/ro\/angry-beards-pieptene-pentru-barba-combat-comb\/","og_site_name":"SHOPATOA","article_modified_time":"2025-12-08T12:42:31+00:00","og_image":[{"width":800,"height":800,"url":"https:\/\/storage.googleapis.com\/cz-shopatoa-img\/ro\/fa408baa-unnamed-file.webp","type":"image\/webp"}],"twitter_card":"summary_large_image","schema":{"@context":"https:\/\/schema.org","@graph":[{"@type":"WebPage","@id":"https:\/\/shopatoa.com\/ro\/angry-beards-pieptene-pentru-barba-combat-comb\/","url":"https:\/\/shopatoa.com\/ro\/angry-beards-pieptene-pentru-barba-combat-comb\/","name":"Angry Beards Pieptene pentru barb\u0103 Combat Comb - SHOPATOA.COM","isPartOf":{"@id":"https:\/\/shopatoa.com\/ro\/#website"},"primaryImageOfPage":{"@id":"https:\/\/shopatoa.com\/ro\/angry-beards-pieptene-pentru-barba-combat-comb\/#primaryimage"},"image":{"@id":"https:\/\/shopatoa.com\/ro\/angry-beards-pieptene-pentru-barba-combat-comb\/#primaryimage"},"thumbnailUrl":"https:\/\/storage.googleapis.com\/cz-shopatoa-img\/ro\/fa408baa-unnamed-file.webp","datePublished":"2025-04-29T15:15:44+00:00","dateModified":"2025-12-08T12:42:31+00:00","breadcrumb":{"@id":"https:\/\/shopatoa.com\/ro\/angry-beards-pieptene-pentru-barba-combat-comb\/#breadcrumb"},"inLanguage":"ro-RO","potentialAction":[{"@type":"ReadAction","target":["https:\/\/shopatoa.com\/ro\/angry-beards-pieptene-pentru-barba-combat-comb\/"]}]},{"@type":"ImageObject","inLanguage":"ro-RO","@id":"https:\/\/shopatoa.com\/ro\/angry-beards-pieptene-pentru-barba-combat-comb\/#primaryimage","url":"https:\/\/storage.googleapis.com\/cz-shopatoa-img\/ro\/fa408baa-unnamed-file.webp","contentUrl":"https:\/\/storage.googleapis.com\/cz-shopatoa-img\/ro\/fa408baa-unnamed-file.webp","width":800,"height":800},{"@type":"BreadcrumbList","@id":"https:\/\/shopatoa.com\/ro\/angry-beards-pieptene-pentru-barba-combat-comb\/#breadcrumb","itemListElement":[{"@type":"ListItem","position":1,"name":"Dom\u016f","item":"https:\/\/shopatoa.com\/ro\/"},{"@type":"ListItem","position":2,"name":"Shop","item":"https:\/\/shopatoa.com\/ro\/shop\/"},{"@type":"ListItem","position":3,"name":"Cosmetice","item":"https:\/\/shopatoa.com\/ro\/cosmetice\/"},{"@type":"ListItem","position":4,"name":"Barber Shop","item":"https:\/\/shopatoa.com\/ro\/barber-shop\/"},{"@type":"ListItem","position":5,"name":"Barber Shop \u2013 ingrijirea barbilor","item":"https:\/\/shopatoa.com\/ro\/barber-shop-ingrijirea-barbilor\/"},{"@type":"ListItem","position":6,"name":"Angry Beards Pieptene pentru barb\u0103 Combat Comb"}]},{"@type":"WebSite","@id":"https:\/\/shopatoa.com\/ro\/#website","url":"https:\/\/shopatoa.com\/ro\/","name":"SHOPATOA","description":"","publisher":{"@id":"https:\/\/shopatoa.com\/ro\/#organization"},"potentialAction":[{"@type":"SearchAction","target":{"@type":"EntryPoint","urlTemplate":"https:\/\/shopatoa.com\/ro\/?s={search_term_string}"},"query-input":{"@type":"PropertyValueSpecification","valueRequired":true,"valueName":"search_term_string"}}],"inLanguage":"ro-RO"},{"@type":"Organization","@id":"https:\/\/shopatoa.com\/ro\/#organization","name":"SHOPATOA","url":"https:\/\/shopatoa.com\/ro\/","logo":{"@type":"ImageObject","inLanguage":"ro-RO","@id":"https:\/\/shopatoa.com\/ro\/#\/schema\/logo\/image\/","url":"https:\/\/storage.googleapis.com\/cz-shopatoa-img\/ro\/b4dac915-shopatoa_logo.png","contentUrl":"https:\/\/storage.googleapis.com\/cz-shopatoa-img\/ro\/b4dac915-shopatoa_logo.png","width":416,"height":63,"caption":"SHOPATOA"},"image":{"@id":"https:\/\/shopatoa.com\/ro\/#\/schema\/logo\/image\/"}}]}},"_links":{"self":[{"href":"https:\/\/shopatoa.com\/ro\/wp-json\/wp\/v2\/product\/273234","targetHints":{"allow":["GET"]}}],"collection":[{"href":"https:\/\/shopatoa.com\/ro\/wp-json\/wp\/v2\/product"}],"about":[{"href":"https:\/\/shopatoa.com\/ro\/wp-json\/wp\/v2\/types\/product"}],"replies":[{"embeddable":true,"href":"https:\/\/shopatoa.com\/ro\/wp-json\/wp\/v2\/comments?post=273234"}],"wp:featuredmedia":[{"embeddable":true,"href":"https:\/\/shopatoa.com\/ro\/wp-json\/wp\/v2\/media\/273235"}],"wp:attachment":[{"href":"https:\/\/shopatoa.com\/ro\/wp-json\/wp\/v2\/media?parent=273234"}],"wp:term":[{"taxonomy":"product_brand","embeddable":true,"href":"https:\/\/shopatoa.com\/ro\/wp-json\/wp\/v2\/product_brand?post=273234"},{"taxonomy":"product_cat","embeddable":true,"href":"https:\/\/shopatoa.com\/ro\/wp-json\/wp\/v2\/product_cat?post=273234"},{"taxonomy":"product_tag","embeddable":true,"href":"https:\/\/shopatoa.com\/ro\/wp-json\/wp\/v2\/product_tag?post=273234"}],"curies":[{"name":"wp","href":"https:\/\/api.w.org\/{rel}","templated":true}]}}