{"id":273296,"date":"2025-04-29T17:26:30","date_gmt":"2025-04-29T15:26:30","guid":{"rendered":"https:\/\/shopatoa.com\/ro\/wotchi-bratara-fitness-w10b\/"},"modified":"2025-09-29T05:20:53","modified_gmt":"2025-09-29T03:20:53","slug":"wotchi-bratara-fitness-w10b","status":"publish","type":"product","link":"https:\/\/shopatoa.com\/ro\/wotchi-bratara-fitness-w10b\/","title":{"rendered":"Wotchi Br\u0103\u021bar\u0103 fitness W10B"},"content":{"rendered":"<p>Dac\u0103 sunte\u021bi interesat de un stil de via\u021b\u0103 s\u0103n\u0103tos \u0219i activ, va fi br\u0103\u021bar\u0103 fitness de la marca Wotchi va deveni un ajutor perfect. Datorit\u0103 acestei br\u0103\u021b\u0103ri ve\u021bi avea o imagine de ansamblu asupra activit\u0103\u021bilor de zi cu zi. Br\u0103\u021bara poate num\u0103ra pa\u0219ii, distan\u021ba total\u0103 parcurs\u0103 \u0219i caloriile arse. O caracteristic\u0103 esen\u021bial\u0103 este, de asemenea, monitorul integrat al ritmului cardiac \u0219i tensiunii arteriale. Fiecare sportiv va aprecia func\u021biile de antrenament, care pot fi utilizat\u0103, de exemplu, \u00een timp ce alerga\u021bi, s\u0103ri\u021bi cu coarda sau antrena\u021bi mu\u0219chii abdominali. Dup\u0103 conectarea telefonului mobil cu aplica\u021bia FitPro ve\u021bi ob\u021bine, de asemenea, o prezentare detaliat\u0103 a calit\u0103\u021bii, duratei \u0219i frecven\u021bei somnului. Prinde\u021bi br\u0103\u021bara la \u00eencheietura m\u00e2inii cu o curea din silicon confortabila. Rezisten\u021ba obi\u0219nuit\u0103 a bateriei este de 4-7 zile, \u00een modul de timp p\u00e2n\u0103 la 45 de zile. Br\u0103\u021bara este \u00eenc\u0103rcat\u0103 prin intermediul cablului USB, carcasa trebuie s\u0103 fie scoas\u0103 din curea. Miza\u021bi pe un accesoriu de fitness de \u00eencredere, pe care \u00eel ve\u021bi \u00eendr\u0103gi imediat. Pentru a naviga meniul e suficient un clic pe partea de jos a ecranului pentru a selecta activit\u0103\u021bi sportive, pentru a schimba tema afi\u0219ajului e suficient s\u0103 \u021bine\u021bi ap\u0103sat. Func\u021bii: notific\u0103ri din telefonul mobil pedometru monitorizarea ritmului cardiac func\u021bii de antrenament &#8211; alergare, s\u0103rituri cu coarda, antrenarea mu\u0219chilor abdominali monitorizarea somnului m\u0103surarea de calorii arse m\u0103surarea distan\u021bei parcurse verificare statutului bateriei calendar poze de la distan\u021b\u0103 Compatibilitate Bluetooth 4.0 (telefonul comunic\u0103 prin Bluetooth cu aplica\u021bia FitPro) Android 5.0 \u0219i mai mare IOS 9.0 \u0219i mai mare Limbi: Ceasul au meniu \u00een englez\u0103, spaniol\u0103, portughez\u0103, francez\u0103, german\u0103, italian\u0103, rus\u0103, japonez\u0103, coreean\u0103 Ceasul comunica cu aplica\u021bia FitPro, care este disponibil \u00een limba englez\u0103. Durat\u0103 de via\u021b\u0103 a bateriei \u00een regim de urgen\u021b\u0103: p\u00e2n\u0103 la 45 de zile Durata de via\u021b\u0103 a bateriei \u00een regim de utilizare activ\u0103: p\u00e2n\u0103 la 4-7 zile Un smartwatch este un dispozitiv care necesit\u0103 un telefon cu o aplica\u021bie specific\u0103 pentru a fi pus \u00een func\u021biune \u0219i care poate transmite \u0219i \u00eenregistra datele m\u0103surate \u00een aplica\u021bie \u0219i apoi poate evalua\/compara datele. Un ceas inteligent nu este un dispozitiv medical. Informa\u021biile ob\u021binute \u00een urma utiliz\u0103rii lui sunt doar orientative \u0219i nu ar trebui s\u0103 fie utilizate pentru cercetare medical\u0103, diagnostic sau tratament.<\/p>\n","protected":false},"excerpt":{"rendered":"<p>Dac\u0103 sunte\u021bi interesat de un stil de via\u021b\u0103 s\u0103n\u0103tos \u0219i activ, va fi br\u0103\u021bar\u0103 fitness de la marca Wotchi va deveni un ajutor perfect. Datorit\u0103 acestei br\u0103\u021b\u0103ri ve\u021bi avea o imagine de ansamblu asupra activit\u0103\u021bilor de zi cu zi. Br\u0103\u021bara poate num\u0103ra pa\u0219ii, distan\u021ba total\u0103 parcurs\u0103 \u0219i caloriile arse. O caracteristic\u0103 esen\u021bial\u0103 este, de asemenea,&#8230;<\/p>\n","protected":false},"featured_media":273297,"comment_status":"closed","ping_status":"open","template":"","meta":{"_acf_changed":false,"_kadence_starter_templates_imported_post":false,"_kad_post_transparent":"","_kad_post_title":"","_kad_post_layout":"","_kad_post_sidebar_id":"","_kad_post_content_style":"","_kad_post_vertical_padding":"","_kad_post_feature":"","_kad_post_feature_position":"","_kad_post_header":false,"_kad_post_footer":false,"_kad_post_classname":""},"product_brand":[536],"product_cat":[629,752,753],"product_tag":[],"class_list":{"0":"post-273296","1":"product","2":"type-product","3":"status-publish","4":"has-post-thumbnail","6":"product_brand-wotchi","7":"product_cat-ceasuri","8":"product_cat-ceasuri-sport","9":"product_cat-fitness-bratari","11":"first","12":"instock","13":"product-type-external","14":"entry","15":"content-bg","16":"loop-entry"},"acf":[],"yoast_head":"<!-- This site is optimized with the Yoast SEO plugin v27.4 - https:\/\/yoast.com\/product\/yoast-seo-wordpress\/ -->\n<title>Wotchi Br\u0103\u021bar\u0103 fitness W10B - SHOPATOA.COM<\/title>\n<meta name=\"robots\" content=\"index, follow, max-snippet:-1, max-image-preview:large, max-video-preview:-1\" \/>\n<link rel=\"canonical\" href=\"https:\/\/shopatoa.com\/ro\/wotchi-bratara-fitness-w10b\/\" \/>\n<meta property=\"og:locale\" content=\"ro_RO\" \/>\n<meta property=\"og:type\" content=\"article\" \/>\n<meta property=\"og:title\" content=\"Wotchi Br\u0103\u021bar\u0103 fitness W10B - SHOPATOA.COM\" \/>\n<meta property=\"og:description\" content=\"Dac\u0103 sunte\u021bi interesat de un stil de via\u021b\u0103 s\u0103n\u0103tos \u0219i activ, va fi br\u0103\u021bar\u0103 fitness de la marca Wotchi va deveni un ajutor perfect. Datorit\u0103 acestei br\u0103\u021b\u0103ri ve\u021bi avea o imagine de ansamblu asupra activit\u0103\u021bilor de zi cu zi. Br\u0103\u021bara poate num\u0103ra pa\u0219ii, distan\u021ba total\u0103 parcurs\u0103 \u0219i caloriile arse. O caracteristic\u0103 esen\u021bial\u0103 este, de asemenea,...\" \/>\n<meta property=\"og:url\" content=\"https:\/\/shopatoa.com\/ro\/wotchi-bratara-fitness-w10b\/\" \/>\n<meta property=\"og:site_name\" content=\"SHOPATOA\" \/>\n<meta property=\"article:modified_time\" content=\"2025-09-29T03:20:53+00:00\" \/>\n<meta property=\"og:image\" content=\"https:\/\/storage.googleapis.com\/cz-shopatoa-img\/ro\/2fc5d76d-unnamed-file.webp\" \/>\n\t<meta property=\"og:image:width\" content=\"800\" \/>\n\t<meta property=\"og:image:height\" content=\"800\" \/>\n\t<meta property=\"og:image:type\" content=\"image\/webp\" \/>\n<meta name=\"twitter:card\" content=\"summary_large_image\" \/>\n<meta name=\"twitter:label1\" content=\"Timp estimat pentru citire\" \/>\n\t<meta name=\"twitter:data1\" content=\"2 minute\" \/>\n<script type=\"application\/ld+json\" class=\"yoast-schema-graph\">{\"@context\":\"https:\\\/\\\/schema.org\",\"@graph\":[{\"@type\":\"WebPage\",\"@id\":\"https:\\\/\\\/shopatoa.com\\\/ro\\\/wotchi-bratara-fitness-w10b\\\/\",\"url\":\"https:\\\/\\\/shopatoa.com\\\/ro\\\/wotchi-bratara-fitness-w10b\\\/\",\"name\":\"Wotchi Br\u0103\u021bar\u0103 fitness W10B - SHOPATOA.COM\",\"isPartOf\":{\"@id\":\"https:\\\/\\\/shopatoa.com\\\/ro\\\/#website\"},\"primaryImageOfPage\":{\"@id\":\"https:\\\/\\\/shopatoa.com\\\/ro\\\/wotchi-bratara-fitness-w10b\\\/#primaryimage\"},\"image\":{\"@id\":\"https:\\\/\\\/shopatoa.com\\\/ro\\\/wotchi-bratara-fitness-w10b\\\/#primaryimage\"},\"thumbnailUrl\":\"https:\\\/\\\/storage.googleapis.com\\\/cz-shopatoa-img\\\/ro\\\/2fc5d76d-unnamed-file.webp\",\"datePublished\":\"2025-04-29T15:26:30+00:00\",\"dateModified\":\"2025-09-29T03:20:53+00:00\",\"breadcrumb\":{\"@id\":\"https:\\\/\\\/shopatoa.com\\\/ro\\\/wotchi-bratara-fitness-w10b\\\/#breadcrumb\"},\"inLanguage\":\"ro-RO\",\"potentialAction\":[{\"@type\":\"ReadAction\",\"target\":[\"https:\\\/\\\/shopatoa.com\\\/ro\\\/wotchi-bratara-fitness-w10b\\\/\"]}]},{\"@type\":\"ImageObject\",\"inLanguage\":\"ro-RO\",\"@id\":\"https:\\\/\\\/shopatoa.com\\\/ro\\\/wotchi-bratara-fitness-w10b\\\/#primaryimage\",\"url\":\"https:\\\/\\\/storage.googleapis.com\\\/cz-shopatoa-img\\\/ro\\\/2fc5d76d-unnamed-file.webp\",\"contentUrl\":\"https:\\\/\\\/storage.googleapis.com\\\/cz-shopatoa-img\\\/ro\\\/2fc5d76d-unnamed-file.webp\",\"width\":800,\"height\":800},{\"@type\":\"BreadcrumbList\",\"@id\":\"https:\\\/\\\/shopatoa.com\\\/ro\\\/wotchi-bratara-fitness-w10b\\\/#breadcrumb\",\"itemListElement\":[{\"@type\":\"ListItem\",\"position\":1,\"name\":\"Dom\u016f\",\"item\":\"https:\\\/\\\/shopatoa.com\\\/ro\\\/\"},{\"@type\":\"ListItem\",\"position\":2,\"name\":\"Shop\",\"item\":\"https:\\\/\\\/shopatoa.com\\\/ro\\\/shop\\\/\"},{\"@type\":\"ListItem\",\"position\":3,\"name\":\"Ceasuri\",\"item\":\"https:\\\/\\\/shopatoa.com\\\/ro\\\/ceasuri\\\/\"},{\"@type\":\"ListItem\",\"position\":4,\"name\":\"Ceasuri sport\",\"item\":\"https:\\\/\\\/shopatoa.com\\\/ro\\\/ceasuri-sport\\\/\"},{\"@type\":\"ListItem\",\"position\":5,\"name\":\"Fitness br\u0103\u021b\u0103ri\",\"item\":\"https:\\\/\\\/shopatoa.com\\\/ro\\\/fitness-bratari\\\/\"},{\"@type\":\"ListItem\",\"position\":6,\"name\":\"Wotchi Br\u0103\u021bar\u0103 fitness W10B\"}]},{\"@type\":\"WebSite\",\"@id\":\"https:\\\/\\\/shopatoa.com\\\/ro\\\/#website\",\"url\":\"https:\\\/\\\/shopatoa.com\\\/ro\\\/\",\"name\":\"SHOPATOA\",\"description\":\"\",\"publisher\":{\"@id\":\"https:\\\/\\\/shopatoa.com\\\/ro\\\/#organization\"},\"potentialAction\":[{\"@type\":\"SearchAction\",\"target\":{\"@type\":\"EntryPoint\",\"urlTemplate\":\"https:\\\/\\\/shopatoa.com\\\/ro\\\/?s={search_term_string}\"},\"query-input\":{\"@type\":\"PropertyValueSpecification\",\"valueRequired\":true,\"valueName\":\"search_term_string\"}}],\"inLanguage\":\"ro-RO\"},{\"@type\":\"Organization\",\"@id\":\"https:\\\/\\\/shopatoa.com\\\/ro\\\/#organization\",\"name\":\"SHOPATOA\",\"url\":\"https:\\\/\\\/shopatoa.com\\\/ro\\\/\",\"logo\":{\"@type\":\"ImageObject\",\"inLanguage\":\"ro-RO\",\"@id\":\"https:\\\/\\\/shopatoa.com\\\/ro\\\/#\\\/schema\\\/logo\\\/image\\\/\",\"url\":\"https:\\\/\\\/storage.googleapis.com\\\/cz-shopatoa-img\\\/ro\\\/b4dac915-shopatoa_logo.png\",\"contentUrl\":\"https:\\\/\\\/storage.googleapis.com\\\/cz-shopatoa-img\\\/ro\\\/b4dac915-shopatoa_logo.png\",\"width\":416,\"height\":63,\"caption\":\"SHOPATOA\"},\"image\":{\"@id\":\"https:\\\/\\\/shopatoa.com\\\/ro\\\/#\\\/schema\\\/logo\\\/image\\\/\"}}]}<\/script>\n<!-- \/ Yoast SEO plugin. -->","yoast_head_json":{"title":"Wotchi Br\u0103\u021bar\u0103 fitness W10B - SHOPATOA.COM","robots":{"index":"index","follow":"follow","max-snippet":"max-snippet:-1","max-image-preview":"max-image-preview:large","max-video-preview":"max-video-preview:-1"},"canonical":"https:\/\/shopatoa.com\/ro\/wotchi-bratara-fitness-w10b\/","og_locale":"ro_RO","og_type":"article","og_title":"Wotchi Br\u0103\u021bar\u0103 fitness W10B - SHOPATOA.COM","og_description":"Dac\u0103 sunte\u021bi interesat de un stil de via\u021b\u0103 s\u0103n\u0103tos \u0219i activ, va fi br\u0103\u021bar\u0103 fitness de la marca Wotchi va deveni un ajutor perfect. Datorit\u0103 acestei br\u0103\u021b\u0103ri ve\u021bi avea o imagine de ansamblu asupra activit\u0103\u021bilor de zi cu zi. Br\u0103\u021bara poate num\u0103ra pa\u0219ii, distan\u021ba total\u0103 parcurs\u0103 \u0219i caloriile arse. O caracteristic\u0103 esen\u021bial\u0103 este, de asemenea,...","og_url":"https:\/\/shopatoa.com\/ro\/wotchi-bratara-fitness-w10b\/","og_site_name":"SHOPATOA","article_modified_time":"2025-09-29T03:20:53+00:00","og_image":[{"width":800,"height":800,"url":"https:\/\/storage.googleapis.com\/cz-shopatoa-img\/ro\/2fc5d76d-unnamed-file.webp","type":"image\/webp"}],"twitter_card":"summary_large_image","twitter_misc":{"Timp estimat pentru citire":"2 minute"},"schema":{"@context":"https:\/\/schema.org","@graph":[{"@type":"WebPage","@id":"https:\/\/shopatoa.com\/ro\/wotchi-bratara-fitness-w10b\/","url":"https:\/\/shopatoa.com\/ro\/wotchi-bratara-fitness-w10b\/","name":"Wotchi Br\u0103\u021bar\u0103 fitness W10B - SHOPATOA.COM","isPartOf":{"@id":"https:\/\/shopatoa.com\/ro\/#website"},"primaryImageOfPage":{"@id":"https:\/\/shopatoa.com\/ro\/wotchi-bratara-fitness-w10b\/#primaryimage"},"image":{"@id":"https:\/\/shopatoa.com\/ro\/wotchi-bratara-fitness-w10b\/#primaryimage"},"thumbnailUrl":"https:\/\/storage.googleapis.com\/cz-shopatoa-img\/ro\/2fc5d76d-unnamed-file.webp","datePublished":"2025-04-29T15:26:30+00:00","dateModified":"2025-09-29T03:20:53+00:00","breadcrumb":{"@id":"https:\/\/shopatoa.com\/ro\/wotchi-bratara-fitness-w10b\/#breadcrumb"},"inLanguage":"ro-RO","potentialAction":[{"@type":"ReadAction","target":["https:\/\/shopatoa.com\/ro\/wotchi-bratara-fitness-w10b\/"]}]},{"@type":"ImageObject","inLanguage":"ro-RO","@id":"https:\/\/shopatoa.com\/ro\/wotchi-bratara-fitness-w10b\/#primaryimage","url":"https:\/\/storage.googleapis.com\/cz-shopatoa-img\/ro\/2fc5d76d-unnamed-file.webp","contentUrl":"https:\/\/storage.googleapis.com\/cz-shopatoa-img\/ro\/2fc5d76d-unnamed-file.webp","width":800,"height":800},{"@type":"BreadcrumbList","@id":"https:\/\/shopatoa.com\/ro\/wotchi-bratara-fitness-w10b\/#breadcrumb","itemListElement":[{"@type":"ListItem","position":1,"name":"Dom\u016f","item":"https:\/\/shopatoa.com\/ro\/"},{"@type":"ListItem","position":2,"name":"Shop","item":"https:\/\/shopatoa.com\/ro\/shop\/"},{"@type":"ListItem","position":3,"name":"Ceasuri","item":"https:\/\/shopatoa.com\/ro\/ceasuri\/"},{"@type":"ListItem","position":4,"name":"Ceasuri sport","item":"https:\/\/shopatoa.com\/ro\/ceasuri-sport\/"},{"@type":"ListItem","position":5,"name":"Fitness br\u0103\u021b\u0103ri","item":"https:\/\/shopatoa.com\/ro\/fitness-bratari\/"},{"@type":"ListItem","position":6,"name":"Wotchi Br\u0103\u021bar\u0103 fitness W10B"}]},{"@type":"WebSite","@id":"https:\/\/shopatoa.com\/ro\/#website","url":"https:\/\/shopatoa.com\/ro\/","name":"SHOPATOA","description":"","publisher":{"@id":"https:\/\/shopatoa.com\/ro\/#organization"},"potentialAction":[{"@type":"SearchAction","target":{"@type":"EntryPoint","urlTemplate":"https:\/\/shopatoa.com\/ro\/?s={search_term_string}"},"query-input":{"@type":"PropertyValueSpecification","valueRequired":true,"valueName":"search_term_string"}}],"inLanguage":"ro-RO"},{"@type":"Organization","@id":"https:\/\/shopatoa.com\/ro\/#organization","name":"SHOPATOA","url":"https:\/\/shopatoa.com\/ro\/","logo":{"@type":"ImageObject","inLanguage":"ro-RO","@id":"https:\/\/shopatoa.com\/ro\/#\/schema\/logo\/image\/","url":"https:\/\/storage.googleapis.com\/cz-shopatoa-img\/ro\/b4dac915-shopatoa_logo.png","contentUrl":"https:\/\/storage.googleapis.com\/cz-shopatoa-img\/ro\/b4dac915-shopatoa_logo.png","width":416,"height":63,"caption":"SHOPATOA"},"image":{"@id":"https:\/\/shopatoa.com\/ro\/#\/schema\/logo\/image\/"}}]}},"_links":{"self":[{"href":"https:\/\/shopatoa.com\/ro\/wp-json\/wp\/v2\/product\/273296","targetHints":{"allow":["GET"]}}],"collection":[{"href":"https:\/\/shopatoa.com\/ro\/wp-json\/wp\/v2\/product"}],"about":[{"href":"https:\/\/shopatoa.com\/ro\/wp-json\/wp\/v2\/types\/product"}],"replies":[{"embeddable":true,"href":"https:\/\/shopatoa.com\/ro\/wp-json\/wp\/v2\/comments?post=273296"}],"wp:featuredmedia":[{"embeddable":true,"href":"https:\/\/shopatoa.com\/ro\/wp-json\/wp\/v2\/media\/273297"}],"wp:attachment":[{"href":"https:\/\/shopatoa.com\/ro\/wp-json\/wp\/v2\/media?parent=273296"}],"wp:term":[{"taxonomy":"product_brand","embeddable":true,"href":"https:\/\/shopatoa.com\/ro\/wp-json\/wp\/v2\/product_brand?post=273296"},{"taxonomy":"product_cat","embeddable":true,"href":"https:\/\/shopatoa.com\/ro\/wp-json\/wp\/v2\/product_cat?post=273296"},{"taxonomy":"product_tag","embeddable":true,"href":"https:\/\/shopatoa.com\/ro\/wp-json\/wp\/v2\/product_tag?post=273296"}],"curies":[{"name":"wp","href":"https:\/\/api.w.org\/{rel}","templated":true}]}}