{"id":273405,"date":"2025-04-29T17:50:12","date_gmt":"2025-04-29T15:50:12","guid":{"rendered":"https:\/\/shopatoa.com\/ro\/omron-tensiometru-de-incheietura-rs4\/"},"modified":"2025-12-08T13:05:16","modified_gmt":"2025-12-08T12:05:16","slug":"omron-tensiometru-de-incheietura-rs4","status":"publish","type":"product","link":"https:\/\/shopatoa.com\/ro\/omron-tensiometru-de-incheietura-rs4\/","title":{"rendered":"Omron Tensiometru de \u00eencheietur\u0103 RS4"},"content":{"rendered":"<p>Tensiometrul OMRON RS4 ofer\u0103 m\u0103sur\u0103tori precise ale tensiunii arteriale f\u0103r\u0103 a necesita ridicarea m\u00e2necii. M\u0103surarea se face la \u00eencheietura m\u00e2inii cu un perimetru \u00eentre 13,5 \u0219i 21,5 cm. Acest mod de m\u0103surare reprezint\u0103 o alternativ\u0103 excelent\u0103 \u00een cazul \u00een care considera\u021bi c\u0103 man\u0219eta pentru bra\u021b este prea mic\u0103 sau incomod\u0103. Dispozitivul este echipat cu memorie pentru 60 de m\u0103sur\u0103tori, detecteaz\u0103 aritmia (b\u0103t\u0103i neregulate ale inimii) \u0219i hipertensiunea matinal\u0103, avertizeaz\u0103 \u00een caz de mi\u0219care necorespunz\u0103toare \u00een timpul m\u0103sur\u0103rii sau de man\u0219et\u0103 aplicat\u0103 incorect \u0219i dispune de un senzor pentru pozi\u021bia \u00eencheieturii m\u00e2inii.<\/p>\n","protected":false},"excerpt":{"rendered":"<p>Tensiometrul OMRON RS4 ofer\u0103 m\u0103sur\u0103tori precise ale tensiunii arteriale f\u0103r\u0103 a necesita ridicarea m\u00e2necii. M\u0103surarea se face la \u00eencheietura m\u00e2inii cu un perimetru \u00eentre 13,5 \u0219i 21,5 cm. Acest mod de m\u0103surare reprezint\u0103 o alternativ\u0103 excelent\u0103 \u00een cazul \u00een care considera\u021bi c\u0103 man\u0219eta pentru bra\u021b este prea mic\u0103 sau incomod\u0103. Dispozitivul este echipat cu memorie&#8230;<\/p>\n","protected":false},"featured_media":273406,"comment_status":"closed","ping_status":"open","template":"","meta":{"_acf_changed":false,"_kadence_starter_templates_imported_post":false,"_kad_post_transparent":"","_kad_post_title":"","_kad_post_layout":"","_kad_post_sidebar_id":"","_kad_post_content_style":"","_kad_post_vertical_padding":"","_kad_post_feature":"","_kad_post_feature_position":"","_kad_post_header":false,"_kad_post_footer":false,"_kad_post_classname":""},"product_brand":[392],"product_cat":[733,734,353],"product_tag":[],"class_list":{"0":"post-273405","1":"product","2":"type-product","3":"status-publish","4":"has-post-thumbnail","6":"product_brand-omron","7":"product_cat-aparate-si-ajutoare-de-sanatate","8":"product_cat-manometre-de-tensiune-arteriala","9":"product_cat-sanatate","11":"first","12":"instock","13":"product-type-external","14":"entry","15":"content-bg","16":"loop-entry"},"acf":[],"yoast_head":"<!-- This site is optimized with the Yoast SEO plugin v27.4 - https:\/\/yoast.com\/product\/yoast-seo-wordpress\/ -->\n<title>Omron Tensiometru de \u00eencheietur\u0103 RS4 - SHOPATOA.COM<\/title>\n<meta name=\"robots\" content=\"index, follow, max-snippet:-1, max-image-preview:large, max-video-preview:-1\" \/>\n<link rel=\"canonical\" href=\"https:\/\/shopatoa.com\/ro\/omron-tensiometru-de-incheietura-rs4\/\" \/>\n<meta property=\"og:locale\" content=\"ro_RO\" \/>\n<meta property=\"og:type\" content=\"article\" \/>\n<meta property=\"og:title\" content=\"Omron Tensiometru de \u00eencheietur\u0103 RS4 - SHOPATOA.COM\" \/>\n<meta property=\"og:description\" content=\"Tensiometrul OMRON RS4 ofer\u0103 m\u0103sur\u0103tori precise ale tensiunii arteriale f\u0103r\u0103 a necesita ridicarea m\u00e2necii. M\u0103surarea se face la \u00eencheietura m\u00e2inii cu un perimetru \u00eentre 13,5 \u0219i 21,5 cm. Acest mod de m\u0103surare reprezint\u0103 o alternativ\u0103 excelent\u0103 \u00een cazul \u00een care considera\u021bi c\u0103 man\u0219eta pentru bra\u021b este prea mic\u0103 sau incomod\u0103. Dispozitivul este echipat cu memorie...\" \/>\n<meta property=\"og:url\" content=\"https:\/\/shopatoa.com\/ro\/omron-tensiometru-de-incheietura-rs4\/\" \/>\n<meta property=\"og:site_name\" content=\"SHOPATOA\" \/>\n<meta property=\"article:modified_time\" content=\"2025-12-08T12:05:16+00:00\" \/>\n<meta property=\"og:image\" content=\"https:\/\/storage.googleapis.com\/cz-shopatoa-img\/ro\/cf269792-unnamed-file.webp\" \/>\n\t<meta property=\"og:image:width\" content=\"800\" \/>\n\t<meta property=\"og:image:height\" content=\"800\" \/>\n\t<meta property=\"og:image:type\" content=\"image\/webp\" \/>\n<meta name=\"twitter:card\" content=\"summary_large_image\" \/>\n<meta name=\"twitter:label1\" content=\"Timp estimat pentru citire\" \/>\n\t<meta name=\"twitter:data1\" content=\"1 minut\" \/>\n<script type=\"application\/ld+json\" class=\"yoast-schema-graph\">{\"@context\":\"https:\\\/\\\/schema.org\",\"@graph\":[{\"@type\":\"WebPage\",\"@id\":\"https:\\\/\\\/shopatoa.com\\\/ro\\\/omron-tensiometru-de-incheietura-rs4\\\/\",\"url\":\"https:\\\/\\\/shopatoa.com\\\/ro\\\/omron-tensiometru-de-incheietura-rs4\\\/\",\"name\":\"Omron Tensiometru de \u00eencheietur\u0103 RS4 - SHOPATOA.COM\",\"isPartOf\":{\"@id\":\"https:\\\/\\\/shopatoa.com\\\/ro\\\/#website\"},\"primaryImageOfPage\":{\"@id\":\"https:\\\/\\\/shopatoa.com\\\/ro\\\/omron-tensiometru-de-incheietura-rs4\\\/#primaryimage\"},\"image\":{\"@id\":\"https:\\\/\\\/shopatoa.com\\\/ro\\\/omron-tensiometru-de-incheietura-rs4\\\/#primaryimage\"},\"thumbnailUrl\":\"https:\\\/\\\/storage.googleapis.com\\\/cz-shopatoa-img\\\/ro\\\/cf269792-unnamed-file.webp\",\"datePublished\":\"2025-04-29T15:50:12+00:00\",\"dateModified\":\"2025-12-08T12:05:16+00:00\",\"breadcrumb\":{\"@id\":\"https:\\\/\\\/shopatoa.com\\\/ro\\\/omron-tensiometru-de-incheietura-rs4\\\/#breadcrumb\"},\"inLanguage\":\"ro-RO\",\"potentialAction\":[{\"@type\":\"ReadAction\",\"target\":[\"https:\\\/\\\/shopatoa.com\\\/ro\\\/omron-tensiometru-de-incheietura-rs4\\\/\"]}]},{\"@type\":\"ImageObject\",\"inLanguage\":\"ro-RO\",\"@id\":\"https:\\\/\\\/shopatoa.com\\\/ro\\\/omron-tensiometru-de-incheietura-rs4\\\/#primaryimage\",\"url\":\"https:\\\/\\\/storage.googleapis.com\\\/cz-shopatoa-img\\\/ro\\\/cf269792-unnamed-file.webp\",\"contentUrl\":\"https:\\\/\\\/storage.googleapis.com\\\/cz-shopatoa-img\\\/ro\\\/cf269792-unnamed-file.webp\",\"width\":800,\"height\":800},{\"@type\":\"BreadcrumbList\",\"@id\":\"https:\\\/\\\/shopatoa.com\\\/ro\\\/omron-tensiometru-de-incheietura-rs4\\\/#breadcrumb\",\"itemListElement\":[{\"@type\":\"ListItem\",\"position\":1,\"name\":\"Dom\u016f\",\"item\":\"https:\\\/\\\/shopatoa.com\\\/ro\\\/\"},{\"@type\":\"ListItem\",\"position\":2,\"name\":\"Shop\",\"item\":\"https:\\\/\\\/shopatoa.com\\\/ro\\\/shop\\\/\"},{\"@type\":\"ListItem\",\"position\":3,\"name\":\"S\u0103n\u0103tate\",\"item\":\"https:\\\/\\\/shopatoa.com\\\/ro\\\/sanatate\\\/\"},{\"@type\":\"ListItem\",\"position\":4,\"name\":\"Aparate \u0219i ajutoare de s\u0103n\u0103tate\",\"item\":\"https:\\\/\\\/shopatoa.com\\\/ro\\\/aparate-si-ajutoare-de-sanatate\\\/\"},{\"@type\":\"ListItem\",\"position\":5,\"name\":\"Manometre de tensiune arterial\u0103\",\"item\":\"https:\\\/\\\/shopatoa.com\\\/ro\\\/manometre-de-tensiune-arteriala\\\/\"},{\"@type\":\"ListItem\",\"position\":6,\"name\":\"Omron Tensiometru de \u00eencheietur\u0103 RS4\"}]},{\"@type\":\"WebSite\",\"@id\":\"https:\\\/\\\/shopatoa.com\\\/ro\\\/#website\",\"url\":\"https:\\\/\\\/shopatoa.com\\\/ro\\\/\",\"name\":\"SHOPATOA\",\"description\":\"\",\"publisher\":{\"@id\":\"https:\\\/\\\/shopatoa.com\\\/ro\\\/#organization\"},\"potentialAction\":[{\"@type\":\"SearchAction\",\"target\":{\"@type\":\"EntryPoint\",\"urlTemplate\":\"https:\\\/\\\/shopatoa.com\\\/ro\\\/?s={search_term_string}\"},\"query-input\":{\"@type\":\"PropertyValueSpecification\",\"valueRequired\":true,\"valueName\":\"search_term_string\"}}],\"inLanguage\":\"ro-RO\"},{\"@type\":\"Organization\",\"@id\":\"https:\\\/\\\/shopatoa.com\\\/ro\\\/#organization\",\"name\":\"SHOPATOA\",\"url\":\"https:\\\/\\\/shopatoa.com\\\/ro\\\/\",\"logo\":{\"@type\":\"ImageObject\",\"inLanguage\":\"ro-RO\",\"@id\":\"https:\\\/\\\/shopatoa.com\\\/ro\\\/#\\\/schema\\\/logo\\\/image\\\/\",\"url\":\"https:\\\/\\\/storage.googleapis.com\\\/cz-shopatoa-img\\\/ro\\\/b4dac915-shopatoa_logo.png\",\"contentUrl\":\"https:\\\/\\\/storage.googleapis.com\\\/cz-shopatoa-img\\\/ro\\\/b4dac915-shopatoa_logo.png\",\"width\":416,\"height\":63,\"caption\":\"SHOPATOA\"},\"image\":{\"@id\":\"https:\\\/\\\/shopatoa.com\\\/ro\\\/#\\\/schema\\\/logo\\\/image\\\/\"}}]}<\/script>\n<!-- \/ Yoast SEO plugin. -->","yoast_head_json":{"title":"Omron Tensiometru de \u00eencheietur\u0103 RS4 - SHOPATOA.COM","robots":{"index":"index","follow":"follow","max-snippet":"max-snippet:-1","max-image-preview":"max-image-preview:large","max-video-preview":"max-video-preview:-1"},"canonical":"https:\/\/shopatoa.com\/ro\/omron-tensiometru-de-incheietura-rs4\/","og_locale":"ro_RO","og_type":"article","og_title":"Omron Tensiometru de \u00eencheietur\u0103 RS4 - SHOPATOA.COM","og_description":"Tensiometrul OMRON RS4 ofer\u0103 m\u0103sur\u0103tori precise ale tensiunii arteriale f\u0103r\u0103 a necesita ridicarea m\u00e2necii. M\u0103surarea se face la \u00eencheietura m\u00e2inii cu un perimetru \u00eentre 13,5 \u0219i 21,5 cm. Acest mod de m\u0103surare reprezint\u0103 o alternativ\u0103 excelent\u0103 \u00een cazul \u00een care considera\u021bi c\u0103 man\u0219eta pentru bra\u021b este prea mic\u0103 sau incomod\u0103. Dispozitivul este echipat cu memorie...","og_url":"https:\/\/shopatoa.com\/ro\/omron-tensiometru-de-incheietura-rs4\/","og_site_name":"SHOPATOA","article_modified_time":"2025-12-08T12:05:16+00:00","og_image":[{"width":800,"height":800,"url":"https:\/\/storage.googleapis.com\/cz-shopatoa-img\/ro\/cf269792-unnamed-file.webp","type":"image\/webp"}],"twitter_card":"summary_large_image","twitter_misc":{"Timp estimat pentru citire":"1 minut"},"schema":{"@context":"https:\/\/schema.org","@graph":[{"@type":"WebPage","@id":"https:\/\/shopatoa.com\/ro\/omron-tensiometru-de-incheietura-rs4\/","url":"https:\/\/shopatoa.com\/ro\/omron-tensiometru-de-incheietura-rs4\/","name":"Omron Tensiometru de \u00eencheietur\u0103 RS4 - SHOPATOA.COM","isPartOf":{"@id":"https:\/\/shopatoa.com\/ro\/#website"},"primaryImageOfPage":{"@id":"https:\/\/shopatoa.com\/ro\/omron-tensiometru-de-incheietura-rs4\/#primaryimage"},"image":{"@id":"https:\/\/shopatoa.com\/ro\/omron-tensiometru-de-incheietura-rs4\/#primaryimage"},"thumbnailUrl":"https:\/\/storage.googleapis.com\/cz-shopatoa-img\/ro\/cf269792-unnamed-file.webp","datePublished":"2025-04-29T15:50:12+00:00","dateModified":"2025-12-08T12:05:16+00:00","breadcrumb":{"@id":"https:\/\/shopatoa.com\/ro\/omron-tensiometru-de-incheietura-rs4\/#breadcrumb"},"inLanguage":"ro-RO","potentialAction":[{"@type":"ReadAction","target":["https:\/\/shopatoa.com\/ro\/omron-tensiometru-de-incheietura-rs4\/"]}]},{"@type":"ImageObject","inLanguage":"ro-RO","@id":"https:\/\/shopatoa.com\/ro\/omron-tensiometru-de-incheietura-rs4\/#primaryimage","url":"https:\/\/storage.googleapis.com\/cz-shopatoa-img\/ro\/cf269792-unnamed-file.webp","contentUrl":"https:\/\/storage.googleapis.com\/cz-shopatoa-img\/ro\/cf269792-unnamed-file.webp","width":800,"height":800},{"@type":"BreadcrumbList","@id":"https:\/\/shopatoa.com\/ro\/omron-tensiometru-de-incheietura-rs4\/#breadcrumb","itemListElement":[{"@type":"ListItem","position":1,"name":"Dom\u016f","item":"https:\/\/shopatoa.com\/ro\/"},{"@type":"ListItem","position":2,"name":"Shop","item":"https:\/\/shopatoa.com\/ro\/shop\/"},{"@type":"ListItem","position":3,"name":"S\u0103n\u0103tate","item":"https:\/\/shopatoa.com\/ro\/sanatate\/"},{"@type":"ListItem","position":4,"name":"Aparate \u0219i ajutoare de s\u0103n\u0103tate","item":"https:\/\/shopatoa.com\/ro\/aparate-si-ajutoare-de-sanatate\/"},{"@type":"ListItem","position":5,"name":"Manometre de tensiune arterial\u0103","item":"https:\/\/shopatoa.com\/ro\/manometre-de-tensiune-arteriala\/"},{"@type":"ListItem","position":6,"name":"Omron Tensiometru de \u00eencheietur\u0103 RS4"}]},{"@type":"WebSite","@id":"https:\/\/shopatoa.com\/ro\/#website","url":"https:\/\/shopatoa.com\/ro\/","name":"SHOPATOA","description":"","publisher":{"@id":"https:\/\/shopatoa.com\/ro\/#organization"},"potentialAction":[{"@type":"SearchAction","target":{"@type":"EntryPoint","urlTemplate":"https:\/\/shopatoa.com\/ro\/?s={search_term_string}"},"query-input":{"@type":"PropertyValueSpecification","valueRequired":true,"valueName":"search_term_string"}}],"inLanguage":"ro-RO"},{"@type":"Organization","@id":"https:\/\/shopatoa.com\/ro\/#organization","name":"SHOPATOA","url":"https:\/\/shopatoa.com\/ro\/","logo":{"@type":"ImageObject","inLanguage":"ro-RO","@id":"https:\/\/shopatoa.com\/ro\/#\/schema\/logo\/image\/","url":"https:\/\/storage.googleapis.com\/cz-shopatoa-img\/ro\/b4dac915-shopatoa_logo.png","contentUrl":"https:\/\/storage.googleapis.com\/cz-shopatoa-img\/ro\/b4dac915-shopatoa_logo.png","width":416,"height":63,"caption":"SHOPATOA"},"image":{"@id":"https:\/\/shopatoa.com\/ro\/#\/schema\/logo\/image\/"}}]}},"_links":{"self":[{"href":"https:\/\/shopatoa.com\/ro\/wp-json\/wp\/v2\/product\/273405","targetHints":{"allow":["GET"]}}],"collection":[{"href":"https:\/\/shopatoa.com\/ro\/wp-json\/wp\/v2\/product"}],"about":[{"href":"https:\/\/shopatoa.com\/ro\/wp-json\/wp\/v2\/types\/product"}],"replies":[{"embeddable":true,"href":"https:\/\/shopatoa.com\/ro\/wp-json\/wp\/v2\/comments?post=273405"}],"wp:featuredmedia":[{"embeddable":true,"href":"https:\/\/shopatoa.com\/ro\/wp-json\/wp\/v2\/media\/273406"}],"wp:attachment":[{"href":"https:\/\/shopatoa.com\/ro\/wp-json\/wp\/v2\/media?parent=273405"}],"wp:term":[{"taxonomy":"product_brand","embeddable":true,"href":"https:\/\/shopatoa.com\/ro\/wp-json\/wp\/v2\/product_brand?post=273405"},{"taxonomy":"product_cat","embeddable":true,"href":"https:\/\/shopatoa.com\/ro\/wp-json\/wp\/v2\/product_cat?post=273405"},{"taxonomy":"product_tag","embeddable":true,"href":"https:\/\/shopatoa.com\/ro\/wp-json\/wp\/v2\/product_tag?post=273405"}],"curies":[{"name":"wp","href":"https:\/\/api.w.org\/{rel}","templated":true}]}}