{"id":273409,"date":"2025-04-29T17:50:35","date_gmt":"2025-04-29T15:50:35","guid":{"rendered":"https:\/\/shopatoa.com\/ro\/omron-tensiometru-pentru-incheietura-mainii-omron-rs7-it\/"},"modified":"2025-12-08T13:04:05","modified_gmt":"2025-12-08T12:04:05","slug":"omron-tensiometru-pentru-incheietura-mainii-omron-rs7-it","status":"publish","type":"product","link":"https:\/\/shopatoa.com\/ro\/omron-tensiometru-pentru-incheietura-mainii-omron-rs7-it\/","title":{"rendered":"Omron Tensiometru pentru \u00eencheietura m\u00e2inii OMRON RS7 IT"},"content":{"rendered":"<p>Tensiometrul OMRON RS7 Intelli IT cu conectivitate Bluetooth pentru dispozitive Android sau iOS reprezint\u0103 o solu\u021bie modern\u0103 pentru m\u0103surarea precis\u0103 a tensiunii arteriale, permi\u021b\u00e2ndu-v\u0103 s\u0103 monitoriza\u021bi constant valorile acesteia. M\u0103surarea se efectueaz\u0103 la nivelul \u00eencheieturii, cu o circumferin\u021b\u0103 de 13,5 \u2013 21,5 cm, fiind o alternativ\u0103 potrivit\u0103 dac\u0103 man\u0219etele pentru bra\u021b sunt prea mici sau incomode pentru dumneavoastr\u0103. Dispozitivul este echipat cu memorie divizat\u0103 (2&#215;100 m\u0103sur\u0103tori) \u0219i un senzor de pozi\u021bionare a \u00eencheieturii. Tensiometrul detecteaz\u0103 aritmia (b\u0103t\u0103i neregulate ale inimii), avertizeaz\u0103 asupra unei mi\u0219c\u0103ri inadecvate \u00een timpul m\u0103sur\u0103rii sau a unei man\u0219ete montate incorect.<\/p>\n","protected":false},"excerpt":{"rendered":"<p>Tensiometrul OMRON RS7 Intelli IT cu conectivitate Bluetooth pentru dispozitive Android sau iOS reprezint\u0103 o solu\u021bie modern\u0103 pentru m\u0103surarea precis\u0103 a tensiunii arteriale, permi\u021b\u00e2ndu-v\u0103 s\u0103 monitoriza\u021bi constant valorile acesteia. M\u0103surarea se efectueaz\u0103 la nivelul \u00eencheieturii, cu o circumferin\u021b\u0103 de 13,5 \u2013 21,5 cm, fiind o alternativ\u0103 potrivit\u0103 dac\u0103 man\u0219etele pentru bra\u021b sunt prea mici sau&#8230;<\/p>\n","protected":false},"featured_media":273410,"comment_status":"closed","ping_status":"open","template":"","meta":{"_acf_changed":false,"_kadence_starter_templates_imported_post":false,"_kad_post_transparent":"","_kad_post_title":"","_kad_post_layout":"","_kad_post_sidebar_id":"","_kad_post_content_style":"","_kad_post_vertical_padding":"","_kad_post_feature":"","_kad_post_feature_position":"","_kad_post_header":false,"_kad_post_footer":false,"_kad_post_classname":""},"product_brand":[392],"product_cat":[733,734,353],"product_tag":[],"class_list":{"0":"post-273409","1":"product","2":"type-product","3":"status-publish","4":"has-post-thumbnail","6":"product_brand-omron","7":"product_cat-aparate-si-ajutoare-de-sanatate","8":"product_cat-manometre-de-tensiune-arteriala","9":"product_cat-sanatate","11":"first","12":"instock","13":"product-type-external","14":"entry","15":"content-bg","16":"loop-entry"},"acf":[],"yoast_head":"<!-- This site is optimized with the Yoast SEO plugin v27.4 - https:\/\/yoast.com\/product\/yoast-seo-wordpress\/ -->\n<title>Omron Tensiometru pentru \u00eencheietura m\u00e2inii OMRON RS7 IT - SHOPATOA.COM<\/title>\n<meta name=\"robots\" content=\"index, follow, max-snippet:-1, max-image-preview:large, max-video-preview:-1\" \/>\n<link rel=\"canonical\" href=\"https:\/\/shopatoa.com\/ro\/omron-tensiometru-pentru-incheietura-mainii-omron-rs7-it\/\" \/>\n<meta property=\"og:locale\" content=\"ro_RO\" \/>\n<meta property=\"og:type\" content=\"article\" \/>\n<meta property=\"og:title\" content=\"Omron Tensiometru pentru \u00eencheietura m\u00e2inii OMRON RS7 IT - SHOPATOA.COM\" \/>\n<meta property=\"og:description\" content=\"Tensiometrul OMRON RS7 Intelli IT cu conectivitate Bluetooth pentru dispozitive Android sau iOS reprezint\u0103 o solu\u021bie modern\u0103 pentru m\u0103surarea precis\u0103 a tensiunii arteriale, permi\u021b\u00e2ndu-v\u0103 s\u0103 monitoriza\u021bi constant valorile acesteia. M\u0103surarea se efectueaz\u0103 la nivelul \u00eencheieturii, cu o circumferin\u021b\u0103 de 13,5 \u2013 21,5 cm, fiind o alternativ\u0103 potrivit\u0103 dac\u0103 man\u0219etele pentru bra\u021b sunt prea mici sau...\" \/>\n<meta property=\"og:url\" content=\"https:\/\/shopatoa.com\/ro\/omron-tensiometru-pentru-incheietura-mainii-omron-rs7-it\/\" \/>\n<meta property=\"og:site_name\" content=\"SHOPATOA\" \/>\n<meta property=\"article:modified_time\" content=\"2025-12-08T12:04:05+00:00\" \/>\n<meta property=\"og:image\" content=\"https:\/\/storage.googleapis.com\/cz-shopatoa-img\/ro\/0e92b5a7-unnamed-file.webp\" \/>\n\t<meta property=\"og:image:width\" content=\"800\" \/>\n\t<meta property=\"og:image:height\" content=\"800\" \/>\n\t<meta property=\"og:image:type\" content=\"image\/webp\" \/>\n<meta name=\"twitter:card\" content=\"summary_large_image\" \/>\n<meta name=\"twitter:label1\" content=\"Timp estimat pentru citire\" \/>\n\t<meta name=\"twitter:data1\" content=\"1 minut\" \/>\n<script type=\"application\/ld+json\" class=\"yoast-schema-graph\">{\"@context\":\"https:\\\/\\\/schema.org\",\"@graph\":[{\"@type\":\"WebPage\",\"@id\":\"https:\\\/\\\/shopatoa.com\\\/ro\\\/omron-tensiometru-pentru-incheietura-mainii-omron-rs7-it\\\/\",\"url\":\"https:\\\/\\\/shopatoa.com\\\/ro\\\/omron-tensiometru-pentru-incheietura-mainii-omron-rs7-it\\\/\",\"name\":\"Omron Tensiometru pentru \u00eencheietura m\u00e2inii OMRON RS7 IT - SHOPATOA.COM\",\"isPartOf\":{\"@id\":\"https:\\\/\\\/shopatoa.com\\\/ro\\\/#website\"},\"primaryImageOfPage\":{\"@id\":\"https:\\\/\\\/shopatoa.com\\\/ro\\\/omron-tensiometru-pentru-incheietura-mainii-omron-rs7-it\\\/#primaryimage\"},\"image\":{\"@id\":\"https:\\\/\\\/shopatoa.com\\\/ro\\\/omron-tensiometru-pentru-incheietura-mainii-omron-rs7-it\\\/#primaryimage\"},\"thumbnailUrl\":\"https:\\\/\\\/storage.googleapis.com\\\/cz-shopatoa-img\\\/ro\\\/0e92b5a7-unnamed-file.webp\",\"datePublished\":\"2025-04-29T15:50:35+00:00\",\"dateModified\":\"2025-12-08T12:04:05+00:00\",\"breadcrumb\":{\"@id\":\"https:\\\/\\\/shopatoa.com\\\/ro\\\/omron-tensiometru-pentru-incheietura-mainii-omron-rs7-it\\\/#breadcrumb\"},\"inLanguage\":\"ro-RO\",\"potentialAction\":[{\"@type\":\"ReadAction\",\"target\":[\"https:\\\/\\\/shopatoa.com\\\/ro\\\/omron-tensiometru-pentru-incheietura-mainii-omron-rs7-it\\\/\"]}]},{\"@type\":\"ImageObject\",\"inLanguage\":\"ro-RO\",\"@id\":\"https:\\\/\\\/shopatoa.com\\\/ro\\\/omron-tensiometru-pentru-incheietura-mainii-omron-rs7-it\\\/#primaryimage\",\"url\":\"https:\\\/\\\/storage.googleapis.com\\\/cz-shopatoa-img\\\/ro\\\/0e92b5a7-unnamed-file.webp\",\"contentUrl\":\"https:\\\/\\\/storage.googleapis.com\\\/cz-shopatoa-img\\\/ro\\\/0e92b5a7-unnamed-file.webp\",\"width\":800,\"height\":800},{\"@type\":\"BreadcrumbList\",\"@id\":\"https:\\\/\\\/shopatoa.com\\\/ro\\\/omron-tensiometru-pentru-incheietura-mainii-omron-rs7-it\\\/#breadcrumb\",\"itemListElement\":[{\"@type\":\"ListItem\",\"position\":1,\"name\":\"Dom\u016f\",\"item\":\"https:\\\/\\\/shopatoa.com\\\/ro\\\/\"},{\"@type\":\"ListItem\",\"position\":2,\"name\":\"Shop\",\"item\":\"https:\\\/\\\/shopatoa.com\\\/ro\\\/shop\\\/\"},{\"@type\":\"ListItem\",\"position\":3,\"name\":\"S\u0103n\u0103tate\",\"item\":\"https:\\\/\\\/shopatoa.com\\\/ro\\\/sanatate\\\/\"},{\"@type\":\"ListItem\",\"position\":4,\"name\":\"Aparate \u0219i ajutoare de s\u0103n\u0103tate\",\"item\":\"https:\\\/\\\/shopatoa.com\\\/ro\\\/aparate-si-ajutoare-de-sanatate\\\/\"},{\"@type\":\"ListItem\",\"position\":5,\"name\":\"Manometre de tensiune arterial\u0103\",\"item\":\"https:\\\/\\\/shopatoa.com\\\/ro\\\/manometre-de-tensiune-arteriala\\\/\"},{\"@type\":\"ListItem\",\"position\":6,\"name\":\"Omron Tensiometru pentru \u00eencheietura m\u00e2inii OMRON RS7 IT\"}]},{\"@type\":\"WebSite\",\"@id\":\"https:\\\/\\\/shopatoa.com\\\/ro\\\/#website\",\"url\":\"https:\\\/\\\/shopatoa.com\\\/ro\\\/\",\"name\":\"SHOPATOA\",\"description\":\"\",\"publisher\":{\"@id\":\"https:\\\/\\\/shopatoa.com\\\/ro\\\/#organization\"},\"potentialAction\":[{\"@type\":\"SearchAction\",\"target\":{\"@type\":\"EntryPoint\",\"urlTemplate\":\"https:\\\/\\\/shopatoa.com\\\/ro\\\/?s={search_term_string}\"},\"query-input\":{\"@type\":\"PropertyValueSpecification\",\"valueRequired\":true,\"valueName\":\"search_term_string\"}}],\"inLanguage\":\"ro-RO\"},{\"@type\":\"Organization\",\"@id\":\"https:\\\/\\\/shopatoa.com\\\/ro\\\/#organization\",\"name\":\"SHOPATOA\",\"url\":\"https:\\\/\\\/shopatoa.com\\\/ro\\\/\",\"logo\":{\"@type\":\"ImageObject\",\"inLanguage\":\"ro-RO\",\"@id\":\"https:\\\/\\\/shopatoa.com\\\/ro\\\/#\\\/schema\\\/logo\\\/image\\\/\",\"url\":\"https:\\\/\\\/storage.googleapis.com\\\/cz-shopatoa-img\\\/ro\\\/b4dac915-shopatoa_logo.png\",\"contentUrl\":\"https:\\\/\\\/storage.googleapis.com\\\/cz-shopatoa-img\\\/ro\\\/b4dac915-shopatoa_logo.png\",\"width\":416,\"height\":63,\"caption\":\"SHOPATOA\"},\"image\":{\"@id\":\"https:\\\/\\\/shopatoa.com\\\/ro\\\/#\\\/schema\\\/logo\\\/image\\\/\"}}]}<\/script>\n<!-- \/ Yoast SEO plugin. -->","yoast_head_json":{"title":"Omron Tensiometru pentru \u00eencheietura m\u00e2inii OMRON RS7 IT - SHOPATOA.COM","robots":{"index":"index","follow":"follow","max-snippet":"max-snippet:-1","max-image-preview":"max-image-preview:large","max-video-preview":"max-video-preview:-1"},"canonical":"https:\/\/shopatoa.com\/ro\/omron-tensiometru-pentru-incheietura-mainii-omron-rs7-it\/","og_locale":"ro_RO","og_type":"article","og_title":"Omron Tensiometru pentru \u00eencheietura m\u00e2inii OMRON RS7 IT - SHOPATOA.COM","og_description":"Tensiometrul OMRON RS7 Intelli IT cu conectivitate Bluetooth pentru dispozitive Android sau iOS reprezint\u0103 o solu\u021bie modern\u0103 pentru m\u0103surarea precis\u0103 a tensiunii arteriale, permi\u021b\u00e2ndu-v\u0103 s\u0103 monitoriza\u021bi constant valorile acesteia. M\u0103surarea se efectueaz\u0103 la nivelul \u00eencheieturii, cu o circumferin\u021b\u0103 de 13,5 \u2013 21,5 cm, fiind o alternativ\u0103 potrivit\u0103 dac\u0103 man\u0219etele pentru bra\u021b sunt prea mici sau...","og_url":"https:\/\/shopatoa.com\/ro\/omron-tensiometru-pentru-incheietura-mainii-omron-rs7-it\/","og_site_name":"SHOPATOA","article_modified_time":"2025-12-08T12:04:05+00:00","og_image":[{"width":800,"height":800,"url":"https:\/\/storage.googleapis.com\/cz-shopatoa-img\/ro\/0e92b5a7-unnamed-file.webp","type":"image\/webp"}],"twitter_card":"summary_large_image","twitter_misc":{"Timp estimat pentru citire":"1 minut"},"schema":{"@context":"https:\/\/schema.org","@graph":[{"@type":"WebPage","@id":"https:\/\/shopatoa.com\/ro\/omron-tensiometru-pentru-incheietura-mainii-omron-rs7-it\/","url":"https:\/\/shopatoa.com\/ro\/omron-tensiometru-pentru-incheietura-mainii-omron-rs7-it\/","name":"Omron Tensiometru pentru \u00eencheietura m\u00e2inii OMRON RS7 IT - SHOPATOA.COM","isPartOf":{"@id":"https:\/\/shopatoa.com\/ro\/#website"},"primaryImageOfPage":{"@id":"https:\/\/shopatoa.com\/ro\/omron-tensiometru-pentru-incheietura-mainii-omron-rs7-it\/#primaryimage"},"image":{"@id":"https:\/\/shopatoa.com\/ro\/omron-tensiometru-pentru-incheietura-mainii-omron-rs7-it\/#primaryimage"},"thumbnailUrl":"https:\/\/storage.googleapis.com\/cz-shopatoa-img\/ro\/0e92b5a7-unnamed-file.webp","datePublished":"2025-04-29T15:50:35+00:00","dateModified":"2025-12-08T12:04:05+00:00","breadcrumb":{"@id":"https:\/\/shopatoa.com\/ro\/omron-tensiometru-pentru-incheietura-mainii-omron-rs7-it\/#breadcrumb"},"inLanguage":"ro-RO","potentialAction":[{"@type":"ReadAction","target":["https:\/\/shopatoa.com\/ro\/omron-tensiometru-pentru-incheietura-mainii-omron-rs7-it\/"]}]},{"@type":"ImageObject","inLanguage":"ro-RO","@id":"https:\/\/shopatoa.com\/ro\/omron-tensiometru-pentru-incheietura-mainii-omron-rs7-it\/#primaryimage","url":"https:\/\/storage.googleapis.com\/cz-shopatoa-img\/ro\/0e92b5a7-unnamed-file.webp","contentUrl":"https:\/\/storage.googleapis.com\/cz-shopatoa-img\/ro\/0e92b5a7-unnamed-file.webp","width":800,"height":800},{"@type":"BreadcrumbList","@id":"https:\/\/shopatoa.com\/ro\/omron-tensiometru-pentru-incheietura-mainii-omron-rs7-it\/#breadcrumb","itemListElement":[{"@type":"ListItem","position":1,"name":"Dom\u016f","item":"https:\/\/shopatoa.com\/ro\/"},{"@type":"ListItem","position":2,"name":"Shop","item":"https:\/\/shopatoa.com\/ro\/shop\/"},{"@type":"ListItem","position":3,"name":"S\u0103n\u0103tate","item":"https:\/\/shopatoa.com\/ro\/sanatate\/"},{"@type":"ListItem","position":4,"name":"Aparate \u0219i ajutoare de s\u0103n\u0103tate","item":"https:\/\/shopatoa.com\/ro\/aparate-si-ajutoare-de-sanatate\/"},{"@type":"ListItem","position":5,"name":"Manometre de tensiune arterial\u0103","item":"https:\/\/shopatoa.com\/ro\/manometre-de-tensiune-arteriala\/"},{"@type":"ListItem","position":6,"name":"Omron Tensiometru pentru \u00eencheietura m\u00e2inii OMRON RS7 IT"}]},{"@type":"WebSite","@id":"https:\/\/shopatoa.com\/ro\/#website","url":"https:\/\/shopatoa.com\/ro\/","name":"SHOPATOA","description":"","publisher":{"@id":"https:\/\/shopatoa.com\/ro\/#organization"},"potentialAction":[{"@type":"SearchAction","target":{"@type":"EntryPoint","urlTemplate":"https:\/\/shopatoa.com\/ro\/?s={search_term_string}"},"query-input":{"@type":"PropertyValueSpecification","valueRequired":true,"valueName":"search_term_string"}}],"inLanguage":"ro-RO"},{"@type":"Organization","@id":"https:\/\/shopatoa.com\/ro\/#organization","name":"SHOPATOA","url":"https:\/\/shopatoa.com\/ro\/","logo":{"@type":"ImageObject","inLanguage":"ro-RO","@id":"https:\/\/shopatoa.com\/ro\/#\/schema\/logo\/image\/","url":"https:\/\/storage.googleapis.com\/cz-shopatoa-img\/ro\/b4dac915-shopatoa_logo.png","contentUrl":"https:\/\/storage.googleapis.com\/cz-shopatoa-img\/ro\/b4dac915-shopatoa_logo.png","width":416,"height":63,"caption":"SHOPATOA"},"image":{"@id":"https:\/\/shopatoa.com\/ro\/#\/schema\/logo\/image\/"}}]}},"_links":{"self":[{"href":"https:\/\/shopatoa.com\/ro\/wp-json\/wp\/v2\/product\/273409","targetHints":{"allow":["GET"]}}],"collection":[{"href":"https:\/\/shopatoa.com\/ro\/wp-json\/wp\/v2\/product"}],"about":[{"href":"https:\/\/shopatoa.com\/ro\/wp-json\/wp\/v2\/types\/product"}],"replies":[{"embeddable":true,"href":"https:\/\/shopatoa.com\/ro\/wp-json\/wp\/v2\/comments?post=273409"}],"wp:featuredmedia":[{"embeddable":true,"href":"https:\/\/shopatoa.com\/ro\/wp-json\/wp\/v2\/media\/273410"}],"wp:attachment":[{"href":"https:\/\/shopatoa.com\/ro\/wp-json\/wp\/v2\/media?parent=273409"}],"wp:term":[{"taxonomy":"product_brand","embeddable":true,"href":"https:\/\/shopatoa.com\/ro\/wp-json\/wp\/v2\/product_brand?post=273409"},{"taxonomy":"product_cat","embeddable":true,"href":"https:\/\/shopatoa.com\/ro\/wp-json\/wp\/v2\/product_cat?post=273409"},{"taxonomy":"product_tag","embeddable":true,"href":"https:\/\/shopatoa.com\/ro\/wp-json\/wp\/v2\/product_tag?post=273409"}],"curies":[{"name":"wp","href":"https:\/\/api.w.org\/{rel}","templated":true}]}}