{"id":273690,"date":"2025-04-29T18:46:34","date_gmt":"2025-04-29T16:46:34","guid":{"rendered":"https:\/\/shopatoa.com\/ro\/avene-make-up-de-acoperire-lichid-couvrance-spf-20-fluid-foundation-corrector-30-ml-2-5-beige\/"},"modified":"2025-12-08T11:56:27","modified_gmt":"2025-12-08T10:56:27","slug":"avene-make-up-de-acoperire-lichid-couvrance-spf-20-fluid-foundation-corrector-30-ml-2-5-beige","status":"publish","type":"product","link":"https:\/\/shopatoa.com\/ro\/avene-make-up-de-acoperire-lichid-couvrance-spf-20-fluid-foundation-corrector-30-ml-2-5-beige\/","title":{"rendered":"Av\u00e8ne Make up de acoperire lichid Couvrance SPF 20 (Fluid Foundation Corrector) 30 ml 2.5 Beige"},"content":{"rendered":"<p>Machiajul lichid de disimulare Couvrance SPF 20 unific\u0103 nuan\u021ba culorii pielii \u0219i acoper\u0103 imperfec\u021biunile sale minore. Asigur\u0103 un aspect final perfect al pielii, este f\u0103r\u0103 ulei \u0219i ofer\u0103 un efect de lung\u0103 durat\u0103. Protejeaz\u0103 pielea de razele UV periculoase, ofer\u0103 un efect de matifiant \u0219i este foarte rezistent la abraziune, ap\u0103 \u0219i transpira\u021bie. Compenseaz\u0103 pierderea de vitamina E cauzat\u0103 de radia\u021biile UV \u0219i protejeaz\u0103 pielea \u00eempotriva efectelor nocive ale radicalilor liberi.<\/p>\n","protected":false},"excerpt":{"rendered":"<p>Machiajul lichid de disimulare Couvrance SPF 20 unific\u0103 nuan\u021ba culorii pielii \u0219i acoper\u0103 imperfec\u021biunile sale minore. Asigur\u0103 un aspect final perfect al pielii, este f\u0103r\u0103 ulei \u0219i ofer\u0103 un efect de lung\u0103 durat\u0103. Protejeaz\u0103 pielea de razele UV periculoase, ofer\u0103 un efect de matifiant \u0219i este foarte rezistent la abraziune, ap\u0103 \u0219i transpira\u021bie. Compenseaz\u0103 pierderea&#8230;<\/p>\n","protected":false},"featured_media":273691,"comment_status":"closed","ping_status":"open","template":"","meta":{"_acf_changed":false,"_kadence_starter_templates_imported_post":false,"_kad_post_transparent":"","_kad_post_title":"","_kad_post_layout":"","_kad_post_sidebar_id":"","_kad_post_content_style":"","_kad_post_vertical_padding":"","_kad_post_feature":"","_kad_post_feature_position":"","_kad_post_header":false,"_kad_post_footer":false,"_kad_post_classname":""},"product_brand":[296],"product_cat":[246,609,616,705],"product_tag":[],"class_list":{"0":"post-273690","1":"product","2":"type-product","3":"status-publish","4":"has-post-thumbnail","6":"product_brand-avene","7":"product_cat-cosmetice","8":"product_cat-cosmetice-decorative","9":"product_cat-machiaj-pentru-fata","10":"product_cat-make-ups","12":"first","13":"instock","14":"sale","15":"product-type-external","16":"entry","17":"content-bg","18":"loop-entry"},"acf":[],"yoast_head":"<!-- This site is optimized with the Yoast SEO plugin v27.3 - https:\/\/yoast.com\/product\/yoast-seo-wordpress\/ -->\n<title>Av\u00e8ne Make up de acoperire lichid Couvrance SPF 20 (Fluid Foundation Corrector) 30 ml 2.5 Beige - SHOPATOA.COM<\/title>\n<meta name=\"robots\" content=\"index, follow, max-snippet:-1, max-image-preview:large, max-video-preview:-1\" \/>\n<link rel=\"canonical\" href=\"https:\/\/shopatoa.com\/ro\/avene-make-up-de-acoperire-lichid-couvrance-spf-20-fluid-foundation-corrector-30-ml-2-5-beige\/\" \/>\n<meta property=\"og:locale\" content=\"ro_RO\" \/>\n<meta property=\"og:type\" content=\"article\" \/>\n<meta property=\"og:title\" content=\"Av\u00e8ne Make up de acoperire lichid Couvrance SPF 20 (Fluid Foundation Corrector) 30 ml 2.5 Beige - SHOPATOA.COM\" \/>\n<meta property=\"og:description\" content=\"Machiajul lichid de disimulare Couvrance SPF 20 unific\u0103 nuan\u021ba culorii pielii \u0219i acoper\u0103 imperfec\u021biunile sale minore. Asigur\u0103 un aspect final perfect al pielii, este f\u0103r\u0103 ulei \u0219i ofer\u0103 un efect de lung\u0103 durat\u0103. Protejeaz\u0103 pielea de razele UV periculoase, ofer\u0103 un efect de matifiant \u0219i este foarte rezistent la abraziune, ap\u0103 \u0219i transpira\u021bie. Compenseaz\u0103 pierderea...\" \/>\n<meta property=\"og:url\" content=\"https:\/\/shopatoa.com\/ro\/avene-make-up-de-acoperire-lichid-couvrance-spf-20-fluid-foundation-corrector-30-ml-2-5-beige\/\" \/>\n<meta property=\"og:site_name\" content=\"SHOPATOA\" \/>\n<meta property=\"article:modified_time\" content=\"2025-12-08T10:56:27+00:00\" \/>\n<meta property=\"og:image\" content=\"https:\/\/storage.googleapis.com\/cz-shopatoa-img\/ro\/a4895175-unnamed-file.webp\" \/>\n\t<meta property=\"og:image:width\" content=\"800\" \/>\n\t<meta property=\"og:image:height\" content=\"800\" \/>\n\t<meta property=\"og:image:type\" content=\"image\/webp\" \/>\n<meta name=\"twitter:card\" content=\"summary_large_image\" \/>\n<script type=\"application\/ld+json\" class=\"yoast-schema-graph\">{\"@context\":\"https:\\\/\\\/schema.org\",\"@graph\":[{\"@type\":\"WebPage\",\"@id\":\"https:\\\/\\\/shopatoa.com\\\/ro\\\/avene-make-up-de-acoperire-lichid-couvrance-spf-20-fluid-foundation-corrector-30-ml-2-5-beige\\\/\",\"url\":\"https:\\\/\\\/shopatoa.com\\\/ro\\\/avene-make-up-de-acoperire-lichid-couvrance-spf-20-fluid-foundation-corrector-30-ml-2-5-beige\\\/\",\"name\":\"Av\u00e8ne Make up de acoperire lichid Couvrance SPF 20 (Fluid Foundation Corrector) 30 ml 2.5 Beige - SHOPATOA.COM\",\"isPartOf\":{\"@id\":\"https:\\\/\\\/shopatoa.com\\\/ro\\\/#website\"},\"primaryImageOfPage\":{\"@id\":\"https:\\\/\\\/shopatoa.com\\\/ro\\\/avene-make-up-de-acoperire-lichid-couvrance-spf-20-fluid-foundation-corrector-30-ml-2-5-beige\\\/#primaryimage\"},\"image\":{\"@id\":\"https:\\\/\\\/shopatoa.com\\\/ro\\\/avene-make-up-de-acoperire-lichid-couvrance-spf-20-fluid-foundation-corrector-30-ml-2-5-beige\\\/#primaryimage\"},\"thumbnailUrl\":\"https:\\\/\\\/storage.googleapis.com\\\/cz-shopatoa-img\\\/ro\\\/a4895175-unnamed-file.webp\",\"datePublished\":\"2025-04-29T16:46:34+00:00\",\"dateModified\":\"2025-12-08T10:56:27+00:00\",\"breadcrumb\":{\"@id\":\"https:\\\/\\\/shopatoa.com\\\/ro\\\/avene-make-up-de-acoperire-lichid-couvrance-spf-20-fluid-foundation-corrector-30-ml-2-5-beige\\\/#breadcrumb\"},\"inLanguage\":\"ro-RO\",\"potentialAction\":[{\"@type\":\"ReadAction\",\"target\":[\"https:\\\/\\\/shopatoa.com\\\/ro\\\/avene-make-up-de-acoperire-lichid-couvrance-spf-20-fluid-foundation-corrector-30-ml-2-5-beige\\\/\"]}]},{\"@type\":\"ImageObject\",\"inLanguage\":\"ro-RO\",\"@id\":\"https:\\\/\\\/shopatoa.com\\\/ro\\\/avene-make-up-de-acoperire-lichid-couvrance-spf-20-fluid-foundation-corrector-30-ml-2-5-beige\\\/#primaryimage\",\"url\":\"https:\\\/\\\/storage.googleapis.com\\\/cz-shopatoa-img\\\/ro\\\/a4895175-unnamed-file.webp\",\"contentUrl\":\"https:\\\/\\\/storage.googleapis.com\\\/cz-shopatoa-img\\\/ro\\\/a4895175-unnamed-file.webp\",\"width\":800,\"height\":800},{\"@type\":\"BreadcrumbList\",\"@id\":\"https:\\\/\\\/shopatoa.com\\\/ro\\\/avene-make-up-de-acoperire-lichid-couvrance-spf-20-fluid-foundation-corrector-30-ml-2-5-beige\\\/#breadcrumb\",\"itemListElement\":[{\"@type\":\"ListItem\",\"position\":1,\"name\":\"Dom\u016f\",\"item\":\"https:\\\/\\\/shopatoa.com\\\/ro\\\/\"},{\"@type\":\"ListItem\",\"position\":2,\"name\":\"Shop\",\"item\":\"https:\\\/\\\/shopatoa.com\\\/ro\\\/shop\\\/\"},{\"@type\":\"ListItem\",\"position\":3,\"name\":\"Cosmetice\",\"item\":\"https:\\\/\\\/shopatoa.com\\\/ro\\\/cosmetice\\\/\"},{\"@type\":\"ListItem\",\"position\":4,\"name\":\"Cosmetice decorative\",\"item\":\"https:\\\/\\\/shopatoa.com\\\/ro\\\/cosmetice-decorative\\\/\"},{\"@type\":\"ListItem\",\"position\":5,\"name\":\"Machiaj pentru fa\u021ba\",\"item\":\"https:\\\/\\\/shopatoa.com\\\/ro\\\/machiaj-pentru-fata\\\/\"},{\"@type\":\"ListItem\",\"position\":6,\"name\":\"Make-ups\",\"item\":\"https:\\\/\\\/shopatoa.com\\\/ro\\\/make-ups\\\/\"},{\"@type\":\"ListItem\",\"position\":7,\"name\":\"Av\u00e8ne Make up de acoperire lichid Couvrance SPF 20 (Fluid Foundation Corrector) 30 ml 2.5 Beige\"}]},{\"@type\":\"WebSite\",\"@id\":\"https:\\\/\\\/shopatoa.com\\\/ro\\\/#website\",\"url\":\"https:\\\/\\\/shopatoa.com\\\/ro\\\/\",\"name\":\"SHOPATOA\",\"description\":\"\",\"publisher\":{\"@id\":\"https:\\\/\\\/shopatoa.com\\\/ro\\\/#organization\"},\"potentialAction\":[{\"@type\":\"SearchAction\",\"target\":{\"@type\":\"EntryPoint\",\"urlTemplate\":\"https:\\\/\\\/shopatoa.com\\\/ro\\\/?s={search_term_string}\"},\"query-input\":{\"@type\":\"PropertyValueSpecification\",\"valueRequired\":true,\"valueName\":\"search_term_string\"}}],\"inLanguage\":\"ro-RO\"},{\"@type\":\"Organization\",\"@id\":\"https:\\\/\\\/shopatoa.com\\\/ro\\\/#organization\",\"name\":\"SHOPATOA\",\"url\":\"https:\\\/\\\/shopatoa.com\\\/ro\\\/\",\"logo\":{\"@type\":\"ImageObject\",\"inLanguage\":\"ro-RO\",\"@id\":\"https:\\\/\\\/shopatoa.com\\\/ro\\\/#\\\/schema\\\/logo\\\/image\\\/\",\"url\":\"https:\\\/\\\/storage.googleapis.com\\\/cz-shopatoa-img\\\/ro\\\/b4dac915-shopatoa_logo.png\",\"contentUrl\":\"https:\\\/\\\/storage.googleapis.com\\\/cz-shopatoa-img\\\/ro\\\/b4dac915-shopatoa_logo.png\",\"width\":416,\"height\":63,\"caption\":\"SHOPATOA\"},\"image\":{\"@id\":\"https:\\\/\\\/shopatoa.com\\\/ro\\\/#\\\/schema\\\/logo\\\/image\\\/\"}}]}<\/script>\n<!-- \/ Yoast SEO plugin. -->","yoast_head_json":{"title":"Av\u00e8ne Make up de acoperire lichid Couvrance SPF 20 (Fluid Foundation Corrector) 30 ml 2.5 Beige - SHOPATOA.COM","robots":{"index":"index","follow":"follow","max-snippet":"max-snippet:-1","max-image-preview":"max-image-preview:large","max-video-preview":"max-video-preview:-1"},"canonical":"https:\/\/shopatoa.com\/ro\/avene-make-up-de-acoperire-lichid-couvrance-spf-20-fluid-foundation-corrector-30-ml-2-5-beige\/","og_locale":"ro_RO","og_type":"article","og_title":"Av\u00e8ne Make up de acoperire lichid Couvrance SPF 20 (Fluid Foundation Corrector) 30 ml 2.5 Beige - SHOPATOA.COM","og_description":"Machiajul lichid de disimulare Couvrance SPF 20 unific\u0103 nuan\u021ba culorii pielii \u0219i acoper\u0103 imperfec\u021biunile sale minore. Asigur\u0103 un aspect final perfect al pielii, este f\u0103r\u0103 ulei \u0219i ofer\u0103 un efect de lung\u0103 durat\u0103. Protejeaz\u0103 pielea de razele UV periculoase, ofer\u0103 un efect de matifiant \u0219i este foarte rezistent la abraziune, ap\u0103 \u0219i transpira\u021bie. Compenseaz\u0103 pierderea...","og_url":"https:\/\/shopatoa.com\/ro\/avene-make-up-de-acoperire-lichid-couvrance-spf-20-fluid-foundation-corrector-30-ml-2-5-beige\/","og_site_name":"SHOPATOA","article_modified_time":"2025-12-08T10:56:27+00:00","og_image":[{"width":800,"height":800,"url":"https:\/\/storage.googleapis.com\/cz-shopatoa-img\/ro\/a4895175-unnamed-file.webp","type":"image\/webp"}],"twitter_card":"summary_large_image","schema":{"@context":"https:\/\/schema.org","@graph":[{"@type":"WebPage","@id":"https:\/\/shopatoa.com\/ro\/avene-make-up-de-acoperire-lichid-couvrance-spf-20-fluid-foundation-corrector-30-ml-2-5-beige\/","url":"https:\/\/shopatoa.com\/ro\/avene-make-up-de-acoperire-lichid-couvrance-spf-20-fluid-foundation-corrector-30-ml-2-5-beige\/","name":"Av\u00e8ne Make up de acoperire lichid Couvrance SPF 20 (Fluid Foundation Corrector) 30 ml 2.5 Beige - SHOPATOA.COM","isPartOf":{"@id":"https:\/\/shopatoa.com\/ro\/#website"},"primaryImageOfPage":{"@id":"https:\/\/shopatoa.com\/ro\/avene-make-up-de-acoperire-lichid-couvrance-spf-20-fluid-foundation-corrector-30-ml-2-5-beige\/#primaryimage"},"image":{"@id":"https:\/\/shopatoa.com\/ro\/avene-make-up-de-acoperire-lichid-couvrance-spf-20-fluid-foundation-corrector-30-ml-2-5-beige\/#primaryimage"},"thumbnailUrl":"https:\/\/storage.googleapis.com\/cz-shopatoa-img\/ro\/a4895175-unnamed-file.webp","datePublished":"2025-04-29T16:46:34+00:00","dateModified":"2025-12-08T10:56:27+00:00","breadcrumb":{"@id":"https:\/\/shopatoa.com\/ro\/avene-make-up-de-acoperire-lichid-couvrance-spf-20-fluid-foundation-corrector-30-ml-2-5-beige\/#breadcrumb"},"inLanguage":"ro-RO","potentialAction":[{"@type":"ReadAction","target":["https:\/\/shopatoa.com\/ro\/avene-make-up-de-acoperire-lichid-couvrance-spf-20-fluid-foundation-corrector-30-ml-2-5-beige\/"]}]},{"@type":"ImageObject","inLanguage":"ro-RO","@id":"https:\/\/shopatoa.com\/ro\/avene-make-up-de-acoperire-lichid-couvrance-spf-20-fluid-foundation-corrector-30-ml-2-5-beige\/#primaryimage","url":"https:\/\/storage.googleapis.com\/cz-shopatoa-img\/ro\/a4895175-unnamed-file.webp","contentUrl":"https:\/\/storage.googleapis.com\/cz-shopatoa-img\/ro\/a4895175-unnamed-file.webp","width":800,"height":800},{"@type":"BreadcrumbList","@id":"https:\/\/shopatoa.com\/ro\/avene-make-up-de-acoperire-lichid-couvrance-spf-20-fluid-foundation-corrector-30-ml-2-5-beige\/#breadcrumb","itemListElement":[{"@type":"ListItem","position":1,"name":"Dom\u016f","item":"https:\/\/shopatoa.com\/ro\/"},{"@type":"ListItem","position":2,"name":"Shop","item":"https:\/\/shopatoa.com\/ro\/shop\/"},{"@type":"ListItem","position":3,"name":"Cosmetice","item":"https:\/\/shopatoa.com\/ro\/cosmetice\/"},{"@type":"ListItem","position":4,"name":"Cosmetice decorative","item":"https:\/\/shopatoa.com\/ro\/cosmetice-decorative\/"},{"@type":"ListItem","position":5,"name":"Machiaj pentru fa\u021ba","item":"https:\/\/shopatoa.com\/ro\/machiaj-pentru-fata\/"},{"@type":"ListItem","position":6,"name":"Make-ups","item":"https:\/\/shopatoa.com\/ro\/make-ups\/"},{"@type":"ListItem","position":7,"name":"Av\u00e8ne Make up de acoperire lichid Couvrance SPF 20 (Fluid Foundation Corrector) 30 ml 2.5 Beige"}]},{"@type":"WebSite","@id":"https:\/\/shopatoa.com\/ro\/#website","url":"https:\/\/shopatoa.com\/ro\/","name":"SHOPATOA","description":"","publisher":{"@id":"https:\/\/shopatoa.com\/ro\/#organization"},"potentialAction":[{"@type":"SearchAction","target":{"@type":"EntryPoint","urlTemplate":"https:\/\/shopatoa.com\/ro\/?s={search_term_string}"},"query-input":{"@type":"PropertyValueSpecification","valueRequired":true,"valueName":"search_term_string"}}],"inLanguage":"ro-RO"},{"@type":"Organization","@id":"https:\/\/shopatoa.com\/ro\/#organization","name":"SHOPATOA","url":"https:\/\/shopatoa.com\/ro\/","logo":{"@type":"ImageObject","inLanguage":"ro-RO","@id":"https:\/\/shopatoa.com\/ro\/#\/schema\/logo\/image\/","url":"https:\/\/storage.googleapis.com\/cz-shopatoa-img\/ro\/b4dac915-shopatoa_logo.png","contentUrl":"https:\/\/storage.googleapis.com\/cz-shopatoa-img\/ro\/b4dac915-shopatoa_logo.png","width":416,"height":63,"caption":"SHOPATOA"},"image":{"@id":"https:\/\/shopatoa.com\/ro\/#\/schema\/logo\/image\/"}}]}},"_links":{"self":[{"href":"https:\/\/shopatoa.com\/ro\/wp-json\/wp\/v2\/product\/273690","targetHints":{"allow":["GET"]}}],"collection":[{"href":"https:\/\/shopatoa.com\/ro\/wp-json\/wp\/v2\/product"}],"about":[{"href":"https:\/\/shopatoa.com\/ro\/wp-json\/wp\/v2\/types\/product"}],"replies":[{"embeddable":true,"href":"https:\/\/shopatoa.com\/ro\/wp-json\/wp\/v2\/comments?post=273690"}],"wp:featuredmedia":[{"embeddable":true,"href":"https:\/\/shopatoa.com\/ro\/wp-json\/wp\/v2\/media\/273691"}],"wp:attachment":[{"href":"https:\/\/shopatoa.com\/ro\/wp-json\/wp\/v2\/media?parent=273690"}],"wp:term":[{"taxonomy":"product_brand","embeddable":true,"href":"https:\/\/shopatoa.com\/ro\/wp-json\/wp\/v2\/product_brand?post=273690"},{"taxonomy":"product_cat","embeddable":true,"href":"https:\/\/shopatoa.com\/ro\/wp-json\/wp\/v2\/product_cat?post=273690"},{"taxonomy":"product_tag","embeddable":true,"href":"https:\/\/shopatoa.com\/ro\/wp-json\/wp\/v2\/product_tag?post=273690"}],"curies":[{"name":"wp","href":"https:\/\/api.w.org\/{rel}","templated":true}]}}