{"id":273726,"date":"2025-04-29T18:55:26","date_gmt":"2025-04-29T16:55:26","guid":{"rendered":"https:\/\/shopatoa.com\/ro\/eisenberg-matt-crema-fluid-catifelat-active-mattifying-secret-50-ml\/"},"modified":"2025-12-08T11:46:17","modified_gmt":"2025-12-08T10:46:17","slug":"eisenberg-matt-crema-fluid-catifelat-active-mattifying-secret-50-ml","status":"publish","type":"product","link":"https:\/\/shopatoa.com\/ro\/eisenberg-matt-crema-fluid-catifelat-active-mattifying-secret-50-ml\/","title":{"rendered":"Eisenberg Matt crema fluid catifelat ( Active Mattifying Secret) 50 ml"},"content":{"rendered":"<p>Crem\u0103 fluid\u0103 de \u00eenalt\u0103 calitate, cu o structur\u0103 catifelat\u0103. Ingredientele de covorire eficiente con\u021binute asigur\u0103 un efect de pulbere extrem de durabil. Regleaz\u0103 cu succes excesul de sebum \u0219i, datorit\u0103 efectelor pe termen lung ale acidului hialuric, tonific\u0103, hidrateaz\u0103 \u0219i regenereaz\u0103 pielea tratat\u0103. Ve\u021bi aprecia, de exemplu, ca un ajutor sub machiaj.<\/p>\n","protected":false},"excerpt":{"rendered":"<p>Crem\u0103 fluid\u0103 de \u00eenalt\u0103 calitate, cu o structur\u0103 catifelat\u0103. Ingredientele de covorire eficiente con\u021binute asigur\u0103 un efect de pulbere extrem de durabil. Regleaz\u0103 cu succes excesul de sebum \u0219i, datorit\u0103 efectelor pe termen lung ale acidului hialuric, tonific\u0103, hidrateaz\u0103 \u0219i regenereaz\u0103 pielea tratat\u0103. Ve\u021bi aprecia, de exemplu, ca un ajutor sub machiaj.<\/p>\n","protected":false},"featured_media":273727,"comment_status":"closed","ping_status":"open","template":"","meta":{"_acf_changed":false,"_kadence_starter_templates_imported_post":false,"_kad_post_transparent":"","_kad_post_title":"","_kad_post_layout":"","_kad_post_sidebar_id":"","_kad_post_content_style":"","_kad_post_vertical_padding":"","_kad_post_feature":"","_kad_post_feature_position":"","_kad_post_header":false,"_kad_post_footer":false,"_kad_post_classname":""},"product_brand":[143],"product_cat":[246,635,634,633],"product_tag":[],"class_list":{"0":"post-273726","1":"product","2":"type-product","3":"status-publish","4":"has-post-thumbnail","6":"product_brand-eisenberg","7":"product_cat-cosmetice","8":"product_cat-hidratarea-si-nutritia-pielii","9":"product_cat-produse-cosmetice-de-ingrijire-a-pielii","10":"product_cat-produse-cosmetice-pentru-piele","12":"first","13":"instock","14":"product-type-external","15":"entry","16":"content-bg","17":"loop-entry"},"acf":[],"yoast_head":"<!-- This site is optimized with the Yoast SEO plugin v27.3 - https:\/\/yoast.com\/product\/yoast-seo-wordpress\/ -->\n<title>Eisenberg Matt crema fluid catifelat ( Active Mattifying Secret) 50 ml - SHOPATOA.COM<\/title>\n<meta name=\"robots\" content=\"index, follow, max-snippet:-1, max-image-preview:large, max-video-preview:-1\" \/>\n<link rel=\"canonical\" href=\"https:\/\/shopatoa.com\/ro\/eisenberg-matt-crema-fluid-catifelat-active-mattifying-secret-50-ml\/\" \/>\n<meta property=\"og:locale\" content=\"ro_RO\" \/>\n<meta property=\"og:type\" content=\"article\" \/>\n<meta property=\"og:title\" content=\"Eisenberg Matt crema fluid catifelat ( Active Mattifying Secret) 50 ml - SHOPATOA.COM\" \/>\n<meta property=\"og:description\" content=\"Crem\u0103 fluid\u0103 de \u00eenalt\u0103 calitate, cu o structur\u0103 catifelat\u0103. Ingredientele de covorire eficiente con\u021binute asigur\u0103 un efect de pulbere extrem de durabil. Regleaz\u0103 cu succes excesul de sebum \u0219i, datorit\u0103 efectelor pe termen lung ale acidului hialuric, tonific\u0103, hidrateaz\u0103 \u0219i regenereaz\u0103 pielea tratat\u0103. Ve\u021bi aprecia, de exemplu, ca un ajutor sub machiaj.\" \/>\n<meta property=\"og:url\" content=\"https:\/\/shopatoa.com\/ro\/eisenberg-matt-crema-fluid-catifelat-active-mattifying-secret-50-ml\/\" \/>\n<meta property=\"og:site_name\" content=\"SHOPATOA\" \/>\n<meta property=\"article:modified_time\" content=\"2025-12-08T10:46:17+00:00\" \/>\n<meta property=\"og:image\" content=\"https:\/\/storage.googleapis.com\/cz-shopatoa-img\/ro\/10567e48-unnamed-file.webp\" \/>\n\t<meta property=\"og:image:width\" content=\"800\" \/>\n\t<meta property=\"og:image:height\" content=\"800\" \/>\n\t<meta property=\"og:image:type\" content=\"image\/webp\" \/>\n<meta name=\"twitter:card\" content=\"summary_large_image\" \/>\n<script type=\"application\/ld+json\" class=\"yoast-schema-graph\">{\"@context\":\"https:\\\/\\\/schema.org\",\"@graph\":[{\"@type\":\"WebPage\",\"@id\":\"https:\\\/\\\/shopatoa.com\\\/ro\\\/eisenberg-matt-crema-fluid-catifelat-active-mattifying-secret-50-ml\\\/\",\"url\":\"https:\\\/\\\/shopatoa.com\\\/ro\\\/eisenberg-matt-crema-fluid-catifelat-active-mattifying-secret-50-ml\\\/\",\"name\":\"Eisenberg Matt crema fluid catifelat ( Active Mattifying Secret) 50 ml - SHOPATOA.COM\",\"isPartOf\":{\"@id\":\"https:\\\/\\\/shopatoa.com\\\/ro\\\/#website\"},\"primaryImageOfPage\":{\"@id\":\"https:\\\/\\\/shopatoa.com\\\/ro\\\/eisenberg-matt-crema-fluid-catifelat-active-mattifying-secret-50-ml\\\/#primaryimage\"},\"image\":{\"@id\":\"https:\\\/\\\/shopatoa.com\\\/ro\\\/eisenberg-matt-crema-fluid-catifelat-active-mattifying-secret-50-ml\\\/#primaryimage\"},\"thumbnailUrl\":\"https:\\\/\\\/storage.googleapis.com\\\/cz-shopatoa-img\\\/ro\\\/10567e48-unnamed-file.webp\",\"datePublished\":\"2025-04-29T16:55:26+00:00\",\"dateModified\":\"2025-12-08T10:46:17+00:00\",\"breadcrumb\":{\"@id\":\"https:\\\/\\\/shopatoa.com\\\/ro\\\/eisenberg-matt-crema-fluid-catifelat-active-mattifying-secret-50-ml\\\/#breadcrumb\"},\"inLanguage\":\"ro-RO\",\"potentialAction\":[{\"@type\":\"ReadAction\",\"target\":[\"https:\\\/\\\/shopatoa.com\\\/ro\\\/eisenberg-matt-crema-fluid-catifelat-active-mattifying-secret-50-ml\\\/\"]}]},{\"@type\":\"ImageObject\",\"inLanguage\":\"ro-RO\",\"@id\":\"https:\\\/\\\/shopatoa.com\\\/ro\\\/eisenberg-matt-crema-fluid-catifelat-active-mattifying-secret-50-ml\\\/#primaryimage\",\"url\":\"https:\\\/\\\/storage.googleapis.com\\\/cz-shopatoa-img\\\/ro\\\/10567e48-unnamed-file.webp\",\"contentUrl\":\"https:\\\/\\\/storage.googleapis.com\\\/cz-shopatoa-img\\\/ro\\\/10567e48-unnamed-file.webp\",\"width\":800,\"height\":800},{\"@type\":\"BreadcrumbList\",\"@id\":\"https:\\\/\\\/shopatoa.com\\\/ro\\\/eisenberg-matt-crema-fluid-catifelat-active-mattifying-secret-50-ml\\\/#breadcrumb\",\"itemListElement\":[{\"@type\":\"ListItem\",\"position\":1,\"name\":\"Dom\u016f\",\"item\":\"https:\\\/\\\/shopatoa.com\\\/ro\\\/\"},{\"@type\":\"ListItem\",\"position\":2,\"name\":\"Shop\",\"item\":\"https:\\\/\\\/shopatoa.com\\\/ro\\\/shop\\\/\"},{\"@type\":\"ListItem\",\"position\":3,\"name\":\"Cosmetice\",\"item\":\"https:\\\/\\\/shopatoa.com\\\/ro\\\/cosmetice\\\/\"},{\"@type\":\"ListItem\",\"position\":4,\"name\":\"Produse cosmetice pentru piele\",\"item\":\"https:\\\/\\\/shopatoa.com\\\/ro\\\/produse-cosmetice-pentru-piele\\\/\"},{\"@type\":\"ListItem\",\"position\":5,\"name\":\"Produse cosmetice de \u00eengrijire a pielii\",\"item\":\"https:\\\/\\\/shopatoa.com\\\/ro\\\/produse-cosmetice-de-ingrijire-a-pielii\\\/\"},{\"@type\":\"ListItem\",\"position\":6,\"name\":\"Hidratarea \u0219i nutri\u021bia pielii\",\"item\":\"https:\\\/\\\/shopatoa.com\\\/ro\\\/hidratarea-si-nutritia-pielii\\\/\"},{\"@type\":\"ListItem\",\"position\":7,\"name\":\"Eisenberg Matt crema fluid catifelat ( Active Mattifying Secret) 50 ml\"}]},{\"@type\":\"WebSite\",\"@id\":\"https:\\\/\\\/shopatoa.com\\\/ro\\\/#website\",\"url\":\"https:\\\/\\\/shopatoa.com\\\/ro\\\/\",\"name\":\"SHOPATOA\",\"description\":\"\",\"publisher\":{\"@id\":\"https:\\\/\\\/shopatoa.com\\\/ro\\\/#organization\"},\"potentialAction\":[{\"@type\":\"SearchAction\",\"target\":{\"@type\":\"EntryPoint\",\"urlTemplate\":\"https:\\\/\\\/shopatoa.com\\\/ro\\\/?s={search_term_string}\"},\"query-input\":{\"@type\":\"PropertyValueSpecification\",\"valueRequired\":true,\"valueName\":\"search_term_string\"}}],\"inLanguage\":\"ro-RO\"},{\"@type\":\"Organization\",\"@id\":\"https:\\\/\\\/shopatoa.com\\\/ro\\\/#organization\",\"name\":\"SHOPATOA\",\"url\":\"https:\\\/\\\/shopatoa.com\\\/ro\\\/\",\"logo\":{\"@type\":\"ImageObject\",\"inLanguage\":\"ro-RO\",\"@id\":\"https:\\\/\\\/shopatoa.com\\\/ro\\\/#\\\/schema\\\/logo\\\/image\\\/\",\"url\":\"https:\\\/\\\/storage.googleapis.com\\\/cz-shopatoa-img\\\/ro\\\/b4dac915-shopatoa_logo.png\",\"contentUrl\":\"https:\\\/\\\/storage.googleapis.com\\\/cz-shopatoa-img\\\/ro\\\/b4dac915-shopatoa_logo.png\",\"width\":416,\"height\":63,\"caption\":\"SHOPATOA\"},\"image\":{\"@id\":\"https:\\\/\\\/shopatoa.com\\\/ro\\\/#\\\/schema\\\/logo\\\/image\\\/\"}}]}<\/script>\n<!-- \/ Yoast SEO plugin. -->","yoast_head_json":{"title":"Eisenberg Matt crema fluid catifelat ( Active Mattifying Secret) 50 ml - SHOPATOA.COM","robots":{"index":"index","follow":"follow","max-snippet":"max-snippet:-1","max-image-preview":"max-image-preview:large","max-video-preview":"max-video-preview:-1"},"canonical":"https:\/\/shopatoa.com\/ro\/eisenberg-matt-crema-fluid-catifelat-active-mattifying-secret-50-ml\/","og_locale":"ro_RO","og_type":"article","og_title":"Eisenberg Matt crema fluid catifelat ( Active Mattifying Secret) 50 ml - SHOPATOA.COM","og_description":"Crem\u0103 fluid\u0103 de \u00eenalt\u0103 calitate, cu o structur\u0103 catifelat\u0103. Ingredientele de covorire eficiente con\u021binute asigur\u0103 un efect de pulbere extrem de durabil. Regleaz\u0103 cu succes excesul de sebum \u0219i, datorit\u0103 efectelor pe termen lung ale acidului hialuric, tonific\u0103, hidrateaz\u0103 \u0219i regenereaz\u0103 pielea tratat\u0103. Ve\u021bi aprecia, de exemplu, ca un ajutor sub machiaj.","og_url":"https:\/\/shopatoa.com\/ro\/eisenberg-matt-crema-fluid-catifelat-active-mattifying-secret-50-ml\/","og_site_name":"SHOPATOA","article_modified_time":"2025-12-08T10:46:17+00:00","og_image":[{"width":800,"height":800,"url":"https:\/\/storage.googleapis.com\/cz-shopatoa-img\/ro\/10567e48-unnamed-file.webp","type":"image\/webp"}],"twitter_card":"summary_large_image","schema":{"@context":"https:\/\/schema.org","@graph":[{"@type":"WebPage","@id":"https:\/\/shopatoa.com\/ro\/eisenberg-matt-crema-fluid-catifelat-active-mattifying-secret-50-ml\/","url":"https:\/\/shopatoa.com\/ro\/eisenberg-matt-crema-fluid-catifelat-active-mattifying-secret-50-ml\/","name":"Eisenberg Matt crema fluid catifelat ( Active Mattifying Secret) 50 ml - SHOPATOA.COM","isPartOf":{"@id":"https:\/\/shopatoa.com\/ro\/#website"},"primaryImageOfPage":{"@id":"https:\/\/shopatoa.com\/ro\/eisenberg-matt-crema-fluid-catifelat-active-mattifying-secret-50-ml\/#primaryimage"},"image":{"@id":"https:\/\/shopatoa.com\/ro\/eisenberg-matt-crema-fluid-catifelat-active-mattifying-secret-50-ml\/#primaryimage"},"thumbnailUrl":"https:\/\/storage.googleapis.com\/cz-shopatoa-img\/ro\/10567e48-unnamed-file.webp","datePublished":"2025-04-29T16:55:26+00:00","dateModified":"2025-12-08T10:46:17+00:00","breadcrumb":{"@id":"https:\/\/shopatoa.com\/ro\/eisenberg-matt-crema-fluid-catifelat-active-mattifying-secret-50-ml\/#breadcrumb"},"inLanguage":"ro-RO","potentialAction":[{"@type":"ReadAction","target":["https:\/\/shopatoa.com\/ro\/eisenberg-matt-crema-fluid-catifelat-active-mattifying-secret-50-ml\/"]}]},{"@type":"ImageObject","inLanguage":"ro-RO","@id":"https:\/\/shopatoa.com\/ro\/eisenberg-matt-crema-fluid-catifelat-active-mattifying-secret-50-ml\/#primaryimage","url":"https:\/\/storage.googleapis.com\/cz-shopatoa-img\/ro\/10567e48-unnamed-file.webp","contentUrl":"https:\/\/storage.googleapis.com\/cz-shopatoa-img\/ro\/10567e48-unnamed-file.webp","width":800,"height":800},{"@type":"BreadcrumbList","@id":"https:\/\/shopatoa.com\/ro\/eisenberg-matt-crema-fluid-catifelat-active-mattifying-secret-50-ml\/#breadcrumb","itemListElement":[{"@type":"ListItem","position":1,"name":"Dom\u016f","item":"https:\/\/shopatoa.com\/ro\/"},{"@type":"ListItem","position":2,"name":"Shop","item":"https:\/\/shopatoa.com\/ro\/shop\/"},{"@type":"ListItem","position":3,"name":"Cosmetice","item":"https:\/\/shopatoa.com\/ro\/cosmetice\/"},{"@type":"ListItem","position":4,"name":"Produse cosmetice pentru piele","item":"https:\/\/shopatoa.com\/ro\/produse-cosmetice-pentru-piele\/"},{"@type":"ListItem","position":5,"name":"Produse cosmetice de \u00eengrijire a pielii","item":"https:\/\/shopatoa.com\/ro\/produse-cosmetice-de-ingrijire-a-pielii\/"},{"@type":"ListItem","position":6,"name":"Hidratarea \u0219i nutri\u021bia pielii","item":"https:\/\/shopatoa.com\/ro\/hidratarea-si-nutritia-pielii\/"},{"@type":"ListItem","position":7,"name":"Eisenberg Matt crema fluid catifelat ( Active Mattifying Secret) 50 ml"}]},{"@type":"WebSite","@id":"https:\/\/shopatoa.com\/ro\/#website","url":"https:\/\/shopatoa.com\/ro\/","name":"SHOPATOA","description":"","publisher":{"@id":"https:\/\/shopatoa.com\/ro\/#organization"},"potentialAction":[{"@type":"SearchAction","target":{"@type":"EntryPoint","urlTemplate":"https:\/\/shopatoa.com\/ro\/?s={search_term_string}"},"query-input":{"@type":"PropertyValueSpecification","valueRequired":true,"valueName":"search_term_string"}}],"inLanguage":"ro-RO"},{"@type":"Organization","@id":"https:\/\/shopatoa.com\/ro\/#organization","name":"SHOPATOA","url":"https:\/\/shopatoa.com\/ro\/","logo":{"@type":"ImageObject","inLanguage":"ro-RO","@id":"https:\/\/shopatoa.com\/ro\/#\/schema\/logo\/image\/","url":"https:\/\/storage.googleapis.com\/cz-shopatoa-img\/ro\/b4dac915-shopatoa_logo.png","contentUrl":"https:\/\/storage.googleapis.com\/cz-shopatoa-img\/ro\/b4dac915-shopatoa_logo.png","width":416,"height":63,"caption":"SHOPATOA"},"image":{"@id":"https:\/\/shopatoa.com\/ro\/#\/schema\/logo\/image\/"}}]}},"_links":{"self":[{"href":"https:\/\/shopatoa.com\/ro\/wp-json\/wp\/v2\/product\/273726","targetHints":{"allow":["GET"]}}],"collection":[{"href":"https:\/\/shopatoa.com\/ro\/wp-json\/wp\/v2\/product"}],"about":[{"href":"https:\/\/shopatoa.com\/ro\/wp-json\/wp\/v2\/types\/product"}],"replies":[{"embeddable":true,"href":"https:\/\/shopatoa.com\/ro\/wp-json\/wp\/v2\/comments?post=273726"}],"wp:featuredmedia":[{"embeddable":true,"href":"https:\/\/shopatoa.com\/ro\/wp-json\/wp\/v2\/media\/273727"}],"wp:attachment":[{"href":"https:\/\/shopatoa.com\/ro\/wp-json\/wp\/v2\/media?parent=273726"}],"wp:term":[{"taxonomy":"product_brand","embeddable":true,"href":"https:\/\/shopatoa.com\/ro\/wp-json\/wp\/v2\/product_brand?post=273726"},{"taxonomy":"product_cat","embeddable":true,"href":"https:\/\/shopatoa.com\/ro\/wp-json\/wp\/v2\/product_cat?post=273726"},{"taxonomy":"product_tag","embeddable":true,"href":"https:\/\/shopatoa.com\/ro\/wp-json\/wp\/v2\/product_tag?post=273726"}],"curies":[{"name":"wp","href":"https:\/\/api.w.org\/{rel}","templated":true}]}}