{"id":273738,"date":"2025-04-29T18:56:24","date_gmt":"2025-04-29T16:56:24","guid":{"rendered":"https:\/\/shopatoa.com\/ro\/thermos-termos-pentru-copii-cu-pai-turcoaz\/"},"modified":"2025-12-08T11:43:21","modified_gmt":"2025-12-08T10:43:21","slug":"thermos-termos-pentru-copii-cu-pai-turcoaz","status":"publish","type":"product","link":"https:\/\/shopatoa.com\/ro\/thermos-termos-pentru-copii-cu-pai-turcoaz\/","title":{"rendered":"Thermos Termos pentru copii cu pai. &#8211; turcoaz"},"content":{"rendered":"<p>Sticl\u0103 din o\u021bel inoxidabil izolat\u0103 \u00een vid cu pai, \u00een variant\u0103 neagr\u0103. FUNtainer este o sticl\u0103 termos rezistent\u0103, rezistent\u0103 la ap\u0103, izolat\u0103 \u00een vid, cu un pai pentru copii pre\u0219colari \u0219i \u0219colari. Este conceput\u0103 pentru utilizare zilnic\u0103 pe tot parcursul anului. Designul practic al capacului \u0219i al termosului permite o sp\u0103lare complet\u0103 \u0219i u\u0219oar\u0103. Partea inferioar\u0103 a termosului este protejat\u0103 \u00een mod fiabil de un picior durabil din plastic, care are \u0219i un efect anti-alunecare. Bucla rabatabil\u0103 este integrat\u0103 \u00een capacul termosului.<\/p>\n","protected":false},"excerpt":{"rendered":"<p>Sticl\u0103 din o\u021bel inoxidabil izolat\u0103 \u00een vid cu pai, \u00een variant\u0103 neagr\u0103. FUNtainer este o sticl\u0103 termos rezistent\u0103, rezistent\u0103 la ap\u0103, izolat\u0103 \u00een vid, cu un pai pentru copii pre\u0219colari \u0219i \u0219colari. Este conceput\u0103 pentru utilizare zilnic\u0103 pe tot parcursul anului. Designul practic al capacului \u0219i al termosului permite o sp\u0103lare complet\u0103 \u0219i u\u0219oar\u0103. Partea&#8230;<\/p>\n","protected":false},"featured_media":273739,"comment_status":"closed","ping_status":"open","template":"","meta":{"_acf_changed":false,"_kadence_starter_templates_imported_post":false,"_kad_post_transparent":"","_kad_post_title":"","_kad_post_layout":"","_kad_post_sidebar_id":"","_kad_post_content_style":"","_kad_post_vertical_padding":"","_kad_post_feature":"","_kad_post_feature_position":"","_kad_post_header":false,"_kad_post_footer":false,"_kad_post_classname":""},"product_brand":[266],"product_cat":[703,353],"product_tag":[],"class_list":{"0":"post-273738","1":"product","2":"type-product","3":"status-publish","4":"has-post-thumbnail","6":"product_brand-thermos","7":"product_cat-gospodarie","8":"product_cat-sanatate","10":"first","11":"instock","12":"product-type-external","13":"entry","14":"content-bg","15":"loop-entry"},"acf":[],"yoast_head":"<!-- This site is optimized with the Yoast SEO plugin v27.4 - https:\/\/yoast.com\/product\/yoast-seo-wordpress\/ -->\n<title>Thermos Termos pentru copii cu pai. - turcoaz - SHOPATOA.COM<\/title>\n<meta name=\"robots\" content=\"index, follow, max-snippet:-1, max-image-preview:large, max-video-preview:-1\" \/>\n<link rel=\"canonical\" href=\"https:\/\/shopatoa.com\/ro\/thermos-termos-pentru-copii-cu-pai-turcoaz\/\" \/>\n<meta property=\"og:locale\" content=\"ro_RO\" \/>\n<meta property=\"og:type\" content=\"article\" \/>\n<meta property=\"og:title\" content=\"Thermos Termos pentru copii cu pai. - turcoaz - SHOPATOA.COM\" \/>\n<meta property=\"og:description\" content=\"Sticl\u0103 din o\u021bel inoxidabil izolat\u0103 \u00een vid cu pai, \u00een variant\u0103 neagr\u0103. FUNtainer este o sticl\u0103 termos rezistent\u0103, rezistent\u0103 la ap\u0103, izolat\u0103 \u00een vid, cu un pai pentru copii pre\u0219colari \u0219i \u0219colari. Este conceput\u0103 pentru utilizare zilnic\u0103 pe tot parcursul anului. Designul practic al capacului \u0219i al termosului permite o sp\u0103lare complet\u0103 \u0219i u\u0219oar\u0103. Partea...\" \/>\n<meta property=\"og:url\" content=\"https:\/\/shopatoa.com\/ro\/thermos-termos-pentru-copii-cu-pai-turcoaz\/\" \/>\n<meta property=\"og:site_name\" content=\"SHOPATOA\" \/>\n<meta property=\"article:modified_time\" content=\"2025-12-08T10:43:21+00:00\" \/>\n<meta property=\"og:image\" content=\"https:\/\/storage.googleapis.com\/cz-shopatoa-img\/ro\/1633c4eb-unnamed-file.webp\" \/>\n\t<meta property=\"og:image:width\" content=\"800\" \/>\n\t<meta property=\"og:image:height\" content=\"800\" \/>\n\t<meta property=\"og:image:type\" content=\"image\/webp\" \/>\n<meta name=\"twitter:card\" content=\"summary_large_image\" \/>\n<script type=\"application\/ld+json\" class=\"yoast-schema-graph\">{\"@context\":\"https:\\\/\\\/schema.org\",\"@graph\":[{\"@type\":\"WebPage\",\"@id\":\"https:\\\/\\\/shopatoa.com\\\/ro\\\/thermos-termos-pentru-copii-cu-pai-turcoaz\\\/\",\"url\":\"https:\\\/\\\/shopatoa.com\\\/ro\\\/thermos-termos-pentru-copii-cu-pai-turcoaz\\\/\",\"name\":\"Thermos Termos pentru copii cu pai. - turcoaz - SHOPATOA.COM\",\"isPartOf\":{\"@id\":\"https:\\\/\\\/shopatoa.com\\\/ro\\\/#website\"},\"primaryImageOfPage\":{\"@id\":\"https:\\\/\\\/shopatoa.com\\\/ro\\\/thermos-termos-pentru-copii-cu-pai-turcoaz\\\/#primaryimage\"},\"image\":{\"@id\":\"https:\\\/\\\/shopatoa.com\\\/ro\\\/thermos-termos-pentru-copii-cu-pai-turcoaz\\\/#primaryimage\"},\"thumbnailUrl\":\"https:\\\/\\\/storage.googleapis.com\\\/cz-shopatoa-img\\\/ro\\\/1633c4eb-unnamed-file.webp\",\"datePublished\":\"2025-04-29T16:56:24+00:00\",\"dateModified\":\"2025-12-08T10:43:21+00:00\",\"breadcrumb\":{\"@id\":\"https:\\\/\\\/shopatoa.com\\\/ro\\\/thermos-termos-pentru-copii-cu-pai-turcoaz\\\/#breadcrumb\"},\"inLanguage\":\"ro-RO\",\"potentialAction\":[{\"@type\":\"ReadAction\",\"target\":[\"https:\\\/\\\/shopatoa.com\\\/ro\\\/thermos-termos-pentru-copii-cu-pai-turcoaz\\\/\"]}]},{\"@type\":\"ImageObject\",\"inLanguage\":\"ro-RO\",\"@id\":\"https:\\\/\\\/shopatoa.com\\\/ro\\\/thermos-termos-pentru-copii-cu-pai-turcoaz\\\/#primaryimage\",\"url\":\"https:\\\/\\\/storage.googleapis.com\\\/cz-shopatoa-img\\\/ro\\\/1633c4eb-unnamed-file.webp\",\"contentUrl\":\"https:\\\/\\\/storage.googleapis.com\\\/cz-shopatoa-img\\\/ro\\\/1633c4eb-unnamed-file.webp\",\"width\":800,\"height\":800},{\"@type\":\"BreadcrumbList\",\"@id\":\"https:\\\/\\\/shopatoa.com\\\/ro\\\/thermos-termos-pentru-copii-cu-pai-turcoaz\\\/#breadcrumb\",\"itemListElement\":[{\"@type\":\"ListItem\",\"position\":1,\"name\":\"Dom\u016f\",\"item\":\"https:\\\/\\\/shopatoa.com\\\/ro\\\/\"},{\"@type\":\"ListItem\",\"position\":2,\"name\":\"Shop\",\"item\":\"https:\\\/\\\/shopatoa.com\\\/ro\\\/shop\\\/\"},{\"@type\":\"ListItem\",\"position\":3,\"name\":\"S\u0103n\u0103tate\",\"item\":\"https:\\\/\\\/shopatoa.com\\\/ro\\\/sanatate\\\/\"},{\"@type\":\"ListItem\",\"position\":4,\"name\":\"Gospod\u0103rie\",\"item\":\"https:\\\/\\\/shopatoa.com\\\/ro\\\/gospodarie\\\/\"},{\"@type\":\"ListItem\",\"position\":5,\"name\":\"Thermos Termos pentru copii cu pai. &#8211; turcoaz\"}]},{\"@type\":\"WebSite\",\"@id\":\"https:\\\/\\\/shopatoa.com\\\/ro\\\/#website\",\"url\":\"https:\\\/\\\/shopatoa.com\\\/ro\\\/\",\"name\":\"SHOPATOA\",\"description\":\"\",\"publisher\":{\"@id\":\"https:\\\/\\\/shopatoa.com\\\/ro\\\/#organization\"},\"potentialAction\":[{\"@type\":\"SearchAction\",\"target\":{\"@type\":\"EntryPoint\",\"urlTemplate\":\"https:\\\/\\\/shopatoa.com\\\/ro\\\/?s={search_term_string}\"},\"query-input\":{\"@type\":\"PropertyValueSpecification\",\"valueRequired\":true,\"valueName\":\"search_term_string\"}}],\"inLanguage\":\"ro-RO\"},{\"@type\":\"Organization\",\"@id\":\"https:\\\/\\\/shopatoa.com\\\/ro\\\/#organization\",\"name\":\"SHOPATOA\",\"url\":\"https:\\\/\\\/shopatoa.com\\\/ro\\\/\",\"logo\":{\"@type\":\"ImageObject\",\"inLanguage\":\"ro-RO\",\"@id\":\"https:\\\/\\\/shopatoa.com\\\/ro\\\/#\\\/schema\\\/logo\\\/image\\\/\",\"url\":\"https:\\\/\\\/storage.googleapis.com\\\/cz-shopatoa-img\\\/ro\\\/b4dac915-shopatoa_logo.png\",\"contentUrl\":\"https:\\\/\\\/storage.googleapis.com\\\/cz-shopatoa-img\\\/ro\\\/b4dac915-shopatoa_logo.png\",\"width\":416,\"height\":63,\"caption\":\"SHOPATOA\"},\"image\":{\"@id\":\"https:\\\/\\\/shopatoa.com\\\/ro\\\/#\\\/schema\\\/logo\\\/image\\\/\"}}]}<\/script>\n<!-- \/ Yoast SEO plugin. -->","yoast_head_json":{"title":"Thermos Termos pentru copii cu pai. - turcoaz - SHOPATOA.COM","robots":{"index":"index","follow":"follow","max-snippet":"max-snippet:-1","max-image-preview":"max-image-preview:large","max-video-preview":"max-video-preview:-1"},"canonical":"https:\/\/shopatoa.com\/ro\/thermos-termos-pentru-copii-cu-pai-turcoaz\/","og_locale":"ro_RO","og_type":"article","og_title":"Thermos Termos pentru copii cu pai. - turcoaz - SHOPATOA.COM","og_description":"Sticl\u0103 din o\u021bel inoxidabil izolat\u0103 \u00een vid cu pai, \u00een variant\u0103 neagr\u0103. FUNtainer este o sticl\u0103 termos rezistent\u0103, rezistent\u0103 la ap\u0103, izolat\u0103 \u00een vid, cu un pai pentru copii pre\u0219colari \u0219i \u0219colari. Este conceput\u0103 pentru utilizare zilnic\u0103 pe tot parcursul anului. Designul practic al capacului \u0219i al termosului permite o sp\u0103lare complet\u0103 \u0219i u\u0219oar\u0103. Partea...","og_url":"https:\/\/shopatoa.com\/ro\/thermos-termos-pentru-copii-cu-pai-turcoaz\/","og_site_name":"SHOPATOA","article_modified_time":"2025-12-08T10:43:21+00:00","og_image":[{"width":800,"height":800,"url":"https:\/\/storage.googleapis.com\/cz-shopatoa-img\/ro\/1633c4eb-unnamed-file.webp","type":"image\/webp"}],"twitter_card":"summary_large_image","schema":{"@context":"https:\/\/schema.org","@graph":[{"@type":"WebPage","@id":"https:\/\/shopatoa.com\/ro\/thermos-termos-pentru-copii-cu-pai-turcoaz\/","url":"https:\/\/shopatoa.com\/ro\/thermos-termos-pentru-copii-cu-pai-turcoaz\/","name":"Thermos Termos pentru copii cu pai. - turcoaz - SHOPATOA.COM","isPartOf":{"@id":"https:\/\/shopatoa.com\/ro\/#website"},"primaryImageOfPage":{"@id":"https:\/\/shopatoa.com\/ro\/thermos-termos-pentru-copii-cu-pai-turcoaz\/#primaryimage"},"image":{"@id":"https:\/\/shopatoa.com\/ro\/thermos-termos-pentru-copii-cu-pai-turcoaz\/#primaryimage"},"thumbnailUrl":"https:\/\/storage.googleapis.com\/cz-shopatoa-img\/ro\/1633c4eb-unnamed-file.webp","datePublished":"2025-04-29T16:56:24+00:00","dateModified":"2025-12-08T10:43:21+00:00","breadcrumb":{"@id":"https:\/\/shopatoa.com\/ro\/thermos-termos-pentru-copii-cu-pai-turcoaz\/#breadcrumb"},"inLanguage":"ro-RO","potentialAction":[{"@type":"ReadAction","target":["https:\/\/shopatoa.com\/ro\/thermos-termos-pentru-copii-cu-pai-turcoaz\/"]}]},{"@type":"ImageObject","inLanguage":"ro-RO","@id":"https:\/\/shopatoa.com\/ro\/thermos-termos-pentru-copii-cu-pai-turcoaz\/#primaryimage","url":"https:\/\/storage.googleapis.com\/cz-shopatoa-img\/ro\/1633c4eb-unnamed-file.webp","contentUrl":"https:\/\/storage.googleapis.com\/cz-shopatoa-img\/ro\/1633c4eb-unnamed-file.webp","width":800,"height":800},{"@type":"BreadcrumbList","@id":"https:\/\/shopatoa.com\/ro\/thermos-termos-pentru-copii-cu-pai-turcoaz\/#breadcrumb","itemListElement":[{"@type":"ListItem","position":1,"name":"Dom\u016f","item":"https:\/\/shopatoa.com\/ro\/"},{"@type":"ListItem","position":2,"name":"Shop","item":"https:\/\/shopatoa.com\/ro\/shop\/"},{"@type":"ListItem","position":3,"name":"S\u0103n\u0103tate","item":"https:\/\/shopatoa.com\/ro\/sanatate\/"},{"@type":"ListItem","position":4,"name":"Gospod\u0103rie","item":"https:\/\/shopatoa.com\/ro\/gospodarie\/"},{"@type":"ListItem","position":5,"name":"Thermos Termos pentru copii cu pai. &#8211; turcoaz"}]},{"@type":"WebSite","@id":"https:\/\/shopatoa.com\/ro\/#website","url":"https:\/\/shopatoa.com\/ro\/","name":"SHOPATOA","description":"","publisher":{"@id":"https:\/\/shopatoa.com\/ro\/#organization"},"potentialAction":[{"@type":"SearchAction","target":{"@type":"EntryPoint","urlTemplate":"https:\/\/shopatoa.com\/ro\/?s={search_term_string}"},"query-input":{"@type":"PropertyValueSpecification","valueRequired":true,"valueName":"search_term_string"}}],"inLanguage":"ro-RO"},{"@type":"Organization","@id":"https:\/\/shopatoa.com\/ro\/#organization","name":"SHOPATOA","url":"https:\/\/shopatoa.com\/ro\/","logo":{"@type":"ImageObject","inLanguage":"ro-RO","@id":"https:\/\/shopatoa.com\/ro\/#\/schema\/logo\/image\/","url":"https:\/\/storage.googleapis.com\/cz-shopatoa-img\/ro\/b4dac915-shopatoa_logo.png","contentUrl":"https:\/\/storage.googleapis.com\/cz-shopatoa-img\/ro\/b4dac915-shopatoa_logo.png","width":416,"height":63,"caption":"SHOPATOA"},"image":{"@id":"https:\/\/shopatoa.com\/ro\/#\/schema\/logo\/image\/"}}]}},"_links":{"self":[{"href":"https:\/\/shopatoa.com\/ro\/wp-json\/wp\/v2\/product\/273738","targetHints":{"allow":["GET"]}}],"collection":[{"href":"https:\/\/shopatoa.com\/ro\/wp-json\/wp\/v2\/product"}],"about":[{"href":"https:\/\/shopatoa.com\/ro\/wp-json\/wp\/v2\/types\/product"}],"replies":[{"embeddable":true,"href":"https:\/\/shopatoa.com\/ro\/wp-json\/wp\/v2\/comments?post=273738"}],"wp:featuredmedia":[{"embeddable":true,"href":"https:\/\/shopatoa.com\/ro\/wp-json\/wp\/v2\/media\/273739"}],"wp:attachment":[{"href":"https:\/\/shopatoa.com\/ro\/wp-json\/wp\/v2\/media?parent=273738"}],"wp:term":[{"taxonomy":"product_brand","embeddable":true,"href":"https:\/\/shopatoa.com\/ro\/wp-json\/wp\/v2\/product_brand?post=273738"},{"taxonomy":"product_cat","embeddable":true,"href":"https:\/\/shopatoa.com\/ro\/wp-json\/wp\/v2\/product_cat?post=273738"},{"taxonomy":"product_tag","embeddable":true,"href":"https:\/\/shopatoa.com\/ro\/wp-json\/wp\/v2\/product_tag?post=273738"}],"curies":[{"name":"wp","href":"https:\/\/api.w.org\/{rel}","templated":true}]}}