{"id":273997,"date":"2025-04-29T19:50:04","date_gmt":"2025-04-29T17:50:04","guid":{"rendered":"https:\/\/shopatoa.com\/ro\/revolution-pro-machiaj-multifunctional-pentru-piele-uscata-pana-la-mixta-spf-30-cc-cream-perfecting-foundation-26-ml-f1\/"},"modified":"2025-12-15T10:54:33","modified_gmt":"2025-12-15T09:54:33","slug":"revolution-pro-machiaj-multifunctional-pentru-piele-uscata-pana-la-mixta-spf-30-cc-cream-perfecting-foundation-26-ml-f1","status":"publish","type":"product","link":"https:\/\/shopatoa.com\/ro\/revolution-pro-machiaj-multifunctional-pentru-piele-uscata-pana-la-mixta-spf-30-cc-cream-perfecting-foundation-26-ml-f1\/","title":{"rendered":"Revolution PRO Machiaj multifunc\u021bional pentru piele uscat\u0103 p\u00e2n\u0103 la mixt\u0103 SPF 30 CC Cream Perfecting Foundation 26 ml F1"},"content":{"rendered":"<p>Machiaj care face mai mult. Machiajul multifunc\u021bional pentru piele uscat\u0103 p\u00e2n\u0103 la mixt\u0103 SPF 30 acoper\u0103 complet, l\u0103s\u00e2nd \u00een acela\u0219i timp pielea hidratat\u0103 \u0219i protejat\u0103. Con\u021bine acid hialuronic \u0219i colagen care protejeaz\u0103 pielea prin infuzie de antioxidan\u021bi (vitamina E), care ajuta la neutralizarea \u00eenro\u0219irii pielii. Compozi\u021bia ajut\u0103 la reducerea vizibilit\u0103\u021bii ridurilor \u0219i, de asemenea, ofer\u0103 protec\u021bie pe termen lung \u0219i nu se simte pe piele. Acesta dispune de o pompa aurie luxoasa cu dozator, pentru aplicare rapid\u0103 \u0219i u\u0219oar\u0103 cu zero de\u0219euri. Alte produse de la marca Revolution le ve\u021bi g\u0103si aici:<\/p>\n","protected":false},"excerpt":{"rendered":"<p>Machiaj care face mai mult. Machiajul multifunc\u021bional pentru piele uscat\u0103 p\u00e2n\u0103 la mixt\u0103 SPF 30 acoper\u0103 complet, l\u0103s\u00e2nd \u00een acela\u0219i timp pielea hidratat\u0103 \u0219i protejat\u0103. Con\u021bine acid hialuronic \u0219i colagen care protejeaz\u0103 pielea prin infuzie de antioxidan\u021bi (vitamina E), care ajuta la neutralizarea \u00eenro\u0219irii pielii. Compozi\u021bia ajut\u0103 la reducerea vizibilit\u0103\u021bii ridurilor \u0219i, de asemenea, ofer\u0103&#8230;<\/p>\n","protected":false},"featured_media":273998,"comment_status":"closed","ping_status":"open","template":"","meta":{"_acf_changed":false,"_kadence_starter_templates_imported_post":false,"_kad_post_transparent":"","_kad_post_title":"","_kad_post_layout":"","_kad_post_sidebar_id":"","_kad_post_content_style":"","_kad_post_vertical_padding":"","_kad_post_feature":"","_kad_post_feature_position":"","_kad_post_header":false,"_kad_post_footer":false,"_kad_post_classname":""},"product_brand":[109],"product_cat":[246,609,616,705],"product_tag":[],"class_list":{"0":"post-273997","1":"product","2":"type-product","3":"status-publish","4":"has-post-thumbnail","6":"product_brand-revolution-pro","7":"product_cat-cosmetice","8":"product_cat-cosmetice-decorative","9":"product_cat-machiaj-pentru-fata","10":"product_cat-make-ups","12":"first","13":"instock","14":"sale","15":"product-type-external","16":"entry","17":"content-bg","18":"loop-entry"},"acf":[],"yoast_head":"<!-- This site is optimized with the Yoast SEO plugin v27.3 - https:\/\/yoast.com\/product\/yoast-seo-wordpress\/ -->\n<title>Revolution PRO Machiaj multifunc\u021bional pentru piele uscat\u0103 p\u00e2n\u0103 la mixt\u0103 SPF 30 CC Cream Perfecting Foundation 26 ml F1 - SHOPATOA.COM<\/title>\n<meta name=\"robots\" content=\"index, follow, max-snippet:-1, max-image-preview:large, max-video-preview:-1\" \/>\n<link rel=\"canonical\" href=\"https:\/\/shopatoa.com\/ro\/revolution-pro-machiaj-multifunctional-pentru-piele-uscata-pana-la-mixta-spf-30-cc-cream-perfecting-foundation-26-ml-f1\/\" \/>\n<meta property=\"og:locale\" content=\"ro_RO\" \/>\n<meta property=\"og:type\" content=\"article\" \/>\n<meta property=\"og:title\" content=\"Revolution PRO Machiaj multifunc\u021bional pentru piele uscat\u0103 p\u00e2n\u0103 la mixt\u0103 SPF 30 CC Cream Perfecting Foundation 26 ml F1 - SHOPATOA.COM\" \/>\n<meta property=\"og:description\" content=\"Machiaj care face mai mult. Machiajul multifunc\u021bional pentru piele uscat\u0103 p\u00e2n\u0103 la mixt\u0103 SPF 30 acoper\u0103 complet, l\u0103s\u00e2nd \u00een acela\u0219i timp pielea hidratat\u0103 \u0219i protejat\u0103. Con\u021bine acid hialuronic \u0219i colagen care protejeaz\u0103 pielea prin infuzie de antioxidan\u021bi (vitamina E), care ajuta la neutralizarea \u00eenro\u0219irii pielii. Compozi\u021bia ajut\u0103 la reducerea vizibilit\u0103\u021bii ridurilor \u0219i, de asemenea, ofer\u0103...\" \/>\n<meta property=\"og:url\" content=\"https:\/\/shopatoa.com\/ro\/revolution-pro-machiaj-multifunctional-pentru-piele-uscata-pana-la-mixta-spf-30-cc-cream-perfecting-foundation-26-ml-f1\/\" \/>\n<meta property=\"og:site_name\" content=\"SHOPATOA\" \/>\n<meta property=\"article:modified_time\" content=\"2025-12-15T09:54:33+00:00\" \/>\n<meta property=\"og:image\" content=\"https:\/\/storage.googleapis.com\/cz-shopatoa-img\/ro\/62e88596-unnamed-file.webp\" \/>\n\t<meta property=\"og:image:width\" content=\"800\" \/>\n\t<meta property=\"og:image:height\" content=\"800\" \/>\n\t<meta property=\"og:image:type\" content=\"image\/webp\" \/>\n<meta name=\"twitter:card\" content=\"summary_large_image\" \/>\n<meta name=\"twitter:label1\" content=\"Timp estimat pentru citire\" \/>\n\t<meta name=\"twitter:data1\" content=\"1 minut\" \/>\n<script type=\"application\/ld+json\" class=\"yoast-schema-graph\">{\"@context\":\"https:\\\/\\\/schema.org\",\"@graph\":[{\"@type\":\"WebPage\",\"@id\":\"https:\\\/\\\/shopatoa.com\\\/ro\\\/revolution-pro-machiaj-multifunctional-pentru-piele-uscata-pana-la-mixta-spf-30-cc-cream-perfecting-foundation-26-ml-f1\\\/\",\"url\":\"https:\\\/\\\/shopatoa.com\\\/ro\\\/revolution-pro-machiaj-multifunctional-pentru-piele-uscata-pana-la-mixta-spf-30-cc-cream-perfecting-foundation-26-ml-f1\\\/\",\"name\":\"Revolution PRO Machiaj multifunc\u021bional pentru piele uscat\u0103 p\u00e2n\u0103 la mixt\u0103 SPF 30 CC Cream Perfecting Foundation 26 ml F1 - SHOPATOA.COM\",\"isPartOf\":{\"@id\":\"https:\\\/\\\/shopatoa.com\\\/ro\\\/#website\"},\"primaryImageOfPage\":{\"@id\":\"https:\\\/\\\/shopatoa.com\\\/ro\\\/revolution-pro-machiaj-multifunctional-pentru-piele-uscata-pana-la-mixta-spf-30-cc-cream-perfecting-foundation-26-ml-f1\\\/#primaryimage\"},\"image\":{\"@id\":\"https:\\\/\\\/shopatoa.com\\\/ro\\\/revolution-pro-machiaj-multifunctional-pentru-piele-uscata-pana-la-mixta-spf-30-cc-cream-perfecting-foundation-26-ml-f1\\\/#primaryimage\"},\"thumbnailUrl\":\"https:\\\/\\\/storage.googleapis.com\\\/cz-shopatoa-img\\\/ro\\\/62e88596-unnamed-file.webp\",\"datePublished\":\"2025-04-29T17:50:04+00:00\",\"dateModified\":\"2025-12-15T09:54:33+00:00\",\"breadcrumb\":{\"@id\":\"https:\\\/\\\/shopatoa.com\\\/ro\\\/revolution-pro-machiaj-multifunctional-pentru-piele-uscata-pana-la-mixta-spf-30-cc-cream-perfecting-foundation-26-ml-f1\\\/#breadcrumb\"},\"inLanguage\":\"ro-RO\",\"potentialAction\":[{\"@type\":\"ReadAction\",\"target\":[\"https:\\\/\\\/shopatoa.com\\\/ro\\\/revolution-pro-machiaj-multifunctional-pentru-piele-uscata-pana-la-mixta-spf-30-cc-cream-perfecting-foundation-26-ml-f1\\\/\"]}]},{\"@type\":\"ImageObject\",\"inLanguage\":\"ro-RO\",\"@id\":\"https:\\\/\\\/shopatoa.com\\\/ro\\\/revolution-pro-machiaj-multifunctional-pentru-piele-uscata-pana-la-mixta-spf-30-cc-cream-perfecting-foundation-26-ml-f1\\\/#primaryimage\",\"url\":\"https:\\\/\\\/storage.googleapis.com\\\/cz-shopatoa-img\\\/ro\\\/62e88596-unnamed-file.webp\",\"contentUrl\":\"https:\\\/\\\/storage.googleapis.com\\\/cz-shopatoa-img\\\/ro\\\/62e88596-unnamed-file.webp\",\"width\":800,\"height\":800},{\"@type\":\"BreadcrumbList\",\"@id\":\"https:\\\/\\\/shopatoa.com\\\/ro\\\/revolution-pro-machiaj-multifunctional-pentru-piele-uscata-pana-la-mixta-spf-30-cc-cream-perfecting-foundation-26-ml-f1\\\/#breadcrumb\",\"itemListElement\":[{\"@type\":\"ListItem\",\"position\":1,\"name\":\"Dom\u016f\",\"item\":\"https:\\\/\\\/shopatoa.com\\\/ro\\\/\"},{\"@type\":\"ListItem\",\"position\":2,\"name\":\"Shop\",\"item\":\"https:\\\/\\\/shopatoa.com\\\/ro\\\/shop\\\/\"},{\"@type\":\"ListItem\",\"position\":3,\"name\":\"Cosmetice\",\"item\":\"https:\\\/\\\/shopatoa.com\\\/ro\\\/cosmetice\\\/\"},{\"@type\":\"ListItem\",\"position\":4,\"name\":\"Cosmetice decorative\",\"item\":\"https:\\\/\\\/shopatoa.com\\\/ro\\\/cosmetice-decorative\\\/\"},{\"@type\":\"ListItem\",\"position\":5,\"name\":\"Machiaj pentru fa\u021ba\",\"item\":\"https:\\\/\\\/shopatoa.com\\\/ro\\\/machiaj-pentru-fata\\\/\"},{\"@type\":\"ListItem\",\"position\":6,\"name\":\"Make-ups\",\"item\":\"https:\\\/\\\/shopatoa.com\\\/ro\\\/make-ups\\\/\"},{\"@type\":\"ListItem\",\"position\":7,\"name\":\"Revolution PRO Machiaj multifunc\u021bional pentru piele uscat\u0103 p\u00e2n\u0103 la mixt\u0103 SPF 30 CC Cream Perfecting Foundation 26 ml F1\"}]},{\"@type\":\"WebSite\",\"@id\":\"https:\\\/\\\/shopatoa.com\\\/ro\\\/#website\",\"url\":\"https:\\\/\\\/shopatoa.com\\\/ro\\\/\",\"name\":\"SHOPATOA\",\"description\":\"\",\"publisher\":{\"@id\":\"https:\\\/\\\/shopatoa.com\\\/ro\\\/#organization\"},\"potentialAction\":[{\"@type\":\"SearchAction\",\"target\":{\"@type\":\"EntryPoint\",\"urlTemplate\":\"https:\\\/\\\/shopatoa.com\\\/ro\\\/?s={search_term_string}\"},\"query-input\":{\"@type\":\"PropertyValueSpecification\",\"valueRequired\":true,\"valueName\":\"search_term_string\"}}],\"inLanguage\":\"ro-RO\"},{\"@type\":\"Organization\",\"@id\":\"https:\\\/\\\/shopatoa.com\\\/ro\\\/#organization\",\"name\":\"SHOPATOA\",\"url\":\"https:\\\/\\\/shopatoa.com\\\/ro\\\/\",\"logo\":{\"@type\":\"ImageObject\",\"inLanguage\":\"ro-RO\",\"@id\":\"https:\\\/\\\/shopatoa.com\\\/ro\\\/#\\\/schema\\\/logo\\\/image\\\/\",\"url\":\"https:\\\/\\\/storage.googleapis.com\\\/cz-shopatoa-img\\\/ro\\\/b4dac915-shopatoa_logo.png\",\"contentUrl\":\"https:\\\/\\\/storage.googleapis.com\\\/cz-shopatoa-img\\\/ro\\\/b4dac915-shopatoa_logo.png\",\"width\":416,\"height\":63,\"caption\":\"SHOPATOA\"},\"image\":{\"@id\":\"https:\\\/\\\/shopatoa.com\\\/ro\\\/#\\\/schema\\\/logo\\\/image\\\/\"}}]}<\/script>\n<!-- \/ Yoast SEO plugin. -->","yoast_head_json":{"title":"Revolution PRO Machiaj multifunc\u021bional pentru piele uscat\u0103 p\u00e2n\u0103 la mixt\u0103 SPF 30 CC Cream Perfecting Foundation 26 ml F1 - SHOPATOA.COM","robots":{"index":"index","follow":"follow","max-snippet":"max-snippet:-1","max-image-preview":"max-image-preview:large","max-video-preview":"max-video-preview:-1"},"canonical":"https:\/\/shopatoa.com\/ro\/revolution-pro-machiaj-multifunctional-pentru-piele-uscata-pana-la-mixta-spf-30-cc-cream-perfecting-foundation-26-ml-f1\/","og_locale":"ro_RO","og_type":"article","og_title":"Revolution PRO Machiaj multifunc\u021bional pentru piele uscat\u0103 p\u00e2n\u0103 la mixt\u0103 SPF 30 CC Cream Perfecting Foundation 26 ml F1 - SHOPATOA.COM","og_description":"Machiaj care face mai mult. Machiajul multifunc\u021bional pentru piele uscat\u0103 p\u00e2n\u0103 la mixt\u0103 SPF 30 acoper\u0103 complet, l\u0103s\u00e2nd \u00een acela\u0219i timp pielea hidratat\u0103 \u0219i protejat\u0103. Con\u021bine acid hialuronic \u0219i colagen care protejeaz\u0103 pielea prin infuzie de antioxidan\u021bi (vitamina E), care ajuta la neutralizarea \u00eenro\u0219irii pielii. Compozi\u021bia ajut\u0103 la reducerea vizibilit\u0103\u021bii ridurilor \u0219i, de asemenea, ofer\u0103...","og_url":"https:\/\/shopatoa.com\/ro\/revolution-pro-machiaj-multifunctional-pentru-piele-uscata-pana-la-mixta-spf-30-cc-cream-perfecting-foundation-26-ml-f1\/","og_site_name":"SHOPATOA","article_modified_time":"2025-12-15T09:54:33+00:00","og_image":[{"width":800,"height":800,"url":"https:\/\/storage.googleapis.com\/cz-shopatoa-img\/ro\/62e88596-unnamed-file.webp","type":"image\/webp"}],"twitter_card":"summary_large_image","twitter_misc":{"Timp estimat pentru citire":"1 minut"},"schema":{"@context":"https:\/\/schema.org","@graph":[{"@type":"WebPage","@id":"https:\/\/shopatoa.com\/ro\/revolution-pro-machiaj-multifunctional-pentru-piele-uscata-pana-la-mixta-spf-30-cc-cream-perfecting-foundation-26-ml-f1\/","url":"https:\/\/shopatoa.com\/ro\/revolution-pro-machiaj-multifunctional-pentru-piele-uscata-pana-la-mixta-spf-30-cc-cream-perfecting-foundation-26-ml-f1\/","name":"Revolution PRO Machiaj multifunc\u021bional pentru piele uscat\u0103 p\u00e2n\u0103 la mixt\u0103 SPF 30 CC Cream Perfecting Foundation 26 ml F1 - SHOPATOA.COM","isPartOf":{"@id":"https:\/\/shopatoa.com\/ro\/#website"},"primaryImageOfPage":{"@id":"https:\/\/shopatoa.com\/ro\/revolution-pro-machiaj-multifunctional-pentru-piele-uscata-pana-la-mixta-spf-30-cc-cream-perfecting-foundation-26-ml-f1\/#primaryimage"},"image":{"@id":"https:\/\/shopatoa.com\/ro\/revolution-pro-machiaj-multifunctional-pentru-piele-uscata-pana-la-mixta-spf-30-cc-cream-perfecting-foundation-26-ml-f1\/#primaryimage"},"thumbnailUrl":"https:\/\/storage.googleapis.com\/cz-shopatoa-img\/ro\/62e88596-unnamed-file.webp","datePublished":"2025-04-29T17:50:04+00:00","dateModified":"2025-12-15T09:54:33+00:00","breadcrumb":{"@id":"https:\/\/shopatoa.com\/ro\/revolution-pro-machiaj-multifunctional-pentru-piele-uscata-pana-la-mixta-spf-30-cc-cream-perfecting-foundation-26-ml-f1\/#breadcrumb"},"inLanguage":"ro-RO","potentialAction":[{"@type":"ReadAction","target":["https:\/\/shopatoa.com\/ro\/revolution-pro-machiaj-multifunctional-pentru-piele-uscata-pana-la-mixta-spf-30-cc-cream-perfecting-foundation-26-ml-f1\/"]}]},{"@type":"ImageObject","inLanguage":"ro-RO","@id":"https:\/\/shopatoa.com\/ro\/revolution-pro-machiaj-multifunctional-pentru-piele-uscata-pana-la-mixta-spf-30-cc-cream-perfecting-foundation-26-ml-f1\/#primaryimage","url":"https:\/\/storage.googleapis.com\/cz-shopatoa-img\/ro\/62e88596-unnamed-file.webp","contentUrl":"https:\/\/storage.googleapis.com\/cz-shopatoa-img\/ro\/62e88596-unnamed-file.webp","width":800,"height":800},{"@type":"BreadcrumbList","@id":"https:\/\/shopatoa.com\/ro\/revolution-pro-machiaj-multifunctional-pentru-piele-uscata-pana-la-mixta-spf-30-cc-cream-perfecting-foundation-26-ml-f1\/#breadcrumb","itemListElement":[{"@type":"ListItem","position":1,"name":"Dom\u016f","item":"https:\/\/shopatoa.com\/ro\/"},{"@type":"ListItem","position":2,"name":"Shop","item":"https:\/\/shopatoa.com\/ro\/shop\/"},{"@type":"ListItem","position":3,"name":"Cosmetice","item":"https:\/\/shopatoa.com\/ro\/cosmetice\/"},{"@type":"ListItem","position":4,"name":"Cosmetice decorative","item":"https:\/\/shopatoa.com\/ro\/cosmetice-decorative\/"},{"@type":"ListItem","position":5,"name":"Machiaj pentru fa\u021ba","item":"https:\/\/shopatoa.com\/ro\/machiaj-pentru-fata\/"},{"@type":"ListItem","position":6,"name":"Make-ups","item":"https:\/\/shopatoa.com\/ro\/make-ups\/"},{"@type":"ListItem","position":7,"name":"Revolution PRO Machiaj multifunc\u021bional pentru piele uscat\u0103 p\u00e2n\u0103 la mixt\u0103 SPF 30 CC Cream Perfecting Foundation 26 ml F1"}]},{"@type":"WebSite","@id":"https:\/\/shopatoa.com\/ro\/#website","url":"https:\/\/shopatoa.com\/ro\/","name":"SHOPATOA","description":"","publisher":{"@id":"https:\/\/shopatoa.com\/ro\/#organization"},"potentialAction":[{"@type":"SearchAction","target":{"@type":"EntryPoint","urlTemplate":"https:\/\/shopatoa.com\/ro\/?s={search_term_string}"},"query-input":{"@type":"PropertyValueSpecification","valueRequired":true,"valueName":"search_term_string"}}],"inLanguage":"ro-RO"},{"@type":"Organization","@id":"https:\/\/shopatoa.com\/ro\/#organization","name":"SHOPATOA","url":"https:\/\/shopatoa.com\/ro\/","logo":{"@type":"ImageObject","inLanguage":"ro-RO","@id":"https:\/\/shopatoa.com\/ro\/#\/schema\/logo\/image\/","url":"https:\/\/storage.googleapis.com\/cz-shopatoa-img\/ro\/b4dac915-shopatoa_logo.png","contentUrl":"https:\/\/storage.googleapis.com\/cz-shopatoa-img\/ro\/b4dac915-shopatoa_logo.png","width":416,"height":63,"caption":"SHOPATOA"},"image":{"@id":"https:\/\/shopatoa.com\/ro\/#\/schema\/logo\/image\/"}}]}},"_links":{"self":[{"href":"https:\/\/shopatoa.com\/ro\/wp-json\/wp\/v2\/product\/273997","targetHints":{"allow":["GET"]}}],"collection":[{"href":"https:\/\/shopatoa.com\/ro\/wp-json\/wp\/v2\/product"}],"about":[{"href":"https:\/\/shopatoa.com\/ro\/wp-json\/wp\/v2\/types\/product"}],"replies":[{"embeddable":true,"href":"https:\/\/shopatoa.com\/ro\/wp-json\/wp\/v2\/comments?post=273997"}],"wp:featuredmedia":[{"embeddable":true,"href":"https:\/\/shopatoa.com\/ro\/wp-json\/wp\/v2\/media\/273998"}],"wp:attachment":[{"href":"https:\/\/shopatoa.com\/ro\/wp-json\/wp\/v2\/media?parent=273997"}],"wp:term":[{"taxonomy":"product_brand","embeddable":true,"href":"https:\/\/shopatoa.com\/ro\/wp-json\/wp\/v2\/product_brand?post=273997"},{"taxonomy":"product_cat","embeddable":true,"href":"https:\/\/shopatoa.com\/ro\/wp-json\/wp\/v2\/product_cat?post=273997"},{"taxonomy":"product_tag","embeddable":true,"href":"https:\/\/shopatoa.com\/ro\/wp-json\/wp\/v2\/product_tag?post=273997"}],"curies":[{"name":"wp","href":"https:\/\/api.w.org\/{rel}","templated":true}]}}