{"id":274214,"date":"2025-04-29T20:35:14","date_gmt":"2025-04-29T18:35:14","guid":{"rendered":"https:\/\/shopatoa.com\/ro\/yankee-candle-lumanare-aromatica-classic-mare-farm-fresh-peach-623-g\/"},"modified":"2025-12-15T10:04:16","modified_gmt":"2025-12-15T09:04:16","slug":"yankee-candle-lumanare-aromatica-classic-mare-farm-fresh-peach-623-g","status":"publish","type":"product","link":"https:\/\/shopatoa.com\/ro\/yankee-candle-lumanare-aromatica-classic-mare-farm-fresh-peach-623-g\/","title":{"rendered":"Yankee Candle Lum\u00e2nare aromatica Classic mare Farm Fresh Peach 623 g"},"content":{"rendered":"<p>Piersici proaspete de ferm\u0103. Aromele proaspete de piersici, caise \u0219i vanilie se amestec\u0103 \u00eentr-o combina\u021bie pl\u0103cut\u0103 \u0219i v\u0103 invit\u0103 s\u0103 gusta\u021bi delicatesele locale din fructe. Lum\u00e2narea de cea mai \u00eenalt\u0103 calitate din lume cu parfum de piersici proaspete de ferm\u0103 este f\u0103cut\u0103 din cele mai bune ingrediente \u0219i timpul de ardere este de p\u00e2n\u0103 la 150 de ore.<\/p>\n","protected":false},"excerpt":{"rendered":"<p>Piersici proaspete de ferm\u0103. Aromele proaspete de piersici, caise \u0219i vanilie se amestec\u0103 \u00eentr-o combina\u021bie pl\u0103cut\u0103 \u0219i v\u0103 invit\u0103 s\u0103 gusta\u021bi delicatesele locale din fructe. Lum\u00e2narea de cea mai \u00eenalt\u0103 calitate din lume cu parfum de piersici proaspete de ferm\u0103 este f\u0103cut\u0103 din cele mai bune ingrediente \u0219i timpul de ardere este de p\u00e2n\u0103 la&#8230;<\/p>\n","protected":false},"featured_media":274215,"comment_status":"closed","ping_status":"open","template":"","meta":{"_acf_changed":false,"_kadence_starter_templates_imported_post":false,"_kad_post_transparent":"","_kad_post_title":"","_kad_post_layout":"","_kad_post_sidebar_id":"","_kad_post_content_style":"","_kad_post_vertical_padding":"","_kad_post_feature":"","_kad_post_feature_position":"","_kad_post_header":false,"_kad_post_footer":false,"_kad_post_classname":""},"product_brand":[149],"product_cat":[246,656,655,654],"product_tag":[],"class_list":{"0":"post-274214","1":"product","2":"type-product","3":"status-publish","4":"has-post-thumbnail","6":"product_brand-yankee-candle","7":"product_cat-cosmetice","8":"product_cat-lumanari-decorative-si-in-sticla","9":"product_cat-lumanari-parfumate","10":"product_cat-lumanari-parfumate-si-arome","12":"first","13":"instock","14":"sale","15":"product-type-external","16":"entry","17":"content-bg","18":"loop-entry"},"acf":[],"yoast_head":"<!-- This site is optimized with the Yoast SEO plugin v27.4 - https:\/\/yoast.com\/product\/yoast-seo-wordpress\/ -->\n<title>Yankee Candle Lum\u00e2nare aromatica Classic mare Farm Fresh Peach 623 g - SHOPATOA.COM<\/title>\n<meta name=\"robots\" content=\"index, follow, max-snippet:-1, max-image-preview:large, max-video-preview:-1\" \/>\n<link rel=\"canonical\" href=\"https:\/\/shopatoa.com\/ro\/yankee-candle-lumanare-aromatica-classic-mare-farm-fresh-peach-623-g\/\" \/>\n<meta property=\"og:locale\" content=\"ro_RO\" \/>\n<meta property=\"og:type\" content=\"article\" \/>\n<meta property=\"og:title\" content=\"Yankee Candle Lum\u00e2nare aromatica Classic mare Farm Fresh Peach 623 g - SHOPATOA.COM\" \/>\n<meta property=\"og:description\" content=\"Piersici proaspete de ferm\u0103. Aromele proaspete de piersici, caise \u0219i vanilie se amestec\u0103 \u00eentr-o combina\u021bie pl\u0103cut\u0103 \u0219i v\u0103 invit\u0103 s\u0103 gusta\u021bi delicatesele locale din fructe. Lum\u00e2narea de cea mai \u00eenalt\u0103 calitate din lume cu parfum de piersici proaspete de ferm\u0103 este f\u0103cut\u0103 din cele mai bune ingrediente \u0219i timpul de ardere este de p\u00e2n\u0103 la...\" \/>\n<meta property=\"og:url\" content=\"https:\/\/shopatoa.com\/ro\/yankee-candle-lumanare-aromatica-classic-mare-farm-fresh-peach-623-g\/\" \/>\n<meta property=\"og:site_name\" content=\"SHOPATOA\" \/>\n<meta property=\"article:modified_time\" content=\"2025-12-15T09:04:16+00:00\" \/>\n<meta property=\"og:image\" content=\"https:\/\/storage.googleapis.com\/cz-shopatoa-img\/ro\/e66adccb-unnamed-file.webp\" \/>\n\t<meta property=\"og:image:width\" content=\"800\" \/>\n\t<meta property=\"og:image:height\" content=\"800\" \/>\n\t<meta property=\"og:image:type\" content=\"image\/webp\" \/>\n<meta name=\"twitter:card\" content=\"summary_large_image\" \/>\n<script type=\"application\/ld+json\" class=\"yoast-schema-graph\">{\"@context\":\"https:\\\/\\\/schema.org\",\"@graph\":[{\"@type\":\"WebPage\",\"@id\":\"https:\\\/\\\/shopatoa.com\\\/ro\\\/yankee-candle-lumanare-aromatica-classic-mare-farm-fresh-peach-623-g\\\/\",\"url\":\"https:\\\/\\\/shopatoa.com\\\/ro\\\/yankee-candle-lumanare-aromatica-classic-mare-farm-fresh-peach-623-g\\\/\",\"name\":\"Yankee Candle Lum\u00e2nare aromatica Classic mare Farm Fresh Peach 623 g - SHOPATOA.COM\",\"isPartOf\":{\"@id\":\"https:\\\/\\\/shopatoa.com\\\/ro\\\/#website\"},\"primaryImageOfPage\":{\"@id\":\"https:\\\/\\\/shopatoa.com\\\/ro\\\/yankee-candle-lumanare-aromatica-classic-mare-farm-fresh-peach-623-g\\\/#primaryimage\"},\"image\":{\"@id\":\"https:\\\/\\\/shopatoa.com\\\/ro\\\/yankee-candle-lumanare-aromatica-classic-mare-farm-fresh-peach-623-g\\\/#primaryimage\"},\"thumbnailUrl\":\"https:\\\/\\\/storage.googleapis.com\\\/cz-shopatoa-img\\\/ro\\\/e66adccb-unnamed-file.webp\",\"datePublished\":\"2025-04-29T18:35:14+00:00\",\"dateModified\":\"2025-12-15T09:04:16+00:00\",\"breadcrumb\":{\"@id\":\"https:\\\/\\\/shopatoa.com\\\/ro\\\/yankee-candle-lumanare-aromatica-classic-mare-farm-fresh-peach-623-g\\\/#breadcrumb\"},\"inLanguage\":\"ro-RO\",\"potentialAction\":[{\"@type\":\"ReadAction\",\"target\":[\"https:\\\/\\\/shopatoa.com\\\/ro\\\/yankee-candle-lumanare-aromatica-classic-mare-farm-fresh-peach-623-g\\\/\"]}]},{\"@type\":\"ImageObject\",\"inLanguage\":\"ro-RO\",\"@id\":\"https:\\\/\\\/shopatoa.com\\\/ro\\\/yankee-candle-lumanare-aromatica-classic-mare-farm-fresh-peach-623-g\\\/#primaryimage\",\"url\":\"https:\\\/\\\/storage.googleapis.com\\\/cz-shopatoa-img\\\/ro\\\/e66adccb-unnamed-file.webp\",\"contentUrl\":\"https:\\\/\\\/storage.googleapis.com\\\/cz-shopatoa-img\\\/ro\\\/e66adccb-unnamed-file.webp\",\"width\":800,\"height\":800},{\"@type\":\"BreadcrumbList\",\"@id\":\"https:\\\/\\\/shopatoa.com\\\/ro\\\/yankee-candle-lumanare-aromatica-classic-mare-farm-fresh-peach-623-g\\\/#breadcrumb\",\"itemListElement\":[{\"@type\":\"ListItem\",\"position\":1,\"name\":\"Dom\u016f\",\"item\":\"https:\\\/\\\/shopatoa.com\\\/ro\\\/\"},{\"@type\":\"ListItem\",\"position\":2,\"name\":\"Shop\",\"item\":\"https:\\\/\\\/shopatoa.com\\\/ro\\\/shop\\\/\"},{\"@type\":\"ListItem\",\"position\":3,\"name\":\"Cosmetice\",\"item\":\"https:\\\/\\\/shopatoa.com\\\/ro\\\/cosmetice\\\/\"},{\"@type\":\"ListItem\",\"position\":4,\"name\":\"Lum\u00e2n\u0103ri parfumate \u0219i arome\",\"item\":\"https:\\\/\\\/shopatoa.com\\\/ro\\\/lumanari-parfumate-si-arome\\\/\"},{\"@type\":\"ListItem\",\"position\":5,\"name\":\"Lum\u00e2n\u0103ri parfumate\",\"item\":\"https:\\\/\\\/shopatoa.com\\\/ro\\\/lumanari-parfumate\\\/\"},{\"@type\":\"ListItem\",\"position\":6,\"name\":\"Lum\u00e2n\u0103ri decorative \u0219i \u00een sticl\u0103\",\"item\":\"https:\\\/\\\/shopatoa.com\\\/ro\\\/lumanari-decorative-si-in-sticla\\\/\"},{\"@type\":\"ListItem\",\"position\":7,\"name\":\"Yankee Candle Lum\u00e2nare aromatica Classic mare Farm Fresh Peach 623 g\"}]},{\"@type\":\"WebSite\",\"@id\":\"https:\\\/\\\/shopatoa.com\\\/ro\\\/#website\",\"url\":\"https:\\\/\\\/shopatoa.com\\\/ro\\\/\",\"name\":\"SHOPATOA\",\"description\":\"\",\"publisher\":{\"@id\":\"https:\\\/\\\/shopatoa.com\\\/ro\\\/#organization\"},\"potentialAction\":[{\"@type\":\"SearchAction\",\"target\":{\"@type\":\"EntryPoint\",\"urlTemplate\":\"https:\\\/\\\/shopatoa.com\\\/ro\\\/?s={search_term_string}\"},\"query-input\":{\"@type\":\"PropertyValueSpecification\",\"valueRequired\":true,\"valueName\":\"search_term_string\"}}],\"inLanguage\":\"ro-RO\"},{\"@type\":\"Organization\",\"@id\":\"https:\\\/\\\/shopatoa.com\\\/ro\\\/#organization\",\"name\":\"SHOPATOA\",\"url\":\"https:\\\/\\\/shopatoa.com\\\/ro\\\/\",\"logo\":{\"@type\":\"ImageObject\",\"inLanguage\":\"ro-RO\",\"@id\":\"https:\\\/\\\/shopatoa.com\\\/ro\\\/#\\\/schema\\\/logo\\\/image\\\/\",\"url\":\"https:\\\/\\\/storage.googleapis.com\\\/cz-shopatoa-img\\\/ro\\\/b4dac915-shopatoa_logo.png\",\"contentUrl\":\"https:\\\/\\\/storage.googleapis.com\\\/cz-shopatoa-img\\\/ro\\\/b4dac915-shopatoa_logo.png\",\"width\":416,\"height\":63,\"caption\":\"SHOPATOA\"},\"image\":{\"@id\":\"https:\\\/\\\/shopatoa.com\\\/ro\\\/#\\\/schema\\\/logo\\\/image\\\/\"}}]}<\/script>\n<!-- \/ Yoast SEO plugin. -->","yoast_head_json":{"title":"Yankee Candle Lum\u00e2nare aromatica Classic mare Farm Fresh Peach 623 g - SHOPATOA.COM","robots":{"index":"index","follow":"follow","max-snippet":"max-snippet:-1","max-image-preview":"max-image-preview:large","max-video-preview":"max-video-preview:-1"},"canonical":"https:\/\/shopatoa.com\/ro\/yankee-candle-lumanare-aromatica-classic-mare-farm-fresh-peach-623-g\/","og_locale":"ro_RO","og_type":"article","og_title":"Yankee Candle Lum\u00e2nare aromatica Classic mare Farm Fresh Peach 623 g - SHOPATOA.COM","og_description":"Piersici proaspete de ferm\u0103. Aromele proaspete de piersici, caise \u0219i vanilie se amestec\u0103 \u00eentr-o combina\u021bie pl\u0103cut\u0103 \u0219i v\u0103 invit\u0103 s\u0103 gusta\u021bi delicatesele locale din fructe. Lum\u00e2narea de cea mai \u00eenalt\u0103 calitate din lume cu parfum de piersici proaspete de ferm\u0103 este f\u0103cut\u0103 din cele mai bune ingrediente \u0219i timpul de ardere este de p\u00e2n\u0103 la...","og_url":"https:\/\/shopatoa.com\/ro\/yankee-candle-lumanare-aromatica-classic-mare-farm-fresh-peach-623-g\/","og_site_name":"SHOPATOA","article_modified_time":"2025-12-15T09:04:16+00:00","og_image":[{"width":800,"height":800,"url":"https:\/\/storage.googleapis.com\/cz-shopatoa-img\/ro\/e66adccb-unnamed-file.webp","type":"image\/webp"}],"twitter_card":"summary_large_image","schema":{"@context":"https:\/\/schema.org","@graph":[{"@type":"WebPage","@id":"https:\/\/shopatoa.com\/ro\/yankee-candle-lumanare-aromatica-classic-mare-farm-fresh-peach-623-g\/","url":"https:\/\/shopatoa.com\/ro\/yankee-candle-lumanare-aromatica-classic-mare-farm-fresh-peach-623-g\/","name":"Yankee Candle Lum\u00e2nare aromatica Classic mare Farm Fresh Peach 623 g - SHOPATOA.COM","isPartOf":{"@id":"https:\/\/shopatoa.com\/ro\/#website"},"primaryImageOfPage":{"@id":"https:\/\/shopatoa.com\/ro\/yankee-candle-lumanare-aromatica-classic-mare-farm-fresh-peach-623-g\/#primaryimage"},"image":{"@id":"https:\/\/shopatoa.com\/ro\/yankee-candle-lumanare-aromatica-classic-mare-farm-fresh-peach-623-g\/#primaryimage"},"thumbnailUrl":"https:\/\/storage.googleapis.com\/cz-shopatoa-img\/ro\/e66adccb-unnamed-file.webp","datePublished":"2025-04-29T18:35:14+00:00","dateModified":"2025-12-15T09:04:16+00:00","breadcrumb":{"@id":"https:\/\/shopatoa.com\/ro\/yankee-candle-lumanare-aromatica-classic-mare-farm-fresh-peach-623-g\/#breadcrumb"},"inLanguage":"ro-RO","potentialAction":[{"@type":"ReadAction","target":["https:\/\/shopatoa.com\/ro\/yankee-candle-lumanare-aromatica-classic-mare-farm-fresh-peach-623-g\/"]}]},{"@type":"ImageObject","inLanguage":"ro-RO","@id":"https:\/\/shopatoa.com\/ro\/yankee-candle-lumanare-aromatica-classic-mare-farm-fresh-peach-623-g\/#primaryimage","url":"https:\/\/storage.googleapis.com\/cz-shopatoa-img\/ro\/e66adccb-unnamed-file.webp","contentUrl":"https:\/\/storage.googleapis.com\/cz-shopatoa-img\/ro\/e66adccb-unnamed-file.webp","width":800,"height":800},{"@type":"BreadcrumbList","@id":"https:\/\/shopatoa.com\/ro\/yankee-candle-lumanare-aromatica-classic-mare-farm-fresh-peach-623-g\/#breadcrumb","itemListElement":[{"@type":"ListItem","position":1,"name":"Dom\u016f","item":"https:\/\/shopatoa.com\/ro\/"},{"@type":"ListItem","position":2,"name":"Shop","item":"https:\/\/shopatoa.com\/ro\/shop\/"},{"@type":"ListItem","position":3,"name":"Cosmetice","item":"https:\/\/shopatoa.com\/ro\/cosmetice\/"},{"@type":"ListItem","position":4,"name":"Lum\u00e2n\u0103ri parfumate \u0219i arome","item":"https:\/\/shopatoa.com\/ro\/lumanari-parfumate-si-arome\/"},{"@type":"ListItem","position":5,"name":"Lum\u00e2n\u0103ri parfumate","item":"https:\/\/shopatoa.com\/ro\/lumanari-parfumate\/"},{"@type":"ListItem","position":6,"name":"Lum\u00e2n\u0103ri decorative \u0219i \u00een sticl\u0103","item":"https:\/\/shopatoa.com\/ro\/lumanari-decorative-si-in-sticla\/"},{"@type":"ListItem","position":7,"name":"Yankee Candle Lum\u00e2nare aromatica Classic mare Farm Fresh Peach 623 g"}]},{"@type":"WebSite","@id":"https:\/\/shopatoa.com\/ro\/#website","url":"https:\/\/shopatoa.com\/ro\/","name":"SHOPATOA","description":"","publisher":{"@id":"https:\/\/shopatoa.com\/ro\/#organization"},"potentialAction":[{"@type":"SearchAction","target":{"@type":"EntryPoint","urlTemplate":"https:\/\/shopatoa.com\/ro\/?s={search_term_string}"},"query-input":{"@type":"PropertyValueSpecification","valueRequired":true,"valueName":"search_term_string"}}],"inLanguage":"ro-RO"},{"@type":"Organization","@id":"https:\/\/shopatoa.com\/ro\/#organization","name":"SHOPATOA","url":"https:\/\/shopatoa.com\/ro\/","logo":{"@type":"ImageObject","inLanguage":"ro-RO","@id":"https:\/\/shopatoa.com\/ro\/#\/schema\/logo\/image\/","url":"https:\/\/storage.googleapis.com\/cz-shopatoa-img\/ro\/b4dac915-shopatoa_logo.png","contentUrl":"https:\/\/storage.googleapis.com\/cz-shopatoa-img\/ro\/b4dac915-shopatoa_logo.png","width":416,"height":63,"caption":"SHOPATOA"},"image":{"@id":"https:\/\/shopatoa.com\/ro\/#\/schema\/logo\/image\/"}}]}},"_links":{"self":[{"href":"https:\/\/shopatoa.com\/ro\/wp-json\/wp\/v2\/product\/274214","targetHints":{"allow":["GET"]}}],"collection":[{"href":"https:\/\/shopatoa.com\/ro\/wp-json\/wp\/v2\/product"}],"about":[{"href":"https:\/\/shopatoa.com\/ro\/wp-json\/wp\/v2\/types\/product"}],"replies":[{"embeddable":true,"href":"https:\/\/shopatoa.com\/ro\/wp-json\/wp\/v2\/comments?post=274214"}],"wp:featuredmedia":[{"embeddable":true,"href":"https:\/\/shopatoa.com\/ro\/wp-json\/wp\/v2\/media\/274215"}],"wp:attachment":[{"href":"https:\/\/shopatoa.com\/ro\/wp-json\/wp\/v2\/media?parent=274214"}],"wp:term":[{"taxonomy":"product_brand","embeddable":true,"href":"https:\/\/shopatoa.com\/ro\/wp-json\/wp\/v2\/product_brand?post=274214"},{"taxonomy":"product_cat","embeddable":true,"href":"https:\/\/shopatoa.com\/ro\/wp-json\/wp\/v2\/product_cat?post=274214"},{"taxonomy":"product_tag","embeddable":true,"href":"https:\/\/shopatoa.com\/ro\/wp-json\/wp\/v2\/product_tag?post=274214"}],"curies":[{"name":"wp","href":"https:\/\/api.w.org\/{rel}","templated":true}]}}