{"id":274324,"date":"2025-04-29T20:55:46","date_gmt":"2025-04-29T18:55:46","guid":{"rendered":"https:\/\/shopatoa.com\/ro\/tom-ford-tuscan-leather-spray-de-corp-150-ml\/"},"modified":"2025-12-15T09:44:01","modified_gmt":"2025-12-15T08:44:01","slug":"tom-ford-tuscan-leather-spray-de-corp-150-ml","status":"publish","type":"product","link":"https:\/\/shopatoa.com\/ro\/tom-ford-tuscan-leather-spray-de-corp-150-ml\/","title":{"rendered":"Tom Ford Tuscan Leather &#8211; spray de corp 150 ml"},"content":{"rendered":"<p>Tuscan Leather este un parfum nou at\u00e2t pentru femei, c\u00e2t \u0219i pentru b\u0103rba\u021bi. Capul parfumului este alc\u0103tuit din \u0219ofran, zmeur\u0103 \u0219i cimbru. \u00cen inim\u0103 ve\u021bi g\u0103si iasomie \u0219i t\u0103m\u00e2ie. Parfumul de piele este \u00eempletit cu note lemnoase, chihlimbar \u0219i piele de c\u0103prioar\u0103 \u00een baza sa. Tuscan Leather este un parfum senzual \u0219i extravagant, care va \u00eenc\u00e2nta toate femeile \u0219i b\u0103rba\u021bii \u00eencrez\u0103tori \u00een sine.<\/p>\n","protected":false},"excerpt":{"rendered":"<p>Tuscan Leather este un parfum nou at\u00e2t pentru femei, c\u00e2t \u0219i pentru b\u0103rba\u021bi. Capul parfumului este alc\u0103tuit din \u0219ofran, zmeur\u0103 \u0219i cimbru. \u00cen inim\u0103 ve\u021bi g\u0103si iasomie \u0219i t\u0103m\u00e2ie. Parfumul de piele este \u00eempletit cu note lemnoase, chihlimbar \u0219i piele de c\u0103prioar\u0103 \u00een baza sa. Tuscan Leather este un parfum senzual \u0219i extravagant, care va&#8230;<\/p>\n","protected":false},"featured_media":274325,"comment_status":"closed","ping_status":"open","template":"","meta":{"_acf_changed":false,"_kadence_starter_templates_imported_post":false,"_kad_post_transparent":"","_kad_post_title":"","_kad_post_layout":"","_kad_post_sidebar_id":"","_kad_post_content_style":"","_kad_post_vertical_padding":"","_kad_post_feature":"","_kad_post_feature_position":"","_kad_post_header":false,"_kad_post_footer":false,"_kad_post_classname":""},"product_brand":[329],"product_cat":[614,682],"product_tag":[],"class_list":{"0":"post-274324","1":"product","2":"type-product","3":"status-publish","4":"has-post-thumbnail","6":"product_brand-tom-ford","7":"product_cat-parfumuri","8":"product_cat-spray-uri-de-corp","10":"first","11":"instock","12":"product-type-external","13":"entry","14":"content-bg","15":"loop-entry"},"acf":[],"yoast_head":"<!-- This site is optimized with the Yoast SEO plugin v27.4 - https:\/\/yoast.com\/product\/yoast-seo-wordpress\/ -->\n<title>Tom Ford Tuscan Leather - spray de corp 150 ml - SHOPATOA.COM<\/title>\n<meta name=\"robots\" content=\"index, follow, max-snippet:-1, max-image-preview:large, max-video-preview:-1\" \/>\n<link rel=\"canonical\" href=\"https:\/\/shopatoa.com\/ro\/tom-ford-tuscan-leather-spray-de-corp-150-ml\/\" \/>\n<meta property=\"og:locale\" content=\"ro_RO\" \/>\n<meta property=\"og:type\" content=\"article\" \/>\n<meta property=\"og:title\" content=\"Tom Ford Tuscan Leather - spray de corp 150 ml - SHOPATOA.COM\" \/>\n<meta property=\"og:description\" content=\"Tuscan Leather este un parfum nou at\u00e2t pentru femei, c\u00e2t \u0219i pentru b\u0103rba\u021bi. Capul parfumului este alc\u0103tuit din \u0219ofran, zmeur\u0103 \u0219i cimbru. \u00cen inim\u0103 ve\u021bi g\u0103si iasomie \u0219i t\u0103m\u00e2ie. Parfumul de piele este \u00eempletit cu note lemnoase, chihlimbar \u0219i piele de c\u0103prioar\u0103 \u00een baza sa. Tuscan Leather este un parfum senzual \u0219i extravagant, care va...\" \/>\n<meta property=\"og:url\" content=\"https:\/\/shopatoa.com\/ro\/tom-ford-tuscan-leather-spray-de-corp-150-ml\/\" \/>\n<meta property=\"og:site_name\" content=\"SHOPATOA\" \/>\n<meta property=\"article:modified_time\" content=\"2025-12-15T08:44:01+00:00\" \/>\n<meta property=\"og:image\" content=\"https:\/\/storage.googleapis.com\/cz-shopatoa-img\/ro\/abccad8b-unnamed-file.webp\" \/>\n\t<meta property=\"og:image:width\" content=\"800\" \/>\n\t<meta property=\"og:image:height\" content=\"800\" \/>\n\t<meta property=\"og:image:type\" content=\"image\/webp\" \/>\n<meta name=\"twitter:card\" content=\"summary_large_image\" \/>\n<script type=\"application\/ld+json\" class=\"yoast-schema-graph\">{\"@context\":\"https:\\\/\\\/schema.org\",\"@graph\":[{\"@type\":\"WebPage\",\"@id\":\"https:\\\/\\\/shopatoa.com\\\/ro\\\/tom-ford-tuscan-leather-spray-de-corp-150-ml\\\/\",\"url\":\"https:\\\/\\\/shopatoa.com\\\/ro\\\/tom-ford-tuscan-leather-spray-de-corp-150-ml\\\/\",\"name\":\"Tom Ford Tuscan Leather - spray de corp 150 ml - SHOPATOA.COM\",\"isPartOf\":{\"@id\":\"https:\\\/\\\/shopatoa.com\\\/ro\\\/#website\"},\"primaryImageOfPage\":{\"@id\":\"https:\\\/\\\/shopatoa.com\\\/ro\\\/tom-ford-tuscan-leather-spray-de-corp-150-ml\\\/#primaryimage\"},\"image\":{\"@id\":\"https:\\\/\\\/shopatoa.com\\\/ro\\\/tom-ford-tuscan-leather-spray-de-corp-150-ml\\\/#primaryimage\"},\"thumbnailUrl\":\"https:\\\/\\\/storage.googleapis.com\\\/cz-shopatoa-img\\\/ro\\\/abccad8b-unnamed-file.webp\",\"datePublished\":\"2025-04-29T18:55:46+00:00\",\"dateModified\":\"2025-12-15T08:44:01+00:00\",\"breadcrumb\":{\"@id\":\"https:\\\/\\\/shopatoa.com\\\/ro\\\/tom-ford-tuscan-leather-spray-de-corp-150-ml\\\/#breadcrumb\"},\"inLanguage\":\"ro-RO\",\"potentialAction\":[{\"@type\":\"ReadAction\",\"target\":[\"https:\\\/\\\/shopatoa.com\\\/ro\\\/tom-ford-tuscan-leather-spray-de-corp-150-ml\\\/\"]}]},{\"@type\":\"ImageObject\",\"inLanguage\":\"ro-RO\",\"@id\":\"https:\\\/\\\/shopatoa.com\\\/ro\\\/tom-ford-tuscan-leather-spray-de-corp-150-ml\\\/#primaryimage\",\"url\":\"https:\\\/\\\/storage.googleapis.com\\\/cz-shopatoa-img\\\/ro\\\/abccad8b-unnamed-file.webp\",\"contentUrl\":\"https:\\\/\\\/storage.googleapis.com\\\/cz-shopatoa-img\\\/ro\\\/abccad8b-unnamed-file.webp\",\"width\":800,\"height\":800},{\"@type\":\"BreadcrumbList\",\"@id\":\"https:\\\/\\\/shopatoa.com\\\/ro\\\/tom-ford-tuscan-leather-spray-de-corp-150-ml\\\/#breadcrumb\",\"itemListElement\":[{\"@type\":\"ListItem\",\"position\":1,\"name\":\"Dom\u016f\",\"item\":\"https:\\\/\\\/shopatoa.com\\\/ro\\\/\"},{\"@type\":\"ListItem\",\"position\":2,\"name\":\"Shop\",\"item\":\"https:\\\/\\\/shopatoa.com\\\/ro\\\/shop\\\/\"},{\"@type\":\"ListItem\",\"position\":3,\"name\":\"Parfumuri\",\"item\":\"https:\\\/\\\/shopatoa.com\\\/ro\\\/parfumuri\\\/\"},{\"@type\":\"ListItem\",\"position\":4,\"name\":\"Spray-uri de corp\",\"item\":\"https:\\\/\\\/shopatoa.com\\\/ro\\\/spray-uri-de-corp\\\/\"},{\"@type\":\"ListItem\",\"position\":5,\"name\":\"Tom Ford Tuscan Leather &#8211; spray de corp 150 ml\"}]},{\"@type\":\"WebSite\",\"@id\":\"https:\\\/\\\/shopatoa.com\\\/ro\\\/#website\",\"url\":\"https:\\\/\\\/shopatoa.com\\\/ro\\\/\",\"name\":\"SHOPATOA\",\"description\":\"\",\"publisher\":{\"@id\":\"https:\\\/\\\/shopatoa.com\\\/ro\\\/#organization\"},\"potentialAction\":[{\"@type\":\"SearchAction\",\"target\":{\"@type\":\"EntryPoint\",\"urlTemplate\":\"https:\\\/\\\/shopatoa.com\\\/ro\\\/?s={search_term_string}\"},\"query-input\":{\"@type\":\"PropertyValueSpecification\",\"valueRequired\":true,\"valueName\":\"search_term_string\"}}],\"inLanguage\":\"ro-RO\"},{\"@type\":\"Organization\",\"@id\":\"https:\\\/\\\/shopatoa.com\\\/ro\\\/#organization\",\"name\":\"SHOPATOA\",\"url\":\"https:\\\/\\\/shopatoa.com\\\/ro\\\/\",\"logo\":{\"@type\":\"ImageObject\",\"inLanguage\":\"ro-RO\",\"@id\":\"https:\\\/\\\/shopatoa.com\\\/ro\\\/#\\\/schema\\\/logo\\\/image\\\/\",\"url\":\"https:\\\/\\\/storage.googleapis.com\\\/cz-shopatoa-img\\\/ro\\\/b4dac915-shopatoa_logo.png\",\"contentUrl\":\"https:\\\/\\\/storage.googleapis.com\\\/cz-shopatoa-img\\\/ro\\\/b4dac915-shopatoa_logo.png\",\"width\":416,\"height\":63,\"caption\":\"SHOPATOA\"},\"image\":{\"@id\":\"https:\\\/\\\/shopatoa.com\\\/ro\\\/#\\\/schema\\\/logo\\\/image\\\/\"}}]}<\/script>\n<!-- \/ Yoast SEO plugin. -->","yoast_head_json":{"title":"Tom Ford Tuscan Leather - spray de corp 150 ml - SHOPATOA.COM","robots":{"index":"index","follow":"follow","max-snippet":"max-snippet:-1","max-image-preview":"max-image-preview:large","max-video-preview":"max-video-preview:-1"},"canonical":"https:\/\/shopatoa.com\/ro\/tom-ford-tuscan-leather-spray-de-corp-150-ml\/","og_locale":"ro_RO","og_type":"article","og_title":"Tom Ford Tuscan Leather - spray de corp 150 ml - SHOPATOA.COM","og_description":"Tuscan Leather este un parfum nou at\u00e2t pentru femei, c\u00e2t \u0219i pentru b\u0103rba\u021bi. Capul parfumului este alc\u0103tuit din \u0219ofran, zmeur\u0103 \u0219i cimbru. \u00cen inim\u0103 ve\u021bi g\u0103si iasomie \u0219i t\u0103m\u00e2ie. Parfumul de piele este \u00eempletit cu note lemnoase, chihlimbar \u0219i piele de c\u0103prioar\u0103 \u00een baza sa. Tuscan Leather este un parfum senzual \u0219i extravagant, care va...","og_url":"https:\/\/shopatoa.com\/ro\/tom-ford-tuscan-leather-spray-de-corp-150-ml\/","og_site_name":"SHOPATOA","article_modified_time":"2025-12-15T08:44:01+00:00","og_image":[{"width":800,"height":800,"url":"https:\/\/storage.googleapis.com\/cz-shopatoa-img\/ro\/abccad8b-unnamed-file.webp","type":"image\/webp"}],"twitter_card":"summary_large_image","schema":{"@context":"https:\/\/schema.org","@graph":[{"@type":"WebPage","@id":"https:\/\/shopatoa.com\/ro\/tom-ford-tuscan-leather-spray-de-corp-150-ml\/","url":"https:\/\/shopatoa.com\/ro\/tom-ford-tuscan-leather-spray-de-corp-150-ml\/","name":"Tom Ford Tuscan Leather - spray de corp 150 ml - SHOPATOA.COM","isPartOf":{"@id":"https:\/\/shopatoa.com\/ro\/#website"},"primaryImageOfPage":{"@id":"https:\/\/shopatoa.com\/ro\/tom-ford-tuscan-leather-spray-de-corp-150-ml\/#primaryimage"},"image":{"@id":"https:\/\/shopatoa.com\/ro\/tom-ford-tuscan-leather-spray-de-corp-150-ml\/#primaryimage"},"thumbnailUrl":"https:\/\/storage.googleapis.com\/cz-shopatoa-img\/ro\/abccad8b-unnamed-file.webp","datePublished":"2025-04-29T18:55:46+00:00","dateModified":"2025-12-15T08:44:01+00:00","breadcrumb":{"@id":"https:\/\/shopatoa.com\/ro\/tom-ford-tuscan-leather-spray-de-corp-150-ml\/#breadcrumb"},"inLanguage":"ro-RO","potentialAction":[{"@type":"ReadAction","target":["https:\/\/shopatoa.com\/ro\/tom-ford-tuscan-leather-spray-de-corp-150-ml\/"]}]},{"@type":"ImageObject","inLanguage":"ro-RO","@id":"https:\/\/shopatoa.com\/ro\/tom-ford-tuscan-leather-spray-de-corp-150-ml\/#primaryimage","url":"https:\/\/storage.googleapis.com\/cz-shopatoa-img\/ro\/abccad8b-unnamed-file.webp","contentUrl":"https:\/\/storage.googleapis.com\/cz-shopatoa-img\/ro\/abccad8b-unnamed-file.webp","width":800,"height":800},{"@type":"BreadcrumbList","@id":"https:\/\/shopatoa.com\/ro\/tom-ford-tuscan-leather-spray-de-corp-150-ml\/#breadcrumb","itemListElement":[{"@type":"ListItem","position":1,"name":"Dom\u016f","item":"https:\/\/shopatoa.com\/ro\/"},{"@type":"ListItem","position":2,"name":"Shop","item":"https:\/\/shopatoa.com\/ro\/shop\/"},{"@type":"ListItem","position":3,"name":"Parfumuri","item":"https:\/\/shopatoa.com\/ro\/parfumuri\/"},{"@type":"ListItem","position":4,"name":"Spray-uri de corp","item":"https:\/\/shopatoa.com\/ro\/spray-uri-de-corp\/"},{"@type":"ListItem","position":5,"name":"Tom Ford Tuscan Leather &#8211; spray de corp 150 ml"}]},{"@type":"WebSite","@id":"https:\/\/shopatoa.com\/ro\/#website","url":"https:\/\/shopatoa.com\/ro\/","name":"SHOPATOA","description":"","publisher":{"@id":"https:\/\/shopatoa.com\/ro\/#organization"},"potentialAction":[{"@type":"SearchAction","target":{"@type":"EntryPoint","urlTemplate":"https:\/\/shopatoa.com\/ro\/?s={search_term_string}"},"query-input":{"@type":"PropertyValueSpecification","valueRequired":true,"valueName":"search_term_string"}}],"inLanguage":"ro-RO"},{"@type":"Organization","@id":"https:\/\/shopatoa.com\/ro\/#organization","name":"SHOPATOA","url":"https:\/\/shopatoa.com\/ro\/","logo":{"@type":"ImageObject","inLanguage":"ro-RO","@id":"https:\/\/shopatoa.com\/ro\/#\/schema\/logo\/image\/","url":"https:\/\/storage.googleapis.com\/cz-shopatoa-img\/ro\/b4dac915-shopatoa_logo.png","contentUrl":"https:\/\/storage.googleapis.com\/cz-shopatoa-img\/ro\/b4dac915-shopatoa_logo.png","width":416,"height":63,"caption":"SHOPATOA"},"image":{"@id":"https:\/\/shopatoa.com\/ro\/#\/schema\/logo\/image\/"}}]}},"_links":{"self":[{"href":"https:\/\/shopatoa.com\/ro\/wp-json\/wp\/v2\/product\/274324","targetHints":{"allow":["GET"]}}],"collection":[{"href":"https:\/\/shopatoa.com\/ro\/wp-json\/wp\/v2\/product"}],"about":[{"href":"https:\/\/shopatoa.com\/ro\/wp-json\/wp\/v2\/types\/product"}],"replies":[{"embeddable":true,"href":"https:\/\/shopatoa.com\/ro\/wp-json\/wp\/v2\/comments?post=274324"}],"wp:featuredmedia":[{"embeddable":true,"href":"https:\/\/shopatoa.com\/ro\/wp-json\/wp\/v2\/media\/274325"}],"wp:attachment":[{"href":"https:\/\/shopatoa.com\/ro\/wp-json\/wp\/v2\/media?parent=274324"}],"wp:term":[{"taxonomy":"product_brand","embeddable":true,"href":"https:\/\/shopatoa.com\/ro\/wp-json\/wp\/v2\/product_brand?post=274324"},{"taxonomy":"product_cat","embeddable":true,"href":"https:\/\/shopatoa.com\/ro\/wp-json\/wp\/v2\/product_cat?post=274324"},{"taxonomy":"product_tag","embeddable":true,"href":"https:\/\/shopatoa.com\/ro\/wp-json\/wp\/v2\/product_tag?post=274324"}],"curies":[{"name":"wp","href":"https:\/\/api.w.org\/{rel}","templated":true}]}}