{"id":274413,"date":"2025-04-29T21:11:46","date_gmt":"2025-04-29T19:11:46","guid":{"rendered":"https:\/\/shopatoa.com\/ro\/sebastian-professional-sampon-de-curatare-anti-matreata-pentru-barbati-seb-man-the-purist-purifying-shampoo-250-ml\/"},"modified":"2025-12-15T09:25:29","modified_gmt":"2025-12-15T08:25:29","slug":"sebastian-professional-sampon-de-curatare-anti-matreata-pentru-barbati-seb-man-the-purist-purifying-shampoo-250-ml","status":"publish","type":"product","link":"https:\/\/shopatoa.com\/ro\/sebastian-professional-sampon-de-curatare-anti-matreata-pentru-barbati-seb-man-the-purist-purifying-shampoo-250-ml\/","title":{"rendered":"Sebastian Professional Sampon de cur\u0103\u021bare anti.m\u0103trea\u021b\u0103 pentru b\u0103rba\u021bi SEB MAN The Purist (Purifying Shampoo) 250 ml"},"content":{"rendered":"<p>Sampon anti-m\u0103treat\u0103 pentru b\u0103rbati SEB MAN The Purist spal\u0103 eficient p\u0103rul in timp ce il ajut\u0103 s\u0103 lupte cu m\u0103treata. \u0218amponul reduce ro\u0219ea\u021ba \u0219i iritarea scalpului, \u00eent\u0103re\u0219te imunitatea p\u0103rului \u0219i ajut\u0103 la men\u021binerea p\u0103rului s\u0103n\u0103tos.<\/p>\n","protected":false},"excerpt":{"rendered":"<p>Sampon anti-m\u0103treat\u0103 pentru b\u0103rbati SEB MAN The Purist spal\u0103 eficient p\u0103rul in timp ce il ajut\u0103 s\u0103 lupte cu m\u0103treata. \u0218amponul reduce ro\u0219ea\u021ba \u0219i iritarea scalpului, \u00eent\u0103re\u0219te imunitatea p\u0103rului \u0219i ajut\u0103 la men\u021binerea p\u0103rului s\u0103n\u0103tos.<\/p>\n","protected":false},"featured_media":274414,"comment_status":"closed","ping_status":"open","template":"","meta":{"_acf_changed":false,"_kadence_starter_templates_imported_post":false,"_kad_post_transparent":"","_kad_post_title":"","_kad_post_layout":"","_kad_post_sidebar_id":"","_kad_post_content_style":"","_kad_post_vertical_padding":"","_kad_post_feature":"","_kad_post_feature_position":"","_kad_post_header":false,"_kad_post_footer":false,"_kad_post_classname":""},"product_brand":[348],"product_cat":[670,969,246],"product_tag":[],"class_list":{"0":"post-274413","1":"product","2":"type-product","3":"status-publish","4":"has-post-thumbnail","6":"product_brand-sebastian-professional","7":"product_cat-barber-shop","8":"product_cat-barber-shop-ingrijirea-parului","9":"product_cat-cosmetice","11":"first","12":"instock","13":"sale","14":"product-type-external","15":"entry","16":"content-bg","17":"loop-entry"},"acf":[],"yoast_head":"<!-- This site is optimized with the Yoast SEO plugin v27.4 - https:\/\/yoast.com\/product\/yoast-seo-wordpress\/ -->\n<title>Sebastian Professional Sampon de cur\u0103\u021bare anti.m\u0103trea\u021b\u0103 pentru b\u0103rba\u021bi SEB MAN The Purist (Purifying Shampoo) 250 ml - SHOPATOA.COM<\/title>\n<meta name=\"robots\" content=\"index, follow, max-snippet:-1, max-image-preview:large, max-video-preview:-1\" \/>\n<link rel=\"canonical\" href=\"https:\/\/shopatoa.com\/ro\/sebastian-professional-sampon-de-curatare-anti-matreata-pentru-barbati-seb-man-the-purist-purifying-shampoo-250-ml\/\" \/>\n<meta property=\"og:locale\" content=\"ro_RO\" \/>\n<meta property=\"og:type\" content=\"article\" \/>\n<meta property=\"og:title\" content=\"Sebastian Professional Sampon de cur\u0103\u021bare anti.m\u0103trea\u021b\u0103 pentru b\u0103rba\u021bi SEB MAN The Purist (Purifying Shampoo) 250 ml - SHOPATOA.COM\" \/>\n<meta property=\"og:description\" content=\"Sampon anti-m\u0103treat\u0103 pentru b\u0103rbati SEB MAN The Purist spal\u0103 eficient p\u0103rul in timp ce il ajut\u0103 s\u0103 lupte cu m\u0103treata. \u0218amponul reduce ro\u0219ea\u021ba \u0219i iritarea scalpului, \u00eent\u0103re\u0219te imunitatea p\u0103rului \u0219i ajut\u0103 la men\u021binerea p\u0103rului s\u0103n\u0103tos.\" \/>\n<meta property=\"og:url\" content=\"https:\/\/shopatoa.com\/ro\/sebastian-professional-sampon-de-curatare-anti-matreata-pentru-barbati-seb-man-the-purist-purifying-shampoo-250-ml\/\" \/>\n<meta property=\"og:site_name\" content=\"SHOPATOA\" \/>\n<meta property=\"article:modified_time\" content=\"2025-12-15T08:25:29+00:00\" \/>\n<meta property=\"og:image\" content=\"https:\/\/storage.googleapis.com\/cz-shopatoa-img\/ro\/baf9ebe8-unnamed-file.webp\" \/>\n\t<meta property=\"og:image:width\" content=\"800\" \/>\n\t<meta property=\"og:image:height\" content=\"800\" \/>\n\t<meta property=\"og:image:type\" content=\"image\/webp\" \/>\n<meta name=\"twitter:card\" content=\"summary_large_image\" \/>\n<script type=\"application\/ld+json\" class=\"yoast-schema-graph\">{\"@context\":\"https:\\\/\\\/schema.org\",\"@graph\":[{\"@type\":\"WebPage\",\"@id\":\"https:\\\/\\\/shopatoa.com\\\/ro\\\/sebastian-professional-sampon-de-curatare-anti-matreata-pentru-barbati-seb-man-the-purist-purifying-shampoo-250-ml\\\/\",\"url\":\"https:\\\/\\\/shopatoa.com\\\/ro\\\/sebastian-professional-sampon-de-curatare-anti-matreata-pentru-barbati-seb-man-the-purist-purifying-shampoo-250-ml\\\/\",\"name\":\"Sebastian Professional Sampon de cur\u0103\u021bare anti.m\u0103trea\u021b\u0103 pentru b\u0103rba\u021bi SEB MAN The Purist (Purifying Shampoo) 250 ml - SHOPATOA.COM\",\"isPartOf\":{\"@id\":\"https:\\\/\\\/shopatoa.com\\\/ro\\\/#website\"},\"primaryImageOfPage\":{\"@id\":\"https:\\\/\\\/shopatoa.com\\\/ro\\\/sebastian-professional-sampon-de-curatare-anti-matreata-pentru-barbati-seb-man-the-purist-purifying-shampoo-250-ml\\\/#primaryimage\"},\"image\":{\"@id\":\"https:\\\/\\\/shopatoa.com\\\/ro\\\/sebastian-professional-sampon-de-curatare-anti-matreata-pentru-barbati-seb-man-the-purist-purifying-shampoo-250-ml\\\/#primaryimage\"},\"thumbnailUrl\":\"https:\\\/\\\/storage.googleapis.com\\\/cz-shopatoa-img\\\/ro\\\/baf9ebe8-unnamed-file.webp\",\"datePublished\":\"2025-04-29T19:11:46+00:00\",\"dateModified\":\"2025-12-15T08:25:29+00:00\",\"breadcrumb\":{\"@id\":\"https:\\\/\\\/shopatoa.com\\\/ro\\\/sebastian-professional-sampon-de-curatare-anti-matreata-pentru-barbati-seb-man-the-purist-purifying-shampoo-250-ml\\\/#breadcrumb\"},\"inLanguage\":\"ro-RO\",\"potentialAction\":[{\"@type\":\"ReadAction\",\"target\":[\"https:\\\/\\\/shopatoa.com\\\/ro\\\/sebastian-professional-sampon-de-curatare-anti-matreata-pentru-barbati-seb-man-the-purist-purifying-shampoo-250-ml\\\/\"]}]},{\"@type\":\"ImageObject\",\"inLanguage\":\"ro-RO\",\"@id\":\"https:\\\/\\\/shopatoa.com\\\/ro\\\/sebastian-professional-sampon-de-curatare-anti-matreata-pentru-barbati-seb-man-the-purist-purifying-shampoo-250-ml\\\/#primaryimage\",\"url\":\"https:\\\/\\\/storage.googleapis.com\\\/cz-shopatoa-img\\\/ro\\\/baf9ebe8-unnamed-file.webp\",\"contentUrl\":\"https:\\\/\\\/storage.googleapis.com\\\/cz-shopatoa-img\\\/ro\\\/baf9ebe8-unnamed-file.webp\",\"width\":800,\"height\":800},{\"@type\":\"BreadcrumbList\",\"@id\":\"https:\\\/\\\/shopatoa.com\\\/ro\\\/sebastian-professional-sampon-de-curatare-anti-matreata-pentru-barbati-seb-man-the-purist-purifying-shampoo-250-ml\\\/#breadcrumb\",\"itemListElement\":[{\"@type\":\"ListItem\",\"position\":1,\"name\":\"Dom\u016f\",\"item\":\"https:\\\/\\\/shopatoa.com\\\/ro\\\/\"},{\"@type\":\"ListItem\",\"position\":2,\"name\":\"Shop\",\"item\":\"https:\\\/\\\/shopatoa.com\\\/ro\\\/shop\\\/\"},{\"@type\":\"ListItem\",\"position\":3,\"name\":\"Cosmetice\",\"item\":\"https:\\\/\\\/shopatoa.com\\\/ro\\\/cosmetice\\\/\"},{\"@type\":\"ListItem\",\"position\":4,\"name\":\"Barber Shop\",\"item\":\"https:\\\/\\\/shopatoa.com\\\/ro\\\/barber-shop\\\/\"},{\"@type\":\"ListItem\",\"position\":5,\"name\":\"Barber Shop \u2013 ingrijirea p\u0103rului\",\"item\":\"https:\\\/\\\/shopatoa.com\\\/ro\\\/barber-shop-ingrijirea-parului\\\/\"},{\"@type\":\"ListItem\",\"position\":6,\"name\":\"Sebastian Professional Sampon de cur\u0103\u021bare anti.m\u0103trea\u021b\u0103 pentru b\u0103rba\u021bi SEB MAN The Purist (Purifying Shampoo) 250 ml\"}]},{\"@type\":\"WebSite\",\"@id\":\"https:\\\/\\\/shopatoa.com\\\/ro\\\/#website\",\"url\":\"https:\\\/\\\/shopatoa.com\\\/ro\\\/\",\"name\":\"SHOPATOA\",\"description\":\"\",\"publisher\":{\"@id\":\"https:\\\/\\\/shopatoa.com\\\/ro\\\/#organization\"},\"potentialAction\":[{\"@type\":\"SearchAction\",\"target\":{\"@type\":\"EntryPoint\",\"urlTemplate\":\"https:\\\/\\\/shopatoa.com\\\/ro\\\/?s={search_term_string}\"},\"query-input\":{\"@type\":\"PropertyValueSpecification\",\"valueRequired\":true,\"valueName\":\"search_term_string\"}}],\"inLanguage\":\"ro-RO\"},{\"@type\":\"Organization\",\"@id\":\"https:\\\/\\\/shopatoa.com\\\/ro\\\/#organization\",\"name\":\"SHOPATOA\",\"url\":\"https:\\\/\\\/shopatoa.com\\\/ro\\\/\",\"logo\":{\"@type\":\"ImageObject\",\"inLanguage\":\"ro-RO\",\"@id\":\"https:\\\/\\\/shopatoa.com\\\/ro\\\/#\\\/schema\\\/logo\\\/image\\\/\",\"url\":\"https:\\\/\\\/storage.googleapis.com\\\/cz-shopatoa-img\\\/ro\\\/b4dac915-shopatoa_logo.png\",\"contentUrl\":\"https:\\\/\\\/storage.googleapis.com\\\/cz-shopatoa-img\\\/ro\\\/b4dac915-shopatoa_logo.png\",\"width\":416,\"height\":63,\"caption\":\"SHOPATOA\"},\"image\":{\"@id\":\"https:\\\/\\\/shopatoa.com\\\/ro\\\/#\\\/schema\\\/logo\\\/image\\\/\"}}]}<\/script>\n<!-- \/ Yoast SEO plugin. -->","yoast_head_json":{"title":"Sebastian Professional Sampon de cur\u0103\u021bare anti.m\u0103trea\u021b\u0103 pentru b\u0103rba\u021bi SEB MAN The Purist (Purifying Shampoo) 250 ml - SHOPATOA.COM","robots":{"index":"index","follow":"follow","max-snippet":"max-snippet:-1","max-image-preview":"max-image-preview:large","max-video-preview":"max-video-preview:-1"},"canonical":"https:\/\/shopatoa.com\/ro\/sebastian-professional-sampon-de-curatare-anti-matreata-pentru-barbati-seb-man-the-purist-purifying-shampoo-250-ml\/","og_locale":"ro_RO","og_type":"article","og_title":"Sebastian Professional Sampon de cur\u0103\u021bare anti.m\u0103trea\u021b\u0103 pentru b\u0103rba\u021bi SEB MAN The Purist (Purifying Shampoo) 250 ml - SHOPATOA.COM","og_description":"Sampon anti-m\u0103treat\u0103 pentru b\u0103rbati SEB MAN The Purist spal\u0103 eficient p\u0103rul in timp ce il ajut\u0103 s\u0103 lupte cu m\u0103treata. \u0218amponul reduce ro\u0219ea\u021ba \u0219i iritarea scalpului, \u00eent\u0103re\u0219te imunitatea p\u0103rului \u0219i ajut\u0103 la men\u021binerea p\u0103rului s\u0103n\u0103tos.","og_url":"https:\/\/shopatoa.com\/ro\/sebastian-professional-sampon-de-curatare-anti-matreata-pentru-barbati-seb-man-the-purist-purifying-shampoo-250-ml\/","og_site_name":"SHOPATOA","article_modified_time":"2025-12-15T08:25:29+00:00","og_image":[{"width":800,"height":800,"url":"https:\/\/storage.googleapis.com\/cz-shopatoa-img\/ro\/baf9ebe8-unnamed-file.webp","type":"image\/webp"}],"twitter_card":"summary_large_image","schema":{"@context":"https:\/\/schema.org","@graph":[{"@type":"WebPage","@id":"https:\/\/shopatoa.com\/ro\/sebastian-professional-sampon-de-curatare-anti-matreata-pentru-barbati-seb-man-the-purist-purifying-shampoo-250-ml\/","url":"https:\/\/shopatoa.com\/ro\/sebastian-professional-sampon-de-curatare-anti-matreata-pentru-barbati-seb-man-the-purist-purifying-shampoo-250-ml\/","name":"Sebastian Professional Sampon de cur\u0103\u021bare anti.m\u0103trea\u021b\u0103 pentru b\u0103rba\u021bi SEB MAN The Purist (Purifying Shampoo) 250 ml - SHOPATOA.COM","isPartOf":{"@id":"https:\/\/shopatoa.com\/ro\/#website"},"primaryImageOfPage":{"@id":"https:\/\/shopatoa.com\/ro\/sebastian-professional-sampon-de-curatare-anti-matreata-pentru-barbati-seb-man-the-purist-purifying-shampoo-250-ml\/#primaryimage"},"image":{"@id":"https:\/\/shopatoa.com\/ro\/sebastian-professional-sampon-de-curatare-anti-matreata-pentru-barbati-seb-man-the-purist-purifying-shampoo-250-ml\/#primaryimage"},"thumbnailUrl":"https:\/\/storage.googleapis.com\/cz-shopatoa-img\/ro\/baf9ebe8-unnamed-file.webp","datePublished":"2025-04-29T19:11:46+00:00","dateModified":"2025-12-15T08:25:29+00:00","breadcrumb":{"@id":"https:\/\/shopatoa.com\/ro\/sebastian-professional-sampon-de-curatare-anti-matreata-pentru-barbati-seb-man-the-purist-purifying-shampoo-250-ml\/#breadcrumb"},"inLanguage":"ro-RO","potentialAction":[{"@type":"ReadAction","target":["https:\/\/shopatoa.com\/ro\/sebastian-professional-sampon-de-curatare-anti-matreata-pentru-barbati-seb-man-the-purist-purifying-shampoo-250-ml\/"]}]},{"@type":"ImageObject","inLanguage":"ro-RO","@id":"https:\/\/shopatoa.com\/ro\/sebastian-professional-sampon-de-curatare-anti-matreata-pentru-barbati-seb-man-the-purist-purifying-shampoo-250-ml\/#primaryimage","url":"https:\/\/storage.googleapis.com\/cz-shopatoa-img\/ro\/baf9ebe8-unnamed-file.webp","contentUrl":"https:\/\/storage.googleapis.com\/cz-shopatoa-img\/ro\/baf9ebe8-unnamed-file.webp","width":800,"height":800},{"@type":"BreadcrumbList","@id":"https:\/\/shopatoa.com\/ro\/sebastian-professional-sampon-de-curatare-anti-matreata-pentru-barbati-seb-man-the-purist-purifying-shampoo-250-ml\/#breadcrumb","itemListElement":[{"@type":"ListItem","position":1,"name":"Dom\u016f","item":"https:\/\/shopatoa.com\/ro\/"},{"@type":"ListItem","position":2,"name":"Shop","item":"https:\/\/shopatoa.com\/ro\/shop\/"},{"@type":"ListItem","position":3,"name":"Cosmetice","item":"https:\/\/shopatoa.com\/ro\/cosmetice\/"},{"@type":"ListItem","position":4,"name":"Barber Shop","item":"https:\/\/shopatoa.com\/ro\/barber-shop\/"},{"@type":"ListItem","position":5,"name":"Barber Shop \u2013 ingrijirea p\u0103rului","item":"https:\/\/shopatoa.com\/ro\/barber-shop-ingrijirea-parului\/"},{"@type":"ListItem","position":6,"name":"Sebastian Professional Sampon de cur\u0103\u021bare anti.m\u0103trea\u021b\u0103 pentru b\u0103rba\u021bi SEB MAN The Purist (Purifying Shampoo) 250 ml"}]},{"@type":"WebSite","@id":"https:\/\/shopatoa.com\/ro\/#website","url":"https:\/\/shopatoa.com\/ro\/","name":"SHOPATOA","description":"","publisher":{"@id":"https:\/\/shopatoa.com\/ro\/#organization"},"potentialAction":[{"@type":"SearchAction","target":{"@type":"EntryPoint","urlTemplate":"https:\/\/shopatoa.com\/ro\/?s={search_term_string}"},"query-input":{"@type":"PropertyValueSpecification","valueRequired":true,"valueName":"search_term_string"}}],"inLanguage":"ro-RO"},{"@type":"Organization","@id":"https:\/\/shopatoa.com\/ro\/#organization","name":"SHOPATOA","url":"https:\/\/shopatoa.com\/ro\/","logo":{"@type":"ImageObject","inLanguage":"ro-RO","@id":"https:\/\/shopatoa.com\/ro\/#\/schema\/logo\/image\/","url":"https:\/\/storage.googleapis.com\/cz-shopatoa-img\/ro\/b4dac915-shopatoa_logo.png","contentUrl":"https:\/\/storage.googleapis.com\/cz-shopatoa-img\/ro\/b4dac915-shopatoa_logo.png","width":416,"height":63,"caption":"SHOPATOA"},"image":{"@id":"https:\/\/shopatoa.com\/ro\/#\/schema\/logo\/image\/"}}]}},"_links":{"self":[{"href":"https:\/\/shopatoa.com\/ro\/wp-json\/wp\/v2\/product\/274413","targetHints":{"allow":["GET"]}}],"collection":[{"href":"https:\/\/shopatoa.com\/ro\/wp-json\/wp\/v2\/product"}],"about":[{"href":"https:\/\/shopatoa.com\/ro\/wp-json\/wp\/v2\/types\/product"}],"replies":[{"embeddable":true,"href":"https:\/\/shopatoa.com\/ro\/wp-json\/wp\/v2\/comments?post=274413"}],"wp:featuredmedia":[{"embeddable":true,"href":"https:\/\/shopatoa.com\/ro\/wp-json\/wp\/v2\/media\/274414"}],"wp:attachment":[{"href":"https:\/\/shopatoa.com\/ro\/wp-json\/wp\/v2\/media?parent=274413"}],"wp:term":[{"taxonomy":"product_brand","embeddable":true,"href":"https:\/\/shopatoa.com\/ro\/wp-json\/wp\/v2\/product_brand?post=274413"},{"taxonomy":"product_cat","embeddable":true,"href":"https:\/\/shopatoa.com\/ro\/wp-json\/wp\/v2\/product_cat?post=274413"},{"taxonomy":"product_tag","embeddable":true,"href":"https:\/\/shopatoa.com\/ro\/wp-json\/wp\/v2\/product_tag?post=274413"}],"curies":[{"name":"wp","href":"https:\/\/api.w.org\/{rel}","templated":true}]}}