{"id":274523,"date":"2025-04-29T21:35:26","date_gmt":"2025-04-29T19:35:26","guid":{"rendered":"https:\/\/shopatoa.com\/ro\/mac-cosmetics-iluminator-prep-prime-highlighter-36-ml-01-light-boost\/"},"modified":"2025-12-15T09:15:15","modified_gmt":"2025-12-15T08:15:15","slug":"mac-cosmetics-iluminator-prep-prime-highlighter-36-ml-01-light-boost","status":"publish","type":"product","link":"https:\/\/shopatoa.com\/ro\/mac-cosmetics-iluminator-prep-prime-highlighter-36-ml-01-light-boost\/","title":{"rendered":"MAC Cosmetics Iluminator Prep + Prime (Highlighter) 3,6 ml 01 Light Boost"},"content":{"rendered":"<p>Iluminatorul lumineaz\u0103 pielea cu o not\u0103 u\u0219oar\u0103 de culoare. Aplica\u021bia precis\u0103 v\u0103 permite s\u0103 lumina\u021bi doar zonele selectate. Este foarte u\u0219or de aplicat. Acest iluminator va estompa \u00een mod juc\u0103u\u0219 orice pete \u00eentunecate din jurul ochilor \u0219i \u00een alte p\u0103r\u021bi ale fe\u021bei. V\u0103 permite s\u0103 eviden\u021bia\u021bi p\u0103r\u021bile dorite \u0219i s\u0103 modela\u021bi optic fa\u021ba.<\/p>\n","protected":false},"excerpt":{"rendered":"<p>Iluminatorul lumineaz\u0103 pielea cu o not\u0103 u\u0219oar\u0103 de culoare. Aplica\u021bia precis\u0103 v\u0103 permite s\u0103 lumina\u021bi doar zonele selectate. Este foarte u\u0219or de aplicat. Acest iluminator va estompa \u00een mod juc\u0103u\u0219 orice pete \u00eentunecate din jurul ochilor \u0219i \u00een alte p\u0103r\u021bi ale fe\u021bei. V\u0103 permite s\u0103 eviden\u021bia\u021bi p\u0103r\u021bile dorite \u0219i s\u0103 modela\u021bi optic fa\u021ba.<\/p>\n","protected":false},"featured_media":274524,"comment_status":"closed","ping_status":"open","template":"","meta":{"_acf_changed":false,"_kadence_starter_templates_imported_post":false,"_kad_post_transparent":"","_kad_post_title":"","_kad_post_layout":"","_kad_post_sidebar_id":"","_kad_post_content_style":"","_kad_post_vertical_padding":"","_kad_post_feature":"","_kad_post_feature_position":"","_kad_post_header":false,"_kad_post_footer":false,"_kad_post_classname":""},"product_brand":[242],"product_cat":[686,246,609,616],"product_tag":[],"class_list":{"0":"post-274523","1":"product","2":"type-product","3":"status-publish","4":"has-post-thumbnail","6":"product_brand-mac-cosmetics","7":"product_cat-corector-de-ten-set-contur","8":"product_cat-cosmetice","9":"product_cat-cosmetice-decorative","10":"product_cat-machiaj-pentru-fata","12":"first","13":"instock","14":"product-type-external","15":"entry","16":"content-bg","17":"loop-entry"},"acf":[],"yoast_head":"<!-- This site is optimized with the Yoast SEO plugin v27.3 - https:\/\/yoast.com\/product\/yoast-seo-wordpress\/ -->\n<title>MAC Cosmetics Iluminator Prep + Prime (Highlighter) 3,6 ml 01 Light Boost - SHOPATOA.COM<\/title>\n<meta name=\"robots\" content=\"index, follow, max-snippet:-1, max-image-preview:large, max-video-preview:-1\" \/>\n<link rel=\"canonical\" href=\"https:\/\/shopatoa.com\/ro\/mac-cosmetics-iluminator-prep-prime-highlighter-36-ml-01-light-boost\/\" \/>\n<meta property=\"og:locale\" content=\"ro_RO\" \/>\n<meta property=\"og:type\" content=\"article\" \/>\n<meta property=\"og:title\" content=\"MAC Cosmetics Iluminator Prep + Prime (Highlighter) 3,6 ml 01 Light Boost - SHOPATOA.COM\" \/>\n<meta property=\"og:description\" content=\"Iluminatorul lumineaz\u0103 pielea cu o not\u0103 u\u0219oar\u0103 de culoare. Aplica\u021bia precis\u0103 v\u0103 permite s\u0103 lumina\u021bi doar zonele selectate. Este foarte u\u0219or de aplicat. Acest iluminator va estompa \u00een mod juc\u0103u\u0219 orice pete \u00eentunecate din jurul ochilor \u0219i \u00een alte p\u0103r\u021bi ale fe\u021bei. V\u0103 permite s\u0103 eviden\u021bia\u021bi p\u0103r\u021bile dorite \u0219i s\u0103 modela\u021bi optic fa\u021ba.\" \/>\n<meta property=\"og:url\" content=\"https:\/\/shopatoa.com\/ro\/mac-cosmetics-iluminator-prep-prime-highlighter-36-ml-01-light-boost\/\" \/>\n<meta property=\"og:site_name\" content=\"SHOPATOA\" \/>\n<meta property=\"article:modified_time\" content=\"2025-12-15T08:15:15+00:00\" \/>\n<meta property=\"og:image\" content=\"https:\/\/storage.googleapis.com\/cz-shopatoa-img\/ro\/df284149-unnamed-file.webp\" \/>\n\t<meta property=\"og:image:width\" content=\"800\" \/>\n\t<meta property=\"og:image:height\" content=\"800\" \/>\n\t<meta property=\"og:image:type\" content=\"image\/webp\" \/>\n<meta name=\"twitter:card\" content=\"summary_large_image\" \/>\n<script type=\"application\/ld+json\" class=\"yoast-schema-graph\">{\"@context\":\"https:\\\/\\\/schema.org\",\"@graph\":[{\"@type\":\"WebPage\",\"@id\":\"https:\\\/\\\/shopatoa.com\\\/ro\\\/mac-cosmetics-iluminator-prep-prime-highlighter-36-ml-01-light-boost\\\/\",\"url\":\"https:\\\/\\\/shopatoa.com\\\/ro\\\/mac-cosmetics-iluminator-prep-prime-highlighter-36-ml-01-light-boost\\\/\",\"name\":\"MAC Cosmetics Iluminator Prep + Prime (Highlighter) 3,6 ml 01 Light Boost - SHOPATOA.COM\",\"isPartOf\":{\"@id\":\"https:\\\/\\\/shopatoa.com\\\/ro\\\/#website\"},\"primaryImageOfPage\":{\"@id\":\"https:\\\/\\\/shopatoa.com\\\/ro\\\/mac-cosmetics-iluminator-prep-prime-highlighter-36-ml-01-light-boost\\\/#primaryimage\"},\"image\":{\"@id\":\"https:\\\/\\\/shopatoa.com\\\/ro\\\/mac-cosmetics-iluminator-prep-prime-highlighter-36-ml-01-light-boost\\\/#primaryimage\"},\"thumbnailUrl\":\"https:\\\/\\\/storage.googleapis.com\\\/cz-shopatoa-img\\\/ro\\\/df284149-unnamed-file.webp\",\"datePublished\":\"2025-04-29T19:35:26+00:00\",\"dateModified\":\"2025-12-15T08:15:15+00:00\",\"breadcrumb\":{\"@id\":\"https:\\\/\\\/shopatoa.com\\\/ro\\\/mac-cosmetics-iluminator-prep-prime-highlighter-36-ml-01-light-boost\\\/#breadcrumb\"},\"inLanguage\":\"ro-RO\",\"potentialAction\":[{\"@type\":\"ReadAction\",\"target\":[\"https:\\\/\\\/shopatoa.com\\\/ro\\\/mac-cosmetics-iluminator-prep-prime-highlighter-36-ml-01-light-boost\\\/\"]}]},{\"@type\":\"ImageObject\",\"inLanguage\":\"ro-RO\",\"@id\":\"https:\\\/\\\/shopatoa.com\\\/ro\\\/mac-cosmetics-iluminator-prep-prime-highlighter-36-ml-01-light-boost\\\/#primaryimage\",\"url\":\"https:\\\/\\\/storage.googleapis.com\\\/cz-shopatoa-img\\\/ro\\\/df284149-unnamed-file.webp\",\"contentUrl\":\"https:\\\/\\\/storage.googleapis.com\\\/cz-shopatoa-img\\\/ro\\\/df284149-unnamed-file.webp\",\"width\":800,\"height\":800},{\"@type\":\"BreadcrumbList\",\"@id\":\"https:\\\/\\\/shopatoa.com\\\/ro\\\/mac-cosmetics-iluminator-prep-prime-highlighter-36-ml-01-light-boost\\\/#breadcrumb\",\"itemListElement\":[{\"@type\":\"ListItem\",\"position\":1,\"name\":\"Dom\u016f\",\"item\":\"https:\\\/\\\/shopatoa.com\\\/ro\\\/\"},{\"@type\":\"ListItem\",\"position\":2,\"name\":\"Shop\",\"item\":\"https:\\\/\\\/shopatoa.com\\\/ro\\\/shop\\\/\"},{\"@type\":\"ListItem\",\"position\":3,\"name\":\"Cosmetice\",\"item\":\"https:\\\/\\\/shopatoa.com\\\/ro\\\/cosmetice\\\/\"},{\"@type\":\"ListItem\",\"position\":4,\"name\":\"Cosmetice decorative\",\"item\":\"https:\\\/\\\/shopatoa.com\\\/ro\\\/cosmetice-decorative\\\/\"},{\"@type\":\"ListItem\",\"position\":5,\"name\":\"Machiaj pentru fa\u021ba\",\"item\":\"https:\\\/\\\/shopatoa.com\\\/ro\\\/machiaj-pentru-fata\\\/\"},{\"@type\":\"ListItem\",\"position\":6,\"name\":\"Corector de ten, set contur\",\"item\":\"https:\\\/\\\/shopatoa.com\\\/ro\\\/corector-de-ten-set-contur\\\/\"},{\"@type\":\"ListItem\",\"position\":7,\"name\":\"MAC Cosmetics Iluminator Prep + Prime (Highlighter) 3,6 ml 01 Light Boost\"}]},{\"@type\":\"WebSite\",\"@id\":\"https:\\\/\\\/shopatoa.com\\\/ro\\\/#website\",\"url\":\"https:\\\/\\\/shopatoa.com\\\/ro\\\/\",\"name\":\"SHOPATOA\",\"description\":\"\",\"publisher\":{\"@id\":\"https:\\\/\\\/shopatoa.com\\\/ro\\\/#organization\"},\"potentialAction\":[{\"@type\":\"SearchAction\",\"target\":{\"@type\":\"EntryPoint\",\"urlTemplate\":\"https:\\\/\\\/shopatoa.com\\\/ro\\\/?s={search_term_string}\"},\"query-input\":{\"@type\":\"PropertyValueSpecification\",\"valueRequired\":true,\"valueName\":\"search_term_string\"}}],\"inLanguage\":\"ro-RO\"},{\"@type\":\"Organization\",\"@id\":\"https:\\\/\\\/shopatoa.com\\\/ro\\\/#organization\",\"name\":\"SHOPATOA\",\"url\":\"https:\\\/\\\/shopatoa.com\\\/ro\\\/\",\"logo\":{\"@type\":\"ImageObject\",\"inLanguage\":\"ro-RO\",\"@id\":\"https:\\\/\\\/shopatoa.com\\\/ro\\\/#\\\/schema\\\/logo\\\/image\\\/\",\"url\":\"https:\\\/\\\/storage.googleapis.com\\\/cz-shopatoa-img\\\/ro\\\/b4dac915-shopatoa_logo.png\",\"contentUrl\":\"https:\\\/\\\/storage.googleapis.com\\\/cz-shopatoa-img\\\/ro\\\/b4dac915-shopatoa_logo.png\",\"width\":416,\"height\":63,\"caption\":\"SHOPATOA\"},\"image\":{\"@id\":\"https:\\\/\\\/shopatoa.com\\\/ro\\\/#\\\/schema\\\/logo\\\/image\\\/\"}}]}<\/script>\n<!-- \/ Yoast SEO plugin. -->","yoast_head_json":{"title":"MAC Cosmetics Iluminator Prep + Prime (Highlighter) 3,6 ml 01 Light Boost - SHOPATOA.COM","robots":{"index":"index","follow":"follow","max-snippet":"max-snippet:-1","max-image-preview":"max-image-preview:large","max-video-preview":"max-video-preview:-1"},"canonical":"https:\/\/shopatoa.com\/ro\/mac-cosmetics-iluminator-prep-prime-highlighter-36-ml-01-light-boost\/","og_locale":"ro_RO","og_type":"article","og_title":"MAC Cosmetics Iluminator Prep + Prime (Highlighter) 3,6 ml 01 Light Boost - SHOPATOA.COM","og_description":"Iluminatorul lumineaz\u0103 pielea cu o not\u0103 u\u0219oar\u0103 de culoare. Aplica\u021bia precis\u0103 v\u0103 permite s\u0103 lumina\u021bi doar zonele selectate. Este foarte u\u0219or de aplicat. Acest iluminator va estompa \u00een mod juc\u0103u\u0219 orice pete \u00eentunecate din jurul ochilor \u0219i \u00een alte p\u0103r\u021bi ale fe\u021bei. V\u0103 permite s\u0103 eviden\u021bia\u021bi p\u0103r\u021bile dorite \u0219i s\u0103 modela\u021bi optic fa\u021ba.","og_url":"https:\/\/shopatoa.com\/ro\/mac-cosmetics-iluminator-prep-prime-highlighter-36-ml-01-light-boost\/","og_site_name":"SHOPATOA","article_modified_time":"2025-12-15T08:15:15+00:00","og_image":[{"width":800,"height":800,"url":"https:\/\/storage.googleapis.com\/cz-shopatoa-img\/ro\/df284149-unnamed-file.webp","type":"image\/webp"}],"twitter_card":"summary_large_image","schema":{"@context":"https:\/\/schema.org","@graph":[{"@type":"WebPage","@id":"https:\/\/shopatoa.com\/ro\/mac-cosmetics-iluminator-prep-prime-highlighter-36-ml-01-light-boost\/","url":"https:\/\/shopatoa.com\/ro\/mac-cosmetics-iluminator-prep-prime-highlighter-36-ml-01-light-boost\/","name":"MAC Cosmetics Iluminator Prep + Prime (Highlighter) 3,6 ml 01 Light Boost - SHOPATOA.COM","isPartOf":{"@id":"https:\/\/shopatoa.com\/ro\/#website"},"primaryImageOfPage":{"@id":"https:\/\/shopatoa.com\/ro\/mac-cosmetics-iluminator-prep-prime-highlighter-36-ml-01-light-boost\/#primaryimage"},"image":{"@id":"https:\/\/shopatoa.com\/ro\/mac-cosmetics-iluminator-prep-prime-highlighter-36-ml-01-light-boost\/#primaryimage"},"thumbnailUrl":"https:\/\/storage.googleapis.com\/cz-shopatoa-img\/ro\/df284149-unnamed-file.webp","datePublished":"2025-04-29T19:35:26+00:00","dateModified":"2025-12-15T08:15:15+00:00","breadcrumb":{"@id":"https:\/\/shopatoa.com\/ro\/mac-cosmetics-iluminator-prep-prime-highlighter-36-ml-01-light-boost\/#breadcrumb"},"inLanguage":"ro-RO","potentialAction":[{"@type":"ReadAction","target":["https:\/\/shopatoa.com\/ro\/mac-cosmetics-iluminator-prep-prime-highlighter-36-ml-01-light-boost\/"]}]},{"@type":"ImageObject","inLanguage":"ro-RO","@id":"https:\/\/shopatoa.com\/ro\/mac-cosmetics-iluminator-prep-prime-highlighter-36-ml-01-light-boost\/#primaryimage","url":"https:\/\/storage.googleapis.com\/cz-shopatoa-img\/ro\/df284149-unnamed-file.webp","contentUrl":"https:\/\/storage.googleapis.com\/cz-shopatoa-img\/ro\/df284149-unnamed-file.webp","width":800,"height":800},{"@type":"BreadcrumbList","@id":"https:\/\/shopatoa.com\/ro\/mac-cosmetics-iluminator-prep-prime-highlighter-36-ml-01-light-boost\/#breadcrumb","itemListElement":[{"@type":"ListItem","position":1,"name":"Dom\u016f","item":"https:\/\/shopatoa.com\/ro\/"},{"@type":"ListItem","position":2,"name":"Shop","item":"https:\/\/shopatoa.com\/ro\/shop\/"},{"@type":"ListItem","position":3,"name":"Cosmetice","item":"https:\/\/shopatoa.com\/ro\/cosmetice\/"},{"@type":"ListItem","position":4,"name":"Cosmetice decorative","item":"https:\/\/shopatoa.com\/ro\/cosmetice-decorative\/"},{"@type":"ListItem","position":5,"name":"Machiaj pentru fa\u021ba","item":"https:\/\/shopatoa.com\/ro\/machiaj-pentru-fata\/"},{"@type":"ListItem","position":6,"name":"Corector de ten, set contur","item":"https:\/\/shopatoa.com\/ro\/corector-de-ten-set-contur\/"},{"@type":"ListItem","position":7,"name":"MAC Cosmetics Iluminator Prep + Prime (Highlighter) 3,6 ml 01 Light Boost"}]},{"@type":"WebSite","@id":"https:\/\/shopatoa.com\/ro\/#website","url":"https:\/\/shopatoa.com\/ro\/","name":"SHOPATOA","description":"","publisher":{"@id":"https:\/\/shopatoa.com\/ro\/#organization"},"potentialAction":[{"@type":"SearchAction","target":{"@type":"EntryPoint","urlTemplate":"https:\/\/shopatoa.com\/ro\/?s={search_term_string}"},"query-input":{"@type":"PropertyValueSpecification","valueRequired":true,"valueName":"search_term_string"}}],"inLanguage":"ro-RO"},{"@type":"Organization","@id":"https:\/\/shopatoa.com\/ro\/#organization","name":"SHOPATOA","url":"https:\/\/shopatoa.com\/ro\/","logo":{"@type":"ImageObject","inLanguage":"ro-RO","@id":"https:\/\/shopatoa.com\/ro\/#\/schema\/logo\/image\/","url":"https:\/\/storage.googleapis.com\/cz-shopatoa-img\/ro\/b4dac915-shopatoa_logo.png","contentUrl":"https:\/\/storage.googleapis.com\/cz-shopatoa-img\/ro\/b4dac915-shopatoa_logo.png","width":416,"height":63,"caption":"SHOPATOA"},"image":{"@id":"https:\/\/shopatoa.com\/ro\/#\/schema\/logo\/image\/"}}]}},"_links":{"self":[{"href":"https:\/\/shopatoa.com\/ro\/wp-json\/wp\/v2\/product\/274523","targetHints":{"allow":["GET"]}}],"collection":[{"href":"https:\/\/shopatoa.com\/ro\/wp-json\/wp\/v2\/product"}],"about":[{"href":"https:\/\/shopatoa.com\/ro\/wp-json\/wp\/v2\/types\/product"}],"replies":[{"embeddable":true,"href":"https:\/\/shopatoa.com\/ro\/wp-json\/wp\/v2\/comments?post=274523"}],"wp:featuredmedia":[{"embeddable":true,"href":"https:\/\/shopatoa.com\/ro\/wp-json\/wp\/v2\/media\/274524"}],"wp:attachment":[{"href":"https:\/\/shopatoa.com\/ro\/wp-json\/wp\/v2\/media?parent=274523"}],"wp:term":[{"taxonomy":"product_brand","embeddable":true,"href":"https:\/\/shopatoa.com\/ro\/wp-json\/wp\/v2\/product_brand?post=274523"},{"taxonomy":"product_cat","embeddable":true,"href":"https:\/\/shopatoa.com\/ro\/wp-json\/wp\/v2\/product_cat?post=274523"},{"taxonomy":"product_tag","embeddable":true,"href":"https:\/\/shopatoa.com\/ro\/wp-json\/wp\/v2\/product_tag?post=274523"}],"curies":[{"name":"wp","href":"https:\/\/api.w.org\/{rel}","templated":true}]}}