{"id":274649,"date":"2025-04-29T22:01:14","date_gmt":"2025-04-29T20:01:14","guid":{"rendered":"https:\/\/shopatoa.com\/ro\/omron-manseta-cs2-pentru-copii-17-22-cm\/"},"modified":"2025-12-15T08:55:58","modified_gmt":"2025-12-15T07:55:58","slug":"omron-manseta-cs2-pentru-copii-17-22-cm","status":"publish","type":"product","link":"https:\/\/shopatoa.com\/ro\/omron-manseta-cs2-pentru-copii-17-22-cm\/","title":{"rendered":"Omron Man\u0219et\u0103 CS2 pentru copii 17-22 cm"},"content":{"rendered":"<p>Man\u0219eta pentru copii CS2 este accesoriul original de marc\u0103 pentru m\u0103surarea tensiunii arteriale la copii. Man\u0219eta pentru copii este potrivit\u0103 pentru o circumferin\u021b\u0103 a bra\u021bului de 17 &#8211; 22 cm. Designul moale al man\u0219etei \u00eel face u\u0219or de pus. Datorit\u0103 designului s\u0103u moale, man\u0219eta se adapteaz\u0103 cu u\u0219urin\u021b\u0103 oric\u0103rei forme de bra\u021b. Man\u0219eta este u\u0219or de pus \u0219i de str\u00e2ns. Anatomic, un singur tub. L\u0103\u021bimea man\u0219etei 10 cm. Conceput pentru o circumferin\u021b\u0103 a bra\u021bului de 17-22 cm. Proiectat pentru manometrele digitale OMRON. Potrivit pentru modele selectate de tonometre OMRON, de exemplu pentru OMRON M2 Basic, M2, M3, M3 IT, M400, M6 AC. V\u0103 rug\u0103m s\u0103 verifica\u021bi conform instruc\u021biunilor originale de la monitorul de tensiune arterial\u0103 dac\u0103 aceast\u0103 man\u0219et\u0103 este compatibil\u0103 cu dispozitivul dvs.<\/p>\n","protected":false},"excerpt":{"rendered":"<p>Man\u0219eta pentru copii CS2 este accesoriul original de marc\u0103 pentru m\u0103surarea tensiunii arteriale la copii. Man\u0219eta pentru copii este potrivit\u0103 pentru o circumferin\u021b\u0103 a bra\u021bului de 17 &#8211; 22 cm. Designul moale al man\u0219etei \u00eel face u\u0219or de pus. Datorit\u0103 designului s\u0103u moale, man\u0219eta se adapteaz\u0103 cu u\u0219urin\u021b\u0103 oric\u0103rei forme de bra\u021b. Man\u0219eta este u\u0219or&#8230;<\/p>\n","protected":false},"featured_media":274650,"comment_status":"closed","ping_status":"open","template":"","meta":{"_acf_changed":false,"_kadence_starter_templates_imported_post":false,"_kad_post_transparent":"","_kad_post_title":"","_kad_post_layout":"","_kad_post_sidebar_id":"","_kad_post_content_style":"","_kad_post_vertical_padding":"","_kad_post_feature":"","_kad_post_feature_position":"","_kad_post_header":false,"_kad_post_footer":false,"_kad_post_classname":""},"product_brand":[392],"product_cat":[733,734,353],"product_tag":[],"class_list":{"0":"post-274649","1":"product","2":"type-product","3":"status-publish","4":"has-post-thumbnail","6":"product_brand-omron","7":"product_cat-aparate-si-ajutoare-de-sanatate","8":"product_cat-manometre-de-tensiune-arteriala","9":"product_cat-sanatate","11":"first","12":"instock","13":"product-type-external","14":"entry","15":"content-bg","16":"loop-entry"},"acf":[],"yoast_head":"<!-- This site is optimized with the Yoast SEO plugin v27.4 - https:\/\/yoast.com\/product\/yoast-seo-wordpress\/ -->\n<title>Omron Man\u0219et\u0103 CS2 pentru copii 17-22 cm - SHOPATOA.COM<\/title>\n<meta name=\"robots\" content=\"index, follow, max-snippet:-1, max-image-preview:large, max-video-preview:-1\" \/>\n<link rel=\"canonical\" href=\"https:\/\/shopatoa.com\/ro\/omron-manseta-cs2-pentru-copii-17-22-cm\/\" \/>\n<meta property=\"og:locale\" content=\"ro_RO\" \/>\n<meta property=\"og:type\" content=\"article\" \/>\n<meta property=\"og:title\" content=\"Omron Man\u0219et\u0103 CS2 pentru copii 17-22 cm - SHOPATOA.COM\" \/>\n<meta property=\"og:description\" content=\"Man\u0219eta pentru copii CS2 este accesoriul original de marc\u0103 pentru m\u0103surarea tensiunii arteriale la copii. Man\u0219eta pentru copii este potrivit\u0103 pentru o circumferin\u021b\u0103 a bra\u021bului de 17 &#8211; 22 cm. Designul moale al man\u0219etei \u00eel face u\u0219or de pus. Datorit\u0103 designului s\u0103u moale, man\u0219eta se adapteaz\u0103 cu u\u0219urin\u021b\u0103 oric\u0103rei forme de bra\u021b. Man\u0219eta este u\u0219or...\" \/>\n<meta property=\"og:url\" content=\"https:\/\/shopatoa.com\/ro\/omron-manseta-cs2-pentru-copii-17-22-cm\/\" \/>\n<meta property=\"og:site_name\" content=\"SHOPATOA\" \/>\n<meta property=\"article:modified_time\" content=\"2025-12-15T07:55:58+00:00\" \/>\n<meta property=\"og:image\" content=\"https:\/\/storage.googleapis.com\/cz-shopatoa-img\/ro\/22d09260-unnamed-file.webp\" \/>\n\t<meta property=\"og:image:width\" content=\"800\" \/>\n\t<meta property=\"og:image:height\" content=\"800\" \/>\n\t<meta property=\"og:image:type\" content=\"image\/webp\" \/>\n<meta name=\"twitter:card\" content=\"summary_large_image\" \/>\n<meta name=\"twitter:label1\" content=\"Timp estimat pentru citire\" \/>\n\t<meta name=\"twitter:data1\" content=\"1 minut\" \/>\n<script type=\"application\/ld+json\" class=\"yoast-schema-graph\">{\"@context\":\"https:\\\/\\\/schema.org\",\"@graph\":[{\"@type\":\"WebPage\",\"@id\":\"https:\\\/\\\/shopatoa.com\\\/ro\\\/omron-manseta-cs2-pentru-copii-17-22-cm\\\/\",\"url\":\"https:\\\/\\\/shopatoa.com\\\/ro\\\/omron-manseta-cs2-pentru-copii-17-22-cm\\\/\",\"name\":\"Omron Man\u0219et\u0103 CS2 pentru copii 17-22 cm - SHOPATOA.COM\",\"isPartOf\":{\"@id\":\"https:\\\/\\\/shopatoa.com\\\/ro\\\/#website\"},\"primaryImageOfPage\":{\"@id\":\"https:\\\/\\\/shopatoa.com\\\/ro\\\/omron-manseta-cs2-pentru-copii-17-22-cm\\\/#primaryimage\"},\"image\":{\"@id\":\"https:\\\/\\\/shopatoa.com\\\/ro\\\/omron-manseta-cs2-pentru-copii-17-22-cm\\\/#primaryimage\"},\"thumbnailUrl\":\"https:\\\/\\\/storage.googleapis.com\\\/cz-shopatoa-img\\\/ro\\\/22d09260-unnamed-file.webp\",\"datePublished\":\"2025-04-29T20:01:14+00:00\",\"dateModified\":\"2025-12-15T07:55:58+00:00\",\"breadcrumb\":{\"@id\":\"https:\\\/\\\/shopatoa.com\\\/ro\\\/omron-manseta-cs2-pentru-copii-17-22-cm\\\/#breadcrumb\"},\"inLanguage\":\"ro-RO\",\"potentialAction\":[{\"@type\":\"ReadAction\",\"target\":[\"https:\\\/\\\/shopatoa.com\\\/ro\\\/omron-manseta-cs2-pentru-copii-17-22-cm\\\/\"]}]},{\"@type\":\"ImageObject\",\"inLanguage\":\"ro-RO\",\"@id\":\"https:\\\/\\\/shopatoa.com\\\/ro\\\/omron-manseta-cs2-pentru-copii-17-22-cm\\\/#primaryimage\",\"url\":\"https:\\\/\\\/storage.googleapis.com\\\/cz-shopatoa-img\\\/ro\\\/22d09260-unnamed-file.webp\",\"contentUrl\":\"https:\\\/\\\/storage.googleapis.com\\\/cz-shopatoa-img\\\/ro\\\/22d09260-unnamed-file.webp\",\"width\":800,\"height\":800},{\"@type\":\"BreadcrumbList\",\"@id\":\"https:\\\/\\\/shopatoa.com\\\/ro\\\/omron-manseta-cs2-pentru-copii-17-22-cm\\\/#breadcrumb\",\"itemListElement\":[{\"@type\":\"ListItem\",\"position\":1,\"name\":\"Dom\u016f\",\"item\":\"https:\\\/\\\/shopatoa.com\\\/ro\\\/\"},{\"@type\":\"ListItem\",\"position\":2,\"name\":\"Shop\",\"item\":\"https:\\\/\\\/shopatoa.com\\\/ro\\\/shop\\\/\"},{\"@type\":\"ListItem\",\"position\":3,\"name\":\"S\u0103n\u0103tate\",\"item\":\"https:\\\/\\\/shopatoa.com\\\/ro\\\/sanatate\\\/\"},{\"@type\":\"ListItem\",\"position\":4,\"name\":\"Aparate \u0219i ajutoare de s\u0103n\u0103tate\",\"item\":\"https:\\\/\\\/shopatoa.com\\\/ro\\\/aparate-si-ajutoare-de-sanatate\\\/\"},{\"@type\":\"ListItem\",\"position\":5,\"name\":\"Manometre de tensiune arterial\u0103\",\"item\":\"https:\\\/\\\/shopatoa.com\\\/ro\\\/manometre-de-tensiune-arteriala\\\/\"},{\"@type\":\"ListItem\",\"position\":6,\"name\":\"Omron Man\u0219et\u0103 CS2 pentru copii 17-22 cm\"}]},{\"@type\":\"WebSite\",\"@id\":\"https:\\\/\\\/shopatoa.com\\\/ro\\\/#website\",\"url\":\"https:\\\/\\\/shopatoa.com\\\/ro\\\/\",\"name\":\"SHOPATOA\",\"description\":\"\",\"publisher\":{\"@id\":\"https:\\\/\\\/shopatoa.com\\\/ro\\\/#organization\"},\"potentialAction\":[{\"@type\":\"SearchAction\",\"target\":{\"@type\":\"EntryPoint\",\"urlTemplate\":\"https:\\\/\\\/shopatoa.com\\\/ro\\\/?s={search_term_string}\"},\"query-input\":{\"@type\":\"PropertyValueSpecification\",\"valueRequired\":true,\"valueName\":\"search_term_string\"}}],\"inLanguage\":\"ro-RO\"},{\"@type\":\"Organization\",\"@id\":\"https:\\\/\\\/shopatoa.com\\\/ro\\\/#organization\",\"name\":\"SHOPATOA\",\"url\":\"https:\\\/\\\/shopatoa.com\\\/ro\\\/\",\"logo\":{\"@type\":\"ImageObject\",\"inLanguage\":\"ro-RO\",\"@id\":\"https:\\\/\\\/shopatoa.com\\\/ro\\\/#\\\/schema\\\/logo\\\/image\\\/\",\"url\":\"https:\\\/\\\/storage.googleapis.com\\\/cz-shopatoa-img\\\/ro\\\/b4dac915-shopatoa_logo.png\",\"contentUrl\":\"https:\\\/\\\/storage.googleapis.com\\\/cz-shopatoa-img\\\/ro\\\/b4dac915-shopatoa_logo.png\",\"width\":416,\"height\":63,\"caption\":\"SHOPATOA\"},\"image\":{\"@id\":\"https:\\\/\\\/shopatoa.com\\\/ro\\\/#\\\/schema\\\/logo\\\/image\\\/\"}}]}<\/script>\n<!-- \/ Yoast SEO plugin. -->","yoast_head_json":{"title":"Omron Man\u0219et\u0103 CS2 pentru copii 17-22 cm - SHOPATOA.COM","robots":{"index":"index","follow":"follow","max-snippet":"max-snippet:-1","max-image-preview":"max-image-preview:large","max-video-preview":"max-video-preview:-1"},"canonical":"https:\/\/shopatoa.com\/ro\/omron-manseta-cs2-pentru-copii-17-22-cm\/","og_locale":"ro_RO","og_type":"article","og_title":"Omron Man\u0219et\u0103 CS2 pentru copii 17-22 cm - SHOPATOA.COM","og_description":"Man\u0219eta pentru copii CS2 este accesoriul original de marc\u0103 pentru m\u0103surarea tensiunii arteriale la copii. Man\u0219eta pentru copii este potrivit\u0103 pentru o circumferin\u021b\u0103 a bra\u021bului de 17 &#8211; 22 cm. Designul moale al man\u0219etei \u00eel face u\u0219or de pus. Datorit\u0103 designului s\u0103u moale, man\u0219eta se adapteaz\u0103 cu u\u0219urin\u021b\u0103 oric\u0103rei forme de bra\u021b. Man\u0219eta este u\u0219or...","og_url":"https:\/\/shopatoa.com\/ro\/omron-manseta-cs2-pentru-copii-17-22-cm\/","og_site_name":"SHOPATOA","article_modified_time":"2025-12-15T07:55:58+00:00","og_image":[{"width":800,"height":800,"url":"https:\/\/storage.googleapis.com\/cz-shopatoa-img\/ro\/22d09260-unnamed-file.webp","type":"image\/webp"}],"twitter_card":"summary_large_image","twitter_misc":{"Timp estimat pentru citire":"1 minut"},"schema":{"@context":"https:\/\/schema.org","@graph":[{"@type":"WebPage","@id":"https:\/\/shopatoa.com\/ro\/omron-manseta-cs2-pentru-copii-17-22-cm\/","url":"https:\/\/shopatoa.com\/ro\/omron-manseta-cs2-pentru-copii-17-22-cm\/","name":"Omron Man\u0219et\u0103 CS2 pentru copii 17-22 cm - SHOPATOA.COM","isPartOf":{"@id":"https:\/\/shopatoa.com\/ro\/#website"},"primaryImageOfPage":{"@id":"https:\/\/shopatoa.com\/ro\/omron-manseta-cs2-pentru-copii-17-22-cm\/#primaryimage"},"image":{"@id":"https:\/\/shopatoa.com\/ro\/omron-manseta-cs2-pentru-copii-17-22-cm\/#primaryimage"},"thumbnailUrl":"https:\/\/storage.googleapis.com\/cz-shopatoa-img\/ro\/22d09260-unnamed-file.webp","datePublished":"2025-04-29T20:01:14+00:00","dateModified":"2025-12-15T07:55:58+00:00","breadcrumb":{"@id":"https:\/\/shopatoa.com\/ro\/omron-manseta-cs2-pentru-copii-17-22-cm\/#breadcrumb"},"inLanguage":"ro-RO","potentialAction":[{"@type":"ReadAction","target":["https:\/\/shopatoa.com\/ro\/omron-manseta-cs2-pentru-copii-17-22-cm\/"]}]},{"@type":"ImageObject","inLanguage":"ro-RO","@id":"https:\/\/shopatoa.com\/ro\/omron-manseta-cs2-pentru-copii-17-22-cm\/#primaryimage","url":"https:\/\/storage.googleapis.com\/cz-shopatoa-img\/ro\/22d09260-unnamed-file.webp","contentUrl":"https:\/\/storage.googleapis.com\/cz-shopatoa-img\/ro\/22d09260-unnamed-file.webp","width":800,"height":800},{"@type":"BreadcrumbList","@id":"https:\/\/shopatoa.com\/ro\/omron-manseta-cs2-pentru-copii-17-22-cm\/#breadcrumb","itemListElement":[{"@type":"ListItem","position":1,"name":"Dom\u016f","item":"https:\/\/shopatoa.com\/ro\/"},{"@type":"ListItem","position":2,"name":"Shop","item":"https:\/\/shopatoa.com\/ro\/shop\/"},{"@type":"ListItem","position":3,"name":"S\u0103n\u0103tate","item":"https:\/\/shopatoa.com\/ro\/sanatate\/"},{"@type":"ListItem","position":4,"name":"Aparate \u0219i ajutoare de s\u0103n\u0103tate","item":"https:\/\/shopatoa.com\/ro\/aparate-si-ajutoare-de-sanatate\/"},{"@type":"ListItem","position":5,"name":"Manometre de tensiune arterial\u0103","item":"https:\/\/shopatoa.com\/ro\/manometre-de-tensiune-arteriala\/"},{"@type":"ListItem","position":6,"name":"Omron Man\u0219et\u0103 CS2 pentru copii 17-22 cm"}]},{"@type":"WebSite","@id":"https:\/\/shopatoa.com\/ro\/#website","url":"https:\/\/shopatoa.com\/ro\/","name":"SHOPATOA","description":"","publisher":{"@id":"https:\/\/shopatoa.com\/ro\/#organization"},"potentialAction":[{"@type":"SearchAction","target":{"@type":"EntryPoint","urlTemplate":"https:\/\/shopatoa.com\/ro\/?s={search_term_string}"},"query-input":{"@type":"PropertyValueSpecification","valueRequired":true,"valueName":"search_term_string"}}],"inLanguage":"ro-RO"},{"@type":"Organization","@id":"https:\/\/shopatoa.com\/ro\/#organization","name":"SHOPATOA","url":"https:\/\/shopatoa.com\/ro\/","logo":{"@type":"ImageObject","inLanguage":"ro-RO","@id":"https:\/\/shopatoa.com\/ro\/#\/schema\/logo\/image\/","url":"https:\/\/storage.googleapis.com\/cz-shopatoa-img\/ro\/b4dac915-shopatoa_logo.png","contentUrl":"https:\/\/storage.googleapis.com\/cz-shopatoa-img\/ro\/b4dac915-shopatoa_logo.png","width":416,"height":63,"caption":"SHOPATOA"},"image":{"@id":"https:\/\/shopatoa.com\/ro\/#\/schema\/logo\/image\/"}}]}},"_links":{"self":[{"href":"https:\/\/shopatoa.com\/ro\/wp-json\/wp\/v2\/product\/274649","targetHints":{"allow":["GET"]}}],"collection":[{"href":"https:\/\/shopatoa.com\/ro\/wp-json\/wp\/v2\/product"}],"about":[{"href":"https:\/\/shopatoa.com\/ro\/wp-json\/wp\/v2\/types\/product"}],"replies":[{"embeddable":true,"href":"https:\/\/shopatoa.com\/ro\/wp-json\/wp\/v2\/comments?post=274649"}],"wp:featuredmedia":[{"embeddable":true,"href":"https:\/\/shopatoa.com\/ro\/wp-json\/wp\/v2\/media\/274650"}],"wp:attachment":[{"href":"https:\/\/shopatoa.com\/ro\/wp-json\/wp\/v2\/media?parent=274649"}],"wp:term":[{"taxonomy":"product_brand","embeddable":true,"href":"https:\/\/shopatoa.com\/ro\/wp-json\/wp\/v2\/product_brand?post=274649"},{"taxonomy":"product_cat","embeddable":true,"href":"https:\/\/shopatoa.com\/ro\/wp-json\/wp\/v2\/product_cat?post=274649"},{"taxonomy":"product_tag","embeddable":true,"href":"https:\/\/shopatoa.com\/ro\/wp-json\/wp\/v2\/product_tag?post=274649"}],"curies":[{"name":"wp","href":"https:\/\/api.w.org\/{rel}","templated":true}]}}