{"id":274704,"date":"2025-04-29T22:15:24","date_gmt":"2025-04-29T20:15:24","guid":{"rendered":"https:\/\/shopatoa.com\/ro\/burberry-burberry-for-woman-edp-50-ml\/"},"modified":"2025-12-15T08:53:32","modified_gmt":"2025-12-15T07:53:32","slug":"burberry-burberry-for-woman-edp-50-ml","status":"publish","type":"product","link":"https:\/\/shopatoa.com\/ro\/burberry-burberry-for-woman-edp-50-ml\/","title":{"rendered":"Burberry Burberry For Woman &#8211; EDP 50 ml"},"content":{"rendered":"<p>Parfum unic, divers pentru o t\u00e2n\u0103r\u0103 emancipant\u0103, care tinde s\u0103 fie ea \u00eens\u0103\u0219i. Aceast\u0103 femeie refuz\u0103 toate trucurile \u0219i alege sanatatea, o armonie treaz\u0103 dintre materia cald\u0103 \u0219i p\u0103rul desprins., Radiaza prin originalitate si simplitate. Deodat\u0103 apare \u0219ocul \u00eent\u00e2lnirii nea\u0219teptate. Adiere blanda de fructe dulci (piersici, caise \u0219i coac\u0103ze negre) agitate jurul inimii cu arome de lemn moale (lemn de santal \u0219i de cedru) se combina cu iasomia pentru a reda parfumului un ton de vanilie si mosc.<\/p>\n","protected":false},"excerpt":{"rendered":"<p>Parfum unic, divers pentru o t\u00e2n\u0103r\u0103 emancipant\u0103, care tinde s\u0103 fie ea \u00eens\u0103\u0219i. Aceast\u0103 femeie refuz\u0103 toate trucurile \u0219i alege sanatatea, o armonie treaz\u0103 dintre materia cald\u0103 \u0219i p\u0103rul desprins., Radiaza prin originalitate si simplitate. Deodat\u0103 apare \u0219ocul \u00eent\u00e2lnirii nea\u0219teptate. Adiere blanda de fructe dulci (piersici, caise \u0219i coac\u0103ze negre) agitate jurul inimii cu arome&#8230;<\/p>\n","protected":false},"featured_media":274705,"comment_status":"closed","ping_status":"open","template":"","meta":{"_acf_changed":false,"_kadence_starter_templates_imported_post":false,"_kad_post_transparent":"","_kad_post_title":"","_kad_post_layout":"","_kad_post_sidebar_id":"","_kad_post_content_style":"","_kad_post_vertical_padding":"","_kad_post_feature":"","_kad_post_feature_position":"","_kad_post_header":false,"_kad_post_footer":false,"_kad_post_classname":""},"product_brand":[40],"product_cat":[619,614],"product_tag":[],"class_list":{"0":"post-274704","1":"product","2":"type-product","3":"status-publish","4":"has-post-thumbnail","6":"product_brand-burberry","7":"product_cat-ape-de-parfum-edp","8":"product_cat-parfumuri","10":"first","11":"instock","12":"sale","13":"product-type-external","14":"entry","15":"content-bg","16":"loop-entry"},"acf":[],"yoast_head":"<!-- This site is optimized with the Yoast SEO plugin v27.4 - https:\/\/yoast.com\/product\/yoast-seo-wordpress\/ -->\n<title>Burberry Burberry For Woman - EDP 50 ml - SHOPATOA.COM<\/title>\n<meta name=\"robots\" content=\"index, follow, max-snippet:-1, max-image-preview:large, max-video-preview:-1\" \/>\n<link rel=\"canonical\" href=\"https:\/\/shopatoa.com\/ro\/burberry-burberry-for-woman-edp-50-ml\/\" \/>\n<meta property=\"og:locale\" content=\"ro_RO\" \/>\n<meta property=\"og:type\" content=\"article\" \/>\n<meta property=\"og:title\" content=\"Burberry Burberry For Woman - EDP 50 ml - SHOPATOA.COM\" \/>\n<meta property=\"og:description\" content=\"Parfum unic, divers pentru o t\u00e2n\u0103r\u0103 emancipant\u0103, care tinde s\u0103 fie ea \u00eens\u0103\u0219i. Aceast\u0103 femeie refuz\u0103 toate trucurile \u0219i alege sanatatea, o armonie treaz\u0103 dintre materia cald\u0103 \u0219i p\u0103rul desprins., Radiaza prin originalitate si simplitate. Deodat\u0103 apare \u0219ocul \u00eent\u00e2lnirii nea\u0219teptate. Adiere blanda de fructe dulci (piersici, caise \u0219i coac\u0103ze negre) agitate jurul inimii cu arome...\" \/>\n<meta property=\"og:url\" content=\"https:\/\/shopatoa.com\/ro\/burberry-burberry-for-woman-edp-50-ml\/\" \/>\n<meta property=\"og:site_name\" content=\"SHOPATOA\" \/>\n<meta property=\"article:modified_time\" content=\"2025-12-15T07:53:32+00:00\" \/>\n<meta property=\"og:image\" content=\"https:\/\/storage.googleapis.com\/cz-shopatoa-img\/ro\/cd6feccf-unnamed-file.webp\" \/>\n\t<meta property=\"og:image:width\" content=\"800\" \/>\n\t<meta property=\"og:image:height\" content=\"800\" \/>\n\t<meta property=\"og:image:type\" content=\"image\/webp\" \/>\n<meta name=\"twitter:card\" content=\"summary_large_image\" \/>\n<script type=\"application\/ld+json\" class=\"yoast-schema-graph\">{\"@context\":\"https:\\\/\\\/schema.org\",\"@graph\":[{\"@type\":\"WebPage\",\"@id\":\"https:\\\/\\\/shopatoa.com\\\/ro\\\/burberry-burberry-for-woman-edp-50-ml\\\/\",\"url\":\"https:\\\/\\\/shopatoa.com\\\/ro\\\/burberry-burberry-for-woman-edp-50-ml\\\/\",\"name\":\"Burberry Burberry For Woman - EDP 50 ml - SHOPATOA.COM\",\"isPartOf\":{\"@id\":\"https:\\\/\\\/shopatoa.com\\\/ro\\\/#website\"},\"primaryImageOfPage\":{\"@id\":\"https:\\\/\\\/shopatoa.com\\\/ro\\\/burberry-burberry-for-woman-edp-50-ml\\\/#primaryimage\"},\"image\":{\"@id\":\"https:\\\/\\\/shopatoa.com\\\/ro\\\/burberry-burberry-for-woman-edp-50-ml\\\/#primaryimage\"},\"thumbnailUrl\":\"https:\\\/\\\/storage.googleapis.com\\\/cz-shopatoa-img\\\/ro\\\/cd6feccf-unnamed-file.webp\",\"datePublished\":\"2025-04-29T20:15:24+00:00\",\"dateModified\":\"2025-12-15T07:53:32+00:00\",\"breadcrumb\":{\"@id\":\"https:\\\/\\\/shopatoa.com\\\/ro\\\/burberry-burberry-for-woman-edp-50-ml\\\/#breadcrumb\"},\"inLanguage\":\"ro-RO\",\"potentialAction\":[{\"@type\":\"ReadAction\",\"target\":[\"https:\\\/\\\/shopatoa.com\\\/ro\\\/burberry-burberry-for-woman-edp-50-ml\\\/\"]}]},{\"@type\":\"ImageObject\",\"inLanguage\":\"ro-RO\",\"@id\":\"https:\\\/\\\/shopatoa.com\\\/ro\\\/burberry-burberry-for-woman-edp-50-ml\\\/#primaryimage\",\"url\":\"https:\\\/\\\/storage.googleapis.com\\\/cz-shopatoa-img\\\/ro\\\/cd6feccf-unnamed-file.webp\",\"contentUrl\":\"https:\\\/\\\/storage.googleapis.com\\\/cz-shopatoa-img\\\/ro\\\/cd6feccf-unnamed-file.webp\",\"width\":800,\"height\":800},{\"@type\":\"BreadcrumbList\",\"@id\":\"https:\\\/\\\/shopatoa.com\\\/ro\\\/burberry-burberry-for-woman-edp-50-ml\\\/#breadcrumb\",\"itemListElement\":[{\"@type\":\"ListItem\",\"position\":1,\"name\":\"Dom\u016f\",\"item\":\"https:\\\/\\\/shopatoa.com\\\/ro\\\/\"},{\"@type\":\"ListItem\",\"position\":2,\"name\":\"Shop\",\"item\":\"https:\\\/\\\/shopatoa.com\\\/ro\\\/shop\\\/\"},{\"@type\":\"ListItem\",\"position\":3,\"name\":\"Parfumuri\",\"item\":\"https:\\\/\\\/shopatoa.com\\\/ro\\\/parfumuri\\\/\"},{\"@type\":\"ListItem\",\"position\":4,\"name\":\"Ape de parfum (EDP)\",\"item\":\"https:\\\/\\\/shopatoa.com\\\/ro\\\/ape-de-parfum-edp\\\/\"},{\"@type\":\"ListItem\",\"position\":5,\"name\":\"Burberry Burberry For Woman &#8211; EDP 50 ml\"}]},{\"@type\":\"WebSite\",\"@id\":\"https:\\\/\\\/shopatoa.com\\\/ro\\\/#website\",\"url\":\"https:\\\/\\\/shopatoa.com\\\/ro\\\/\",\"name\":\"SHOPATOA\",\"description\":\"\",\"publisher\":{\"@id\":\"https:\\\/\\\/shopatoa.com\\\/ro\\\/#organization\"},\"potentialAction\":[{\"@type\":\"SearchAction\",\"target\":{\"@type\":\"EntryPoint\",\"urlTemplate\":\"https:\\\/\\\/shopatoa.com\\\/ro\\\/?s={search_term_string}\"},\"query-input\":{\"@type\":\"PropertyValueSpecification\",\"valueRequired\":true,\"valueName\":\"search_term_string\"}}],\"inLanguage\":\"ro-RO\"},{\"@type\":\"Organization\",\"@id\":\"https:\\\/\\\/shopatoa.com\\\/ro\\\/#organization\",\"name\":\"SHOPATOA\",\"url\":\"https:\\\/\\\/shopatoa.com\\\/ro\\\/\",\"logo\":{\"@type\":\"ImageObject\",\"inLanguage\":\"ro-RO\",\"@id\":\"https:\\\/\\\/shopatoa.com\\\/ro\\\/#\\\/schema\\\/logo\\\/image\\\/\",\"url\":\"https:\\\/\\\/storage.googleapis.com\\\/cz-shopatoa-img\\\/ro\\\/b4dac915-shopatoa_logo.png\",\"contentUrl\":\"https:\\\/\\\/storage.googleapis.com\\\/cz-shopatoa-img\\\/ro\\\/b4dac915-shopatoa_logo.png\",\"width\":416,\"height\":63,\"caption\":\"SHOPATOA\"},\"image\":{\"@id\":\"https:\\\/\\\/shopatoa.com\\\/ro\\\/#\\\/schema\\\/logo\\\/image\\\/\"}}]}<\/script>\n<!-- \/ Yoast SEO plugin. -->","yoast_head_json":{"title":"Burberry Burberry For Woman - EDP 50 ml - SHOPATOA.COM","robots":{"index":"index","follow":"follow","max-snippet":"max-snippet:-1","max-image-preview":"max-image-preview:large","max-video-preview":"max-video-preview:-1"},"canonical":"https:\/\/shopatoa.com\/ro\/burberry-burberry-for-woman-edp-50-ml\/","og_locale":"ro_RO","og_type":"article","og_title":"Burberry Burberry For Woman - EDP 50 ml - SHOPATOA.COM","og_description":"Parfum unic, divers pentru o t\u00e2n\u0103r\u0103 emancipant\u0103, care tinde s\u0103 fie ea \u00eens\u0103\u0219i. Aceast\u0103 femeie refuz\u0103 toate trucurile \u0219i alege sanatatea, o armonie treaz\u0103 dintre materia cald\u0103 \u0219i p\u0103rul desprins., Radiaza prin originalitate si simplitate. Deodat\u0103 apare \u0219ocul \u00eent\u00e2lnirii nea\u0219teptate. Adiere blanda de fructe dulci (piersici, caise \u0219i coac\u0103ze negre) agitate jurul inimii cu arome...","og_url":"https:\/\/shopatoa.com\/ro\/burberry-burberry-for-woman-edp-50-ml\/","og_site_name":"SHOPATOA","article_modified_time":"2025-12-15T07:53:32+00:00","og_image":[{"width":800,"height":800,"url":"https:\/\/storage.googleapis.com\/cz-shopatoa-img\/ro\/cd6feccf-unnamed-file.webp","type":"image\/webp"}],"twitter_card":"summary_large_image","schema":{"@context":"https:\/\/schema.org","@graph":[{"@type":"WebPage","@id":"https:\/\/shopatoa.com\/ro\/burberry-burberry-for-woman-edp-50-ml\/","url":"https:\/\/shopatoa.com\/ro\/burberry-burberry-for-woman-edp-50-ml\/","name":"Burberry Burberry For Woman - EDP 50 ml - SHOPATOA.COM","isPartOf":{"@id":"https:\/\/shopatoa.com\/ro\/#website"},"primaryImageOfPage":{"@id":"https:\/\/shopatoa.com\/ro\/burberry-burberry-for-woman-edp-50-ml\/#primaryimage"},"image":{"@id":"https:\/\/shopatoa.com\/ro\/burberry-burberry-for-woman-edp-50-ml\/#primaryimage"},"thumbnailUrl":"https:\/\/storage.googleapis.com\/cz-shopatoa-img\/ro\/cd6feccf-unnamed-file.webp","datePublished":"2025-04-29T20:15:24+00:00","dateModified":"2025-12-15T07:53:32+00:00","breadcrumb":{"@id":"https:\/\/shopatoa.com\/ro\/burberry-burberry-for-woman-edp-50-ml\/#breadcrumb"},"inLanguage":"ro-RO","potentialAction":[{"@type":"ReadAction","target":["https:\/\/shopatoa.com\/ro\/burberry-burberry-for-woman-edp-50-ml\/"]}]},{"@type":"ImageObject","inLanguage":"ro-RO","@id":"https:\/\/shopatoa.com\/ro\/burberry-burberry-for-woman-edp-50-ml\/#primaryimage","url":"https:\/\/storage.googleapis.com\/cz-shopatoa-img\/ro\/cd6feccf-unnamed-file.webp","contentUrl":"https:\/\/storage.googleapis.com\/cz-shopatoa-img\/ro\/cd6feccf-unnamed-file.webp","width":800,"height":800},{"@type":"BreadcrumbList","@id":"https:\/\/shopatoa.com\/ro\/burberry-burberry-for-woman-edp-50-ml\/#breadcrumb","itemListElement":[{"@type":"ListItem","position":1,"name":"Dom\u016f","item":"https:\/\/shopatoa.com\/ro\/"},{"@type":"ListItem","position":2,"name":"Shop","item":"https:\/\/shopatoa.com\/ro\/shop\/"},{"@type":"ListItem","position":3,"name":"Parfumuri","item":"https:\/\/shopatoa.com\/ro\/parfumuri\/"},{"@type":"ListItem","position":4,"name":"Ape de parfum (EDP)","item":"https:\/\/shopatoa.com\/ro\/ape-de-parfum-edp\/"},{"@type":"ListItem","position":5,"name":"Burberry Burberry For Woman &#8211; EDP 50 ml"}]},{"@type":"WebSite","@id":"https:\/\/shopatoa.com\/ro\/#website","url":"https:\/\/shopatoa.com\/ro\/","name":"SHOPATOA","description":"","publisher":{"@id":"https:\/\/shopatoa.com\/ro\/#organization"},"potentialAction":[{"@type":"SearchAction","target":{"@type":"EntryPoint","urlTemplate":"https:\/\/shopatoa.com\/ro\/?s={search_term_string}"},"query-input":{"@type":"PropertyValueSpecification","valueRequired":true,"valueName":"search_term_string"}}],"inLanguage":"ro-RO"},{"@type":"Organization","@id":"https:\/\/shopatoa.com\/ro\/#organization","name":"SHOPATOA","url":"https:\/\/shopatoa.com\/ro\/","logo":{"@type":"ImageObject","inLanguage":"ro-RO","@id":"https:\/\/shopatoa.com\/ro\/#\/schema\/logo\/image\/","url":"https:\/\/storage.googleapis.com\/cz-shopatoa-img\/ro\/b4dac915-shopatoa_logo.png","contentUrl":"https:\/\/storage.googleapis.com\/cz-shopatoa-img\/ro\/b4dac915-shopatoa_logo.png","width":416,"height":63,"caption":"SHOPATOA"},"image":{"@id":"https:\/\/shopatoa.com\/ro\/#\/schema\/logo\/image\/"}}]}},"_links":{"self":[{"href":"https:\/\/shopatoa.com\/ro\/wp-json\/wp\/v2\/product\/274704","targetHints":{"allow":["GET"]}}],"collection":[{"href":"https:\/\/shopatoa.com\/ro\/wp-json\/wp\/v2\/product"}],"about":[{"href":"https:\/\/shopatoa.com\/ro\/wp-json\/wp\/v2\/types\/product"}],"replies":[{"embeddable":true,"href":"https:\/\/shopatoa.com\/ro\/wp-json\/wp\/v2\/comments?post=274704"}],"wp:featuredmedia":[{"embeddable":true,"href":"https:\/\/shopatoa.com\/ro\/wp-json\/wp\/v2\/media\/274705"}],"wp:attachment":[{"href":"https:\/\/shopatoa.com\/ro\/wp-json\/wp\/v2\/media?parent=274704"}],"wp:term":[{"taxonomy":"product_brand","embeddable":true,"href":"https:\/\/shopatoa.com\/ro\/wp-json\/wp\/v2\/product_brand?post=274704"},{"taxonomy":"product_cat","embeddable":true,"href":"https:\/\/shopatoa.com\/ro\/wp-json\/wp\/v2\/product_cat?post=274704"},{"taxonomy":"product_tag","embeddable":true,"href":"https:\/\/shopatoa.com\/ro\/wp-json\/wp\/v2\/product_tag?post=274704"}],"curies":[{"name":"wp","href":"https:\/\/api.w.org\/{rel}","templated":true}]}}