{"id":275017,"date":"2025-04-29T23:20:57","date_gmt":"2025-04-29T21:20:57","guid":{"rendered":"https:\/\/shopatoa.com\/ro\/elmex-apa-de-gura-sensitive-plus-pentru-dinti-sensibili-400-ml\/"},"modified":"2025-12-15T07:55:15","modified_gmt":"2025-12-15T06:55:15","slug":"elmex-apa-de-gura-sensitive-plus-pentru-dinti-sensibili-400-ml","status":"publish","type":"product","link":"https:\/\/shopatoa.com\/ro\/elmex-apa-de-gura-sensitive-plus-pentru-dinti-sensibili-400-ml\/","title":{"rendered":"Elmex Ap\u0103 de gur\u0103 Sensitive Plus pentru dinti sensibili 400 ml"},"content":{"rendered":"<p>Cu inaintarea in varsta, gingiile se retrag noastre, detectarea astfel g\u00e2t dinte. F\u0103r\u0103 protec\u021bia oferit\u0103 de gingiilor si smaltul dentar, grumazul dentare devin sensibile la stimuli externi, \u0219i predispus la carii dentina. Apa de gura Sensitive Plus ofer\u0103 protec\u021bie \u00eempotriva cariilor dentinei din\u021bilor hipersensibili \u0219i. Ingredient activ special ajut\u0103 la reducerea hipersensibilitate existente.<\/p>\n","protected":false},"excerpt":{"rendered":"<p>Cu inaintarea in varsta, gingiile se retrag noastre, detectarea astfel g\u00e2t dinte. F\u0103r\u0103 protec\u021bia oferit\u0103 de gingiilor si smaltul dentar, grumazul dentare devin sensibile la stimuli externi, \u0219i predispus la carii dentina. Apa de gura Sensitive Plus ofer\u0103 protec\u021bie \u00eempotriva cariilor dentinei din\u021bilor hipersensibili \u0219i. Ingredient activ special ajut\u0103 la reducerea hipersensibilitate existente.<\/p>\n","protected":false},"featured_media":275018,"comment_status":"closed","ping_status":"open","template":"","meta":{"_acf_changed":false,"_kadence_starter_templates_imported_post":false,"_kad_post_transparent":"","_kad_post_title":"","_kad_post_layout":"","_kad_post_sidebar_id":"","_kad_post_content_style":"","_kad_post_vertical_padding":"","_kad_post_feature":"","_kad_post_feature_position":"","_kad_post_header":false,"_kad_post_footer":false,"_kad_post_classname":""},"product_brand":[852],"product_cat":[246,709,1014],"product_tag":[],"class_list":{"0":"post-275017","1":"product","2":"type-product","3":"status-publish","4":"has-post-thumbnail","6":"product_brand-elmex","7":"product_cat-cosmetice","8":"product_cat-ingrijirea-dentara","9":"product_cat-preparate-de-gura-si-spray-uri","11":"first","12":"instock","13":"product-type-external","14":"entry","15":"content-bg","16":"loop-entry"},"acf":[],"yoast_head":"<!-- This site is optimized with the Yoast SEO plugin v27.4 - https:\/\/yoast.com\/product\/yoast-seo-wordpress\/ -->\n<title>Elmex Ap\u0103 de gur\u0103 Sensitive Plus pentru dinti sensibili 400 ml - SHOPATOA.COM<\/title>\n<meta name=\"robots\" content=\"index, follow, max-snippet:-1, max-image-preview:large, max-video-preview:-1\" \/>\n<link rel=\"canonical\" href=\"https:\/\/shopatoa.com\/ro\/elmex-apa-de-gura-sensitive-plus-pentru-dinti-sensibili-400-ml\/\" \/>\n<meta property=\"og:locale\" content=\"ro_RO\" \/>\n<meta property=\"og:type\" content=\"article\" \/>\n<meta property=\"og:title\" content=\"Elmex Ap\u0103 de gur\u0103 Sensitive Plus pentru dinti sensibili 400 ml - SHOPATOA.COM\" \/>\n<meta property=\"og:description\" content=\"Cu inaintarea in varsta, gingiile se retrag noastre, detectarea astfel g\u00e2t dinte. F\u0103r\u0103 protec\u021bia oferit\u0103 de gingiilor si smaltul dentar, grumazul dentare devin sensibile la stimuli externi, \u0219i predispus la carii dentina. Apa de gura Sensitive Plus ofer\u0103 protec\u021bie \u00eempotriva cariilor dentinei din\u021bilor hipersensibili \u0219i. Ingredient activ special ajut\u0103 la reducerea hipersensibilitate existente.\" \/>\n<meta property=\"og:url\" content=\"https:\/\/shopatoa.com\/ro\/elmex-apa-de-gura-sensitive-plus-pentru-dinti-sensibili-400-ml\/\" \/>\n<meta property=\"og:site_name\" content=\"SHOPATOA\" \/>\n<meta property=\"article:modified_time\" content=\"2025-12-15T06:55:15+00:00\" \/>\n<meta property=\"og:image\" content=\"https:\/\/storage.googleapis.com\/cz-shopatoa-img\/ro\/a14beed5-unnamed-file.webp\" \/>\n\t<meta property=\"og:image:width\" content=\"800\" \/>\n\t<meta property=\"og:image:height\" content=\"800\" \/>\n\t<meta property=\"og:image:type\" content=\"image\/webp\" \/>\n<meta name=\"twitter:card\" content=\"summary_large_image\" \/>\n<script type=\"application\/ld+json\" class=\"yoast-schema-graph\">{\"@context\":\"https:\\\/\\\/schema.org\",\"@graph\":[{\"@type\":\"WebPage\",\"@id\":\"https:\\\/\\\/shopatoa.com\\\/ro\\\/elmex-apa-de-gura-sensitive-plus-pentru-dinti-sensibili-400-ml\\\/\",\"url\":\"https:\\\/\\\/shopatoa.com\\\/ro\\\/elmex-apa-de-gura-sensitive-plus-pentru-dinti-sensibili-400-ml\\\/\",\"name\":\"Elmex Ap\u0103 de gur\u0103 Sensitive Plus pentru dinti sensibili 400 ml - SHOPATOA.COM\",\"isPartOf\":{\"@id\":\"https:\\\/\\\/shopatoa.com\\\/ro\\\/#website\"},\"primaryImageOfPage\":{\"@id\":\"https:\\\/\\\/shopatoa.com\\\/ro\\\/elmex-apa-de-gura-sensitive-plus-pentru-dinti-sensibili-400-ml\\\/#primaryimage\"},\"image\":{\"@id\":\"https:\\\/\\\/shopatoa.com\\\/ro\\\/elmex-apa-de-gura-sensitive-plus-pentru-dinti-sensibili-400-ml\\\/#primaryimage\"},\"thumbnailUrl\":\"https:\\\/\\\/storage.googleapis.com\\\/cz-shopatoa-img\\\/ro\\\/a14beed5-unnamed-file.webp\",\"datePublished\":\"2025-04-29T21:20:57+00:00\",\"dateModified\":\"2025-12-15T06:55:15+00:00\",\"breadcrumb\":{\"@id\":\"https:\\\/\\\/shopatoa.com\\\/ro\\\/elmex-apa-de-gura-sensitive-plus-pentru-dinti-sensibili-400-ml\\\/#breadcrumb\"},\"inLanguage\":\"ro-RO\",\"potentialAction\":[{\"@type\":\"ReadAction\",\"target\":[\"https:\\\/\\\/shopatoa.com\\\/ro\\\/elmex-apa-de-gura-sensitive-plus-pentru-dinti-sensibili-400-ml\\\/\"]}]},{\"@type\":\"ImageObject\",\"inLanguage\":\"ro-RO\",\"@id\":\"https:\\\/\\\/shopatoa.com\\\/ro\\\/elmex-apa-de-gura-sensitive-plus-pentru-dinti-sensibili-400-ml\\\/#primaryimage\",\"url\":\"https:\\\/\\\/storage.googleapis.com\\\/cz-shopatoa-img\\\/ro\\\/a14beed5-unnamed-file.webp\",\"contentUrl\":\"https:\\\/\\\/storage.googleapis.com\\\/cz-shopatoa-img\\\/ro\\\/a14beed5-unnamed-file.webp\",\"width\":800,\"height\":800},{\"@type\":\"BreadcrumbList\",\"@id\":\"https:\\\/\\\/shopatoa.com\\\/ro\\\/elmex-apa-de-gura-sensitive-plus-pentru-dinti-sensibili-400-ml\\\/#breadcrumb\",\"itemListElement\":[{\"@type\":\"ListItem\",\"position\":1,\"name\":\"Dom\u016f\",\"item\":\"https:\\\/\\\/shopatoa.com\\\/ro\\\/\"},{\"@type\":\"ListItem\",\"position\":2,\"name\":\"Shop\",\"item\":\"https:\\\/\\\/shopatoa.com\\\/ro\\\/shop\\\/\"},{\"@type\":\"ListItem\",\"position\":3,\"name\":\"Cosmetice\",\"item\":\"https:\\\/\\\/shopatoa.com\\\/ro\\\/cosmetice\\\/\"},{\"@type\":\"ListItem\",\"position\":4,\"name\":\"\u00cengrijirea dentar\u0103\",\"item\":\"https:\\\/\\\/shopatoa.com\\\/ro\\\/ingrijirea-dentara\\\/\"},{\"@type\":\"ListItem\",\"position\":5,\"name\":\"Preparate de gur\u0103 \u0219i spray-uri\",\"item\":\"https:\\\/\\\/shopatoa.com\\\/ro\\\/preparate-de-gura-si-spray-uri\\\/\"},{\"@type\":\"ListItem\",\"position\":6,\"name\":\"Elmex Ap\u0103 de gur\u0103 Sensitive Plus pentru dinti sensibili 400 ml\"}]},{\"@type\":\"WebSite\",\"@id\":\"https:\\\/\\\/shopatoa.com\\\/ro\\\/#website\",\"url\":\"https:\\\/\\\/shopatoa.com\\\/ro\\\/\",\"name\":\"SHOPATOA\",\"description\":\"\",\"publisher\":{\"@id\":\"https:\\\/\\\/shopatoa.com\\\/ro\\\/#organization\"},\"potentialAction\":[{\"@type\":\"SearchAction\",\"target\":{\"@type\":\"EntryPoint\",\"urlTemplate\":\"https:\\\/\\\/shopatoa.com\\\/ro\\\/?s={search_term_string}\"},\"query-input\":{\"@type\":\"PropertyValueSpecification\",\"valueRequired\":true,\"valueName\":\"search_term_string\"}}],\"inLanguage\":\"ro-RO\"},{\"@type\":\"Organization\",\"@id\":\"https:\\\/\\\/shopatoa.com\\\/ro\\\/#organization\",\"name\":\"SHOPATOA\",\"url\":\"https:\\\/\\\/shopatoa.com\\\/ro\\\/\",\"logo\":{\"@type\":\"ImageObject\",\"inLanguage\":\"ro-RO\",\"@id\":\"https:\\\/\\\/shopatoa.com\\\/ro\\\/#\\\/schema\\\/logo\\\/image\\\/\",\"url\":\"https:\\\/\\\/storage.googleapis.com\\\/cz-shopatoa-img\\\/ro\\\/b4dac915-shopatoa_logo.png\",\"contentUrl\":\"https:\\\/\\\/storage.googleapis.com\\\/cz-shopatoa-img\\\/ro\\\/b4dac915-shopatoa_logo.png\",\"width\":416,\"height\":63,\"caption\":\"SHOPATOA\"},\"image\":{\"@id\":\"https:\\\/\\\/shopatoa.com\\\/ro\\\/#\\\/schema\\\/logo\\\/image\\\/\"}}]}<\/script>\n<!-- \/ Yoast SEO plugin. -->","yoast_head_json":{"title":"Elmex Ap\u0103 de gur\u0103 Sensitive Plus pentru dinti sensibili 400 ml - SHOPATOA.COM","robots":{"index":"index","follow":"follow","max-snippet":"max-snippet:-1","max-image-preview":"max-image-preview:large","max-video-preview":"max-video-preview:-1"},"canonical":"https:\/\/shopatoa.com\/ro\/elmex-apa-de-gura-sensitive-plus-pentru-dinti-sensibili-400-ml\/","og_locale":"ro_RO","og_type":"article","og_title":"Elmex Ap\u0103 de gur\u0103 Sensitive Plus pentru dinti sensibili 400 ml - SHOPATOA.COM","og_description":"Cu inaintarea in varsta, gingiile se retrag noastre, detectarea astfel g\u00e2t dinte. F\u0103r\u0103 protec\u021bia oferit\u0103 de gingiilor si smaltul dentar, grumazul dentare devin sensibile la stimuli externi, \u0219i predispus la carii dentina. Apa de gura Sensitive Plus ofer\u0103 protec\u021bie \u00eempotriva cariilor dentinei din\u021bilor hipersensibili \u0219i. Ingredient activ special ajut\u0103 la reducerea hipersensibilitate existente.","og_url":"https:\/\/shopatoa.com\/ro\/elmex-apa-de-gura-sensitive-plus-pentru-dinti-sensibili-400-ml\/","og_site_name":"SHOPATOA","article_modified_time":"2025-12-15T06:55:15+00:00","og_image":[{"width":800,"height":800,"url":"https:\/\/storage.googleapis.com\/cz-shopatoa-img\/ro\/a14beed5-unnamed-file.webp","type":"image\/webp"}],"twitter_card":"summary_large_image","schema":{"@context":"https:\/\/schema.org","@graph":[{"@type":"WebPage","@id":"https:\/\/shopatoa.com\/ro\/elmex-apa-de-gura-sensitive-plus-pentru-dinti-sensibili-400-ml\/","url":"https:\/\/shopatoa.com\/ro\/elmex-apa-de-gura-sensitive-plus-pentru-dinti-sensibili-400-ml\/","name":"Elmex Ap\u0103 de gur\u0103 Sensitive Plus pentru dinti sensibili 400 ml - SHOPATOA.COM","isPartOf":{"@id":"https:\/\/shopatoa.com\/ro\/#website"},"primaryImageOfPage":{"@id":"https:\/\/shopatoa.com\/ro\/elmex-apa-de-gura-sensitive-plus-pentru-dinti-sensibili-400-ml\/#primaryimage"},"image":{"@id":"https:\/\/shopatoa.com\/ro\/elmex-apa-de-gura-sensitive-plus-pentru-dinti-sensibili-400-ml\/#primaryimage"},"thumbnailUrl":"https:\/\/storage.googleapis.com\/cz-shopatoa-img\/ro\/a14beed5-unnamed-file.webp","datePublished":"2025-04-29T21:20:57+00:00","dateModified":"2025-12-15T06:55:15+00:00","breadcrumb":{"@id":"https:\/\/shopatoa.com\/ro\/elmex-apa-de-gura-sensitive-plus-pentru-dinti-sensibili-400-ml\/#breadcrumb"},"inLanguage":"ro-RO","potentialAction":[{"@type":"ReadAction","target":["https:\/\/shopatoa.com\/ro\/elmex-apa-de-gura-sensitive-plus-pentru-dinti-sensibili-400-ml\/"]}]},{"@type":"ImageObject","inLanguage":"ro-RO","@id":"https:\/\/shopatoa.com\/ro\/elmex-apa-de-gura-sensitive-plus-pentru-dinti-sensibili-400-ml\/#primaryimage","url":"https:\/\/storage.googleapis.com\/cz-shopatoa-img\/ro\/a14beed5-unnamed-file.webp","contentUrl":"https:\/\/storage.googleapis.com\/cz-shopatoa-img\/ro\/a14beed5-unnamed-file.webp","width":800,"height":800},{"@type":"BreadcrumbList","@id":"https:\/\/shopatoa.com\/ro\/elmex-apa-de-gura-sensitive-plus-pentru-dinti-sensibili-400-ml\/#breadcrumb","itemListElement":[{"@type":"ListItem","position":1,"name":"Dom\u016f","item":"https:\/\/shopatoa.com\/ro\/"},{"@type":"ListItem","position":2,"name":"Shop","item":"https:\/\/shopatoa.com\/ro\/shop\/"},{"@type":"ListItem","position":3,"name":"Cosmetice","item":"https:\/\/shopatoa.com\/ro\/cosmetice\/"},{"@type":"ListItem","position":4,"name":"\u00cengrijirea dentar\u0103","item":"https:\/\/shopatoa.com\/ro\/ingrijirea-dentara\/"},{"@type":"ListItem","position":5,"name":"Preparate de gur\u0103 \u0219i spray-uri","item":"https:\/\/shopatoa.com\/ro\/preparate-de-gura-si-spray-uri\/"},{"@type":"ListItem","position":6,"name":"Elmex Ap\u0103 de gur\u0103 Sensitive Plus pentru dinti sensibili 400 ml"}]},{"@type":"WebSite","@id":"https:\/\/shopatoa.com\/ro\/#website","url":"https:\/\/shopatoa.com\/ro\/","name":"SHOPATOA","description":"","publisher":{"@id":"https:\/\/shopatoa.com\/ro\/#organization"},"potentialAction":[{"@type":"SearchAction","target":{"@type":"EntryPoint","urlTemplate":"https:\/\/shopatoa.com\/ro\/?s={search_term_string}"},"query-input":{"@type":"PropertyValueSpecification","valueRequired":true,"valueName":"search_term_string"}}],"inLanguage":"ro-RO"},{"@type":"Organization","@id":"https:\/\/shopatoa.com\/ro\/#organization","name":"SHOPATOA","url":"https:\/\/shopatoa.com\/ro\/","logo":{"@type":"ImageObject","inLanguage":"ro-RO","@id":"https:\/\/shopatoa.com\/ro\/#\/schema\/logo\/image\/","url":"https:\/\/storage.googleapis.com\/cz-shopatoa-img\/ro\/b4dac915-shopatoa_logo.png","contentUrl":"https:\/\/storage.googleapis.com\/cz-shopatoa-img\/ro\/b4dac915-shopatoa_logo.png","width":416,"height":63,"caption":"SHOPATOA"},"image":{"@id":"https:\/\/shopatoa.com\/ro\/#\/schema\/logo\/image\/"}}]}},"_links":{"self":[{"href":"https:\/\/shopatoa.com\/ro\/wp-json\/wp\/v2\/product\/275017","targetHints":{"allow":["GET"]}}],"collection":[{"href":"https:\/\/shopatoa.com\/ro\/wp-json\/wp\/v2\/product"}],"about":[{"href":"https:\/\/shopatoa.com\/ro\/wp-json\/wp\/v2\/types\/product"}],"replies":[{"embeddable":true,"href":"https:\/\/shopatoa.com\/ro\/wp-json\/wp\/v2\/comments?post=275017"}],"wp:featuredmedia":[{"embeddable":true,"href":"https:\/\/shopatoa.com\/ro\/wp-json\/wp\/v2\/media\/275018"}],"wp:attachment":[{"href":"https:\/\/shopatoa.com\/ro\/wp-json\/wp\/v2\/media?parent=275017"}],"wp:term":[{"taxonomy":"product_brand","embeddable":true,"href":"https:\/\/shopatoa.com\/ro\/wp-json\/wp\/v2\/product_brand?post=275017"},{"taxonomy":"product_cat","embeddable":true,"href":"https:\/\/shopatoa.com\/ro\/wp-json\/wp\/v2\/product_cat?post=275017"},{"taxonomy":"product_tag","embeddable":true,"href":"https:\/\/shopatoa.com\/ro\/wp-json\/wp\/v2\/product_tag?post=275017"}],"curies":[{"name":"wp","href":"https:\/\/api.w.org\/{rel}","templated":true}]}}