{"id":275021,"date":"2025-04-29T23:21:15","date_gmt":"2025-04-29T21:21:15","guid":{"rendered":"https:\/\/shopatoa.com\/ro\/annemarie-borlind-machiaj-lichid-natuwear-foundation-30-ml-beige\/"},"modified":"2025-09-28T17:48:46","modified_gmt":"2025-09-28T15:48:46","slug":"annemarie-borlind-machiaj-lichid-natuwear-foundation-30-ml-beige","status":"publish","type":"product","link":"https:\/\/shopatoa.com\/ro\/annemarie-borlind-machiaj-lichid-natuwear-foundation-30-ml-beige\/","title":{"rendered":"ANNEMARIE BORLIND Machiaj lichid (Natuwear Foundation) 30 ml Beige"},"content":{"rendered":"<p>Machiajul de ten Natuwear Foundation m\u0103re\u0219te str\u0103lucirea pielii \u0219i redefine\u0219te conturul fe\u021bei pentru o \u00eengrijire eficient\u0103 a pielii anti-\u00eemb\u0103tr\u00e2nire. Este \u00eembog\u0103\u021bit cu uleiuri naturale \u0219i substan\u021be din Namibia \u0219i Guatemala, precum uleiul de marula \u0219i aloe vera organic. Aceste ingrediente ajut\u0103 la men\u021binerea pielii hidratate, suple \u0219i str\u0103lucitoare, ceea ce contribuie la aspectul s\u0103u s\u0103n\u0103tos. \u00cen plus, con\u021bine un efect de focalizare fin\u0103 care ajut\u0103 la netezirea liniilor fine \u0219i a imperfec\u021biunilor pielii.<\/p>\n","protected":false},"excerpt":{"rendered":"<p>Machiajul de ten Natuwear Foundation m\u0103re\u0219te str\u0103lucirea pielii \u0219i redefine\u0219te conturul fe\u021bei pentru o \u00eengrijire eficient\u0103 a pielii anti-\u00eemb\u0103tr\u00e2nire. Este \u00eembog\u0103\u021bit cu uleiuri naturale \u0219i substan\u021be din Namibia \u0219i Guatemala, precum uleiul de marula \u0219i aloe vera organic. Aceste ingrediente ajut\u0103 la men\u021binerea pielii hidratate, suple \u0219i str\u0103lucitoare, ceea ce contribuie la aspectul s\u0103u s\u0103n\u0103tos&#8230;.<\/p>\n","protected":false},"featured_media":275022,"comment_status":"closed","ping_status":"open","template":"","meta":{"_acf_changed":false,"_kadence_starter_templates_imported_post":false,"_kad_post_transparent":"","_kad_post_title":"","_kad_post_layout":"","_kad_post_sidebar_id":"","_kad_post_content_style":"","_kad_post_vertical_padding":"","_kad_post_feature":"","_kad_post_feature_position":"","_kad_post_header":false,"_kad_post_footer":false,"_kad_post_classname":""},"product_brand":[112],"product_cat":[246,609,616,705],"product_tag":[],"class_list":{"0":"post-275021","1":"product","2":"type-product","3":"status-publish","4":"has-post-thumbnail","6":"product_brand-annemarie-borlind","7":"product_cat-cosmetice","8":"product_cat-cosmetice-decorative","9":"product_cat-machiaj-pentru-fata","10":"product_cat-make-ups","12":"first","13":"instock","14":"product-type-external","15":"entry","16":"content-bg","17":"loop-entry"},"acf":[],"yoast_head":"<!-- This site is optimized with the Yoast SEO plugin v27.3 - https:\/\/yoast.com\/product\/yoast-seo-wordpress\/ -->\n<title>ANNEMARIE BORLIND Machiaj lichid (Natuwear Foundation) 30 ml Beige - SHOPATOA.COM<\/title>\n<meta name=\"robots\" content=\"index, follow, max-snippet:-1, max-image-preview:large, max-video-preview:-1\" \/>\n<link rel=\"canonical\" href=\"https:\/\/shopatoa.com\/ro\/annemarie-borlind-machiaj-lichid-natuwear-foundation-30-ml-beige\/\" \/>\n<meta property=\"og:locale\" content=\"ro_RO\" \/>\n<meta property=\"og:type\" content=\"article\" \/>\n<meta property=\"og:title\" content=\"ANNEMARIE BORLIND Machiaj lichid (Natuwear Foundation) 30 ml Beige - SHOPATOA.COM\" \/>\n<meta property=\"og:description\" content=\"Machiajul de ten Natuwear Foundation m\u0103re\u0219te str\u0103lucirea pielii \u0219i redefine\u0219te conturul fe\u021bei pentru o \u00eengrijire eficient\u0103 a pielii anti-\u00eemb\u0103tr\u00e2nire. Este \u00eembog\u0103\u021bit cu uleiuri naturale \u0219i substan\u021be din Namibia \u0219i Guatemala, precum uleiul de marula \u0219i aloe vera organic. Aceste ingrediente ajut\u0103 la men\u021binerea pielii hidratate, suple \u0219i str\u0103lucitoare, ceea ce contribuie la aspectul s\u0103u s\u0103n\u0103tos....\" \/>\n<meta property=\"og:url\" content=\"https:\/\/shopatoa.com\/ro\/annemarie-borlind-machiaj-lichid-natuwear-foundation-30-ml-beige\/\" \/>\n<meta property=\"og:site_name\" content=\"SHOPATOA\" \/>\n<meta property=\"article:modified_time\" content=\"2025-09-28T15:48:46+00:00\" \/>\n<meta property=\"og:image\" content=\"https:\/\/storage.googleapis.com\/cz-shopatoa-img\/ro\/89642cfd-unnamed-file.webp\" \/>\n\t<meta property=\"og:image:width\" content=\"800\" \/>\n\t<meta property=\"og:image:height\" content=\"800\" \/>\n\t<meta property=\"og:image:type\" content=\"image\/webp\" \/>\n<meta name=\"twitter:card\" content=\"summary_large_image\" \/>\n<script type=\"application\/ld+json\" class=\"yoast-schema-graph\">{\"@context\":\"https:\\\/\\\/schema.org\",\"@graph\":[{\"@type\":\"WebPage\",\"@id\":\"https:\\\/\\\/shopatoa.com\\\/ro\\\/annemarie-borlind-machiaj-lichid-natuwear-foundation-30-ml-beige\\\/\",\"url\":\"https:\\\/\\\/shopatoa.com\\\/ro\\\/annemarie-borlind-machiaj-lichid-natuwear-foundation-30-ml-beige\\\/\",\"name\":\"ANNEMARIE BORLIND Machiaj lichid (Natuwear Foundation) 30 ml Beige - SHOPATOA.COM\",\"isPartOf\":{\"@id\":\"https:\\\/\\\/shopatoa.com\\\/ro\\\/#website\"},\"primaryImageOfPage\":{\"@id\":\"https:\\\/\\\/shopatoa.com\\\/ro\\\/annemarie-borlind-machiaj-lichid-natuwear-foundation-30-ml-beige\\\/#primaryimage\"},\"image\":{\"@id\":\"https:\\\/\\\/shopatoa.com\\\/ro\\\/annemarie-borlind-machiaj-lichid-natuwear-foundation-30-ml-beige\\\/#primaryimage\"},\"thumbnailUrl\":\"https:\\\/\\\/storage.googleapis.com\\\/cz-shopatoa-img\\\/ro\\\/89642cfd-unnamed-file.webp\",\"datePublished\":\"2025-04-29T21:21:15+00:00\",\"dateModified\":\"2025-09-28T15:48:46+00:00\",\"breadcrumb\":{\"@id\":\"https:\\\/\\\/shopatoa.com\\\/ro\\\/annemarie-borlind-machiaj-lichid-natuwear-foundation-30-ml-beige\\\/#breadcrumb\"},\"inLanguage\":\"ro-RO\",\"potentialAction\":[{\"@type\":\"ReadAction\",\"target\":[\"https:\\\/\\\/shopatoa.com\\\/ro\\\/annemarie-borlind-machiaj-lichid-natuwear-foundation-30-ml-beige\\\/\"]}]},{\"@type\":\"ImageObject\",\"inLanguage\":\"ro-RO\",\"@id\":\"https:\\\/\\\/shopatoa.com\\\/ro\\\/annemarie-borlind-machiaj-lichid-natuwear-foundation-30-ml-beige\\\/#primaryimage\",\"url\":\"https:\\\/\\\/storage.googleapis.com\\\/cz-shopatoa-img\\\/ro\\\/89642cfd-unnamed-file.webp\",\"contentUrl\":\"https:\\\/\\\/storage.googleapis.com\\\/cz-shopatoa-img\\\/ro\\\/89642cfd-unnamed-file.webp\",\"width\":800,\"height\":800},{\"@type\":\"BreadcrumbList\",\"@id\":\"https:\\\/\\\/shopatoa.com\\\/ro\\\/annemarie-borlind-machiaj-lichid-natuwear-foundation-30-ml-beige\\\/#breadcrumb\",\"itemListElement\":[{\"@type\":\"ListItem\",\"position\":1,\"name\":\"Dom\u016f\",\"item\":\"https:\\\/\\\/shopatoa.com\\\/ro\\\/\"},{\"@type\":\"ListItem\",\"position\":2,\"name\":\"Shop\",\"item\":\"https:\\\/\\\/shopatoa.com\\\/ro\\\/shop\\\/\"},{\"@type\":\"ListItem\",\"position\":3,\"name\":\"Cosmetice\",\"item\":\"https:\\\/\\\/shopatoa.com\\\/ro\\\/cosmetice\\\/\"},{\"@type\":\"ListItem\",\"position\":4,\"name\":\"Cosmetice decorative\",\"item\":\"https:\\\/\\\/shopatoa.com\\\/ro\\\/cosmetice-decorative\\\/\"},{\"@type\":\"ListItem\",\"position\":5,\"name\":\"Machiaj pentru fa\u021ba\",\"item\":\"https:\\\/\\\/shopatoa.com\\\/ro\\\/machiaj-pentru-fata\\\/\"},{\"@type\":\"ListItem\",\"position\":6,\"name\":\"Make-ups\",\"item\":\"https:\\\/\\\/shopatoa.com\\\/ro\\\/make-ups\\\/\"},{\"@type\":\"ListItem\",\"position\":7,\"name\":\"ANNEMARIE BORLIND Machiaj lichid (Natuwear Foundation) 30 ml Beige\"}]},{\"@type\":\"WebSite\",\"@id\":\"https:\\\/\\\/shopatoa.com\\\/ro\\\/#website\",\"url\":\"https:\\\/\\\/shopatoa.com\\\/ro\\\/\",\"name\":\"SHOPATOA\",\"description\":\"\",\"publisher\":{\"@id\":\"https:\\\/\\\/shopatoa.com\\\/ro\\\/#organization\"},\"potentialAction\":[{\"@type\":\"SearchAction\",\"target\":{\"@type\":\"EntryPoint\",\"urlTemplate\":\"https:\\\/\\\/shopatoa.com\\\/ro\\\/?s={search_term_string}\"},\"query-input\":{\"@type\":\"PropertyValueSpecification\",\"valueRequired\":true,\"valueName\":\"search_term_string\"}}],\"inLanguage\":\"ro-RO\"},{\"@type\":\"Organization\",\"@id\":\"https:\\\/\\\/shopatoa.com\\\/ro\\\/#organization\",\"name\":\"SHOPATOA\",\"url\":\"https:\\\/\\\/shopatoa.com\\\/ro\\\/\",\"logo\":{\"@type\":\"ImageObject\",\"inLanguage\":\"ro-RO\",\"@id\":\"https:\\\/\\\/shopatoa.com\\\/ro\\\/#\\\/schema\\\/logo\\\/image\\\/\",\"url\":\"https:\\\/\\\/storage.googleapis.com\\\/cz-shopatoa-img\\\/ro\\\/b4dac915-shopatoa_logo.png\",\"contentUrl\":\"https:\\\/\\\/storage.googleapis.com\\\/cz-shopatoa-img\\\/ro\\\/b4dac915-shopatoa_logo.png\",\"width\":416,\"height\":63,\"caption\":\"SHOPATOA\"},\"image\":{\"@id\":\"https:\\\/\\\/shopatoa.com\\\/ro\\\/#\\\/schema\\\/logo\\\/image\\\/\"}}]}<\/script>\n<!-- \/ Yoast SEO plugin. -->","yoast_head_json":{"title":"ANNEMARIE BORLIND Machiaj lichid (Natuwear Foundation) 30 ml Beige - SHOPATOA.COM","robots":{"index":"index","follow":"follow","max-snippet":"max-snippet:-1","max-image-preview":"max-image-preview:large","max-video-preview":"max-video-preview:-1"},"canonical":"https:\/\/shopatoa.com\/ro\/annemarie-borlind-machiaj-lichid-natuwear-foundation-30-ml-beige\/","og_locale":"ro_RO","og_type":"article","og_title":"ANNEMARIE BORLIND Machiaj lichid (Natuwear Foundation) 30 ml Beige - SHOPATOA.COM","og_description":"Machiajul de ten Natuwear Foundation m\u0103re\u0219te str\u0103lucirea pielii \u0219i redefine\u0219te conturul fe\u021bei pentru o \u00eengrijire eficient\u0103 a pielii anti-\u00eemb\u0103tr\u00e2nire. Este \u00eembog\u0103\u021bit cu uleiuri naturale \u0219i substan\u021be din Namibia \u0219i Guatemala, precum uleiul de marula \u0219i aloe vera organic. Aceste ingrediente ajut\u0103 la men\u021binerea pielii hidratate, suple \u0219i str\u0103lucitoare, ceea ce contribuie la aspectul s\u0103u s\u0103n\u0103tos....","og_url":"https:\/\/shopatoa.com\/ro\/annemarie-borlind-machiaj-lichid-natuwear-foundation-30-ml-beige\/","og_site_name":"SHOPATOA","article_modified_time":"2025-09-28T15:48:46+00:00","og_image":[{"width":800,"height":800,"url":"https:\/\/storage.googleapis.com\/cz-shopatoa-img\/ro\/89642cfd-unnamed-file.webp","type":"image\/webp"}],"twitter_card":"summary_large_image","schema":{"@context":"https:\/\/schema.org","@graph":[{"@type":"WebPage","@id":"https:\/\/shopatoa.com\/ro\/annemarie-borlind-machiaj-lichid-natuwear-foundation-30-ml-beige\/","url":"https:\/\/shopatoa.com\/ro\/annemarie-borlind-machiaj-lichid-natuwear-foundation-30-ml-beige\/","name":"ANNEMARIE BORLIND Machiaj lichid (Natuwear Foundation) 30 ml Beige - SHOPATOA.COM","isPartOf":{"@id":"https:\/\/shopatoa.com\/ro\/#website"},"primaryImageOfPage":{"@id":"https:\/\/shopatoa.com\/ro\/annemarie-borlind-machiaj-lichid-natuwear-foundation-30-ml-beige\/#primaryimage"},"image":{"@id":"https:\/\/shopatoa.com\/ro\/annemarie-borlind-machiaj-lichid-natuwear-foundation-30-ml-beige\/#primaryimage"},"thumbnailUrl":"https:\/\/storage.googleapis.com\/cz-shopatoa-img\/ro\/89642cfd-unnamed-file.webp","datePublished":"2025-04-29T21:21:15+00:00","dateModified":"2025-09-28T15:48:46+00:00","breadcrumb":{"@id":"https:\/\/shopatoa.com\/ro\/annemarie-borlind-machiaj-lichid-natuwear-foundation-30-ml-beige\/#breadcrumb"},"inLanguage":"ro-RO","potentialAction":[{"@type":"ReadAction","target":["https:\/\/shopatoa.com\/ro\/annemarie-borlind-machiaj-lichid-natuwear-foundation-30-ml-beige\/"]}]},{"@type":"ImageObject","inLanguage":"ro-RO","@id":"https:\/\/shopatoa.com\/ro\/annemarie-borlind-machiaj-lichid-natuwear-foundation-30-ml-beige\/#primaryimage","url":"https:\/\/storage.googleapis.com\/cz-shopatoa-img\/ro\/89642cfd-unnamed-file.webp","contentUrl":"https:\/\/storage.googleapis.com\/cz-shopatoa-img\/ro\/89642cfd-unnamed-file.webp","width":800,"height":800},{"@type":"BreadcrumbList","@id":"https:\/\/shopatoa.com\/ro\/annemarie-borlind-machiaj-lichid-natuwear-foundation-30-ml-beige\/#breadcrumb","itemListElement":[{"@type":"ListItem","position":1,"name":"Dom\u016f","item":"https:\/\/shopatoa.com\/ro\/"},{"@type":"ListItem","position":2,"name":"Shop","item":"https:\/\/shopatoa.com\/ro\/shop\/"},{"@type":"ListItem","position":3,"name":"Cosmetice","item":"https:\/\/shopatoa.com\/ro\/cosmetice\/"},{"@type":"ListItem","position":4,"name":"Cosmetice decorative","item":"https:\/\/shopatoa.com\/ro\/cosmetice-decorative\/"},{"@type":"ListItem","position":5,"name":"Machiaj pentru fa\u021ba","item":"https:\/\/shopatoa.com\/ro\/machiaj-pentru-fata\/"},{"@type":"ListItem","position":6,"name":"Make-ups","item":"https:\/\/shopatoa.com\/ro\/make-ups\/"},{"@type":"ListItem","position":7,"name":"ANNEMARIE BORLIND Machiaj lichid (Natuwear Foundation) 30 ml Beige"}]},{"@type":"WebSite","@id":"https:\/\/shopatoa.com\/ro\/#website","url":"https:\/\/shopatoa.com\/ro\/","name":"SHOPATOA","description":"","publisher":{"@id":"https:\/\/shopatoa.com\/ro\/#organization"},"potentialAction":[{"@type":"SearchAction","target":{"@type":"EntryPoint","urlTemplate":"https:\/\/shopatoa.com\/ro\/?s={search_term_string}"},"query-input":{"@type":"PropertyValueSpecification","valueRequired":true,"valueName":"search_term_string"}}],"inLanguage":"ro-RO"},{"@type":"Organization","@id":"https:\/\/shopatoa.com\/ro\/#organization","name":"SHOPATOA","url":"https:\/\/shopatoa.com\/ro\/","logo":{"@type":"ImageObject","inLanguage":"ro-RO","@id":"https:\/\/shopatoa.com\/ro\/#\/schema\/logo\/image\/","url":"https:\/\/storage.googleapis.com\/cz-shopatoa-img\/ro\/b4dac915-shopatoa_logo.png","contentUrl":"https:\/\/storage.googleapis.com\/cz-shopatoa-img\/ro\/b4dac915-shopatoa_logo.png","width":416,"height":63,"caption":"SHOPATOA"},"image":{"@id":"https:\/\/shopatoa.com\/ro\/#\/schema\/logo\/image\/"}}]}},"_links":{"self":[{"href":"https:\/\/shopatoa.com\/ro\/wp-json\/wp\/v2\/product\/275021","targetHints":{"allow":["GET"]}}],"collection":[{"href":"https:\/\/shopatoa.com\/ro\/wp-json\/wp\/v2\/product"}],"about":[{"href":"https:\/\/shopatoa.com\/ro\/wp-json\/wp\/v2\/types\/product"}],"replies":[{"embeddable":true,"href":"https:\/\/shopatoa.com\/ro\/wp-json\/wp\/v2\/comments?post=275021"}],"wp:featuredmedia":[{"embeddable":true,"href":"https:\/\/shopatoa.com\/ro\/wp-json\/wp\/v2\/media\/275022"}],"wp:attachment":[{"href":"https:\/\/shopatoa.com\/ro\/wp-json\/wp\/v2\/media?parent=275021"}],"wp:term":[{"taxonomy":"product_brand","embeddable":true,"href":"https:\/\/shopatoa.com\/ro\/wp-json\/wp\/v2\/product_brand?post=275021"},{"taxonomy":"product_cat","embeddable":true,"href":"https:\/\/shopatoa.com\/ro\/wp-json\/wp\/v2\/product_cat?post=275021"},{"taxonomy":"product_tag","embeddable":true,"href":"https:\/\/shopatoa.com\/ro\/wp-json\/wp\/v2\/product_tag?post=275021"}],"curies":[{"name":"wp","href":"https:\/\/api.w.org\/{rel}","templated":true}]}}