{"id":275049,"date":"2025-04-29T23:26:23","date_gmt":"2025-04-29T21:26:23","guid":{"rendered":"https:\/\/shopatoa.com\/ro\/sosu-cosmetics-set-cadou-de-gene-false-gigi-mini-lash-set\/"},"modified":"2025-11-30T17:44:59","modified_gmt":"2025-11-30T16:44:59","slug":"sosu-cosmetics-set-cadou-de-gene-false-gigi-mini-lash-set","status":"publish","type":"product","link":"https:\/\/shopatoa.com\/ro\/sosu-cosmetics-set-cadou-de-gene-false-gigi-mini-lash-set\/","title":{"rendered":"SOSU Cosmetics Set cadou de gene false Gigi Mini Lash Set"},"content":{"rendered":"<p>Setul con\u021bine: Gene false Gigi Mini adeziv pentru gene Pachet de Cr\u0103ciun de gene false cu band\u0103 transparent\u0103 pentru gene \u0219i mini adeziv. Aceste gene false sunt concepute pentru efectul unui aspect mai plin \u0219i mai expresiv. Banda transparent\u0103 pentru gene permite aplicarea u\u0219oar\u0103 \u0219i asigur\u0103 c\u0103 genele vor ar\u0103ta c\u00e2t mai naturale. Sunt u\u0219oare, confortabile \u0219i u\u0219or de combinat cu propriile gene. Lipiciul mini din pachet este puternic \u0219i de lung\u0103 durat\u0103, asigur\u00e2ndu-v\u0103 c\u0103 genele dumneavoastr\u0103 r\u0103m\u00e2n pe loc toat\u0103 ziua. Este transparent \u0219i astfel asigur\u0103 cel mai natural aspect. Acest pachet este solu\u021bia ideal\u0103 pentru cei care doresc s\u0103-\u0219i \u00eembun\u0103t\u0103\u021beasc\u0103 aspectul \u0219i s\u0103 adauge mai mult\u0103 expresie ochilor.<\/p>\n","protected":false},"excerpt":{"rendered":"<p>Setul con\u021bine: Gene false Gigi Mini adeziv pentru gene Pachet de Cr\u0103ciun de gene false cu band\u0103 transparent\u0103 pentru gene \u0219i mini adeziv. Aceste gene false sunt concepute pentru efectul unui aspect mai plin \u0219i mai expresiv. Banda transparent\u0103 pentru gene permite aplicarea u\u0219oar\u0103 \u0219i asigur\u0103 c\u0103 genele vor ar\u0103ta c\u00e2t mai naturale. Sunt u\u0219oare,&#8230;<\/p>\n","protected":false},"featured_media":275050,"comment_status":"closed","ping_status":"open","template":"","meta":{"_acf_changed":false,"_kadence_starter_templates_imported_post":false,"_kad_post_transparent":"","_kad_post_title":"","_kad_post_layout":"","_kad_post_sidebar_id":"","_kad_post_content_style":"","_kad_post_vertical_padding":"","_kad_post_feature":"","_kad_post_feature_position":"","_kad_post_header":false,"_kad_post_footer":false,"_kad_post_classname":""},"product_brand":[896],"product_cat":[246,609,915,631],"product_tag":[],"class_list":{"0":"post-275049","1":"product","2":"type-product","3":"status-publish","4":"has-post-thumbnail","6":"product_brand-sosu-cosmetics","7":"product_cat-cosmetice","8":"product_cat-cosmetice-decorative","9":"product_cat-gene-false","10":"product_cat-machiaj-pentru-ochi","12":"first","13":"instock","14":"product-type-external","15":"entry","16":"content-bg","17":"loop-entry"},"acf":[],"yoast_head":"<!-- This site is optimized with the Yoast SEO plugin v27.3 - https:\/\/yoast.com\/product\/yoast-seo-wordpress\/ -->\n<title>SOSU Cosmetics Set cadou de gene false Gigi Mini Lash Set - SHOPATOA.COM<\/title>\n<meta name=\"robots\" content=\"index, follow, max-snippet:-1, max-image-preview:large, max-video-preview:-1\" \/>\n<link rel=\"canonical\" href=\"https:\/\/shopatoa.com\/ro\/sosu-cosmetics-set-cadou-de-gene-false-gigi-mini-lash-set\/\" \/>\n<meta property=\"og:locale\" content=\"ro_RO\" \/>\n<meta property=\"og:type\" content=\"article\" \/>\n<meta property=\"og:title\" content=\"SOSU Cosmetics Set cadou de gene false Gigi Mini Lash Set - SHOPATOA.COM\" \/>\n<meta property=\"og:description\" content=\"Setul con\u021bine: Gene false Gigi Mini adeziv pentru gene Pachet de Cr\u0103ciun de gene false cu band\u0103 transparent\u0103 pentru gene \u0219i mini adeziv. Aceste gene false sunt concepute pentru efectul unui aspect mai plin \u0219i mai expresiv. Banda transparent\u0103 pentru gene permite aplicarea u\u0219oar\u0103 \u0219i asigur\u0103 c\u0103 genele vor ar\u0103ta c\u00e2t mai naturale. Sunt u\u0219oare,...\" \/>\n<meta property=\"og:url\" content=\"https:\/\/shopatoa.com\/ro\/sosu-cosmetics-set-cadou-de-gene-false-gigi-mini-lash-set\/\" \/>\n<meta property=\"og:site_name\" content=\"SHOPATOA\" \/>\n<meta property=\"article:modified_time\" content=\"2025-11-30T16:44:59+00:00\" \/>\n<meta property=\"og:image\" content=\"https:\/\/storage.googleapis.com\/cz-shopatoa-img\/ro\/5c8cad7e-unnamed-file.webp\" \/>\n\t<meta property=\"og:image:width\" content=\"800\" \/>\n\t<meta property=\"og:image:height\" content=\"800\" \/>\n\t<meta property=\"og:image:type\" content=\"image\/webp\" \/>\n<meta name=\"twitter:card\" content=\"summary_large_image\" \/>\n<meta name=\"twitter:label1\" content=\"Timp estimat pentru citire\" \/>\n\t<meta name=\"twitter:data1\" content=\"1 minut\" \/>\n<script type=\"application\/ld+json\" class=\"yoast-schema-graph\">{\"@context\":\"https:\\\/\\\/schema.org\",\"@graph\":[{\"@type\":\"WebPage\",\"@id\":\"https:\\\/\\\/shopatoa.com\\\/ro\\\/sosu-cosmetics-set-cadou-de-gene-false-gigi-mini-lash-set\\\/\",\"url\":\"https:\\\/\\\/shopatoa.com\\\/ro\\\/sosu-cosmetics-set-cadou-de-gene-false-gigi-mini-lash-set\\\/\",\"name\":\"SOSU Cosmetics Set cadou de gene false Gigi Mini Lash Set - SHOPATOA.COM\",\"isPartOf\":{\"@id\":\"https:\\\/\\\/shopatoa.com\\\/ro\\\/#website\"},\"primaryImageOfPage\":{\"@id\":\"https:\\\/\\\/shopatoa.com\\\/ro\\\/sosu-cosmetics-set-cadou-de-gene-false-gigi-mini-lash-set\\\/#primaryimage\"},\"image\":{\"@id\":\"https:\\\/\\\/shopatoa.com\\\/ro\\\/sosu-cosmetics-set-cadou-de-gene-false-gigi-mini-lash-set\\\/#primaryimage\"},\"thumbnailUrl\":\"https:\\\/\\\/storage.googleapis.com\\\/cz-shopatoa-img\\\/ro\\\/5c8cad7e-unnamed-file.webp\",\"datePublished\":\"2025-04-29T21:26:23+00:00\",\"dateModified\":\"2025-11-30T16:44:59+00:00\",\"breadcrumb\":{\"@id\":\"https:\\\/\\\/shopatoa.com\\\/ro\\\/sosu-cosmetics-set-cadou-de-gene-false-gigi-mini-lash-set\\\/#breadcrumb\"},\"inLanguage\":\"ro-RO\",\"potentialAction\":[{\"@type\":\"ReadAction\",\"target\":[\"https:\\\/\\\/shopatoa.com\\\/ro\\\/sosu-cosmetics-set-cadou-de-gene-false-gigi-mini-lash-set\\\/\"]}]},{\"@type\":\"ImageObject\",\"inLanguage\":\"ro-RO\",\"@id\":\"https:\\\/\\\/shopatoa.com\\\/ro\\\/sosu-cosmetics-set-cadou-de-gene-false-gigi-mini-lash-set\\\/#primaryimage\",\"url\":\"https:\\\/\\\/storage.googleapis.com\\\/cz-shopatoa-img\\\/ro\\\/5c8cad7e-unnamed-file.webp\",\"contentUrl\":\"https:\\\/\\\/storage.googleapis.com\\\/cz-shopatoa-img\\\/ro\\\/5c8cad7e-unnamed-file.webp\",\"width\":800,\"height\":800},{\"@type\":\"BreadcrumbList\",\"@id\":\"https:\\\/\\\/shopatoa.com\\\/ro\\\/sosu-cosmetics-set-cadou-de-gene-false-gigi-mini-lash-set\\\/#breadcrumb\",\"itemListElement\":[{\"@type\":\"ListItem\",\"position\":1,\"name\":\"Dom\u016f\",\"item\":\"https:\\\/\\\/shopatoa.com\\\/ro\\\/\"},{\"@type\":\"ListItem\",\"position\":2,\"name\":\"Shop\",\"item\":\"https:\\\/\\\/shopatoa.com\\\/ro\\\/shop\\\/\"},{\"@type\":\"ListItem\",\"position\":3,\"name\":\"Cosmetice\",\"item\":\"https:\\\/\\\/shopatoa.com\\\/ro\\\/cosmetice\\\/\"},{\"@type\":\"ListItem\",\"position\":4,\"name\":\"Cosmetice decorative\",\"item\":\"https:\\\/\\\/shopatoa.com\\\/ro\\\/cosmetice-decorative\\\/\"},{\"@type\":\"ListItem\",\"position\":5,\"name\":\"Machiaj pentru ochi\",\"item\":\"https:\\\/\\\/shopatoa.com\\\/ro\\\/machiaj-pentru-ochi\\\/\"},{\"@type\":\"ListItem\",\"position\":6,\"name\":\"Gene false\",\"item\":\"https:\\\/\\\/shopatoa.com\\\/ro\\\/gene-false\\\/\"},{\"@type\":\"ListItem\",\"position\":7,\"name\":\"SOSU Cosmetics Set cadou de gene false Gigi Mini Lash Set\"}]},{\"@type\":\"WebSite\",\"@id\":\"https:\\\/\\\/shopatoa.com\\\/ro\\\/#website\",\"url\":\"https:\\\/\\\/shopatoa.com\\\/ro\\\/\",\"name\":\"SHOPATOA\",\"description\":\"\",\"publisher\":{\"@id\":\"https:\\\/\\\/shopatoa.com\\\/ro\\\/#organization\"},\"potentialAction\":[{\"@type\":\"SearchAction\",\"target\":{\"@type\":\"EntryPoint\",\"urlTemplate\":\"https:\\\/\\\/shopatoa.com\\\/ro\\\/?s={search_term_string}\"},\"query-input\":{\"@type\":\"PropertyValueSpecification\",\"valueRequired\":true,\"valueName\":\"search_term_string\"}}],\"inLanguage\":\"ro-RO\"},{\"@type\":\"Organization\",\"@id\":\"https:\\\/\\\/shopatoa.com\\\/ro\\\/#organization\",\"name\":\"SHOPATOA\",\"url\":\"https:\\\/\\\/shopatoa.com\\\/ro\\\/\",\"logo\":{\"@type\":\"ImageObject\",\"inLanguage\":\"ro-RO\",\"@id\":\"https:\\\/\\\/shopatoa.com\\\/ro\\\/#\\\/schema\\\/logo\\\/image\\\/\",\"url\":\"https:\\\/\\\/storage.googleapis.com\\\/cz-shopatoa-img\\\/ro\\\/b4dac915-shopatoa_logo.png\",\"contentUrl\":\"https:\\\/\\\/storage.googleapis.com\\\/cz-shopatoa-img\\\/ro\\\/b4dac915-shopatoa_logo.png\",\"width\":416,\"height\":63,\"caption\":\"SHOPATOA\"},\"image\":{\"@id\":\"https:\\\/\\\/shopatoa.com\\\/ro\\\/#\\\/schema\\\/logo\\\/image\\\/\"}}]}<\/script>\n<!-- \/ Yoast SEO plugin. -->","yoast_head_json":{"title":"SOSU Cosmetics Set cadou de gene false Gigi Mini Lash Set - SHOPATOA.COM","robots":{"index":"index","follow":"follow","max-snippet":"max-snippet:-1","max-image-preview":"max-image-preview:large","max-video-preview":"max-video-preview:-1"},"canonical":"https:\/\/shopatoa.com\/ro\/sosu-cosmetics-set-cadou-de-gene-false-gigi-mini-lash-set\/","og_locale":"ro_RO","og_type":"article","og_title":"SOSU Cosmetics Set cadou de gene false Gigi Mini Lash Set - SHOPATOA.COM","og_description":"Setul con\u021bine: Gene false Gigi Mini adeziv pentru gene Pachet de Cr\u0103ciun de gene false cu band\u0103 transparent\u0103 pentru gene \u0219i mini adeziv. Aceste gene false sunt concepute pentru efectul unui aspect mai plin \u0219i mai expresiv. Banda transparent\u0103 pentru gene permite aplicarea u\u0219oar\u0103 \u0219i asigur\u0103 c\u0103 genele vor ar\u0103ta c\u00e2t mai naturale. Sunt u\u0219oare,...","og_url":"https:\/\/shopatoa.com\/ro\/sosu-cosmetics-set-cadou-de-gene-false-gigi-mini-lash-set\/","og_site_name":"SHOPATOA","article_modified_time":"2025-11-30T16:44:59+00:00","og_image":[{"width":800,"height":800,"url":"https:\/\/storage.googleapis.com\/cz-shopatoa-img\/ro\/5c8cad7e-unnamed-file.webp","type":"image\/webp"}],"twitter_card":"summary_large_image","twitter_misc":{"Timp estimat pentru citire":"1 minut"},"schema":{"@context":"https:\/\/schema.org","@graph":[{"@type":"WebPage","@id":"https:\/\/shopatoa.com\/ro\/sosu-cosmetics-set-cadou-de-gene-false-gigi-mini-lash-set\/","url":"https:\/\/shopatoa.com\/ro\/sosu-cosmetics-set-cadou-de-gene-false-gigi-mini-lash-set\/","name":"SOSU Cosmetics Set cadou de gene false Gigi Mini Lash Set - SHOPATOA.COM","isPartOf":{"@id":"https:\/\/shopatoa.com\/ro\/#website"},"primaryImageOfPage":{"@id":"https:\/\/shopatoa.com\/ro\/sosu-cosmetics-set-cadou-de-gene-false-gigi-mini-lash-set\/#primaryimage"},"image":{"@id":"https:\/\/shopatoa.com\/ro\/sosu-cosmetics-set-cadou-de-gene-false-gigi-mini-lash-set\/#primaryimage"},"thumbnailUrl":"https:\/\/storage.googleapis.com\/cz-shopatoa-img\/ro\/5c8cad7e-unnamed-file.webp","datePublished":"2025-04-29T21:26:23+00:00","dateModified":"2025-11-30T16:44:59+00:00","breadcrumb":{"@id":"https:\/\/shopatoa.com\/ro\/sosu-cosmetics-set-cadou-de-gene-false-gigi-mini-lash-set\/#breadcrumb"},"inLanguage":"ro-RO","potentialAction":[{"@type":"ReadAction","target":["https:\/\/shopatoa.com\/ro\/sosu-cosmetics-set-cadou-de-gene-false-gigi-mini-lash-set\/"]}]},{"@type":"ImageObject","inLanguage":"ro-RO","@id":"https:\/\/shopatoa.com\/ro\/sosu-cosmetics-set-cadou-de-gene-false-gigi-mini-lash-set\/#primaryimage","url":"https:\/\/storage.googleapis.com\/cz-shopatoa-img\/ro\/5c8cad7e-unnamed-file.webp","contentUrl":"https:\/\/storage.googleapis.com\/cz-shopatoa-img\/ro\/5c8cad7e-unnamed-file.webp","width":800,"height":800},{"@type":"BreadcrumbList","@id":"https:\/\/shopatoa.com\/ro\/sosu-cosmetics-set-cadou-de-gene-false-gigi-mini-lash-set\/#breadcrumb","itemListElement":[{"@type":"ListItem","position":1,"name":"Dom\u016f","item":"https:\/\/shopatoa.com\/ro\/"},{"@type":"ListItem","position":2,"name":"Shop","item":"https:\/\/shopatoa.com\/ro\/shop\/"},{"@type":"ListItem","position":3,"name":"Cosmetice","item":"https:\/\/shopatoa.com\/ro\/cosmetice\/"},{"@type":"ListItem","position":4,"name":"Cosmetice decorative","item":"https:\/\/shopatoa.com\/ro\/cosmetice-decorative\/"},{"@type":"ListItem","position":5,"name":"Machiaj pentru ochi","item":"https:\/\/shopatoa.com\/ro\/machiaj-pentru-ochi\/"},{"@type":"ListItem","position":6,"name":"Gene false","item":"https:\/\/shopatoa.com\/ro\/gene-false\/"},{"@type":"ListItem","position":7,"name":"SOSU Cosmetics Set cadou de gene false Gigi Mini Lash Set"}]},{"@type":"WebSite","@id":"https:\/\/shopatoa.com\/ro\/#website","url":"https:\/\/shopatoa.com\/ro\/","name":"SHOPATOA","description":"","publisher":{"@id":"https:\/\/shopatoa.com\/ro\/#organization"},"potentialAction":[{"@type":"SearchAction","target":{"@type":"EntryPoint","urlTemplate":"https:\/\/shopatoa.com\/ro\/?s={search_term_string}"},"query-input":{"@type":"PropertyValueSpecification","valueRequired":true,"valueName":"search_term_string"}}],"inLanguage":"ro-RO"},{"@type":"Organization","@id":"https:\/\/shopatoa.com\/ro\/#organization","name":"SHOPATOA","url":"https:\/\/shopatoa.com\/ro\/","logo":{"@type":"ImageObject","inLanguage":"ro-RO","@id":"https:\/\/shopatoa.com\/ro\/#\/schema\/logo\/image\/","url":"https:\/\/storage.googleapis.com\/cz-shopatoa-img\/ro\/b4dac915-shopatoa_logo.png","contentUrl":"https:\/\/storage.googleapis.com\/cz-shopatoa-img\/ro\/b4dac915-shopatoa_logo.png","width":416,"height":63,"caption":"SHOPATOA"},"image":{"@id":"https:\/\/shopatoa.com\/ro\/#\/schema\/logo\/image\/"}}]}},"_links":{"self":[{"href":"https:\/\/shopatoa.com\/ro\/wp-json\/wp\/v2\/product\/275049","targetHints":{"allow":["GET"]}}],"collection":[{"href":"https:\/\/shopatoa.com\/ro\/wp-json\/wp\/v2\/product"}],"about":[{"href":"https:\/\/shopatoa.com\/ro\/wp-json\/wp\/v2\/types\/product"}],"replies":[{"embeddable":true,"href":"https:\/\/shopatoa.com\/ro\/wp-json\/wp\/v2\/comments?post=275049"}],"wp:featuredmedia":[{"embeddable":true,"href":"https:\/\/shopatoa.com\/ro\/wp-json\/wp\/v2\/media\/275050"}],"wp:attachment":[{"href":"https:\/\/shopatoa.com\/ro\/wp-json\/wp\/v2\/media?parent=275049"}],"wp:term":[{"taxonomy":"product_brand","embeddable":true,"href":"https:\/\/shopatoa.com\/ro\/wp-json\/wp\/v2\/product_brand?post=275049"},{"taxonomy":"product_cat","embeddable":true,"href":"https:\/\/shopatoa.com\/ro\/wp-json\/wp\/v2\/product_cat?post=275049"},{"taxonomy":"product_tag","embeddable":true,"href":"https:\/\/shopatoa.com\/ro\/wp-json\/wp\/v2\/product_tag?post=275049"}],"curies":[{"name":"wp","href":"https:\/\/api.w.org\/{rel}","templated":true}]}}