{"id":275129,"date":"2025-04-29T23:41:40","date_gmt":"2025-04-29T21:41:40","guid":{"rendered":"https:\/\/shopatoa.com\/ro\/veroval-manometru-digital-compact\/"},"modified":"2025-09-28T17:37:28","modified_gmt":"2025-09-28T15:37:28","slug":"veroval-manometru-digital-compact","status":"publish","type":"product","link":"https:\/\/shopatoa.com\/ro\/veroval-manometru-digital-compact\/","title":{"rendered":"Veroval Manometru digital Compact"},"content":{"rendered":"<p>Manometrul de bra\u021b complet automat Veroval\u00ae COMPACT este un ajutor ideal pentru m\u0103surarea regulat\u0103 a tensiunii arteriale acas\u0103 sau \u00een deplasare (\u00een pachet ve\u021bi g\u0103si o hus\u0103 din material pentru transport, baterii \u0219i instruc\u021biuni clare). Pe l\u00e2ng\u0103 detectarea tensiunii arteriale ridicate sau sc\u0103zute, v\u0103 avertizeaz\u0103 \u0219i asupra tulbur\u0103rilor de ritm cardiac. Datorit\u0103 designului s\u0103u compact, este rapid gata de utilizare \u0219i oricine \u00eel poate folosi datorit\u0103 afi\u0219ajului clar, butoanelor mari \u0219i pictogramelor clare. Apoi pute\u021bi evalua cu u\u0219urin\u021b\u0103 rezultatul pe baza culorilor. Ave\u021bi grij\u0103 de s\u0103n\u0103tatea dvs. cu acest ajutor de \u00eencredere cu o garan\u021bie extins\u0103 de 3 ani.<\/p>\n","protected":false},"excerpt":{"rendered":"<p>Manometrul de bra\u021b complet automat Veroval\u00ae COMPACT este un ajutor ideal pentru m\u0103surarea regulat\u0103 a tensiunii arteriale acas\u0103 sau \u00een deplasare (\u00een pachet ve\u021bi g\u0103si o hus\u0103 din material pentru transport, baterii \u0219i instruc\u021biuni clare). Pe l\u00e2ng\u0103 detectarea tensiunii arteriale ridicate sau sc\u0103zute, v\u0103 avertizeaz\u0103 \u0219i asupra tulbur\u0103rilor de ritm cardiac. Datorit\u0103 designului s\u0103u compact,&#8230;<\/p>\n","protected":false},"featured_media":275130,"comment_status":"closed","ping_status":"open","template":"","meta":{"_acf_changed":false,"_kadence_starter_templates_imported_post":false,"_kad_post_transparent":"","_kad_post_title":"","_kad_post_layout":"","_kad_post_sidebar_id":"","_kad_post_content_style":"","_kad_post_vertical_padding":"","_kad_post_feature":"","_kad_post_feature_position":"","_kad_post_header":false,"_kad_post_footer":false,"_kad_post_classname":""},"product_brand":[1094],"product_cat":[733,734,353],"product_tag":[],"class_list":{"0":"post-275129","1":"product","2":"type-product","3":"status-publish","4":"has-post-thumbnail","6":"product_brand-veroval","7":"product_cat-aparate-si-ajutoare-de-sanatate","8":"product_cat-manometre-de-tensiune-arteriala","9":"product_cat-sanatate","11":"first","12":"instock","13":"product-type-external","14":"entry","15":"content-bg","16":"loop-entry"},"acf":[],"yoast_head":"<!-- This site is optimized with the Yoast SEO plugin v27.4 - https:\/\/yoast.com\/product\/yoast-seo-wordpress\/ -->\n<title>Veroval Manometru digital Compact - SHOPATOA.COM<\/title>\n<meta name=\"robots\" content=\"index, follow, max-snippet:-1, max-image-preview:large, max-video-preview:-1\" \/>\n<link rel=\"canonical\" href=\"https:\/\/shopatoa.com\/ro\/veroval-manometru-digital-compact\/\" \/>\n<meta property=\"og:locale\" content=\"ro_RO\" \/>\n<meta property=\"og:type\" content=\"article\" \/>\n<meta property=\"og:title\" content=\"Veroval Manometru digital Compact - SHOPATOA.COM\" \/>\n<meta property=\"og:description\" content=\"Manometrul de bra\u021b complet automat Veroval\u00ae COMPACT este un ajutor ideal pentru m\u0103surarea regulat\u0103 a tensiunii arteriale acas\u0103 sau \u00een deplasare (\u00een pachet ve\u021bi g\u0103si o hus\u0103 din material pentru transport, baterii \u0219i instruc\u021biuni clare). Pe l\u00e2ng\u0103 detectarea tensiunii arteriale ridicate sau sc\u0103zute, v\u0103 avertizeaz\u0103 \u0219i asupra tulbur\u0103rilor de ritm cardiac. Datorit\u0103 designului s\u0103u compact,...\" \/>\n<meta property=\"og:url\" content=\"https:\/\/shopatoa.com\/ro\/veroval-manometru-digital-compact\/\" \/>\n<meta property=\"og:site_name\" content=\"SHOPATOA\" \/>\n<meta property=\"article:modified_time\" content=\"2025-09-28T15:37:28+00:00\" \/>\n<meta property=\"og:image\" content=\"https:\/\/storage.googleapis.com\/cz-shopatoa-img\/ro\/92f0e09d-unnamed-file.webp\" \/>\n\t<meta property=\"og:image:width\" content=\"800\" \/>\n\t<meta property=\"og:image:height\" content=\"800\" \/>\n\t<meta property=\"og:image:type\" content=\"image\/webp\" \/>\n<meta name=\"twitter:card\" content=\"summary_large_image\" \/>\n<meta name=\"twitter:label1\" content=\"Timp estimat pentru citire\" \/>\n\t<meta name=\"twitter:data1\" content=\"1 minut\" \/>\n<script type=\"application\/ld+json\" class=\"yoast-schema-graph\">{\"@context\":\"https:\\\/\\\/schema.org\",\"@graph\":[{\"@type\":\"WebPage\",\"@id\":\"https:\\\/\\\/shopatoa.com\\\/ro\\\/veroval-manometru-digital-compact\\\/\",\"url\":\"https:\\\/\\\/shopatoa.com\\\/ro\\\/veroval-manometru-digital-compact\\\/\",\"name\":\"Veroval Manometru digital Compact - SHOPATOA.COM\",\"isPartOf\":{\"@id\":\"https:\\\/\\\/shopatoa.com\\\/ro\\\/#website\"},\"primaryImageOfPage\":{\"@id\":\"https:\\\/\\\/shopatoa.com\\\/ro\\\/veroval-manometru-digital-compact\\\/#primaryimage\"},\"image\":{\"@id\":\"https:\\\/\\\/shopatoa.com\\\/ro\\\/veroval-manometru-digital-compact\\\/#primaryimage\"},\"thumbnailUrl\":\"https:\\\/\\\/storage.googleapis.com\\\/cz-shopatoa-img\\\/ro\\\/92f0e09d-unnamed-file.webp\",\"datePublished\":\"2025-04-29T21:41:40+00:00\",\"dateModified\":\"2025-09-28T15:37:28+00:00\",\"breadcrumb\":{\"@id\":\"https:\\\/\\\/shopatoa.com\\\/ro\\\/veroval-manometru-digital-compact\\\/#breadcrumb\"},\"inLanguage\":\"ro-RO\",\"potentialAction\":[{\"@type\":\"ReadAction\",\"target\":[\"https:\\\/\\\/shopatoa.com\\\/ro\\\/veroval-manometru-digital-compact\\\/\"]}]},{\"@type\":\"ImageObject\",\"inLanguage\":\"ro-RO\",\"@id\":\"https:\\\/\\\/shopatoa.com\\\/ro\\\/veroval-manometru-digital-compact\\\/#primaryimage\",\"url\":\"https:\\\/\\\/storage.googleapis.com\\\/cz-shopatoa-img\\\/ro\\\/92f0e09d-unnamed-file.webp\",\"contentUrl\":\"https:\\\/\\\/storage.googleapis.com\\\/cz-shopatoa-img\\\/ro\\\/92f0e09d-unnamed-file.webp\",\"width\":800,\"height\":800},{\"@type\":\"BreadcrumbList\",\"@id\":\"https:\\\/\\\/shopatoa.com\\\/ro\\\/veroval-manometru-digital-compact\\\/#breadcrumb\",\"itemListElement\":[{\"@type\":\"ListItem\",\"position\":1,\"name\":\"Dom\u016f\",\"item\":\"https:\\\/\\\/shopatoa.com\\\/ro\\\/\"},{\"@type\":\"ListItem\",\"position\":2,\"name\":\"Shop\",\"item\":\"https:\\\/\\\/shopatoa.com\\\/ro\\\/shop\\\/\"},{\"@type\":\"ListItem\",\"position\":3,\"name\":\"S\u0103n\u0103tate\",\"item\":\"https:\\\/\\\/shopatoa.com\\\/ro\\\/sanatate\\\/\"},{\"@type\":\"ListItem\",\"position\":4,\"name\":\"Aparate \u0219i ajutoare de s\u0103n\u0103tate\",\"item\":\"https:\\\/\\\/shopatoa.com\\\/ro\\\/aparate-si-ajutoare-de-sanatate\\\/\"},{\"@type\":\"ListItem\",\"position\":5,\"name\":\"Manometre de tensiune arterial\u0103\",\"item\":\"https:\\\/\\\/shopatoa.com\\\/ro\\\/manometre-de-tensiune-arteriala\\\/\"},{\"@type\":\"ListItem\",\"position\":6,\"name\":\"Veroval Manometru digital Compact\"}]},{\"@type\":\"WebSite\",\"@id\":\"https:\\\/\\\/shopatoa.com\\\/ro\\\/#website\",\"url\":\"https:\\\/\\\/shopatoa.com\\\/ro\\\/\",\"name\":\"SHOPATOA\",\"description\":\"\",\"publisher\":{\"@id\":\"https:\\\/\\\/shopatoa.com\\\/ro\\\/#organization\"},\"potentialAction\":[{\"@type\":\"SearchAction\",\"target\":{\"@type\":\"EntryPoint\",\"urlTemplate\":\"https:\\\/\\\/shopatoa.com\\\/ro\\\/?s={search_term_string}\"},\"query-input\":{\"@type\":\"PropertyValueSpecification\",\"valueRequired\":true,\"valueName\":\"search_term_string\"}}],\"inLanguage\":\"ro-RO\"},{\"@type\":\"Organization\",\"@id\":\"https:\\\/\\\/shopatoa.com\\\/ro\\\/#organization\",\"name\":\"SHOPATOA\",\"url\":\"https:\\\/\\\/shopatoa.com\\\/ro\\\/\",\"logo\":{\"@type\":\"ImageObject\",\"inLanguage\":\"ro-RO\",\"@id\":\"https:\\\/\\\/shopatoa.com\\\/ro\\\/#\\\/schema\\\/logo\\\/image\\\/\",\"url\":\"https:\\\/\\\/storage.googleapis.com\\\/cz-shopatoa-img\\\/ro\\\/b4dac915-shopatoa_logo.png\",\"contentUrl\":\"https:\\\/\\\/storage.googleapis.com\\\/cz-shopatoa-img\\\/ro\\\/b4dac915-shopatoa_logo.png\",\"width\":416,\"height\":63,\"caption\":\"SHOPATOA\"},\"image\":{\"@id\":\"https:\\\/\\\/shopatoa.com\\\/ro\\\/#\\\/schema\\\/logo\\\/image\\\/\"}}]}<\/script>\n<!-- \/ Yoast SEO plugin. -->","yoast_head_json":{"title":"Veroval Manometru digital Compact - SHOPATOA.COM","robots":{"index":"index","follow":"follow","max-snippet":"max-snippet:-1","max-image-preview":"max-image-preview:large","max-video-preview":"max-video-preview:-1"},"canonical":"https:\/\/shopatoa.com\/ro\/veroval-manometru-digital-compact\/","og_locale":"ro_RO","og_type":"article","og_title":"Veroval Manometru digital Compact - SHOPATOA.COM","og_description":"Manometrul de bra\u021b complet automat Veroval\u00ae COMPACT este un ajutor ideal pentru m\u0103surarea regulat\u0103 a tensiunii arteriale acas\u0103 sau \u00een deplasare (\u00een pachet ve\u021bi g\u0103si o hus\u0103 din material pentru transport, baterii \u0219i instruc\u021biuni clare). Pe l\u00e2ng\u0103 detectarea tensiunii arteriale ridicate sau sc\u0103zute, v\u0103 avertizeaz\u0103 \u0219i asupra tulbur\u0103rilor de ritm cardiac. Datorit\u0103 designului s\u0103u compact,...","og_url":"https:\/\/shopatoa.com\/ro\/veroval-manometru-digital-compact\/","og_site_name":"SHOPATOA","article_modified_time":"2025-09-28T15:37:28+00:00","og_image":[{"width":800,"height":800,"url":"https:\/\/storage.googleapis.com\/cz-shopatoa-img\/ro\/92f0e09d-unnamed-file.webp","type":"image\/webp"}],"twitter_card":"summary_large_image","twitter_misc":{"Timp estimat pentru citire":"1 minut"},"schema":{"@context":"https:\/\/schema.org","@graph":[{"@type":"WebPage","@id":"https:\/\/shopatoa.com\/ro\/veroval-manometru-digital-compact\/","url":"https:\/\/shopatoa.com\/ro\/veroval-manometru-digital-compact\/","name":"Veroval Manometru digital Compact - SHOPATOA.COM","isPartOf":{"@id":"https:\/\/shopatoa.com\/ro\/#website"},"primaryImageOfPage":{"@id":"https:\/\/shopatoa.com\/ro\/veroval-manometru-digital-compact\/#primaryimage"},"image":{"@id":"https:\/\/shopatoa.com\/ro\/veroval-manometru-digital-compact\/#primaryimage"},"thumbnailUrl":"https:\/\/storage.googleapis.com\/cz-shopatoa-img\/ro\/92f0e09d-unnamed-file.webp","datePublished":"2025-04-29T21:41:40+00:00","dateModified":"2025-09-28T15:37:28+00:00","breadcrumb":{"@id":"https:\/\/shopatoa.com\/ro\/veroval-manometru-digital-compact\/#breadcrumb"},"inLanguage":"ro-RO","potentialAction":[{"@type":"ReadAction","target":["https:\/\/shopatoa.com\/ro\/veroval-manometru-digital-compact\/"]}]},{"@type":"ImageObject","inLanguage":"ro-RO","@id":"https:\/\/shopatoa.com\/ro\/veroval-manometru-digital-compact\/#primaryimage","url":"https:\/\/storage.googleapis.com\/cz-shopatoa-img\/ro\/92f0e09d-unnamed-file.webp","contentUrl":"https:\/\/storage.googleapis.com\/cz-shopatoa-img\/ro\/92f0e09d-unnamed-file.webp","width":800,"height":800},{"@type":"BreadcrumbList","@id":"https:\/\/shopatoa.com\/ro\/veroval-manometru-digital-compact\/#breadcrumb","itemListElement":[{"@type":"ListItem","position":1,"name":"Dom\u016f","item":"https:\/\/shopatoa.com\/ro\/"},{"@type":"ListItem","position":2,"name":"Shop","item":"https:\/\/shopatoa.com\/ro\/shop\/"},{"@type":"ListItem","position":3,"name":"S\u0103n\u0103tate","item":"https:\/\/shopatoa.com\/ro\/sanatate\/"},{"@type":"ListItem","position":4,"name":"Aparate \u0219i ajutoare de s\u0103n\u0103tate","item":"https:\/\/shopatoa.com\/ro\/aparate-si-ajutoare-de-sanatate\/"},{"@type":"ListItem","position":5,"name":"Manometre de tensiune arterial\u0103","item":"https:\/\/shopatoa.com\/ro\/manometre-de-tensiune-arteriala\/"},{"@type":"ListItem","position":6,"name":"Veroval Manometru digital Compact"}]},{"@type":"WebSite","@id":"https:\/\/shopatoa.com\/ro\/#website","url":"https:\/\/shopatoa.com\/ro\/","name":"SHOPATOA","description":"","publisher":{"@id":"https:\/\/shopatoa.com\/ro\/#organization"},"potentialAction":[{"@type":"SearchAction","target":{"@type":"EntryPoint","urlTemplate":"https:\/\/shopatoa.com\/ro\/?s={search_term_string}"},"query-input":{"@type":"PropertyValueSpecification","valueRequired":true,"valueName":"search_term_string"}}],"inLanguage":"ro-RO"},{"@type":"Organization","@id":"https:\/\/shopatoa.com\/ro\/#organization","name":"SHOPATOA","url":"https:\/\/shopatoa.com\/ro\/","logo":{"@type":"ImageObject","inLanguage":"ro-RO","@id":"https:\/\/shopatoa.com\/ro\/#\/schema\/logo\/image\/","url":"https:\/\/storage.googleapis.com\/cz-shopatoa-img\/ro\/b4dac915-shopatoa_logo.png","contentUrl":"https:\/\/storage.googleapis.com\/cz-shopatoa-img\/ro\/b4dac915-shopatoa_logo.png","width":416,"height":63,"caption":"SHOPATOA"},"image":{"@id":"https:\/\/shopatoa.com\/ro\/#\/schema\/logo\/image\/"}}]}},"_links":{"self":[{"href":"https:\/\/shopatoa.com\/ro\/wp-json\/wp\/v2\/product\/275129","targetHints":{"allow":["GET"]}}],"collection":[{"href":"https:\/\/shopatoa.com\/ro\/wp-json\/wp\/v2\/product"}],"about":[{"href":"https:\/\/shopatoa.com\/ro\/wp-json\/wp\/v2\/types\/product"}],"replies":[{"embeddable":true,"href":"https:\/\/shopatoa.com\/ro\/wp-json\/wp\/v2\/comments?post=275129"}],"wp:featuredmedia":[{"embeddable":true,"href":"https:\/\/shopatoa.com\/ro\/wp-json\/wp\/v2\/media\/275130"}],"wp:attachment":[{"href":"https:\/\/shopatoa.com\/ro\/wp-json\/wp\/v2\/media?parent=275129"}],"wp:term":[{"taxonomy":"product_brand","embeddable":true,"href":"https:\/\/shopatoa.com\/ro\/wp-json\/wp\/v2\/product_brand?post=275129"},{"taxonomy":"product_cat","embeddable":true,"href":"https:\/\/shopatoa.com\/ro\/wp-json\/wp\/v2\/product_cat?post=275129"},{"taxonomy":"product_tag","embeddable":true,"href":"https:\/\/shopatoa.com\/ro\/wp-json\/wp\/v2\/product_tag?post=275129"}],"curies":[{"name":"wp","href":"https:\/\/api.w.org\/{rel}","templated":true}]}}