{"id":275336,"date":"2025-04-30T00:26:26","date_gmt":"2025-04-29T22:26:26","guid":{"rendered":"https:\/\/shopatoa.com\/ro\/proraso-ulei-de-barba-cu-lemn-si-mirodenii-wood-spice-beard-oil-30-ml\/"},"modified":"2025-12-15T07:03:45","modified_gmt":"2025-12-15T06:03:45","slug":"proraso-ulei-de-barba-cu-lemn-si-mirodenii-wood-spice-beard-oil-30-ml","status":"publish","type":"product","link":"https:\/\/shopatoa.com\/ro\/proraso-ulei-de-barba-cu-lemn-si-mirodenii-wood-spice-beard-oil-30-ml\/","title":{"rendered":"Proraso Ulei de barb\u0103 cu lemn \u0219i mirodenii Wood &amp; Spice (Beard Oil) 30 ml"},"content":{"rendered":"<p>Uleiul pentru barb\u0103 cu lemn \u0219i condimente este creat special pentru barba lung\u0103 \u0219i indisciplinat\u0103. \u00cenmoaie, cur\u0103\u021b\u0103, protejeaz\u0103 \u0219i re\u00eemprosp\u0103teaz\u0103 cu combina\u021bia popular\u0103 de mirosuri de lemn \u0219i condimente. Hidrateaz\u0103 pielea \u0219i nu o usuc\u0103, faciliteaz\u0103 piept\u0103narea b\u0103rbii.<\/p>\n","protected":false},"excerpt":{"rendered":"<p>Uleiul pentru barb\u0103 cu lemn \u0219i condimente este creat special pentru barba lung\u0103 \u0219i indisciplinat\u0103. \u00cenmoaie, cur\u0103\u021b\u0103, protejeaz\u0103 \u0219i re\u00eemprosp\u0103teaz\u0103 cu combina\u021bia popular\u0103 de mirosuri de lemn \u0219i condimente. Hidrateaz\u0103 pielea \u0219i nu o usuc\u0103, faciliteaz\u0103 piept\u0103narea b\u0103rbii.<\/p>\n","protected":false},"featured_media":275337,"comment_status":"closed","ping_status":"open","template":"","meta":{"_acf_changed":false,"_kadence_starter_templates_imported_post":false,"_kad_post_transparent":"","_kad_post_title":"","_kad_post_layout":"","_kad_post_sidebar_id":"","_kad_post_content_style":"","_kad_post_vertical_padding":"","_kad_post_feature":"","_kad_post_feature_position":"","_kad_post_header":false,"_kad_post_footer":false,"_kad_post_classname":""},"product_brand":[145],"product_cat":[670,721,246],"product_tag":[],"class_list":{"0":"post-275336","1":"product","2":"type-product","3":"status-publish","4":"has-post-thumbnail","6":"product_brand-proraso","7":"product_cat-barber-shop","8":"product_cat-barber-shop-ingrijirea-barbilor","9":"product_cat-cosmetice","11":"first","12":"instock","13":"sale","14":"product-type-external","15":"entry","16":"content-bg","17":"loop-entry"},"acf":[],"yoast_head":"<!-- This site is optimized with the Yoast SEO plugin v27.4 - https:\/\/yoast.com\/product\/yoast-seo-wordpress\/ -->\n<title>Proraso Ulei de barb\u0103 cu lemn \u0219i mirodenii Wood &amp; Spice (Beard Oil) 30 ml - SHOPATOA.COM<\/title>\n<meta name=\"robots\" content=\"index, follow, max-snippet:-1, max-image-preview:large, max-video-preview:-1\" \/>\n<link rel=\"canonical\" href=\"https:\/\/shopatoa.com\/ro\/proraso-ulei-de-barba-cu-lemn-si-mirodenii-wood-spice-beard-oil-30-ml\/\" \/>\n<meta property=\"og:locale\" content=\"ro_RO\" \/>\n<meta property=\"og:type\" content=\"article\" \/>\n<meta property=\"og:title\" content=\"Proraso Ulei de barb\u0103 cu lemn \u0219i mirodenii Wood &amp; Spice (Beard Oil) 30 ml - SHOPATOA.COM\" \/>\n<meta property=\"og:description\" content=\"Uleiul pentru barb\u0103 cu lemn \u0219i condimente este creat special pentru barba lung\u0103 \u0219i indisciplinat\u0103. \u00cenmoaie, cur\u0103\u021b\u0103, protejeaz\u0103 \u0219i re\u00eemprosp\u0103teaz\u0103 cu combina\u021bia popular\u0103 de mirosuri de lemn \u0219i condimente. Hidrateaz\u0103 pielea \u0219i nu o usuc\u0103, faciliteaz\u0103 piept\u0103narea b\u0103rbii.\" \/>\n<meta property=\"og:url\" content=\"https:\/\/shopatoa.com\/ro\/proraso-ulei-de-barba-cu-lemn-si-mirodenii-wood-spice-beard-oil-30-ml\/\" \/>\n<meta property=\"og:site_name\" content=\"SHOPATOA\" \/>\n<meta property=\"article:modified_time\" content=\"2025-12-15T06:03:45+00:00\" \/>\n<meta property=\"og:image\" content=\"https:\/\/storage.googleapis.com\/cz-shopatoa-img\/ro\/a2a8aef8-unnamed-file.webp\" \/>\n\t<meta property=\"og:image:width\" content=\"800\" \/>\n\t<meta property=\"og:image:height\" content=\"800\" \/>\n\t<meta property=\"og:image:type\" content=\"image\/webp\" \/>\n<meta name=\"twitter:card\" content=\"summary_large_image\" \/>\n<script type=\"application\/ld+json\" class=\"yoast-schema-graph\">{\"@context\":\"https:\\\/\\\/schema.org\",\"@graph\":[{\"@type\":\"WebPage\",\"@id\":\"https:\\\/\\\/shopatoa.com\\\/ro\\\/proraso-ulei-de-barba-cu-lemn-si-mirodenii-wood-spice-beard-oil-30-ml\\\/\",\"url\":\"https:\\\/\\\/shopatoa.com\\\/ro\\\/proraso-ulei-de-barba-cu-lemn-si-mirodenii-wood-spice-beard-oil-30-ml\\\/\",\"name\":\"Proraso Ulei de barb\u0103 cu lemn \u0219i mirodenii Wood & Spice (Beard Oil) 30 ml - SHOPATOA.COM\",\"isPartOf\":{\"@id\":\"https:\\\/\\\/shopatoa.com\\\/ro\\\/#website\"},\"primaryImageOfPage\":{\"@id\":\"https:\\\/\\\/shopatoa.com\\\/ro\\\/proraso-ulei-de-barba-cu-lemn-si-mirodenii-wood-spice-beard-oil-30-ml\\\/#primaryimage\"},\"image\":{\"@id\":\"https:\\\/\\\/shopatoa.com\\\/ro\\\/proraso-ulei-de-barba-cu-lemn-si-mirodenii-wood-spice-beard-oil-30-ml\\\/#primaryimage\"},\"thumbnailUrl\":\"https:\\\/\\\/storage.googleapis.com\\\/cz-shopatoa-img\\\/ro\\\/a2a8aef8-unnamed-file.webp\",\"datePublished\":\"2025-04-29T22:26:26+00:00\",\"dateModified\":\"2025-12-15T06:03:45+00:00\",\"breadcrumb\":{\"@id\":\"https:\\\/\\\/shopatoa.com\\\/ro\\\/proraso-ulei-de-barba-cu-lemn-si-mirodenii-wood-spice-beard-oil-30-ml\\\/#breadcrumb\"},\"inLanguage\":\"ro-RO\",\"potentialAction\":[{\"@type\":\"ReadAction\",\"target\":[\"https:\\\/\\\/shopatoa.com\\\/ro\\\/proraso-ulei-de-barba-cu-lemn-si-mirodenii-wood-spice-beard-oil-30-ml\\\/\"]}]},{\"@type\":\"ImageObject\",\"inLanguage\":\"ro-RO\",\"@id\":\"https:\\\/\\\/shopatoa.com\\\/ro\\\/proraso-ulei-de-barba-cu-lemn-si-mirodenii-wood-spice-beard-oil-30-ml\\\/#primaryimage\",\"url\":\"https:\\\/\\\/storage.googleapis.com\\\/cz-shopatoa-img\\\/ro\\\/a2a8aef8-unnamed-file.webp\",\"contentUrl\":\"https:\\\/\\\/storage.googleapis.com\\\/cz-shopatoa-img\\\/ro\\\/a2a8aef8-unnamed-file.webp\",\"width\":800,\"height\":800},{\"@type\":\"BreadcrumbList\",\"@id\":\"https:\\\/\\\/shopatoa.com\\\/ro\\\/proraso-ulei-de-barba-cu-lemn-si-mirodenii-wood-spice-beard-oil-30-ml\\\/#breadcrumb\",\"itemListElement\":[{\"@type\":\"ListItem\",\"position\":1,\"name\":\"Dom\u016f\",\"item\":\"https:\\\/\\\/shopatoa.com\\\/ro\\\/\"},{\"@type\":\"ListItem\",\"position\":2,\"name\":\"Shop\",\"item\":\"https:\\\/\\\/shopatoa.com\\\/ro\\\/shop\\\/\"},{\"@type\":\"ListItem\",\"position\":3,\"name\":\"Cosmetice\",\"item\":\"https:\\\/\\\/shopatoa.com\\\/ro\\\/cosmetice\\\/\"},{\"@type\":\"ListItem\",\"position\":4,\"name\":\"Barber Shop\",\"item\":\"https:\\\/\\\/shopatoa.com\\\/ro\\\/barber-shop\\\/\"},{\"@type\":\"ListItem\",\"position\":5,\"name\":\"Barber Shop \u2013 ingrijirea barbilor\",\"item\":\"https:\\\/\\\/shopatoa.com\\\/ro\\\/barber-shop-ingrijirea-barbilor\\\/\"},{\"@type\":\"ListItem\",\"position\":6,\"name\":\"Proraso Ulei de barb\u0103 cu lemn \u0219i mirodenii Wood &amp; Spice (Beard Oil) 30 ml\"}]},{\"@type\":\"WebSite\",\"@id\":\"https:\\\/\\\/shopatoa.com\\\/ro\\\/#website\",\"url\":\"https:\\\/\\\/shopatoa.com\\\/ro\\\/\",\"name\":\"SHOPATOA\",\"description\":\"\",\"publisher\":{\"@id\":\"https:\\\/\\\/shopatoa.com\\\/ro\\\/#organization\"},\"potentialAction\":[{\"@type\":\"SearchAction\",\"target\":{\"@type\":\"EntryPoint\",\"urlTemplate\":\"https:\\\/\\\/shopatoa.com\\\/ro\\\/?s={search_term_string}\"},\"query-input\":{\"@type\":\"PropertyValueSpecification\",\"valueRequired\":true,\"valueName\":\"search_term_string\"}}],\"inLanguage\":\"ro-RO\"},{\"@type\":\"Organization\",\"@id\":\"https:\\\/\\\/shopatoa.com\\\/ro\\\/#organization\",\"name\":\"SHOPATOA\",\"url\":\"https:\\\/\\\/shopatoa.com\\\/ro\\\/\",\"logo\":{\"@type\":\"ImageObject\",\"inLanguage\":\"ro-RO\",\"@id\":\"https:\\\/\\\/shopatoa.com\\\/ro\\\/#\\\/schema\\\/logo\\\/image\\\/\",\"url\":\"https:\\\/\\\/storage.googleapis.com\\\/cz-shopatoa-img\\\/ro\\\/b4dac915-shopatoa_logo.png\",\"contentUrl\":\"https:\\\/\\\/storage.googleapis.com\\\/cz-shopatoa-img\\\/ro\\\/b4dac915-shopatoa_logo.png\",\"width\":416,\"height\":63,\"caption\":\"SHOPATOA\"},\"image\":{\"@id\":\"https:\\\/\\\/shopatoa.com\\\/ro\\\/#\\\/schema\\\/logo\\\/image\\\/\"}}]}<\/script>\n<!-- \/ Yoast SEO plugin. -->","yoast_head_json":{"title":"Proraso Ulei de barb\u0103 cu lemn \u0219i mirodenii Wood & Spice (Beard Oil) 30 ml - SHOPATOA.COM","robots":{"index":"index","follow":"follow","max-snippet":"max-snippet:-1","max-image-preview":"max-image-preview:large","max-video-preview":"max-video-preview:-1"},"canonical":"https:\/\/shopatoa.com\/ro\/proraso-ulei-de-barba-cu-lemn-si-mirodenii-wood-spice-beard-oil-30-ml\/","og_locale":"ro_RO","og_type":"article","og_title":"Proraso Ulei de barb\u0103 cu lemn \u0219i mirodenii Wood & Spice (Beard Oil) 30 ml - SHOPATOA.COM","og_description":"Uleiul pentru barb\u0103 cu lemn \u0219i condimente este creat special pentru barba lung\u0103 \u0219i indisciplinat\u0103. \u00cenmoaie, cur\u0103\u021b\u0103, protejeaz\u0103 \u0219i re\u00eemprosp\u0103teaz\u0103 cu combina\u021bia popular\u0103 de mirosuri de lemn \u0219i condimente. Hidrateaz\u0103 pielea \u0219i nu o usuc\u0103, faciliteaz\u0103 piept\u0103narea b\u0103rbii.","og_url":"https:\/\/shopatoa.com\/ro\/proraso-ulei-de-barba-cu-lemn-si-mirodenii-wood-spice-beard-oil-30-ml\/","og_site_name":"SHOPATOA","article_modified_time":"2025-12-15T06:03:45+00:00","og_image":[{"width":800,"height":800,"url":"https:\/\/storage.googleapis.com\/cz-shopatoa-img\/ro\/a2a8aef8-unnamed-file.webp","type":"image\/webp"}],"twitter_card":"summary_large_image","schema":{"@context":"https:\/\/schema.org","@graph":[{"@type":"WebPage","@id":"https:\/\/shopatoa.com\/ro\/proraso-ulei-de-barba-cu-lemn-si-mirodenii-wood-spice-beard-oil-30-ml\/","url":"https:\/\/shopatoa.com\/ro\/proraso-ulei-de-barba-cu-lemn-si-mirodenii-wood-spice-beard-oil-30-ml\/","name":"Proraso Ulei de barb\u0103 cu lemn \u0219i mirodenii Wood & Spice (Beard Oil) 30 ml - SHOPATOA.COM","isPartOf":{"@id":"https:\/\/shopatoa.com\/ro\/#website"},"primaryImageOfPage":{"@id":"https:\/\/shopatoa.com\/ro\/proraso-ulei-de-barba-cu-lemn-si-mirodenii-wood-spice-beard-oil-30-ml\/#primaryimage"},"image":{"@id":"https:\/\/shopatoa.com\/ro\/proraso-ulei-de-barba-cu-lemn-si-mirodenii-wood-spice-beard-oil-30-ml\/#primaryimage"},"thumbnailUrl":"https:\/\/storage.googleapis.com\/cz-shopatoa-img\/ro\/a2a8aef8-unnamed-file.webp","datePublished":"2025-04-29T22:26:26+00:00","dateModified":"2025-12-15T06:03:45+00:00","breadcrumb":{"@id":"https:\/\/shopatoa.com\/ro\/proraso-ulei-de-barba-cu-lemn-si-mirodenii-wood-spice-beard-oil-30-ml\/#breadcrumb"},"inLanguage":"ro-RO","potentialAction":[{"@type":"ReadAction","target":["https:\/\/shopatoa.com\/ro\/proraso-ulei-de-barba-cu-lemn-si-mirodenii-wood-spice-beard-oil-30-ml\/"]}]},{"@type":"ImageObject","inLanguage":"ro-RO","@id":"https:\/\/shopatoa.com\/ro\/proraso-ulei-de-barba-cu-lemn-si-mirodenii-wood-spice-beard-oil-30-ml\/#primaryimage","url":"https:\/\/storage.googleapis.com\/cz-shopatoa-img\/ro\/a2a8aef8-unnamed-file.webp","contentUrl":"https:\/\/storage.googleapis.com\/cz-shopatoa-img\/ro\/a2a8aef8-unnamed-file.webp","width":800,"height":800},{"@type":"BreadcrumbList","@id":"https:\/\/shopatoa.com\/ro\/proraso-ulei-de-barba-cu-lemn-si-mirodenii-wood-spice-beard-oil-30-ml\/#breadcrumb","itemListElement":[{"@type":"ListItem","position":1,"name":"Dom\u016f","item":"https:\/\/shopatoa.com\/ro\/"},{"@type":"ListItem","position":2,"name":"Shop","item":"https:\/\/shopatoa.com\/ro\/shop\/"},{"@type":"ListItem","position":3,"name":"Cosmetice","item":"https:\/\/shopatoa.com\/ro\/cosmetice\/"},{"@type":"ListItem","position":4,"name":"Barber Shop","item":"https:\/\/shopatoa.com\/ro\/barber-shop\/"},{"@type":"ListItem","position":5,"name":"Barber Shop \u2013 ingrijirea barbilor","item":"https:\/\/shopatoa.com\/ro\/barber-shop-ingrijirea-barbilor\/"},{"@type":"ListItem","position":6,"name":"Proraso Ulei de barb\u0103 cu lemn \u0219i mirodenii Wood &amp; Spice (Beard Oil) 30 ml"}]},{"@type":"WebSite","@id":"https:\/\/shopatoa.com\/ro\/#website","url":"https:\/\/shopatoa.com\/ro\/","name":"SHOPATOA","description":"","publisher":{"@id":"https:\/\/shopatoa.com\/ro\/#organization"},"potentialAction":[{"@type":"SearchAction","target":{"@type":"EntryPoint","urlTemplate":"https:\/\/shopatoa.com\/ro\/?s={search_term_string}"},"query-input":{"@type":"PropertyValueSpecification","valueRequired":true,"valueName":"search_term_string"}}],"inLanguage":"ro-RO"},{"@type":"Organization","@id":"https:\/\/shopatoa.com\/ro\/#organization","name":"SHOPATOA","url":"https:\/\/shopatoa.com\/ro\/","logo":{"@type":"ImageObject","inLanguage":"ro-RO","@id":"https:\/\/shopatoa.com\/ro\/#\/schema\/logo\/image\/","url":"https:\/\/storage.googleapis.com\/cz-shopatoa-img\/ro\/b4dac915-shopatoa_logo.png","contentUrl":"https:\/\/storage.googleapis.com\/cz-shopatoa-img\/ro\/b4dac915-shopatoa_logo.png","width":416,"height":63,"caption":"SHOPATOA"},"image":{"@id":"https:\/\/shopatoa.com\/ro\/#\/schema\/logo\/image\/"}}]}},"_links":{"self":[{"href":"https:\/\/shopatoa.com\/ro\/wp-json\/wp\/v2\/product\/275336","targetHints":{"allow":["GET"]}}],"collection":[{"href":"https:\/\/shopatoa.com\/ro\/wp-json\/wp\/v2\/product"}],"about":[{"href":"https:\/\/shopatoa.com\/ro\/wp-json\/wp\/v2\/types\/product"}],"replies":[{"embeddable":true,"href":"https:\/\/shopatoa.com\/ro\/wp-json\/wp\/v2\/comments?post=275336"}],"wp:featuredmedia":[{"embeddable":true,"href":"https:\/\/shopatoa.com\/ro\/wp-json\/wp\/v2\/media\/275337"}],"wp:attachment":[{"href":"https:\/\/shopatoa.com\/ro\/wp-json\/wp\/v2\/media?parent=275336"}],"wp:term":[{"taxonomy":"product_brand","embeddable":true,"href":"https:\/\/shopatoa.com\/ro\/wp-json\/wp\/v2\/product_brand?post=275336"},{"taxonomy":"product_cat","embeddable":true,"href":"https:\/\/shopatoa.com\/ro\/wp-json\/wp\/v2\/product_cat?post=275336"},{"taxonomy":"product_tag","embeddable":true,"href":"https:\/\/shopatoa.com\/ro\/wp-json\/wp\/v2\/product_tag?post=275336"}],"curies":[{"name":"wp","href":"https:\/\/api.w.org\/{rel}","templated":true}]}}