{"id":275396,"date":"2025-04-30T00:40:44","date_gmt":"2025-04-29T22:40:44","guid":{"rendered":"https:\/\/shopatoa.com\/ro\/philips-periuta-de-dinti-electrica-pentru-copii-cu-bluetooth-sonicare-for-kids-hx6322-04\/"},"modified":"2025-12-15T06:53:14","modified_gmt":"2025-12-15T05:53:14","slug":"philips-periuta-de-dinti-electrica-pentru-copii-cu-bluetooth-sonicare-for-kids-hx6322-04","status":"publish","type":"product","link":"https:\/\/shopatoa.com\/ro\/philips-periuta-de-dinti-electrica-pentru-copii-cu-bluetooth-sonicare-for-kids-hx6322-04\/","title":{"rendered":"Philips Periu\u021b\u0103 de din\u021bi electric\u0103 pentru copii cu Bluetooth Sonicare For Kids HX6322\/04"},"content":{"rendered":"<p>Sonic periuta de dinti electrica pentru copii cu Bluetooh Sonicare For Kids HX6322 \/ 04 \u00eenve\u021ba copiii \u00eentr-un mod unic cum s\u0103 se spele corect pe dinti. Aplica\u021bia se sincronizeaz\u0103 cu periu\u021ba de din\u021bi prin Bluetooh, prezint\u0103 tehnici de cur\u0103\u021bare corespunz\u0103toare \u0219i v\u0103 permite s\u0103 monitoriza\u021bi performan\u021ba. Copiii v\u0103d c\u00e2t de bine \u00ee\u0219i cur\u0103\u021b\u0103 din\u021bii \u0219i primesc recompense atractive pentru o munc\u0103 bine f\u0103cuta. 98% dintre p\u0103rin\u021bii intervieva\u021bi au confirmat faptul c\u0103 este mai u\u0219or s\u0103 invete copiii sa se spele pe dinti corect cu aceasta periuta. Peria ofer\u0103 2 moduri de cur\u0103\u021bare adecvat\u0103 la v\u00e2rste diferite: intensitate mai mic\u0103 pentru copiii de la 3 ani \u0219i mai mare pentru copiii de la 7 ani. Periaare un corp creat care permite p\u0103rin\u021bilor \u0219i copiilor s\u0103 \u00ee\u0219i perie din\u021bii \u00eempreun\u0103. Aderen\u021ba puternic\u0103 asigur\u0103 c\u0103 m\u00e2inile copiilor mici pot deplasa cu u\u0219urin\u021b\u0103 peria, \u00een timp ce designul spa\u021bios permite p\u0103rin\u021bilor s\u0103 ajute la cur\u0103\u021bare atunci c\u00e2nd este necesar. Este dotat cu un cap de perie standard \u0219i un cap compact (mini). Capul de cauciuc al acestei periu\u021be de din\u021bi electrice este proiectat pentru a proteja din\u021bii \u00een cre\u0219tere. Pachetul include: 1 corpul periu\u021bei de din\u021bi Sonicare for Kids cu Bluetooth 1 cap de perie, dimensiune standard 1 cap de perie , dimensiune compact\u0103 1 \u00eenc\u0103rc\u0103tor 8 autocolante personalizabile<\/p>\n","protected":false},"excerpt":{"rendered":"<p>Sonic periuta de dinti electrica pentru copii cu Bluetooh Sonicare For Kids HX6322 \/ 04 \u00eenve\u021ba copiii \u00eentr-un mod unic cum s\u0103 se spele corect pe dinti. Aplica\u021bia se sincronizeaz\u0103 cu periu\u021ba de din\u021bi prin Bluetooh, prezint\u0103 tehnici de cur\u0103\u021bare corespunz\u0103toare \u0219i v\u0103 permite s\u0103 monitoriza\u021bi performan\u021ba. Copiii v\u0103d c\u00e2t de bine \u00ee\u0219i cur\u0103\u021b\u0103 din\u021bii&#8230;<\/p>\n","protected":false},"featured_media":275397,"comment_status":"closed","ping_status":"open","template":"","meta":{"_acf_changed":false,"_kadence_starter_templates_imported_post":false,"_kad_post_transparent":"","_kad_post_title":"","_kad_post_layout":"","_kad_post_sidebar_id":"","_kad_post_content_style":"","_kad_post_vertical_padding":"","_kad_post_feature":"","_kad_post_feature_position":"","_kad_post_header":false,"_kad_post_footer":false,"_kad_post_classname":""},"product_brand":[495],"product_cat":[246,709,764],"product_tag":[],"class_list":{"0":"post-275396","1":"product","2":"type-product","3":"status-publish","4":"has-post-thumbnail","6":"product_brand-philips","7":"product_cat-cosmetice","8":"product_cat-ingrijirea-dentara","9":"product_cat-periute-de-dinti-electrice","11":"first","12":"instock","13":"sale","14":"product-type-external","15":"entry","16":"content-bg","17":"loop-entry"},"acf":[],"yoast_head":"<!-- This site is optimized with the Yoast SEO plugin v27.4 - https:\/\/yoast.com\/product\/yoast-seo-wordpress\/ -->\n<title>Philips Periu\u021b\u0103 de din\u021bi electric\u0103 pentru copii cu Bluetooth Sonicare For Kids HX6322\/04 - SHOPATOA.COM<\/title>\n<meta name=\"robots\" content=\"index, follow, max-snippet:-1, max-image-preview:large, max-video-preview:-1\" \/>\n<link rel=\"canonical\" href=\"https:\/\/shopatoa.com\/ro\/philips-periuta-de-dinti-electrica-pentru-copii-cu-bluetooth-sonicare-for-kids-hx6322-04\/\" \/>\n<meta property=\"og:locale\" content=\"ro_RO\" \/>\n<meta property=\"og:type\" content=\"article\" \/>\n<meta property=\"og:title\" content=\"Philips Periu\u021b\u0103 de din\u021bi electric\u0103 pentru copii cu Bluetooth Sonicare For Kids HX6322\/04 - SHOPATOA.COM\" \/>\n<meta property=\"og:description\" content=\"Sonic periuta de dinti electrica pentru copii cu Bluetooh Sonicare For Kids HX6322 \/ 04 \u00eenve\u021ba copiii \u00eentr-un mod unic cum s\u0103 se spele corect pe dinti. Aplica\u021bia se sincronizeaz\u0103 cu periu\u021ba de din\u021bi prin Bluetooh, prezint\u0103 tehnici de cur\u0103\u021bare corespunz\u0103toare \u0219i v\u0103 permite s\u0103 monitoriza\u021bi performan\u021ba. Copiii v\u0103d c\u00e2t de bine \u00ee\u0219i cur\u0103\u021b\u0103 din\u021bii...\" \/>\n<meta property=\"og:url\" content=\"https:\/\/shopatoa.com\/ro\/philips-periuta-de-dinti-electrica-pentru-copii-cu-bluetooth-sonicare-for-kids-hx6322-04\/\" \/>\n<meta property=\"og:site_name\" content=\"SHOPATOA\" \/>\n<meta property=\"article:modified_time\" content=\"2025-12-15T05:53:14+00:00\" \/>\n<meta property=\"og:image\" content=\"https:\/\/storage.googleapis.com\/cz-shopatoa-img\/ro\/d8487ff1-unnamed-file.webp\" \/>\n\t<meta property=\"og:image:width\" content=\"800\" \/>\n\t<meta property=\"og:image:height\" content=\"800\" \/>\n\t<meta property=\"og:image:type\" content=\"image\/webp\" \/>\n<meta name=\"twitter:card\" content=\"summary_large_image\" \/>\n<meta name=\"twitter:label1\" content=\"Timp estimat pentru citire\" \/>\n\t<meta name=\"twitter:data1\" content=\"1 minut\" \/>\n<script type=\"application\/ld+json\" class=\"yoast-schema-graph\">{\"@context\":\"https:\\\/\\\/schema.org\",\"@graph\":[{\"@type\":\"WebPage\",\"@id\":\"https:\\\/\\\/shopatoa.com\\\/ro\\\/philips-periuta-de-dinti-electrica-pentru-copii-cu-bluetooth-sonicare-for-kids-hx6322-04\\\/\",\"url\":\"https:\\\/\\\/shopatoa.com\\\/ro\\\/philips-periuta-de-dinti-electrica-pentru-copii-cu-bluetooth-sonicare-for-kids-hx6322-04\\\/\",\"name\":\"Philips Periu\u021b\u0103 de din\u021bi electric\u0103 pentru copii cu Bluetooth Sonicare For Kids HX6322\\\/04 - SHOPATOA.COM\",\"isPartOf\":{\"@id\":\"https:\\\/\\\/shopatoa.com\\\/ro\\\/#website\"},\"primaryImageOfPage\":{\"@id\":\"https:\\\/\\\/shopatoa.com\\\/ro\\\/philips-periuta-de-dinti-electrica-pentru-copii-cu-bluetooth-sonicare-for-kids-hx6322-04\\\/#primaryimage\"},\"image\":{\"@id\":\"https:\\\/\\\/shopatoa.com\\\/ro\\\/philips-periuta-de-dinti-electrica-pentru-copii-cu-bluetooth-sonicare-for-kids-hx6322-04\\\/#primaryimage\"},\"thumbnailUrl\":\"https:\\\/\\\/storage.googleapis.com\\\/cz-shopatoa-img\\\/ro\\\/d8487ff1-unnamed-file.webp\",\"datePublished\":\"2025-04-29T22:40:44+00:00\",\"dateModified\":\"2025-12-15T05:53:14+00:00\",\"breadcrumb\":{\"@id\":\"https:\\\/\\\/shopatoa.com\\\/ro\\\/philips-periuta-de-dinti-electrica-pentru-copii-cu-bluetooth-sonicare-for-kids-hx6322-04\\\/#breadcrumb\"},\"inLanguage\":\"ro-RO\",\"potentialAction\":[{\"@type\":\"ReadAction\",\"target\":[\"https:\\\/\\\/shopatoa.com\\\/ro\\\/philips-periuta-de-dinti-electrica-pentru-copii-cu-bluetooth-sonicare-for-kids-hx6322-04\\\/\"]}]},{\"@type\":\"ImageObject\",\"inLanguage\":\"ro-RO\",\"@id\":\"https:\\\/\\\/shopatoa.com\\\/ro\\\/philips-periuta-de-dinti-electrica-pentru-copii-cu-bluetooth-sonicare-for-kids-hx6322-04\\\/#primaryimage\",\"url\":\"https:\\\/\\\/storage.googleapis.com\\\/cz-shopatoa-img\\\/ro\\\/d8487ff1-unnamed-file.webp\",\"contentUrl\":\"https:\\\/\\\/storage.googleapis.com\\\/cz-shopatoa-img\\\/ro\\\/d8487ff1-unnamed-file.webp\",\"width\":800,\"height\":800},{\"@type\":\"BreadcrumbList\",\"@id\":\"https:\\\/\\\/shopatoa.com\\\/ro\\\/philips-periuta-de-dinti-electrica-pentru-copii-cu-bluetooth-sonicare-for-kids-hx6322-04\\\/#breadcrumb\",\"itemListElement\":[{\"@type\":\"ListItem\",\"position\":1,\"name\":\"Dom\u016f\",\"item\":\"https:\\\/\\\/shopatoa.com\\\/ro\\\/\"},{\"@type\":\"ListItem\",\"position\":2,\"name\":\"Shop\",\"item\":\"https:\\\/\\\/shopatoa.com\\\/ro\\\/shop\\\/\"},{\"@type\":\"ListItem\",\"position\":3,\"name\":\"Cosmetice\",\"item\":\"https:\\\/\\\/shopatoa.com\\\/ro\\\/cosmetice\\\/\"},{\"@type\":\"ListItem\",\"position\":4,\"name\":\"\u00cengrijirea dentar\u0103\",\"item\":\"https:\\\/\\\/shopatoa.com\\\/ro\\\/ingrijirea-dentara\\\/\"},{\"@type\":\"ListItem\",\"position\":5,\"name\":\"Periu\u021be de din\u021bi electrice\",\"item\":\"https:\\\/\\\/shopatoa.com\\\/ro\\\/periute-de-dinti-electrice\\\/\"},{\"@type\":\"ListItem\",\"position\":6,\"name\":\"Philips Periu\u021b\u0103 de din\u021bi electric\u0103 pentru copii cu Bluetooth Sonicare For Kids HX6322\\\/04\"}]},{\"@type\":\"WebSite\",\"@id\":\"https:\\\/\\\/shopatoa.com\\\/ro\\\/#website\",\"url\":\"https:\\\/\\\/shopatoa.com\\\/ro\\\/\",\"name\":\"SHOPATOA\",\"description\":\"\",\"publisher\":{\"@id\":\"https:\\\/\\\/shopatoa.com\\\/ro\\\/#organization\"},\"potentialAction\":[{\"@type\":\"SearchAction\",\"target\":{\"@type\":\"EntryPoint\",\"urlTemplate\":\"https:\\\/\\\/shopatoa.com\\\/ro\\\/?s={search_term_string}\"},\"query-input\":{\"@type\":\"PropertyValueSpecification\",\"valueRequired\":true,\"valueName\":\"search_term_string\"}}],\"inLanguage\":\"ro-RO\"},{\"@type\":\"Organization\",\"@id\":\"https:\\\/\\\/shopatoa.com\\\/ro\\\/#organization\",\"name\":\"SHOPATOA\",\"url\":\"https:\\\/\\\/shopatoa.com\\\/ro\\\/\",\"logo\":{\"@type\":\"ImageObject\",\"inLanguage\":\"ro-RO\",\"@id\":\"https:\\\/\\\/shopatoa.com\\\/ro\\\/#\\\/schema\\\/logo\\\/image\\\/\",\"url\":\"https:\\\/\\\/storage.googleapis.com\\\/cz-shopatoa-img\\\/ro\\\/b4dac915-shopatoa_logo.png\",\"contentUrl\":\"https:\\\/\\\/storage.googleapis.com\\\/cz-shopatoa-img\\\/ro\\\/b4dac915-shopatoa_logo.png\",\"width\":416,\"height\":63,\"caption\":\"SHOPATOA\"},\"image\":{\"@id\":\"https:\\\/\\\/shopatoa.com\\\/ro\\\/#\\\/schema\\\/logo\\\/image\\\/\"}}]}<\/script>\n<!-- \/ Yoast SEO plugin. -->","yoast_head_json":{"title":"Philips Periu\u021b\u0103 de din\u021bi electric\u0103 pentru copii cu Bluetooth Sonicare For Kids HX6322\/04 - SHOPATOA.COM","robots":{"index":"index","follow":"follow","max-snippet":"max-snippet:-1","max-image-preview":"max-image-preview:large","max-video-preview":"max-video-preview:-1"},"canonical":"https:\/\/shopatoa.com\/ro\/philips-periuta-de-dinti-electrica-pentru-copii-cu-bluetooth-sonicare-for-kids-hx6322-04\/","og_locale":"ro_RO","og_type":"article","og_title":"Philips Periu\u021b\u0103 de din\u021bi electric\u0103 pentru copii cu Bluetooth Sonicare For Kids HX6322\/04 - SHOPATOA.COM","og_description":"Sonic periuta de dinti electrica pentru copii cu Bluetooh Sonicare For Kids HX6322 \/ 04 \u00eenve\u021ba copiii \u00eentr-un mod unic cum s\u0103 se spele corect pe dinti. Aplica\u021bia se sincronizeaz\u0103 cu periu\u021ba de din\u021bi prin Bluetooh, prezint\u0103 tehnici de cur\u0103\u021bare corespunz\u0103toare \u0219i v\u0103 permite s\u0103 monitoriza\u021bi performan\u021ba. Copiii v\u0103d c\u00e2t de bine \u00ee\u0219i cur\u0103\u021b\u0103 din\u021bii...","og_url":"https:\/\/shopatoa.com\/ro\/philips-periuta-de-dinti-electrica-pentru-copii-cu-bluetooth-sonicare-for-kids-hx6322-04\/","og_site_name":"SHOPATOA","article_modified_time":"2025-12-15T05:53:14+00:00","og_image":[{"width":800,"height":800,"url":"https:\/\/storage.googleapis.com\/cz-shopatoa-img\/ro\/d8487ff1-unnamed-file.webp","type":"image\/webp"}],"twitter_card":"summary_large_image","twitter_misc":{"Timp estimat pentru citire":"1 minut"},"schema":{"@context":"https:\/\/schema.org","@graph":[{"@type":"WebPage","@id":"https:\/\/shopatoa.com\/ro\/philips-periuta-de-dinti-electrica-pentru-copii-cu-bluetooth-sonicare-for-kids-hx6322-04\/","url":"https:\/\/shopatoa.com\/ro\/philips-periuta-de-dinti-electrica-pentru-copii-cu-bluetooth-sonicare-for-kids-hx6322-04\/","name":"Philips Periu\u021b\u0103 de din\u021bi electric\u0103 pentru copii cu Bluetooth Sonicare For Kids HX6322\/04 - SHOPATOA.COM","isPartOf":{"@id":"https:\/\/shopatoa.com\/ro\/#website"},"primaryImageOfPage":{"@id":"https:\/\/shopatoa.com\/ro\/philips-periuta-de-dinti-electrica-pentru-copii-cu-bluetooth-sonicare-for-kids-hx6322-04\/#primaryimage"},"image":{"@id":"https:\/\/shopatoa.com\/ro\/philips-periuta-de-dinti-electrica-pentru-copii-cu-bluetooth-sonicare-for-kids-hx6322-04\/#primaryimage"},"thumbnailUrl":"https:\/\/storage.googleapis.com\/cz-shopatoa-img\/ro\/d8487ff1-unnamed-file.webp","datePublished":"2025-04-29T22:40:44+00:00","dateModified":"2025-12-15T05:53:14+00:00","breadcrumb":{"@id":"https:\/\/shopatoa.com\/ro\/philips-periuta-de-dinti-electrica-pentru-copii-cu-bluetooth-sonicare-for-kids-hx6322-04\/#breadcrumb"},"inLanguage":"ro-RO","potentialAction":[{"@type":"ReadAction","target":["https:\/\/shopatoa.com\/ro\/philips-periuta-de-dinti-electrica-pentru-copii-cu-bluetooth-sonicare-for-kids-hx6322-04\/"]}]},{"@type":"ImageObject","inLanguage":"ro-RO","@id":"https:\/\/shopatoa.com\/ro\/philips-periuta-de-dinti-electrica-pentru-copii-cu-bluetooth-sonicare-for-kids-hx6322-04\/#primaryimage","url":"https:\/\/storage.googleapis.com\/cz-shopatoa-img\/ro\/d8487ff1-unnamed-file.webp","contentUrl":"https:\/\/storage.googleapis.com\/cz-shopatoa-img\/ro\/d8487ff1-unnamed-file.webp","width":800,"height":800},{"@type":"BreadcrumbList","@id":"https:\/\/shopatoa.com\/ro\/philips-periuta-de-dinti-electrica-pentru-copii-cu-bluetooth-sonicare-for-kids-hx6322-04\/#breadcrumb","itemListElement":[{"@type":"ListItem","position":1,"name":"Dom\u016f","item":"https:\/\/shopatoa.com\/ro\/"},{"@type":"ListItem","position":2,"name":"Shop","item":"https:\/\/shopatoa.com\/ro\/shop\/"},{"@type":"ListItem","position":3,"name":"Cosmetice","item":"https:\/\/shopatoa.com\/ro\/cosmetice\/"},{"@type":"ListItem","position":4,"name":"\u00cengrijirea dentar\u0103","item":"https:\/\/shopatoa.com\/ro\/ingrijirea-dentara\/"},{"@type":"ListItem","position":5,"name":"Periu\u021be de din\u021bi electrice","item":"https:\/\/shopatoa.com\/ro\/periute-de-dinti-electrice\/"},{"@type":"ListItem","position":6,"name":"Philips Periu\u021b\u0103 de din\u021bi electric\u0103 pentru copii cu Bluetooth Sonicare For Kids HX6322\/04"}]},{"@type":"WebSite","@id":"https:\/\/shopatoa.com\/ro\/#website","url":"https:\/\/shopatoa.com\/ro\/","name":"SHOPATOA","description":"","publisher":{"@id":"https:\/\/shopatoa.com\/ro\/#organization"},"potentialAction":[{"@type":"SearchAction","target":{"@type":"EntryPoint","urlTemplate":"https:\/\/shopatoa.com\/ro\/?s={search_term_string}"},"query-input":{"@type":"PropertyValueSpecification","valueRequired":true,"valueName":"search_term_string"}}],"inLanguage":"ro-RO"},{"@type":"Organization","@id":"https:\/\/shopatoa.com\/ro\/#organization","name":"SHOPATOA","url":"https:\/\/shopatoa.com\/ro\/","logo":{"@type":"ImageObject","inLanguage":"ro-RO","@id":"https:\/\/shopatoa.com\/ro\/#\/schema\/logo\/image\/","url":"https:\/\/storage.googleapis.com\/cz-shopatoa-img\/ro\/b4dac915-shopatoa_logo.png","contentUrl":"https:\/\/storage.googleapis.com\/cz-shopatoa-img\/ro\/b4dac915-shopatoa_logo.png","width":416,"height":63,"caption":"SHOPATOA"},"image":{"@id":"https:\/\/shopatoa.com\/ro\/#\/schema\/logo\/image\/"}}]}},"_links":{"self":[{"href":"https:\/\/shopatoa.com\/ro\/wp-json\/wp\/v2\/product\/275396","targetHints":{"allow":["GET"]}}],"collection":[{"href":"https:\/\/shopatoa.com\/ro\/wp-json\/wp\/v2\/product"}],"about":[{"href":"https:\/\/shopatoa.com\/ro\/wp-json\/wp\/v2\/types\/product"}],"replies":[{"embeddable":true,"href":"https:\/\/shopatoa.com\/ro\/wp-json\/wp\/v2\/comments?post=275396"}],"wp:featuredmedia":[{"embeddable":true,"href":"https:\/\/shopatoa.com\/ro\/wp-json\/wp\/v2\/media\/275397"}],"wp:attachment":[{"href":"https:\/\/shopatoa.com\/ro\/wp-json\/wp\/v2\/media?parent=275396"}],"wp:term":[{"taxonomy":"product_brand","embeddable":true,"href":"https:\/\/shopatoa.com\/ro\/wp-json\/wp\/v2\/product_brand?post=275396"},{"taxonomy":"product_cat","embeddable":true,"href":"https:\/\/shopatoa.com\/ro\/wp-json\/wp\/v2\/product_cat?post=275396"},{"taxonomy":"product_tag","embeddable":true,"href":"https:\/\/shopatoa.com\/ro\/wp-json\/wp\/v2\/product_tag?post=275396"}],"curies":[{"name":"wp","href":"https:\/\/api.w.org\/{rel}","templated":true}]}}